{"id":88791,"date":"2025-11-26T17:53:53","date_gmt":"2025-11-26T16:53:53","guid":{"rendered":"https:\/\/nordicpadel.com\/sv\/product\/adidas-club-7-tum-shorts\/"},"modified":"2025-12-02T07:38:57","modified_gmt":"2025-12-02T06:38:57","slug":"adidas-club-7-tum-shorts","status":"publish","type":"product","link":"https:\/\/nordicpadel.com\/sv\/product\/adidas-club-7-tum-shorts\/","title":{"rendered":"Adidas Club 7 tum Shorts"},"content":{"rendered":"<p>K\u00f6p vita Adidasshorts med bollfickor anpassade f\u00f6r tennis och padel. Shortsen har tv\u00e5 sidofickor d\u00e4r du enkelt kan f\u00f6rvara flera bollar. Shortsen \u00e4r tillverkade med aeroready teknologi vilket inneb\u00e4r att fukt absorberas bort kvickt. Elastiskt midjeband med inv\u00e4ndig dragsko f\u00f6r b\u00e4sta passform. <\/p>\n<ul>\n<li>Normal passform<\/li>\n<li>Material: 100% \u00e5tervunnen polyester<\/li>\n<li>Elastiskt tyg<\/li>\n<li>Primegreen<\/li>\n<li>F\u00e4rg: Vit<\/li>\n<\/ul>\n","protected":false},"excerpt":{"rendered":"<p>K\u00f6p vita Adidasshorts med bollfickor anpassade f\u00f6r tennis och padel. Shortsen har tv\u00e5 sidofickor d\u00e4r du enkelt kan f\u00f6rvara flera bollar. Shortsen \u00e4r tillverkade med aeroready teknologi vilket inneb\u00e4r att fukt absorberas bort kvickt. Elastiskt midjeband med inv\u00e4ndig dragsko f\u00f6r b\u00e4sta passform. Normal passform Material: 100% \u00e5tervunnen polyester Elastiskt tyg Primegreen F\u00e4rg: Vit<\/p>\n","protected":false},"featured_media":88790,"comment_status":"open","ping_status":"closed","template":"","meta":[],"pwb-brand":[],"product_cat":[458,40],"product_tag":[],"woo-feed-brand":[],"class_list":{"0":"post-88791","1":"product","2":"type-product","3":"status-publish","4":"has-post-thumbnail","6":"product_cat-adidas","7":"product_cat-padelklader-herr","8":"pa_varumarke-adidas","10":"first","11":"instock","12":"taxable","13":"shipping-taxable","14":"purchasable","15":"product-type-variable"},"bundled_by":[],"bundle_stock_status":"instock","bundle_stock_quantity":1,"bundle_virtual":false,"bundle_layout":"","bundle_add_to_cart_form_location":"","bundle_editable_in_cart":false,"bundle_sold_individually_context":"","bundle_item_grouping":"","bundle_min_size":"","bundle_max_size":"","bundled_items":[],"bundle_sell_ids":[],"acf":[],"yoast_head":"<!-- This site is optimized with the Yoast SEO plugin v23.1 - https:\/\/yoast.com\/wordpress\/plugins\/seo\/ -->\n<title>Adidas Club 7 tum Shorts - Nordic Padel<\/title>\n<meta name=\"robots\" content=\"index, follow, max-snippet:-1, max-image-preview:large, max-video-preview:-1\" \/>\n<link rel=\"canonical\" href=\"https:\/\/nordicpadel.com\/sv\/product\/adidas-club-7-tum-shorts\/\" \/>\n<meta property=\"og:locale\" content=\"sv_SE\" \/>\n<meta property=\"og:type\" content=\"article\" \/>\n<meta property=\"og:title\" content=\"Adidas Club 7 tum Shorts - Nordic Padel\" \/>\n<meta property=\"og:description\" content=\"K\u00f6p vita Adidasshorts med bollfickor anpassade f\u00f6r tennis och padel. Shortsen har tv\u00e5 sidofickor d\u00e4r du enkelt kan f\u00f6rvara flera bollar. Shortsen \u00e4r tillverkade med aeroready teknologi vilket inneb\u00e4r att fukt absorberas bort kvickt. Elastiskt midjeband med inv\u00e4ndig dragsko f\u00f6r b\u00e4sta passform. Normal passform Material: 100% \u00e5tervunnen polyester Elastiskt tyg Primegreen F\u00e4rg: Vit\" \/>\n<meta property=\"og:url\" content=\"https:\/\/nordicpadel.com\/sv\/product\/adidas-club-7-tum-shorts\/\" \/>\n<meta property=\"og:site_name\" content=\"Nordic Padel\" \/>\n<meta property=\"article:modified_time\" content=\"2025-12-02T06:38:57+00:00\" \/>\n<meta name=\"twitter:card\" content=\"summary_large_image\" \/>\n<script type=\"application\/ld+json\" class=\"yoast-schema-graph\">{\"@context\":\"https:\/\/schema.org\",\"@graph\":[{\"@type\":\"WebPage\",\"@id\":\"https:\/\/nordicpadel.com\/sv\/product\/adidas-club-7-tum-shorts\/\",\"url\":\"https:\/\/nordicpadel.com\/sv\/product\/adidas-club-7-tum-shorts\/\",\"name\":\"Adidas Club 7 tum Shorts - Nordic Padel\",\"isPartOf\":{\"@id\":\"https:\/\/nordicpadel.com\/sv\/#website\"},\"primaryImageOfPage\":{\"@id\":\"https:\/\/nordicpadel.com\/sv\/product\/adidas-club-7-tum-shorts\/#primaryimage\"},\"image\":{\"@id\":\"https:\/\/nordicpadel.com\/sv\/product\/adidas-club-7-tum-shorts\/#primaryimage\"},\"thumbnailUrl\":\"https:\/\/nordicpadel.com\/sv\/wp-content\/uploads\/sites\/10\/2025\/11\/5f5cc00a971fa24df87d827a0b3ada5e.png\",\"datePublished\":\"2025-11-26T16:53:53+00:00\",\"dateModified\":\"2025-12-02T06:38:57+00:00\",\"breadcrumb\":{\"@id\":\"https:\/\/nordicpadel.com\/sv\/product\/adidas-club-7-tum-shorts\/#breadcrumb\"},\"inLanguage\":\"sv-SE\",\"potentialAction\":[{\"@type\":\"ReadAction\",\"target\":[\"https:\/\/nordicpadel.com\/sv\/product\/adidas-club-7-tum-shorts\/\"]}]},{\"@type\":\"ImageObject\",\"inLanguage\":\"sv-SE\",\"@id\":\"https:\/\/nordicpadel.com\/sv\/product\/adidas-club-7-tum-shorts\/#primaryimage\",\"url\":\"https:\/\/nordicpadel.com\/sv\/wp-content\/uploads\/sites\/10\/2025\/11\/5f5cc00a971fa24df87d827a0b3ada5e.png\",\"contentUrl\":\"https:\/\/nordicpadel.com\/sv\/wp-content\/uploads\/sites\/10\/2025\/11\/5f5cc00a971fa24df87d827a0b3ada5e.png\",\"width\":800,\"height\":800,\"caption\":\"Adidas Club 7 tum Shorts\"},{\"@type\":\"BreadcrumbList\",\"@id\":\"https:\/\/nordicpadel.com\/sv\/product\/adidas-club-7-tum-shorts\/#breadcrumb\",\"itemListElement\":[{\"@type\":\"ListItem\",\"position\":1,\"name\":\"Hem\",\"item\":\"https:\/\/nordicpadel.com\/sv\/\"},{\"@type\":\"ListItem\",\"position\":2,\"name\":\"Shop\",\"item\":\"https:\/\/nordicpadel.com\/sv\/shop\/\"},{\"@type\":\"ListItem\",\"position\":3,\"name\":\"Adidas Club 7 tum Shorts\"}]},{\"@type\":\"WebSite\",\"@id\":\"https:\/\/nordicpadel.com\/sv\/#website\",\"url\":\"https:\/\/nordicpadel.com\/sv\/\",\"name\":\"Nordic Padel\",\"description\":\"\",\"publisher\":{\"@id\":\"https:\/\/nordicpadel.com\/sv\/#organization\"},\"potentialAction\":[{\"@type\":\"SearchAction\",\"target\":{\"@type\":\"EntryPoint\",\"urlTemplate\":\"https:\/\/nordicpadel.com\/sv\/?s={search_term_string}\"},\"query-input\":\"required name=search_term_string\"}],\"inLanguage\":\"sv-SE\"},{\"@type\":\"Organization\",\"@id\":\"https:\/\/nordicpadel.com\/sv\/#organization\",\"name\":\"Nordic Padel\",\"url\":\"https:\/\/nordicpadel.com\/sv\/\",\"logo\":{\"@type\":\"ImageObject\",\"inLanguage\":\"sv-SE\",\"@id\":\"https:\/\/nordicpadel.com\/sv\/#\/schema\/logo\/image\/\",\"url\":\"https:\/\/nordicpadel.com\/sv\/wp-content\/uploads\/sites\/10\/2022\/12\/Nordic-Padel-small_1-1.png\",\"contentUrl\":\"https:\/\/nordicpadel.com\/sv\/wp-content\/uploads\/sites\/10\/2022\/12\/Nordic-Padel-small_1-1.png\",\"width\":400,\"height\":119,\"caption\":\"Nordic Padel\"},\"image\":{\"@id\":\"https:\/\/nordicpadel.com\/sv\/#\/schema\/logo\/image\/\"}}]}<\/script>\n<!-- \/ Yoast SEO plugin. -->","yoast_head_json":{"title":"Adidas Club 7 tum Shorts - Nordic Padel","robots":{"index":"index","follow":"follow","max-snippet":"max-snippet:-1","max-image-preview":"max-image-preview:large","max-video-preview":"max-video-preview:-1"},"canonical":"https:\/\/nordicpadel.com\/sv\/product\/adidas-club-7-tum-shorts\/","og_locale":"sv_SE","og_type":"article","og_title":"Adidas Club 7 tum Shorts - Nordic Padel","og_description":"K\u00f6p vita Adidasshorts med bollfickor anpassade f\u00f6r tennis och padel. Shortsen har tv\u00e5 sidofickor d\u00e4r du enkelt kan f\u00f6rvara flera bollar. Shortsen \u00e4r tillverkade med aeroready teknologi vilket inneb\u00e4r att fukt absorberas bort kvickt. Elastiskt midjeband med inv\u00e4ndig dragsko f\u00f6r b\u00e4sta passform. Normal passform Material: 100% \u00e5tervunnen polyester Elastiskt tyg Primegreen F\u00e4rg: Vit","og_url":"https:\/\/nordicpadel.com\/sv\/product\/adidas-club-7-tum-shorts\/","og_site_name":"Nordic Padel","article_modified_time":"2025-12-02T06:38:57+00:00","twitter_card":"summary_large_image","schema":{"@context":"https:\/\/schema.org","@graph":[{"@type":"WebPage","@id":"https:\/\/nordicpadel.com\/sv\/product\/adidas-club-7-tum-shorts\/","url":"https:\/\/nordicpadel.com\/sv\/product\/adidas-club-7-tum-shorts\/","name":"Adidas Club 7 tum Shorts - Nordic Padel","isPartOf":{"@id":"https:\/\/nordicpadel.com\/sv\/#website"},"primaryImageOfPage":{"@id":"https:\/\/nordicpadel.com\/sv\/product\/adidas-club-7-tum-shorts\/#primaryimage"},"image":{"@id":"https:\/\/nordicpadel.com\/sv\/product\/adidas-club-7-tum-shorts\/#primaryimage"},"thumbnailUrl":"https:\/\/nordicpadel.com\/sv\/wp-content\/uploads\/sites\/10\/2025\/11\/5f5cc00a971fa24df87d827a0b3ada5e.png","datePublished":"2025-11-26T16:53:53+00:00","dateModified":"2025-12-02T06:38:57+00:00","breadcrumb":{"@id":"https:\/\/nordicpadel.com\/sv\/product\/adidas-club-7-tum-shorts\/#breadcrumb"},"inLanguage":"sv-SE","potentialAction":[{"@type":"ReadAction","target":["https:\/\/nordicpadel.com\/sv\/product\/adidas-club-7-tum-shorts\/"]}]},{"@type":"ImageObject","inLanguage":"sv-SE","@id":"https:\/\/nordicpadel.com\/sv\/product\/adidas-club-7-tum-shorts\/#primaryimage","url":"https:\/\/nordicpadel.com\/sv\/wp-content\/uploads\/sites\/10\/2025\/11\/5f5cc00a971fa24df87d827a0b3ada5e.png","contentUrl":"https:\/\/nordicpadel.com\/sv\/wp-content\/uploads\/sites\/10\/2025\/11\/5f5cc00a971fa24df87d827a0b3ada5e.png","width":800,"height":800,"caption":"Adidas Club 7 tum Shorts"},{"@type":"BreadcrumbList","@id":"https:\/\/nordicpadel.com\/sv\/product\/adidas-club-7-tum-shorts\/#breadcrumb","itemListElement":[{"@type":"ListItem","position":1,"name":"Hem","item":"https:\/\/nordicpadel.com\/sv\/"},{"@type":"ListItem","position":2,"name":"Shop","item":"https:\/\/nordicpadel.com\/sv\/shop\/"},{"@type":"ListItem","position":3,"name":"Adidas Club 7 tum Shorts"}]},{"@type":"WebSite","@id":"https:\/\/nordicpadel.com\/sv\/#website","url":"https:\/\/nordicpadel.com\/sv\/","name":"Nordic Padel","description":"","publisher":{"@id":"https:\/\/nordicpadel.com\/sv\/#organization"},"potentialAction":[{"@type":"SearchAction","target":{"@type":"EntryPoint","urlTemplate":"https:\/\/nordicpadel.com\/sv\/?s={search_term_string}"},"query-input":"required name=search_term_string"}],"inLanguage":"sv-SE"},{"@type":"Organization","@id":"https:\/\/nordicpadel.com\/sv\/#organization","name":"Nordic Padel","url":"https:\/\/nordicpadel.com\/sv\/","logo":{"@type":"ImageObject","inLanguage":"sv-SE","@id":"https:\/\/nordicpadel.com\/sv\/#\/schema\/logo\/image\/","url":"https:\/\/nordicpadel.com\/sv\/wp-content\/uploads\/sites\/10\/2022\/12\/Nordic-Padel-small_1-1.png","contentUrl":"https:\/\/nordicpadel.com\/sv\/wp-content\/uploads\/sites\/10\/2022\/12\/Nordic-Padel-small_1-1.png","width":400,"height":119,"caption":"Nordic Padel"},"image":{"@id":"https:\/\/nordicpadel.com\/sv\/#\/schema\/logo\/image\/"}}]}},"brands":[],"_links":{"self":[{"href":"https:\/\/nordicpadel.com\/sv\/wp-json\/wp\/v2\/product\/88791","targetHints":{"allow":["GET"]}}],"collection":[{"href":"https:\/\/nordicpadel.com\/sv\/wp-json\/wp\/v2\/product"}],"about":[{"href":"https:\/\/nordicpadel.com\/sv\/wp-json\/wp\/v2\/types\/product"}],"replies":[{"embeddable":true,"href":"https:\/\/nordicpadel.com\/sv\/wp-json\/wp\/v2\/comments?post=88791"}],"wp:featuredmedia":[{"embeddable":true,"href":"https:\/\/nordicpadel.com\/sv\/wp-json\/wp\/v2\/media\/88790"}],"wp:attachment":[{"href":"https:\/\/nordicpadel.com\/sv\/wp-json\/wp\/v2\/media?parent=88791"}],"wp:term":[{"taxonomy":"pwb-brand","embeddable":true,"href":"https:\/\/nordicpadel.com\/sv\/wp-json\/wp\/v2\/pwb-brand?post=88791"},{"taxonomy":"product_cat","embeddable":true,"href":"https:\/\/nordicpadel.com\/sv\/wp-json\/wp\/v2\/product_cat?post=88791"},{"taxonomy":"product_tag","embeddable":true,"href":"https:\/\/nordicpadel.com\/sv\/wp-json\/wp\/v2\/product_tag?post=88791"},{"taxonomy":"woo-feed-brand","embeddable":true,"href":"https:\/\/nordicpadel.com\/sv\/wp-json\/wp\/v2\/woo-feed-brand?post=88791"}],"curies":[{"name":"wp","href":"https:\/\/api.w.org\/{rel}","templated":true}]}}