{"id":88782,"date":"2025-11-26T17:52:16","date_gmt":"2025-11-26T16:52:16","guid":{"rendered":"https:\/\/nordicpadel.com\/sv\/product\/youpadel-overgrip-3-pack-6\/"},"modified":"2026-02-02T22:03:34","modified_gmt":"2026-02-02T21:03:34","slug":"youpadel-overgrip-3-pack-6","status":"publish","type":"product","link":"https:\/\/nordicpadel.com\/sv\/product\/youpadel-overgrip-3-pack-6\/","title":{"rendered":"YouPadel Overgrip 3-pack"},"content":{"rendered":"<p>K\u00f6p Youpadels popul\u00e4ra grepplindor i 3-pack. Youpadel har verkligen lyckats med sina lindor och finns i stort sett \u00f6ver hela Sverige i massor utav padelhallar. Grepplindan har en klibbig k\u00e4nsla som ger dig riktigt bra grepp n\u00e4r du beh\u00f6ver det. Levereras i 3-pack. F\u00e4rg: Svart<\/p>\n","protected":false},"excerpt":{"rendered":"<p>K\u00f6p Youpadels popul\u00e4ra grepplindor i 3-pack. Youpadel har verkligen lyckats med sina lindor och finns i stort sett \u00f6ver hela Sverige i massor utav padelhallar. Grepplindan har en klibbig k\u00e4nsla som ger dig riktigt bra grepp n\u00e4r du beh\u00f6ver det. Levereras i 3-pack. F\u00e4rg: Svart<\/p>\n","protected":false},"featured_media":88781,"comment_status":"open","ping_status":"closed","template":"","meta":[],"pwb-brand":[],"product_cat":[43],"product_tag":[],"woo-feed-brand":[],"class_list":{"0":"post-88782","1":"product","2":"type-product","3":"status-publish","4":"has-post-thumbnail","6":"product_cat-grepplindor","7":"pa_varumarke-youpadel","9":"first","10":"instock","11":"taxable","12":"shipping-taxable","13":"purchasable","14":"product-type-simple"},"bundled_by":[],"bundle_stock_status":"instock","bundle_stock_quantity":59,"bundle_virtual":false,"bundle_layout":"","bundle_add_to_cart_form_location":"","bundle_editable_in_cart":false,"bundle_sold_individually_context":"","bundle_item_grouping":"","bundle_min_size":"","bundle_max_size":"","bundled_items":[],"bundle_sell_ids":[],"acf":[],"yoast_head":"<!-- This site is optimized with the Yoast SEO plugin v23.1 - https:\/\/yoast.com\/wordpress\/plugins\/seo\/ -->\n<title>YouPadel Overgrip 3-pack - Nordic Padel<\/title>\n<meta name=\"robots\" content=\"index, follow, max-snippet:-1, max-image-preview:large, max-video-preview:-1\" \/>\n<link rel=\"canonical\" href=\"https:\/\/nordicpadel.com\/sv\/product\/youpadel-overgrip-3-pack-6\/\" \/>\n<meta property=\"og:locale\" content=\"sv_SE\" \/>\n<meta property=\"og:type\" content=\"article\" \/>\n<meta property=\"og:title\" content=\"YouPadel Overgrip 3-pack - Nordic Padel\" \/>\n<meta property=\"og:description\" content=\"K\u00f6p Youpadels popul\u00e4ra grepplindor i 3-pack. Youpadel har verkligen lyckats med sina lindor och finns i stort sett \u00f6ver hela Sverige i massor utav padelhallar. Grepplindan har en klibbig k\u00e4nsla som ger dig riktigt bra grepp n\u00e4r du beh\u00f6ver det. Levereras i 3-pack. F\u00e4rg: Svart\" \/>\n<meta property=\"og:url\" content=\"https:\/\/nordicpadel.com\/sv\/product\/youpadel-overgrip-3-pack-6\/\" \/>\n<meta property=\"og:site_name\" content=\"Nordic Padel\" \/>\n<meta property=\"article:modified_time\" content=\"2026-02-02T21:03:34+00:00\" \/>\n<meta name=\"twitter:card\" content=\"summary_large_image\" \/>\n<script type=\"application\/ld+json\" class=\"yoast-schema-graph\">{\"@context\":\"https:\/\/schema.org\",\"@graph\":[{\"@type\":\"WebPage\",\"@id\":\"https:\/\/nordicpadel.com\/sv\/product\/youpadel-overgrip-3-pack-6\/\",\"url\":\"https:\/\/nordicpadel.com\/sv\/product\/youpadel-overgrip-3-pack-6\/\",\"name\":\"YouPadel Overgrip 3-pack - Nordic Padel\",\"isPartOf\":{\"@id\":\"https:\/\/nordicpadel.com\/sv\/#website\"},\"primaryImageOfPage\":{\"@id\":\"https:\/\/nordicpadel.com\/sv\/product\/youpadel-overgrip-3-pack-6\/#primaryimage\"},\"image\":{\"@id\":\"https:\/\/nordicpadel.com\/sv\/product\/youpadel-overgrip-3-pack-6\/#primaryimage\"},\"thumbnailUrl\":\"https:\/\/nordicpadel.com\/sv\/wp-content\/uploads\/sites\/10\/2025\/11\/67759f4f919bb35083bc5668fdebfbe1.png\",\"datePublished\":\"2025-11-26T16:52:16+00:00\",\"dateModified\":\"2026-02-02T21:03:34+00:00\",\"breadcrumb\":{\"@id\":\"https:\/\/nordicpadel.com\/sv\/product\/youpadel-overgrip-3-pack-6\/#breadcrumb\"},\"inLanguage\":\"sv-SE\",\"potentialAction\":[{\"@type\":\"ReadAction\",\"target\":[\"https:\/\/nordicpadel.com\/sv\/product\/youpadel-overgrip-3-pack-6\/\"]}]},{\"@type\":\"ImageObject\",\"inLanguage\":\"sv-SE\",\"@id\":\"https:\/\/nordicpadel.com\/sv\/product\/youpadel-overgrip-3-pack-6\/#primaryimage\",\"url\":\"https:\/\/nordicpadel.com\/sv\/wp-content\/uploads\/sites\/10\/2025\/11\/67759f4f919bb35083bc5668fdebfbe1.png\",\"contentUrl\":\"https:\/\/nordicpadel.com\/sv\/wp-content\/uploads\/sites\/10\/2025\/11\/67759f4f919bb35083bc5668fdebfbe1.png\",\"width\":800,\"height\":800,\"caption\":\"YouPadel Overgrip 3-pack\"},{\"@type\":\"BreadcrumbList\",\"@id\":\"https:\/\/nordicpadel.com\/sv\/product\/youpadel-overgrip-3-pack-6\/#breadcrumb\",\"itemListElement\":[{\"@type\":\"ListItem\",\"position\":1,\"name\":\"Hem\",\"item\":\"https:\/\/nordicpadel.com\/sv\/\"},{\"@type\":\"ListItem\",\"position\":2,\"name\":\"Shop\",\"item\":\"https:\/\/nordicpadel.com\/sv\/shop\/\"},{\"@type\":\"ListItem\",\"position\":3,\"name\":\"YouPadel Overgrip 3-pack\"}]},{\"@type\":\"WebSite\",\"@id\":\"https:\/\/nordicpadel.com\/sv\/#website\",\"url\":\"https:\/\/nordicpadel.com\/sv\/\",\"name\":\"Nordic Padel\",\"description\":\"\",\"publisher\":{\"@id\":\"https:\/\/nordicpadel.com\/sv\/#organization\"},\"potentialAction\":[{\"@type\":\"SearchAction\",\"target\":{\"@type\":\"EntryPoint\",\"urlTemplate\":\"https:\/\/nordicpadel.com\/sv\/?s={search_term_string}\"},\"query-input\":\"required name=search_term_string\"}],\"inLanguage\":\"sv-SE\"},{\"@type\":\"Organization\",\"@id\":\"https:\/\/nordicpadel.com\/sv\/#organization\",\"name\":\"Nordic Padel\",\"url\":\"https:\/\/nordicpadel.com\/sv\/\",\"logo\":{\"@type\":\"ImageObject\",\"inLanguage\":\"sv-SE\",\"@id\":\"https:\/\/nordicpadel.com\/sv\/#\/schema\/logo\/image\/\",\"url\":\"https:\/\/nordicpadel.com\/sv\/wp-content\/uploads\/sites\/10\/2022\/12\/Nordic-Padel-small_1-1.png\",\"contentUrl\":\"https:\/\/nordicpadel.com\/sv\/wp-content\/uploads\/sites\/10\/2022\/12\/Nordic-Padel-small_1-1.png\",\"width\":400,\"height\":119,\"caption\":\"Nordic Padel\"},\"image\":{\"@id\":\"https:\/\/nordicpadel.com\/sv\/#\/schema\/logo\/image\/\"}}]}<\/script>\n<!-- \/ Yoast SEO plugin. -->","yoast_head_json":{"title":"YouPadel Overgrip 3-pack - Nordic Padel","robots":{"index":"index","follow":"follow","max-snippet":"max-snippet:-1","max-image-preview":"max-image-preview:large","max-video-preview":"max-video-preview:-1"},"canonical":"https:\/\/nordicpadel.com\/sv\/product\/youpadel-overgrip-3-pack-6\/","og_locale":"sv_SE","og_type":"article","og_title":"YouPadel Overgrip 3-pack - Nordic Padel","og_description":"K\u00f6p Youpadels popul\u00e4ra grepplindor i 3-pack. Youpadel har verkligen lyckats med sina lindor och finns i stort sett \u00f6ver hela Sverige i massor utav padelhallar. Grepplindan har en klibbig k\u00e4nsla som ger dig riktigt bra grepp n\u00e4r du beh\u00f6ver det. Levereras i 3-pack. F\u00e4rg: Svart","og_url":"https:\/\/nordicpadel.com\/sv\/product\/youpadel-overgrip-3-pack-6\/","og_site_name":"Nordic Padel","article_modified_time":"2026-02-02T21:03:34+00:00","twitter_card":"summary_large_image","schema":{"@context":"https:\/\/schema.org","@graph":[{"@type":"WebPage","@id":"https:\/\/nordicpadel.com\/sv\/product\/youpadel-overgrip-3-pack-6\/","url":"https:\/\/nordicpadel.com\/sv\/product\/youpadel-overgrip-3-pack-6\/","name":"YouPadel Overgrip 3-pack - Nordic Padel","isPartOf":{"@id":"https:\/\/nordicpadel.com\/sv\/#website"},"primaryImageOfPage":{"@id":"https:\/\/nordicpadel.com\/sv\/product\/youpadel-overgrip-3-pack-6\/#primaryimage"},"image":{"@id":"https:\/\/nordicpadel.com\/sv\/product\/youpadel-overgrip-3-pack-6\/#primaryimage"},"thumbnailUrl":"https:\/\/nordicpadel.com\/sv\/wp-content\/uploads\/sites\/10\/2025\/11\/67759f4f919bb35083bc5668fdebfbe1.png","datePublished":"2025-11-26T16:52:16+00:00","dateModified":"2026-02-02T21:03:34+00:00","breadcrumb":{"@id":"https:\/\/nordicpadel.com\/sv\/product\/youpadel-overgrip-3-pack-6\/#breadcrumb"},"inLanguage":"sv-SE","potentialAction":[{"@type":"ReadAction","target":["https:\/\/nordicpadel.com\/sv\/product\/youpadel-overgrip-3-pack-6\/"]}]},{"@type":"ImageObject","inLanguage":"sv-SE","@id":"https:\/\/nordicpadel.com\/sv\/product\/youpadel-overgrip-3-pack-6\/#primaryimage","url":"https:\/\/nordicpadel.com\/sv\/wp-content\/uploads\/sites\/10\/2025\/11\/67759f4f919bb35083bc5668fdebfbe1.png","contentUrl":"https:\/\/nordicpadel.com\/sv\/wp-content\/uploads\/sites\/10\/2025\/11\/67759f4f919bb35083bc5668fdebfbe1.png","width":800,"height":800,"caption":"YouPadel Overgrip 3-pack"},{"@type":"BreadcrumbList","@id":"https:\/\/nordicpadel.com\/sv\/product\/youpadel-overgrip-3-pack-6\/#breadcrumb","itemListElement":[{"@type":"ListItem","position":1,"name":"Hem","item":"https:\/\/nordicpadel.com\/sv\/"},{"@type":"ListItem","position":2,"name":"Shop","item":"https:\/\/nordicpadel.com\/sv\/shop\/"},{"@type":"ListItem","position":3,"name":"YouPadel Overgrip 3-pack"}]},{"@type":"WebSite","@id":"https:\/\/nordicpadel.com\/sv\/#website","url":"https:\/\/nordicpadel.com\/sv\/","name":"Nordic Padel","description":"","publisher":{"@id":"https:\/\/nordicpadel.com\/sv\/#organization"},"potentialAction":[{"@type":"SearchAction","target":{"@type":"EntryPoint","urlTemplate":"https:\/\/nordicpadel.com\/sv\/?s={search_term_string}"},"query-input":"required name=search_term_string"}],"inLanguage":"sv-SE"},{"@type":"Organization","@id":"https:\/\/nordicpadel.com\/sv\/#organization","name":"Nordic Padel","url":"https:\/\/nordicpadel.com\/sv\/","logo":{"@type":"ImageObject","inLanguage":"sv-SE","@id":"https:\/\/nordicpadel.com\/sv\/#\/schema\/logo\/image\/","url":"https:\/\/nordicpadel.com\/sv\/wp-content\/uploads\/sites\/10\/2022\/12\/Nordic-Padel-small_1-1.png","contentUrl":"https:\/\/nordicpadel.com\/sv\/wp-content\/uploads\/sites\/10\/2022\/12\/Nordic-Padel-small_1-1.png","width":400,"height":119,"caption":"Nordic Padel"},"image":{"@id":"https:\/\/nordicpadel.com\/sv\/#\/schema\/logo\/image\/"}}]}},"brands":[],"_links":{"self":[{"href":"https:\/\/nordicpadel.com\/sv\/wp-json\/wp\/v2\/product\/88782","targetHints":{"allow":["GET"]}}],"collection":[{"href":"https:\/\/nordicpadel.com\/sv\/wp-json\/wp\/v2\/product"}],"about":[{"href":"https:\/\/nordicpadel.com\/sv\/wp-json\/wp\/v2\/types\/product"}],"replies":[{"embeddable":true,"href":"https:\/\/nordicpadel.com\/sv\/wp-json\/wp\/v2\/comments?post=88782"}],"wp:featuredmedia":[{"embeddable":true,"href":"https:\/\/nordicpadel.com\/sv\/wp-json\/wp\/v2\/media\/88781"}],"wp:attachment":[{"href":"https:\/\/nordicpadel.com\/sv\/wp-json\/wp\/v2\/media?parent=88782"}],"wp:term":[{"taxonomy":"pwb-brand","embeddable":true,"href":"https:\/\/nordicpadel.com\/sv\/wp-json\/wp\/v2\/pwb-brand?post=88782"},{"taxonomy":"product_cat","embeddable":true,"href":"https:\/\/nordicpadel.com\/sv\/wp-json\/wp\/v2\/product_cat?post=88782"},{"taxonomy":"product_tag","embeddable":true,"href":"https:\/\/nordicpadel.com\/sv\/wp-json\/wp\/v2\/product_tag?post=88782"},{"taxonomy":"woo-feed-brand","embeddable":true,"href":"https:\/\/nordicpadel.com\/sv\/wp-json\/wp\/v2\/woo-feed-brand?post=88782"}],"curies":[{"name":"wp","href":"https:\/\/api.w.org\/{rel}","templated":true}]}}