{"id":88703,"date":"2025-11-26T17:49:54","date_gmt":"2025-11-26T16:49:54","guid":{"rendered":"https:\/\/nordicpadel.com\/sv\/product\/noene-antivibration-undergrip\/"},"modified":"2026-03-21T11:03:36","modified_gmt":"2026-03-21T10:03:36","slug":"noene-antivibration-undergrip","status":"publish","type":"product","link":"https:\/\/nordicpadel.com\/sv\/product\/noene-antivibration-undergrip\/","title":{"rendered":"NOENE Antivibration undergrip"},"content":{"rendered":"<p>Unik grepplinda som motverkar skadliga vibrationer med upp till 92% enligt tillverkaren. Grepplindan \u00e4r tunn och har mycket stretch och skall placeras som understa grepplinda. Sedan kan du bygga p\u00e5 med vanliga overgrips tills dess att du tycker racketen har lagom greppstorlek. Detta \u00e4r ett bra alternativ f\u00f6r dig som har problem med ex &#8220;tennisarmb\u00e5ge&#8221;, ont i axlar eller handleden. Kan \u00e4ven anv\u00e4ndas p\u00e5 tennisracketar, men skall d\u00e5 s\u00e4ttas utanp\u00e5 grundlindan och sedan ha ett tunt overgrip utanp\u00e5 &#8220;Noenlindan&#8221;. F\u00e4rg: svart Levereras: 1-pack<\/p>\n","protected":false},"excerpt":{"rendered":"<p>Unik grepplinda som motverkar skadliga vibrationer med upp till 92% enligt tillverkaren. Grepplindan \u00e4r tunn och har mycket stretch och skall placeras som understa grepplinda. Sedan kan du bygga p\u00e5 med vanliga overgrips tills dess att du tycker racketen har lagom greppstorlek. Detta \u00e4r ett bra alternativ f\u00f6r dig som har problem med ex &#8220;tennisarmb\u00e5ge&#8221;, [&hellip;]<\/p>\n","protected":false},"featured_media":88700,"comment_status":"open","ping_status":"closed","template":"","meta":[],"pwb-brand":[],"product_cat":[43],"product_tag":[],"woo-feed-brand":[],"class_list":{"0":"post-88703","1":"product","2":"type-product","3":"status-publish","4":"has-post-thumbnail","6":"product_cat-grepplindor","7":"pa_varumarke-starvie","9":"first","10":"instock","11":"taxable","12":"shipping-taxable","13":"purchasable","14":"product-type-simple"},"bundled_by":[],"bundle_stock_status":"instock","bundle_stock_quantity":3,"bundle_virtual":false,"bundle_layout":"","bundle_add_to_cart_form_location":"","bundle_editable_in_cart":false,"bundle_sold_individually_context":"","bundle_item_grouping":"","bundle_min_size":"","bundle_max_size":"","bundled_items":[],"bundle_sell_ids":[],"acf":[],"yoast_head":"<!-- This site is optimized with the Yoast SEO plugin v23.1 - https:\/\/yoast.com\/wordpress\/plugins\/seo\/ -->\n<title>NOENE Antivibration undergrip - Nordic Padel<\/title>\n<meta name=\"robots\" content=\"index, follow, max-snippet:-1, max-image-preview:large, max-video-preview:-1\" \/>\n<link rel=\"canonical\" href=\"https:\/\/nordicpadel.com\/sv\/product\/noene-antivibration-undergrip\/\" \/>\n<meta property=\"og:locale\" content=\"sv_SE\" \/>\n<meta property=\"og:type\" content=\"article\" \/>\n<meta property=\"og:title\" content=\"NOENE Antivibration undergrip - Nordic Padel\" \/>\n<meta property=\"og:description\" content=\"Unik grepplinda som motverkar skadliga vibrationer med upp till 92% enligt tillverkaren. Grepplindan \u00e4r tunn och har mycket stretch och skall placeras som understa grepplinda. Sedan kan du bygga p\u00e5 med vanliga overgrips tills dess att du tycker racketen har lagom greppstorlek. Detta \u00e4r ett bra alternativ f\u00f6r dig som har problem med ex &#8220;tennisarmb\u00e5ge&#8221;, [&hellip;]\" \/>\n<meta property=\"og:url\" content=\"https:\/\/nordicpadel.com\/sv\/product\/noene-antivibration-undergrip\/\" \/>\n<meta property=\"og:site_name\" content=\"Nordic Padel\" \/>\n<meta property=\"article:modified_time\" content=\"2026-03-21T10:03:36+00:00\" \/>\n<meta property=\"og:image\" content=\"https:\/\/nordicpadel.com\/sv\/wp-content\/uploads\/sites\/10\/2025\/11\/292c1a63e0626275100fc5a54f34752c.png\" \/>\n\t<meta property=\"og:image:width\" content=\"800\" \/>\n\t<meta property=\"og:image:height\" content=\"800\" \/>\n\t<meta property=\"og:image:type\" content=\"image\/png\" \/>\n<meta name=\"twitter:card\" content=\"summary_large_image\" \/>\n<script type=\"application\/ld+json\" class=\"yoast-schema-graph\">{\"@context\":\"https:\/\/schema.org\",\"@graph\":[{\"@type\":\"WebPage\",\"@id\":\"https:\/\/nordicpadel.com\/sv\/product\/noene-antivibration-undergrip\/\",\"url\":\"https:\/\/nordicpadel.com\/sv\/product\/noene-antivibration-undergrip\/\",\"name\":\"NOENE Antivibration undergrip - Nordic Padel\",\"isPartOf\":{\"@id\":\"https:\/\/nordicpadel.com\/sv\/#website\"},\"primaryImageOfPage\":{\"@id\":\"https:\/\/nordicpadel.com\/sv\/product\/noene-antivibration-undergrip\/#primaryimage\"},\"image\":{\"@id\":\"https:\/\/nordicpadel.com\/sv\/product\/noene-antivibration-undergrip\/#primaryimage\"},\"thumbnailUrl\":\"https:\/\/nordicpadel.com\/sv\/wp-content\/uploads\/sites\/10\/2025\/11\/292c1a63e0626275100fc5a54f34752c.png\",\"datePublished\":\"2025-11-26T16:49:54+00:00\",\"dateModified\":\"2026-03-21T10:03:36+00:00\",\"breadcrumb\":{\"@id\":\"https:\/\/nordicpadel.com\/sv\/product\/noene-antivibration-undergrip\/#breadcrumb\"},\"inLanguage\":\"sv-SE\",\"potentialAction\":[{\"@type\":\"ReadAction\",\"target\":[\"https:\/\/nordicpadel.com\/sv\/product\/noene-antivibration-undergrip\/\"]}]},{\"@type\":\"ImageObject\",\"inLanguage\":\"sv-SE\",\"@id\":\"https:\/\/nordicpadel.com\/sv\/product\/noene-antivibration-undergrip\/#primaryimage\",\"url\":\"https:\/\/nordicpadel.com\/sv\/wp-content\/uploads\/sites\/10\/2025\/11\/292c1a63e0626275100fc5a54f34752c.png\",\"contentUrl\":\"https:\/\/nordicpadel.com\/sv\/wp-content\/uploads\/sites\/10\/2025\/11\/292c1a63e0626275100fc5a54f34752c.png\",\"width\":800,\"height\":800,\"caption\":\"NOENE Antivibration undergrip\"},{\"@type\":\"BreadcrumbList\",\"@id\":\"https:\/\/nordicpadel.com\/sv\/product\/noene-antivibration-undergrip\/#breadcrumb\",\"itemListElement\":[{\"@type\":\"ListItem\",\"position\":1,\"name\":\"Hem\",\"item\":\"https:\/\/nordicpadel.com\/sv\/\"},{\"@type\":\"ListItem\",\"position\":2,\"name\":\"Shop\",\"item\":\"https:\/\/nordicpadel.com\/sv\/shop\/\"},{\"@type\":\"ListItem\",\"position\":3,\"name\":\"NOENE Antivibration undergrip\"}]},{\"@type\":\"WebSite\",\"@id\":\"https:\/\/nordicpadel.com\/sv\/#website\",\"url\":\"https:\/\/nordicpadel.com\/sv\/\",\"name\":\"Nordic Padel\",\"description\":\"\",\"publisher\":{\"@id\":\"https:\/\/nordicpadel.com\/sv\/#organization\"},\"potentialAction\":[{\"@type\":\"SearchAction\",\"target\":{\"@type\":\"EntryPoint\",\"urlTemplate\":\"https:\/\/nordicpadel.com\/sv\/?s={search_term_string}\"},\"query-input\":\"required name=search_term_string\"}],\"inLanguage\":\"sv-SE\"},{\"@type\":\"Organization\",\"@id\":\"https:\/\/nordicpadel.com\/sv\/#organization\",\"name\":\"Nordic Padel\",\"url\":\"https:\/\/nordicpadel.com\/sv\/\",\"logo\":{\"@type\":\"ImageObject\",\"inLanguage\":\"sv-SE\",\"@id\":\"https:\/\/nordicpadel.com\/sv\/#\/schema\/logo\/image\/\",\"url\":\"https:\/\/nordicpadel.com\/sv\/wp-content\/uploads\/sites\/10\/2022\/12\/Nordic-Padel-small_1-1.png\",\"contentUrl\":\"https:\/\/nordicpadel.com\/sv\/wp-content\/uploads\/sites\/10\/2022\/12\/Nordic-Padel-small_1-1.png\",\"width\":400,\"height\":119,\"caption\":\"Nordic Padel\"},\"image\":{\"@id\":\"https:\/\/nordicpadel.com\/sv\/#\/schema\/logo\/image\/\"}}]}<\/script>\n<!-- \/ Yoast SEO plugin. -->","yoast_head_json":{"title":"NOENE Antivibration undergrip - Nordic Padel","robots":{"index":"index","follow":"follow","max-snippet":"max-snippet:-1","max-image-preview":"max-image-preview:large","max-video-preview":"max-video-preview:-1"},"canonical":"https:\/\/nordicpadel.com\/sv\/product\/noene-antivibration-undergrip\/","og_locale":"sv_SE","og_type":"article","og_title":"NOENE Antivibration undergrip - Nordic Padel","og_description":"Unik grepplinda som motverkar skadliga vibrationer med upp till 92% enligt tillverkaren. Grepplindan \u00e4r tunn och har mycket stretch och skall placeras som understa grepplinda. Sedan kan du bygga p\u00e5 med vanliga overgrips tills dess att du tycker racketen har lagom greppstorlek. Detta \u00e4r ett bra alternativ f\u00f6r dig som har problem med ex &#8220;tennisarmb\u00e5ge&#8221;, [&hellip;]","og_url":"https:\/\/nordicpadel.com\/sv\/product\/noene-antivibration-undergrip\/","og_site_name":"Nordic Padel","article_modified_time":"2026-03-21T10:03:36+00:00","og_image":[{"width":800,"height":800,"url":"https:\/\/nordicpadel.com\/sv\/wp-content\/uploads\/sites\/10\/2025\/11\/292c1a63e0626275100fc5a54f34752c.png","type":"image\/png"}],"twitter_card":"summary_large_image","schema":{"@context":"https:\/\/schema.org","@graph":[{"@type":"WebPage","@id":"https:\/\/nordicpadel.com\/sv\/product\/noene-antivibration-undergrip\/","url":"https:\/\/nordicpadel.com\/sv\/product\/noene-antivibration-undergrip\/","name":"NOENE Antivibration undergrip - Nordic Padel","isPartOf":{"@id":"https:\/\/nordicpadel.com\/sv\/#website"},"primaryImageOfPage":{"@id":"https:\/\/nordicpadel.com\/sv\/product\/noene-antivibration-undergrip\/#primaryimage"},"image":{"@id":"https:\/\/nordicpadel.com\/sv\/product\/noene-antivibration-undergrip\/#primaryimage"},"thumbnailUrl":"https:\/\/nordicpadel.com\/sv\/wp-content\/uploads\/sites\/10\/2025\/11\/292c1a63e0626275100fc5a54f34752c.png","datePublished":"2025-11-26T16:49:54+00:00","dateModified":"2026-03-21T10:03:36+00:00","breadcrumb":{"@id":"https:\/\/nordicpadel.com\/sv\/product\/noene-antivibration-undergrip\/#breadcrumb"},"inLanguage":"sv-SE","potentialAction":[{"@type":"ReadAction","target":["https:\/\/nordicpadel.com\/sv\/product\/noene-antivibration-undergrip\/"]}]},{"@type":"ImageObject","inLanguage":"sv-SE","@id":"https:\/\/nordicpadel.com\/sv\/product\/noene-antivibration-undergrip\/#primaryimage","url":"https:\/\/nordicpadel.com\/sv\/wp-content\/uploads\/sites\/10\/2025\/11\/292c1a63e0626275100fc5a54f34752c.png","contentUrl":"https:\/\/nordicpadel.com\/sv\/wp-content\/uploads\/sites\/10\/2025\/11\/292c1a63e0626275100fc5a54f34752c.png","width":800,"height":800,"caption":"NOENE Antivibration undergrip"},{"@type":"BreadcrumbList","@id":"https:\/\/nordicpadel.com\/sv\/product\/noene-antivibration-undergrip\/#breadcrumb","itemListElement":[{"@type":"ListItem","position":1,"name":"Hem","item":"https:\/\/nordicpadel.com\/sv\/"},{"@type":"ListItem","position":2,"name":"Shop","item":"https:\/\/nordicpadel.com\/sv\/shop\/"},{"@type":"ListItem","position":3,"name":"NOENE Antivibration undergrip"}]},{"@type":"WebSite","@id":"https:\/\/nordicpadel.com\/sv\/#website","url":"https:\/\/nordicpadel.com\/sv\/","name":"Nordic Padel","description":"","publisher":{"@id":"https:\/\/nordicpadel.com\/sv\/#organization"},"potentialAction":[{"@type":"SearchAction","target":{"@type":"EntryPoint","urlTemplate":"https:\/\/nordicpadel.com\/sv\/?s={search_term_string}"},"query-input":"required name=search_term_string"}],"inLanguage":"sv-SE"},{"@type":"Organization","@id":"https:\/\/nordicpadel.com\/sv\/#organization","name":"Nordic Padel","url":"https:\/\/nordicpadel.com\/sv\/","logo":{"@type":"ImageObject","inLanguage":"sv-SE","@id":"https:\/\/nordicpadel.com\/sv\/#\/schema\/logo\/image\/","url":"https:\/\/nordicpadel.com\/sv\/wp-content\/uploads\/sites\/10\/2022\/12\/Nordic-Padel-small_1-1.png","contentUrl":"https:\/\/nordicpadel.com\/sv\/wp-content\/uploads\/sites\/10\/2022\/12\/Nordic-Padel-small_1-1.png","width":400,"height":119,"caption":"Nordic Padel"},"image":{"@id":"https:\/\/nordicpadel.com\/sv\/#\/schema\/logo\/image\/"}}]}},"brands":[],"_links":{"self":[{"href":"https:\/\/nordicpadel.com\/sv\/wp-json\/wp\/v2\/product\/88703","targetHints":{"allow":["GET"]}}],"collection":[{"href":"https:\/\/nordicpadel.com\/sv\/wp-json\/wp\/v2\/product"}],"about":[{"href":"https:\/\/nordicpadel.com\/sv\/wp-json\/wp\/v2\/types\/product"}],"replies":[{"embeddable":true,"href":"https:\/\/nordicpadel.com\/sv\/wp-json\/wp\/v2\/comments?post=88703"}],"wp:featuredmedia":[{"embeddable":true,"href":"https:\/\/nordicpadel.com\/sv\/wp-json\/wp\/v2\/media\/88700"}],"wp:attachment":[{"href":"https:\/\/nordicpadel.com\/sv\/wp-json\/wp\/v2\/media?parent=88703"}],"wp:term":[{"taxonomy":"pwb-brand","embeddable":true,"href":"https:\/\/nordicpadel.com\/sv\/wp-json\/wp\/v2\/pwb-brand?post=88703"},{"taxonomy":"product_cat","embeddable":true,"href":"https:\/\/nordicpadel.com\/sv\/wp-json\/wp\/v2\/product_cat?post=88703"},{"taxonomy":"product_tag","embeddable":true,"href":"https:\/\/nordicpadel.com\/sv\/wp-json\/wp\/v2\/product_tag?post=88703"},{"taxonomy":"woo-feed-brand","embeddable":true,"href":"https:\/\/nordicpadel.com\/sv\/wp-json\/wp\/v2\/woo-feed-brand?post=88703"}],"curies":[{"name":"wp","href":"https:\/\/api.w.org\/{rel}","templated":true}]}}