{"id":88643,"date":"2025-11-26T17:47:46","date_gmt":"2025-11-26T16:47:46","guid":{"rendered":"https:\/\/nordicpadel.com\/sv\/product\/adidas-wristband-large-2-pack-2\/"},"modified":"2025-11-27T07:51:45","modified_gmt":"2025-11-27T06:51:45","slug":"adidas-wristband-large-2-pack-2","status":"publish","type":"product","link":"https:\/\/nordicpadel.com\/sv\/product\/adidas-wristband-large-2-pack-2\/","title":{"rendered":"Adidas Wristband Large 2-pack"},"content":{"rendered":"<p>K\u00f6p vita l\u00e5nga wristbands fr\u00e5n Adidas. Wristbanden hj\u00e4lper dig att h\u00e5lla fukt borta fr\u00e5n h\u00e4nderna och d\u00e4rmed f\u00e5r du ett b\u00e4ttre grepp p\u00e5 ditt racket. Dessutom \u00e4r det smidigt att ha wristband f\u00f6r att torka bort fukt som kommer i ansiktet n\u00e4r du spelar tennis. Levereras i 2-pack &#8211; det vills s\u00e4ga en f\u00f6rpackning inneh\u00e5ller tv\u00e5 stycken wristbands. F\u00e4rg: vita Storlek: 8.5 X 13 cm<\/p>\n","protected":false},"excerpt":{"rendered":"<p>K\u00f6p vita l\u00e5nga wristbands fr\u00e5n Adidas. Wristbanden hj\u00e4lper dig att h\u00e5lla fukt borta fr\u00e5n h\u00e4nderna och d\u00e4rmed f\u00e5r du ett b\u00e4ttre grepp p\u00e5 ditt racket. Dessutom \u00e4r det smidigt att ha wristband f\u00f6r att torka bort fukt som kommer i ansiktet n\u00e4r du spelar tennis. Levereras i 2-pack &#8211; det vills s\u00e4ga en f\u00f6rpackning inneh\u00e5ller [&hellip;]<\/p>\n","protected":false},"featured_media":88642,"comment_status":"open","ping_status":"closed","template":"","meta":[],"pwb-brand":[],"product_cat":[458],"product_tag":[],"woo-feed-brand":[],"class_list":{"0":"post-88643","1":"product","2":"type-product","3":"status-publish","4":"has-post-thumbnail","6":"product_cat-adidas","7":"pa_varumarke-adidas","9":"first","10":"outofstock","11":"taxable","12":"shipping-taxable","13":"purchasable","14":"product-type-simple"},"bundled_by":[],"bundle_stock_status":"outofstock","bundle_stock_quantity":0,"bundle_virtual":false,"bundle_layout":"","bundle_add_to_cart_form_location":"","bundle_editable_in_cart":false,"bundle_sold_individually_context":"","bundle_item_grouping":"","bundle_min_size":"","bundle_max_size":"","bundled_items":[],"bundle_sell_ids":[],"acf":[],"yoast_head":"<!-- This site is optimized with the Yoast SEO plugin v23.1 - https:\/\/yoast.com\/wordpress\/plugins\/seo\/ -->\n<title>Adidas Wristband Large 2-pack - Nordic Padel<\/title>\n<meta name=\"robots\" content=\"index, follow, max-snippet:-1, max-image-preview:large, max-video-preview:-1\" \/>\n<link rel=\"canonical\" href=\"https:\/\/nordicpadel.com\/sv\/product\/adidas-wristband-large-2-pack-2\/\" \/>\n<meta property=\"og:locale\" content=\"sv_SE\" \/>\n<meta property=\"og:type\" content=\"article\" \/>\n<meta property=\"og:title\" content=\"Adidas Wristband Large 2-pack - Nordic Padel\" \/>\n<meta property=\"og:description\" content=\"K\u00f6p vita l\u00e5nga wristbands fr\u00e5n Adidas. Wristbanden hj\u00e4lper dig att h\u00e5lla fukt borta fr\u00e5n h\u00e4nderna och d\u00e4rmed f\u00e5r du ett b\u00e4ttre grepp p\u00e5 ditt racket. Dessutom \u00e4r det smidigt att ha wristband f\u00f6r att torka bort fukt som kommer i ansiktet n\u00e4r du spelar tennis. Levereras i 2-pack &#8211; det vills s\u00e4ga en f\u00f6rpackning inneh\u00e5ller [&hellip;]\" \/>\n<meta property=\"og:url\" content=\"https:\/\/nordicpadel.com\/sv\/product\/adidas-wristband-large-2-pack-2\/\" \/>\n<meta property=\"og:site_name\" content=\"Nordic Padel\" \/>\n<meta property=\"article:modified_time\" content=\"2025-11-27T06:51:45+00:00\" \/>\n<meta name=\"twitter:card\" content=\"summary_large_image\" \/>\n<script type=\"application\/ld+json\" class=\"yoast-schema-graph\">{\"@context\":\"https:\/\/schema.org\",\"@graph\":[{\"@type\":\"WebPage\",\"@id\":\"https:\/\/nordicpadel.com\/sv\/product\/adidas-wristband-large-2-pack-2\/\",\"url\":\"https:\/\/nordicpadel.com\/sv\/product\/adidas-wristband-large-2-pack-2\/\",\"name\":\"Adidas Wristband Large 2-pack - Nordic Padel\",\"isPartOf\":{\"@id\":\"https:\/\/nordicpadel.com\/sv\/#website\"},\"primaryImageOfPage\":{\"@id\":\"https:\/\/nordicpadel.com\/sv\/product\/adidas-wristband-large-2-pack-2\/#primaryimage\"},\"image\":{\"@id\":\"https:\/\/nordicpadel.com\/sv\/product\/adidas-wristband-large-2-pack-2\/#primaryimage\"},\"thumbnailUrl\":\"https:\/\/nordicpadel.com\/sv\/wp-content\/uploads\/sites\/10\/2025\/11\/9b5b100a36804b1f13c942b93f459a23.png\",\"datePublished\":\"2025-11-26T16:47:46+00:00\",\"dateModified\":\"2025-11-27T06:51:45+00:00\",\"breadcrumb\":{\"@id\":\"https:\/\/nordicpadel.com\/sv\/product\/adidas-wristband-large-2-pack-2\/#breadcrumb\"},\"inLanguage\":\"sv-SE\",\"potentialAction\":[{\"@type\":\"ReadAction\",\"target\":[\"https:\/\/nordicpadel.com\/sv\/product\/adidas-wristband-large-2-pack-2\/\"]}]},{\"@type\":\"ImageObject\",\"inLanguage\":\"sv-SE\",\"@id\":\"https:\/\/nordicpadel.com\/sv\/product\/adidas-wristband-large-2-pack-2\/#primaryimage\",\"url\":\"https:\/\/nordicpadel.com\/sv\/wp-content\/uploads\/sites\/10\/2025\/11\/9b5b100a36804b1f13c942b93f459a23.png\",\"contentUrl\":\"https:\/\/nordicpadel.com\/sv\/wp-content\/uploads\/sites\/10\/2025\/11\/9b5b100a36804b1f13c942b93f459a23.png\",\"width\":800,\"height\":800,\"caption\":\"Adidas Wristband Large 2-pack\"},{\"@type\":\"BreadcrumbList\",\"@id\":\"https:\/\/nordicpadel.com\/sv\/product\/adidas-wristband-large-2-pack-2\/#breadcrumb\",\"itemListElement\":[{\"@type\":\"ListItem\",\"position\":1,\"name\":\"Hem\",\"item\":\"https:\/\/nordicpadel.com\/sv\/\"},{\"@type\":\"ListItem\",\"position\":2,\"name\":\"Shop\",\"item\":\"https:\/\/nordicpadel.com\/sv\/shop\/\"},{\"@type\":\"ListItem\",\"position\":3,\"name\":\"Adidas Wristband Large 2-pack\"}]},{\"@type\":\"WebSite\",\"@id\":\"https:\/\/nordicpadel.com\/sv\/#website\",\"url\":\"https:\/\/nordicpadel.com\/sv\/\",\"name\":\"Nordic Padel\",\"description\":\"\",\"publisher\":{\"@id\":\"https:\/\/nordicpadel.com\/sv\/#organization\"},\"potentialAction\":[{\"@type\":\"SearchAction\",\"target\":{\"@type\":\"EntryPoint\",\"urlTemplate\":\"https:\/\/nordicpadel.com\/sv\/?s={search_term_string}\"},\"query-input\":\"required name=search_term_string\"}],\"inLanguage\":\"sv-SE\"},{\"@type\":\"Organization\",\"@id\":\"https:\/\/nordicpadel.com\/sv\/#organization\",\"name\":\"Nordic Padel\",\"url\":\"https:\/\/nordicpadel.com\/sv\/\",\"logo\":{\"@type\":\"ImageObject\",\"inLanguage\":\"sv-SE\",\"@id\":\"https:\/\/nordicpadel.com\/sv\/#\/schema\/logo\/image\/\",\"url\":\"https:\/\/nordicpadel.com\/sv\/wp-content\/uploads\/sites\/10\/2022\/12\/Nordic-Padel-small_1-1.png\",\"contentUrl\":\"https:\/\/nordicpadel.com\/sv\/wp-content\/uploads\/sites\/10\/2022\/12\/Nordic-Padel-small_1-1.png\",\"width\":400,\"height\":119,\"caption\":\"Nordic Padel\"},\"image\":{\"@id\":\"https:\/\/nordicpadel.com\/sv\/#\/schema\/logo\/image\/\"}}]}<\/script>\n<!-- \/ Yoast SEO plugin. -->","yoast_head_json":{"title":"Adidas Wristband Large 2-pack - Nordic Padel","robots":{"index":"index","follow":"follow","max-snippet":"max-snippet:-1","max-image-preview":"max-image-preview:large","max-video-preview":"max-video-preview:-1"},"canonical":"https:\/\/nordicpadel.com\/sv\/product\/adidas-wristband-large-2-pack-2\/","og_locale":"sv_SE","og_type":"article","og_title":"Adidas Wristband Large 2-pack - Nordic Padel","og_description":"K\u00f6p vita l\u00e5nga wristbands fr\u00e5n Adidas. Wristbanden hj\u00e4lper dig att h\u00e5lla fukt borta fr\u00e5n h\u00e4nderna och d\u00e4rmed f\u00e5r du ett b\u00e4ttre grepp p\u00e5 ditt racket. Dessutom \u00e4r det smidigt att ha wristband f\u00f6r att torka bort fukt som kommer i ansiktet n\u00e4r du spelar tennis. Levereras i 2-pack &#8211; det vills s\u00e4ga en f\u00f6rpackning inneh\u00e5ller [&hellip;]","og_url":"https:\/\/nordicpadel.com\/sv\/product\/adidas-wristband-large-2-pack-2\/","og_site_name":"Nordic Padel","article_modified_time":"2025-11-27T06:51:45+00:00","twitter_card":"summary_large_image","schema":{"@context":"https:\/\/schema.org","@graph":[{"@type":"WebPage","@id":"https:\/\/nordicpadel.com\/sv\/product\/adidas-wristband-large-2-pack-2\/","url":"https:\/\/nordicpadel.com\/sv\/product\/adidas-wristband-large-2-pack-2\/","name":"Adidas Wristband Large 2-pack - Nordic Padel","isPartOf":{"@id":"https:\/\/nordicpadel.com\/sv\/#website"},"primaryImageOfPage":{"@id":"https:\/\/nordicpadel.com\/sv\/product\/adidas-wristband-large-2-pack-2\/#primaryimage"},"image":{"@id":"https:\/\/nordicpadel.com\/sv\/product\/adidas-wristband-large-2-pack-2\/#primaryimage"},"thumbnailUrl":"https:\/\/nordicpadel.com\/sv\/wp-content\/uploads\/sites\/10\/2025\/11\/9b5b100a36804b1f13c942b93f459a23.png","datePublished":"2025-11-26T16:47:46+00:00","dateModified":"2025-11-27T06:51:45+00:00","breadcrumb":{"@id":"https:\/\/nordicpadel.com\/sv\/product\/adidas-wristband-large-2-pack-2\/#breadcrumb"},"inLanguage":"sv-SE","potentialAction":[{"@type":"ReadAction","target":["https:\/\/nordicpadel.com\/sv\/product\/adidas-wristband-large-2-pack-2\/"]}]},{"@type":"ImageObject","inLanguage":"sv-SE","@id":"https:\/\/nordicpadel.com\/sv\/product\/adidas-wristband-large-2-pack-2\/#primaryimage","url":"https:\/\/nordicpadel.com\/sv\/wp-content\/uploads\/sites\/10\/2025\/11\/9b5b100a36804b1f13c942b93f459a23.png","contentUrl":"https:\/\/nordicpadel.com\/sv\/wp-content\/uploads\/sites\/10\/2025\/11\/9b5b100a36804b1f13c942b93f459a23.png","width":800,"height":800,"caption":"Adidas Wristband Large 2-pack"},{"@type":"BreadcrumbList","@id":"https:\/\/nordicpadel.com\/sv\/product\/adidas-wristband-large-2-pack-2\/#breadcrumb","itemListElement":[{"@type":"ListItem","position":1,"name":"Hem","item":"https:\/\/nordicpadel.com\/sv\/"},{"@type":"ListItem","position":2,"name":"Shop","item":"https:\/\/nordicpadel.com\/sv\/shop\/"},{"@type":"ListItem","position":3,"name":"Adidas Wristband Large 2-pack"}]},{"@type":"WebSite","@id":"https:\/\/nordicpadel.com\/sv\/#website","url":"https:\/\/nordicpadel.com\/sv\/","name":"Nordic Padel","description":"","publisher":{"@id":"https:\/\/nordicpadel.com\/sv\/#organization"},"potentialAction":[{"@type":"SearchAction","target":{"@type":"EntryPoint","urlTemplate":"https:\/\/nordicpadel.com\/sv\/?s={search_term_string}"},"query-input":"required name=search_term_string"}],"inLanguage":"sv-SE"},{"@type":"Organization","@id":"https:\/\/nordicpadel.com\/sv\/#organization","name":"Nordic Padel","url":"https:\/\/nordicpadel.com\/sv\/","logo":{"@type":"ImageObject","inLanguage":"sv-SE","@id":"https:\/\/nordicpadel.com\/sv\/#\/schema\/logo\/image\/","url":"https:\/\/nordicpadel.com\/sv\/wp-content\/uploads\/sites\/10\/2022\/12\/Nordic-Padel-small_1-1.png","contentUrl":"https:\/\/nordicpadel.com\/sv\/wp-content\/uploads\/sites\/10\/2022\/12\/Nordic-Padel-small_1-1.png","width":400,"height":119,"caption":"Nordic Padel"},"image":{"@id":"https:\/\/nordicpadel.com\/sv\/#\/schema\/logo\/image\/"}}]}},"brands":[],"_links":{"self":[{"href":"https:\/\/nordicpadel.com\/sv\/wp-json\/wp\/v2\/product\/88643","targetHints":{"allow":["GET"]}}],"collection":[{"href":"https:\/\/nordicpadel.com\/sv\/wp-json\/wp\/v2\/product"}],"about":[{"href":"https:\/\/nordicpadel.com\/sv\/wp-json\/wp\/v2\/types\/product"}],"replies":[{"embeddable":true,"href":"https:\/\/nordicpadel.com\/sv\/wp-json\/wp\/v2\/comments?post=88643"}],"wp:featuredmedia":[{"embeddable":true,"href":"https:\/\/nordicpadel.com\/sv\/wp-json\/wp\/v2\/media\/88642"}],"wp:attachment":[{"href":"https:\/\/nordicpadel.com\/sv\/wp-json\/wp\/v2\/media?parent=88643"}],"wp:term":[{"taxonomy":"pwb-brand","embeddable":true,"href":"https:\/\/nordicpadel.com\/sv\/wp-json\/wp\/v2\/pwb-brand?post=88643"},{"taxonomy":"product_cat","embeddable":true,"href":"https:\/\/nordicpadel.com\/sv\/wp-json\/wp\/v2\/product_cat?post=88643"},{"taxonomy":"product_tag","embeddable":true,"href":"https:\/\/nordicpadel.com\/sv\/wp-json\/wp\/v2\/product_tag?post=88643"},{"taxonomy":"woo-feed-brand","embeddable":true,"href":"https:\/\/nordicpadel.com\/sv\/wp-json\/wp\/v2\/woo-feed-brand?post=88643"}],"curies":[{"name":"wp","href":"https:\/\/api.w.org\/{rel}","templated":true}]}}