{"id":88637,"date":"2025-11-26T17:47:01","date_gmt":"2025-11-26T16:47:01","guid":{"rendered":"https:\/\/nordicpadel.com\/sv\/product\/adidas-wristband-2-pack\/"},"modified":"2026-02-28T23:20:42","modified_gmt":"2026-02-28T22:20:42","slug":"adidas-wristband-2-pack","status":"publish","type":"product","link":"https:\/\/nordicpadel.com\/sv\/product\/adidas-wristband-2-pack\/","title":{"rendered":"Adidas Wristband 2-pack"},"content":{"rendered":"<p>K\u00f6p korta svarta writbands fr\u00e5n Adidas. Wristbanden hj\u00e4lper dig att h\u00e5lla fukt borta fr\u00e5n h\u00e4nderna och d\u00e4rmed f\u00e5r du ett b\u00e4ttre grepp p\u00e5 ditt racket. Dessutom \u00e4r det smidigt att ha wristband f\u00f6r att torka bort fukt som kommer i ansiktet n\u00e4r du spelar tennis. Levereras i 2-pack &#8211; det vills s\u00e4ga en f\u00f6rpackning inneh\u00e5ller tv\u00e5 stycken wristbands. F\u00e4rg: Svart Storlek: 7.5 cm l\u00e5nga<\/p>\n","protected":false},"excerpt":{"rendered":"<p>K\u00f6p korta svarta writbands fr\u00e5n Adidas. Wristbanden hj\u00e4lper dig att h\u00e5lla fukt borta fr\u00e5n h\u00e4nderna och d\u00e4rmed f\u00e5r du ett b\u00e4ttre grepp p\u00e5 ditt racket. Dessutom \u00e4r det smidigt att ha wristband f\u00f6r att torka bort fukt som kommer i ansiktet n\u00e4r du spelar tennis. Levereras i 2-pack &#8211; det vills s\u00e4ga en f\u00f6rpackning inneh\u00e5ller [&hellip;]<\/p>\n","protected":false},"featured_media":88636,"comment_status":"open","ping_status":"closed","template":"","meta":[],"pwb-brand":[],"product_cat":[458],"product_tag":[],"woo-feed-brand":[],"class_list":{"0":"post-88637","1":"product","2":"type-product","3":"status-publish","4":"has-post-thumbnail","6":"product_cat-adidas","7":"pa_varumarke-adidas","9":"first","10":"instock","11":"taxable","12":"shipping-taxable","13":"purchasable","14":"product-type-simple"},"bundled_by":[],"bundle_stock_status":"instock","bundle_stock_quantity":3,"bundle_virtual":false,"bundle_layout":"","bundle_add_to_cart_form_location":"","bundle_editable_in_cart":false,"bundle_sold_individually_context":"","bundle_item_grouping":"","bundle_min_size":"","bundle_max_size":"","bundled_items":[],"bundle_sell_ids":[],"acf":[],"yoast_head":"<!-- This site is optimized with the Yoast SEO plugin v23.1 - https:\/\/yoast.com\/wordpress\/plugins\/seo\/ -->\n<title>Adidas Wristband 2-pack - Nordic Padel<\/title>\n<meta name=\"robots\" content=\"index, follow, max-snippet:-1, max-image-preview:large, max-video-preview:-1\" \/>\n<link rel=\"canonical\" href=\"https:\/\/nordicpadel.com\/sv\/product\/adidas-wristband-2-pack\/\" \/>\n<meta property=\"og:locale\" content=\"sv_SE\" \/>\n<meta property=\"og:type\" content=\"article\" \/>\n<meta property=\"og:title\" content=\"Adidas Wristband 2-pack - Nordic Padel\" \/>\n<meta property=\"og:description\" content=\"K\u00f6p korta svarta writbands fr\u00e5n Adidas. Wristbanden hj\u00e4lper dig att h\u00e5lla fukt borta fr\u00e5n h\u00e4nderna och d\u00e4rmed f\u00e5r du ett b\u00e4ttre grepp p\u00e5 ditt racket. Dessutom \u00e4r det smidigt att ha wristband f\u00f6r att torka bort fukt som kommer i ansiktet n\u00e4r du spelar tennis. Levereras i 2-pack &#8211; det vills s\u00e4ga en f\u00f6rpackning inneh\u00e5ller [&hellip;]\" \/>\n<meta property=\"og:url\" content=\"https:\/\/nordicpadel.com\/sv\/product\/adidas-wristband-2-pack\/\" \/>\n<meta property=\"og:site_name\" content=\"Nordic Padel\" \/>\n<meta property=\"article:modified_time\" content=\"2026-02-28T22:20:42+00:00\" \/>\n<meta name=\"twitter:card\" content=\"summary_large_image\" \/>\n<script type=\"application\/ld+json\" class=\"yoast-schema-graph\">{\"@context\":\"https:\/\/schema.org\",\"@graph\":[{\"@type\":\"WebPage\",\"@id\":\"https:\/\/nordicpadel.com\/sv\/product\/adidas-wristband-2-pack\/\",\"url\":\"https:\/\/nordicpadel.com\/sv\/product\/adidas-wristband-2-pack\/\",\"name\":\"Adidas Wristband 2-pack - Nordic Padel\",\"isPartOf\":{\"@id\":\"https:\/\/nordicpadel.com\/sv\/#website\"},\"primaryImageOfPage\":{\"@id\":\"https:\/\/nordicpadel.com\/sv\/product\/adidas-wristband-2-pack\/#primaryimage\"},\"image\":{\"@id\":\"https:\/\/nordicpadel.com\/sv\/product\/adidas-wristband-2-pack\/#primaryimage\"},\"thumbnailUrl\":\"https:\/\/nordicpadel.com\/sv\/wp-content\/uploads\/sites\/10\/2025\/11\/ad82e31a1d4be12955158ee7e39dffd9.png\",\"datePublished\":\"2025-11-26T16:47:01+00:00\",\"dateModified\":\"2026-02-28T22:20:42+00:00\",\"breadcrumb\":{\"@id\":\"https:\/\/nordicpadel.com\/sv\/product\/adidas-wristband-2-pack\/#breadcrumb\"},\"inLanguage\":\"sv-SE\",\"potentialAction\":[{\"@type\":\"ReadAction\",\"target\":[\"https:\/\/nordicpadel.com\/sv\/product\/adidas-wristband-2-pack\/\"]}]},{\"@type\":\"ImageObject\",\"inLanguage\":\"sv-SE\",\"@id\":\"https:\/\/nordicpadel.com\/sv\/product\/adidas-wristband-2-pack\/#primaryimage\",\"url\":\"https:\/\/nordicpadel.com\/sv\/wp-content\/uploads\/sites\/10\/2025\/11\/ad82e31a1d4be12955158ee7e39dffd9.png\",\"contentUrl\":\"https:\/\/nordicpadel.com\/sv\/wp-content\/uploads\/sites\/10\/2025\/11\/ad82e31a1d4be12955158ee7e39dffd9.png\",\"width\":800,\"height\":800,\"caption\":\"Adidas Wristband 2-pack\"},{\"@type\":\"BreadcrumbList\",\"@id\":\"https:\/\/nordicpadel.com\/sv\/product\/adidas-wristband-2-pack\/#breadcrumb\",\"itemListElement\":[{\"@type\":\"ListItem\",\"position\":1,\"name\":\"Hem\",\"item\":\"https:\/\/nordicpadel.com\/sv\/\"},{\"@type\":\"ListItem\",\"position\":2,\"name\":\"Shop\",\"item\":\"https:\/\/nordicpadel.com\/sv\/shop\/\"},{\"@type\":\"ListItem\",\"position\":3,\"name\":\"Adidas Wristband 2-pack\"}]},{\"@type\":\"WebSite\",\"@id\":\"https:\/\/nordicpadel.com\/sv\/#website\",\"url\":\"https:\/\/nordicpadel.com\/sv\/\",\"name\":\"Nordic Padel\",\"description\":\"\",\"publisher\":{\"@id\":\"https:\/\/nordicpadel.com\/sv\/#organization\"},\"potentialAction\":[{\"@type\":\"SearchAction\",\"target\":{\"@type\":\"EntryPoint\",\"urlTemplate\":\"https:\/\/nordicpadel.com\/sv\/?s={search_term_string}\"},\"query-input\":\"required name=search_term_string\"}],\"inLanguage\":\"sv-SE\"},{\"@type\":\"Organization\",\"@id\":\"https:\/\/nordicpadel.com\/sv\/#organization\",\"name\":\"Nordic Padel\",\"url\":\"https:\/\/nordicpadel.com\/sv\/\",\"logo\":{\"@type\":\"ImageObject\",\"inLanguage\":\"sv-SE\",\"@id\":\"https:\/\/nordicpadel.com\/sv\/#\/schema\/logo\/image\/\",\"url\":\"https:\/\/nordicpadel.com\/sv\/wp-content\/uploads\/sites\/10\/2022\/12\/Nordic-Padel-small_1-1.png\",\"contentUrl\":\"https:\/\/nordicpadel.com\/sv\/wp-content\/uploads\/sites\/10\/2022\/12\/Nordic-Padel-small_1-1.png\",\"width\":400,\"height\":119,\"caption\":\"Nordic Padel\"},\"image\":{\"@id\":\"https:\/\/nordicpadel.com\/sv\/#\/schema\/logo\/image\/\"}}]}<\/script>\n<!-- \/ Yoast SEO plugin. -->","yoast_head_json":{"title":"Adidas Wristband 2-pack - Nordic Padel","robots":{"index":"index","follow":"follow","max-snippet":"max-snippet:-1","max-image-preview":"max-image-preview:large","max-video-preview":"max-video-preview:-1"},"canonical":"https:\/\/nordicpadel.com\/sv\/product\/adidas-wristband-2-pack\/","og_locale":"sv_SE","og_type":"article","og_title":"Adidas Wristband 2-pack - Nordic Padel","og_description":"K\u00f6p korta svarta writbands fr\u00e5n Adidas. Wristbanden hj\u00e4lper dig att h\u00e5lla fukt borta fr\u00e5n h\u00e4nderna och d\u00e4rmed f\u00e5r du ett b\u00e4ttre grepp p\u00e5 ditt racket. Dessutom \u00e4r det smidigt att ha wristband f\u00f6r att torka bort fukt som kommer i ansiktet n\u00e4r du spelar tennis. Levereras i 2-pack &#8211; det vills s\u00e4ga en f\u00f6rpackning inneh\u00e5ller [&hellip;]","og_url":"https:\/\/nordicpadel.com\/sv\/product\/adidas-wristband-2-pack\/","og_site_name":"Nordic Padel","article_modified_time":"2026-02-28T22:20:42+00:00","twitter_card":"summary_large_image","schema":{"@context":"https:\/\/schema.org","@graph":[{"@type":"WebPage","@id":"https:\/\/nordicpadel.com\/sv\/product\/adidas-wristband-2-pack\/","url":"https:\/\/nordicpadel.com\/sv\/product\/adidas-wristband-2-pack\/","name":"Adidas Wristband 2-pack - Nordic Padel","isPartOf":{"@id":"https:\/\/nordicpadel.com\/sv\/#website"},"primaryImageOfPage":{"@id":"https:\/\/nordicpadel.com\/sv\/product\/adidas-wristband-2-pack\/#primaryimage"},"image":{"@id":"https:\/\/nordicpadel.com\/sv\/product\/adidas-wristband-2-pack\/#primaryimage"},"thumbnailUrl":"https:\/\/nordicpadel.com\/sv\/wp-content\/uploads\/sites\/10\/2025\/11\/ad82e31a1d4be12955158ee7e39dffd9.png","datePublished":"2025-11-26T16:47:01+00:00","dateModified":"2026-02-28T22:20:42+00:00","breadcrumb":{"@id":"https:\/\/nordicpadel.com\/sv\/product\/adidas-wristband-2-pack\/#breadcrumb"},"inLanguage":"sv-SE","potentialAction":[{"@type":"ReadAction","target":["https:\/\/nordicpadel.com\/sv\/product\/adidas-wristband-2-pack\/"]}]},{"@type":"ImageObject","inLanguage":"sv-SE","@id":"https:\/\/nordicpadel.com\/sv\/product\/adidas-wristband-2-pack\/#primaryimage","url":"https:\/\/nordicpadel.com\/sv\/wp-content\/uploads\/sites\/10\/2025\/11\/ad82e31a1d4be12955158ee7e39dffd9.png","contentUrl":"https:\/\/nordicpadel.com\/sv\/wp-content\/uploads\/sites\/10\/2025\/11\/ad82e31a1d4be12955158ee7e39dffd9.png","width":800,"height":800,"caption":"Adidas Wristband 2-pack"},{"@type":"BreadcrumbList","@id":"https:\/\/nordicpadel.com\/sv\/product\/adidas-wristband-2-pack\/#breadcrumb","itemListElement":[{"@type":"ListItem","position":1,"name":"Hem","item":"https:\/\/nordicpadel.com\/sv\/"},{"@type":"ListItem","position":2,"name":"Shop","item":"https:\/\/nordicpadel.com\/sv\/shop\/"},{"@type":"ListItem","position":3,"name":"Adidas Wristband 2-pack"}]},{"@type":"WebSite","@id":"https:\/\/nordicpadel.com\/sv\/#website","url":"https:\/\/nordicpadel.com\/sv\/","name":"Nordic Padel","description":"","publisher":{"@id":"https:\/\/nordicpadel.com\/sv\/#organization"},"potentialAction":[{"@type":"SearchAction","target":{"@type":"EntryPoint","urlTemplate":"https:\/\/nordicpadel.com\/sv\/?s={search_term_string}"},"query-input":"required name=search_term_string"}],"inLanguage":"sv-SE"},{"@type":"Organization","@id":"https:\/\/nordicpadel.com\/sv\/#organization","name":"Nordic Padel","url":"https:\/\/nordicpadel.com\/sv\/","logo":{"@type":"ImageObject","inLanguage":"sv-SE","@id":"https:\/\/nordicpadel.com\/sv\/#\/schema\/logo\/image\/","url":"https:\/\/nordicpadel.com\/sv\/wp-content\/uploads\/sites\/10\/2022\/12\/Nordic-Padel-small_1-1.png","contentUrl":"https:\/\/nordicpadel.com\/sv\/wp-content\/uploads\/sites\/10\/2022\/12\/Nordic-Padel-small_1-1.png","width":400,"height":119,"caption":"Nordic Padel"},"image":{"@id":"https:\/\/nordicpadel.com\/sv\/#\/schema\/logo\/image\/"}}]}},"brands":[],"_links":{"self":[{"href":"https:\/\/nordicpadel.com\/sv\/wp-json\/wp\/v2\/product\/88637","targetHints":{"allow":["GET"]}}],"collection":[{"href":"https:\/\/nordicpadel.com\/sv\/wp-json\/wp\/v2\/product"}],"about":[{"href":"https:\/\/nordicpadel.com\/sv\/wp-json\/wp\/v2\/types\/product"}],"replies":[{"embeddable":true,"href":"https:\/\/nordicpadel.com\/sv\/wp-json\/wp\/v2\/comments?post=88637"}],"wp:featuredmedia":[{"embeddable":true,"href":"https:\/\/nordicpadel.com\/sv\/wp-json\/wp\/v2\/media\/88636"}],"wp:attachment":[{"href":"https:\/\/nordicpadel.com\/sv\/wp-json\/wp\/v2\/media?parent=88637"}],"wp:term":[{"taxonomy":"pwb-brand","embeddable":true,"href":"https:\/\/nordicpadel.com\/sv\/wp-json\/wp\/v2\/pwb-brand?post=88637"},{"taxonomy":"product_cat","embeddable":true,"href":"https:\/\/nordicpadel.com\/sv\/wp-json\/wp\/v2\/product_cat?post=88637"},{"taxonomy":"product_tag","embeddable":true,"href":"https:\/\/nordicpadel.com\/sv\/wp-json\/wp\/v2\/product_tag?post=88637"},{"taxonomy":"woo-feed-brand","embeddable":true,"href":"https:\/\/nordicpadel.com\/sv\/wp-json\/wp\/v2\/woo-feed-brand?post=88637"}],"curies":[{"name":"wp","href":"https:\/\/api.w.org\/{rel}","templated":true}]}}