{"id":88524,"date":"2025-11-26T17:34:33","date_gmt":"2025-11-26T16:34:33","guid":{"rendered":"https:\/\/nordicpadel.com\/sv\/product\/siux-pegasus-graphene\/"},"modified":"2025-11-26T22:21:27","modified_gmt":"2025-11-26T21:21:27","slug":"siux-pegasus-graphene","status":"publish","type":"product","link":"https:\/\/nordicpadel.com\/sv\/product\/siux-pegasus-graphene\/","title":{"rendered":"SIUX Pegasus Graphene"},"content":{"rendered":"<p>Siux Pegasus Graphene Black \u00e4r ett droppformat <a href=\"https:\/\/nordicpadel.com\/sv\/product-category\/padelracket\/\">padelracket<\/a> med en medelh\u00f6g balans enligt specifikationen, men som snarare upplevs medelbalanserat och l\u00e4tt i handen. Slagytan tillverkad i en kombination av graphene och carbon TEX 24K, f\u00f6r att \u00f6ka styvheten och slitstyrkan i racket.<\/p>\n<p>K\u00e4rnan \u201cEva Soft\u201d \u00e4r en mjuk laminerad k\u00e4rna som erbjuder mycket fart tack vare sin snabba \u00e5terh\u00e4mtningshastighet. Vidare resulterar detta i att <a href=\"https:\/\/nordicpadel.com\/sv\/product-category\/padelracket\/\">padelracket<\/a> upplevs som mer f\u00f6rl\u00e5tande och l\u00e4ttspelat.<\/p>\n<p>Sammanfattat \u00e4r Siux Pegasus Graphene Black ett balanserat racket med h\u00e4rlig kontroll i varje slag, samtidigt som det svarar upp fint n\u00e4r du st\u00e5r p\u00e5 n\u00e4t och trycker p\u00e5. Till skillnad mot syskonet Pegasus Grafeno 1k s\u00e5 \u00e4r Pegasus Graphene Black ett mer potent racket tack vare tr\u00e4ffytan i 24k kolfiber och svarar s\u00e5ledes upp b\u00e4ttre i de offensiva spelet.<\/p>\n","protected":false},"excerpt":{"rendered":"<p>Siux Pegasus Graphene Black \u00e4r ett droppformat padelracket med en medelh\u00f6g balans enligt specifikationen, men som snarare upplevs medelbalanserat och l\u00e4tt i handen. Slagytan tillverkad i en kombination av graphene och carbon TEX 24K, f\u00f6r att \u00f6ka styvheten och slitstyrkan i racket. K\u00e4rnan \u201cEva Soft\u201d \u00e4r en mjuk laminerad k\u00e4rna som erbjuder mycket fart tack [&hellip;]<\/p>\n","protected":false},"featured_media":88521,"comment_status":"open","ping_status":"closed","template":"","meta":[],"pwb-brand":[],"product_cat":[16],"product_tag":[],"woo-feed-brand":[],"class_list":{"0":"post-88524","1":"product","2":"type-product","3":"status-publish","4":"has-post-thumbnail","6":"product_cat-padelracket","7":"pa_varumarke-siux","9":"first","10":"outofstock","11":"taxable","12":"shipping-taxable","13":"purchasable","14":"product-type-simple"},"bundled_by":[],"bundle_stock_status":"outofstock","bundle_stock_quantity":0,"bundle_virtual":false,"bundle_layout":"","bundle_add_to_cart_form_location":"","bundle_editable_in_cart":false,"bundle_sold_individually_context":"","bundle_item_grouping":"","bundle_min_size":"","bundle_max_size":"","bundled_items":[],"bundle_sell_ids":[],"acf":[],"yoast_head":"<!-- This site is optimized with the Yoast SEO plugin v23.1 - https:\/\/yoast.com\/wordpress\/plugins\/seo\/ -->\n<title>SIUX Pegasus Graphene - Nordic Padel<\/title>\n<meta name=\"robots\" content=\"index, follow, max-snippet:-1, max-image-preview:large, max-video-preview:-1\" \/>\n<link rel=\"canonical\" href=\"https:\/\/nordicpadel.com\/sv\/product\/siux-pegasus-graphene\/\" \/>\n<meta property=\"og:locale\" content=\"sv_SE\" \/>\n<meta property=\"og:type\" content=\"article\" \/>\n<meta property=\"og:title\" content=\"SIUX Pegasus Graphene - Nordic Padel\" \/>\n<meta property=\"og:description\" content=\"Siux Pegasus Graphene Black \u00e4r ett droppformat padelracket med en medelh\u00f6g balans enligt specifikationen, men som snarare upplevs medelbalanserat och l\u00e4tt i handen. Slagytan tillverkad i en kombination av graphene och carbon TEX 24K, f\u00f6r att \u00f6ka styvheten och slitstyrkan i racket. K\u00e4rnan \u201cEva Soft\u201d \u00e4r en mjuk laminerad k\u00e4rna som erbjuder mycket fart tack [&hellip;]\" \/>\n<meta property=\"og:url\" content=\"https:\/\/nordicpadel.com\/sv\/product\/siux-pegasus-graphene\/\" \/>\n<meta property=\"og:site_name\" content=\"Nordic Padel\" \/>\n<meta property=\"article:modified_time\" content=\"2025-11-26T21:21:27+00:00\" \/>\n<meta property=\"og:image\" content=\"https:\/\/nordicpadel.com\/sv\/wp-content\/uploads\/sites\/10\/2025\/11\/94217f934ad50d4978b08afe94273048.png\" \/>\n\t<meta property=\"og:image:width\" content=\"800\" \/>\n\t<meta property=\"og:image:height\" content=\"800\" \/>\n\t<meta property=\"og:image:type\" content=\"image\/png\" \/>\n<meta name=\"twitter:card\" content=\"summary_large_image\" \/>\n<meta name=\"twitter:label1\" content=\"Ber\u00e4knad l\u00e4stid\" \/>\n\t<meta name=\"twitter:data1\" content=\"1 minut\" \/>\n<script type=\"application\/ld+json\" class=\"yoast-schema-graph\">{\"@context\":\"https:\/\/schema.org\",\"@graph\":[{\"@type\":\"WebPage\",\"@id\":\"https:\/\/nordicpadel.com\/sv\/product\/siux-pegasus-graphene\/\",\"url\":\"https:\/\/nordicpadel.com\/sv\/product\/siux-pegasus-graphene\/\",\"name\":\"SIUX Pegasus Graphene - Nordic Padel\",\"isPartOf\":{\"@id\":\"https:\/\/nordicpadel.com\/sv\/#website\"},\"primaryImageOfPage\":{\"@id\":\"https:\/\/nordicpadel.com\/sv\/product\/siux-pegasus-graphene\/#primaryimage\"},\"image\":{\"@id\":\"https:\/\/nordicpadel.com\/sv\/product\/siux-pegasus-graphene\/#primaryimage\"},\"thumbnailUrl\":\"https:\/\/nordicpadel.com\/sv\/wp-content\/uploads\/sites\/10\/2025\/11\/94217f934ad50d4978b08afe94273048.png\",\"datePublished\":\"2025-11-26T16:34:33+00:00\",\"dateModified\":\"2025-11-26T21:21:27+00:00\",\"breadcrumb\":{\"@id\":\"https:\/\/nordicpadel.com\/sv\/product\/siux-pegasus-graphene\/#breadcrumb\"},\"inLanguage\":\"sv-SE\",\"potentialAction\":[{\"@type\":\"ReadAction\",\"target\":[\"https:\/\/nordicpadel.com\/sv\/product\/siux-pegasus-graphene\/\"]}]},{\"@type\":\"ImageObject\",\"inLanguage\":\"sv-SE\",\"@id\":\"https:\/\/nordicpadel.com\/sv\/product\/siux-pegasus-graphene\/#primaryimage\",\"url\":\"https:\/\/nordicpadel.com\/sv\/wp-content\/uploads\/sites\/10\/2025\/11\/94217f934ad50d4978b08afe94273048.png\",\"contentUrl\":\"https:\/\/nordicpadel.com\/sv\/wp-content\/uploads\/sites\/10\/2025\/11\/94217f934ad50d4978b08afe94273048.png\",\"width\":800,\"height\":800,\"caption\":\"SIUX Pegasus Graphene\"},{\"@type\":\"BreadcrumbList\",\"@id\":\"https:\/\/nordicpadel.com\/sv\/product\/siux-pegasus-graphene\/#breadcrumb\",\"itemListElement\":[{\"@type\":\"ListItem\",\"position\":1,\"name\":\"Hem\",\"item\":\"https:\/\/nordicpadel.com\/sv\/\"},{\"@type\":\"ListItem\",\"position\":2,\"name\":\"Shop\",\"item\":\"https:\/\/nordicpadel.com\/sv\/shop\/\"},{\"@type\":\"ListItem\",\"position\":3,\"name\":\"SIUX Pegasus Graphene\"}]},{\"@type\":\"WebSite\",\"@id\":\"https:\/\/nordicpadel.com\/sv\/#website\",\"url\":\"https:\/\/nordicpadel.com\/sv\/\",\"name\":\"Nordic Padel\",\"description\":\"\",\"publisher\":{\"@id\":\"https:\/\/nordicpadel.com\/sv\/#organization\"},\"potentialAction\":[{\"@type\":\"SearchAction\",\"target\":{\"@type\":\"EntryPoint\",\"urlTemplate\":\"https:\/\/nordicpadel.com\/sv\/?s={search_term_string}\"},\"query-input\":\"required name=search_term_string\"}],\"inLanguage\":\"sv-SE\"},{\"@type\":\"Organization\",\"@id\":\"https:\/\/nordicpadel.com\/sv\/#organization\",\"name\":\"Nordic Padel\",\"url\":\"https:\/\/nordicpadel.com\/sv\/\",\"logo\":{\"@type\":\"ImageObject\",\"inLanguage\":\"sv-SE\",\"@id\":\"https:\/\/nordicpadel.com\/sv\/#\/schema\/logo\/image\/\",\"url\":\"https:\/\/nordicpadel.com\/sv\/wp-content\/uploads\/sites\/10\/2022\/12\/Nordic-Padel-small_1-1.png\",\"contentUrl\":\"https:\/\/nordicpadel.com\/sv\/wp-content\/uploads\/sites\/10\/2022\/12\/Nordic-Padel-small_1-1.png\",\"width\":400,\"height\":119,\"caption\":\"Nordic Padel\"},\"image\":{\"@id\":\"https:\/\/nordicpadel.com\/sv\/#\/schema\/logo\/image\/\"}}]}<\/script>\n<!-- \/ Yoast SEO plugin. -->","yoast_head_json":{"title":"SIUX Pegasus Graphene - Nordic Padel","robots":{"index":"index","follow":"follow","max-snippet":"max-snippet:-1","max-image-preview":"max-image-preview:large","max-video-preview":"max-video-preview:-1"},"canonical":"https:\/\/nordicpadel.com\/sv\/product\/siux-pegasus-graphene\/","og_locale":"sv_SE","og_type":"article","og_title":"SIUX Pegasus Graphene - Nordic Padel","og_description":"Siux Pegasus Graphene Black \u00e4r ett droppformat padelracket med en medelh\u00f6g balans enligt specifikationen, men som snarare upplevs medelbalanserat och l\u00e4tt i handen. Slagytan tillverkad i en kombination av graphene och carbon TEX 24K, f\u00f6r att \u00f6ka styvheten och slitstyrkan i racket. K\u00e4rnan \u201cEva Soft\u201d \u00e4r en mjuk laminerad k\u00e4rna som erbjuder mycket fart tack [&hellip;]","og_url":"https:\/\/nordicpadel.com\/sv\/product\/siux-pegasus-graphene\/","og_site_name":"Nordic Padel","article_modified_time":"2025-11-26T21:21:27+00:00","og_image":[{"width":800,"height":800,"url":"https:\/\/nordicpadel.com\/sv\/wp-content\/uploads\/sites\/10\/2025\/11\/94217f934ad50d4978b08afe94273048.png","type":"image\/png"}],"twitter_card":"summary_large_image","twitter_misc":{"Ber\u00e4knad l\u00e4stid":"1 minut"},"schema":{"@context":"https:\/\/schema.org","@graph":[{"@type":"WebPage","@id":"https:\/\/nordicpadel.com\/sv\/product\/siux-pegasus-graphene\/","url":"https:\/\/nordicpadel.com\/sv\/product\/siux-pegasus-graphene\/","name":"SIUX Pegasus Graphene - Nordic Padel","isPartOf":{"@id":"https:\/\/nordicpadel.com\/sv\/#website"},"primaryImageOfPage":{"@id":"https:\/\/nordicpadel.com\/sv\/product\/siux-pegasus-graphene\/#primaryimage"},"image":{"@id":"https:\/\/nordicpadel.com\/sv\/product\/siux-pegasus-graphene\/#primaryimage"},"thumbnailUrl":"https:\/\/nordicpadel.com\/sv\/wp-content\/uploads\/sites\/10\/2025\/11\/94217f934ad50d4978b08afe94273048.png","datePublished":"2025-11-26T16:34:33+00:00","dateModified":"2025-11-26T21:21:27+00:00","breadcrumb":{"@id":"https:\/\/nordicpadel.com\/sv\/product\/siux-pegasus-graphene\/#breadcrumb"},"inLanguage":"sv-SE","potentialAction":[{"@type":"ReadAction","target":["https:\/\/nordicpadel.com\/sv\/product\/siux-pegasus-graphene\/"]}]},{"@type":"ImageObject","inLanguage":"sv-SE","@id":"https:\/\/nordicpadel.com\/sv\/product\/siux-pegasus-graphene\/#primaryimage","url":"https:\/\/nordicpadel.com\/sv\/wp-content\/uploads\/sites\/10\/2025\/11\/94217f934ad50d4978b08afe94273048.png","contentUrl":"https:\/\/nordicpadel.com\/sv\/wp-content\/uploads\/sites\/10\/2025\/11\/94217f934ad50d4978b08afe94273048.png","width":800,"height":800,"caption":"SIUX Pegasus Graphene"},{"@type":"BreadcrumbList","@id":"https:\/\/nordicpadel.com\/sv\/product\/siux-pegasus-graphene\/#breadcrumb","itemListElement":[{"@type":"ListItem","position":1,"name":"Hem","item":"https:\/\/nordicpadel.com\/sv\/"},{"@type":"ListItem","position":2,"name":"Shop","item":"https:\/\/nordicpadel.com\/sv\/shop\/"},{"@type":"ListItem","position":3,"name":"SIUX Pegasus Graphene"}]},{"@type":"WebSite","@id":"https:\/\/nordicpadel.com\/sv\/#website","url":"https:\/\/nordicpadel.com\/sv\/","name":"Nordic Padel","description":"","publisher":{"@id":"https:\/\/nordicpadel.com\/sv\/#organization"},"potentialAction":[{"@type":"SearchAction","target":{"@type":"EntryPoint","urlTemplate":"https:\/\/nordicpadel.com\/sv\/?s={search_term_string}"},"query-input":"required name=search_term_string"}],"inLanguage":"sv-SE"},{"@type":"Organization","@id":"https:\/\/nordicpadel.com\/sv\/#organization","name":"Nordic Padel","url":"https:\/\/nordicpadel.com\/sv\/","logo":{"@type":"ImageObject","inLanguage":"sv-SE","@id":"https:\/\/nordicpadel.com\/sv\/#\/schema\/logo\/image\/","url":"https:\/\/nordicpadel.com\/sv\/wp-content\/uploads\/sites\/10\/2022\/12\/Nordic-Padel-small_1-1.png","contentUrl":"https:\/\/nordicpadel.com\/sv\/wp-content\/uploads\/sites\/10\/2022\/12\/Nordic-Padel-small_1-1.png","width":400,"height":119,"caption":"Nordic Padel"},"image":{"@id":"https:\/\/nordicpadel.com\/sv\/#\/schema\/logo\/image\/"}}]}},"brands":[],"_links":{"self":[{"href":"https:\/\/nordicpadel.com\/sv\/wp-json\/wp\/v2\/product\/88524","targetHints":{"allow":["GET"]}}],"collection":[{"href":"https:\/\/nordicpadel.com\/sv\/wp-json\/wp\/v2\/product"}],"about":[{"href":"https:\/\/nordicpadel.com\/sv\/wp-json\/wp\/v2\/types\/product"}],"replies":[{"embeddable":true,"href":"https:\/\/nordicpadel.com\/sv\/wp-json\/wp\/v2\/comments?post=88524"}],"wp:featuredmedia":[{"embeddable":true,"href":"https:\/\/nordicpadel.com\/sv\/wp-json\/wp\/v2\/media\/88521"}],"wp:attachment":[{"href":"https:\/\/nordicpadel.com\/sv\/wp-json\/wp\/v2\/media?parent=88524"}],"wp:term":[{"taxonomy":"pwb-brand","embeddable":true,"href":"https:\/\/nordicpadel.com\/sv\/wp-json\/wp\/v2\/pwb-brand?post=88524"},{"taxonomy":"product_cat","embeddable":true,"href":"https:\/\/nordicpadel.com\/sv\/wp-json\/wp\/v2\/product_cat?post=88524"},{"taxonomy":"product_tag","embeddable":true,"href":"https:\/\/nordicpadel.com\/sv\/wp-json\/wp\/v2\/product_tag?post=88524"},{"taxonomy":"woo-feed-brand","embeddable":true,"href":"https:\/\/nordicpadel.com\/sv\/wp-json\/wp\/v2\/woo-feed-brand?post=88524"}],"curies":[{"name":"wp","href":"https:\/\/api.w.org\/{rel}","templated":true}]}}