{"id":88333,"date":"2025-11-26T17:29:28","date_gmt":"2025-11-26T16:29:28","guid":{"rendered":"https:\/\/nordicpadel.com\/sv\/product\/adidas-club-tank-w-4\/"},"modified":"2025-12-09T03:38:16","modified_gmt":"2025-12-09T02:38:16","slug":"adidas-club-tank-w-4","status":"publish","type":"product","link":"https:\/\/nordicpadel.com\/sv\/product\/adidas-club-tank-w-4\/","title":{"rendered":"Adidas Club Tank W"},"content":{"rendered":"<p>K\u00f6p ett snyggt tr\u00e4ningslinne f\u00f6r varma tr\u00e4nginspass tillverkat i 100% \u00e5tervunnet material. Snyggt linne f\u00f6r tennisspelare och padelspelare. Linnet har en brottarrrygg och relativt smal passform. Design med meshpaneler, brottarrygg och Aeroready teknologin som hj\u00e4lper till att h\u00e5lla fukten borta, s\u00e5 kan vi lova dig att du blir n\u00f6jd p\u00e5 banan. <\/p>\n<ul>\n<li>Smal passform<\/li>\n<li>Rundad halsringning<\/li>\n<li>Interlock i 100 % \u00e5tervunnen polyester<\/li>\n<li>Sidopaneler i mesh<\/li>\n<li>Fuktabsorberande AEROREADY<\/li>\n<li>Brottarrygg<\/li>\n<\/ul>\n<p> F\u00e4rg: Vit<\/p>\n","protected":false},"excerpt":{"rendered":"<p>K\u00f6p ett snyggt tr\u00e4ningslinne f\u00f6r varma tr\u00e4nginspass tillverkat i 100% \u00e5tervunnet material. Snyggt linne f\u00f6r tennisspelare och padelspelare. Linnet har en brottarrrygg och relativt smal passform. Design med meshpaneler, brottarrygg och Aeroready teknologin som hj\u00e4lper till att h\u00e5lla fukten borta, s\u00e5 kan vi lova dig att du blir n\u00f6jd p\u00e5 banan. Smal passform Rundad halsringning [&hellip;]<\/p>\n","protected":false},"featured_media":88331,"comment_status":"open","ping_status":"closed","template":"","meta":[],"pwb-brand":[],"product_cat":[458,39],"product_tag":[],"woo-feed-brand":[],"class_list":{"0":"post-88333","1":"product","2":"type-product","3":"status-publish","4":"has-post-thumbnail","6":"product_cat-adidas","7":"product_cat-padelklader-dam","8":"pa_varumarke-adidas","10":"first","11":"instock","12":"taxable","13":"shipping-taxable","14":"purchasable","15":"product-type-variable"},"bundled_by":[],"bundle_stock_status":"instock","bundle_stock_quantity":1,"bundle_virtual":false,"bundle_layout":"","bundle_add_to_cart_form_location":"","bundle_editable_in_cart":false,"bundle_sold_individually_context":"","bundle_item_grouping":"","bundle_min_size":"","bundle_max_size":"","bundled_items":[],"bundle_sell_ids":[],"acf":[],"yoast_head":"<!-- This site is optimized with the Yoast SEO plugin v23.1 - https:\/\/yoast.com\/wordpress\/plugins\/seo\/ -->\n<title>Adidas Club Tank W - Nordic Padel<\/title>\n<meta name=\"robots\" content=\"index, follow, max-snippet:-1, max-image-preview:large, max-video-preview:-1\" \/>\n<link rel=\"canonical\" href=\"https:\/\/nordicpadel.com\/sv\/product\/adidas-club-tank-w-4\/\" \/>\n<meta property=\"og:locale\" content=\"sv_SE\" \/>\n<meta property=\"og:type\" content=\"article\" \/>\n<meta property=\"og:title\" content=\"Adidas Club Tank W - Nordic Padel\" \/>\n<meta property=\"og:description\" content=\"K\u00f6p ett snyggt tr\u00e4ningslinne f\u00f6r varma tr\u00e4nginspass tillverkat i 100% \u00e5tervunnet material. Snyggt linne f\u00f6r tennisspelare och padelspelare. Linnet har en brottarrrygg och relativt smal passform. Design med meshpaneler, brottarrygg och Aeroready teknologin som hj\u00e4lper till att h\u00e5lla fukten borta, s\u00e5 kan vi lova dig att du blir n\u00f6jd p\u00e5 banan. Smal passform Rundad halsringning [&hellip;]\" \/>\n<meta property=\"og:url\" content=\"https:\/\/nordicpadel.com\/sv\/product\/adidas-club-tank-w-4\/\" \/>\n<meta property=\"og:site_name\" content=\"Nordic Padel\" \/>\n<meta property=\"article:modified_time\" content=\"2025-12-09T02:38:16+00:00\" \/>\n<meta name=\"twitter:card\" content=\"summary_large_image\" \/>\n<script type=\"application\/ld+json\" class=\"yoast-schema-graph\">{\"@context\":\"https:\/\/schema.org\",\"@graph\":[{\"@type\":\"WebPage\",\"@id\":\"https:\/\/nordicpadel.com\/sv\/product\/adidas-club-tank-w-4\/\",\"url\":\"https:\/\/nordicpadel.com\/sv\/product\/adidas-club-tank-w-4\/\",\"name\":\"Adidas Club Tank W - Nordic Padel\",\"isPartOf\":{\"@id\":\"https:\/\/nordicpadel.com\/sv\/#website\"},\"primaryImageOfPage\":{\"@id\":\"https:\/\/nordicpadel.com\/sv\/product\/adidas-club-tank-w-4\/#primaryimage\"},\"image\":{\"@id\":\"https:\/\/nordicpadel.com\/sv\/product\/adidas-club-tank-w-4\/#primaryimage\"},\"thumbnailUrl\":\"https:\/\/nordicpadel.com\/sv\/wp-content\/uploads\/sites\/10\/2025\/11\/26a03ffc12f85cffefab8e880682f6f5.png\",\"datePublished\":\"2025-11-26T16:29:28+00:00\",\"dateModified\":\"2025-12-09T02:38:16+00:00\",\"breadcrumb\":{\"@id\":\"https:\/\/nordicpadel.com\/sv\/product\/adidas-club-tank-w-4\/#breadcrumb\"},\"inLanguage\":\"sv-SE\",\"potentialAction\":[{\"@type\":\"ReadAction\",\"target\":[\"https:\/\/nordicpadel.com\/sv\/product\/adidas-club-tank-w-4\/\"]}]},{\"@type\":\"ImageObject\",\"inLanguage\":\"sv-SE\",\"@id\":\"https:\/\/nordicpadel.com\/sv\/product\/adidas-club-tank-w-4\/#primaryimage\",\"url\":\"https:\/\/nordicpadel.com\/sv\/wp-content\/uploads\/sites\/10\/2025\/11\/26a03ffc12f85cffefab8e880682f6f5.png\",\"contentUrl\":\"https:\/\/nordicpadel.com\/sv\/wp-content\/uploads\/sites\/10\/2025\/11\/26a03ffc12f85cffefab8e880682f6f5.png\",\"width\":800,\"height\":800,\"caption\":\"Adidas Club Tank W\"},{\"@type\":\"BreadcrumbList\",\"@id\":\"https:\/\/nordicpadel.com\/sv\/product\/adidas-club-tank-w-4\/#breadcrumb\",\"itemListElement\":[{\"@type\":\"ListItem\",\"position\":1,\"name\":\"Hem\",\"item\":\"https:\/\/nordicpadel.com\/sv\/\"},{\"@type\":\"ListItem\",\"position\":2,\"name\":\"Shop\",\"item\":\"https:\/\/nordicpadel.com\/sv\/shop\/\"},{\"@type\":\"ListItem\",\"position\":3,\"name\":\"Adidas Club Tank W\"}]},{\"@type\":\"WebSite\",\"@id\":\"https:\/\/nordicpadel.com\/sv\/#website\",\"url\":\"https:\/\/nordicpadel.com\/sv\/\",\"name\":\"Nordic Padel\",\"description\":\"\",\"publisher\":{\"@id\":\"https:\/\/nordicpadel.com\/sv\/#organization\"},\"potentialAction\":[{\"@type\":\"SearchAction\",\"target\":{\"@type\":\"EntryPoint\",\"urlTemplate\":\"https:\/\/nordicpadel.com\/sv\/?s={search_term_string}\"},\"query-input\":\"required name=search_term_string\"}],\"inLanguage\":\"sv-SE\"},{\"@type\":\"Organization\",\"@id\":\"https:\/\/nordicpadel.com\/sv\/#organization\",\"name\":\"Nordic Padel\",\"url\":\"https:\/\/nordicpadel.com\/sv\/\",\"logo\":{\"@type\":\"ImageObject\",\"inLanguage\":\"sv-SE\",\"@id\":\"https:\/\/nordicpadel.com\/sv\/#\/schema\/logo\/image\/\",\"url\":\"https:\/\/nordicpadel.com\/sv\/wp-content\/uploads\/sites\/10\/2022\/12\/Nordic-Padel-small_1-1.png\",\"contentUrl\":\"https:\/\/nordicpadel.com\/sv\/wp-content\/uploads\/sites\/10\/2022\/12\/Nordic-Padel-small_1-1.png\",\"width\":400,\"height\":119,\"caption\":\"Nordic Padel\"},\"image\":{\"@id\":\"https:\/\/nordicpadel.com\/sv\/#\/schema\/logo\/image\/\"}}]}<\/script>\n<!-- \/ Yoast SEO plugin. -->","yoast_head_json":{"title":"Adidas Club Tank W - Nordic Padel","robots":{"index":"index","follow":"follow","max-snippet":"max-snippet:-1","max-image-preview":"max-image-preview:large","max-video-preview":"max-video-preview:-1"},"canonical":"https:\/\/nordicpadel.com\/sv\/product\/adidas-club-tank-w-4\/","og_locale":"sv_SE","og_type":"article","og_title":"Adidas Club Tank W - Nordic Padel","og_description":"K\u00f6p ett snyggt tr\u00e4ningslinne f\u00f6r varma tr\u00e4nginspass tillverkat i 100% \u00e5tervunnet material. Snyggt linne f\u00f6r tennisspelare och padelspelare. Linnet har en brottarrrygg och relativt smal passform. Design med meshpaneler, brottarrygg och Aeroready teknologin som hj\u00e4lper till att h\u00e5lla fukten borta, s\u00e5 kan vi lova dig att du blir n\u00f6jd p\u00e5 banan. Smal passform Rundad halsringning [&hellip;]","og_url":"https:\/\/nordicpadel.com\/sv\/product\/adidas-club-tank-w-4\/","og_site_name":"Nordic Padel","article_modified_time":"2025-12-09T02:38:16+00:00","twitter_card":"summary_large_image","schema":{"@context":"https:\/\/schema.org","@graph":[{"@type":"WebPage","@id":"https:\/\/nordicpadel.com\/sv\/product\/adidas-club-tank-w-4\/","url":"https:\/\/nordicpadel.com\/sv\/product\/adidas-club-tank-w-4\/","name":"Adidas Club Tank W - Nordic Padel","isPartOf":{"@id":"https:\/\/nordicpadel.com\/sv\/#website"},"primaryImageOfPage":{"@id":"https:\/\/nordicpadel.com\/sv\/product\/adidas-club-tank-w-4\/#primaryimage"},"image":{"@id":"https:\/\/nordicpadel.com\/sv\/product\/adidas-club-tank-w-4\/#primaryimage"},"thumbnailUrl":"https:\/\/nordicpadel.com\/sv\/wp-content\/uploads\/sites\/10\/2025\/11\/26a03ffc12f85cffefab8e880682f6f5.png","datePublished":"2025-11-26T16:29:28+00:00","dateModified":"2025-12-09T02:38:16+00:00","breadcrumb":{"@id":"https:\/\/nordicpadel.com\/sv\/product\/adidas-club-tank-w-4\/#breadcrumb"},"inLanguage":"sv-SE","potentialAction":[{"@type":"ReadAction","target":["https:\/\/nordicpadel.com\/sv\/product\/adidas-club-tank-w-4\/"]}]},{"@type":"ImageObject","inLanguage":"sv-SE","@id":"https:\/\/nordicpadel.com\/sv\/product\/adidas-club-tank-w-4\/#primaryimage","url":"https:\/\/nordicpadel.com\/sv\/wp-content\/uploads\/sites\/10\/2025\/11\/26a03ffc12f85cffefab8e880682f6f5.png","contentUrl":"https:\/\/nordicpadel.com\/sv\/wp-content\/uploads\/sites\/10\/2025\/11\/26a03ffc12f85cffefab8e880682f6f5.png","width":800,"height":800,"caption":"Adidas Club Tank W"},{"@type":"BreadcrumbList","@id":"https:\/\/nordicpadel.com\/sv\/product\/adidas-club-tank-w-4\/#breadcrumb","itemListElement":[{"@type":"ListItem","position":1,"name":"Hem","item":"https:\/\/nordicpadel.com\/sv\/"},{"@type":"ListItem","position":2,"name":"Shop","item":"https:\/\/nordicpadel.com\/sv\/shop\/"},{"@type":"ListItem","position":3,"name":"Adidas Club Tank W"}]},{"@type":"WebSite","@id":"https:\/\/nordicpadel.com\/sv\/#website","url":"https:\/\/nordicpadel.com\/sv\/","name":"Nordic Padel","description":"","publisher":{"@id":"https:\/\/nordicpadel.com\/sv\/#organization"},"potentialAction":[{"@type":"SearchAction","target":{"@type":"EntryPoint","urlTemplate":"https:\/\/nordicpadel.com\/sv\/?s={search_term_string}"},"query-input":"required name=search_term_string"}],"inLanguage":"sv-SE"},{"@type":"Organization","@id":"https:\/\/nordicpadel.com\/sv\/#organization","name":"Nordic Padel","url":"https:\/\/nordicpadel.com\/sv\/","logo":{"@type":"ImageObject","inLanguage":"sv-SE","@id":"https:\/\/nordicpadel.com\/sv\/#\/schema\/logo\/image\/","url":"https:\/\/nordicpadel.com\/sv\/wp-content\/uploads\/sites\/10\/2022\/12\/Nordic-Padel-small_1-1.png","contentUrl":"https:\/\/nordicpadel.com\/sv\/wp-content\/uploads\/sites\/10\/2022\/12\/Nordic-Padel-small_1-1.png","width":400,"height":119,"caption":"Nordic Padel"},"image":{"@id":"https:\/\/nordicpadel.com\/sv\/#\/schema\/logo\/image\/"}}]}},"brands":[],"_links":{"self":[{"href":"https:\/\/nordicpadel.com\/sv\/wp-json\/wp\/v2\/product\/88333","targetHints":{"allow":["GET"]}}],"collection":[{"href":"https:\/\/nordicpadel.com\/sv\/wp-json\/wp\/v2\/product"}],"about":[{"href":"https:\/\/nordicpadel.com\/sv\/wp-json\/wp\/v2\/types\/product"}],"replies":[{"embeddable":true,"href":"https:\/\/nordicpadel.com\/sv\/wp-json\/wp\/v2\/comments?post=88333"}],"wp:featuredmedia":[{"embeddable":true,"href":"https:\/\/nordicpadel.com\/sv\/wp-json\/wp\/v2\/media\/88331"}],"wp:attachment":[{"href":"https:\/\/nordicpadel.com\/sv\/wp-json\/wp\/v2\/media?parent=88333"}],"wp:term":[{"taxonomy":"pwb-brand","embeddable":true,"href":"https:\/\/nordicpadel.com\/sv\/wp-json\/wp\/v2\/pwb-brand?post=88333"},{"taxonomy":"product_cat","embeddable":true,"href":"https:\/\/nordicpadel.com\/sv\/wp-json\/wp\/v2\/product_cat?post=88333"},{"taxonomy":"product_tag","embeddable":true,"href":"https:\/\/nordicpadel.com\/sv\/wp-json\/wp\/v2\/product_tag?post=88333"},{"taxonomy":"woo-feed-brand","embeddable":true,"href":"https:\/\/nordicpadel.com\/sv\/wp-json\/wp\/v2\/woo-feed-brand?post=88333"}],"curies":[{"name":"wp","href":"https:\/\/api.w.org\/{rel}","templated":true}]}}