{"id":88264,"date":"2025-11-26T17:28:45","date_gmt":"2025-11-26T16:28:45","guid":{"rendered":"https:\/\/nordicpadel.com\/sv\/product\/varlion-hexagon-8-8\/"},"modified":"2025-11-27T16:53:12","modified_gmt":"2025-11-27T15:53:12","slug":"varlion-hexagon-8-8","status":"publish","type":"product","link":"https:\/\/nordicpadel.com\/sv\/product\/varlion-hexagon-8-8\/","title":{"rendered":"Varlion Hexagon 8.8"},"content":{"rendered":"<p>LW Hexagon 8.8 har en rund form samt en l\u00e5g balans, vilket g\u00f6r att <a href=\"https:\/\/nordicpadel.com\/sv\/product-category\/padelracket\/\">padelracket<\/a> blir v\u00e4ldigt f\u00f6rl\u00e5tande s\u00e5 att \u00e4ven bolltr\u00e4ffar l\u00e4ngre ut mot ramen erbjuder bra fart\/kontroll och tr\u00e4ffk\u00e4nsla. Detta racket erbjuder en otroligt fin kontroll och precision.<\/p>\n<p>Med en tr\u00e4ffyta tillverkad i 3 lager av glasfiber samt med k\u00e4rnan Hypersoft EVA i medelh\u00e5rd tappning f\u00e5r spelaren en mycket f\u00f6rl\u00e5tande och skonsam tr\u00e4ffk\u00e4nsla. Dessutom \u00e4r alla ytor behandlade med Varlions exklusiva &#8220;VAR-FLEX Exopy Resin&#8221;, behandlat med ett lager titandioxid. Man har gjort detta f\u00f6r maximal elasticitet och styrka vilket bidrar till l\u00e4ngre livsl\u00e4ngd i alla material.<\/p>\n","protected":false},"excerpt":{"rendered":"<p>LW Hexagon 8.8 har en rund form samt en l\u00e5g balans, vilket g\u00f6r att padelracket blir v\u00e4ldigt f\u00f6rl\u00e5tande s\u00e5 att \u00e4ven bolltr\u00e4ffar l\u00e4ngre ut mot ramen erbjuder bra fart\/kontroll och tr\u00e4ffk\u00e4nsla. Detta racket erbjuder en otroligt fin kontroll och precision. Med en tr\u00e4ffyta tillverkad i 3 lager av glasfiber samt med k\u00e4rnan Hypersoft EVA i [&hellip;]<\/p>\n","protected":false},"featured_media":88255,"comment_status":"open","ping_status":"closed","template":"","meta":[],"pwb-brand":[],"product_cat":[16],"product_tag":[],"woo-feed-brand":[],"class_list":{"0":"post-88264","1":"product","2":"type-product","3":"status-publish","4":"has-post-thumbnail","6":"product_cat-padelracket","7":"pa_varumarke-varlion","9":"first","10":"outofstock","11":"sale","12":"taxable","13":"shipping-taxable","14":"purchasable","15":"product-type-simple"},"bundled_by":[],"bundle_stock_status":"outofstock","bundle_stock_quantity":0,"bundle_virtual":false,"bundle_layout":"","bundle_add_to_cart_form_location":"","bundle_editable_in_cart":false,"bundle_sold_individually_context":"","bundle_item_grouping":"","bundle_min_size":"","bundle_max_size":"","bundled_items":[],"bundle_sell_ids":[],"acf":[],"yoast_head":"<!-- This site is optimized with the Yoast SEO plugin v23.1 - https:\/\/yoast.com\/wordpress\/plugins\/seo\/ -->\n<title>Varlion Hexagon 8.8 - Nordic Padel<\/title>\n<meta name=\"robots\" content=\"index, follow, max-snippet:-1, max-image-preview:large, max-video-preview:-1\" \/>\n<link rel=\"canonical\" href=\"https:\/\/nordicpadel.com\/sv\/product\/varlion-hexagon-8-8\/\" \/>\n<meta property=\"og:locale\" content=\"sv_SE\" \/>\n<meta property=\"og:type\" content=\"article\" \/>\n<meta property=\"og:title\" content=\"Varlion Hexagon 8.8 - Nordic Padel\" \/>\n<meta property=\"og:description\" content=\"LW Hexagon 8.8 har en rund form samt en l\u00e5g balans, vilket g\u00f6r att padelracket blir v\u00e4ldigt f\u00f6rl\u00e5tande s\u00e5 att \u00e4ven bolltr\u00e4ffar l\u00e4ngre ut mot ramen erbjuder bra fart\/kontroll och tr\u00e4ffk\u00e4nsla. Detta racket erbjuder en otroligt fin kontroll och precision. Med en tr\u00e4ffyta tillverkad i 3 lager av glasfiber samt med k\u00e4rnan Hypersoft EVA i [&hellip;]\" \/>\n<meta property=\"og:url\" content=\"https:\/\/nordicpadel.com\/sv\/product\/varlion-hexagon-8-8\/\" \/>\n<meta property=\"og:site_name\" content=\"Nordic Padel\" \/>\n<meta property=\"article:modified_time\" content=\"2025-11-27T15:53:12+00:00\" \/>\n<meta property=\"og:image\" content=\"https:\/\/nordicpadel.com\/sv\/wp-content\/uploads\/sites\/10\/2025\/11\/b8483ac5310d0d74c67ee9bbf67c0a11.png\" \/>\n\t<meta property=\"og:image:width\" content=\"800\" \/>\n\t<meta property=\"og:image:height\" content=\"800\" \/>\n\t<meta property=\"og:image:type\" content=\"image\/png\" \/>\n<meta name=\"twitter:card\" content=\"summary_large_image\" \/>\n<meta name=\"twitter:label1\" content=\"Ber\u00e4knad l\u00e4stid\" \/>\n\t<meta name=\"twitter:data1\" content=\"1 minut\" \/>\n<script type=\"application\/ld+json\" class=\"yoast-schema-graph\">{\"@context\":\"https:\/\/schema.org\",\"@graph\":[{\"@type\":\"WebPage\",\"@id\":\"https:\/\/nordicpadel.com\/sv\/product\/varlion-hexagon-8-8\/\",\"url\":\"https:\/\/nordicpadel.com\/sv\/product\/varlion-hexagon-8-8\/\",\"name\":\"Varlion Hexagon 8.8 - Nordic Padel\",\"isPartOf\":{\"@id\":\"https:\/\/nordicpadel.com\/sv\/#website\"},\"primaryImageOfPage\":{\"@id\":\"https:\/\/nordicpadel.com\/sv\/product\/varlion-hexagon-8-8\/#primaryimage\"},\"image\":{\"@id\":\"https:\/\/nordicpadel.com\/sv\/product\/varlion-hexagon-8-8\/#primaryimage\"},\"thumbnailUrl\":\"https:\/\/nordicpadel.com\/sv\/wp-content\/uploads\/sites\/10\/2025\/11\/b8483ac5310d0d74c67ee9bbf67c0a11.png\",\"datePublished\":\"2025-11-26T16:28:45+00:00\",\"dateModified\":\"2025-11-27T15:53:12+00:00\",\"breadcrumb\":{\"@id\":\"https:\/\/nordicpadel.com\/sv\/product\/varlion-hexagon-8-8\/#breadcrumb\"},\"inLanguage\":\"sv-SE\",\"potentialAction\":[{\"@type\":\"ReadAction\",\"target\":[\"https:\/\/nordicpadel.com\/sv\/product\/varlion-hexagon-8-8\/\"]}]},{\"@type\":\"ImageObject\",\"inLanguage\":\"sv-SE\",\"@id\":\"https:\/\/nordicpadel.com\/sv\/product\/varlion-hexagon-8-8\/#primaryimage\",\"url\":\"https:\/\/nordicpadel.com\/sv\/wp-content\/uploads\/sites\/10\/2025\/11\/b8483ac5310d0d74c67ee9bbf67c0a11.png\",\"contentUrl\":\"https:\/\/nordicpadel.com\/sv\/wp-content\/uploads\/sites\/10\/2025\/11\/b8483ac5310d0d74c67ee9bbf67c0a11.png\",\"width\":800,\"height\":800,\"caption\":\"Varlion Hexagon 8.8\"},{\"@type\":\"BreadcrumbList\",\"@id\":\"https:\/\/nordicpadel.com\/sv\/product\/varlion-hexagon-8-8\/#breadcrumb\",\"itemListElement\":[{\"@type\":\"ListItem\",\"position\":1,\"name\":\"Hem\",\"item\":\"https:\/\/nordicpadel.com\/sv\/\"},{\"@type\":\"ListItem\",\"position\":2,\"name\":\"Shop\",\"item\":\"https:\/\/nordicpadel.com\/sv\/shop\/\"},{\"@type\":\"ListItem\",\"position\":3,\"name\":\"Varlion Hexagon 8.8\"}]},{\"@type\":\"WebSite\",\"@id\":\"https:\/\/nordicpadel.com\/sv\/#website\",\"url\":\"https:\/\/nordicpadel.com\/sv\/\",\"name\":\"Nordic Padel\",\"description\":\"\",\"publisher\":{\"@id\":\"https:\/\/nordicpadel.com\/sv\/#organization\"},\"potentialAction\":[{\"@type\":\"SearchAction\",\"target\":{\"@type\":\"EntryPoint\",\"urlTemplate\":\"https:\/\/nordicpadel.com\/sv\/?s={search_term_string}\"},\"query-input\":\"required name=search_term_string\"}],\"inLanguage\":\"sv-SE\"},{\"@type\":\"Organization\",\"@id\":\"https:\/\/nordicpadel.com\/sv\/#organization\",\"name\":\"Nordic Padel\",\"url\":\"https:\/\/nordicpadel.com\/sv\/\",\"logo\":{\"@type\":\"ImageObject\",\"inLanguage\":\"sv-SE\",\"@id\":\"https:\/\/nordicpadel.com\/sv\/#\/schema\/logo\/image\/\",\"url\":\"https:\/\/nordicpadel.com\/sv\/wp-content\/uploads\/sites\/10\/2022\/12\/Nordic-Padel-small_1-1.png\",\"contentUrl\":\"https:\/\/nordicpadel.com\/sv\/wp-content\/uploads\/sites\/10\/2022\/12\/Nordic-Padel-small_1-1.png\",\"width\":400,\"height\":119,\"caption\":\"Nordic Padel\"},\"image\":{\"@id\":\"https:\/\/nordicpadel.com\/sv\/#\/schema\/logo\/image\/\"}}]}<\/script>\n<!-- \/ Yoast SEO plugin. -->","yoast_head_json":{"title":"Varlion Hexagon 8.8 - Nordic Padel","robots":{"index":"index","follow":"follow","max-snippet":"max-snippet:-1","max-image-preview":"max-image-preview:large","max-video-preview":"max-video-preview:-1"},"canonical":"https:\/\/nordicpadel.com\/sv\/product\/varlion-hexagon-8-8\/","og_locale":"sv_SE","og_type":"article","og_title":"Varlion Hexagon 8.8 - Nordic Padel","og_description":"LW Hexagon 8.8 har en rund form samt en l\u00e5g balans, vilket g\u00f6r att padelracket blir v\u00e4ldigt f\u00f6rl\u00e5tande s\u00e5 att \u00e4ven bolltr\u00e4ffar l\u00e4ngre ut mot ramen erbjuder bra fart\/kontroll och tr\u00e4ffk\u00e4nsla. Detta racket erbjuder en otroligt fin kontroll och precision. Med en tr\u00e4ffyta tillverkad i 3 lager av glasfiber samt med k\u00e4rnan Hypersoft EVA i [&hellip;]","og_url":"https:\/\/nordicpadel.com\/sv\/product\/varlion-hexagon-8-8\/","og_site_name":"Nordic Padel","article_modified_time":"2025-11-27T15:53:12+00:00","og_image":[{"width":800,"height":800,"url":"https:\/\/nordicpadel.com\/sv\/wp-content\/uploads\/sites\/10\/2025\/11\/b8483ac5310d0d74c67ee9bbf67c0a11.png","type":"image\/png"}],"twitter_card":"summary_large_image","twitter_misc":{"Ber\u00e4knad l\u00e4stid":"1 minut"},"schema":{"@context":"https:\/\/schema.org","@graph":[{"@type":"WebPage","@id":"https:\/\/nordicpadel.com\/sv\/product\/varlion-hexagon-8-8\/","url":"https:\/\/nordicpadel.com\/sv\/product\/varlion-hexagon-8-8\/","name":"Varlion Hexagon 8.8 - Nordic Padel","isPartOf":{"@id":"https:\/\/nordicpadel.com\/sv\/#website"},"primaryImageOfPage":{"@id":"https:\/\/nordicpadel.com\/sv\/product\/varlion-hexagon-8-8\/#primaryimage"},"image":{"@id":"https:\/\/nordicpadel.com\/sv\/product\/varlion-hexagon-8-8\/#primaryimage"},"thumbnailUrl":"https:\/\/nordicpadel.com\/sv\/wp-content\/uploads\/sites\/10\/2025\/11\/b8483ac5310d0d74c67ee9bbf67c0a11.png","datePublished":"2025-11-26T16:28:45+00:00","dateModified":"2025-11-27T15:53:12+00:00","breadcrumb":{"@id":"https:\/\/nordicpadel.com\/sv\/product\/varlion-hexagon-8-8\/#breadcrumb"},"inLanguage":"sv-SE","potentialAction":[{"@type":"ReadAction","target":["https:\/\/nordicpadel.com\/sv\/product\/varlion-hexagon-8-8\/"]}]},{"@type":"ImageObject","inLanguage":"sv-SE","@id":"https:\/\/nordicpadel.com\/sv\/product\/varlion-hexagon-8-8\/#primaryimage","url":"https:\/\/nordicpadel.com\/sv\/wp-content\/uploads\/sites\/10\/2025\/11\/b8483ac5310d0d74c67ee9bbf67c0a11.png","contentUrl":"https:\/\/nordicpadel.com\/sv\/wp-content\/uploads\/sites\/10\/2025\/11\/b8483ac5310d0d74c67ee9bbf67c0a11.png","width":800,"height":800,"caption":"Varlion Hexagon 8.8"},{"@type":"BreadcrumbList","@id":"https:\/\/nordicpadel.com\/sv\/product\/varlion-hexagon-8-8\/#breadcrumb","itemListElement":[{"@type":"ListItem","position":1,"name":"Hem","item":"https:\/\/nordicpadel.com\/sv\/"},{"@type":"ListItem","position":2,"name":"Shop","item":"https:\/\/nordicpadel.com\/sv\/shop\/"},{"@type":"ListItem","position":3,"name":"Varlion Hexagon 8.8"}]},{"@type":"WebSite","@id":"https:\/\/nordicpadel.com\/sv\/#website","url":"https:\/\/nordicpadel.com\/sv\/","name":"Nordic Padel","description":"","publisher":{"@id":"https:\/\/nordicpadel.com\/sv\/#organization"},"potentialAction":[{"@type":"SearchAction","target":{"@type":"EntryPoint","urlTemplate":"https:\/\/nordicpadel.com\/sv\/?s={search_term_string}"},"query-input":"required name=search_term_string"}],"inLanguage":"sv-SE"},{"@type":"Organization","@id":"https:\/\/nordicpadel.com\/sv\/#organization","name":"Nordic Padel","url":"https:\/\/nordicpadel.com\/sv\/","logo":{"@type":"ImageObject","inLanguage":"sv-SE","@id":"https:\/\/nordicpadel.com\/sv\/#\/schema\/logo\/image\/","url":"https:\/\/nordicpadel.com\/sv\/wp-content\/uploads\/sites\/10\/2022\/12\/Nordic-Padel-small_1-1.png","contentUrl":"https:\/\/nordicpadel.com\/sv\/wp-content\/uploads\/sites\/10\/2022\/12\/Nordic-Padel-small_1-1.png","width":400,"height":119,"caption":"Nordic Padel"},"image":{"@id":"https:\/\/nordicpadel.com\/sv\/#\/schema\/logo\/image\/"}}]}},"brands":[],"_links":{"self":[{"href":"https:\/\/nordicpadel.com\/sv\/wp-json\/wp\/v2\/product\/88264","targetHints":{"allow":["GET"]}}],"collection":[{"href":"https:\/\/nordicpadel.com\/sv\/wp-json\/wp\/v2\/product"}],"about":[{"href":"https:\/\/nordicpadel.com\/sv\/wp-json\/wp\/v2\/types\/product"}],"replies":[{"embeddable":true,"href":"https:\/\/nordicpadel.com\/sv\/wp-json\/wp\/v2\/comments?post=88264"}],"wp:featuredmedia":[{"embeddable":true,"href":"https:\/\/nordicpadel.com\/sv\/wp-json\/wp\/v2\/media\/88255"}],"wp:attachment":[{"href":"https:\/\/nordicpadel.com\/sv\/wp-json\/wp\/v2\/media?parent=88264"}],"wp:term":[{"taxonomy":"pwb-brand","embeddable":true,"href":"https:\/\/nordicpadel.com\/sv\/wp-json\/wp\/v2\/pwb-brand?post=88264"},{"taxonomy":"product_cat","embeddable":true,"href":"https:\/\/nordicpadel.com\/sv\/wp-json\/wp\/v2\/product_cat?post=88264"},{"taxonomy":"product_tag","embeddable":true,"href":"https:\/\/nordicpadel.com\/sv\/wp-json\/wp\/v2\/product_tag?post=88264"},{"taxonomy":"woo-feed-brand","embeddable":true,"href":"https:\/\/nordicpadel.com\/sv\/wp-json\/wp\/v2\/woo-feed-brand?post=88264"}],"curies":[{"name":"wp","href":"https:\/\/api.w.org\/{rel}","templated":true}]}}