{"id":88199,"date":"2025-11-26T17:28:20","date_gmt":"2025-11-26T16:28:20","guid":{"rendered":"https:\/\/nordicpadel.com\/sv\/product\/asics-gel-resolution-8-padel\/"},"modified":"2026-02-02T16:55:34","modified_gmt":"2026-02-02T15:55:34","slug":"asics-gel-resolution-8-padel","status":"publish","type":"product","link":"https:\/\/nordicpadel.com\/sv\/product\/asics-gel-resolution-8-padel\/","title":{"rendered":"ASICS Gel Resolution 8 Padel"},"content":{"rendered":"<p>Asics har tagit fram en renodlad <a href=\"https:\/\/nordicpadel.com\/sv\/product-category\/padelskor\/herr\/\">padelsko<\/a> utav stors\u00e4ljaren Gel-resolution 8, fast nu har skon f\u00e5tt en undersula som \u00e4r optimal f\u00f6r alla typer av padelbanor. S\u00e5 den passar perfekt f\u00f6r dig som spelar padel p\u00e5 mer \u00e4n ett underlag men \u00e4nd\u00e5 vill ha b\u00e4sta grepp och r\u00f6relsef\u00f6rm\u00e5ga p\u00e5 padelbanan. Undersulan \u00e4r indelad i flera olika ytor med olika m\u00f6nster f\u00f6r att ge dig b\u00e4sta m\u00f6jliga f\u00f6ruts\u00e4ttningar att r\u00f6ra dig r\u00e4tt p\u00e5 padelbanan. Gel-resolution 8 Padel \u00e4r Asics mest stabila sko som ger dig s\u00e4kra sidledsf\u00f6rflytttningar och riktigt bra d\u00e4mpning fram och bak. L\u00e4ngs med skons yttersida \u00e5terfinns Dynawall-teknologin som bidrar till \u00f6kad stabilitet men som ocks\u00e5 fungerar som en spr\u00e5ngbr\u00e4da och ger dig extra skjuts i steget n\u00e4r du trycker ifr\u00e5n.<br \/>L\u00e4s g\u00e4rna v\u00e5r <a href=\"https:\/\/nordicpadel.com\/sv\/guide-padelskor\/\">skoguide<\/a> som inneh\u00e5ller tips samt en storleksguide f\u00f6r att hj\u00e4lpa dig hitta r\u00e4tt skor.<\/p>\n","protected":false},"excerpt":{"rendered":"<p>Asics har tagit fram en renodlad padelsko utav stors\u00e4ljaren Gel-resolution 8, fast nu har skon f\u00e5tt en undersula som \u00e4r optimal f\u00f6r alla typer av padelbanor. S\u00e5 den passar perfekt f\u00f6r dig som spelar padel p\u00e5 mer \u00e4n ett underlag men \u00e4nd\u00e5 vill ha b\u00e4sta grepp och r\u00f6relsef\u00f6rm\u00e5ga p\u00e5 padelbanan. Undersulan \u00e4r indelad i flera [&hellip;]<\/p>\n","protected":false},"featured_media":88192,"comment_status":"open","ping_status":"closed","template":"","meta":[],"pwb-brand":[],"product_cat":[38,467],"product_tag":[],"woo-feed-brand":[],"class_list":{"0":"post-88199","1":"product","2":"type-product","3":"status-publish","4":"has-post-thumbnail","6":"product_cat-herr","7":"product_cat-asics","8":"pa_varumarke-asics","10":"first","11":"outofstock","12":"sale","13":"taxable","14":"shipping-taxable","15":"purchasable","16":"product-type-variable"},"bundled_by":[],"bundle_stock_status":"outofstock","bundle_stock_quantity":0,"bundle_virtual":false,"bundle_layout":"","bundle_add_to_cart_form_location":"","bundle_editable_in_cart":false,"bundle_sold_individually_context":"","bundle_item_grouping":"","bundle_min_size":"","bundle_max_size":"","bundled_items":[],"bundle_sell_ids":[],"acf":[],"yoast_head":"<!-- This site is optimized with the Yoast SEO plugin v23.1 - https:\/\/yoast.com\/wordpress\/plugins\/seo\/ -->\n<title>ASICS Gel Resolution 8 Padel - Nordic Padel<\/title>\n<meta name=\"robots\" content=\"index, follow, max-snippet:-1, max-image-preview:large, max-video-preview:-1\" \/>\n<link rel=\"canonical\" href=\"https:\/\/nordicpadel.com\/sv\/product\/asics-gel-resolution-8-padel\/\" \/>\n<meta property=\"og:locale\" content=\"sv_SE\" \/>\n<meta property=\"og:type\" content=\"article\" \/>\n<meta property=\"og:title\" content=\"ASICS Gel Resolution 8 Padel - Nordic Padel\" \/>\n<meta property=\"og:description\" content=\"Asics har tagit fram en renodlad padelsko utav stors\u00e4ljaren Gel-resolution 8, fast nu har skon f\u00e5tt en undersula som \u00e4r optimal f\u00f6r alla typer av padelbanor. S\u00e5 den passar perfekt f\u00f6r dig som spelar padel p\u00e5 mer \u00e4n ett underlag men \u00e4nd\u00e5 vill ha b\u00e4sta grepp och r\u00f6relsef\u00f6rm\u00e5ga p\u00e5 padelbanan. Undersulan \u00e4r indelad i flera [&hellip;]\" \/>\n<meta property=\"og:url\" content=\"https:\/\/nordicpadel.com\/sv\/product\/asics-gel-resolution-8-padel\/\" \/>\n<meta property=\"og:site_name\" content=\"Nordic Padel\" \/>\n<meta property=\"article:modified_time\" content=\"2026-02-02T15:55:34+00:00\" \/>\n<meta property=\"og:image\" content=\"https:\/\/nordicpadel.com\/sv\/wp-content\/uploads\/sites\/10\/2025\/11\/d1e1ec6d431ae833d3a8347ebf12246b.png\" \/>\n\t<meta property=\"og:image:width\" content=\"800\" \/>\n\t<meta property=\"og:image:height\" content=\"800\" \/>\n\t<meta property=\"og:image:type\" content=\"image\/png\" \/>\n<meta name=\"twitter:card\" content=\"summary_large_image\" \/>\n<meta name=\"twitter:label1\" content=\"Ber\u00e4knad l\u00e4stid\" \/>\n\t<meta name=\"twitter:data1\" content=\"1 minut\" \/>\n<script type=\"application\/ld+json\" class=\"yoast-schema-graph\">{\"@context\":\"https:\/\/schema.org\",\"@graph\":[{\"@type\":\"WebPage\",\"@id\":\"https:\/\/nordicpadel.com\/sv\/product\/asics-gel-resolution-8-padel\/\",\"url\":\"https:\/\/nordicpadel.com\/sv\/product\/asics-gel-resolution-8-padel\/\",\"name\":\"ASICS Gel Resolution 8 Padel - Nordic Padel\",\"isPartOf\":{\"@id\":\"https:\/\/nordicpadel.com\/sv\/#website\"},\"primaryImageOfPage\":{\"@id\":\"https:\/\/nordicpadel.com\/sv\/product\/asics-gel-resolution-8-padel\/#primaryimage\"},\"image\":{\"@id\":\"https:\/\/nordicpadel.com\/sv\/product\/asics-gel-resolution-8-padel\/#primaryimage\"},\"thumbnailUrl\":\"https:\/\/nordicpadel.com\/sv\/wp-content\/uploads\/sites\/10\/2025\/11\/d1e1ec6d431ae833d3a8347ebf12246b.png\",\"datePublished\":\"2025-11-26T16:28:20+00:00\",\"dateModified\":\"2026-02-02T15:55:34+00:00\",\"breadcrumb\":{\"@id\":\"https:\/\/nordicpadel.com\/sv\/product\/asics-gel-resolution-8-padel\/#breadcrumb\"},\"inLanguage\":\"sv-SE\",\"potentialAction\":[{\"@type\":\"ReadAction\",\"target\":[\"https:\/\/nordicpadel.com\/sv\/product\/asics-gel-resolution-8-padel\/\"]}]},{\"@type\":\"ImageObject\",\"inLanguage\":\"sv-SE\",\"@id\":\"https:\/\/nordicpadel.com\/sv\/product\/asics-gel-resolution-8-padel\/#primaryimage\",\"url\":\"https:\/\/nordicpadel.com\/sv\/wp-content\/uploads\/sites\/10\/2025\/11\/d1e1ec6d431ae833d3a8347ebf12246b.png\",\"contentUrl\":\"https:\/\/nordicpadel.com\/sv\/wp-content\/uploads\/sites\/10\/2025\/11\/d1e1ec6d431ae833d3a8347ebf12246b.png\",\"width\":800,\"height\":800,\"caption\":\"ASICS Gel Resolution 8 Padel\"},{\"@type\":\"BreadcrumbList\",\"@id\":\"https:\/\/nordicpadel.com\/sv\/product\/asics-gel-resolution-8-padel\/#breadcrumb\",\"itemListElement\":[{\"@type\":\"ListItem\",\"position\":1,\"name\":\"Hem\",\"item\":\"https:\/\/nordicpadel.com\/sv\/\"},{\"@type\":\"ListItem\",\"position\":2,\"name\":\"Shop\",\"item\":\"https:\/\/nordicpadel.com\/sv\/shop\/\"},{\"@type\":\"ListItem\",\"position\":3,\"name\":\"ASICS Gel Resolution 8 Padel\"}]},{\"@type\":\"WebSite\",\"@id\":\"https:\/\/nordicpadel.com\/sv\/#website\",\"url\":\"https:\/\/nordicpadel.com\/sv\/\",\"name\":\"Nordic Padel\",\"description\":\"\",\"publisher\":{\"@id\":\"https:\/\/nordicpadel.com\/sv\/#organization\"},\"potentialAction\":[{\"@type\":\"SearchAction\",\"target\":{\"@type\":\"EntryPoint\",\"urlTemplate\":\"https:\/\/nordicpadel.com\/sv\/?s={search_term_string}\"},\"query-input\":\"required name=search_term_string\"}],\"inLanguage\":\"sv-SE\"},{\"@type\":\"Organization\",\"@id\":\"https:\/\/nordicpadel.com\/sv\/#organization\",\"name\":\"Nordic Padel\",\"url\":\"https:\/\/nordicpadel.com\/sv\/\",\"logo\":{\"@type\":\"ImageObject\",\"inLanguage\":\"sv-SE\",\"@id\":\"https:\/\/nordicpadel.com\/sv\/#\/schema\/logo\/image\/\",\"url\":\"https:\/\/nordicpadel.com\/sv\/wp-content\/uploads\/sites\/10\/2022\/12\/Nordic-Padel-small_1-1.png\",\"contentUrl\":\"https:\/\/nordicpadel.com\/sv\/wp-content\/uploads\/sites\/10\/2022\/12\/Nordic-Padel-small_1-1.png\",\"width\":400,\"height\":119,\"caption\":\"Nordic Padel\"},\"image\":{\"@id\":\"https:\/\/nordicpadel.com\/sv\/#\/schema\/logo\/image\/\"}}]}<\/script>\n<!-- \/ Yoast SEO plugin. -->","yoast_head_json":{"title":"ASICS Gel Resolution 8 Padel - Nordic Padel","robots":{"index":"index","follow":"follow","max-snippet":"max-snippet:-1","max-image-preview":"max-image-preview:large","max-video-preview":"max-video-preview:-1"},"canonical":"https:\/\/nordicpadel.com\/sv\/product\/asics-gel-resolution-8-padel\/","og_locale":"sv_SE","og_type":"article","og_title":"ASICS Gel Resolution 8 Padel - Nordic Padel","og_description":"Asics har tagit fram en renodlad padelsko utav stors\u00e4ljaren Gel-resolution 8, fast nu har skon f\u00e5tt en undersula som \u00e4r optimal f\u00f6r alla typer av padelbanor. S\u00e5 den passar perfekt f\u00f6r dig som spelar padel p\u00e5 mer \u00e4n ett underlag men \u00e4nd\u00e5 vill ha b\u00e4sta grepp och r\u00f6relsef\u00f6rm\u00e5ga p\u00e5 padelbanan. Undersulan \u00e4r indelad i flera [&hellip;]","og_url":"https:\/\/nordicpadel.com\/sv\/product\/asics-gel-resolution-8-padel\/","og_site_name":"Nordic Padel","article_modified_time":"2026-02-02T15:55:34+00:00","og_image":[{"width":800,"height":800,"url":"https:\/\/nordicpadel.com\/sv\/wp-content\/uploads\/sites\/10\/2025\/11\/d1e1ec6d431ae833d3a8347ebf12246b.png","type":"image\/png"}],"twitter_card":"summary_large_image","twitter_misc":{"Ber\u00e4knad l\u00e4stid":"1 minut"},"schema":{"@context":"https:\/\/schema.org","@graph":[{"@type":"WebPage","@id":"https:\/\/nordicpadel.com\/sv\/product\/asics-gel-resolution-8-padel\/","url":"https:\/\/nordicpadel.com\/sv\/product\/asics-gel-resolution-8-padel\/","name":"ASICS Gel Resolution 8 Padel - Nordic Padel","isPartOf":{"@id":"https:\/\/nordicpadel.com\/sv\/#website"},"primaryImageOfPage":{"@id":"https:\/\/nordicpadel.com\/sv\/product\/asics-gel-resolution-8-padel\/#primaryimage"},"image":{"@id":"https:\/\/nordicpadel.com\/sv\/product\/asics-gel-resolution-8-padel\/#primaryimage"},"thumbnailUrl":"https:\/\/nordicpadel.com\/sv\/wp-content\/uploads\/sites\/10\/2025\/11\/d1e1ec6d431ae833d3a8347ebf12246b.png","datePublished":"2025-11-26T16:28:20+00:00","dateModified":"2026-02-02T15:55:34+00:00","breadcrumb":{"@id":"https:\/\/nordicpadel.com\/sv\/product\/asics-gel-resolution-8-padel\/#breadcrumb"},"inLanguage":"sv-SE","potentialAction":[{"@type":"ReadAction","target":["https:\/\/nordicpadel.com\/sv\/product\/asics-gel-resolution-8-padel\/"]}]},{"@type":"ImageObject","inLanguage":"sv-SE","@id":"https:\/\/nordicpadel.com\/sv\/product\/asics-gel-resolution-8-padel\/#primaryimage","url":"https:\/\/nordicpadel.com\/sv\/wp-content\/uploads\/sites\/10\/2025\/11\/d1e1ec6d431ae833d3a8347ebf12246b.png","contentUrl":"https:\/\/nordicpadel.com\/sv\/wp-content\/uploads\/sites\/10\/2025\/11\/d1e1ec6d431ae833d3a8347ebf12246b.png","width":800,"height":800,"caption":"ASICS Gel Resolution 8 Padel"},{"@type":"BreadcrumbList","@id":"https:\/\/nordicpadel.com\/sv\/product\/asics-gel-resolution-8-padel\/#breadcrumb","itemListElement":[{"@type":"ListItem","position":1,"name":"Hem","item":"https:\/\/nordicpadel.com\/sv\/"},{"@type":"ListItem","position":2,"name":"Shop","item":"https:\/\/nordicpadel.com\/sv\/shop\/"},{"@type":"ListItem","position":3,"name":"ASICS Gel Resolution 8 Padel"}]},{"@type":"WebSite","@id":"https:\/\/nordicpadel.com\/sv\/#website","url":"https:\/\/nordicpadel.com\/sv\/","name":"Nordic Padel","description":"","publisher":{"@id":"https:\/\/nordicpadel.com\/sv\/#organization"},"potentialAction":[{"@type":"SearchAction","target":{"@type":"EntryPoint","urlTemplate":"https:\/\/nordicpadel.com\/sv\/?s={search_term_string}"},"query-input":"required name=search_term_string"}],"inLanguage":"sv-SE"},{"@type":"Organization","@id":"https:\/\/nordicpadel.com\/sv\/#organization","name":"Nordic Padel","url":"https:\/\/nordicpadel.com\/sv\/","logo":{"@type":"ImageObject","inLanguage":"sv-SE","@id":"https:\/\/nordicpadel.com\/sv\/#\/schema\/logo\/image\/","url":"https:\/\/nordicpadel.com\/sv\/wp-content\/uploads\/sites\/10\/2022\/12\/Nordic-Padel-small_1-1.png","contentUrl":"https:\/\/nordicpadel.com\/sv\/wp-content\/uploads\/sites\/10\/2022\/12\/Nordic-Padel-small_1-1.png","width":400,"height":119,"caption":"Nordic Padel"},"image":{"@id":"https:\/\/nordicpadel.com\/sv\/#\/schema\/logo\/image\/"}}]}},"brands":[],"_links":{"self":[{"href":"https:\/\/nordicpadel.com\/sv\/wp-json\/wp\/v2\/product\/88199","targetHints":{"allow":["GET"]}}],"collection":[{"href":"https:\/\/nordicpadel.com\/sv\/wp-json\/wp\/v2\/product"}],"about":[{"href":"https:\/\/nordicpadel.com\/sv\/wp-json\/wp\/v2\/types\/product"}],"replies":[{"embeddable":true,"href":"https:\/\/nordicpadel.com\/sv\/wp-json\/wp\/v2\/comments?post=88199"}],"wp:featuredmedia":[{"embeddable":true,"href":"https:\/\/nordicpadel.com\/sv\/wp-json\/wp\/v2\/media\/88192"}],"wp:attachment":[{"href":"https:\/\/nordicpadel.com\/sv\/wp-json\/wp\/v2\/media?parent=88199"}],"wp:term":[{"taxonomy":"pwb-brand","embeddable":true,"href":"https:\/\/nordicpadel.com\/sv\/wp-json\/wp\/v2\/pwb-brand?post=88199"},{"taxonomy":"product_cat","embeddable":true,"href":"https:\/\/nordicpadel.com\/sv\/wp-json\/wp\/v2\/product_cat?post=88199"},{"taxonomy":"product_tag","embeddable":true,"href":"https:\/\/nordicpadel.com\/sv\/wp-json\/wp\/v2\/product_tag?post=88199"},{"taxonomy":"woo-feed-brand","embeddable":true,"href":"https:\/\/nordicpadel.com\/sv\/wp-json\/wp\/v2\/woo-feed-brand?post=88199"}],"curies":[{"name":"wp","href":"https:\/\/api.w.org\/{rel}","templated":true}]}}