{"id":88105,"date":"2025-11-26T17:27:28","date_gmt":"2025-11-26T16:27:28","guid":{"rendered":"https:\/\/nordicpadel.com\/sv\/product\/dopadel-taurus\/"},"modified":"2025-11-26T21:36:31","modified_gmt":"2025-11-26T20:36:31","slug":"dopadel-taurus","status":"publish","type":"product","link":"https:\/\/nordicpadel.com\/sv\/product\/dopadel-taurus\/","title":{"rendered":"DOPADEL Taurus"},"content":{"rendered":"<p>DoPadel \u00e4r ett svensk padelm\u00e4rke fr\u00e5n G\u00f6teborg som tagit fram en serie h\u00f6gkvalitativa <a href=\"https:\/\/nordicpadel.com\/sv\/product-category\/padelracket\/\">padelracket<\/a>ar, handtillverkade i en av Spaniens mest ansedda fabriker.<br \/>Taurus 2022 har f\u00e5tt en slagyta i 12K kolfiber f\u00f6r att ge spelaren access till kraft och fart i spelet.&nbsp;<\/p>\n<p>Detta tillsammans med ramens uppbyggnad som \u00e4r gjord utav en blandning mellan kolfiber och glasfiber g\u00f6r racket mer slitstarkt och samtidigt reduceras o\u00f6nskade vibrationer. Den 5-lagerslaminerade RQ5 Black-k\u00e4rnan ger racket m\u00e5ngsidiga egenskaper och skapar en fin balans av k\u00e4nsla och fart, \u00e4ven om racket har sin styrka fr\u00e4mst i det offensiva spelet.<\/p>\n<p>Vidare har racket en droppform med en medelbalans. Givetvis \u00e4r det \u00e4ven utrustat med den patenterade gummiytan som b\u00e5de reducerar vibrationer. Vi anser att detta racket passar f\u00f6r spelaren som spelar offensivt och g\u00e5r mycket p\u00e5 avg\u00f6rande slag, men samtidigt vill ha mycket kontroll och balans.<\/p>\n","protected":false},"excerpt":{"rendered":"<p>DoPadel \u00e4r ett svensk padelm\u00e4rke fr\u00e5n G\u00f6teborg som tagit fram en serie h\u00f6gkvalitativa padelracketar, handtillverkade i en av Spaniens mest ansedda fabriker.Taurus 2022 har f\u00e5tt en slagyta i 12K kolfiber f\u00f6r att ge spelaren access till kraft och fart i spelet.&nbsp; Detta tillsammans med ramens uppbyggnad som \u00e4r gjord utav en blandning mellan kolfiber och [&hellip;]<\/p>\n","protected":false},"featured_media":88103,"comment_status":"open","ping_status":"closed","template":"","meta":[],"pwb-brand":[],"product_cat":[16],"product_tag":[],"woo-feed-brand":[],"class_list":{"0":"post-88105","1":"product","2":"type-product","3":"status-publish","4":"has-post-thumbnail","6":"product_cat-padelracket","7":"pa_varumarke-dopadel","9":"first","10":"outofstock","11":"taxable","12":"shipping-taxable","13":"purchasable","14":"product-type-simple"},"bundled_by":[],"bundle_stock_status":"outofstock","bundle_stock_quantity":0,"bundle_virtual":false,"bundle_layout":"","bundle_add_to_cart_form_location":"","bundle_editable_in_cart":false,"bundle_sold_individually_context":"","bundle_item_grouping":"","bundle_min_size":"","bundle_max_size":"","bundled_items":[],"bundle_sell_ids":[],"acf":[],"yoast_head":"<!-- This site is optimized with the Yoast SEO plugin v23.1 - https:\/\/yoast.com\/wordpress\/plugins\/seo\/ -->\n<title>DOPADEL Taurus - Nordic Padel<\/title>\n<meta name=\"robots\" content=\"index, follow, max-snippet:-1, max-image-preview:large, max-video-preview:-1\" \/>\n<link rel=\"canonical\" href=\"https:\/\/nordicpadel.com\/sv\/product\/dopadel-taurus\/\" \/>\n<meta property=\"og:locale\" content=\"sv_SE\" \/>\n<meta property=\"og:type\" content=\"article\" \/>\n<meta property=\"og:title\" content=\"DOPADEL Taurus - Nordic Padel\" \/>\n<meta property=\"og:description\" content=\"DoPadel \u00e4r ett svensk padelm\u00e4rke fr\u00e5n G\u00f6teborg som tagit fram en serie h\u00f6gkvalitativa padelracketar, handtillverkade i en av Spaniens mest ansedda fabriker.Taurus 2022 har f\u00e5tt en slagyta i 12K kolfiber f\u00f6r att ge spelaren access till kraft och fart i spelet.&nbsp; Detta tillsammans med ramens uppbyggnad som \u00e4r gjord utav en blandning mellan kolfiber och [&hellip;]\" \/>\n<meta property=\"og:url\" content=\"https:\/\/nordicpadel.com\/sv\/product\/dopadel-taurus\/\" \/>\n<meta property=\"og:site_name\" content=\"Nordic Padel\" \/>\n<meta property=\"article:modified_time\" content=\"2025-11-26T20:36:31+00:00\" \/>\n<meta property=\"og:image\" content=\"https:\/\/nordicpadel.com\/sv\/wp-content\/uploads\/sites\/10\/2025\/11\/849fd961f33ff2713a1e96a7183509e7.png\" \/>\n\t<meta property=\"og:image:width\" content=\"800\" \/>\n\t<meta property=\"og:image:height\" content=\"800\" \/>\n\t<meta property=\"og:image:type\" content=\"image\/png\" \/>\n<meta name=\"twitter:card\" content=\"summary_large_image\" \/>\n<meta name=\"twitter:label1\" content=\"Ber\u00e4knad l\u00e4stid\" \/>\n\t<meta name=\"twitter:data1\" content=\"1 minut\" \/>\n<script type=\"application\/ld+json\" class=\"yoast-schema-graph\">{\"@context\":\"https:\/\/schema.org\",\"@graph\":[{\"@type\":\"WebPage\",\"@id\":\"https:\/\/nordicpadel.com\/sv\/product\/dopadel-taurus\/\",\"url\":\"https:\/\/nordicpadel.com\/sv\/product\/dopadel-taurus\/\",\"name\":\"DOPADEL Taurus - Nordic Padel\",\"isPartOf\":{\"@id\":\"https:\/\/nordicpadel.com\/sv\/#website\"},\"primaryImageOfPage\":{\"@id\":\"https:\/\/nordicpadel.com\/sv\/product\/dopadel-taurus\/#primaryimage\"},\"image\":{\"@id\":\"https:\/\/nordicpadel.com\/sv\/product\/dopadel-taurus\/#primaryimage\"},\"thumbnailUrl\":\"https:\/\/nordicpadel.com\/sv\/wp-content\/uploads\/sites\/10\/2025\/11\/849fd961f33ff2713a1e96a7183509e7.png\",\"datePublished\":\"2025-11-26T16:27:28+00:00\",\"dateModified\":\"2025-11-26T20:36:31+00:00\",\"breadcrumb\":{\"@id\":\"https:\/\/nordicpadel.com\/sv\/product\/dopadel-taurus\/#breadcrumb\"},\"inLanguage\":\"sv-SE\",\"potentialAction\":[{\"@type\":\"ReadAction\",\"target\":[\"https:\/\/nordicpadel.com\/sv\/product\/dopadel-taurus\/\"]}]},{\"@type\":\"ImageObject\",\"inLanguage\":\"sv-SE\",\"@id\":\"https:\/\/nordicpadel.com\/sv\/product\/dopadel-taurus\/#primaryimage\",\"url\":\"https:\/\/nordicpadel.com\/sv\/wp-content\/uploads\/sites\/10\/2025\/11\/849fd961f33ff2713a1e96a7183509e7.png\",\"contentUrl\":\"https:\/\/nordicpadel.com\/sv\/wp-content\/uploads\/sites\/10\/2025\/11\/849fd961f33ff2713a1e96a7183509e7.png\",\"width\":800,\"height\":800,\"caption\":\"DOPADEL Taurus\"},{\"@type\":\"BreadcrumbList\",\"@id\":\"https:\/\/nordicpadel.com\/sv\/product\/dopadel-taurus\/#breadcrumb\",\"itemListElement\":[{\"@type\":\"ListItem\",\"position\":1,\"name\":\"Hem\",\"item\":\"https:\/\/nordicpadel.com\/sv\/\"},{\"@type\":\"ListItem\",\"position\":2,\"name\":\"Shop\",\"item\":\"https:\/\/nordicpadel.com\/sv\/shop\/\"},{\"@type\":\"ListItem\",\"position\":3,\"name\":\"DOPADEL Taurus\"}]},{\"@type\":\"WebSite\",\"@id\":\"https:\/\/nordicpadel.com\/sv\/#website\",\"url\":\"https:\/\/nordicpadel.com\/sv\/\",\"name\":\"Nordic Padel\",\"description\":\"\",\"publisher\":{\"@id\":\"https:\/\/nordicpadel.com\/sv\/#organization\"},\"potentialAction\":[{\"@type\":\"SearchAction\",\"target\":{\"@type\":\"EntryPoint\",\"urlTemplate\":\"https:\/\/nordicpadel.com\/sv\/?s={search_term_string}\"},\"query-input\":\"required name=search_term_string\"}],\"inLanguage\":\"sv-SE\"},{\"@type\":\"Organization\",\"@id\":\"https:\/\/nordicpadel.com\/sv\/#organization\",\"name\":\"Nordic Padel\",\"url\":\"https:\/\/nordicpadel.com\/sv\/\",\"logo\":{\"@type\":\"ImageObject\",\"inLanguage\":\"sv-SE\",\"@id\":\"https:\/\/nordicpadel.com\/sv\/#\/schema\/logo\/image\/\",\"url\":\"https:\/\/nordicpadel.com\/sv\/wp-content\/uploads\/sites\/10\/2022\/12\/Nordic-Padel-small_1-1.png\",\"contentUrl\":\"https:\/\/nordicpadel.com\/sv\/wp-content\/uploads\/sites\/10\/2022\/12\/Nordic-Padel-small_1-1.png\",\"width\":400,\"height\":119,\"caption\":\"Nordic Padel\"},\"image\":{\"@id\":\"https:\/\/nordicpadel.com\/sv\/#\/schema\/logo\/image\/\"}}]}<\/script>\n<!-- \/ Yoast SEO plugin. -->","yoast_head_json":{"title":"DOPADEL Taurus - Nordic Padel","robots":{"index":"index","follow":"follow","max-snippet":"max-snippet:-1","max-image-preview":"max-image-preview:large","max-video-preview":"max-video-preview:-1"},"canonical":"https:\/\/nordicpadel.com\/sv\/product\/dopadel-taurus\/","og_locale":"sv_SE","og_type":"article","og_title":"DOPADEL Taurus - Nordic Padel","og_description":"DoPadel \u00e4r ett svensk padelm\u00e4rke fr\u00e5n G\u00f6teborg som tagit fram en serie h\u00f6gkvalitativa padelracketar, handtillverkade i en av Spaniens mest ansedda fabriker.Taurus 2022 har f\u00e5tt en slagyta i 12K kolfiber f\u00f6r att ge spelaren access till kraft och fart i spelet.&nbsp; Detta tillsammans med ramens uppbyggnad som \u00e4r gjord utav en blandning mellan kolfiber och [&hellip;]","og_url":"https:\/\/nordicpadel.com\/sv\/product\/dopadel-taurus\/","og_site_name":"Nordic Padel","article_modified_time":"2025-11-26T20:36:31+00:00","og_image":[{"width":800,"height":800,"url":"https:\/\/nordicpadel.com\/sv\/wp-content\/uploads\/sites\/10\/2025\/11\/849fd961f33ff2713a1e96a7183509e7.png","type":"image\/png"}],"twitter_card":"summary_large_image","twitter_misc":{"Ber\u00e4knad l\u00e4stid":"1 minut"},"schema":{"@context":"https:\/\/schema.org","@graph":[{"@type":"WebPage","@id":"https:\/\/nordicpadel.com\/sv\/product\/dopadel-taurus\/","url":"https:\/\/nordicpadel.com\/sv\/product\/dopadel-taurus\/","name":"DOPADEL Taurus - Nordic Padel","isPartOf":{"@id":"https:\/\/nordicpadel.com\/sv\/#website"},"primaryImageOfPage":{"@id":"https:\/\/nordicpadel.com\/sv\/product\/dopadel-taurus\/#primaryimage"},"image":{"@id":"https:\/\/nordicpadel.com\/sv\/product\/dopadel-taurus\/#primaryimage"},"thumbnailUrl":"https:\/\/nordicpadel.com\/sv\/wp-content\/uploads\/sites\/10\/2025\/11\/849fd961f33ff2713a1e96a7183509e7.png","datePublished":"2025-11-26T16:27:28+00:00","dateModified":"2025-11-26T20:36:31+00:00","breadcrumb":{"@id":"https:\/\/nordicpadel.com\/sv\/product\/dopadel-taurus\/#breadcrumb"},"inLanguage":"sv-SE","potentialAction":[{"@type":"ReadAction","target":["https:\/\/nordicpadel.com\/sv\/product\/dopadel-taurus\/"]}]},{"@type":"ImageObject","inLanguage":"sv-SE","@id":"https:\/\/nordicpadel.com\/sv\/product\/dopadel-taurus\/#primaryimage","url":"https:\/\/nordicpadel.com\/sv\/wp-content\/uploads\/sites\/10\/2025\/11\/849fd961f33ff2713a1e96a7183509e7.png","contentUrl":"https:\/\/nordicpadel.com\/sv\/wp-content\/uploads\/sites\/10\/2025\/11\/849fd961f33ff2713a1e96a7183509e7.png","width":800,"height":800,"caption":"DOPADEL Taurus"},{"@type":"BreadcrumbList","@id":"https:\/\/nordicpadel.com\/sv\/product\/dopadel-taurus\/#breadcrumb","itemListElement":[{"@type":"ListItem","position":1,"name":"Hem","item":"https:\/\/nordicpadel.com\/sv\/"},{"@type":"ListItem","position":2,"name":"Shop","item":"https:\/\/nordicpadel.com\/sv\/shop\/"},{"@type":"ListItem","position":3,"name":"DOPADEL Taurus"}]},{"@type":"WebSite","@id":"https:\/\/nordicpadel.com\/sv\/#website","url":"https:\/\/nordicpadel.com\/sv\/","name":"Nordic Padel","description":"","publisher":{"@id":"https:\/\/nordicpadel.com\/sv\/#organization"},"potentialAction":[{"@type":"SearchAction","target":{"@type":"EntryPoint","urlTemplate":"https:\/\/nordicpadel.com\/sv\/?s={search_term_string}"},"query-input":"required name=search_term_string"}],"inLanguage":"sv-SE"},{"@type":"Organization","@id":"https:\/\/nordicpadel.com\/sv\/#organization","name":"Nordic Padel","url":"https:\/\/nordicpadel.com\/sv\/","logo":{"@type":"ImageObject","inLanguage":"sv-SE","@id":"https:\/\/nordicpadel.com\/sv\/#\/schema\/logo\/image\/","url":"https:\/\/nordicpadel.com\/sv\/wp-content\/uploads\/sites\/10\/2022\/12\/Nordic-Padel-small_1-1.png","contentUrl":"https:\/\/nordicpadel.com\/sv\/wp-content\/uploads\/sites\/10\/2022\/12\/Nordic-Padel-small_1-1.png","width":400,"height":119,"caption":"Nordic Padel"},"image":{"@id":"https:\/\/nordicpadel.com\/sv\/#\/schema\/logo\/image\/"}}]}},"brands":[],"_links":{"self":[{"href":"https:\/\/nordicpadel.com\/sv\/wp-json\/wp\/v2\/product\/88105","targetHints":{"allow":["GET"]}}],"collection":[{"href":"https:\/\/nordicpadel.com\/sv\/wp-json\/wp\/v2\/product"}],"about":[{"href":"https:\/\/nordicpadel.com\/sv\/wp-json\/wp\/v2\/types\/product"}],"replies":[{"embeddable":true,"href":"https:\/\/nordicpadel.com\/sv\/wp-json\/wp\/v2\/comments?post=88105"}],"wp:featuredmedia":[{"embeddable":true,"href":"https:\/\/nordicpadel.com\/sv\/wp-json\/wp\/v2\/media\/88103"}],"wp:attachment":[{"href":"https:\/\/nordicpadel.com\/sv\/wp-json\/wp\/v2\/media?parent=88105"}],"wp:term":[{"taxonomy":"pwb-brand","embeddable":true,"href":"https:\/\/nordicpadel.com\/sv\/wp-json\/wp\/v2\/pwb-brand?post=88105"},{"taxonomy":"product_cat","embeddable":true,"href":"https:\/\/nordicpadel.com\/sv\/wp-json\/wp\/v2\/product_cat?post=88105"},{"taxonomy":"product_tag","embeddable":true,"href":"https:\/\/nordicpadel.com\/sv\/wp-json\/wp\/v2\/product_tag?post=88105"},{"taxonomy":"woo-feed-brand","embeddable":true,"href":"https:\/\/nordicpadel.com\/sv\/wp-json\/wp\/v2\/woo-feed-brand?post=88105"}],"curies":[{"name":"wp","href":"https:\/\/api.w.org\/{rel}","templated":true}]}}