{"id":88026,"date":"2025-11-26T17:26:04","date_gmt":"2025-11-26T16:26:04","guid":{"rendered":"https:\/\/nordicpadel.com\/sv\/product\/head-club-skirt-long-5\/"},"modified":"2025-12-02T07:04:04","modified_gmt":"2025-12-02T06:04:04","slug":"head-club-skirt-long-5","status":"publish","type":"product","link":"https:\/\/nordicpadel.com\/sv\/product\/head-club-skirt-long-5\/","title":{"rendered":"HEAD Club Skirt Long"},"content":{"rendered":"<p>Letar du ocks\u00e5 efter tenniskjolar\/padelkjolar som \u00e4r lite l\u00e4ngre? M\u00e5nga tenniskjolar har en tendens att uppfattas vara alldeles f\u00f6r korta, men h\u00e4r har du verkligen chansen att k\u00f6pa en lite l\u00e4ngre tenniskjol med integrerade innershorts. Tenniskjolen\/Padelkjolen \u00e4r 7cm l\u00e4ngre \u00e4n standardkjolar vilket g\u00f6r att denna har blivit en riktigt popul\u00e4r tenniskjol bland m\u00e5nga kvinnor som f\u00f6redrar lite l\u00e4ngd p\u00e5 kjolen. Kjolen har h\u00f6gre midja vilket g\u00f6r att passformen blir b\u00e4ttre. Obs, tvekar du mellan tv\u00e5 storlekar, tag en storlek mindre d\u00e5 dessa kjolar upplevs som stora i m\u00e5tten. F\u00e4rg: Marinbl\u00e5 Material: Poyester med funktion (H\u00e5ller dig torr p\u00e5 banan Tv\u00e4ttr\u00e5d: maskintv\u00e4tt, 40 grader syntet<\/p>\n","protected":false},"excerpt":{"rendered":"<p>Letar du ocks\u00e5 efter tenniskjolar\/padelkjolar som \u00e4r lite l\u00e4ngre? M\u00e5nga tenniskjolar har en tendens att uppfattas vara alldeles f\u00f6r korta, men h\u00e4r har du verkligen chansen att k\u00f6pa en lite l\u00e4ngre tenniskjol med integrerade innershorts. Tenniskjolen\/Padelkjolen \u00e4r 7cm l\u00e4ngre \u00e4n standardkjolar vilket g\u00f6r att denna har blivit en riktigt popul\u00e4r tenniskjol bland m\u00e5nga kvinnor som [&hellip;]<\/p>\n","protected":false},"featured_media":88021,"comment_status":"open","ping_status":"closed","template":"","meta":[],"pwb-brand":[],"product_cat":[459],"product_tag":[],"woo-feed-brand":[],"class_list":{"0":"post-88026","1":"product","2":"type-product","3":"status-publish","4":"has-post-thumbnail","6":"product_cat-head","7":"pa_varumarke-head","9":"first","10":"instock","11":"taxable","12":"shipping-taxable","13":"purchasable","14":"product-type-variable"},"bundled_by":[],"bundle_stock_status":"instock","bundle_stock_quantity":2,"bundle_virtual":false,"bundle_layout":"","bundle_add_to_cart_form_location":"","bundle_editable_in_cart":false,"bundle_sold_individually_context":"","bundle_item_grouping":"","bundle_min_size":"","bundle_max_size":"","bundled_items":[],"bundle_sell_ids":[],"acf":[],"yoast_head":"<!-- This site is optimized with the Yoast SEO plugin v23.1 - https:\/\/yoast.com\/wordpress\/plugins\/seo\/ -->\n<title>HEAD Club Skirt Long - Nordic Padel<\/title>\n<meta name=\"robots\" content=\"index, follow, max-snippet:-1, max-image-preview:large, max-video-preview:-1\" \/>\n<link rel=\"canonical\" href=\"https:\/\/nordicpadel.com\/sv\/product\/head-club-skirt-long-5\/\" \/>\n<meta property=\"og:locale\" content=\"sv_SE\" \/>\n<meta property=\"og:type\" content=\"article\" \/>\n<meta property=\"og:title\" content=\"HEAD Club Skirt Long - Nordic Padel\" \/>\n<meta property=\"og:description\" content=\"Letar du ocks\u00e5 efter tenniskjolar\/padelkjolar som \u00e4r lite l\u00e4ngre? M\u00e5nga tenniskjolar har en tendens att uppfattas vara alldeles f\u00f6r korta, men h\u00e4r har du verkligen chansen att k\u00f6pa en lite l\u00e4ngre tenniskjol med integrerade innershorts. Tenniskjolen\/Padelkjolen \u00e4r 7cm l\u00e4ngre \u00e4n standardkjolar vilket g\u00f6r att denna har blivit en riktigt popul\u00e4r tenniskjol bland m\u00e5nga kvinnor som [&hellip;]\" \/>\n<meta property=\"og:url\" content=\"https:\/\/nordicpadel.com\/sv\/product\/head-club-skirt-long-5\/\" \/>\n<meta property=\"og:site_name\" content=\"Nordic Padel\" \/>\n<meta property=\"article:modified_time\" content=\"2025-12-02T06:04:04+00:00\" \/>\n<meta name=\"twitter:card\" content=\"summary_large_image\" \/>\n<meta name=\"twitter:label1\" content=\"Ber\u00e4knad l\u00e4stid\" \/>\n\t<meta name=\"twitter:data1\" content=\"1 minut\" \/>\n<script type=\"application\/ld+json\" class=\"yoast-schema-graph\">{\"@context\":\"https:\/\/schema.org\",\"@graph\":[{\"@type\":\"WebPage\",\"@id\":\"https:\/\/nordicpadel.com\/sv\/product\/head-club-skirt-long-5\/\",\"url\":\"https:\/\/nordicpadel.com\/sv\/product\/head-club-skirt-long-5\/\",\"name\":\"HEAD Club Skirt Long - Nordic Padel\",\"isPartOf\":{\"@id\":\"https:\/\/nordicpadel.com\/sv\/#website\"},\"primaryImageOfPage\":{\"@id\":\"https:\/\/nordicpadel.com\/sv\/product\/head-club-skirt-long-5\/#primaryimage\"},\"image\":{\"@id\":\"https:\/\/nordicpadel.com\/sv\/product\/head-club-skirt-long-5\/#primaryimage\"},\"thumbnailUrl\":\"https:\/\/nordicpadel.com\/sv\/wp-content\/uploads\/sites\/10\/2025\/11\/de2f88f275c4b0adeee26cda5acd90a8.png\",\"datePublished\":\"2025-11-26T16:26:04+00:00\",\"dateModified\":\"2025-12-02T06:04:04+00:00\",\"breadcrumb\":{\"@id\":\"https:\/\/nordicpadel.com\/sv\/product\/head-club-skirt-long-5\/#breadcrumb\"},\"inLanguage\":\"sv-SE\",\"potentialAction\":[{\"@type\":\"ReadAction\",\"target\":[\"https:\/\/nordicpadel.com\/sv\/product\/head-club-skirt-long-5\/\"]}]},{\"@type\":\"ImageObject\",\"inLanguage\":\"sv-SE\",\"@id\":\"https:\/\/nordicpadel.com\/sv\/product\/head-club-skirt-long-5\/#primaryimage\",\"url\":\"https:\/\/nordicpadel.com\/sv\/wp-content\/uploads\/sites\/10\/2025\/11\/de2f88f275c4b0adeee26cda5acd90a8.png\",\"contentUrl\":\"https:\/\/nordicpadel.com\/sv\/wp-content\/uploads\/sites\/10\/2025\/11\/de2f88f275c4b0adeee26cda5acd90a8.png\",\"width\":800,\"height\":800,\"caption\":\"HEAD Club Skirt Long\"},{\"@type\":\"BreadcrumbList\",\"@id\":\"https:\/\/nordicpadel.com\/sv\/product\/head-club-skirt-long-5\/#breadcrumb\",\"itemListElement\":[{\"@type\":\"ListItem\",\"position\":1,\"name\":\"Hem\",\"item\":\"https:\/\/nordicpadel.com\/sv\/\"},{\"@type\":\"ListItem\",\"position\":2,\"name\":\"Shop\",\"item\":\"https:\/\/nordicpadel.com\/sv\/shop\/\"},{\"@type\":\"ListItem\",\"position\":3,\"name\":\"HEAD Club Skirt Long\"}]},{\"@type\":\"WebSite\",\"@id\":\"https:\/\/nordicpadel.com\/sv\/#website\",\"url\":\"https:\/\/nordicpadel.com\/sv\/\",\"name\":\"Nordic Padel\",\"description\":\"\",\"publisher\":{\"@id\":\"https:\/\/nordicpadel.com\/sv\/#organization\"},\"potentialAction\":[{\"@type\":\"SearchAction\",\"target\":{\"@type\":\"EntryPoint\",\"urlTemplate\":\"https:\/\/nordicpadel.com\/sv\/?s={search_term_string}\"},\"query-input\":\"required name=search_term_string\"}],\"inLanguage\":\"sv-SE\"},{\"@type\":\"Organization\",\"@id\":\"https:\/\/nordicpadel.com\/sv\/#organization\",\"name\":\"Nordic Padel\",\"url\":\"https:\/\/nordicpadel.com\/sv\/\",\"logo\":{\"@type\":\"ImageObject\",\"inLanguage\":\"sv-SE\",\"@id\":\"https:\/\/nordicpadel.com\/sv\/#\/schema\/logo\/image\/\",\"url\":\"https:\/\/nordicpadel.com\/sv\/wp-content\/uploads\/sites\/10\/2022\/12\/Nordic-Padel-small_1-1.png\",\"contentUrl\":\"https:\/\/nordicpadel.com\/sv\/wp-content\/uploads\/sites\/10\/2022\/12\/Nordic-Padel-small_1-1.png\",\"width\":400,\"height\":119,\"caption\":\"Nordic Padel\"},\"image\":{\"@id\":\"https:\/\/nordicpadel.com\/sv\/#\/schema\/logo\/image\/\"}}]}<\/script>\n<!-- \/ Yoast SEO plugin. -->","yoast_head_json":{"title":"HEAD Club Skirt Long - Nordic Padel","robots":{"index":"index","follow":"follow","max-snippet":"max-snippet:-1","max-image-preview":"max-image-preview:large","max-video-preview":"max-video-preview:-1"},"canonical":"https:\/\/nordicpadel.com\/sv\/product\/head-club-skirt-long-5\/","og_locale":"sv_SE","og_type":"article","og_title":"HEAD Club Skirt Long - Nordic Padel","og_description":"Letar du ocks\u00e5 efter tenniskjolar\/padelkjolar som \u00e4r lite l\u00e4ngre? M\u00e5nga tenniskjolar har en tendens att uppfattas vara alldeles f\u00f6r korta, men h\u00e4r har du verkligen chansen att k\u00f6pa en lite l\u00e4ngre tenniskjol med integrerade innershorts. Tenniskjolen\/Padelkjolen \u00e4r 7cm l\u00e4ngre \u00e4n standardkjolar vilket g\u00f6r att denna har blivit en riktigt popul\u00e4r tenniskjol bland m\u00e5nga kvinnor som [&hellip;]","og_url":"https:\/\/nordicpadel.com\/sv\/product\/head-club-skirt-long-5\/","og_site_name":"Nordic Padel","article_modified_time":"2025-12-02T06:04:04+00:00","twitter_card":"summary_large_image","twitter_misc":{"Ber\u00e4knad l\u00e4stid":"1 minut"},"schema":{"@context":"https:\/\/schema.org","@graph":[{"@type":"WebPage","@id":"https:\/\/nordicpadel.com\/sv\/product\/head-club-skirt-long-5\/","url":"https:\/\/nordicpadel.com\/sv\/product\/head-club-skirt-long-5\/","name":"HEAD Club Skirt Long - Nordic Padel","isPartOf":{"@id":"https:\/\/nordicpadel.com\/sv\/#website"},"primaryImageOfPage":{"@id":"https:\/\/nordicpadel.com\/sv\/product\/head-club-skirt-long-5\/#primaryimage"},"image":{"@id":"https:\/\/nordicpadel.com\/sv\/product\/head-club-skirt-long-5\/#primaryimage"},"thumbnailUrl":"https:\/\/nordicpadel.com\/sv\/wp-content\/uploads\/sites\/10\/2025\/11\/de2f88f275c4b0adeee26cda5acd90a8.png","datePublished":"2025-11-26T16:26:04+00:00","dateModified":"2025-12-02T06:04:04+00:00","breadcrumb":{"@id":"https:\/\/nordicpadel.com\/sv\/product\/head-club-skirt-long-5\/#breadcrumb"},"inLanguage":"sv-SE","potentialAction":[{"@type":"ReadAction","target":["https:\/\/nordicpadel.com\/sv\/product\/head-club-skirt-long-5\/"]}]},{"@type":"ImageObject","inLanguage":"sv-SE","@id":"https:\/\/nordicpadel.com\/sv\/product\/head-club-skirt-long-5\/#primaryimage","url":"https:\/\/nordicpadel.com\/sv\/wp-content\/uploads\/sites\/10\/2025\/11\/de2f88f275c4b0adeee26cda5acd90a8.png","contentUrl":"https:\/\/nordicpadel.com\/sv\/wp-content\/uploads\/sites\/10\/2025\/11\/de2f88f275c4b0adeee26cda5acd90a8.png","width":800,"height":800,"caption":"HEAD Club Skirt Long"},{"@type":"BreadcrumbList","@id":"https:\/\/nordicpadel.com\/sv\/product\/head-club-skirt-long-5\/#breadcrumb","itemListElement":[{"@type":"ListItem","position":1,"name":"Hem","item":"https:\/\/nordicpadel.com\/sv\/"},{"@type":"ListItem","position":2,"name":"Shop","item":"https:\/\/nordicpadel.com\/sv\/shop\/"},{"@type":"ListItem","position":3,"name":"HEAD Club Skirt Long"}]},{"@type":"WebSite","@id":"https:\/\/nordicpadel.com\/sv\/#website","url":"https:\/\/nordicpadel.com\/sv\/","name":"Nordic Padel","description":"","publisher":{"@id":"https:\/\/nordicpadel.com\/sv\/#organization"},"potentialAction":[{"@type":"SearchAction","target":{"@type":"EntryPoint","urlTemplate":"https:\/\/nordicpadel.com\/sv\/?s={search_term_string}"},"query-input":"required name=search_term_string"}],"inLanguage":"sv-SE"},{"@type":"Organization","@id":"https:\/\/nordicpadel.com\/sv\/#organization","name":"Nordic Padel","url":"https:\/\/nordicpadel.com\/sv\/","logo":{"@type":"ImageObject","inLanguage":"sv-SE","@id":"https:\/\/nordicpadel.com\/sv\/#\/schema\/logo\/image\/","url":"https:\/\/nordicpadel.com\/sv\/wp-content\/uploads\/sites\/10\/2022\/12\/Nordic-Padel-small_1-1.png","contentUrl":"https:\/\/nordicpadel.com\/sv\/wp-content\/uploads\/sites\/10\/2022\/12\/Nordic-Padel-small_1-1.png","width":400,"height":119,"caption":"Nordic Padel"},"image":{"@id":"https:\/\/nordicpadel.com\/sv\/#\/schema\/logo\/image\/"}}]}},"brands":[],"_links":{"self":[{"href":"https:\/\/nordicpadel.com\/sv\/wp-json\/wp\/v2\/product\/88026","targetHints":{"allow":["GET"]}}],"collection":[{"href":"https:\/\/nordicpadel.com\/sv\/wp-json\/wp\/v2\/product"}],"about":[{"href":"https:\/\/nordicpadel.com\/sv\/wp-json\/wp\/v2\/types\/product"}],"replies":[{"embeddable":true,"href":"https:\/\/nordicpadel.com\/sv\/wp-json\/wp\/v2\/comments?post=88026"}],"wp:featuredmedia":[{"embeddable":true,"href":"https:\/\/nordicpadel.com\/sv\/wp-json\/wp\/v2\/media\/88021"}],"wp:attachment":[{"href":"https:\/\/nordicpadel.com\/sv\/wp-json\/wp\/v2\/media?parent=88026"}],"wp:term":[{"taxonomy":"pwb-brand","embeddable":true,"href":"https:\/\/nordicpadel.com\/sv\/wp-json\/wp\/v2\/pwb-brand?post=88026"},{"taxonomy":"product_cat","embeddable":true,"href":"https:\/\/nordicpadel.com\/sv\/wp-json\/wp\/v2\/product_cat?post=88026"},{"taxonomy":"product_tag","embeddable":true,"href":"https:\/\/nordicpadel.com\/sv\/wp-json\/wp\/v2\/product_tag?post=88026"},{"taxonomy":"woo-feed-brand","embeddable":true,"href":"https:\/\/nordicpadel.com\/sv\/wp-json\/wp\/v2\/woo-feed-brand?post=88026"}],"curies":[{"name":"wp","href":"https:\/\/api.w.org\/{rel}","templated":true}]}}