{"id":88018,"date":"2025-11-26T17:25:55","date_gmt":"2025-11-26T16:25:55","guid":{"rendered":"https:\/\/nordicpadel.com\/sv\/product\/head-club-skirt-long-3\/"},"modified":"2026-03-11T13:03:35","modified_gmt":"2026-03-11T12:03:35","slug":"head-club-skirt-long-3","status":"publish","type":"product","link":"https:\/\/nordicpadel.com\/sv\/product\/head-club-skirt-long-3\/","title":{"rendered":"HEAD Club Skirt Long"},"content":{"rendered":"<p>Nu har vi \u00e4ntligen hittat en l\u00e5ng kjol! Kjolen \u00e4r 7cm l\u00e4ngre \u00e4n standardkjolar, vilket g\u00f6r att denna har blivit v\u00e4ldigt popul\u00e4r. Kjolen har dessutom h\u00f6gre midja och ger s\u00e5ledes en b\u00e4ttre passform. Bollf\u00f6rvaring sker genom att placera bollen i benet innerbyxan.<br id=\"isPasted\"><br \/>OBS! Produkten \u00e4r stor i storleken och vi rekommenderar att g\u00e5 ned en storlek.<\/p>\n","protected":false},"excerpt":{"rendered":"<p>Nu har vi \u00e4ntligen hittat en l\u00e5ng kjol! Kjolen \u00e4r 7cm l\u00e4ngre \u00e4n standardkjolar, vilket g\u00f6r att denna har blivit v\u00e4ldigt popul\u00e4r. Kjolen har dessutom h\u00f6gre midja och ger s\u00e5ledes en b\u00e4ttre passform. Bollf\u00f6rvaring sker genom att placera bollen i benet innerbyxan.OBS! Produkten \u00e4r stor i storleken och vi rekommenderar att g\u00e5 ned en storlek.<\/p>\n","protected":false},"featured_media":87994,"comment_status":"open","ping_status":"closed","template":"","meta":[],"pwb-brand":[],"product_cat":[459,39],"product_tag":[],"woo-feed-brand":[],"class_list":{"0":"post-88018","1":"product","2":"type-product","3":"status-publish","4":"has-post-thumbnail","6":"product_cat-head","7":"product_cat-padelklader-dam","8":"pa_varumarke-head","10":"first","11":"instock","12":"taxable","13":"shipping-taxable","14":"purchasable","15":"product-type-simple"},"bundled_by":[],"bundle_stock_status":"instock","bundle_stock_quantity":2,"bundle_virtual":false,"bundle_layout":"","bundle_add_to_cart_form_location":"","bundle_editable_in_cart":false,"bundle_sold_individually_context":"","bundle_item_grouping":"","bundle_min_size":"","bundle_max_size":"","bundled_items":[],"bundle_sell_ids":[],"acf":[],"yoast_head":"<!-- This site is optimized with the Yoast SEO plugin v23.1 - https:\/\/yoast.com\/wordpress\/plugins\/seo\/ -->\n<title>HEAD Club Skirt Long - Nordic Padel<\/title>\n<meta name=\"robots\" content=\"index, follow, max-snippet:-1, max-image-preview:large, max-video-preview:-1\" \/>\n<link rel=\"canonical\" href=\"https:\/\/nordicpadel.com\/sv\/product\/head-club-skirt-long-3\/\" \/>\n<meta property=\"og:locale\" content=\"sv_SE\" \/>\n<meta property=\"og:type\" content=\"article\" \/>\n<meta property=\"og:title\" content=\"HEAD Club Skirt Long - Nordic Padel\" \/>\n<meta property=\"og:description\" content=\"Nu har vi \u00e4ntligen hittat en l\u00e5ng kjol! Kjolen \u00e4r 7cm l\u00e4ngre \u00e4n standardkjolar, vilket g\u00f6r att denna har blivit v\u00e4ldigt popul\u00e4r. Kjolen har dessutom h\u00f6gre midja och ger s\u00e5ledes en b\u00e4ttre passform. Bollf\u00f6rvaring sker genom att placera bollen i benet innerbyxan.OBS! Produkten \u00e4r stor i storleken och vi rekommenderar att g\u00e5 ned en storlek.\" \/>\n<meta property=\"og:url\" content=\"https:\/\/nordicpadel.com\/sv\/product\/head-club-skirt-long-3\/\" \/>\n<meta property=\"og:site_name\" content=\"Nordic Padel\" \/>\n<meta property=\"article:modified_time\" content=\"2026-03-11T12:03:35+00:00\" \/>\n<meta property=\"og:image\" content=\"https:\/\/nordicpadel.com\/sv\/wp-content\/uploads\/sites\/10\/2025\/11\/5d0f1429f2098c14ab32fd34cb2fb1cc.png\" \/>\n\t<meta property=\"og:image:width\" content=\"800\" \/>\n\t<meta property=\"og:image:height\" content=\"800\" \/>\n\t<meta property=\"og:image:type\" content=\"image\/png\" \/>\n<meta name=\"twitter:card\" content=\"summary_large_image\" \/>\n<script type=\"application\/ld+json\" class=\"yoast-schema-graph\">{\"@context\":\"https:\/\/schema.org\",\"@graph\":[{\"@type\":\"WebPage\",\"@id\":\"https:\/\/nordicpadel.com\/sv\/product\/head-club-skirt-long-3\/\",\"url\":\"https:\/\/nordicpadel.com\/sv\/product\/head-club-skirt-long-3\/\",\"name\":\"HEAD Club Skirt Long - Nordic Padel\",\"isPartOf\":{\"@id\":\"https:\/\/nordicpadel.com\/sv\/#website\"},\"primaryImageOfPage\":{\"@id\":\"https:\/\/nordicpadel.com\/sv\/product\/head-club-skirt-long-3\/#primaryimage\"},\"image\":{\"@id\":\"https:\/\/nordicpadel.com\/sv\/product\/head-club-skirt-long-3\/#primaryimage\"},\"thumbnailUrl\":\"https:\/\/nordicpadel.com\/sv\/wp-content\/uploads\/sites\/10\/2025\/11\/5d0f1429f2098c14ab32fd34cb2fb1cc.png\",\"datePublished\":\"2025-11-26T16:25:55+00:00\",\"dateModified\":\"2026-03-11T12:03:35+00:00\",\"breadcrumb\":{\"@id\":\"https:\/\/nordicpadel.com\/sv\/product\/head-club-skirt-long-3\/#breadcrumb\"},\"inLanguage\":\"sv-SE\",\"potentialAction\":[{\"@type\":\"ReadAction\",\"target\":[\"https:\/\/nordicpadel.com\/sv\/product\/head-club-skirt-long-3\/\"]}]},{\"@type\":\"ImageObject\",\"inLanguage\":\"sv-SE\",\"@id\":\"https:\/\/nordicpadel.com\/sv\/product\/head-club-skirt-long-3\/#primaryimage\",\"url\":\"https:\/\/nordicpadel.com\/sv\/wp-content\/uploads\/sites\/10\/2025\/11\/5d0f1429f2098c14ab32fd34cb2fb1cc.png\",\"contentUrl\":\"https:\/\/nordicpadel.com\/sv\/wp-content\/uploads\/sites\/10\/2025\/11\/5d0f1429f2098c14ab32fd34cb2fb1cc.png\",\"width\":800,\"height\":800,\"caption\":\"HEAD Club Skirt Long\"},{\"@type\":\"BreadcrumbList\",\"@id\":\"https:\/\/nordicpadel.com\/sv\/product\/head-club-skirt-long-3\/#breadcrumb\",\"itemListElement\":[{\"@type\":\"ListItem\",\"position\":1,\"name\":\"Hem\",\"item\":\"https:\/\/nordicpadel.com\/sv\/\"},{\"@type\":\"ListItem\",\"position\":2,\"name\":\"Shop\",\"item\":\"https:\/\/nordicpadel.com\/sv\/shop\/\"},{\"@type\":\"ListItem\",\"position\":3,\"name\":\"HEAD Club Skirt Long\"}]},{\"@type\":\"WebSite\",\"@id\":\"https:\/\/nordicpadel.com\/sv\/#website\",\"url\":\"https:\/\/nordicpadel.com\/sv\/\",\"name\":\"Nordic Padel\",\"description\":\"\",\"publisher\":{\"@id\":\"https:\/\/nordicpadel.com\/sv\/#organization\"},\"potentialAction\":[{\"@type\":\"SearchAction\",\"target\":{\"@type\":\"EntryPoint\",\"urlTemplate\":\"https:\/\/nordicpadel.com\/sv\/?s={search_term_string}\"},\"query-input\":\"required name=search_term_string\"}],\"inLanguage\":\"sv-SE\"},{\"@type\":\"Organization\",\"@id\":\"https:\/\/nordicpadel.com\/sv\/#organization\",\"name\":\"Nordic Padel\",\"url\":\"https:\/\/nordicpadel.com\/sv\/\",\"logo\":{\"@type\":\"ImageObject\",\"inLanguage\":\"sv-SE\",\"@id\":\"https:\/\/nordicpadel.com\/sv\/#\/schema\/logo\/image\/\",\"url\":\"https:\/\/nordicpadel.com\/sv\/wp-content\/uploads\/sites\/10\/2022\/12\/Nordic-Padel-small_1-1.png\",\"contentUrl\":\"https:\/\/nordicpadel.com\/sv\/wp-content\/uploads\/sites\/10\/2022\/12\/Nordic-Padel-small_1-1.png\",\"width\":400,\"height\":119,\"caption\":\"Nordic Padel\"},\"image\":{\"@id\":\"https:\/\/nordicpadel.com\/sv\/#\/schema\/logo\/image\/\"}}]}<\/script>\n<!-- \/ Yoast SEO plugin. -->","yoast_head_json":{"title":"HEAD Club Skirt Long - Nordic Padel","robots":{"index":"index","follow":"follow","max-snippet":"max-snippet:-1","max-image-preview":"max-image-preview:large","max-video-preview":"max-video-preview:-1"},"canonical":"https:\/\/nordicpadel.com\/sv\/product\/head-club-skirt-long-3\/","og_locale":"sv_SE","og_type":"article","og_title":"HEAD Club Skirt Long - Nordic Padel","og_description":"Nu har vi \u00e4ntligen hittat en l\u00e5ng kjol! Kjolen \u00e4r 7cm l\u00e4ngre \u00e4n standardkjolar, vilket g\u00f6r att denna har blivit v\u00e4ldigt popul\u00e4r. Kjolen har dessutom h\u00f6gre midja och ger s\u00e5ledes en b\u00e4ttre passform. Bollf\u00f6rvaring sker genom att placera bollen i benet innerbyxan.OBS! Produkten \u00e4r stor i storleken och vi rekommenderar att g\u00e5 ned en storlek.","og_url":"https:\/\/nordicpadel.com\/sv\/product\/head-club-skirt-long-3\/","og_site_name":"Nordic Padel","article_modified_time":"2026-03-11T12:03:35+00:00","og_image":[{"width":800,"height":800,"url":"https:\/\/nordicpadel.com\/sv\/wp-content\/uploads\/sites\/10\/2025\/11\/5d0f1429f2098c14ab32fd34cb2fb1cc.png","type":"image\/png"}],"twitter_card":"summary_large_image","schema":{"@context":"https:\/\/schema.org","@graph":[{"@type":"WebPage","@id":"https:\/\/nordicpadel.com\/sv\/product\/head-club-skirt-long-3\/","url":"https:\/\/nordicpadel.com\/sv\/product\/head-club-skirt-long-3\/","name":"HEAD Club Skirt Long - Nordic Padel","isPartOf":{"@id":"https:\/\/nordicpadel.com\/sv\/#website"},"primaryImageOfPage":{"@id":"https:\/\/nordicpadel.com\/sv\/product\/head-club-skirt-long-3\/#primaryimage"},"image":{"@id":"https:\/\/nordicpadel.com\/sv\/product\/head-club-skirt-long-3\/#primaryimage"},"thumbnailUrl":"https:\/\/nordicpadel.com\/sv\/wp-content\/uploads\/sites\/10\/2025\/11\/5d0f1429f2098c14ab32fd34cb2fb1cc.png","datePublished":"2025-11-26T16:25:55+00:00","dateModified":"2026-03-11T12:03:35+00:00","breadcrumb":{"@id":"https:\/\/nordicpadel.com\/sv\/product\/head-club-skirt-long-3\/#breadcrumb"},"inLanguage":"sv-SE","potentialAction":[{"@type":"ReadAction","target":["https:\/\/nordicpadel.com\/sv\/product\/head-club-skirt-long-3\/"]}]},{"@type":"ImageObject","inLanguage":"sv-SE","@id":"https:\/\/nordicpadel.com\/sv\/product\/head-club-skirt-long-3\/#primaryimage","url":"https:\/\/nordicpadel.com\/sv\/wp-content\/uploads\/sites\/10\/2025\/11\/5d0f1429f2098c14ab32fd34cb2fb1cc.png","contentUrl":"https:\/\/nordicpadel.com\/sv\/wp-content\/uploads\/sites\/10\/2025\/11\/5d0f1429f2098c14ab32fd34cb2fb1cc.png","width":800,"height":800,"caption":"HEAD Club Skirt Long"},{"@type":"BreadcrumbList","@id":"https:\/\/nordicpadel.com\/sv\/product\/head-club-skirt-long-3\/#breadcrumb","itemListElement":[{"@type":"ListItem","position":1,"name":"Hem","item":"https:\/\/nordicpadel.com\/sv\/"},{"@type":"ListItem","position":2,"name":"Shop","item":"https:\/\/nordicpadel.com\/sv\/shop\/"},{"@type":"ListItem","position":3,"name":"HEAD Club Skirt Long"}]},{"@type":"WebSite","@id":"https:\/\/nordicpadel.com\/sv\/#website","url":"https:\/\/nordicpadel.com\/sv\/","name":"Nordic Padel","description":"","publisher":{"@id":"https:\/\/nordicpadel.com\/sv\/#organization"},"potentialAction":[{"@type":"SearchAction","target":{"@type":"EntryPoint","urlTemplate":"https:\/\/nordicpadel.com\/sv\/?s={search_term_string}"},"query-input":"required name=search_term_string"}],"inLanguage":"sv-SE"},{"@type":"Organization","@id":"https:\/\/nordicpadel.com\/sv\/#organization","name":"Nordic Padel","url":"https:\/\/nordicpadel.com\/sv\/","logo":{"@type":"ImageObject","inLanguage":"sv-SE","@id":"https:\/\/nordicpadel.com\/sv\/#\/schema\/logo\/image\/","url":"https:\/\/nordicpadel.com\/sv\/wp-content\/uploads\/sites\/10\/2022\/12\/Nordic-Padel-small_1-1.png","contentUrl":"https:\/\/nordicpadel.com\/sv\/wp-content\/uploads\/sites\/10\/2022\/12\/Nordic-Padel-small_1-1.png","width":400,"height":119,"caption":"Nordic Padel"},"image":{"@id":"https:\/\/nordicpadel.com\/sv\/#\/schema\/logo\/image\/"}}]}},"brands":[],"_links":{"self":[{"href":"https:\/\/nordicpadel.com\/sv\/wp-json\/wp\/v2\/product\/88018","targetHints":{"allow":["GET"]}}],"collection":[{"href":"https:\/\/nordicpadel.com\/sv\/wp-json\/wp\/v2\/product"}],"about":[{"href":"https:\/\/nordicpadel.com\/sv\/wp-json\/wp\/v2\/types\/product"}],"replies":[{"embeddable":true,"href":"https:\/\/nordicpadel.com\/sv\/wp-json\/wp\/v2\/comments?post=88018"}],"wp:featuredmedia":[{"embeddable":true,"href":"https:\/\/nordicpadel.com\/sv\/wp-json\/wp\/v2\/media\/87994"}],"wp:attachment":[{"href":"https:\/\/nordicpadel.com\/sv\/wp-json\/wp\/v2\/media?parent=88018"}],"wp:term":[{"taxonomy":"pwb-brand","embeddable":true,"href":"https:\/\/nordicpadel.com\/sv\/wp-json\/wp\/v2\/pwb-brand?post=88018"},{"taxonomy":"product_cat","embeddable":true,"href":"https:\/\/nordicpadel.com\/sv\/wp-json\/wp\/v2\/product_cat?post=88018"},{"taxonomy":"product_tag","embeddable":true,"href":"https:\/\/nordicpadel.com\/sv\/wp-json\/wp\/v2\/product_tag?post=88018"},{"taxonomy":"woo-feed-brand","embeddable":true,"href":"https:\/\/nordicpadel.com\/sv\/wp-json\/wp\/v2\/woo-feed-brand?post=88018"}],"curies":[{"name":"wp","href":"https:\/\/api.w.org\/{rel}","templated":true}]}}