{"id":87935,"date":"2025-11-26T17:25:03","date_gmt":"2025-11-26T16:25:03","guid":{"rendered":"https:\/\/nordicpadel.com\/sv\/product\/asics-court-shorts-w-2\/"},"modified":"2026-03-09T00:54:31","modified_gmt":"2026-03-08T23:54:31","slug":"asics-court-shorts-w-2","status":"publish","type":"product","link":"https:\/\/nordicpadel.com\/sv\/product\/asics-court-shorts-w-2\/","title":{"rendered":"ASICS Court Shorts W"},"content":{"rendered":"<p>K\u00f6p tennisshorts och padelshorts med riktiga bollfickor f\u00f6r damer. Har du ocks\u00e5 letat efter snygga tennisshorts eller padelshorts med riktiga bollfickor f\u00f6r dam, d\u00e5 har du hittat r\u00e4tt nu. Dessa snygga marinbl\u00e5a shorts har tv\u00e5 integrerade bollfickor f\u00f6r smidig f\u00f6rvaring n\u00e4r du spelar tennis eller padel. Materialet absorberar bort fukt snabbt och \u00e4r oerh\u00f6rt l\u00e4tt s\u00e5 du smidigt r\u00f6r dig \u00f6ver banan. Vidare kan s\u00e4gas att shortsen har en riktigt snygg och ledig passform f\u00f6r b\u00e4sta stil och komfort. Elastisk midja och dragsko framtill f\u00f6r b\u00e4sta passform. F\u00e4rg: Marinbl\u00e5 Material: 100% Polyester Tv\u00e4ttr\u00e5d: Maskintv\u00e4tt, 40 grader syntet<\/p>\n","protected":false},"excerpt":{"rendered":"<p>K\u00f6p tennisshorts och padelshorts med riktiga bollfickor f\u00f6r damer. Har du ocks\u00e5 letat efter snygga tennisshorts eller padelshorts med riktiga bollfickor f\u00f6r dam, d\u00e5 har du hittat r\u00e4tt nu. Dessa snygga marinbl\u00e5a shorts har tv\u00e5 integrerade bollfickor f\u00f6r smidig f\u00f6rvaring n\u00e4r du spelar tennis eller padel. Materialet absorberar bort fukt snabbt och \u00e4r oerh\u00f6rt l\u00e4tt [&hellip;]<\/p>\n","protected":false},"featured_media":87931,"comment_status":"open","ping_status":"closed","template":"","meta":[],"pwb-brand":[],"product_cat":[39],"product_tag":[],"woo-feed-brand":[],"class_list":{"0":"post-87935","1":"product","2":"type-product","3":"status-publish","4":"has-post-thumbnail","6":"product_cat-padelklader-dam","7":"pa_varumarke-asics","9":"first","10":"instock","11":"taxable","12":"shipping-taxable","13":"purchasable","14":"product-type-variable"},"bundled_by":[],"bundle_stock_status":"instock","bundle_stock_quantity":2,"bundle_virtual":false,"bundle_layout":"","bundle_add_to_cart_form_location":"","bundle_editable_in_cart":false,"bundle_sold_individually_context":"","bundle_item_grouping":"","bundle_min_size":"","bundle_max_size":"","bundled_items":[],"bundle_sell_ids":[],"acf":[],"yoast_head":"<!-- This site is optimized with the Yoast SEO plugin v23.1 - https:\/\/yoast.com\/wordpress\/plugins\/seo\/ -->\n<title>ASICS Court Shorts W - Nordic Padel<\/title>\n<meta name=\"robots\" content=\"index, follow, max-snippet:-1, max-image-preview:large, max-video-preview:-1\" \/>\n<link rel=\"canonical\" href=\"https:\/\/nordicpadel.com\/sv\/product\/asics-court-shorts-w-2\/\" \/>\n<meta property=\"og:locale\" content=\"sv_SE\" \/>\n<meta property=\"og:type\" content=\"article\" \/>\n<meta property=\"og:title\" content=\"ASICS Court Shorts W - Nordic Padel\" \/>\n<meta property=\"og:description\" content=\"K\u00f6p tennisshorts och padelshorts med riktiga bollfickor f\u00f6r damer. Har du ocks\u00e5 letat efter snygga tennisshorts eller padelshorts med riktiga bollfickor f\u00f6r dam, d\u00e5 har du hittat r\u00e4tt nu. Dessa snygga marinbl\u00e5a shorts har tv\u00e5 integrerade bollfickor f\u00f6r smidig f\u00f6rvaring n\u00e4r du spelar tennis eller padel. Materialet absorberar bort fukt snabbt och \u00e4r oerh\u00f6rt l\u00e4tt [&hellip;]\" \/>\n<meta property=\"og:url\" content=\"https:\/\/nordicpadel.com\/sv\/product\/asics-court-shorts-w-2\/\" \/>\n<meta property=\"og:site_name\" content=\"Nordic Padel\" \/>\n<meta property=\"article:modified_time\" content=\"2026-03-08T23:54:31+00:00\" \/>\n<meta name=\"twitter:card\" content=\"summary_large_image\" \/>\n<meta name=\"twitter:label1\" content=\"Ber\u00e4knad l\u00e4stid\" \/>\n\t<meta name=\"twitter:data1\" content=\"1 minut\" \/>\n<script type=\"application\/ld+json\" class=\"yoast-schema-graph\">{\"@context\":\"https:\/\/schema.org\",\"@graph\":[{\"@type\":\"WebPage\",\"@id\":\"https:\/\/nordicpadel.com\/sv\/product\/asics-court-shorts-w-2\/\",\"url\":\"https:\/\/nordicpadel.com\/sv\/product\/asics-court-shorts-w-2\/\",\"name\":\"ASICS Court Shorts W - Nordic Padel\",\"isPartOf\":{\"@id\":\"https:\/\/nordicpadel.com\/sv\/#website\"},\"primaryImageOfPage\":{\"@id\":\"https:\/\/nordicpadel.com\/sv\/product\/asics-court-shorts-w-2\/#primaryimage\"},\"image\":{\"@id\":\"https:\/\/nordicpadel.com\/sv\/product\/asics-court-shorts-w-2\/#primaryimage\"},\"thumbnailUrl\":\"https:\/\/nordicpadel.com\/sv\/wp-content\/uploads\/sites\/10\/2025\/11\/2197195391d016b043483487bf539a41.png\",\"datePublished\":\"2025-11-26T16:25:03+00:00\",\"dateModified\":\"2026-03-08T23:54:31+00:00\",\"breadcrumb\":{\"@id\":\"https:\/\/nordicpadel.com\/sv\/product\/asics-court-shorts-w-2\/#breadcrumb\"},\"inLanguage\":\"sv-SE\",\"potentialAction\":[{\"@type\":\"ReadAction\",\"target\":[\"https:\/\/nordicpadel.com\/sv\/product\/asics-court-shorts-w-2\/\"]}]},{\"@type\":\"ImageObject\",\"inLanguage\":\"sv-SE\",\"@id\":\"https:\/\/nordicpadel.com\/sv\/product\/asics-court-shorts-w-2\/#primaryimage\",\"url\":\"https:\/\/nordicpadel.com\/sv\/wp-content\/uploads\/sites\/10\/2025\/11\/2197195391d016b043483487bf539a41.png\",\"contentUrl\":\"https:\/\/nordicpadel.com\/sv\/wp-content\/uploads\/sites\/10\/2025\/11\/2197195391d016b043483487bf539a41.png\",\"width\":800,\"height\":800,\"caption\":\"ASICS Court Shorts W\"},{\"@type\":\"BreadcrumbList\",\"@id\":\"https:\/\/nordicpadel.com\/sv\/product\/asics-court-shorts-w-2\/#breadcrumb\",\"itemListElement\":[{\"@type\":\"ListItem\",\"position\":1,\"name\":\"Hem\",\"item\":\"https:\/\/nordicpadel.com\/sv\/\"},{\"@type\":\"ListItem\",\"position\":2,\"name\":\"Shop\",\"item\":\"https:\/\/nordicpadel.com\/sv\/shop\/\"},{\"@type\":\"ListItem\",\"position\":3,\"name\":\"ASICS Court Shorts W\"}]},{\"@type\":\"WebSite\",\"@id\":\"https:\/\/nordicpadel.com\/sv\/#website\",\"url\":\"https:\/\/nordicpadel.com\/sv\/\",\"name\":\"Nordic Padel\",\"description\":\"\",\"publisher\":{\"@id\":\"https:\/\/nordicpadel.com\/sv\/#organization\"},\"potentialAction\":[{\"@type\":\"SearchAction\",\"target\":{\"@type\":\"EntryPoint\",\"urlTemplate\":\"https:\/\/nordicpadel.com\/sv\/?s={search_term_string}\"},\"query-input\":\"required name=search_term_string\"}],\"inLanguage\":\"sv-SE\"},{\"@type\":\"Organization\",\"@id\":\"https:\/\/nordicpadel.com\/sv\/#organization\",\"name\":\"Nordic Padel\",\"url\":\"https:\/\/nordicpadel.com\/sv\/\",\"logo\":{\"@type\":\"ImageObject\",\"inLanguage\":\"sv-SE\",\"@id\":\"https:\/\/nordicpadel.com\/sv\/#\/schema\/logo\/image\/\",\"url\":\"https:\/\/nordicpadel.com\/sv\/wp-content\/uploads\/sites\/10\/2022\/12\/Nordic-Padel-small_1-1.png\",\"contentUrl\":\"https:\/\/nordicpadel.com\/sv\/wp-content\/uploads\/sites\/10\/2022\/12\/Nordic-Padel-small_1-1.png\",\"width\":400,\"height\":119,\"caption\":\"Nordic Padel\"},\"image\":{\"@id\":\"https:\/\/nordicpadel.com\/sv\/#\/schema\/logo\/image\/\"}}]}<\/script>\n<!-- \/ Yoast SEO plugin. -->","yoast_head_json":{"title":"ASICS Court Shorts W - Nordic Padel","robots":{"index":"index","follow":"follow","max-snippet":"max-snippet:-1","max-image-preview":"max-image-preview:large","max-video-preview":"max-video-preview:-1"},"canonical":"https:\/\/nordicpadel.com\/sv\/product\/asics-court-shorts-w-2\/","og_locale":"sv_SE","og_type":"article","og_title":"ASICS Court Shorts W - Nordic Padel","og_description":"K\u00f6p tennisshorts och padelshorts med riktiga bollfickor f\u00f6r damer. Har du ocks\u00e5 letat efter snygga tennisshorts eller padelshorts med riktiga bollfickor f\u00f6r dam, d\u00e5 har du hittat r\u00e4tt nu. Dessa snygga marinbl\u00e5a shorts har tv\u00e5 integrerade bollfickor f\u00f6r smidig f\u00f6rvaring n\u00e4r du spelar tennis eller padel. Materialet absorberar bort fukt snabbt och \u00e4r oerh\u00f6rt l\u00e4tt [&hellip;]","og_url":"https:\/\/nordicpadel.com\/sv\/product\/asics-court-shorts-w-2\/","og_site_name":"Nordic Padel","article_modified_time":"2026-03-08T23:54:31+00:00","twitter_card":"summary_large_image","twitter_misc":{"Ber\u00e4knad l\u00e4stid":"1 minut"},"schema":{"@context":"https:\/\/schema.org","@graph":[{"@type":"WebPage","@id":"https:\/\/nordicpadel.com\/sv\/product\/asics-court-shorts-w-2\/","url":"https:\/\/nordicpadel.com\/sv\/product\/asics-court-shorts-w-2\/","name":"ASICS Court Shorts W - Nordic Padel","isPartOf":{"@id":"https:\/\/nordicpadel.com\/sv\/#website"},"primaryImageOfPage":{"@id":"https:\/\/nordicpadel.com\/sv\/product\/asics-court-shorts-w-2\/#primaryimage"},"image":{"@id":"https:\/\/nordicpadel.com\/sv\/product\/asics-court-shorts-w-2\/#primaryimage"},"thumbnailUrl":"https:\/\/nordicpadel.com\/sv\/wp-content\/uploads\/sites\/10\/2025\/11\/2197195391d016b043483487bf539a41.png","datePublished":"2025-11-26T16:25:03+00:00","dateModified":"2026-03-08T23:54:31+00:00","breadcrumb":{"@id":"https:\/\/nordicpadel.com\/sv\/product\/asics-court-shorts-w-2\/#breadcrumb"},"inLanguage":"sv-SE","potentialAction":[{"@type":"ReadAction","target":["https:\/\/nordicpadel.com\/sv\/product\/asics-court-shorts-w-2\/"]}]},{"@type":"ImageObject","inLanguage":"sv-SE","@id":"https:\/\/nordicpadel.com\/sv\/product\/asics-court-shorts-w-2\/#primaryimage","url":"https:\/\/nordicpadel.com\/sv\/wp-content\/uploads\/sites\/10\/2025\/11\/2197195391d016b043483487bf539a41.png","contentUrl":"https:\/\/nordicpadel.com\/sv\/wp-content\/uploads\/sites\/10\/2025\/11\/2197195391d016b043483487bf539a41.png","width":800,"height":800,"caption":"ASICS Court Shorts W"},{"@type":"BreadcrumbList","@id":"https:\/\/nordicpadel.com\/sv\/product\/asics-court-shorts-w-2\/#breadcrumb","itemListElement":[{"@type":"ListItem","position":1,"name":"Hem","item":"https:\/\/nordicpadel.com\/sv\/"},{"@type":"ListItem","position":2,"name":"Shop","item":"https:\/\/nordicpadel.com\/sv\/shop\/"},{"@type":"ListItem","position":3,"name":"ASICS Court Shorts W"}]},{"@type":"WebSite","@id":"https:\/\/nordicpadel.com\/sv\/#website","url":"https:\/\/nordicpadel.com\/sv\/","name":"Nordic Padel","description":"","publisher":{"@id":"https:\/\/nordicpadel.com\/sv\/#organization"},"potentialAction":[{"@type":"SearchAction","target":{"@type":"EntryPoint","urlTemplate":"https:\/\/nordicpadel.com\/sv\/?s={search_term_string}"},"query-input":"required name=search_term_string"}],"inLanguage":"sv-SE"},{"@type":"Organization","@id":"https:\/\/nordicpadel.com\/sv\/#organization","name":"Nordic Padel","url":"https:\/\/nordicpadel.com\/sv\/","logo":{"@type":"ImageObject","inLanguage":"sv-SE","@id":"https:\/\/nordicpadel.com\/sv\/#\/schema\/logo\/image\/","url":"https:\/\/nordicpadel.com\/sv\/wp-content\/uploads\/sites\/10\/2022\/12\/Nordic-Padel-small_1-1.png","contentUrl":"https:\/\/nordicpadel.com\/sv\/wp-content\/uploads\/sites\/10\/2022\/12\/Nordic-Padel-small_1-1.png","width":400,"height":119,"caption":"Nordic Padel"},"image":{"@id":"https:\/\/nordicpadel.com\/sv\/#\/schema\/logo\/image\/"}}]}},"brands":[],"_links":{"self":[{"href":"https:\/\/nordicpadel.com\/sv\/wp-json\/wp\/v2\/product\/87935","targetHints":{"allow":["GET"]}}],"collection":[{"href":"https:\/\/nordicpadel.com\/sv\/wp-json\/wp\/v2\/product"}],"about":[{"href":"https:\/\/nordicpadel.com\/sv\/wp-json\/wp\/v2\/types\/product"}],"replies":[{"embeddable":true,"href":"https:\/\/nordicpadel.com\/sv\/wp-json\/wp\/v2\/comments?post=87935"}],"wp:featuredmedia":[{"embeddable":true,"href":"https:\/\/nordicpadel.com\/sv\/wp-json\/wp\/v2\/media\/87931"}],"wp:attachment":[{"href":"https:\/\/nordicpadel.com\/sv\/wp-json\/wp\/v2\/media?parent=87935"}],"wp:term":[{"taxonomy":"pwb-brand","embeddable":true,"href":"https:\/\/nordicpadel.com\/sv\/wp-json\/wp\/v2\/pwb-brand?post=87935"},{"taxonomy":"product_cat","embeddable":true,"href":"https:\/\/nordicpadel.com\/sv\/wp-json\/wp\/v2\/product_cat?post=87935"},{"taxonomy":"product_tag","embeddable":true,"href":"https:\/\/nordicpadel.com\/sv\/wp-json\/wp\/v2\/product_tag?post=87935"},{"taxonomy":"woo-feed-brand","embeddable":true,"href":"https:\/\/nordicpadel.com\/sv\/wp-json\/wp\/v2\/woo-feed-brand?post=87935"}],"curies":[{"name":"wp","href":"https:\/\/api.w.org\/{rel}","templated":true}]}}