{"id":87843,"date":"2025-11-26T17:23:01","date_gmt":"2025-11-26T16:23:01","guid":{"rendered":"https:\/\/nordicpadel.com\/sv\/product\/toalson-ultra-grip-3-pack-5\/"},"modified":"2025-11-27T16:53:10","modified_gmt":"2025-11-27T15:53:10","slug":"toalson-ultra-grip-3-pack-5","status":"publish","type":"product","link":"https:\/\/nordicpadel.com\/sv\/product\/toalson-ultra-grip-3-pack-5\/","title":{"rendered":"TOALSON Ultra Grip 3-pack"},"content":{"rendered":"<p>K\u00f6p en oerh\u00f6rt popul\u00e4r grepplinda f\u00f6r tennisracketar och padelracketar. S\u00f6ker du efter en tunn grepplinda med bra grepp, d\u00e5 har du hittat r\u00e4tt. Toalson ultragrip \u00e4r endast 0.5mm tjock och levererar en sk\u00f6n klibbig k\u00e4nsla med absorberande effekt vilket g\u00f6r att greppet torkar snabbt. Den klibbiga k\u00e4nslan h\u00e5ller f\u00f6rh\u00e5llandevis l\u00e4nge. Bra val f\u00f6r dig som inte vill bygga p\u00e5 med f\u00f6r tjockt grepp utan vill bevara racketgreppet tunnt. Passar lika bra f\u00f6r tennisracketar som padelracketar. Japansk kvalit\u00e8 n\u00e4r den \u00e4r som b\u00e4st! <\/p>\n<ul>\n<li>F\u00e4rg: Gul<\/li>\n<li>Tjocklek: 0.5 mm<\/li>\n<li>K\u00e4nsla: klibbig<\/li>\n<li>3-pack inklusive f\u00e4sttejp<\/li>\n<li>115 cm x 29 mm x 0,5 mm<\/li>\n<\/ul>\n","protected":false},"excerpt":{"rendered":"<p>K\u00f6p en oerh\u00f6rt popul\u00e4r grepplinda f\u00f6r tennisracketar och padelracketar. S\u00f6ker du efter en tunn grepplinda med bra grepp, d\u00e5 har du hittat r\u00e4tt. Toalson ultragrip \u00e4r endast 0.5mm tjock och levererar en sk\u00f6n klibbig k\u00e4nsla med absorberande effekt vilket g\u00f6r att greppet torkar snabbt. Den klibbiga k\u00e4nslan h\u00e5ller f\u00f6rh\u00e5llandevis l\u00e4nge. Bra val f\u00f6r dig som [&hellip;]<\/p>\n","protected":false},"featured_media":87842,"comment_status":"open","ping_status":"closed","template":"","meta":[],"pwb-brand":[],"product_cat":[43],"product_tag":[],"woo-feed-brand":[],"class_list":{"0":"post-87843","1":"product","2":"type-product","3":"status-publish","4":"has-post-thumbnail","6":"product_cat-grepplindor","7":"pa_varumarke-toalson","9":"first","10":"outofstock","11":"taxable","12":"shipping-taxable","13":"purchasable","14":"product-type-simple"},"bundled_by":[],"bundle_stock_status":"outofstock","bundle_stock_quantity":0,"bundle_virtual":false,"bundle_layout":"","bundle_add_to_cart_form_location":"","bundle_editable_in_cart":false,"bundle_sold_individually_context":"","bundle_item_grouping":"","bundle_min_size":"","bundle_max_size":"","bundled_items":[],"bundle_sell_ids":[],"acf":[],"yoast_head":"<!-- This site is optimized with the Yoast SEO plugin v23.1 - https:\/\/yoast.com\/wordpress\/plugins\/seo\/ -->\n<title>TOALSON Ultra Grip 3-pack - Nordic Padel<\/title>\n<meta name=\"robots\" content=\"index, follow, max-snippet:-1, max-image-preview:large, max-video-preview:-1\" \/>\n<link rel=\"canonical\" href=\"https:\/\/nordicpadel.com\/sv\/product\/toalson-ultra-grip-3-pack-5\/\" \/>\n<meta property=\"og:locale\" content=\"sv_SE\" \/>\n<meta property=\"og:type\" content=\"article\" \/>\n<meta property=\"og:title\" content=\"TOALSON Ultra Grip 3-pack - Nordic Padel\" \/>\n<meta property=\"og:description\" content=\"K\u00f6p en oerh\u00f6rt popul\u00e4r grepplinda f\u00f6r tennisracketar och padelracketar. S\u00f6ker du efter en tunn grepplinda med bra grepp, d\u00e5 har du hittat r\u00e4tt. Toalson ultragrip \u00e4r endast 0.5mm tjock och levererar en sk\u00f6n klibbig k\u00e4nsla med absorberande effekt vilket g\u00f6r att greppet torkar snabbt. Den klibbiga k\u00e4nslan h\u00e5ller f\u00f6rh\u00e5llandevis l\u00e4nge. Bra val f\u00f6r dig som [&hellip;]\" \/>\n<meta property=\"og:url\" content=\"https:\/\/nordicpadel.com\/sv\/product\/toalson-ultra-grip-3-pack-5\/\" \/>\n<meta property=\"og:site_name\" content=\"Nordic Padel\" \/>\n<meta property=\"article:modified_time\" content=\"2025-11-27T15:53:10+00:00\" \/>\n<meta name=\"twitter:card\" content=\"summary_large_image\" \/>\n<meta name=\"twitter:label1\" content=\"Ber\u00e4knad l\u00e4stid\" \/>\n\t<meta name=\"twitter:data1\" content=\"1 minut\" \/>\n<script type=\"application\/ld+json\" class=\"yoast-schema-graph\">{\"@context\":\"https:\/\/schema.org\",\"@graph\":[{\"@type\":\"WebPage\",\"@id\":\"https:\/\/nordicpadel.com\/sv\/product\/toalson-ultra-grip-3-pack-5\/\",\"url\":\"https:\/\/nordicpadel.com\/sv\/product\/toalson-ultra-grip-3-pack-5\/\",\"name\":\"TOALSON Ultra Grip 3-pack - Nordic Padel\",\"isPartOf\":{\"@id\":\"https:\/\/nordicpadel.com\/sv\/#website\"},\"primaryImageOfPage\":{\"@id\":\"https:\/\/nordicpadel.com\/sv\/product\/toalson-ultra-grip-3-pack-5\/#primaryimage\"},\"image\":{\"@id\":\"https:\/\/nordicpadel.com\/sv\/product\/toalson-ultra-grip-3-pack-5\/#primaryimage\"},\"thumbnailUrl\":\"https:\/\/nordicpadel.com\/sv\/wp-content\/uploads\/sites\/10\/2025\/11\/a8ee2c466f9ce472732eba3353bf4547.png\",\"datePublished\":\"2025-11-26T16:23:01+00:00\",\"dateModified\":\"2025-11-27T15:53:10+00:00\",\"breadcrumb\":{\"@id\":\"https:\/\/nordicpadel.com\/sv\/product\/toalson-ultra-grip-3-pack-5\/#breadcrumb\"},\"inLanguage\":\"sv-SE\",\"potentialAction\":[{\"@type\":\"ReadAction\",\"target\":[\"https:\/\/nordicpadel.com\/sv\/product\/toalson-ultra-grip-3-pack-5\/\"]}]},{\"@type\":\"ImageObject\",\"inLanguage\":\"sv-SE\",\"@id\":\"https:\/\/nordicpadel.com\/sv\/product\/toalson-ultra-grip-3-pack-5\/#primaryimage\",\"url\":\"https:\/\/nordicpadel.com\/sv\/wp-content\/uploads\/sites\/10\/2025\/11\/a8ee2c466f9ce472732eba3353bf4547.png\",\"contentUrl\":\"https:\/\/nordicpadel.com\/sv\/wp-content\/uploads\/sites\/10\/2025\/11\/a8ee2c466f9ce472732eba3353bf4547.png\",\"width\":800,\"height\":800,\"caption\":\"TOALSON Ultra Grip 3-pack\"},{\"@type\":\"BreadcrumbList\",\"@id\":\"https:\/\/nordicpadel.com\/sv\/product\/toalson-ultra-grip-3-pack-5\/#breadcrumb\",\"itemListElement\":[{\"@type\":\"ListItem\",\"position\":1,\"name\":\"Hem\",\"item\":\"https:\/\/nordicpadel.com\/sv\/\"},{\"@type\":\"ListItem\",\"position\":2,\"name\":\"Shop\",\"item\":\"https:\/\/nordicpadel.com\/sv\/shop\/\"},{\"@type\":\"ListItem\",\"position\":3,\"name\":\"TOALSON Ultra Grip 3-pack\"}]},{\"@type\":\"WebSite\",\"@id\":\"https:\/\/nordicpadel.com\/sv\/#website\",\"url\":\"https:\/\/nordicpadel.com\/sv\/\",\"name\":\"Nordic Padel\",\"description\":\"\",\"publisher\":{\"@id\":\"https:\/\/nordicpadel.com\/sv\/#organization\"},\"potentialAction\":[{\"@type\":\"SearchAction\",\"target\":{\"@type\":\"EntryPoint\",\"urlTemplate\":\"https:\/\/nordicpadel.com\/sv\/?s={search_term_string}\"},\"query-input\":\"required name=search_term_string\"}],\"inLanguage\":\"sv-SE\"},{\"@type\":\"Organization\",\"@id\":\"https:\/\/nordicpadel.com\/sv\/#organization\",\"name\":\"Nordic Padel\",\"url\":\"https:\/\/nordicpadel.com\/sv\/\",\"logo\":{\"@type\":\"ImageObject\",\"inLanguage\":\"sv-SE\",\"@id\":\"https:\/\/nordicpadel.com\/sv\/#\/schema\/logo\/image\/\",\"url\":\"https:\/\/nordicpadel.com\/sv\/wp-content\/uploads\/sites\/10\/2022\/12\/Nordic-Padel-small_1-1.png\",\"contentUrl\":\"https:\/\/nordicpadel.com\/sv\/wp-content\/uploads\/sites\/10\/2022\/12\/Nordic-Padel-small_1-1.png\",\"width\":400,\"height\":119,\"caption\":\"Nordic Padel\"},\"image\":{\"@id\":\"https:\/\/nordicpadel.com\/sv\/#\/schema\/logo\/image\/\"}}]}<\/script>\n<!-- \/ Yoast SEO plugin. -->","yoast_head_json":{"title":"TOALSON Ultra Grip 3-pack - Nordic Padel","robots":{"index":"index","follow":"follow","max-snippet":"max-snippet:-1","max-image-preview":"max-image-preview:large","max-video-preview":"max-video-preview:-1"},"canonical":"https:\/\/nordicpadel.com\/sv\/product\/toalson-ultra-grip-3-pack-5\/","og_locale":"sv_SE","og_type":"article","og_title":"TOALSON Ultra Grip 3-pack - Nordic Padel","og_description":"K\u00f6p en oerh\u00f6rt popul\u00e4r grepplinda f\u00f6r tennisracketar och padelracketar. S\u00f6ker du efter en tunn grepplinda med bra grepp, d\u00e5 har du hittat r\u00e4tt. Toalson ultragrip \u00e4r endast 0.5mm tjock och levererar en sk\u00f6n klibbig k\u00e4nsla med absorberande effekt vilket g\u00f6r att greppet torkar snabbt. Den klibbiga k\u00e4nslan h\u00e5ller f\u00f6rh\u00e5llandevis l\u00e4nge. Bra val f\u00f6r dig som [&hellip;]","og_url":"https:\/\/nordicpadel.com\/sv\/product\/toalson-ultra-grip-3-pack-5\/","og_site_name":"Nordic Padel","article_modified_time":"2025-11-27T15:53:10+00:00","twitter_card":"summary_large_image","twitter_misc":{"Ber\u00e4knad l\u00e4stid":"1 minut"},"schema":{"@context":"https:\/\/schema.org","@graph":[{"@type":"WebPage","@id":"https:\/\/nordicpadel.com\/sv\/product\/toalson-ultra-grip-3-pack-5\/","url":"https:\/\/nordicpadel.com\/sv\/product\/toalson-ultra-grip-3-pack-5\/","name":"TOALSON Ultra Grip 3-pack - Nordic Padel","isPartOf":{"@id":"https:\/\/nordicpadel.com\/sv\/#website"},"primaryImageOfPage":{"@id":"https:\/\/nordicpadel.com\/sv\/product\/toalson-ultra-grip-3-pack-5\/#primaryimage"},"image":{"@id":"https:\/\/nordicpadel.com\/sv\/product\/toalson-ultra-grip-3-pack-5\/#primaryimage"},"thumbnailUrl":"https:\/\/nordicpadel.com\/sv\/wp-content\/uploads\/sites\/10\/2025\/11\/a8ee2c466f9ce472732eba3353bf4547.png","datePublished":"2025-11-26T16:23:01+00:00","dateModified":"2025-11-27T15:53:10+00:00","breadcrumb":{"@id":"https:\/\/nordicpadel.com\/sv\/product\/toalson-ultra-grip-3-pack-5\/#breadcrumb"},"inLanguage":"sv-SE","potentialAction":[{"@type":"ReadAction","target":["https:\/\/nordicpadel.com\/sv\/product\/toalson-ultra-grip-3-pack-5\/"]}]},{"@type":"ImageObject","inLanguage":"sv-SE","@id":"https:\/\/nordicpadel.com\/sv\/product\/toalson-ultra-grip-3-pack-5\/#primaryimage","url":"https:\/\/nordicpadel.com\/sv\/wp-content\/uploads\/sites\/10\/2025\/11\/a8ee2c466f9ce472732eba3353bf4547.png","contentUrl":"https:\/\/nordicpadel.com\/sv\/wp-content\/uploads\/sites\/10\/2025\/11\/a8ee2c466f9ce472732eba3353bf4547.png","width":800,"height":800,"caption":"TOALSON Ultra Grip 3-pack"},{"@type":"BreadcrumbList","@id":"https:\/\/nordicpadel.com\/sv\/product\/toalson-ultra-grip-3-pack-5\/#breadcrumb","itemListElement":[{"@type":"ListItem","position":1,"name":"Hem","item":"https:\/\/nordicpadel.com\/sv\/"},{"@type":"ListItem","position":2,"name":"Shop","item":"https:\/\/nordicpadel.com\/sv\/shop\/"},{"@type":"ListItem","position":3,"name":"TOALSON Ultra Grip 3-pack"}]},{"@type":"WebSite","@id":"https:\/\/nordicpadel.com\/sv\/#website","url":"https:\/\/nordicpadel.com\/sv\/","name":"Nordic Padel","description":"","publisher":{"@id":"https:\/\/nordicpadel.com\/sv\/#organization"},"potentialAction":[{"@type":"SearchAction","target":{"@type":"EntryPoint","urlTemplate":"https:\/\/nordicpadel.com\/sv\/?s={search_term_string}"},"query-input":"required name=search_term_string"}],"inLanguage":"sv-SE"},{"@type":"Organization","@id":"https:\/\/nordicpadel.com\/sv\/#organization","name":"Nordic Padel","url":"https:\/\/nordicpadel.com\/sv\/","logo":{"@type":"ImageObject","inLanguage":"sv-SE","@id":"https:\/\/nordicpadel.com\/sv\/#\/schema\/logo\/image\/","url":"https:\/\/nordicpadel.com\/sv\/wp-content\/uploads\/sites\/10\/2022\/12\/Nordic-Padel-small_1-1.png","contentUrl":"https:\/\/nordicpadel.com\/sv\/wp-content\/uploads\/sites\/10\/2022\/12\/Nordic-Padel-small_1-1.png","width":400,"height":119,"caption":"Nordic Padel"},"image":{"@id":"https:\/\/nordicpadel.com\/sv\/#\/schema\/logo\/image\/"}}]}},"brands":[],"_links":{"self":[{"href":"https:\/\/nordicpadel.com\/sv\/wp-json\/wp\/v2\/product\/87843","targetHints":{"allow":["GET"]}}],"collection":[{"href":"https:\/\/nordicpadel.com\/sv\/wp-json\/wp\/v2\/product"}],"about":[{"href":"https:\/\/nordicpadel.com\/sv\/wp-json\/wp\/v2\/types\/product"}],"replies":[{"embeddable":true,"href":"https:\/\/nordicpadel.com\/sv\/wp-json\/wp\/v2\/comments?post=87843"}],"wp:featuredmedia":[{"embeddable":true,"href":"https:\/\/nordicpadel.com\/sv\/wp-json\/wp\/v2\/media\/87842"}],"wp:attachment":[{"href":"https:\/\/nordicpadel.com\/sv\/wp-json\/wp\/v2\/media?parent=87843"}],"wp:term":[{"taxonomy":"pwb-brand","embeddable":true,"href":"https:\/\/nordicpadel.com\/sv\/wp-json\/wp\/v2\/pwb-brand?post=87843"},{"taxonomy":"product_cat","embeddable":true,"href":"https:\/\/nordicpadel.com\/sv\/wp-json\/wp\/v2\/product_cat?post=87843"},{"taxonomy":"product_tag","embeddable":true,"href":"https:\/\/nordicpadel.com\/sv\/wp-json\/wp\/v2\/product_tag?post=87843"},{"taxonomy":"woo-feed-brand","embeddable":true,"href":"https:\/\/nordicpadel.com\/sv\/wp-json\/wp\/v2\/woo-feed-brand?post=87843"}],"curies":[{"name":"wp","href":"https:\/\/api.w.org\/{rel}","templated":true}]}}