{"id":87841,"date":"2025-11-26T17:22:56","date_gmt":"2025-11-26T16:22:56","guid":{"rendered":"https:\/\/nordicpadel.com\/sv\/product\/nike-victory-shorts-7-tum-5\/"},"modified":"2026-03-09T00:24:39","modified_gmt":"2026-03-08T23:24:39","slug":"nike-victory-shorts-7-tum-5","status":"publish","type":"product","link":"https:\/\/nordicpadel.com\/sv\/product\/nike-victory-shorts-7-tum-5\/","title":{"rendered":"Nike Victory Shorts 7 tum"},"content":{"rendered":"<p>Riktigt fina vita tennisshorts\/padelshorts med 2 stycken sidofickor. Nike har tagit fram en n\u00e5got kortare modell av tennisshorts med bra sidofickor f\u00f6r f\u00f6rvaring utav bollar. Shortsen \u00e4r som sagt n\u00e5got kortare vilket ger ett mer stiligt intryck j\u00e4mf\u00f6rt med de n\u00e5got l\u00e4ngre shortsen. Tennisshortsen\/padelshortsen \u00e4r utrustade med elastiskt midjeband vilket ger b\u00e4ttre passform och f\u00f6rb\u00e4ttrad komfort. Dessutom finns en inv\u00e4ndig dragsko f\u00f6r att justera bredden om s\u00e5 skulle beh\u00f6veas. F\u00e4rg: Vit Material: 100% Polyester Tv\u00e4ttr\u00e5d: Maskintv\u00e4tt, 40 grader syntet<\/p>\n","protected":false},"excerpt":{"rendered":"<p>Riktigt fina vita tennisshorts\/padelshorts med 2 stycken sidofickor. Nike har tagit fram en n\u00e5got kortare modell av tennisshorts med bra sidofickor f\u00f6r f\u00f6rvaring utav bollar. Shortsen \u00e4r som sagt n\u00e5got kortare vilket ger ett mer stiligt intryck j\u00e4mf\u00f6rt med de n\u00e5got l\u00e4ngre shortsen. Tennisshortsen\/padelshortsen \u00e4r utrustade med elastiskt midjeband vilket ger b\u00e4ttre passform och f\u00f6rb\u00e4ttrad [&hellip;]<\/p>\n","protected":false},"featured_media":87840,"comment_status":"open","ping_status":"closed","template":"","meta":[],"pwb-brand":[],"product_cat":[40],"product_tag":[],"woo-feed-brand":[],"class_list":{"0":"post-87841","1":"product","2":"type-product","3":"status-publish","4":"has-post-thumbnail","6":"product_cat-padelklader-herr","7":"pa_varumarke-nike","9":"first","10":"instock","11":"taxable","12":"shipping-taxable","13":"purchasable","14":"product-type-variable"},"bundled_by":[],"bundle_stock_status":"instock","bundle_stock_quantity":14,"bundle_virtual":false,"bundle_layout":"","bundle_add_to_cart_form_location":"","bundle_editable_in_cart":false,"bundle_sold_individually_context":"","bundle_item_grouping":"","bundle_min_size":"","bundle_max_size":"","bundled_items":[],"bundle_sell_ids":[],"acf":[],"yoast_head":"<!-- This site is optimized with the Yoast SEO plugin v23.1 - https:\/\/yoast.com\/wordpress\/plugins\/seo\/ -->\n<title>Nike Victory Shorts 7 tum - Nordic Padel<\/title>\n<meta name=\"robots\" content=\"index, follow, max-snippet:-1, max-image-preview:large, max-video-preview:-1\" \/>\n<link rel=\"canonical\" href=\"https:\/\/nordicpadel.com\/sv\/product\/nike-victory-shorts-7-tum-5\/\" \/>\n<meta property=\"og:locale\" content=\"sv_SE\" \/>\n<meta property=\"og:type\" content=\"article\" \/>\n<meta property=\"og:title\" content=\"Nike Victory Shorts 7 tum - Nordic Padel\" \/>\n<meta property=\"og:description\" content=\"Riktigt fina vita tennisshorts\/padelshorts med 2 stycken sidofickor. Nike har tagit fram en n\u00e5got kortare modell av tennisshorts med bra sidofickor f\u00f6r f\u00f6rvaring utav bollar. Shortsen \u00e4r som sagt n\u00e5got kortare vilket ger ett mer stiligt intryck j\u00e4mf\u00f6rt med de n\u00e5got l\u00e4ngre shortsen. Tennisshortsen\/padelshortsen \u00e4r utrustade med elastiskt midjeband vilket ger b\u00e4ttre passform och f\u00f6rb\u00e4ttrad [&hellip;]\" \/>\n<meta property=\"og:url\" content=\"https:\/\/nordicpadel.com\/sv\/product\/nike-victory-shorts-7-tum-5\/\" \/>\n<meta property=\"og:site_name\" content=\"Nordic Padel\" \/>\n<meta property=\"article:modified_time\" content=\"2026-03-08T23:24:39+00:00\" \/>\n<meta name=\"twitter:card\" content=\"summary_large_image\" \/>\n<script type=\"application\/ld+json\" class=\"yoast-schema-graph\">{\"@context\":\"https:\/\/schema.org\",\"@graph\":[{\"@type\":\"WebPage\",\"@id\":\"https:\/\/nordicpadel.com\/sv\/product\/nike-victory-shorts-7-tum-5\/\",\"url\":\"https:\/\/nordicpadel.com\/sv\/product\/nike-victory-shorts-7-tum-5\/\",\"name\":\"Nike Victory Shorts 7 tum - Nordic Padel\",\"isPartOf\":{\"@id\":\"https:\/\/nordicpadel.com\/sv\/#website\"},\"primaryImageOfPage\":{\"@id\":\"https:\/\/nordicpadel.com\/sv\/product\/nike-victory-shorts-7-tum-5\/#primaryimage\"},\"image\":{\"@id\":\"https:\/\/nordicpadel.com\/sv\/product\/nike-victory-shorts-7-tum-5\/#primaryimage\"},\"thumbnailUrl\":\"https:\/\/nordicpadel.com\/sv\/wp-content\/uploads\/sites\/10\/2025\/11\/53336210dbf8757ac2334d7be94b9111.png\",\"datePublished\":\"2025-11-26T16:22:56+00:00\",\"dateModified\":\"2026-03-08T23:24:39+00:00\",\"breadcrumb\":{\"@id\":\"https:\/\/nordicpadel.com\/sv\/product\/nike-victory-shorts-7-tum-5\/#breadcrumb\"},\"inLanguage\":\"sv-SE\",\"potentialAction\":[{\"@type\":\"ReadAction\",\"target\":[\"https:\/\/nordicpadel.com\/sv\/product\/nike-victory-shorts-7-tum-5\/\"]}]},{\"@type\":\"ImageObject\",\"inLanguage\":\"sv-SE\",\"@id\":\"https:\/\/nordicpadel.com\/sv\/product\/nike-victory-shorts-7-tum-5\/#primaryimage\",\"url\":\"https:\/\/nordicpadel.com\/sv\/wp-content\/uploads\/sites\/10\/2025\/11\/53336210dbf8757ac2334d7be94b9111.png\",\"contentUrl\":\"https:\/\/nordicpadel.com\/sv\/wp-content\/uploads\/sites\/10\/2025\/11\/53336210dbf8757ac2334d7be94b9111.png\",\"width\":800,\"height\":800,\"caption\":\"Nike Victory Shorts 7 tum\"},{\"@type\":\"BreadcrumbList\",\"@id\":\"https:\/\/nordicpadel.com\/sv\/product\/nike-victory-shorts-7-tum-5\/#breadcrumb\",\"itemListElement\":[{\"@type\":\"ListItem\",\"position\":1,\"name\":\"Hem\",\"item\":\"https:\/\/nordicpadel.com\/sv\/\"},{\"@type\":\"ListItem\",\"position\":2,\"name\":\"Shop\",\"item\":\"https:\/\/nordicpadel.com\/sv\/shop\/\"},{\"@type\":\"ListItem\",\"position\":3,\"name\":\"Nike Victory Shorts 7 tum\"}]},{\"@type\":\"WebSite\",\"@id\":\"https:\/\/nordicpadel.com\/sv\/#website\",\"url\":\"https:\/\/nordicpadel.com\/sv\/\",\"name\":\"Nordic Padel\",\"description\":\"\",\"publisher\":{\"@id\":\"https:\/\/nordicpadel.com\/sv\/#organization\"},\"potentialAction\":[{\"@type\":\"SearchAction\",\"target\":{\"@type\":\"EntryPoint\",\"urlTemplate\":\"https:\/\/nordicpadel.com\/sv\/?s={search_term_string}\"},\"query-input\":\"required name=search_term_string\"}],\"inLanguage\":\"sv-SE\"},{\"@type\":\"Organization\",\"@id\":\"https:\/\/nordicpadel.com\/sv\/#organization\",\"name\":\"Nordic Padel\",\"url\":\"https:\/\/nordicpadel.com\/sv\/\",\"logo\":{\"@type\":\"ImageObject\",\"inLanguage\":\"sv-SE\",\"@id\":\"https:\/\/nordicpadel.com\/sv\/#\/schema\/logo\/image\/\",\"url\":\"https:\/\/nordicpadel.com\/sv\/wp-content\/uploads\/sites\/10\/2022\/12\/Nordic-Padel-small_1-1.png\",\"contentUrl\":\"https:\/\/nordicpadel.com\/sv\/wp-content\/uploads\/sites\/10\/2022\/12\/Nordic-Padel-small_1-1.png\",\"width\":400,\"height\":119,\"caption\":\"Nordic Padel\"},\"image\":{\"@id\":\"https:\/\/nordicpadel.com\/sv\/#\/schema\/logo\/image\/\"}}]}<\/script>\n<!-- \/ Yoast SEO plugin. -->","yoast_head_json":{"title":"Nike Victory Shorts 7 tum - Nordic Padel","robots":{"index":"index","follow":"follow","max-snippet":"max-snippet:-1","max-image-preview":"max-image-preview:large","max-video-preview":"max-video-preview:-1"},"canonical":"https:\/\/nordicpadel.com\/sv\/product\/nike-victory-shorts-7-tum-5\/","og_locale":"sv_SE","og_type":"article","og_title":"Nike Victory Shorts 7 tum - Nordic Padel","og_description":"Riktigt fina vita tennisshorts\/padelshorts med 2 stycken sidofickor. Nike har tagit fram en n\u00e5got kortare modell av tennisshorts med bra sidofickor f\u00f6r f\u00f6rvaring utav bollar. Shortsen \u00e4r som sagt n\u00e5got kortare vilket ger ett mer stiligt intryck j\u00e4mf\u00f6rt med de n\u00e5got l\u00e4ngre shortsen. Tennisshortsen\/padelshortsen \u00e4r utrustade med elastiskt midjeband vilket ger b\u00e4ttre passform och f\u00f6rb\u00e4ttrad [&hellip;]","og_url":"https:\/\/nordicpadel.com\/sv\/product\/nike-victory-shorts-7-tum-5\/","og_site_name":"Nordic Padel","article_modified_time":"2026-03-08T23:24:39+00:00","twitter_card":"summary_large_image","schema":{"@context":"https:\/\/schema.org","@graph":[{"@type":"WebPage","@id":"https:\/\/nordicpadel.com\/sv\/product\/nike-victory-shorts-7-tum-5\/","url":"https:\/\/nordicpadel.com\/sv\/product\/nike-victory-shorts-7-tum-5\/","name":"Nike Victory Shorts 7 tum - Nordic Padel","isPartOf":{"@id":"https:\/\/nordicpadel.com\/sv\/#website"},"primaryImageOfPage":{"@id":"https:\/\/nordicpadel.com\/sv\/product\/nike-victory-shorts-7-tum-5\/#primaryimage"},"image":{"@id":"https:\/\/nordicpadel.com\/sv\/product\/nike-victory-shorts-7-tum-5\/#primaryimage"},"thumbnailUrl":"https:\/\/nordicpadel.com\/sv\/wp-content\/uploads\/sites\/10\/2025\/11\/53336210dbf8757ac2334d7be94b9111.png","datePublished":"2025-11-26T16:22:56+00:00","dateModified":"2026-03-08T23:24:39+00:00","breadcrumb":{"@id":"https:\/\/nordicpadel.com\/sv\/product\/nike-victory-shorts-7-tum-5\/#breadcrumb"},"inLanguage":"sv-SE","potentialAction":[{"@type":"ReadAction","target":["https:\/\/nordicpadel.com\/sv\/product\/nike-victory-shorts-7-tum-5\/"]}]},{"@type":"ImageObject","inLanguage":"sv-SE","@id":"https:\/\/nordicpadel.com\/sv\/product\/nike-victory-shorts-7-tum-5\/#primaryimage","url":"https:\/\/nordicpadel.com\/sv\/wp-content\/uploads\/sites\/10\/2025\/11\/53336210dbf8757ac2334d7be94b9111.png","contentUrl":"https:\/\/nordicpadel.com\/sv\/wp-content\/uploads\/sites\/10\/2025\/11\/53336210dbf8757ac2334d7be94b9111.png","width":800,"height":800,"caption":"Nike Victory Shorts 7 tum"},{"@type":"BreadcrumbList","@id":"https:\/\/nordicpadel.com\/sv\/product\/nike-victory-shorts-7-tum-5\/#breadcrumb","itemListElement":[{"@type":"ListItem","position":1,"name":"Hem","item":"https:\/\/nordicpadel.com\/sv\/"},{"@type":"ListItem","position":2,"name":"Shop","item":"https:\/\/nordicpadel.com\/sv\/shop\/"},{"@type":"ListItem","position":3,"name":"Nike Victory Shorts 7 tum"}]},{"@type":"WebSite","@id":"https:\/\/nordicpadel.com\/sv\/#website","url":"https:\/\/nordicpadel.com\/sv\/","name":"Nordic Padel","description":"","publisher":{"@id":"https:\/\/nordicpadel.com\/sv\/#organization"},"potentialAction":[{"@type":"SearchAction","target":{"@type":"EntryPoint","urlTemplate":"https:\/\/nordicpadel.com\/sv\/?s={search_term_string}"},"query-input":"required name=search_term_string"}],"inLanguage":"sv-SE"},{"@type":"Organization","@id":"https:\/\/nordicpadel.com\/sv\/#organization","name":"Nordic Padel","url":"https:\/\/nordicpadel.com\/sv\/","logo":{"@type":"ImageObject","inLanguage":"sv-SE","@id":"https:\/\/nordicpadel.com\/sv\/#\/schema\/logo\/image\/","url":"https:\/\/nordicpadel.com\/sv\/wp-content\/uploads\/sites\/10\/2022\/12\/Nordic-Padel-small_1-1.png","contentUrl":"https:\/\/nordicpadel.com\/sv\/wp-content\/uploads\/sites\/10\/2022\/12\/Nordic-Padel-small_1-1.png","width":400,"height":119,"caption":"Nordic Padel"},"image":{"@id":"https:\/\/nordicpadel.com\/sv\/#\/schema\/logo\/image\/"}}]}},"brands":[],"_links":{"self":[{"href":"https:\/\/nordicpadel.com\/sv\/wp-json\/wp\/v2\/product\/87841","targetHints":{"allow":["GET"]}}],"collection":[{"href":"https:\/\/nordicpadel.com\/sv\/wp-json\/wp\/v2\/product"}],"about":[{"href":"https:\/\/nordicpadel.com\/sv\/wp-json\/wp\/v2\/types\/product"}],"replies":[{"embeddable":true,"href":"https:\/\/nordicpadel.com\/sv\/wp-json\/wp\/v2\/comments?post=87841"}],"wp:featuredmedia":[{"embeddable":true,"href":"https:\/\/nordicpadel.com\/sv\/wp-json\/wp\/v2\/media\/87840"}],"wp:attachment":[{"href":"https:\/\/nordicpadel.com\/sv\/wp-json\/wp\/v2\/media?parent=87841"}],"wp:term":[{"taxonomy":"pwb-brand","embeddable":true,"href":"https:\/\/nordicpadel.com\/sv\/wp-json\/wp\/v2\/pwb-brand?post=87841"},{"taxonomy":"product_cat","embeddable":true,"href":"https:\/\/nordicpadel.com\/sv\/wp-json\/wp\/v2\/product_cat?post=87841"},{"taxonomy":"product_tag","embeddable":true,"href":"https:\/\/nordicpadel.com\/sv\/wp-json\/wp\/v2\/product_tag?post=87841"},{"taxonomy":"woo-feed-brand","embeddable":true,"href":"https:\/\/nordicpadel.com\/sv\/wp-json\/wp\/v2\/woo-feed-brand?post=87841"}],"curies":[{"name":"wp","href":"https:\/\/api.w.org\/{rel}","templated":true}]}}