{"id":87680,"date":"2025-11-26T17:18:47","date_gmt":"2025-11-26T16:18:47","guid":{"rendered":"https:\/\/nordicpadel.com\/sv\/product\/tourna-grip-xl-3-pack\/"},"modified":"2026-03-20T17:36:37","modified_gmt":"2026-03-20T16:36:37","slug":"tourna-grip-xl-3-pack","status":"publish","type":"product","link":"https:\/\/nordicpadel.com\/sv\/product\/tourna-grip-xl-3-pack\/","title":{"rendered":"Tourna Grip XL 3-Pack"},"content":{"rendered":"<p>Tournagrip &#8211; k\u00e4nd f\u00f6r sin linda som inte l\u00e5ter dig tappa greppet under svettiga f\u00f6rh\u00e5llanden. Om du \u00e4r ute efter en linda som inte blir hal s\u00e5 kan vi varmt rekommendera denna grepplinda! Detta \u00e4r den mest anv\u00e4nda grepplindan p\u00e5 touren. Levereras i 3-pack<\/p>\n","protected":false},"excerpt":{"rendered":"<p>Tournagrip &#8211; k\u00e4nd f\u00f6r sin linda som inte l\u00e5ter dig tappa greppet under svettiga f\u00f6rh\u00e5llanden. Om du \u00e4r ute efter en linda som inte blir hal s\u00e5 kan vi varmt rekommendera denna grepplinda! Detta \u00e4r den mest anv\u00e4nda grepplindan p\u00e5 touren. Levereras i 3-pack<\/p>\n","protected":false},"featured_media":87677,"comment_status":"open","ping_status":"closed","template":"","meta":[],"pwb-brand":[],"product_cat":[43],"product_tag":[],"woo-feed-brand":[],"class_list":{"0":"post-87680","1":"product","2":"type-product","3":"status-publish","4":"has-post-thumbnail","6":"product_cat-grepplindor","7":"pa_varumarke-tournagrip-2","9":"first","10":"outofstock","11":"sale","12":"taxable","13":"shipping-taxable","14":"purchasable","15":"product-type-simple"},"bundled_by":[],"bundle_stock_status":"outofstock","bundle_stock_quantity":0,"bundle_virtual":false,"bundle_layout":"","bundle_add_to_cart_form_location":"","bundle_editable_in_cart":false,"bundle_sold_individually_context":"","bundle_item_grouping":"","bundle_min_size":"","bundle_max_size":"","bundled_items":[],"bundle_sell_ids":[],"acf":[],"yoast_head":"<!-- This site is optimized with the Yoast SEO plugin v23.1 - https:\/\/yoast.com\/wordpress\/plugins\/seo\/ -->\n<title>Tourna Grip XL 3-Pack - Nordic Padel<\/title>\n<meta name=\"robots\" content=\"index, follow, max-snippet:-1, max-image-preview:large, max-video-preview:-1\" \/>\n<link rel=\"canonical\" href=\"https:\/\/nordicpadel.com\/sv\/product\/tourna-grip-xl-3-pack\/\" \/>\n<meta property=\"og:locale\" content=\"sv_SE\" \/>\n<meta property=\"og:type\" content=\"article\" \/>\n<meta property=\"og:title\" content=\"Tourna Grip XL 3-Pack - Nordic Padel\" \/>\n<meta property=\"og:description\" content=\"Tournagrip &#8211; k\u00e4nd f\u00f6r sin linda som inte l\u00e5ter dig tappa greppet under svettiga f\u00f6rh\u00e5llanden. Om du \u00e4r ute efter en linda som inte blir hal s\u00e5 kan vi varmt rekommendera denna grepplinda! Detta \u00e4r den mest anv\u00e4nda grepplindan p\u00e5 touren. Levereras i 3-pack\" \/>\n<meta property=\"og:url\" content=\"https:\/\/nordicpadel.com\/sv\/product\/tourna-grip-xl-3-pack\/\" \/>\n<meta property=\"og:site_name\" content=\"Nordic Padel\" \/>\n<meta property=\"article:modified_time\" content=\"2026-03-20T16:36:37+00:00\" \/>\n<meta name=\"twitter:card\" content=\"summary_large_image\" \/>\n<script type=\"application\/ld+json\" class=\"yoast-schema-graph\">{\"@context\":\"https:\/\/schema.org\",\"@graph\":[{\"@type\":\"WebPage\",\"@id\":\"https:\/\/nordicpadel.com\/sv\/product\/tourna-grip-xl-3-pack\/\",\"url\":\"https:\/\/nordicpadel.com\/sv\/product\/tourna-grip-xl-3-pack\/\",\"name\":\"Tourna Grip XL 3-Pack - Nordic Padel\",\"isPartOf\":{\"@id\":\"https:\/\/nordicpadel.com\/sv\/#website\"},\"primaryImageOfPage\":{\"@id\":\"https:\/\/nordicpadel.com\/sv\/product\/tourna-grip-xl-3-pack\/#primaryimage\"},\"image\":{\"@id\":\"https:\/\/nordicpadel.com\/sv\/product\/tourna-grip-xl-3-pack\/#primaryimage\"},\"thumbnailUrl\":\"https:\/\/nordicpadel.com\/sv\/wp-content\/uploads\/sites\/10\/2025\/11\/079a98dd55ab8434a0397da5ae0d708e.png\",\"datePublished\":\"2025-11-26T16:18:47+00:00\",\"dateModified\":\"2026-03-20T16:36:37+00:00\",\"breadcrumb\":{\"@id\":\"https:\/\/nordicpadel.com\/sv\/product\/tourna-grip-xl-3-pack\/#breadcrumb\"},\"inLanguage\":\"sv-SE\",\"potentialAction\":[{\"@type\":\"ReadAction\",\"target\":[\"https:\/\/nordicpadel.com\/sv\/product\/tourna-grip-xl-3-pack\/\"]}]},{\"@type\":\"ImageObject\",\"inLanguage\":\"sv-SE\",\"@id\":\"https:\/\/nordicpadel.com\/sv\/product\/tourna-grip-xl-3-pack\/#primaryimage\",\"url\":\"https:\/\/nordicpadel.com\/sv\/wp-content\/uploads\/sites\/10\/2025\/11\/079a98dd55ab8434a0397da5ae0d708e.png\",\"contentUrl\":\"https:\/\/nordicpadel.com\/sv\/wp-content\/uploads\/sites\/10\/2025\/11\/079a98dd55ab8434a0397da5ae0d708e.png\",\"width\":800,\"height\":800,\"caption\":\"Tourna Grip XL 3-Pack\"},{\"@type\":\"BreadcrumbList\",\"@id\":\"https:\/\/nordicpadel.com\/sv\/product\/tourna-grip-xl-3-pack\/#breadcrumb\",\"itemListElement\":[{\"@type\":\"ListItem\",\"position\":1,\"name\":\"Hem\",\"item\":\"https:\/\/nordicpadel.com\/sv\/\"},{\"@type\":\"ListItem\",\"position\":2,\"name\":\"Shop\",\"item\":\"https:\/\/nordicpadel.com\/sv\/shop\/\"},{\"@type\":\"ListItem\",\"position\":3,\"name\":\"Tourna Grip XL 3-Pack\"}]},{\"@type\":\"WebSite\",\"@id\":\"https:\/\/nordicpadel.com\/sv\/#website\",\"url\":\"https:\/\/nordicpadel.com\/sv\/\",\"name\":\"Nordic Padel\",\"description\":\"\",\"publisher\":{\"@id\":\"https:\/\/nordicpadel.com\/sv\/#organization\"},\"potentialAction\":[{\"@type\":\"SearchAction\",\"target\":{\"@type\":\"EntryPoint\",\"urlTemplate\":\"https:\/\/nordicpadel.com\/sv\/?s={search_term_string}\"},\"query-input\":\"required name=search_term_string\"}],\"inLanguage\":\"sv-SE\"},{\"@type\":\"Organization\",\"@id\":\"https:\/\/nordicpadel.com\/sv\/#organization\",\"name\":\"Nordic Padel\",\"url\":\"https:\/\/nordicpadel.com\/sv\/\",\"logo\":{\"@type\":\"ImageObject\",\"inLanguage\":\"sv-SE\",\"@id\":\"https:\/\/nordicpadel.com\/sv\/#\/schema\/logo\/image\/\",\"url\":\"https:\/\/nordicpadel.com\/sv\/wp-content\/uploads\/sites\/10\/2022\/12\/Nordic-Padel-small_1-1.png\",\"contentUrl\":\"https:\/\/nordicpadel.com\/sv\/wp-content\/uploads\/sites\/10\/2022\/12\/Nordic-Padel-small_1-1.png\",\"width\":400,\"height\":119,\"caption\":\"Nordic Padel\"},\"image\":{\"@id\":\"https:\/\/nordicpadel.com\/sv\/#\/schema\/logo\/image\/\"}}]}<\/script>\n<!-- \/ Yoast SEO plugin. -->","yoast_head_json":{"title":"Tourna Grip XL 3-Pack - Nordic Padel","robots":{"index":"index","follow":"follow","max-snippet":"max-snippet:-1","max-image-preview":"max-image-preview:large","max-video-preview":"max-video-preview:-1"},"canonical":"https:\/\/nordicpadel.com\/sv\/product\/tourna-grip-xl-3-pack\/","og_locale":"sv_SE","og_type":"article","og_title":"Tourna Grip XL 3-Pack - Nordic Padel","og_description":"Tournagrip &#8211; k\u00e4nd f\u00f6r sin linda som inte l\u00e5ter dig tappa greppet under svettiga f\u00f6rh\u00e5llanden. Om du \u00e4r ute efter en linda som inte blir hal s\u00e5 kan vi varmt rekommendera denna grepplinda! Detta \u00e4r den mest anv\u00e4nda grepplindan p\u00e5 touren. Levereras i 3-pack","og_url":"https:\/\/nordicpadel.com\/sv\/product\/tourna-grip-xl-3-pack\/","og_site_name":"Nordic Padel","article_modified_time":"2026-03-20T16:36:37+00:00","twitter_card":"summary_large_image","schema":{"@context":"https:\/\/schema.org","@graph":[{"@type":"WebPage","@id":"https:\/\/nordicpadel.com\/sv\/product\/tourna-grip-xl-3-pack\/","url":"https:\/\/nordicpadel.com\/sv\/product\/tourna-grip-xl-3-pack\/","name":"Tourna Grip XL 3-Pack - Nordic Padel","isPartOf":{"@id":"https:\/\/nordicpadel.com\/sv\/#website"},"primaryImageOfPage":{"@id":"https:\/\/nordicpadel.com\/sv\/product\/tourna-grip-xl-3-pack\/#primaryimage"},"image":{"@id":"https:\/\/nordicpadel.com\/sv\/product\/tourna-grip-xl-3-pack\/#primaryimage"},"thumbnailUrl":"https:\/\/nordicpadel.com\/sv\/wp-content\/uploads\/sites\/10\/2025\/11\/079a98dd55ab8434a0397da5ae0d708e.png","datePublished":"2025-11-26T16:18:47+00:00","dateModified":"2026-03-20T16:36:37+00:00","breadcrumb":{"@id":"https:\/\/nordicpadel.com\/sv\/product\/tourna-grip-xl-3-pack\/#breadcrumb"},"inLanguage":"sv-SE","potentialAction":[{"@type":"ReadAction","target":["https:\/\/nordicpadel.com\/sv\/product\/tourna-grip-xl-3-pack\/"]}]},{"@type":"ImageObject","inLanguage":"sv-SE","@id":"https:\/\/nordicpadel.com\/sv\/product\/tourna-grip-xl-3-pack\/#primaryimage","url":"https:\/\/nordicpadel.com\/sv\/wp-content\/uploads\/sites\/10\/2025\/11\/079a98dd55ab8434a0397da5ae0d708e.png","contentUrl":"https:\/\/nordicpadel.com\/sv\/wp-content\/uploads\/sites\/10\/2025\/11\/079a98dd55ab8434a0397da5ae0d708e.png","width":800,"height":800,"caption":"Tourna Grip XL 3-Pack"},{"@type":"BreadcrumbList","@id":"https:\/\/nordicpadel.com\/sv\/product\/tourna-grip-xl-3-pack\/#breadcrumb","itemListElement":[{"@type":"ListItem","position":1,"name":"Hem","item":"https:\/\/nordicpadel.com\/sv\/"},{"@type":"ListItem","position":2,"name":"Shop","item":"https:\/\/nordicpadel.com\/sv\/shop\/"},{"@type":"ListItem","position":3,"name":"Tourna Grip XL 3-Pack"}]},{"@type":"WebSite","@id":"https:\/\/nordicpadel.com\/sv\/#website","url":"https:\/\/nordicpadel.com\/sv\/","name":"Nordic Padel","description":"","publisher":{"@id":"https:\/\/nordicpadel.com\/sv\/#organization"},"potentialAction":[{"@type":"SearchAction","target":{"@type":"EntryPoint","urlTemplate":"https:\/\/nordicpadel.com\/sv\/?s={search_term_string}"},"query-input":"required name=search_term_string"}],"inLanguage":"sv-SE"},{"@type":"Organization","@id":"https:\/\/nordicpadel.com\/sv\/#organization","name":"Nordic Padel","url":"https:\/\/nordicpadel.com\/sv\/","logo":{"@type":"ImageObject","inLanguage":"sv-SE","@id":"https:\/\/nordicpadel.com\/sv\/#\/schema\/logo\/image\/","url":"https:\/\/nordicpadel.com\/sv\/wp-content\/uploads\/sites\/10\/2022\/12\/Nordic-Padel-small_1-1.png","contentUrl":"https:\/\/nordicpadel.com\/sv\/wp-content\/uploads\/sites\/10\/2022\/12\/Nordic-Padel-small_1-1.png","width":400,"height":119,"caption":"Nordic Padel"},"image":{"@id":"https:\/\/nordicpadel.com\/sv\/#\/schema\/logo\/image\/"}}]}},"brands":[],"_links":{"self":[{"href":"https:\/\/nordicpadel.com\/sv\/wp-json\/wp\/v2\/product\/87680","targetHints":{"allow":["GET"]}}],"collection":[{"href":"https:\/\/nordicpadel.com\/sv\/wp-json\/wp\/v2\/product"}],"about":[{"href":"https:\/\/nordicpadel.com\/sv\/wp-json\/wp\/v2\/types\/product"}],"replies":[{"embeddable":true,"href":"https:\/\/nordicpadel.com\/sv\/wp-json\/wp\/v2\/comments?post=87680"}],"wp:featuredmedia":[{"embeddable":true,"href":"https:\/\/nordicpadel.com\/sv\/wp-json\/wp\/v2\/media\/87677"}],"wp:attachment":[{"href":"https:\/\/nordicpadel.com\/sv\/wp-json\/wp\/v2\/media?parent=87680"}],"wp:term":[{"taxonomy":"pwb-brand","embeddable":true,"href":"https:\/\/nordicpadel.com\/sv\/wp-json\/wp\/v2\/pwb-brand?post=87680"},{"taxonomy":"product_cat","embeddable":true,"href":"https:\/\/nordicpadel.com\/sv\/wp-json\/wp\/v2\/product_cat?post=87680"},{"taxonomy":"product_tag","embeddable":true,"href":"https:\/\/nordicpadel.com\/sv\/wp-json\/wp\/v2\/product_tag?post=87680"},{"taxonomy":"woo-feed-brand","embeddable":true,"href":"https:\/\/nordicpadel.com\/sv\/wp-json\/wp\/v2\/woo-feed-brand?post=87680"}],"curies":[{"name":"wp","href":"https:\/\/api.w.org\/{rel}","templated":true}]}}