{"id":87666,"date":"2025-11-26T17:18:36","date_gmt":"2025-11-26T16:18:36","guid":{"rendered":"https:\/\/nordicpadel.com\/sv\/product\/bow19-classy-skirt\/"},"modified":"2025-11-26T21:24:04","modified_gmt":"2025-11-26T20:24:04","slug":"bow19-classy-skirt","status":"publish","type":"product","link":"https:\/\/nordicpadel.com\/sv\/product\/bow19-classy-skirt\/","title":{"rendered":"BOW19 Classy Skirt"},"content":{"rendered":"<p>Kjol f\u00f6r padel och tennis med 40cm l\u00e4ngd framtill och 44cm l\u00e4ngd baktill, vilket ger dig en bekv\u00e4m k\u00e4nsla \u00f6ver hela banan. Kjolen \u00e4r tillverkad i fuktavst\u00f6tande material som h\u00e5ller dig torr l\u00e4nge p\u00e5 banan. Kjolen har en lyster i tyget som f\u00e5 andra m\u00e4rken kan stoltsera med, det vill s\u00e4ga lite glans p\u00e5 tennisbanan eller padelbanan \u00e4r ju aldrig fel. Kjolen har integrerade innershorts och en ficka baktill med plats f\u00f6r mobil eller andra v\u00e4rdesaker.<\/p>\n<ul>\n<li>Kjolens l\u00e4ngd: 40cm fram 44cm<\/li>\n<li>F\u00e4rg: Cinder<\/li>\n<li>H\u00f6g midja med bred elastisk midjeband f\u00f6r b\u00e4sta passform<\/li>\n<li>Material: 86% polyester 14% elastan, innershorts 82% polyester, 18% elastan<\/li>\n<li>\u00c4r du mellan tv\u00e5 storlekar rekommenderar vi ett g\u00e5 ned en storlek<\/li>\n<\/ul>\n","protected":false},"excerpt":{"rendered":"<p>Kjol f\u00f6r padel och tennis med 40cm l\u00e4ngd framtill och 44cm l\u00e4ngd baktill, vilket ger dig en bekv\u00e4m k\u00e4nsla \u00f6ver hela banan. Kjolen \u00e4r tillverkad i fuktavst\u00f6tande material som h\u00e5ller dig torr l\u00e4nge p\u00e5 banan. Kjolen har en lyster i tyget som f\u00e5 andra m\u00e4rken kan stoltsera med, det vill s\u00e4ga lite glans p\u00e5 tennisbanan [&hellip;]<\/p>\n","protected":false},"featured_media":87665,"comment_status":"open","ping_status":"closed","template":"","meta":[],"pwb-brand":[],"product_cat":[469],"product_tag":[],"woo-feed-brand":[],"class_list":{"0":"post-87666","1":"product","2":"type-product","3":"status-publish","4":"has-post-thumbnail","6":"product_cat-bow19","7":"pa_varumarke-bow19","9":"first","10":"outofstock","11":"taxable","12":"shipping-taxable","13":"product-type-variable"},"bundled_by":[],"bundle_stock_status":"outofstock","bundle_stock_quantity":0,"bundle_virtual":false,"bundle_layout":"","bundle_add_to_cart_form_location":"","bundle_editable_in_cart":false,"bundle_sold_individually_context":"","bundle_item_grouping":"","bundle_min_size":"","bundle_max_size":"","bundled_items":[],"bundle_sell_ids":[],"acf":[],"yoast_head":"<!-- This site is optimized with the Yoast SEO plugin v23.1 - https:\/\/yoast.com\/wordpress\/plugins\/seo\/ -->\n<title>BOW19 Classy Skirt - Nordic Padel<\/title>\n<meta name=\"robots\" content=\"index, follow, max-snippet:-1, max-image-preview:large, max-video-preview:-1\" \/>\n<link rel=\"canonical\" href=\"https:\/\/nordicpadel.com\/sv\/product\/bow19-classy-skirt\/\" \/>\n<meta property=\"og:locale\" content=\"sv_SE\" \/>\n<meta property=\"og:type\" content=\"article\" \/>\n<meta property=\"og:title\" content=\"BOW19 Classy Skirt - Nordic Padel\" \/>\n<meta property=\"og:description\" content=\"Kjol f\u00f6r padel och tennis med 40cm l\u00e4ngd framtill och 44cm l\u00e4ngd baktill, vilket ger dig en bekv\u00e4m k\u00e4nsla \u00f6ver hela banan. Kjolen \u00e4r tillverkad i fuktavst\u00f6tande material som h\u00e5ller dig torr l\u00e4nge p\u00e5 banan. Kjolen har en lyster i tyget som f\u00e5 andra m\u00e4rken kan stoltsera med, det vill s\u00e4ga lite glans p\u00e5 tennisbanan [&hellip;]\" \/>\n<meta property=\"og:url\" content=\"https:\/\/nordicpadel.com\/sv\/product\/bow19-classy-skirt\/\" \/>\n<meta property=\"og:site_name\" content=\"Nordic Padel\" \/>\n<meta property=\"article:modified_time\" content=\"2025-11-26T20:24:04+00:00\" \/>\n<meta name=\"twitter:card\" content=\"summary_large_image\" \/>\n<meta name=\"twitter:label1\" content=\"Ber\u00e4knad l\u00e4stid\" \/>\n\t<meta name=\"twitter:data1\" content=\"1 minut\" \/>\n<script type=\"application\/ld+json\" class=\"yoast-schema-graph\">{\"@context\":\"https:\/\/schema.org\",\"@graph\":[{\"@type\":\"WebPage\",\"@id\":\"https:\/\/nordicpadel.com\/sv\/product\/bow19-classy-skirt\/\",\"url\":\"https:\/\/nordicpadel.com\/sv\/product\/bow19-classy-skirt\/\",\"name\":\"BOW19 Classy Skirt - Nordic Padel\",\"isPartOf\":{\"@id\":\"https:\/\/nordicpadel.com\/sv\/#website\"},\"primaryImageOfPage\":{\"@id\":\"https:\/\/nordicpadel.com\/sv\/product\/bow19-classy-skirt\/#primaryimage\"},\"image\":{\"@id\":\"https:\/\/nordicpadel.com\/sv\/product\/bow19-classy-skirt\/#primaryimage\"},\"thumbnailUrl\":\"https:\/\/nordicpadel.com\/sv\/wp-content\/uploads\/sites\/10\/2025\/11\/6226a294f05ee1ea55fc682a511d7d93.png\",\"datePublished\":\"2025-11-26T16:18:36+00:00\",\"dateModified\":\"2025-11-26T20:24:04+00:00\",\"breadcrumb\":{\"@id\":\"https:\/\/nordicpadel.com\/sv\/product\/bow19-classy-skirt\/#breadcrumb\"},\"inLanguage\":\"sv-SE\",\"potentialAction\":[{\"@type\":\"ReadAction\",\"target\":[\"https:\/\/nordicpadel.com\/sv\/product\/bow19-classy-skirt\/\"]}]},{\"@type\":\"ImageObject\",\"inLanguage\":\"sv-SE\",\"@id\":\"https:\/\/nordicpadel.com\/sv\/product\/bow19-classy-skirt\/#primaryimage\",\"url\":\"https:\/\/nordicpadel.com\/sv\/wp-content\/uploads\/sites\/10\/2025\/11\/6226a294f05ee1ea55fc682a511d7d93.png\",\"contentUrl\":\"https:\/\/nordicpadel.com\/sv\/wp-content\/uploads\/sites\/10\/2025\/11\/6226a294f05ee1ea55fc682a511d7d93.png\",\"width\":800,\"height\":800,\"caption\":\"BOW19 Classy Skirt\"},{\"@type\":\"BreadcrumbList\",\"@id\":\"https:\/\/nordicpadel.com\/sv\/product\/bow19-classy-skirt\/#breadcrumb\",\"itemListElement\":[{\"@type\":\"ListItem\",\"position\":1,\"name\":\"Hem\",\"item\":\"https:\/\/nordicpadel.com\/sv\/\"},{\"@type\":\"ListItem\",\"position\":2,\"name\":\"Shop\",\"item\":\"https:\/\/nordicpadel.com\/sv\/shop\/\"},{\"@type\":\"ListItem\",\"position\":3,\"name\":\"BOW19 Classy Skirt\"}]},{\"@type\":\"WebSite\",\"@id\":\"https:\/\/nordicpadel.com\/sv\/#website\",\"url\":\"https:\/\/nordicpadel.com\/sv\/\",\"name\":\"Nordic Padel\",\"description\":\"\",\"publisher\":{\"@id\":\"https:\/\/nordicpadel.com\/sv\/#organization\"},\"potentialAction\":[{\"@type\":\"SearchAction\",\"target\":{\"@type\":\"EntryPoint\",\"urlTemplate\":\"https:\/\/nordicpadel.com\/sv\/?s={search_term_string}\"},\"query-input\":\"required name=search_term_string\"}],\"inLanguage\":\"sv-SE\"},{\"@type\":\"Organization\",\"@id\":\"https:\/\/nordicpadel.com\/sv\/#organization\",\"name\":\"Nordic Padel\",\"url\":\"https:\/\/nordicpadel.com\/sv\/\",\"logo\":{\"@type\":\"ImageObject\",\"inLanguage\":\"sv-SE\",\"@id\":\"https:\/\/nordicpadel.com\/sv\/#\/schema\/logo\/image\/\",\"url\":\"https:\/\/nordicpadel.com\/sv\/wp-content\/uploads\/sites\/10\/2022\/12\/Nordic-Padel-small_1-1.png\",\"contentUrl\":\"https:\/\/nordicpadel.com\/sv\/wp-content\/uploads\/sites\/10\/2022\/12\/Nordic-Padel-small_1-1.png\",\"width\":400,\"height\":119,\"caption\":\"Nordic Padel\"},\"image\":{\"@id\":\"https:\/\/nordicpadel.com\/sv\/#\/schema\/logo\/image\/\"}}]}<\/script>\n<!-- \/ Yoast SEO plugin. -->","yoast_head_json":{"title":"BOW19 Classy Skirt - Nordic Padel","robots":{"index":"index","follow":"follow","max-snippet":"max-snippet:-1","max-image-preview":"max-image-preview:large","max-video-preview":"max-video-preview:-1"},"canonical":"https:\/\/nordicpadel.com\/sv\/product\/bow19-classy-skirt\/","og_locale":"sv_SE","og_type":"article","og_title":"BOW19 Classy Skirt - Nordic Padel","og_description":"Kjol f\u00f6r padel och tennis med 40cm l\u00e4ngd framtill och 44cm l\u00e4ngd baktill, vilket ger dig en bekv\u00e4m k\u00e4nsla \u00f6ver hela banan. Kjolen \u00e4r tillverkad i fuktavst\u00f6tande material som h\u00e5ller dig torr l\u00e4nge p\u00e5 banan. Kjolen har en lyster i tyget som f\u00e5 andra m\u00e4rken kan stoltsera med, det vill s\u00e4ga lite glans p\u00e5 tennisbanan [&hellip;]","og_url":"https:\/\/nordicpadel.com\/sv\/product\/bow19-classy-skirt\/","og_site_name":"Nordic Padel","article_modified_time":"2025-11-26T20:24:04+00:00","twitter_card":"summary_large_image","twitter_misc":{"Ber\u00e4knad l\u00e4stid":"1 minut"},"schema":{"@context":"https:\/\/schema.org","@graph":[{"@type":"WebPage","@id":"https:\/\/nordicpadel.com\/sv\/product\/bow19-classy-skirt\/","url":"https:\/\/nordicpadel.com\/sv\/product\/bow19-classy-skirt\/","name":"BOW19 Classy Skirt - Nordic Padel","isPartOf":{"@id":"https:\/\/nordicpadel.com\/sv\/#website"},"primaryImageOfPage":{"@id":"https:\/\/nordicpadel.com\/sv\/product\/bow19-classy-skirt\/#primaryimage"},"image":{"@id":"https:\/\/nordicpadel.com\/sv\/product\/bow19-classy-skirt\/#primaryimage"},"thumbnailUrl":"https:\/\/nordicpadel.com\/sv\/wp-content\/uploads\/sites\/10\/2025\/11\/6226a294f05ee1ea55fc682a511d7d93.png","datePublished":"2025-11-26T16:18:36+00:00","dateModified":"2025-11-26T20:24:04+00:00","breadcrumb":{"@id":"https:\/\/nordicpadel.com\/sv\/product\/bow19-classy-skirt\/#breadcrumb"},"inLanguage":"sv-SE","potentialAction":[{"@type":"ReadAction","target":["https:\/\/nordicpadel.com\/sv\/product\/bow19-classy-skirt\/"]}]},{"@type":"ImageObject","inLanguage":"sv-SE","@id":"https:\/\/nordicpadel.com\/sv\/product\/bow19-classy-skirt\/#primaryimage","url":"https:\/\/nordicpadel.com\/sv\/wp-content\/uploads\/sites\/10\/2025\/11\/6226a294f05ee1ea55fc682a511d7d93.png","contentUrl":"https:\/\/nordicpadel.com\/sv\/wp-content\/uploads\/sites\/10\/2025\/11\/6226a294f05ee1ea55fc682a511d7d93.png","width":800,"height":800,"caption":"BOW19 Classy Skirt"},{"@type":"BreadcrumbList","@id":"https:\/\/nordicpadel.com\/sv\/product\/bow19-classy-skirt\/#breadcrumb","itemListElement":[{"@type":"ListItem","position":1,"name":"Hem","item":"https:\/\/nordicpadel.com\/sv\/"},{"@type":"ListItem","position":2,"name":"Shop","item":"https:\/\/nordicpadel.com\/sv\/shop\/"},{"@type":"ListItem","position":3,"name":"BOW19 Classy Skirt"}]},{"@type":"WebSite","@id":"https:\/\/nordicpadel.com\/sv\/#website","url":"https:\/\/nordicpadel.com\/sv\/","name":"Nordic Padel","description":"","publisher":{"@id":"https:\/\/nordicpadel.com\/sv\/#organization"},"potentialAction":[{"@type":"SearchAction","target":{"@type":"EntryPoint","urlTemplate":"https:\/\/nordicpadel.com\/sv\/?s={search_term_string}"},"query-input":"required name=search_term_string"}],"inLanguage":"sv-SE"},{"@type":"Organization","@id":"https:\/\/nordicpadel.com\/sv\/#organization","name":"Nordic Padel","url":"https:\/\/nordicpadel.com\/sv\/","logo":{"@type":"ImageObject","inLanguage":"sv-SE","@id":"https:\/\/nordicpadel.com\/sv\/#\/schema\/logo\/image\/","url":"https:\/\/nordicpadel.com\/sv\/wp-content\/uploads\/sites\/10\/2022\/12\/Nordic-Padel-small_1-1.png","contentUrl":"https:\/\/nordicpadel.com\/sv\/wp-content\/uploads\/sites\/10\/2022\/12\/Nordic-Padel-small_1-1.png","width":400,"height":119,"caption":"Nordic Padel"},"image":{"@id":"https:\/\/nordicpadel.com\/sv\/#\/schema\/logo\/image\/"}}]}},"brands":[],"_links":{"self":[{"href":"https:\/\/nordicpadel.com\/sv\/wp-json\/wp\/v2\/product\/87666","targetHints":{"allow":["GET"]}}],"collection":[{"href":"https:\/\/nordicpadel.com\/sv\/wp-json\/wp\/v2\/product"}],"about":[{"href":"https:\/\/nordicpadel.com\/sv\/wp-json\/wp\/v2\/types\/product"}],"replies":[{"embeddable":true,"href":"https:\/\/nordicpadel.com\/sv\/wp-json\/wp\/v2\/comments?post=87666"}],"wp:featuredmedia":[{"embeddable":true,"href":"https:\/\/nordicpadel.com\/sv\/wp-json\/wp\/v2\/media\/87665"}],"wp:attachment":[{"href":"https:\/\/nordicpadel.com\/sv\/wp-json\/wp\/v2\/media?parent=87666"}],"wp:term":[{"taxonomy":"pwb-brand","embeddable":true,"href":"https:\/\/nordicpadel.com\/sv\/wp-json\/wp\/v2\/pwb-brand?post=87666"},{"taxonomy":"product_cat","embeddable":true,"href":"https:\/\/nordicpadel.com\/sv\/wp-json\/wp\/v2\/product_cat?post=87666"},{"taxonomy":"product_tag","embeddable":true,"href":"https:\/\/nordicpadel.com\/sv\/wp-json\/wp\/v2\/product_tag?post=87666"},{"taxonomy":"woo-feed-brand","embeddable":true,"href":"https:\/\/nordicpadel.com\/sv\/wp-json\/wp\/v2\/woo-feed-brand?post=87666"}],"curies":[{"name":"wp","href":"https:\/\/api.w.org\/{rel}","templated":true}]}}