{"id":87663,"date":"2025-11-26T17:18:34","date_gmt":"2025-11-26T16:18:34","guid":{"rendered":"https:\/\/nordicpadel.com\/sv\/product\/rs-prime-team-ws-edition\/"},"modified":"2025-11-27T16:49:24","modified_gmt":"2025-11-27T15:49:24","slug":"rs-prime-team-ws-edition","status":"publish","type":"product","link":"https:\/\/nordicpadel.com\/sv\/product\/rs-prime-team-ws-edition\/","title":{"rendered":"RS Prime Team W&#8217;s Edition"},"content":{"rendered":"<p>RS Prime Team Women\u2019s Edition \u00e4r det perfekta racket f\u00f6r dig som spelat padel ett tag och nu k\u00e4nner dig redo att ta n\u00e4sta steg!<br id=\"isPasted\"><br \/>Racket har en stor sweet spot och tack vare sin droppform och med den relativt h\u00f6ga balansen \u00e4r det l\u00e4tt att f\u00e5 bra fart i bollen. Tr\u00e4ffytan \u00e4r gjord i ett responsivt 3k-kolfiber, vilket ger h\u00e4rligt fart och en komfortabel tr\u00e4ffk\u00e4nsla. Tr\u00e4ffytan har dessutom en h\u00e4rlig sandpappersfinish f\u00f6r att ge b\u00e4ttre spinn i slagen.<\/p>\n","protected":false},"excerpt":{"rendered":"<p>RS Prime Team Women\u2019s Edition \u00e4r det perfekta racket f\u00f6r dig som spelat padel ett tag och nu k\u00e4nner dig redo att ta n\u00e4sta steg!Racket har en stor sweet spot och tack vare sin droppform och med den relativt h\u00f6ga balansen \u00e4r det l\u00e4tt att f\u00e5 bra fart i bollen. Tr\u00e4ffytan \u00e4r gjord i ett [&hellip;]<\/p>\n","protected":false},"featured_media":87662,"comment_status":"open","ping_status":"closed","template":"","meta":[],"pwb-brand":[],"product_cat":[16],"product_tag":[],"woo-feed-brand":[],"class_list":{"0":"post-87663","1":"product","2":"type-product","3":"status-publish","4":"has-post-thumbnail","6":"product_cat-padelracket","7":"pa_varumarke-rs-robinsoderling-2","9":"first","10":"outofstock","11":"sale","12":"taxable","13":"shipping-taxable","14":"purchasable","15":"product-type-simple"},"bundled_by":[],"bundle_stock_status":"outofstock","bundle_stock_quantity":0,"bundle_virtual":false,"bundle_layout":"","bundle_add_to_cart_form_location":"","bundle_editable_in_cart":false,"bundle_sold_individually_context":"","bundle_item_grouping":"","bundle_min_size":"","bundle_max_size":"","bundled_items":[],"bundle_sell_ids":[],"acf":[],"yoast_head":"<!-- This site is optimized with the Yoast SEO plugin v23.1 - https:\/\/yoast.com\/wordpress\/plugins\/seo\/ -->\n<title>RS Prime Team W&#039;s Edition - Nordic Padel<\/title>\n<meta name=\"robots\" content=\"index, follow, max-snippet:-1, max-image-preview:large, max-video-preview:-1\" \/>\n<link rel=\"canonical\" href=\"https:\/\/nordicpadel.com\/sv\/product\/rs-prime-team-ws-edition\/\" \/>\n<meta property=\"og:locale\" content=\"sv_SE\" \/>\n<meta property=\"og:type\" content=\"article\" \/>\n<meta property=\"og:title\" content=\"RS Prime Team W&#039;s Edition - Nordic Padel\" \/>\n<meta property=\"og:description\" content=\"RS Prime Team Women\u2019s Edition \u00e4r det perfekta racket f\u00f6r dig som spelat padel ett tag och nu k\u00e4nner dig redo att ta n\u00e4sta steg!Racket har en stor sweet spot och tack vare sin droppform och med den relativt h\u00f6ga balansen \u00e4r det l\u00e4tt att f\u00e5 bra fart i bollen. Tr\u00e4ffytan \u00e4r gjord i ett [&hellip;]\" \/>\n<meta property=\"og:url\" content=\"https:\/\/nordicpadel.com\/sv\/product\/rs-prime-team-ws-edition\/\" \/>\n<meta property=\"og:site_name\" content=\"Nordic Padel\" \/>\n<meta property=\"article:modified_time\" content=\"2025-11-27T15:49:24+00:00\" \/>\n<meta property=\"og:image\" content=\"https:\/\/nordicpadel.com\/sv\/wp-content\/uploads\/sites\/10\/2025\/11\/2f82bae49551791260b8d8f9982f15ee.png\" \/>\n\t<meta property=\"og:image:width\" content=\"800\" \/>\n\t<meta property=\"og:image:height\" content=\"800\" \/>\n\t<meta property=\"og:image:type\" content=\"image\/png\" \/>\n<meta name=\"twitter:card\" content=\"summary_large_image\" \/>\n<script type=\"application\/ld+json\" class=\"yoast-schema-graph\">{\"@context\":\"https:\/\/schema.org\",\"@graph\":[{\"@type\":\"WebPage\",\"@id\":\"https:\/\/nordicpadel.com\/sv\/product\/rs-prime-team-ws-edition\/\",\"url\":\"https:\/\/nordicpadel.com\/sv\/product\/rs-prime-team-ws-edition\/\",\"name\":\"RS Prime Team W's Edition - Nordic Padel\",\"isPartOf\":{\"@id\":\"https:\/\/nordicpadel.com\/sv\/#website\"},\"primaryImageOfPage\":{\"@id\":\"https:\/\/nordicpadel.com\/sv\/product\/rs-prime-team-ws-edition\/#primaryimage\"},\"image\":{\"@id\":\"https:\/\/nordicpadel.com\/sv\/product\/rs-prime-team-ws-edition\/#primaryimage\"},\"thumbnailUrl\":\"https:\/\/nordicpadel.com\/sv\/wp-content\/uploads\/sites\/10\/2025\/11\/2f82bae49551791260b8d8f9982f15ee.png\",\"datePublished\":\"2025-11-26T16:18:34+00:00\",\"dateModified\":\"2025-11-27T15:49:24+00:00\",\"breadcrumb\":{\"@id\":\"https:\/\/nordicpadel.com\/sv\/product\/rs-prime-team-ws-edition\/#breadcrumb\"},\"inLanguage\":\"sv-SE\",\"potentialAction\":[{\"@type\":\"ReadAction\",\"target\":[\"https:\/\/nordicpadel.com\/sv\/product\/rs-prime-team-ws-edition\/\"]}]},{\"@type\":\"ImageObject\",\"inLanguage\":\"sv-SE\",\"@id\":\"https:\/\/nordicpadel.com\/sv\/product\/rs-prime-team-ws-edition\/#primaryimage\",\"url\":\"https:\/\/nordicpadel.com\/sv\/wp-content\/uploads\/sites\/10\/2025\/11\/2f82bae49551791260b8d8f9982f15ee.png\",\"contentUrl\":\"https:\/\/nordicpadel.com\/sv\/wp-content\/uploads\/sites\/10\/2025\/11\/2f82bae49551791260b8d8f9982f15ee.png\",\"width\":800,\"height\":800,\"caption\":\"RS Prime Team W's Edition\"},{\"@type\":\"BreadcrumbList\",\"@id\":\"https:\/\/nordicpadel.com\/sv\/product\/rs-prime-team-ws-edition\/#breadcrumb\",\"itemListElement\":[{\"@type\":\"ListItem\",\"position\":1,\"name\":\"Hem\",\"item\":\"https:\/\/nordicpadel.com\/sv\/\"},{\"@type\":\"ListItem\",\"position\":2,\"name\":\"Shop\",\"item\":\"https:\/\/nordicpadel.com\/sv\/shop\/\"},{\"@type\":\"ListItem\",\"position\":3,\"name\":\"RS Prime Team W&#8217;s Edition\"}]},{\"@type\":\"WebSite\",\"@id\":\"https:\/\/nordicpadel.com\/sv\/#website\",\"url\":\"https:\/\/nordicpadel.com\/sv\/\",\"name\":\"Nordic Padel\",\"description\":\"\",\"publisher\":{\"@id\":\"https:\/\/nordicpadel.com\/sv\/#organization\"},\"potentialAction\":[{\"@type\":\"SearchAction\",\"target\":{\"@type\":\"EntryPoint\",\"urlTemplate\":\"https:\/\/nordicpadel.com\/sv\/?s={search_term_string}\"},\"query-input\":\"required name=search_term_string\"}],\"inLanguage\":\"sv-SE\"},{\"@type\":\"Organization\",\"@id\":\"https:\/\/nordicpadel.com\/sv\/#organization\",\"name\":\"Nordic Padel\",\"url\":\"https:\/\/nordicpadel.com\/sv\/\",\"logo\":{\"@type\":\"ImageObject\",\"inLanguage\":\"sv-SE\",\"@id\":\"https:\/\/nordicpadel.com\/sv\/#\/schema\/logo\/image\/\",\"url\":\"https:\/\/nordicpadel.com\/sv\/wp-content\/uploads\/sites\/10\/2022\/12\/Nordic-Padel-small_1-1.png\",\"contentUrl\":\"https:\/\/nordicpadel.com\/sv\/wp-content\/uploads\/sites\/10\/2022\/12\/Nordic-Padel-small_1-1.png\",\"width\":400,\"height\":119,\"caption\":\"Nordic Padel\"},\"image\":{\"@id\":\"https:\/\/nordicpadel.com\/sv\/#\/schema\/logo\/image\/\"}}]}<\/script>\n<!-- \/ Yoast SEO plugin. -->","yoast_head_json":{"title":"RS Prime Team W's Edition - Nordic Padel","robots":{"index":"index","follow":"follow","max-snippet":"max-snippet:-1","max-image-preview":"max-image-preview:large","max-video-preview":"max-video-preview:-1"},"canonical":"https:\/\/nordicpadel.com\/sv\/product\/rs-prime-team-ws-edition\/","og_locale":"sv_SE","og_type":"article","og_title":"RS Prime Team W's Edition - Nordic Padel","og_description":"RS Prime Team Women\u2019s Edition \u00e4r det perfekta racket f\u00f6r dig som spelat padel ett tag och nu k\u00e4nner dig redo att ta n\u00e4sta steg!Racket har en stor sweet spot och tack vare sin droppform och med den relativt h\u00f6ga balansen \u00e4r det l\u00e4tt att f\u00e5 bra fart i bollen. Tr\u00e4ffytan \u00e4r gjord i ett [&hellip;]","og_url":"https:\/\/nordicpadel.com\/sv\/product\/rs-prime-team-ws-edition\/","og_site_name":"Nordic Padel","article_modified_time":"2025-11-27T15:49:24+00:00","og_image":[{"width":800,"height":800,"url":"https:\/\/nordicpadel.com\/sv\/wp-content\/uploads\/sites\/10\/2025\/11\/2f82bae49551791260b8d8f9982f15ee.png","type":"image\/png"}],"twitter_card":"summary_large_image","schema":{"@context":"https:\/\/schema.org","@graph":[{"@type":"WebPage","@id":"https:\/\/nordicpadel.com\/sv\/product\/rs-prime-team-ws-edition\/","url":"https:\/\/nordicpadel.com\/sv\/product\/rs-prime-team-ws-edition\/","name":"RS Prime Team W's Edition - Nordic Padel","isPartOf":{"@id":"https:\/\/nordicpadel.com\/sv\/#website"},"primaryImageOfPage":{"@id":"https:\/\/nordicpadel.com\/sv\/product\/rs-prime-team-ws-edition\/#primaryimage"},"image":{"@id":"https:\/\/nordicpadel.com\/sv\/product\/rs-prime-team-ws-edition\/#primaryimage"},"thumbnailUrl":"https:\/\/nordicpadel.com\/sv\/wp-content\/uploads\/sites\/10\/2025\/11\/2f82bae49551791260b8d8f9982f15ee.png","datePublished":"2025-11-26T16:18:34+00:00","dateModified":"2025-11-27T15:49:24+00:00","breadcrumb":{"@id":"https:\/\/nordicpadel.com\/sv\/product\/rs-prime-team-ws-edition\/#breadcrumb"},"inLanguage":"sv-SE","potentialAction":[{"@type":"ReadAction","target":["https:\/\/nordicpadel.com\/sv\/product\/rs-prime-team-ws-edition\/"]}]},{"@type":"ImageObject","inLanguage":"sv-SE","@id":"https:\/\/nordicpadel.com\/sv\/product\/rs-prime-team-ws-edition\/#primaryimage","url":"https:\/\/nordicpadel.com\/sv\/wp-content\/uploads\/sites\/10\/2025\/11\/2f82bae49551791260b8d8f9982f15ee.png","contentUrl":"https:\/\/nordicpadel.com\/sv\/wp-content\/uploads\/sites\/10\/2025\/11\/2f82bae49551791260b8d8f9982f15ee.png","width":800,"height":800,"caption":"RS Prime Team W's Edition"},{"@type":"BreadcrumbList","@id":"https:\/\/nordicpadel.com\/sv\/product\/rs-prime-team-ws-edition\/#breadcrumb","itemListElement":[{"@type":"ListItem","position":1,"name":"Hem","item":"https:\/\/nordicpadel.com\/sv\/"},{"@type":"ListItem","position":2,"name":"Shop","item":"https:\/\/nordicpadel.com\/sv\/shop\/"},{"@type":"ListItem","position":3,"name":"RS Prime Team W&#8217;s Edition"}]},{"@type":"WebSite","@id":"https:\/\/nordicpadel.com\/sv\/#website","url":"https:\/\/nordicpadel.com\/sv\/","name":"Nordic Padel","description":"","publisher":{"@id":"https:\/\/nordicpadel.com\/sv\/#organization"},"potentialAction":[{"@type":"SearchAction","target":{"@type":"EntryPoint","urlTemplate":"https:\/\/nordicpadel.com\/sv\/?s={search_term_string}"},"query-input":"required name=search_term_string"}],"inLanguage":"sv-SE"},{"@type":"Organization","@id":"https:\/\/nordicpadel.com\/sv\/#organization","name":"Nordic Padel","url":"https:\/\/nordicpadel.com\/sv\/","logo":{"@type":"ImageObject","inLanguage":"sv-SE","@id":"https:\/\/nordicpadel.com\/sv\/#\/schema\/logo\/image\/","url":"https:\/\/nordicpadel.com\/sv\/wp-content\/uploads\/sites\/10\/2022\/12\/Nordic-Padel-small_1-1.png","contentUrl":"https:\/\/nordicpadel.com\/sv\/wp-content\/uploads\/sites\/10\/2022\/12\/Nordic-Padel-small_1-1.png","width":400,"height":119,"caption":"Nordic Padel"},"image":{"@id":"https:\/\/nordicpadel.com\/sv\/#\/schema\/logo\/image\/"}}]}},"brands":[],"_links":{"self":[{"href":"https:\/\/nordicpadel.com\/sv\/wp-json\/wp\/v2\/product\/87663","targetHints":{"allow":["GET"]}}],"collection":[{"href":"https:\/\/nordicpadel.com\/sv\/wp-json\/wp\/v2\/product"}],"about":[{"href":"https:\/\/nordicpadel.com\/sv\/wp-json\/wp\/v2\/types\/product"}],"replies":[{"embeddable":true,"href":"https:\/\/nordicpadel.com\/sv\/wp-json\/wp\/v2\/comments?post=87663"}],"wp:featuredmedia":[{"embeddable":true,"href":"https:\/\/nordicpadel.com\/sv\/wp-json\/wp\/v2\/media\/87662"}],"wp:attachment":[{"href":"https:\/\/nordicpadel.com\/sv\/wp-json\/wp\/v2\/media?parent=87663"}],"wp:term":[{"taxonomy":"pwb-brand","embeddable":true,"href":"https:\/\/nordicpadel.com\/sv\/wp-json\/wp\/v2\/pwb-brand?post=87663"},{"taxonomy":"product_cat","embeddable":true,"href":"https:\/\/nordicpadel.com\/sv\/wp-json\/wp\/v2\/product_cat?post=87663"},{"taxonomy":"product_tag","embeddable":true,"href":"https:\/\/nordicpadel.com\/sv\/wp-json\/wp\/v2\/product_tag?post=87663"},{"taxonomy":"woo-feed-brand","embeddable":true,"href":"https:\/\/nordicpadel.com\/sv\/wp-json\/wp\/v2\/woo-feed-brand?post=87663"}],"curies":[{"name":"wp","href":"https:\/\/api.w.org\/{rel}","templated":true}]}}