{"id":87661,"date":"2025-11-26T17:18:31","date_gmt":"2025-11-26T16:18:31","guid":{"rendered":"https:\/\/nordicpadel.com\/sv\/product\/rs-pro-edition-cayetano-rocafort\/"},"modified":"2025-11-27T16:52:39","modified_gmt":"2025-11-27T15:52:39","slug":"rs-pro-edition-cayetano-rocafort","status":"publish","type":"product","link":"https:\/\/nordicpadel.com\/sv\/product\/rs-pro-edition-cayetano-rocafort\/","title":{"rendered":"RS Pro Edition Cayetano Rocafort"},"content":{"rendered":"<p>Nya RS Pro Edtion Cayetano Rocafort har f\u00e5tt en hel del uppdateringar j\u00e4mf\u00f6rt med Cayetanos tidigare modell. Bland annat har man valt att g\u00f6ra formen mer \u00e5t dropph\u00e5llet eller som RS sj\u00e4lva kallar det, en hybrid mellan rund och droppform. Balansen har ocks\u00e5 valt att flyttats fram en bit i racket, fr\u00e5n l\u00e5g till medelh\u00f6g.<br id=\"isPasted\"><br \/>Tr\u00e4ffytan p\u00e5 detta <a href=\"https:\/\/nordicpadel.com\/sv\/product-category\/padelracket\/\">padelracket<\/a> \u00e4r styvare j\u00e4mf\u00f6rt med tidigare modellen d\u00e4r man jobbade med glasfiber. Nu finner vi en p\u00e5kostad 3K kolfiberyta som bidrar till h\u00e4rlig kontroll i det lugna spelet men framf\u00f6r allt b\u00e4ttre respons i det offensiva spelet d\u00e5 du v\u00e4l trycker p\u00e5.<\/p>\n<p>Ramen \u00e4r tillverkad av 100% kolfiber f\u00f6r en mer solid k\u00e4nsla samt b\u00e4ttre h\u00e5llbarhet.<\/p>\n<p>Ytan har \u00e4ven en ruggad finish, vilket bidrar till b\u00e4ttre \u201cgrepp\u201d vid bolltr\u00e4ff f\u00f6r mer effekt i t.ex. badejan och kickade smashar.<\/p>\n<p>Sammanfattningsvis \u00e4r detta ett all round-racket som b\u00e5de ger bra fart i offensiven men \u00e4ven mycket kontroll i det defensiva\/lugna spelet. Racket riktar sig till en v\u00e4ldigt bred m\u00e5lgrupp spelare d\u00e5 slagytan \u00e4r allt f\u00f6r styv och ger en h\u00e4rliga mix av fart och kontroll.<\/p>\n","protected":false},"excerpt":{"rendered":"<p>Nya RS Pro Edtion Cayetano Rocafort har f\u00e5tt en hel del uppdateringar j\u00e4mf\u00f6rt med Cayetanos tidigare modell. Bland annat har man valt att g\u00f6ra formen mer \u00e5t dropph\u00e5llet eller som RS sj\u00e4lva kallar det, en hybrid mellan rund och droppform. Balansen har ocks\u00e5 valt att flyttats fram en bit i racket, fr\u00e5n l\u00e5g till medelh\u00f6g.Tr\u00e4ffytan [&hellip;]<\/p>\n","protected":false},"featured_media":87659,"comment_status":"open","ping_status":"closed","template":"","meta":[],"pwb-brand":[],"product_cat":[476],"product_tag":[],"woo-feed-brand":[],"class_list":{"0":"post-87661","1":"product","2":"type-product","3":"status-publish","4":"has-post-thumbnail","6":"product_cat-rs-padel","7":"pa_varumarke-rs-robinsoderling-2","9":"first","10":"outofstock","11":"sale","12":"taxable","13":"shipping-taxable","14":"purchasable","15":"product-type-simple"},"bundled_by":[],"bundle_stock_status":"outofstock","bundle_stock_quantity":0,"bundle_virtual":false,"bundle_layout":"","bundle_add_to_cart_form_location":"","bundle_editable_in_cart":false,"bundle_sold_individually_context":"","bundle_item_grouping":"","bundle_min_size":"","bundle_max_size":"","bundled_items":[],"bundle_sell_ids":[],"acf":[],"yoast_head":"<!-- This site is optimized with the Yoast SEO plugin v23.1 - https:\/\/yoast.com\/wordpress\/plugins\/seo\/ -->\n<title>RS Pro Edition Cayetano Rocafort - Nordic Padel<\/title>\n<meta name=\"robots\" content=\"index, follow, max-snippet:-1, max-image-preview:large, max-video-preview:-1\" \/>\n<link rel=\"canonical\" href=\"https:\/\/nordicpadel.com\/sv\/product\/rs-pro-edition-cayetano-rocafort\/\" \/>\n<meta property=\"og:locale\" content=\"sv_SE\" \/>\n<meta property=\"og:type\" content=\"article\" \/>\n<meta property=\"og:title\" content=\"RS Pro Edition Cayetano Rocafort - Nordic Padel\" \/>\n<meta property=\"og:description\" content=\"Nya RS Pro Edtion Cayetano Rocafort har f\u00e5tt en hel del uppdateringar j\u00e4mf\u00f6rt med Cayetanos tidigare modell. Bland annat har man valt att g\u00f6ra formen mer \u00e5t dropph\u00e5llet eller som RS sj\u00e4lva kallar det, en hybrid mellan rund och droppform. Balansen har ocks\u00e5 valt att flyttats fram en bit i racket, fr\u00e5n l\u00e5g till medelh\u00f6g.Tr\u00e4ffytan [&hellip;]\" \/>\n<meta property=\"og:url\" content=\"https:\/\/nordicpadel.com\/sv\/product\/rs-pro-edition-cayetano-rocafort\/\" \/>\n<meta property=\"og:site_name\" content=\"Nordic Padel\" \/>\n<meta property=\"article:modified_time\" content=\"2025-11-27T15:52:39+00:00\" \/>\n<meta property=\"og:image\" content=\"https:\/\/nordicpadel.com\/sv\/wp-content\/uploads\/sites\/10\/2025\/11\/677eab70af8a034e3ce5ccb60212c2cc.png\" \/>\n\t<meta property=\"og:image:width\" content=\"800\" \/>\n\t<meta property=\"og:image:height\" content=\"800\" \/>\n\t<meta property=\"og:image:type\" content=\"image\/png\" \/>\n<meta name=\"twitter:card\" content=\"summary_large_image\" \/>\n<meta name=\"twitter:label1\" content=\"Ber\u00e4knad l\u00e4stid\" \/>\n\t<meta name=\"twitter:data1\" content=\"1 minut\" \/>\n<script type=\"application\/ld+json\" class=\"yoast-schema-graph\">{\"@context\":\"https:\/\/schema.org\",\"@graph\":[{\"@type\":\"WebPage\",\"@id\":\"https:\/\/nordicpadel.com\/sv\/product\/rs-pro-edition-cayetano-rocafort\/\",\"url\":\"https:\/\/nordicpadel.com\/sv\/product\/rs-pro-edition-cayetano-rocafort\/\",\"name\":\"RS Pro Edition Cayetano Rocafort - Nordic Padel\",\"isPartOf\":{\"@id\":\"https:\/\/nordicpadel.com\/sv\/#website\"},\"primaryImageOfPage\":{\"@id\":\"https:\/\/nordicpadel.com\/sv\/product\/rs-pro-edition-cayetano-rocafort\/#primaryimage\"},\"image\":{\"@id\":\"https:\/\/nordicpadel.com\/sv\/product\/rs-pro-edition-cayetano-rocafort\/#primaryimage\"},\"thumbnailUrl\":\"https:\/\/nordicpadel.com\/sv\/wp-content\/uploads\/sites\/10\/2025\/11\/677eab70af8a034e3ce5ccb60212c2cc.png\",\"datePublished\":\"2025-11-26T16:18:31+00:00\",\"dateModified\":\"2025-11-27T15:52:39+00:00\",\"breadcrumb\":{\"@id\":\"https:\/\/nordicpadel.com\/sv\/product\/rs-pro-edition-cayetano-rocafort\/#breadcrumb\"},\"inLanguage\":\"sv-SE\",\"potentialAction\":[{\"@type\":\"ReadAction\",\"target\":[\"https:\/\/nordicpadel.com\/sv\/product\/rs-pro-edition-cayetano-rocafort\/\"]}]},{\"@type\":\"ImageObject\",\"inLanguage\":\"sv-SE\",\"@id\":\"https:\/\/nordicpadel.com\/sv\/product\/rs-pro-edition-cayetano-rocafort\/#primaryimage\",\"url\":\"https:\/\/nordicpadel.com\/sv\/wp-content\/uploads\/sites\/10\/2025\/11\/677eab70af8a034e3ce5ccb60212c2cc.png\",\"contentUrl\":\"https:\/\/nordicpadel.com\/sv\/wp-content\/uploads\/sites\/10\/2025\/11\/677eab70af8a034e3ce5ccb60212c2cc.png\",\"width\":800,\"height\":800,\"caption\":\"RS Pro Edition Cayetano Rocafort\"},{\"@type\":\"BreadcrumbList\",\"@id\":\"https:\/\/nordicpadel.com\/sv\/product\/rs-pro-edition-cayetano-rocafort\/#breadcrumb\",\"itemListElement\":[{\"@type\":\"ListItem\",\"position\":1,\"name\":\"Hem\",\"item\":\"https:\/\/nordicpadel.com\/sv\/\"},{\"@type\":\"ListItem\",\"position\":2,\"name\":\"Shop\",\"item\":\"https:\/\/nordicpadel.com\/sv\/shop\/\"},{\"@type\":\"ListItem\",\"position\":3,\"name\":\"RS Pro Edition Cayetano Rocafort\"}]},{\"@type\":\"WebSite\",\"@id\":\"https:\/\/nordicpadel.com\/sv\/#website\",\"url\":\"https:\/\/nordicpadel.com\/sv\/\",\"name\":\"Nordic Padel\",\"description\":\"\",\"publisher\":{\"@id\":\"https:\/\/nordicpadel.com\/sv\/#organization\"},\"potentialAction\":[{\"@type\":\"SearchAction\",\"target\":{\"@type\":\"EntryPoint\",\"urlTemplate\":\"https:\/\/nordicpadel.com\/sv\/?s={search_term_string}\"},\"query-input\":\"required name=search_term_string\"}],\"inLanguage\":\"sv-SE\"},{\"@type\":\"Organization\",\"@id\":\"https:\/\/nordicpadel.com\/sv\/#organization\",\"name\":\"Nordic Padel\",\"url\":\"https:\/\/nordicpadel.com\/sv\/\",\"logo\":{\"@type\":\"ImageObject\",\"inLanguage\":\"sv-SE\",\"@id\":\"https:\/\/nordicpadel.com\/sv\/#\/schema\/logo\/image\/\",\"url\":\"https:\/\/nordicpadel.com\/sv\/wp-content\/uploads\/sites\/10\/2022\/12\/Nordic-Padel-small_1-1.png\",\"contentUrl\":\"https:\/\/nordicpadel.com\/sv\/wp-content\/uploads\/sites\/10\/2022\/12\/Nordic-Padel-small_1-1.png\",\"width\":400,\"height\":119,\"caption\":\"Nordic Padel\"},\"image\":{\"@id\":\"https:\/\/nordicpadel.com\/sv\/#\/schema\/logo\/image\/\"}}]}<\/script>\n<!-- \/ Yoast SEO plugin. -->","yoast_head_json":{"title":"RS Pro Edition Cayetano Rocafort - Nordic Padel","robots":{"index":"index","follow":"follow","max-snippet":"max-snippet:-1","max-image-preview":"max-image-preview:large","max-video-preview":"max-video-preview:-1"},"canonical":"https:\/\/nordicpadel.com\/sv\/product\/rs-pro-edition-cayetano-rocafort\/","og_locale":"sv_SE","og_type":"article","og_title":"RS Pro Edition Cayetano Rocafort - Nordic Padel","og_description":"Nya RS Pro Edtion Cayetano Rocafort har f\u00e5tt en hel del uppdateringar j\u00e4mf\u00f6rt med Cayetanos tidigare modell. Bland annat har man valt att g\u00f6ra formen mer \u00e5t dropph\u00e5llet eller som RS sj\u00e4lva kallar det, en hybrid mellan rund och droppform. Balansen har ocks\u00e5 valt att flyttats fram en bit i racket, fr\u00e5n l\u00e5g till medelh\u00f6g.Tr\u00e4ffytan [&hellip;]","og_url":"https:\/\/nordicpadel.com\/sv\/product\/rs-pro-edition-cayetano-rocafort\/","og_site_name":"Nordic Padel","article_modified_time":"2025-11-27T15:52:39+00:00","og_image":[{"width":800,"height":800,"url":"https:\/\/nordicpadel.com\/sv\/wp-content\/uploads\/sites\/10\/2025\/11\/677eab70af8a034e3ce5ccb60212c2cc.png","type":"image\/png"}],"twitter_card":"summary_large_image","twitter_misc":{"Ber\u00e4knad l\u00e4stid":"1 minut"},"schema":{"@context":"https:\/\/schema.org","@graph":[{"@type":"WebPage","@id":"https:\/\/nordicpadel.com\/sv\/product\/rs-pro-edition-cayetano-rocafort\/","url":"https:\/\/nordicpadel.com\/sv\/product\/rs-pro-edition-cayetano-rocafort\/","name":"RS Pro Edition Cayetano Rocafort - Nordic Padel","isPartOf":{"@id":"https:\/\/nordicpadel.com\/sv\/#website"},"primaryImageOfPage":{"@id":"https:\/\/nordicpadel.com\/sv\/product\/rs-pro-edition-cayetano-rocafort\/#primaryimage"},"image":{"@id":"https:\/\/nordicpadel.com\/sv\/product\/rs-pro-edition-cayetano-rocafort\/#primaryimage"},"thumbnailUrl":"https:\/\/nordicpadel.com\/sv\/wp-content\/uploads\/sites\/10\/2025\/11\/677eab70af8a034e3ce5ccb60212c2cc.png","datePublished":"2025-11-26T16:18:31+00:00","dateModified":"2025-11-27T15:52:39+00:00","breadcrumb":{"@id":"https:\/\/nordicpadel.com\/sv\/product\/rs-pro-edition-cayetano-rocafort\/#breadcrumb"},"inLanguage":"sv-SE","potentialAction":[{"@type":"ReadAction","target":["https:\/\/nordicpadel.com\/sv\/product\/rs-pro-edition-cayetano-rocafort\/"]}]},{"@type":"ImageObject","inLanguage":"sv-SE","@id":"https:\/\/nordicpadel.com\/sv\/product\/rs-pro-edition-cayetano-rocafort\/#primaryimage","url":"https:\/\/nordicpadel.com\/sv\/wp-content\/uploads\/sites\/10\/2025\/11\/677eab70af8a034e3ce5ccb60212c2cc.png","contentUrl":"https:\/\/nordicpadel.com\/sv\/wp-content\/uploads\/sites\/10\/2025\/11\/677eab70af8a034e3ce5ccb60212c2cc.png","width":800,"height":800,"caption":"RS Pro Edition Cayetano Rocafort"},{"@type":"BreadcrumbList","@id":"https:\/\/nordicpadel.com\/sv\/product\/rs-pro-edition-cayetano-rocafort\/#breadcrumb","itemListElement":[{"@type":"ListItem","position":1,"name":"Hem","item":"https:\/\/nordicpadel.com\/sv\/"},{"@type":"ListItem","position":2,"name":"Shop","item":"https:\/\/nordicpadel.com\/sv\/shop\/"},{"@type":"ListItem","position":3,"name":"RS Pro Edition Cayetano Rocafort"}]},{"@type":"WebSite","@id":"https:\/\/nordicpadel.com\/sv\/#website","url":"https:\/\/nordicpadel.com\/sv\/","name":"Nordic Padel","description":"","publisher":{"@id":"https:\/\/nordicpadel.com\/sv\/#organization"},"potentialAction":[{"@type":"SearchAction","target":{"@type":"EntryPoint","urlTemplate":"https:\/\/nordicpadel.com\/sv\/?s={search_term_string}"},"query-input":"required name=search_term_string"}],"inLanguage":"sv-SE"},{"@type":"Organization","@id":"https:\/\/nordicpadel.com\/sv\/#organization","name":"Nordic Padel","url":"https:\/\/nordicpadel.com\/sv\/","logo":{"@type":"ImageObject","inLanguage":"sv-SE","@id":"https:\/\/nordicpadel.com\/sv\/#\/schema\/logo\/image\/","url":"https:\/\/nordicpadel.com\/sv\/wp-content\/uploads\/sites\/10\/2022\/12\/Nordic-Padel-small_1-1.png","contentUrl":"https:\/\/nordicpadel.com\/sv\/wp-content\/uploads\/sites\/10\/2022\/12\/Nordic-Padel-small_1-1.png","width":400,"height":119,"caption":"Nordic Padel"},"image":{"@id":"https:\/\/nordicpadel.com\/sv\/#\/schema\/logo\/image\/"}}]}},"brands":[],"_links":{"self":[{"href":"https:\/\/nordicpadel.com\/sv\/wp-json\/wp\/v2\/product\/87661","targetHints":{"allow":["GET"]}}],"collection":[{"href":"https:\/\/nordicpadel.com\/sv\/wp-json\/wp\/v2\/product"}],"about":[{"href":"https:\/\/nordicpadel.com\/sv\/wp-json\/wp\/v2\/types\/product"}],"replies":[{"embeddable":true,"href":"https:\/\/nordicpadel.com\/sv\/wp-json\/wp\/v2\/comments?post=87661"}],"wp:featuredmedia":[{"embeddable":true,"href":"https:\/\/nordicpadel.com\/sv\/wp-json\/wp\/v2\/media\/87659"}],"wp:attachment":[{"href":"https:\/\/nordicpadel.com\/sv\/wp-json\/wp\/v2\/media?parent=87661"}],"wp:term":[{"taxonomy":"pwb-brand","embeddable":true,"href":"https:\/\/nordicpadel.com\/sv\/wp-json\/wp\/v2\/pwb-brand?post=87661"},{"taxonomy":"product_cat","embeddable":true,"href":"https:\/\/nordicpadel.com\/sv\/wp-json\/wp\/v2\/product_cat?post=87661"},{"taxonomy":"product_tag","embeddable":true,"href":"https:\/\/nordicpadel.com\/sv\/wp-json\/wp\/v2\/product_tag?post=87661"},{"taxonomy":"woo-feed-brand","embeddable":true,"href":"https:\/\/nordicpadel.com\/sv\/wp-json\/wp\/v2\/woo-feed-brand?post=87661"}],"curies":[{"name":"wp","href":"https:\/\/api.w.org\/{rel}","templated":true}]}}