{"id":87654,"date":"2025-11-26T17:18:22","date_gmt":"2025-11-26T16:18:22","guid":{"rendered":"https:\/\/nordicpadel.com\/sv\/product\/bow19-lily-tee-lace\/"},"modified":"2025-11-27T16:52:39","modified_gmt":"2025-11-27T15:52:39","slug":"bow19-lily-tee-lace","status":"publish","type":"product","link":"https:\/\/nordicpadel.com\/sv\/product\/bow19-lily-tee-lace\/","title":{"rendered":"BOW19 Lily Tee Lace"},"content":{"rendered":"<p>Snygga tenniskl\u00e4der och padelkl\u00e4der ifr\u00e5n Bow19. Din favorittopp! Lily tee \u00e4r den perfekta toppen f\u00f6r alla tillf\u00e4llen. Det \u00e4r den snyggaste funktionella toppen, b\u00e5de till padelbanan, tennis, golf, l\u00f6pning, pickle ball och till tjejmiddagen! Funktion m\u00f6ter sport! Funktioner: &#8211; R\u00f6rligt funktionsmaterial som torkar snabbt. &#8211; Sportkl\u00e4der som passar perfekt till Padel, Tennis, Golf, Pickle ball och vardagskl\u00e4der <\/p>\n<ul>\n<li>Modellens l\u00e4ngd: 175 cm<\/li>\n<li>Modellstorlek: storlek S<\/li>\n<li>Passform: normal passform<\/li>\n<li>F\u00e4rg: Vit (Off white lace)<\/li>\n<li>Material: 86% polyester, 5% elastan<\/li>\n<\/ul>\n","protected":false},"excerpt":{"rendered":"<p>Snygga tenniskl\u00e4der och padelkl\u00e4der ifr\u00e5n Bow19. Din favorittopp! Lily tee \u00e4r den perfekta toppen f\u00f6r alla tillf\u00e4llen. Det \u00e4r den snyggaste funktionella toppen, b\u00e5de till padelbanan, tennis, golf, l\u00f6pning, pickle ball och till tjejmiddagen! Funktion m\u00f6ter sport! Funktioner: &#8211; R\u00f6rligt funktionsmaterial som torkar snabbt. &#8211; Sportkl\u00e4der som passar perfekt till Padel, Tennis, Golf, Pickle ball [&hellip;]<\/p>\n","protected":false},"featured_media":87652,"comment_status":"open","ping_status":"closed","template":"","meta":[],"pwb-brand":[],"product_cat":[469],"product_tag":[],"woo-feed-brand":[],"class_list":{"0":"post-87654","1":"product","2":"type-product","3":"status-publish","4":"has-post-thumbnail","6":"product_cat-bow19","7":"pa_varumarke-bow19","9":"first","10":"instock","11":"sale","12":"taxable","13":"shipping-taxable","14":"purchasable","15":"product-type-variable"},"bundled_by":[],"bundle_stock_status":"instock","bundle_stock_quantity":2,"bundle_virtual":false,"bundle_layout":"","bundle_add_to_cart_form_location":"","bundle_editable_in_cart":false,"bundle_sold_individually_context":"","bundle_item_grouping":"","bundle_min_size":"","bundle_max_size":"","bundled_items":[],"bundle_sell_ids":[],"acf":[],"yoast_head":"<!-- This site is optimized with the Yoast SEO plugin v23.1 - https:\/\/yoast.com\/wordpress\/plugins\/seo\/ -->\n<title>BOW19 Lily Tee Lace - Nordic Padel<\/title>\n<meta name=\"robots\" content=\"index, follow, max-snippet:-1, max-image-preview:large, max-video-preview:-1\" \/>\n<link rel=\"canonical\" href=\"https:\/\/nordicpadel.com\/sv\/product\/bow19-lily-tee-lace\/\" \/>\n<meta property=\"og:locale\" content=\"sv_SE\" \/>\n<meta property=\"og:type\" content=\"article\" \/>\n<meta property=\"og:title\" content=\"BOW19 Lily Tee Lace - Nordic Padel\" \/>\n<meta property=\"og:description\" content=\"Snygga tenniskl\u00e4der och padelkl\u00e4der ifr\u00e5n Bow19. Din favorittopp! Lily tee \u00e4r den perfekta toppen f\u00f6r alla tillf\u00e4llen. Det \u00e4r den snyggaste funktionella toppen, b\u00e5de till padelbanan, tennis, golf, l\u00f6pning, pickle ball och till tjejmiddagen! Funktion m\u00f6ter sport! Funktioner: &#8211; R\u00f6rligt funktionsmaterial som torkar snabbt. &#8211; Sportkl\u00e4der som passar perfekt till Padel, Tennis, Golf, Pickle ball [&hellip;]\" \/>\n<meta property=\"og:url\" content=\"https:\/\/nordicpadel.com\/sv\/product\/bow19-lily-tee-lace\/\" \/>\n<meta property=\"og:site_name\" content=\"Nordic Padel\" \/>\n<meta property=\"article:modified_time\" content=\"2025-11-27T15:52:39+00:00\" \/>\n<meta name=\"twitter:card\" content=\"summary_large_image\" \/>\n<script type=\"application\/ld+json\" class=\"yoast-schema-graph\">{\"@context\":\"https:\/\/schema.org\",\"@graph\":[{\"@type\":\"WebPage\",\"@id\":\"https:\/\/nordicpadel.com\/sv\/product\/bow19-lily-tee-lace\/\",\"url\":\"https:\/\/nordicpadel.com\/sv\/product\/bow19-lily-tee-lace\/\",\"name\":\"BOW19 Lily Tee Lace - Nordic Padel\",\"isPartOf\":{\"@id\":\"https:\/\/nordicpadel.com\/sv\/#website\"},\"primaryImageOfPage\":{\"@id\":\"https:\/\/nordicpadel.com\/sv\/product\/bow19-lily-tee-lace\/#primaryimage\"},\"image\":{\"@id\":\"https:\/\/nordicpadel.com\/sv\/product\/bow19-lily-tee-lace\/#primaryimage\"},\"thumbnailUrl\":\"https:\/\/nordicpadel.com\/sv\/wp-content\/uploads\/sites\/10\/2025\/11\/37504654a163fe418756253a9e6ed160.png\",\"datePublished\":\"2025-11-26T16:18:22+00:00\",\"dateModified\":\"2025-11-27T15:52:39+00:00\",\"breadcrumb\":{\"@id\":\"https:\/\/nordicpadel.com\/sv\/product\/bow19-lily-tee-lace\/#breadcrumb\"},\"inLanguage\":\"sv-SE\",\"potentialAction\":[{\"@type\":\"ReadAction\",\"target\":[\"https:\/\/nordicpadel.com\/sv\/product\/bow19-lily-tee-lace\/\"]}]},{\"@type\":\"ImageObject\",\"inLanguage\":\"sv-SE\",\"@id\":\"https:\/\/nordicpadel.com\/sv\/product\/bow19-lily-tee-lace\/#primaryimage\",\"url\":\"https:\/\/nordicpadel.com\/sv\/wp-content\/uploads\/sites\/10\/2025\/11\/37504654a163fe418756253a9e6ed160.png\",\"contentUrl\":\"https:\/\/nordicpadel.com\/sv\/wp-content\/uploads\/sites\/10\/2025\/11\/37504654a163fe418756253a9e6ed160.png\",\"width\":800,\"height\":800,\"caption\":\"BOW19 Lily Tee Lace\"},{\"@type\":\"BreadcrumbList\",\"@id\":\"https:\/\/nordicpadel.com\/sv\/product\/bow19-lily-tee-lace\/#breadcrumb\",\"itemListElement\":[{\"@type\":\"ListItem\",\"position\":1,\"name\":\"Hem\",\"item\":\"https:\/\/nordicpadel.com\/sv\/\"},{\"@type\":\"ListItem\",\"position\":2,\"name\":\"Shop\",\"item\":\"https:\/\/nordicpadel.com\/sv\/shop\/\"},{\"@type\":\"ListItem\",\"position\":3,\"name\":\"BOW19 Lily Tee Lace\"}]},{\"@type\":\"WebSite\",\"@id\":\"https:\/\/nordicpadel.com\/sv\/#website\",\"url\":\"https:\/\/nordicpadel.com\/sv\/\",\"name\":\"Nordic Padel\",\"description\":\"\",\"publisher\":{\"@id\":\"https:\/\/nordicpadel.com\/sv\/#organization\"},\"potentialAction\":[{\"@type\":\"SearchAction\",\"target\":{\"@type\":\"EntryPoint\",\"urlTemplate\":\"https:\/\/nordicpadel.com\/sv\/?s={search_term_string}\"},\"query-input\":\"required name=search_term_string\"}],\"inLanguage\":\"sv-SE\"},{\"@type\":\"Organization\",\"@id\":\"https:\/\/nordicpadel.com\/sv\/#organization\",\"name\":\"Nordic Padel\",\"url\":\"https:\/\/nordicpadel.com\/sv\/\",\"logo\":{\"@type\":\"ImageObject\",\"inLanguage\":\"sv-SE\",\"@id\":\"https:\/\/nordicpadel.com\/sv\/#\/schema\/logo\/image\/\",\"url\":\"https:\/\/nordicpadel.com\/sv\/wp-content\/uploads\/sites\/10\/2022\/12\/Nordic-Padel-small_1-1.png\",\"contentUrl\":\"https:\/\/nordicpadel.com\/sv\/wp-content\/uploads\/sites\/10\/2022\/12\/Nordic-Padel-small_1-1.png\",\"width\":400,\"height\":119,\"caption\":\"Nordic Padel\"},\"image\":{\"@id\":\"https:\/\/nordicpadel.com\/sv\/#\/schema\/logo\/image\/\"}}]}<\/script>\n<!-- \/ Yoast SEO plugin. -->","yoast_head_json":{"title":"BOW19 Lily Tee Lace - Nordic Padel","robots":{"index":"index","follow":"follow","max-snippet":"max-snippet:-1","max-image-preview":"max-image-preview:large","max-video-preview":"max-video-preview:-1"},"canonical":"https:\/\/nordicpadel.com\/sv\/product\/bow19-lily-tee-lace\/","og_locale":"sv_SE","og_type":"article","og_title":"BOW19 Lily Tee Lace - Nordic Padel","og_description":"Snygga tenniskl\u00e4der och padelkl\u00e4der ifr\u00e5n Bow19. Din favorittopp! Lily tee \u00e4r den perfekta toppen f\u00f6r alla tillf\u00e4llen. Det \u00e4r den snyggaste funktionella toppen, b\u00e5de till padelbanan, tennis, golf, l\u00f6pning, pickle ball och till tjejmiddagen! Funktion m\u00f6ter sport! Funktioner: &#8211; R\u00f6rligt funktionsmaterial som torkar snabbt. &#8211; Sportkl\u00e4der som passar perfekt till Padel, Tennis, Golf, Pickle ball [&hellip;]","og_url":"https:\/\/nordicpadel.com\/sv\/product\/bow19-lily-tee-lace\/","og_site_name":"Nordic Padel","article_modified_time":"2025-11-27T15:52:39+00:00","twitter_card":"summary_large_image","schema":{"@context":"https:\/\/schema.org","@graph":[{"@type":"WebPage","@id":"https:\/\/nordicpadel.com\/sv\/product\/bow19-lily-tee-lace\/","url":"https:\/\/nordicpadel.com\/sv\/product\/bow19-lily-tee-lace\/","name":"BOW19 Lily Tee Lace - Nordic Padel","isPartOf":{"@id":"https:\/\/nordicpadel.com\/sv\/#website"},"primaryImageOfPage":{"@id":"https:\/\/nordicpadel.com\/sv\/product\/bow19-lily-tee-lace\/#primaryimage"},"image":{"@id":"https:\/\/nordicpadel.com\/sv\/product\/bow19-lily-tee-lace\/#primaryimage"},"thumbnailUrl":"https:\/\/nordicpadel.com\/sv\/wp-content\/uploads\/sites\/10\/2025\/11\/37504654a163fe418756253a9e6ed160.png","datePublished":"2025-11-26T16:18:22+00:00","dateModified":"2025-11-27T15:52:39+00:00","breadcrumb":{"@id":"https:\/\/nordicpadel.com\/sv\/product\/bow19-lily-tee-lace\/#breadcrumb"},"inLanguage":"sv-SE","potentialAction":[{"@type":"ReadAction","target":["https:\/\/nordicpadel.com\/sv\/product\/bow19-lily-tee-lace\/"]}]},{"@type":"ImageObject","inLanguage":"sv-SE","@id":"https:\/\/nordicpadel.com\/sv\/product\/bow19-lily-tee-lace\/#primaryimage","url":"https:\/\/nordicpadel.com\/sv\/wp-content\/uploads\/sites\/10\/2025\/11\/37504654a163fe418756253a9e6ed160.png","contentUrl":"https:\/\/nordicpadel.com\/sv\/wp-content\/uploads\/sites\/10\/2025\/11\/37504654a163fe418756253a9e6ed160.png","width":800,"height":800,"caption":"BOW19 Lily Tee Lace"},{"@type":"BreadcrumbList","@id":"https:\/\/nordicpadel.com\/sv\/product\/bow19-lily-tee-lace\/#breadcrumb","itemListElement":[{"@type":"ListItem","position":1,"name":"Hem","item":"https:\/\/nordicpadel.com\/sv\/"},{"@type":"ListItem","position":2,"name":"Shop","item":"https:\/\/nordicpadel.com\/sv\/shop\/"},{"@type":"ListItem","position":3,"name":"BOW19 Lily Tee Lace"}]},{"@type":"WebSite","@id":"https:\/\/nordicpadel.com\/sv\/#website","url":"https:\/\/nordicpadel.com\/sv\/","name":"Nordic Padel","description":"","publisher":{"@id":"https:\/\/nordicpadel.com\/sv\/#organization"},"potentialAction":[{"@type":"SearchAction","target":{"@type":"EntryPoint","urlTemplate":"https:\/\/nordicpadel.com\/sv\/?s={search_term_string}"},"query-input":"required name=search_term_string"}],"inLanguage":"sv-SE"},{"@type":"Organization","@id":"https:\/\/nordicpadel.com\/sv\/#organization","name":"Nordic Padel","url":"https:\/\/nordicpadel.com\/sv\/","logo":{"@type":"ImageObject","inLanguage":"sv-SE","@id":"https:\/\/nordicpadel.com\/sv\/#\/schema\/logo\/image\/","url":"https:\/\/nordicpadel.com\/sv\/wp-content\/uploads\/sites\/10\/2022\/12\/Nordic-Padel-small_1-1.png","contentUrl":"https:\/\/nordicpadel.com\/sv\/wp-content\/uploads\/sites\/10\/2022\/12\/Nordic-Padel-small_1-1.png","width":400,"height":119,"caption":"Nordic Padel"},"image":{"@id":"https:\/\/nordicpadel.com\/sv\/#\/schema\/logo\/image\/"}}]}},"brands":[],"_links":{"self":[{"href":"https:\/\/nordicpadel.com\/sv\/wp-json\/wp\/v2\/product\/87654","targetHints":{"allow":["GET"]}}],"collection":[{"href":"https:\/\/nordicpadel.com\/sv\/wp-json\/wp\/v2\/product"}],"about":[{"href":"https:\/\/nordicpadel.com\/sv\/wp-json\/wp\/v2\/types\/product"}],"replies":[{"embeddable":true,"href":"https:\/\/nordicpadel.com\/sv\/wp-json\/wp\/v2\/comments?post=87654"}],"wp:featuredmedia":[{"embeddable":true,"href":"https:\/\/nordicpadel.com\/sv\/wp-json\/wp\/v2\/media\/87652"}],"wp:attachment":[{"href":"https:\/\/nordicpadel.com\/sv\/wp-json\/wp\/v2\/media?parent=87654"}],"wp:term":[{"taxonomy":"pwb-brand","embeddable":true,"href":"https:\/\/nordicpadel.com\/sv\/wp-json\/wp\/v2\/pwb-brand?post=87654"},{"taxonomy":"product_cat","embeddable":true,"href":"https:\/\/nordicpadel.com\/sv\/wp-json\/wp\/v2\/product_cat?post=87654"},{"taxonomy":"product_tag","embeddable":true,"href":"https:\/\/nordicpadel.com\/sv\/wp-json\/wp\/v2\/product_tag?post=87654"},{"taxonomy":"woo-feed-brand","embeddable":true,"href":"https:\/\/nordicpadel.com\/sv\/wp-json\/wp\/v2\/woo-feed-brand?post=87654"}],"curies":[{"name":"wp","href":"https:\/\/api.w.org\/{rel}","templated":true}]}}