{"id":87647,"date":"2025-11-26T17:18:14","date_gmt":"2025-11-26T16:18:14","guid":{"rendered":"https:\/\/nordicpadel.com\/sv\/product\/tourna-mega-tac-3-pack\/"},"modified":"2026-03-24T17:52:31","modified_gmt":"2026-03-24T16:52:31","slug":"tourna-mega-tac-3-pack","status":"publish","type":"product","link":"https:\/\/nordicpadel.com\/sv\/product\/tourna-mega-tac-3-pack\/","title":{"rendered":"Tourna Mega Tac 3-pack"},"content":{"rendered":"<p>K\u00f6p Tourna Megatac 3-pack vit. En av v\u00e5ra mest popul\u00e4ra grepplindor n\u00e4r det kommer till dig som \u00f6nskar klibbiga grepp d\u00e4r du f\u00e5r ett stabilt och stadigt grepp. Passar lika bra f\u00f6r tennisracketar som padelracketar. F\u00e4rg: Vit Storlek: 3-pack<\/p>\n","protected":false},"excerpt":{"rendered":"<p>K\u00f6p Tourna Megatac 3-pack vit. En av v\u00e5ra mest popul\u00e4ra grepplindor n\u00e4r det kommer till dig som \u00f6nskar klibbiga grepp d\u00e4r du f\u00e5r ett stabilt och stadigt grepp. Passar lika bra f\u00f6r tennisracketar som padelracketar. F\u00e4rg: Vit Storlek: 3-pack<\/p>\n","protected":false},"featured_media":87646,"comment_status":"open","ping_status":"closed","template":"","meta":[],"pwb-brand":[],"product_cat":[43],"product_tag":[],"woo-feed-brand":[],"class_list":{"0":"post-87647","1":"product","2":"type-product","3":"status-publish","4":"has-post-thumbnail","6":"product_cat-grepplindor","7":"pa_varumarke-tournagrip-2","9":"first","10":"instock","11":"taxable","12":"shipping-taxable","13":"purchasable","14":"product-type-simple"},"bundled_by":[],"bundle_stock_status":"instock","bundle_stock_quantity":27,"bundle_virtual":false,"bundle_layout":"","bundle_add_to_cart_form_location":"","bundle_editable_in_cart":false,"bundle_sold_individually_context":"","bundle_item_grouping":"","bundle_min_size":"","bundle_max_size":"","bundled_items":[],"bundle_sell_ids":[],"acf":[],"yoast_head":"<!-- This site is optimized with the Yoast SEO plugin v23.1 - https:\/\/yoast.com\/wordpress\/plugins\/seo\/ -->\n<title>Tourna Mega Tac 3-pack - Nordic Padel<\/title>\n<meta name=\"robots\" content=\"index, follow, max-snippet:-1, max-image-preview:large, max-video-preview:-1\" \/>\n<link rel=\"canonical\" href=\"https:\/\/nordicpadel.com\/sv\/product\/tourna-mega-tac-3-pack\/\" \/>\n<meta property=\"og:locale\" content=\"sv_SE\" \/>\n<meta property=\"og:type\" content=\"article\" \/>\n<meta property=\"og:title\" content=\"Tourna Mega Tac 3-pack - Nordic Padel\" \/>\n<meta property=\"og:description\" content=\"K\u00f6p Tourna Megatac 3-pack vit. En av v\u00e5ra mest popul\u00e4ra grepplindor n\u00e4r det kommer till dig som \u00f6nskar klibbiga grepp d\u00e4r du f\u00e5r ett stabilt och stadigt grepp. Passar lika bra f\u00f6r tennisracketar som padelracketar. F\u00e4rg: Vit Storlek: 3-pack\" \/>\n<meta property=\"og:url\" content=\"https:\/\/nordicpadel.com\/sv\/product\/tourna-mega-tac-3-pack\/\" \/>\n<meta property=\"og:site_name\" content=\"Nordic Padel\" \/>\n<meta property=\"article:modified_time\" content=\"2026-03-24T16:52:31+00:00\" \/>\n<meta name=\"twitter:card\" content=\"summary_large_image\" \/>\n<script type=\"application\/ld+json\" class=\"yoast-schema-graph\">{\"@context\":\"https:\/\/schema.org\",\"@graph\":[{\"@type\":\"WebPage\",\"@id\":\"https:\/\/nordicpadel.com\/sv\/product\/tourna-mega-tac-3-pack\/\",\"url\":\"https:\/\/nordicpadel.com\/sv\/product\/tourna-mega-tac-3-pack\/\",\"name\":\"Tourna Mega Tac 3-pack - Nordic Padel\",\"isPartOf\":{\"@id\":\"https:\/\/nordicpadel.com\/sv\/#website\"},\"primaryImageOfPage\":{\"@id\":\"https:\/\/nordicpadel.com\/sv\/product\/tourna-mega-tac-3-pack\/#primaryimage\"},\"image\":{\"@id\":\"https:\/\/nordicpadel.com\/sv\/product\/tourna-mega-tac-3-pack\/#primaryimage\"},\"thumbnailUrl\":\"https:\/\/nordicpadel.com\/sv\/wp-content\/uploads\/sites\/10\/2025\/11\/bc6f38abc38219c02baed49717f46e2d.png\",\"datePublished\":\"2025-11-26T16:18:14+00:00\",\"dateModified\":\"2026-03-24T16:52:31+00:00\",\"breadcrumb\":{\"@id\":\"https:\/\/nordicpadel.com\/sv\/product\/tourna-mega-tac-3-pack\/#breadcrumb\"},\"inLanguage\":\"sv-SE\",\"potentialAction\":[{\"@type\":\"ReadAction\",\"target\":[\"https:\/\/nordicpadel.com\/sv\/product\/tourna-mega-tac-3-pack\/\"]}]},{\"@type\":\"ImageObject\",\"inLanguage\":\"sv-SE\",\"@id\":\"https:\/\/nordicpadel.com\/sv\/product\/tourna-mega-tac-3-pack\/#primaryimage\",\"url\":\"https:\/\/nordicpadel.com\/sv\/wp-content\/uploads\/sites\/10\/2025\/11\/bc6f38abc38219c02baed49717f46e2d.png\",\"contentUrl\":\"https:\/\/nordicpadel.com\/sv\/wp-content\/uploads\/sites\/10\/2025\/11\/bc6f38abc38219c02baed49717f46e2d.png\",\"width\":800,\"height\":800,\"caption\":\"Tourna Mega Tac 3-pack\"},{\"@type\":\"BreadcrumbList\",\"@id\":\"https:\/\/nordicpadel.com\/sv\/product\/tourna-mega-tac-3-pack\/#breadcrumb\",\"itemListElement\":[{\"@type\":\"ListItem\",\"position\":1,\"name\":\"Hem\",\"item\":\"https:\/\/nordicpadel.com\/sv\/\"},{\"@type\":\"ListItem\",\"position\":2,\"name\":\"Shop\",\"item\":\"https:\/\/nordicpadel.com\/sv\/shop\/\"},{\"@type\":\"ListItem\",\"position\":3,\"name\":\"Tourna Mega Tac 3-pack\"}]},{\"@type\":\"WebSite\",\"@id\":\"https:\/\/nordicpadel.com\/sv\/#website\",\"url\":\"https:\/\/nordicpadel.com\/sv\/\",\"name\":\"Nordic Padel\",\"description\":\"\",\"publisher\":{\"@id\":\"https:\/\/nordicpadel.com\/sv\/#organization\"},\"potentialAction\":[{\"@type\":\"SearchAction\",\"target\":{\"@type\":\"EntryPoint\",\"urlTemplate\":\"https:\/\/nordicpadel.com\/sv\/?s={search_term_string}\"},\"query-input\":\"required name=search_term_string\"}],\"inLanguage\":\"sv-SE\"},{\"@type\":\"Organization\",\"@id\":\"https:\/\/nordicpadel.com\/sv\/#organization\",\"name\":\"Nordic Padel\",\"url\":\"https:\/\/nordicpadel.com\/sv\/\",\"logo\":{\"@type\":\"ImageObject\",\"inLanguage\":\"sv-SE\",\"@id\":\"https:\/\/nordicpadel.com\/sv\/#\/schema\/logo\/image\/\",\"url\":\"https:\/\/nordicpadel.com\/sv\/wp-content\/uploads\/sites\/10\/2022\/12\/Nordic-Padel-small_1-1.png\",\"contentUrl\":\"https:\/\/nordicpadel.com\/sv\/wp-content\/uploads\/sites\/10\/2022\/12\/Nordic-Padel-small_1-1.png\",\"width\":400,\"height\":119,\"caption\":\"Nordic Padel\"},\"image\":{\"@id\":\"https:\/\/nordicpadel.com\/sv\/#\/schema\/logo\/image\/\"}}]}<\/script>\n<!-- \/ Yoast SEO plugin. -->","yoast_head_json":{"title":"Tourna Mega Tac 3-pack - Nordic Padel","robots":{"index":"index","follow":"follow","max-snippet":"max-snippet:-1","max-image-preview":"max-image-preview:large","max-video-preview":"max-video-preview:-1"},"canonical":"https:\/\/nordicpadel.com\/sv\/product\/tourna-mega-tac-3-pack\/","og_locale":"sv_SE","og_type":"article","og_title":"Tourna Mega Tac 3-pack - Nordic Padel","og_description":"K\u00f6p Tourna Megatac 3-pack vit. En av v\u00e5ra mest popul\u00e4ra grepplindor n\u00e4r det kommer till dig som \u00f6nskar klibbiga grepp d\u00e4r du f\u00e5r ett stabilt och stadigt grepp. Passar lika bra f\u00f6r tennisracketar som padelracketar. F\u00e4rg: Vit Storlek: 3-pack","og_url":"https:\/\/nordicpadel.com\/sv\/product\/tourna-mega-tac-3-pack\/","og_site_name":"Nordic Padel","article_modified_time":"2026-03-24T16:52:31+00:00","twitter_card":"summary_large_image","schema":{"@context":"https:\/\/schema.org","@graph":[{"@type":"WebPage","@id":"https:\/\/nordicpadel.com\/sv\/product\/tourna-mega-tac-3-pack\/","url":"https:\/\/nordicpadel.com\/sv\/product\/tourna-mega-tac-3-pack\/","name":"Tourna Mega Tac 3-pack - Nordic Padel","isPartOf":{"@id":"https:\/\/nordicpadel.com\/sv\/#website"},"primaryImageOfPage":{"@id":"https:\/\/nordicpadel.com\/sv\/product\/tourna-mega-tac-3-pack\/#primaryimage"},"image":{"@id":"https:\/\/nordicpadel.com\/sv\/product\/tourna-mega-tac-3-pack\/#primaryimage"},"thumbnailUrl":"https:\/\/nordicpadel.com\/sv\/wp-content\/uploads\/sites\/10\/2025\/11\/bc6f38abc38219c02baed49717f46e2d.png","datePublished":"2025-11-26T16:18:14+00:00","dateModified":"2026-03-24T16:52:31+00:00","breadcrumb":{"@id":"https:\/\/nordicpadel.com\/sv\/product\/tourna-mega-tac-3-pack\/#breadcrumb"},"inLanguage":"sv-SE","potentialAction":[{"@type":"ReadAction","target":["https:\/\/nordicpadel.com\/sv\/product\/tourna-mega-tac-3-pack\/"]}]},{"@type":"ImageObject","inLanguage":"sv-SE","@id":"https:\/\/nordicpadel.com\/sv\/product\/tourna-mega-tac-3-pack\/#primaryimage","url":"https:\/\/nordicpadel.com\/sv\/wp-content\/uploads\/sites\/10\/2025\/11\/bc6f38abc38219c02baed49717f46e2d.png","contentUrl":"https:\/\/nordicpadel.com\/sv\/wp-content\/uploads\/sites\/10\/2025\/11\/bc6f38abc38219c02baed49717f46e2d.png","width":800,"height":800,"caption":"Tourna Mega Tac 3-pack"},{"@type":"BreadcrumbList","@id":"https:\/\/nordicpadel.com\/sv\/product\/tourna-mega-tac-3-pack\/#breadcrumb","itemListElement":[{"@type":"ListItem","position":1,"name":"Hem","item":"https:\/\/nordicpadel.com\/sv\/"},{"@type":"ListItem","position":2,"name":"Shop","item":"https:\/\/nordicpadel.com\/sv\/shop\/"},{"@type":"ListItem","position":3,"name":"Tourna Mega Tac 3-pack"}]},{"@type":"WebSite","@id":"https:\/\/nordicpadel.com\/sv\/#website","url":"https:\/\/nordicpadel.com\/sv\/","name":"Nordic Padel","description":"","publisher":{"@id":"https:\/\/nordicpadel.com\/sv\/#organization"},"potentialAction":[{"@type":"SearchAction","target":{"@type":"EntryPoint","urlTemplate":"https:\/\/nordicpadel.com\/sv\/?s={search_term_string}"},"query-input":"required name=search_term_string"}],"inLanguage":"sv-SE"},{"@type":"Organization","@id":"https:\/\/nordicpadel.com\/sv\/#organization","name":"Nordic Padel","url":"https:\/\/nordicpadel.com\/sv\/","logo":{"@type":"ImageObject","inLanguage":"sv-SE","@id":"https:\/\/nordicpadel.com\/sv\/#\/schema\/logo\/image\/","url":"https:\/\/nordicpadel.com\/sv\/wp-content\/uploads\/sites\/10\/2022\/12\/Nordic-Padel-small_1-1.png","contentUrl":"https:\/\/nordicpadel.com\/sv\/wp-content\/uploads\/sites\/10\/2022\/12\/Nordic-Padel-small_1-1.png","width":400,"height":119,"caption":"Nordic Padel"},"image":{"@id":"https:\/\/nordicpadel.com\/sv\/#\/schema\/logo\/image\/"}}]}},"brands":[],"_links":{"self":[{"href":"https:\/\/nordicpadel.com\/sv\/wp-json\/wp\/v2\/product\/87647","targetHints":{"allow":["GET"]}}],"collection":[{"href":"https:\/\/nordicpadel.com\/sv\/wp-json\/wp\/v2\/product"}],"about":[{"href":"https:\/\/nordicpadel.com\/sv\/wp-json\/wp\/v2\/types\/product"}],"replies":[{"embeddable":true,"href":"https:\/\/nordicpadel.com\/sv\/wp-json\/wp\/v2\/comments?post=87647"}],"wp:featuredmedia":[{"embeddable":true,"href":"https:\/\/nordicpadel.com\/sv\/wp-json\/wp\/v2\/media\/87646"}],"wp:attachment":[{"href":"https:\/\/nordicpadel.com\/sv\/wp-json\/wp\/v2\/media?parent=87647"}],"wp:term":[{"taxonomy":"pwb-brand","embeddable":true,"href":"https:\/\/nordicpadel.com\/sv\/wp-json\/wp\/v2\/pwb-brand?post=87647"},{"taxonomy":"product_cat","embeddable":true,"href":"https:\/\/nordicpadel.com\/sv\/wp-json\/wp\/v2\/product_cat?post=87647"},{"taxonomy":"product_tag","embeddable":true,"href":"https:\/\/nordicpadel.com\/sv\/wp-json\/wp\/v2\/product_tag?post=87647"},{"taxonomy":"woo-feed-brand","embeddable":true,"href":"https:\/\/nordicpadel.com\/sv\/wp-json\/wp\/v2\/woo-feed-brand?post=87647"}],"curies":[{"name":"wp","href":"https:\/\/api.w.org\/{rel}","templated":true}]}}