{"id":87637,"date":"2025-11-26T17:18:01","date_gmt":"2025-11-26T16:18:01","guid":{"rendered":"https:\/\/nordicpadel.com\/sv\/product\/shockout-antivibration-2\/"},"modified":"2025-11-26T17:18:01","modified_gmt":"2025-11-26T16:18:01","slug":"shockout-antivibration-2","status":"publish","type":"product","link":"https:\/\/nordicpadel.com\/sv\/product\/shockout-antivibration-2\/","title":{"rendered":"Shockout Antivibration"},"content":{"rendered":"<p>Har du ont i armb\u00e5ge, axlar eller handled n\u00e4r du spelar padel? D\u00e5 skall du prova Shockout vibrationsd\u00e4mpare f\u00f6r padelracket. Varje paket inneh\u00e5ller 4 st vibrationsd\u00e4mpare som du s\u00e4tter in i h\u00e5len p\u00e5 padelracket vilket g\u00f6r att upp till 60% av vibrationerna reduceras bort enligt studie ifr\u00e5n Higher Technical School of Industrial Engineers of the Polytechnic University of Madrid. Ytterligare ett anv\u00e4ndningsomr\u00e5de \u00e4r om du vill f\u00f6r\u00e4ndra balansen p\u00e5 padelracketen eftersom vibrationsd\u00e4mparna v\u00e4ger knappt ett gram styck s\u00e5 kan du placera m\u00e5nga l\u00e5ngt upp p\u00e5 racket om du exempelvis vill ha ett mer topptungt padelracket. &#8211; Det medf\u00f6ljer en &#8220;nyckel&#8221; som g\u00f6r det enkelt att f\u00e5 ut vibrationsd\u00e4mparna ifr\u00e5n h\u00e5len. OBS: Vissa racketm\u00e4rken anv\u00e4nder olika storlekar p\u00e5 h\u00e5len och d\u00e5 passar vibrationsd\u00e4mparna inte till de mindre h\u00e5len. F\u00e4rg: r\u00f6d<\/p>\n","protected":false},"excerpt":{"rendered":"<p>Har du ont i armb\u00e5ge, axlar eller handled n\u00e4r du spelar padel? D\u00e5 skall du prova Shockout vibrationsd\u00e4mpare f\u00f6r padelracket. Varje paket inneh\u00e5ller 4 st vibrationsd\u00e4mpare som du s\u00e4tter in i h\u00e5len p\u00e5 padelracket vilket g\u00f6r att upp till 60% av vibrationerna reduceras bort enligt studie ifr\u00e5n Higher Technical School of Industrial Engineers of the [&hellip;]<\/p>\n","protected":false},"featured_media":87635,"comment_status":"open","ping_status":"closed","template":"","meta":[],"pwb-brand":[],"product_cat":[45],"product_tag":[],"woo-feed-brand":[],"class_list":{"0":"post-87637","1":"product","2":"type-product","3":"status-publish","4":"has-post-thumbnail","6":"product_cat-ramskydd","7":"pa_varumarke-shockout","9":"first","10":"outofstock","11":"taxable","12":"shipping-taxable","13":"purchasable","14":"product-type-simple"},"bundled_by":[],"bundle_stock_status":"outofstock","bundle_stock_quantity":0,"bundle_virtual":false,"bundle_layout":"","bundle_add_to_cart_form_location":"","bundle_editable_in_cart":false,"bundle_sold_individually_context":"","bundle_item_grouping":"","bundle_min_size":"","bundle_max_size":"","bundled_items":[],"bundle_sell_ids":[],"acf":[],"yoast_head":"<!-- This site is optimized with the Yoast SEO plugin v23.1 - https:\/\/yoast.com\/wordpress\/plugins\/seo\/ -->\n<title>Shockout Antivibration - Nordic Padel<\/title>\n<meta name=\"robots\" content=\"index, follow, max-snippet:-1, max-image-preview:large, max-video-preview:-1\" \/>\n<link rel=\"canonical\" href=\"https:\/\/nordicpadel.com\/sv\/product\/shockout-antivibration-2\/\" \/>\n<meta property=\"og:locale\" content=\"sv_SE\" \/>\n<meta property=\"og:type\" content=\"article\" \/>\n<meta property=\"og:title\" content=\"Shockout Antivibration - Nordic Padel\" \/>\n<meta property=\"og:description\" content=\"Har du ont i armb\u00e5ge, axlar eller handled n\u00e4r du spelar padel? D\u00e5 skall du prova Shockout vibrationsd\u00e4mpare f\u00f6r padelracket. Varje paket inneh\u00e5ller 4 st vibrationsd\u00e4mpare som du s\u00e4tter in i h\u00e5len p\u00e5 padelracket vilket g\u00f6r att upp till 60% av vibrationerna reduceras bort enligt studie ifr\u00e5n Higher Technical School of Industrial Engineers of the [&hellip;]\" \/>\n<meta property=\"og:url\" content=\"https:\/\/nordicpadel.com\/sv\/product\/shockout-antivibration-2\/\" \/>\n<meta property=\"og:site_name\" content=\"Nordic Padel\" \/>\n<meta name=\"twitter:card\" content=\"summary_large_image\" \/>\n<meta name=\"twitter:label1\" content=\"Ber\u00e4knad l\u00e4stid\" \/>\n\t<meta name=\"twitter:data1\" content=\"1 minut\" \/>\n<script type=\"application\/ld+json\" class=\"yoast-schema-graph\">{\"@context\":\"https:\/\/schema.org\",\"@graph\":[{\"@type\":\"WebPage\",\"@id\":\"https:\/\/nordicpadel.com\/sv\/product\/shockout-antivibration-2\/\",\"url\":\"https:\/\/nordicpadel.com\/sv\/product\/shockout-antivibration-2\/\",\"name\":\"Shockout Antivibration - Nordic Padel\",\"isPartOf\":{\"@id\":\"https:\/\/nordicpadel.com\/sv\/#website\"},\"primaryImageOfPage\":{\"@id\":\"https:\/\/nordicpadel.com\/sv\/product\/shockout-antivibration-2\/#primaryimage\"},\"image\":{\"@id\":\"https:\/\/nordicpadel.com\/sv\/product\/shockout-antivibration-2\/#primaryimage\"},\"thumbnailUrl\":\"https:\/\/nordicpadel.com\/sv\/wp-content\/uploads\/sites\/10\/2025\/11\/2ab1873dd05a7d91d358a0c428c39b8a.png\",\"datePublished\":\"2025-11-26T16:18:01+00:00\",\"dateModified\":\"2025-11-26T16:18:01+00:00\",\"breadcrumb\":{\"@id\":\"https:\/\/nordicpadel.com\/sv\/product\/shockout-antivibration-2\/#breadcrumb\"},\"inLanguage\":\"sv-SE\",\"potentialAction\":[{\"@type\":\"ReadAction\",\"target\":[\"https:\/\/nordicpadel.com\/sv\/product\/shockout-antivibration-2\/\"]}]},{\"@type\":\"ImageObject\",\"inLanguage\":\"sv-SE\",\"@id\":\"https:\/\/nordicpadel.com\/sv\/product\/shockout-antivibration-2\/#primaryimage\",\"url\":\"https:\/\/nordicpadel.com\/sv\/wp-content\/uploads\/sites\/10\/2025\/11\/2ab1873dd05a7d91d358a0c428c39b8a.png\",\"contentUrl\":\"https:\/\/nordicpadel.com\/sv\/wp-content\/uploads\/sites\/10\/2025\/11\/2ab1873dd05a7d91d358a0c428c39b8a.png\",\"width\":800,\"height\":800,\"caption\":\"Shockout Antivibration\"},{\"@type\":\"BreadcrumbList\",\"@id\":\"https:\/\/nordicpadel.com\/sv\/product\/shockout-antivibration-2\/#breadcrumb\",\"itemListElement\":[{\"@type\":\"ListItem\",\"position\":1,\"name\":\"Hem\",\"item\":\"https:\/\/nordicpadel.com\/sv\/\"},{\"@type\":\"ListItem\",\"position\":2,\"name\":\"Shop\",\"item\":\"https:\/\/nordicpadel.com\/sv\/shop\/\"},{\"@type\":\"ListItem\",\"position\":3,\"name\":\"Shockout Antivibration\"}]},{\"@type\":\"WebSite\",\"@id\":\"https:\/\/nordicpadel.com\/sv\/#website\",\"url\":\"https:\/\/nordicpadel.com\/sv\/\",\"name\":\"Nordic Padel\",\"description\":\"\",\"publisher\":{\"@id\":\"https:\/\/nordicpadel.com\/sv\/#organization\"},\"potentialAction\":[{\"@type\":\"SearchAction\",\"target\":{\"@type\":\"EntryPoint\",\"urlTemplate\":\"https:\/\/nordicpadel.com\/sv\/?s={search_term_string}\"},\"query-input\":\"required name=search_term_string\"}],\"inLanguage\":\"sv-SE\"},{\"@type\":\"Organization\",\"@id\":\"https:\/\/nordicpadel.com\/sv\/#organization\",\"name\":\"Nordic Padel\",\"url\":\"https:\/\/nordicpadel.com\/sv\/\",\"logo\":{\"@type\":\"ImageObject\",\"inLanguage\":\"sv-SE\",\"@id\":\"https:\/\/nordicpadel.com\/sv\/#\/schema\/logo\/image\/\",\"url\":\"https:\/\/nordicpadel.com\/sv\/wp-content\/uploads\/sites\/10\/2022\/12\/Nordic-Padel-small_1-1.png\",\"contentUrl\":\"https:\/\/nordicpadel.com\/sv\/wp-content\/uploads\/sites\/10\/2022\/12\/Nordic-Padel-small_1-1.png\",\"width\":400,\"height\":119,\"caption\":\"Nordic Padel\"},\"image\":{\"@id\":\"https:\/\/nordicpadel.com\/sv\/#\/schema\/logo\/image\/\"}}]}<\/script>\n<!-- \/ Yoast SEO plugin. -->","yoast_head_json":{"title":"Shockout Antivibration - Nordic Padel","robots":{"index":"index","follow":"follow","max-snippet":"max-snippet:-1","max-image-preview":"max-image-preview:large","max-video-preview":"max-video-preview:-1"},"canonical":"https:\/\/nordicpadel.com\/sv\/product\/shockout-antivibration-2\/","og_locale":"sv_SE","og_type":"article","og_title":"Shockout Antivibration - Nordic Padel","og_description":"Har du ont i armb\u00e5ge, axlar eller handled n\u00e4r du spelar padel? D\u00e5 skall du prova Shockout vibrationsd\u00e4mpare f\u00f6r padelracket. Varje paket inneh\u00e5ller 4 st vibrationsd\u00e4mpare som du s\u00e4tter in i h\u00e5len p\u00e5 padelracket vilket g\u00f6r att upp till 60% av vibrationerna reduceras bort enligt studie ifr\u00e5n Higher Technical School of Industrial Engineers of the [&hellip;]","og_url":"https:\/\/nordicpadel.com\/sv\/product\/shockout-antivibration-2\/","og_site_name":"Nordic Padel","twitter_card":"summary_large_image","twitter_misc":{"Ber\u00e4knad l\u00e4stid":"1 minut"},"schema":{"@context":"https:\/\/schema.org","@graph":[{"@type":"WebPage","@id":"https:\/\/nordicpadel.com\/sv\/product\/shockout-antivibration-2\/","url":"https:\/\/nordicpadel.com\/sv\/product\/shockout-antivibration-2\/","name":"Shockout Antivibration - Nordic Padel","isPartOf":{"@id":"https:\/\/nordicpadel.com\/sv\/#website"},"primaryImageOfPage":{"@id":"https:\/\/nordicpadel.com\/sv\/product\/shockout-antivibration-2\/#primaryimage"},"image":{"@id":"https:\/\/nordicpadel.com\/sv\/product\/shockout-antivibration-2\/#primaryimage"},"thumbnailUrl":"https:\/\/nordicpadel.com\/sv\/wp-content\/uploads\/sites\/10\/2025\/11\/2ab1873dd05a7d91d358a0c428c39b8a.png","datePublished":"2025-11-26T16:18:01+00:00","dateModified":"2025-11-26T16:18:01+00:00","breadcrumb":{"@id":"https:\/\/nordicpadel.com\/sv\/product\/shockout-antivibration-2\/#breadcrumb"},"inLanguage":"sv-SE","potentialAction":[{"@type":"ReadAction","target":["https:\/\/nordicpadel.com\/sv\/product\/shockout-antivibration-2\/"]}]},{"@type":"ImageObject","inLanguage":"sv-SE","@id":"https:\/\/nordicpadel.com\/sv\/product\/shockout-antivibration-2\/#primaryimage","url":"https:\/\/nordicpadel.com\/sv\/wp-content\/uploads\/sites\/10\/2025\/11\/2ab1873dd05a7d91d358a0c428c39b8a.png","contentUrl":"https:\/\/nordicpadel.com\/sv\/wp-content\/uploads\/sites\/10\/2025\/11\/2ab1873dd05a7d91d358a0c428c39b8a.png","width":800,"height":800,"caption":"Shockout Antivibration"},{"@type":"BreadcrumbList","@id":"https:\/\/nordicpadel.com\/sv\/product\/shockout-antivibration-2\/#breadcrumb","itemListElement":[{"@type":"ListItem","position":1,"name":"Hem","item":"https:\/\/nordicpadel.com\/sv\/"},{"@type":"ListItem","position":2,"name":"Shop","item":"https:\/\/nordicpadel.com\/sv\/shop\/"},{"@type":"ListItem","position":3,"name":"Shockout Antivibration"}]},{"@type":"WebSite","@id":"https:\/\/nordicpadel.com\/sv\/#website","url":"https:\/\/nordicpadel.com\/sv\/","name":"Nordic Padel","description":"","publisher":{"@id":"https:\/\/nordicpadel.com\/sv\/#organization"},"potentialAction":[{"@type":"SearchAction","target":{"@type":"EntryPoint","urlTemplate":"https:\/\/nordicpadel.com\/sv\/?s={search_term_string}"},"query-input":"required name=search_term_string"}],"inLanguage":"sv-SE"},{"@type":"Organization","@id":"https:\/\/nordicpadel.com\/sv\/#organization","name":"Nordic Padel","url":"https:\/\/nordicpadel.com\/sv\/","logo":{"@type":"ImageObject","inLanguage":"sv-SE","@id":"https:\/\/nordicpadel.com\/sv\/#\/schema\/logo\/image\/","url":"https:\/\/nordicpadel.com\/sv\/wp-content\/uploads\/sites\/10\/2022\/12\/Nordic-Padel-small_1-1.png","contentUrl":"https:\/\/nordicpadel.com\/sv\/wp-content\/uploads\/sites\/10\/2022\/12\/Nordic-Padel-small_1-1.png","width":400,"height":119,"caption":"Nordic Padel"},"image":{"@id":"https:\/\/nordicpadel.com\/sv\/#\/schema\/logo\/image\/"}}]}},"brands":[],"_links":{"self":[{"href":"https:\/\/nordicpadel.com\/sv\/wp-json\/wp\/v2\/product\/87637","targetHints":{"allow":["GET"]}}],"collection":[{"href":"https:\/\/nordicpadel.com\/sv\/wp-json\/wp\/v2\/product"}],"about":[{"href":"https:\/\/nordicpadel.com\/sv\/wp-json\/wp\/v2\/types\/product"}],"replies":[{"embeddable":true,"href":"https:\/\/nordicpadel.com\/sv\/wp-json\/wp\/v2\/comments?post=87637"}],"wp:featuredmedia":[{"embeddable":true,"href":"https:\/\/nordicpadel.com\/sv\/wp-json\/wp\/v2\/media\/87635"}],"wp:attachment":[{"href":"https:\/\/nordicpadel.com\/sv\/wp-json\/wp\/v2\/media?parent=87637"}],"wp:term":[{"taxonomy":"pwb-brand","embeddable":true,"href":"https:\/\/nordicpadel.com\/sv\/wp-json\/wp\/v2\/pwb-brand?post=87637"},{"taxonomy":"product_cat","embeddable":true,"href":"https:\/\/nordicpadel.com\/sv\/wp-json\/wp\/v2\/product_cat?post=87637"},{"taxonomy":"product_tag","embeddable":true,"href":"https:\/\/nordicpadel.com\/sv\/wp-json\/wp\/v2\/product_tag?post=87637"},{"taxonomy":"woo-feed-brand","embeddable":true,"href":"https:\/\/nordicpadel.com\/sv\/wp-json\/wp\/v2\/woo-feed-brand?post=87637"}],"curies":[{"name":"wp","href":"https:\/\/api.w.org\/{rel}","templated":true}]}}