{"id":87636,"date":"2025-11-26T17:17:59","date_gmt":"2025-11-26T16:17:59","guid":{"rendered":"https:\/\/nordicpadel.com\/sv\/product\/varlion-maxima-summum-prisma-w\/"},"modified":"2025-11-27T16:49:59","modified_gmt":"2025-11-27T15:49:59","slug":"varlion-maxima-summum-prisma-w","status":"publish","type":"product","link":"https:\/\/nordicpadel.com\/sv\/product\/varlion-maxima-summum-prisma-w\/","title":{"rendered":"Varlion Maxima Summum Prisma W"},"content":{"rendered":"<p>Varlion Maxima Summum Prisma W \u00e4r ett <a href=\"https:\/\/nordicpadel.com\/sv\/product-category\/padelracket\/\">padelracket<\/a> f\u00f6r dig som s\u00f6ker ett racket med en fin blandning mellan fart och kontroll. Det l\u00e5ter klysichigt men det \u00e4r sant, l\u00e5t oss f\u00f6rklara varf\u00f6r!<\/p>\n<p>Maxima-formen \u00e4r en blanding mellan dropp och rund och ger s\u00e5ledes en relativt stor sweet spot. Racket en medelbalans och en vikt p\u00e5 mellan 340-365 gram, vilket g\u00f6r att det upplevs otroligt l\u00e4ttman\u00f6vererat. Ramen \u00e4r tillverkad i 100% kolfiber, tr\u00e4ffytan i 12k kolfiber och k\u00e4rnan \u00e4r relativt h\u00e5rd.<\/p>\n<p>Den h\u00e5rda k\u00e4rnan g\u00f6r detta att racket ger en v\u00e4ldigt fin respons i slagen, tack varje Maxima-formen f\u00e5r du \u00e4ven ett ganska f\u00f6rl\u00e5tande racket, trots styvheten, som med den relativt l\u00e5ga vikten mediumbalansen blir enkelt att hantera vid h\u00f6rnen. D\u00e4remot kr\u00e4vs det mer av dig som spelare f\u00f6r att s\u00e4tta fart p\u00e5 bollen racket har en minimal trampolineffekt. Tr\u00e4ffytan \u00e4r dessutom utrustad med Varlions Slice-tekonologi, ett kraftigt strukturm\u00f6nster som verkligen greppar tag i bollen f\u00f6r att ge mer spin. Med detta sagt passar detta racket dig som kommit en bit i din padelutveckling och vill ha ett l\u00e4ttman\u00f6vererat racket som svarar upp n\u00e4r du v\u00e4ljer att s\u00e4tta fart p\u00e5 bollen. Racket har dessutom ett n\u00e5got l\u00e4ngre handtag vilket \u00e4r perfekt f\u00f6r dig som vill utnyttja din dubbelfattade backhand.<\/p>\n<p>Slutligen b\u00f6r det f\u00f6rtydligas att \u201cW\u201d inte st\u00e5r f\u00f6r \u201cwomen\u201d utan f\u00f6r \u201cwinter\u201d. Varlion tillverkar sina racketar i tv\u00e5 modeller d\u00e4r winter-modellen \u00e4r tillverkad f\u00f6r spel i en temperatur under 25 grader celsius \u2013 allts\u00e5 perfekt f\u00f6r Sverige.<\/p>\n","protected":false},"excerpt":{"rendered":"<p>Varlion Maxima Summum Prisma W \u00e4r ett padelracket f\u00f6r dig som s\u00f6ker ett racket med en fin blandning mellan fart och kontroll. Det l\u00e5ter klysichigt men det \u00e4r sant, l\u00e5t oss f\u00f6rklara varf\u00f6r! Maxima-formen \u00e4r en blanding mellan dropp och rund och ger s\u00e5ledes en relativt stor sweet spot. Racket en medelbalans och en vikt [&hellip;]<\/p>\n","protected":false},"featured_media":87634,"comment_status":"open","ping_status":"closed","template":"","meta":[],"pwb-brand":[],"product_cat":[16],"product_tag":[],"woo-feed-brand":[],"class_list":{"0":"post-87636","1":"product","2":"type-product","3":"status-publish","4":"has-post-thumbnail","6":"product_cat-padelracket","7":"pa_varumarke-varlion","9":"first","10":"outofstock","11":"sale","12":"taxable","13":"shipping-taxable","14":"purchasable","15":"product-type-simple"},"bundled_by":[],"bundle_stock_status":"outofstock","bundle_stock_quantity":0,"bundle_virtual":false,"bundle_layout":"","bundle_add_to_cart_form_location":"","bundle_editable_in_cart":false,"bundle_sold_individually_context":"","bundle_item_grouping":"","bundle_min_size":"","bundle_max_size":"","bundled_items":[],"bundle_sell_ids":[],"acf":[],"yoast_head":"<!-- This site is optimized with the Yoast SEO plugin v23.1 - https:\/\/yoast.com\/wordpress\/plugins\/seo\/ -->\n<title>Varlion Maxima Summum Prisma W - Nordic Padel<\/title>\n<meta name=\"robots\" content=\"index, follow, max-snippet:-1, max-image-preview:large, max-video-preview:-1\" \/>\n<link rel=\"canonical\" href=\"https:\/\/nordicpadel.com\/sv\/product\/varlion-maxima-summum-prisma-w\/\" \/>\n<meta property=\"og:locale\" content=\"sv_SE\" \/>\n<meta property=\"og:type\" content=\"article\" \/>\n<meta property=\"og:title\" content=\"Varlion Maxima Summum Prisma W - Nordic Padel\" \/>\n<meta property=\"og:description\" content=\"Varlion Maxima Summum Prisma W \u00e4r ett padelracket f\u00f6r dig som s\u00f6ker ett racket med en fin blandning mellan fart och kontroll. Det l\u00e5ter klysichigt men det \u00e4r sant, l\u00e5t oss f\u00f6rklara varf\u00f6r! Maxima-formen \u00e4r en blanding mellan dropp och rund och ger s\u00e5ledes en relativt stor sweet spot. Racket en medelbalans och en vikt [&hellip;]\" \/>\n<meta property=\"og:url\" content=\"https:\/\/nordicpadel.com\/sv\/product\/varlion-maxima-summum-prisma-w\/\" \/>\n<meta property=\"og:site_name\" content=\"Nordic Padel\" \/>\n<meta property=\"article:modified_time\" content=\"2025-11-27T15:49:59+00:00\" \/>\n<meta property=\"og:image\" content=\"https:\/\/nordicpadel.com\/sv\/wp-content\/uploads\/sites\/10\/2025\/11\/f8b47eb7d9594cd01bb51634982ff489.png\" \/>\n\t<meta property=\"og:image:width\" content=\"800\" \/>\n\t<meta property=\"og:image:height\" content=\"800\" \/>\n\t<meta property=\"og:image:type\" content=\"image\/png\" \/>\n<meta name=\"twitter:card\" content=\"summary_large_image\" \/>\n<meta name=\"twitter:label1\" content=\"Ber\u00e4knad l\u00e4stid\" \/>\n\t<meta name=\"twitter:data1\" content=\"1 minut\" \/>\n<script type=\"application\/ld+json\" class=\"yoast-schema-graph\">{\"@context\":\"https:\/\/schema.org\",\"@graph\":[{\"@type\":\"WebPage\",\"@id\":\"https:\/\/nordicpadel.com\/sv\/product\/varlion-maxima-summum-prisma-w\/\",\"url\":\"https:\/\/nordicpadel.com\/sv\/product\/varlion-maxima-summum-prisma-w\/\",\"name\":\"Varlion Maxima Summum Prisma W - Nordic Padel\",\"isPartOf\":{\"@id\":\"https:\/\/nordicpadel.com\/sv\/#website\"},\"primaryImageOfPage\":{\"@id\":\"https:\/\/nordicpadel.com\/sv\/product\/varlion-maxima-summum-prisma-w\/#primaryimage\"},\"image\":{\"@id\":\"https:\/\/nordicpadel.com\/sv\/product\/varlion-maxima-summum-prisma-w\/#primaryimage\"},\"thumbnailUrl\":\"https:\/\/nordicpadel.com\/sv\/wp-content\/uploads\/sites\/10\/2025\/11\/f8b47eb7d9594cd01bb51634982ff489.png\",\"datePublished\":\"2025-11-26T16:17:59+00:00\",\"dateModified\":\"2025-11-27T15:49:59+00:00\",\"breadcrumb\":{\"@id\":\"https:\/\/nordicpadel.com\/sv\/product\/varlion-maxima-summum-prisma-w\/#breadcrumb\"},\"inLanguage\":\"sv-SE\",\"potentialAction\":[{\"@type\":\"ReadAction\",\"target\":[\"https:\/\/nordicpadel.com\/sv\/product\/varlion-maxima-summum-prisma-w\/\"]}]},{\"@type\":\"ImageObject\",\"inLanguage\":\"sv-SE\",\"@id\":\"https:\/\/nordicpadel.com\/sv\/product\/varlion-maxima-summum-prisma-w\/#primaryimage\",\"url\":\"https:\/\/nordicpadel.com\/sv\/wp-content\/uploads\/sites\/10\/2025\/11\/f8b47eb7d9594cd01bb51634982ff489.png\",\"contentUrl\":\"https:\/\/nordicpadel.com\/sv\/wp-content\/uploads\/sites\/10\/2025\/11\/f8b47eb7d9594cd01bb51634982ff489.png\",\"width\":800,\"height\":800,\"caption\":\"Varlion Maxima Summum Prisma W\"},{\"@type\":\"BreadcrumbList\",\"@id\":\"https:\/\/nordicpadel.com\/sv\/product\/varlion-maxima-summum-prisma-w\/#breadcrumb\",\"itemListElement\":[{\"@type\":\"ListItem\",\"position\":1,\"name\":\"Hem\",\"item\":\"https:\/\/nordicpadel.com\/sv\/\"},{\"@type\":\"ListItem\",\"position\":2,\"name\":\"Shop\",\"item\":\"https:\/\/nordicpadel.com\/sv\/shop\/\"},{\"@type\":\"ListItem\",\"position\":3,\"name\":\"Varlion Maxima Summum Prisma W\"}]},{\"@type\":\"WebSite\",\"@id\":\"https:\/\/nordicpadel.com\/sv\/#website\",\"url\":\"https:\/\/nordicpadel.com\/sv\/\",\"name\":\"Nordic Padel\",\"description\":\"\",\"publisher\":{\"@id\":\"https:\/\/nordicpadel.com\/sv\/#organization\"},\"potentialAction\":[{\"@type\":\"SearchAction\",\"target\":{\"@type\":\"EntryPoint\",\"urlTemplate\":\"https:\/\/nordicpadel.com\/sv\/?s={search_term_string}\"},\"query-input\":\"required name=search_term_string\"}],\"inLanguage\":\"sv-SE\"},{\"@type\":\"Organization\",\"@id\":\"https:\/\/nordicpadel.com\/sv\/#organization\",\"name\":\"Nordic Padel\",\"url\":\"https:\/\/nordicpadel.com\/sv\/\",\"logo\":{\"@type\":\"ImageObject\",\"inLanguage\":\"sv-SE\",\"@id\":\"https:\/\/nordicpadel.com\/sv\/#\/schema\/logo\/image\/\",\"url\":\"https:\/\/nordicpadel.com\/sv\/wp-content\/uploads\/sites\/10\/2022\/12\/Nordic-Padel-small_1-1.png\",\"contentUrl\":\"https:\/\/nordicpadel.com\/sv\/wp-content\/uploads\/sites\/10\/2022\/12\/Nordic-Padel-small_1-1.png\",\"width\":400,\"height\":119,\"caption\":\"Nordic Padel\"},\"image\":{\"@id\":\"https:\/\/nordicpadel.com\/sv\/#\/schema\/logo\/image\/\"}}]}<\/script>\n<!-- \/ Yoast SEO plugin. -->","yoast_head_json":{"title":"Varlion Maxima Summum Prisma W - Nordic Padel","robots":{"index":"index","follow":"follow","max-snippet":"max-snippet:-1","max-image-preview":"max-image-preview:large","max-video-preview":"max-video-preview:-1"},"canonical":"https:\/\/nordicpadel.com\/sv\/product\/varlion-maxima-summum-prisma-w\/","og_locale":"sv_SE","og_type":"article","og_title":"Varlion Maxima Summum Prisma W - Nordic Padel","og_description":"Varlion Maxima Summum Prisma W \u00e4r ett padelracket f\u00f6r dig som s\u00f6ker ett racket med en fin blandning mellan fart och kontroll. Det l\u00e5ter klysichigt men det \u00e4r sant, l\u00e5t oss f\u00f6rklara varf\u00f6r! Maxima-formen \u00e4r en blanding mellan dropp och rund och ger s\u00e5ledes en relativt stor sweet spot. Racket en medelbalans och en vikt [&hellip;]","og_url":"https:\/\/nordicpadel.com\/sv\/product\/varlion-maxima-summum-prisma-w\/","og_site_name":"Nordic Padel","article_modified_time":"2025-11-27T15:49:59+00:00","og_image":[{"width":800,"height":800,"url":"https:\/\/nordicpadel.com\/sv\/wp-content\/uploads\/sites\/10\/2025\/11\/f8b47eb7d9594cd01bb51634982ff489.png","type":"image\/png"}],"twitter_card":"summary_large_image","twitter_misc":{"Ber\u00e4knad l\u00e4stid":"1 minut"},"schema":{"@context":"https:\/\/schema.org","@graph":[{"@type":"WebPage","@id":"https:\/\/nordicpadel.com\/sv\/product\/varlion-maxima-summum-prisma-w\/","url":"https:\/\/nordicpadel.com\/sv\/product\/varlion-maxima-summum-prisma-w\/","name":"Varlion Maxima Summum Prisma W - Nordic Padel","isPartOf":{"@id":"https:\/\/nordicpadel.com\/sv\/#website"},"primaryImageOfPage":{"@id":"https:\/\/nordicpadel.com\/sv\/product\/varlion-maxima-summum-prisma-w\/#primaryimage"},"image":{"@id":"https:\/\/nordicpadel.com\/sv\/product\/varlion-maxima-summum-prisma-w\/#primaryimage"},"thumbnailUrl":"https:\/\/nordicpadel.com\/sv\/wp-content\/uploads\/sites\/10\/2025\/11\/f8b47eb7d9594cd01bb51634982ff489.png","datePublished":"2025-11-26T16:17:59+00:00","dateModified":"2025-11-27T15:49:59+00:00","breadcrumb":{"@id":"https:\/\/nordicpadel.com\/sv\/product\/varlion-maxima-summum-prisma-w\/#breadcrumb"},"inLanguage":"sv-SE","potentialAction":[{"@type":"ReadAction","target":["https:\/\/nordicpadel.com\/sv\/product\/varlion-maxima-summum-prisma-w\/"]}]},{"@type":"ImageObject","inLanguage":"sv-SE","@id":"https:\/\/nordicpadel.com\/sv\/product\/varlion-maxima-summum-prisma-w\/#primaryimage","url":"https:\/\/nordicpadel.com\/sv\/wp-content\/uploads\/sites\/10\/2025\/11\/f8b47eb7d9594cd01bb51634982ff489.png","contentUrl":"https:\/\/nordicpadel.com\/sv\/wp-content\/uploads\/sites\/10\/2025\/11\/f8b47eb7d9594cd01bb51634982ff489.png","width":800,"height":800,"caption":"Varlion Maxima Summum Prisma W"},{"@type":"BreadcrumbList","@id":"https:\/\/nordicpadel.com\/sv\/product\/varlion-maxima-summum-prisma-w\/#breadcrumb","itemListElement":[{"@type":"ListItem","position":1,"name":"Hem","item":"https:\/\/nordicpadel.com\/sv\/"},{"@type":"ListItem","position":2,"name":"Shop","item":"https:\/\/nordicpadel.com\/sv\/shop\/"},{"@type":"ListItem","position":3,"name":"Varlion Maxima Summum Prisma W"}]},{"@type":"WebSite","@id":"https:\/\/nordicpadel.com\/sv\/#website","url":"https:\/\/nordicpadel.com\/sv\/","name":"Nordic Padel","description":"","publisher":{"@id":"https:\/\/nordicpadel.com\/sv\/#organization"},"potentialAction":[{"@type":"SearchAction","target":{"@type":"EntryPoint","urlTemplate":"https:\/\/nordicpadel.com\/sv\/?s={search_term_string}"},"query-input":"required name=search_term_string"}],"inLanguage":"sv-SE"},{"@type":"Organization","@id":"https:\/\/nordicpadel.com\/sv\/#organization","name":"Nordic Padel","url":"https:\/\/nordicpadel.com\/sv\/","logo":{"@type":"ImageObject","inLanguage":"sv-SE","@id":"https:\/\/nordicpadel.com\/sv\/#\/schema\/logo\/image\/","url":"https:\/\/nordicpadel.com\/sv\/wp-content\/uploads\/sites\/10\/2022\/12\/Nordic-Padel-small_1-1.png","contentUrl":"https:\/\/nordicpadel.com\/sv\/wp-content\/uploads\/sites\/10\/2022\/12\/Nordic-Padel-small_1-1.png","width":400,"height":119,"caption":"Nordic Padel"},"image":{"@id":"https:\/\/nordicpadel.com\/sv\/#\/schema\/logo\/image\/"}}]}},"brands":[],"_links":{"self":[{"href":"https:\/\/nordicpadel.com\/sv\/wp-json\/wp\/v2\/product\/87636","targetHints":{"allow":["GET"]}}],"collection":[{"href":"https:\/\/nordicpadel.com\/sv\/wp-json\/wp\/v2\/product"}],"about":[{"href":"https:\/\/nordicpadel.com\/sv\/wp-json\/wp\/v2\/types\/product"}],"replies":[{"embeddable":true,"href":"https:\/\/nordicpadel.com\/sv\/wp-json\/wp\/v2\/comments?post=87636"}],"wp:featuredmedia":[{"embeddable":true,"href":"https:\/\/nordicpadel.com\/sv\/wp-json\/wp\/v2\/media\/87634"}],"wp:attachment":[{"href":"https:\/\/nordicpadel.com\/sv\/wp-json\/wp\/v2\/media?parent=87636"}],"wp:term":[{"taxonomy":"pwb-brand","embeddable":true,"href":"https:\/\/nordicpadel.com\/sv\/wp-json\/wp\/v2\/pwb-brand?post=87636"},{"taxonomy":"product_cat","embeddable":true,"href":"https:\/\/nordicpadel.com\/sv\/wp-json\/wp\/v2\/product_cat?post=87636"},{"taxonomy":"product_tag","embeddable":true,"href":"https:\/\/nordicpadel.com\/sv\/wp-json\/wp\/v2\/product_tag?post=87636"},{"taxonomy":"woo-feed-brand","embeddable":true,"href":"https:\/\/nordicpadel.com\/sv\/wp-json\/wp\/v2\/woo-feed-brand?post=87636"}],"curies":[{"name":"wp","href":"https:\/\/api.w.org\/{rel}","templated":true}]}}