{"id":87621,"date":"2025-11-26T17:17:43","date_gmt":"2025-11-26T16:17:43","guid":{"rendered":"https:\/\/nordicpadel.com\/sv\/product\/rs-pro-edition-simon-vasquez\/"},"modified":"2025-11-27T16:49:55","modified_gmt":"2025-11-27T15:49:55","slug":"rs-pro-edition-simon-vasquez","status":"publish","type":"product","link":"https:\/\/nordicpadel.com\/sv\/product\/rs-pro-edition-simon-vasquez\/","title":{"rendered":"RS Pro Edition Simon Vasquez"},"content":{"rendered":"<p>RS Pro Edition Simon Vasquez \u00e4r ett <a href=\"https:\/\/nordicpadel.com\/sv\/product-category\/padelracket\/\">padelracket<\/a> med en mix av dropp- och diamantform och som har en medelh\u00f6g balans. Denna kombination g\u00f6r det till ett aningen fartorienterat <a href=\"https:\/\/nordicpadel.com\/sv\/product-category\/padelracket\/\">padelracket<\/a> med bra access till fart och kraft men utan att du tappar f\u00f6r mycket k\u00e4nsla och kontroll i det lugna spelet.<br id=\"isPasted\"><br \/>Ramen \u00e4r tillverkad av kolfiber och i slagytan \u00e5terfinns 12K kolfiber. Tillsammans med den medelh\u00e5rda EVA Pro -k\u00e4rnan ger detta en v\u00e4ldigt solid och relativt styv slagyta som kr\u00e4ver lite mer av sin spelare men som bel\u00f6nar med bra fart i det offensiva spelet. Dessutom har ytan ett r\u00e4fflat m\u00f6nster som greppar tag lite extra i bollen f\u00f6r att generera mer spin.<\/p>\n<p>Detta \u00e4r ett grymt racket som k\u00e4nner att du vill ha mer fart och kraft, men som samtidigt vill ha ett relativt f\u00f6rl\u00e5tande racket.<\/p>\n<p>Detta <a href=\"https:\/\/nordicpadel.com\/sv\/product-category\/padelracket\/\">padelracket<\/a> levereras med en tygracketp\u00e5se fr\u00e5n RS Padel men det g\u00e5r sj\u00e4lvklart att k\u00f6pa till ett vanligt padelfodral som tillval.<\/p>\n","protected":false},"excerpt":{"rendered":"<p>RS Pro Edition Simon Vasquez \u00e4r ett padelracket med en mix av dropp- och diamantform och som har en medelh\u00f6g balans. Denna kombination g\u00f6r det till ett aningen fartorienterat padelracket med bra access till fart och kraft men utan att du tappar f\u00f6r mycket k\u00e4nsla och kontroll i det lugna spelet.Ramen \u00e4r tillverkad av kolfiber [&hellip;]<\/p>\n","protected":false},"featured_media":87619,"comment_status":"open","ping_status":"closed","template":"","meta":[],"pwb-brand":[],"product_cat":[476],"product_tag":[],"woo-feed-brand":[],"class_list":{"0":"post-87621","1":"product","2":"type-product","3":"status-publish","4":"has-post-thumbnail","6":"product_cat-rs-padel","7":"pa_varumarke-rs-robinsoderling-2","9":"first","10":"outofstock","11":"sale","12":"taxable","13":"shipping-taxable","14":"purchasable","15":"product-type-simple"},"bundled_by":[],"bundle_stock_status":"outofstock","bundle_stock_quantity":0,"bundle_virtual":false,"bundle_layout":"","bundle_add_to_cart_form_location":"","bundle_editable_in_cart":false,"bundle_sold_individually_context":"","bundle_item_grouping":"","bundle_min_size":"","bundle_max_size":"","bundled_items":[],"bundle_sell_ids":[],"acf":[],"yoast_head":"<!-- This site is optimized with the Yoast SEO plugin v23.1 - https:\/\/yoast.com\/wordpress\/plugins\/seo\/ -->\n<title>RS Pro Edition Simon Vasquez - Nordic Padel<\/title>\n<meta name=\"robots\" content=\"index, follow, max-snippet:-1, max-image-preview:large, max-video-preview:-1\" \/>\n<link rel=\"canonical\" href=\"https:\/\/nordicpadel.com\/sv\/product\/rs-pro-edition-simon-vasquez\/\" \/>\n<meta property=\"og:locale\" content=\"sv_SE\" \/>\n<meta property=\"og:type\" content=\"article\" \/>\n<meta property=\"og:title\" content=\"RS Pro Edition Simon Vasquez - Nordic Padel\" \/>\n<meta property=\"og:description\" content=\"RS Pro Edition Simon Vasquez \u00e4r ett padelracket med en mix av dropp- och diamantform och som har en medelh\u00f6g balans. Denna kombination g\u00f6r det till ett aningen fartorienterat padelracket med bra access till fart och kraft men utan att du tappar f\u00f6r mycket k\u00e4nsla och kontroll i det lugna spelet.Ramen \u00e4r tillverkad av kolfiber [&hellip;]\" \/>\n<meta property=\"og:url\" content=\"https:\/\/nordicpadel.com\/sv\/product\/rs-pro-edition-simon-vasquez\/\" \/>\n<meta property=\"og:site_name\" content=\"Nordic Padel\" \/>\n<meta property=\"article:modified_time\" content=\"2025-11-27T15:49:55+00:00\" \/>\n<meta property=\"og:image\" content=\"https:\/\/nordicpadel.com\/sv\/wp-content\/uploads\/sites\/10\/2025\/11\/ddbdd1ed2109be207b82fbcd88c4f117.png\" \/>\n\t<meta property=\"og:image:width\" content=\"800\" \/>\n\t<meta property=\"og:image:height\" content=\"800\" \/>\n\t<meta property=\"og:image:type\" content=\"image\/png\" \/>\n<meta name=\"twitter:card\" content=\"summary_large_image\" \/>\n<meta name=\"twitter:label1\" content=\"Ber\u00e4knad l\u00e4stid\" \/>\n\t<meta name=\"twitter:data1\" content=\"1 minut\" \/>\n<script type=\"application\/ld+json\" class=\"yoast-schema-graph\">{\"@context\":\"https:\/\/schema.org\",\"@graph\":[{\"@type\":\"WebPage\",\"@id\":\"https:\/\/nordicpadel.com\/sv\/product\/rs-pro-edition-simon-vasquez\/\",\"url\":\"https:\/\/nordicpadel.com\/sv\/product\/rs-pro-edition-simon-vasquez\/\",\"name\":\"RS Pro Edition Simon Vasquez - Nordic Padel\",\"isPartOf\":{\"@id\":\"https:\/\/nordicpadel.com\/sv\/#website\"},\"primaryImageOfPage\":{\"@id\":\"https:\/\/nordicpadel.com\/sv\/product\/rs-pro-edition-simon-vasquez\/#primaryimage\"},\"image\":{\"@id\":\"https:\/\/nordicpadel.com\/sv\/product\/rs-pro-edition-simon-vasquez\/#primaryimage\"},\"thumbnailUrl\":\"https:\/\/nordicpadel.com\/sv\/wp-content\/uploads\/sites\/10\/2025\/11\/ddbdd1ed2109be207b82fbcd88c4f117.png\",\"datePublished\":\"2025-11-26T16:17:43+00:00\",\"dateModified\":\"2025-11-27T15:49:55+00:00\",\"breadcrumb\":{\"@id\":\"https:\/\/nordicpadel.com\/sv\/product\/rs-pro-edition-simon-vasquez\/#breadcrumb\"},\"inLanguage\":\"sv-SE\",\"potentialAction\":[{\"@type\":\"ReadAction\",\"target\":[\"https:\/\/nordicpadel.com\/sv\/product\/rs-pro-edition-simon-vasquez\/\"]}]},{\"@type\":\"ImageObject\",\"inLanguage\":\"sv-SE\",\"@id\":\"https:\/\/nordicpadel.com\/sv\/product\/rs-pro-edition-simon-vasquez\/#primaryimage\",\"url\":\"https:\/\/nordicpadel.com\/sv\/wp-content\/uploads\/sites\/10\/2025\/11\/ddbdd1ed2109be207b82fbcd88c4f117.png\",\"contentUrl\":\"https:\/\/nordicpadel.com\/sv\/wp-content\/uploads\/sites\/10\/2025\/11\/ddbdd1ed2109be207b82fbcd88c4f117.png\",\"width\":800,\"height\":800,\"caption\":\"RS Pro Edition Simon Vasquez\"},{\"@type\":\"BreadcrumbList\",\"@id\":\"https:\/\/nordicpadel.com\/sv\/product\/rs-pro-edition-simon-vasquez\/#breadcrumb\",\"itemListElement\":[{\"@type\":\"ListItem\",\"position\":1,\"name\":\"Hem\",\"item\":\"https:\/\/nordicpadel.com\/sv\/\"},{\"@type\":\"ListItem\",\"position\":2,\"name\":\"Shop\",\"item\":\"https:\/\/nordicpadel.com\/sv\/shop\/\"},{\"@type\":\"ListItem\",\"position\":3,\"name\":\"RS Pro Edition Simon Vasquez\"}]},{\"@type\":\"WebSite\",\"@id\":\"https:\/\/nordicpadel.com\/sv\/#website\",\"url\":\"https:\/\/nordicpadel.com\/sv\/\",\"name\":\"Nordic Padel\",\"description\":\"\",\"publisher\":{\"@id\":\"https:\/\/nordicpadel.com\/sv\/#organization\"},\"potentialAction\":[{\"@type\":\"SearchAction\",\"target\":{\"@type\":\"EntryPoint\",\"urlTemplate\":\"https:\/\/nordicpadel.com\/sv\/?s={search_term_string}\"},\"query-input\":\"required name=search_term_string\"}],\"inLanguage\":\"sv-SE\"},{\"@type\":\"Organization\",\"@id\":\"https:\/\/nordicpadel.com\/sv\/#organization\",\"name\":\"Nordic Padel\",\"url\":\"https:\/\/nordicpadel.com\/sv\/\",\"logo\":{\"@type\":\"ImageObject\",\"inLanguage\":\"sv-SE\",\"@id\":\"https:\/\/nordicpadel.com\/sv\/#\/schema\/logo\/image\/\",\"url\":\"https:\/\/nordicpadel.com\/sv\/wp-content\/uploads\/sites\/10\/2022\/12\/Nordic-Padel-small_1-1.png\",\"contentUrl\":\"https:\/\/nordicpadel.com\/sv\/wp-content\/uploads\/sites\/10\/2022\/12\/Nordic-Padel-small_1-1.png\",\"width\":400,\"height\":119,\"caption\":\"Nordic Padel\"},\"image\":{\"@id\":\"https:\/\/nordicpadel.com\/sv\/#\/schema\/logo\/image\/\"}}]}<\/script>\n<!-- \/ Yoast SEO plugin. -->","yoast_head_json":{"title":"RS Pro Edition Simon Vasquez - Nordic Padel","robots":{"index":"index","follow":"follow","max-snippet":"max-snippet:-1","max-image-preview":"max-image-preview:large","max-video-preview":"max-video-preview:-1"},"canonical":"https:\/\/nordicpadel.com\/sv\/product\/rs-pro-edition-simon-vasquez\/","og_locale":"sv_SE","og_type":"article","og_title":"RS Pro Edition Simon Vasquez - Nordic Padel","og_description":"RS Pro Edition Simon Vasquez \u00e4r ett padelracket med en mix av dropp- och diamantform och som har en medelh\u00f6g balans. Denna kombination g\u00f6r det till ett aningen fartorienterat padelracket med bra access till fart och kraft men utan att du tappar f\u00f6r mycket k\u00e4nsla och kontroll i det lugna spelet.Ramen \u00e4r tillverkad av kolfiber [&hellip;]","og_url":"https:\/\/nordicpadel.com\/sv\/product\/rs-pro-edition-simon-vasquez\/","og_site_name":"Nordic Padel","article_modified_time":"2025-11-27T15:49:55+00:00","og_image":[{"width":800,"height":800,"url":"https:\/\/nordicpadel.com\/sv\/wp-content\/uploads\/sites\/10\/2025\/11\/ddbdd1ed2109be207b82fbcd88c4f117.png","type":"image\/png"}],"twitter_card":"summary_large_image","twitter_misc":{"Ber\u00e4knad l\u00e4stid":"1 minut"},"schema":{"@context":"https:\/\/schema.org","@graph":[{"@type":"WebPage","@id":"https:\/\/nordicpadel.com\/sv\/product\/rs-pro-edition-simon-vasquez\/","url":"https:\/\/nordicpadel.com\/sv\/product\/rs-pro-edition-simon-vasquez\/","name":"RS Pro Edition Simon Vasquez - Nordic Padel","isPartOf":{"@id":"https:\/\/nordicpadel.com\/sv\/#website"},"primaryImageOfPage":{"@id":"https:\/\/nordicpadel.com\/sv\/product\/rs-pro-edition-simon-vasquez\/#primaryimage"},"image":{"@id":"https:\/\/nordicpadel.com\/sv\/product\/rs-pro-edition-simon-vasquez\/#primaryimage"},"thumbnailUrl":"https:\/\/nordicpadel.com\/sv\/wp-content\/uploads\/sites\/10\/2025\/11\/ddbdd1ed2109be207b82fbcd88c4f117.png","datePublished":"2025-11-26T16:17:43+00:00","dateModified":"2025-11-27T15:49:55+00:00","breadcrumb":{"@id":"https:\/\/nordicpadel.com\/sv\/product\/rs-pro-edition-simon-vasquez\/#breadcrumb"},"inLanguage":"sv-SE","potentialAction":[{"@type":"ReadAction","target":["https:\/\/nordicpadel.com\/sv\/product\/rs-pro-edition-simon-vasquez\/"]}]},{"@type":"ImageObject","inLanguage":"sv-SE","@id":"https:\/\/nordicpadel.com\/sv\/product\/rs-pro-edition-simon-vasquez\/#primaryimage","url":"https:\/\/nordicpadel.com\/sv\/wp-content\/uploads\/sites\/10\/2025\/11\/ddbdd1ed2109be207b82fbcd88c4f117.png","contentUrl":"https:\/\/nordicpadel.com\/sv\/wp-content\/uploads\/sites\/10\/2025\/11\/ddbdd1ed2109be207b82fbcd88c4f117.png","width":800,"height":800,"caption":"RS Pro Edition Simon Vasquez"},{"@type":"BreadcrumbList","@id":"https:\/\/nordicpadel.com\/sv\/product\/rs-pro-edition-simon-vasquez\/#breadcrumb","itemListElement":[{"@type":"ListItem","position":1,"name":"Hem","item":"https:\/\/nordicpadel.com\/sv\/"},{"@type":"ListItem","position":2,"name":"Shop","item":"https:\/\/nordicpadel.com\/sv\/shop\/"},{"@type":"ListItem","position":3,"name":"RS Pro Edition Simon Vasquez"}]},{"@type":"WebSite","@id":"https:\/\/nordicpadel.com\/sv\/#website","url":"https:\/\/nordicpadel.com\/sv\/","name":"Nordic Padel","description":"","publisher":{"@id":"https:\/\/nordicpadel.com\/sv\/#organization"},"potentialAction":[{"@type":"SearchAction","target":{"@type":"EntryPoint","urlTemplate":"https:\/\/nordicpadel.com\/sv\/?s={search_term_string}"},"query-input":"required name=search_term_string"}],"inLanguage":"sv-SE"},{"@type":"Organization","@id":"https:\/\/nordicpadel.com\/sv\/#organization","name":"Nordic Padel","url":"https:\/\/nordicpadel.com\/sv\/","logo":{"@type":"ImageObject","inLanguage":"sv-SE","@id":"https:\/\/nordicpadel.com\/sv\/#\/schema\/logo\/image\/","url":"https:\/\/nordicpadel.com\/sv\/wp-content\/uploads\/sites\/10\/2022\/12\/Nordic-Padel-small_1-1.png","contentUrl":"https:\/\/nordicpadel.com\/sv\/wp-content\/uploads\/sites\/10\/2022\/12\/Nordic-Padel-small_1-1.png","width":400,"height":119,"caption":"Nordic Padel"},"image":{"@id":"https:\/\/nordicpadel.com\/sv\/#\/schema\/logo\/image\/"}}]}},"brands":[],"_links":{"self":[{"href":"https:\/\/nordicpadel.com\/sv\/wp-json\/wp\/v2\/product\/87621","targetHints":{"allow":["GET"]}}],"collection":[{"href":"https:\/\/nordicpadel.com\/sv\/wp-json\/wp\/v2\/product"}],"about":[{"href":"https:\/\/nordicpadel.com\/sv\/wp-json\/wp\/v2\/types\/product"}],"replies":[{"embeddable":true,"href":"https:\/\/nordicpadel.com\/sv\/wp-json\/wp\/v2\/comments?post=87621"}],"wp:featuredmedia":[{"embeddable":true,"href":"https:\/\/nordicpadel.com\/sv\/wp-json\/wp\/v2\/media\/87619"}],"wp:attachment":[{"href":"https:\/\/nordicpadel.com\/sv\/wp-json\/wp\/v2\/media?parent=87621"}],"wp:term":[{"taxonomy":"pwb-brand","embeddable":true,"href":"https:\/\/nordicpadel.com\/sv\/wp-json\/wp\/v2\/pwb-brand?post=87621"},{"taxonomy":"product_cat","embeddable":true,"href":"https:\/\/nordicpadel.com\/sv\/wp-json\/wp\/v2\/product_cat?post=87621"},{"taxonomy":"product_tag","embeddable":true,"href":"https:\/\/nordicpadel.com\/sv\/wp-json\/wp\/v2\/product_tag?post=87621"},{"taxonomy":"woo-feed-brand","embeddable":true,"href":"https:\/\/nordicpadel.com\/sv\/wp-json\/wp\/v2\/woo-feed-brand?post=87621"}],"curies":[{"name":"wp","href":"https:\/\/api.w.org\/{rel}","templated":true}]}}