{"id":87613,"date":"2025-11-26T17:17:34","date_gmt":"2025-11-26T16:17:34","guid":{"rendered":"https:\/\/nordicpadel.com\/sv\/product\/nox-x-one-evo\/"},"modified":"2025-11-27T00:50:47","modified_gmt":"2025-11-26T23:50:47","slug":"nox-x-one-evo","status":"publish","type":"product","link":"https:\/\/nordicpadel.com\/sv\/product\/nox-x-one-evo\/","title":{"rendered":"NOX X-One Evo"},"content":{"rendered":"<p>Nox X-One Evo Black \u00e4r ett runt racket med l\u00e5g balans fr\u00e5n Nox. Ytan \u00e4r tillverkad i 3k kolfiber och i racket \u00e5terfinns en mjuk k\u00e4rna som g\u00f6r att racket blir v\u00e4ldigt komfortabelt och l\u00e4ttspelat.<\/p>\n<p>Ett otroligt gediget racket som \u00e4r perfekt f\u00f6r nyb\u00f6rjaren som vill ha ett lite mer ordentligt racket eller till den glada motion\u00e4ren.<\/p>\n","protected":false},"excerpt":{"rendered":"<p>Nox X-One Evo Black \u00e4r ett runt racket med l\u00e5g balans fr\u00e5n Nox. Ytan \u00e4r tillverkad i 3k kolfiber och i racket \u00e5terfinns en mjuk k\u00e4rna som g\u00f6r att racket blir v\u00e4ldigt komfortabelt och l\u00e4ttspelat. Ett otroligt gediget racket som \u00e4r perfekt f\u00f6r nyb\u00f6rjaren som vill ha ett lite mer ordentligt racket eller till den [&hellip;]<\/p>\n","protected":false},"featured_media":87611,"comment_status":"open","ping_status":"closed","template":"","meta":[],"pwb-brand":[],"product_cat":[460],"product_tag":[],"woo-feed-brand":[],"class_list":{"0":"post-87613","1":"product","2":"type-product","3":"status-publish","4":"has-post-thumbnail","6":"product_cat-nox","7":"pa_varumarke-nox","9":"first","10":"outofstock","11":"taxable","12":"shipping-taxable","13":"purchasable","14":"product-type-simple"},"bundled_by":[],"bundle_stock_status":"outofstock","bundle_stock_quantity":0,"bundle_virtual":false,"bundle_layout":"","bundle_add_to_cart_form_location":"","bundle_editable_in_cart":false,"bundle_sold_individually_context":"","bundle_item_grouping":"","bundle_min_size":"","bundle_max_size":"","bundled_items":[],"bundle_sell_ids":[],"acf":[],"yoast_head":"<!-- This site is optimized with the Yoast SEO plugin v23.1 - https:\/\/yoast.com\/wordpress\/plugins\/seo\/ -->\n<title>NOX X-One Evo - Nordic Padel<\/title>\n<meta name=\"robots\" content=\"index, follow, max-snippet:-1, max-image-preview:large, max-video-preview:-1\" \/>\n<link rel=\"canonical\" href=\"https:\/\/nordicpadel.com\/sv\/product\/nox-x-one-evo\/\" \/>\n<meta property=\"og:locale\" content=\"sv_SE\" \/>\n<meta property=\"og:type\" content=\"article\" \/>\n<meta property=\"og:title\" content=\"NOX X-One Evo - Nordic Padel\" \/>\n<meta property=\"og:description\" content=\"Nox X-One Evo Black \u00e4r ett runt racket med l\u00e5g balans fr\u00e5n Nox. Ytan \u00e4r tillverkad i 3k kolfiber och i racket \u00e5terfinns en mjuk k\u00e4rna som g\u00f6r att racket blir v\u00e4ldigt komfortabelt och l\u00e4ttspelat. Ett otroligt gediget racket som \u00e4r perfekt f\u00f6r nyb\u00f6rjaren som vill ha ett lite mer ordentligt racket eller till den [&hellip;]\" \/>\n<meta property=\"og:url\" content=\"https:\/\/nordicpadel.com\/sv\/product\/nox-x-one-evo\/\" \/>\n<meta property=\"og:site_name\" content=\"Nordic Padel\" \/>\n<meta property=\"article:modified_time\" content=\"2025-11-26T23:50:47+00:00\" \/>\n<meta name=\"twitter:card\" content=\"summary_large_image\" \/>\n<script type=\"application\/ld+json\" class=\"yoast-schema-graph\">{\"@context\":\"https:\/\/schema.org\",\"@graph\":[{\"@type\":\"WebPage\",\"@id\":\"https:\/\/nordicpadel.com\/sv\/product\/nox-x-one-evo\/\",\"url\":\"https:\/\/nordicpadel.com\/sv\/product\/nox-x-one-evo\/\",\"name\":\"NOX X-One Evo - Nordic Padel\",\"isPartOf\":{\"@id\":\"https:\/\/nordicpadel.com\/sv\/#website\"},\"primaryImageOfPage\":{\"@id\":\"https:\/\/nordicpadel.com\/sv\/product\/nox-x-one-evo\/#primaryimage\"},\"image\":{\"@id\":\"https:\/\/nordicpadel.com\/sv\/product\/nox-x-one-evo\/#primaryimage\"},\"thumbnailUrl\":\"https:\/\/nordicpadel.com\/sv\/wp-content\/uploads\/sites\/10\/2025\/11\/78a04cefeae9f40a3978a2473b19f469.png\",\"datePublished\":\"2025-11-26T16:17:34+00:00\",\"dateModified\":\"2025-11-26T23:50:47+00:00\",\"breadcrumb\":{\"@id\":\"https:\/\/nordicpadel.com\/sv\/product\/nox-x-one-evo\/#breadcrumb\"},\"inLanguage\":\"sv-SE\",\"potentialAction\":[{\"@type\":\"ReadAction\",\"target\":[\"https:\/\/nordicpadel.com\/sv\/product\/nox-x-one-evo\/\"]}]},{\"@type\":\"ImageObject\",\"inLanguage\":\"sv-SE\",\"@id\":\"https:\/\/nordicpadel.com\/sv\/product\/nox-x-one-evo\/#primaryimage\",\"url\":\"https:\/\/nordicpadel.com\/sv\/wp-content\/uploads\/sites\/10\/2025\/11\/78a04cefeae9f40a3978a2473b19f469.png\",\"contentUrl\":\"https:\/\/nordicpadel.com\/sv\/wp-content\/uploads\/sites\/10\/2025\/11\/78a04cefeae9f40a3978a2473b19f469.png\",\"width\":800,\"height\":800,\"caption\":\"NOX X-One Evo\"},{\"@type\":\"BreadcrumbList\",\"@id\":\"https:\/\/nordicpadel.com\/sv\/product\/nox-x-one-evo\/#breadcrumb\",\"itemListElement\":[{\"@type\":\"ListItem\",\"position\":1,\"name\":\"Hem\",\"item\":\"https:\/\/nordicpadel.com\/sv\/\"},{\"@type\":\"ListItem\",\"position\":2,\"name\":\"Shop\",\"item\":\"https:\/\/nordicpadel.com\/sv\/shop\/\"},{\"@type\":\"ListItem\",\"position\":3,\"name\":\"NOX X-One Evo\"}]},{\"@type\":\"WebSite\",\"@id\":\"https:\/\/nordicpadel.com\/sv\/#website\",\"url\":\"https:\/\/nordicpadel.com\/sv\/\",\"name\":\"Nordic Padel\",\"description\":\"\",\"publisher\":{\"@id\":\"https:\/\/nordicpadel.com\/sv\/#organization\"},\"potentialAction\":[{\"@type\":\"SearchAction\",\"target\":{\"@type\":\"EntryPoint\",\"urlTemplate\":\"https:\/\/nordicpadel.com\/sv\/?s={search_term_string}\"},\"query-input\":\"required name=search_term_string\"}],\"inLanguage\":\"sv-SE\"},{\"@type\":\"Organization\",\"@id\":\"https:\/\/nordicpadel.com\/sv\/#organization\",\"name\":\"Nordic Padel\",\"url\":\"https:\/\/nordicpadel.com\/sv\/\",\"logo\":{\"@type\":\"ImageObject\",\"inLanguage\":\"sv-SE\",\"@id\":\"https:\/\/nordicpadel.com\/sv\/#\/schema\/logo\/image\/\",\"url\":\"https:\/\/nordicpadel.com\/sv\/wp-content\/uploads\/sites\/10\/2022\/12\/Nordic-Padel-small_1-1.png\",\"contentUrl\":\"https:\/\/nordicpadel.com\/sv\/wp-content\/uploads\/sites\/10\/2022\/12\/Nordic-Padel-small_1-1.png\",\"width\":400,\"height\":119,\"caption\":\"Nordic Padel\"},\"image\":{\"@id\":\"https:\/\/nordicpadel.com\/sv\/#\/schema\/logo\/image\/\"}}]}<\/script>\n<!-- \/ Yoast SEO plugin. -->","yoast_head_json":{"title":"NOX X-One Evo - Nordic Padel","robots":{"index":"index","follow":"follow","max-snippet":"max-snippet:-1","max-image-preview":"max-image-preview:large","max-video-preview":"max-video-preview:-1"},"canonical":"https:\/\/nordicpadel.com\/sv\/product\/nox-x-one-evo\/","og_locale":"sv_SE","og_type":"article","og_title":"NOX X-One Evo - Nordic Padel","og_description":"Nox X-One Evo Black \u00e4r ett runt racket med l\u00e5g balans fr\u00e5n Nox. Ytan \u00e4r tillverkad i 3k kolfiber och i racket \u00e5terfinns en mjuk k\u00e4rna som g\u00f6r att racket blir v\u00e4ldigt komfortabelt och l\u00e4ttspelat. Ett otroligt gediget racket som \u00e4r perfekt f\u00f6r nyb\u00f6rjaren som vill ha ett lite mer ordentligt racket eller till den [&hellip;]","og_url":"https:\/\/nordicpadel.com\/sv\/product\/nox-x-one-evo\/","og_site_name":"Nordic Padel","article_modified_time":"2025-11-26T23:50:47+00:00","twitter_card":"summary_large_image","schema":{"@context":"https:\/\/schema.org","@graph":[{"@type":"WebPage","@id":"https:\/\/nordicpadel.com\/sv\/product\/nox-x-one-evo\/","url":"https:\/\/nordicpadel.com\/sv\/product\/nox-x-one-evo\/","name":"NOX X-One Evo - Nordic Padel","isPartOf":{"@id":"https:\/\/nordicpadel.com\/sv\/#website"},"primaryImageOfPage":{"@id":"https:\/\/nordicpadel.com\/sv\/product\/nox-x-one-evo\/#primaryimage"},"image":{"@id":"https:\/\/nordicpadel.com\/sv\/product\/nox-x-one-evo\/#primaryimage"},"thumbnailUrl":"https:\/\/nordicpadel.com\/sv\/wp-content\/uploads\/sites\/10\/2025\/11\/78a04cefeae9f40a3978a2473b19f469.png","datePublished":"2025-11-26T16:17:34+00:00","dateModified":"2025-11-26T23:50:47+00:00","breadcrumb":{"@id":"https:\/\/nordicpadel.com\/sv\/product\/nox-x-one-evo\/#breadcrumb"},"inLanguage":"sv-SE","potentialAction":[{"@type":"ReadAction","target":["https:\/\/nordicpadel.com\/sv\/product\/nox-x-one-evo\/"]}]},{"@type":"ImageObject","inLanguage":"sv-SE","@id":"https:\/\/nordicpadel.com\/sv\/product\/nox-x-one-evo\/#primaryimage","url":"https:\/\/nordicpadel.com\/sv\/wp-content\/uploads\/sites\/10\/2025\/11\/78a04cefeae9f40a3978a2473b19f469.png","contentUrl":"https:\/\/nordicpadel.com\/sv\/wp-content\/uploads\/sites\/10\/2025\/11\/78a04cefeae9f40a3978a2473b19f469.png","width":800,"height":800,"caption":"NOX X-One Evo"},{"@type":"BreadcrumbList","@id":"https:\/\/nordicpadel.com\/sv\/product\/nox-x-one-evo\/#breadcrumb","itemListElement":[{"@type":"ListItem","position":1,"name":"Hem","item":"https:\/\/nordicpadel.com\/sv\/"},{"@type":"ListItem","position":2,"name":"Shop","item":"https:\/\/nordicpadel.com\/sv\/shop\/"},{"@type":"ListItem","position":3,"name":"NOX X-One Evo"}]},{"@type":"WebSite","@id":"https:\/\/nordicpadel.com\/sv\/#website","url":"https:\/\/nordicpadel.com\/sv\/","name":"Nordic Padel","description":"","publisher":{"@id":"https:\/\/nordicpadel.com\/sv\/#organization"},"potentialAction":[{"@type":"SearchAction","target":{"@type":"EntryPoint","urlTemplate":"https:\/\/nordicpadel.com\/sv\/?s={search_term_string}"},"query-input":"required name=search_term_string"}],"inLanguage":"sv-SE"},{"@type":"Organization","@id":"https:\/\/nordicpadel.com\/sv\/#organization","name":"Nordic Padel","url":"https:\/\/nordicpadel.com\/sv\/","logo":{"@type":"ImageObject","inLanguage":"sv-SE","@id":"https:\/\/nordicpadel.com\/sv\/#\/schema\/logo\/image\/","url":"https:\/\/nordicpadel.com\/sv\/wp-content\/uploads\/sites\/10\/2022\/12\/Nordic-Padel-small_1-1.png","contentUrl":"https:\/\/nordicpadel.com\/sv\/wp-content\/uploads\/sites\/10\/2022\/12\/Nordic-Padel-small_1-1.png","width":400,"height":119,"caption":"Nordic Padel"},"image":{"@id":"https:\/\/nordicpadel.com\/sv\/#\/schema\/logo\/image\/"}}]}},"brands":[],"_links":{"self":[{"href":"https:\/\/nordicpadel.com\/sv\/wp-json\/wp\/v2\/product\/87613","targetHints":{"allow":["GET"]}}],"collection":[{"href":"https:\/\/nordicpadel.com\/sv\/wp-json\/wp\/v2\/product"}],"about":[{"href":"https:\/\/nordicpadel.com\/sv\/wp-json\/wp\/v2\/types\/product"}],"replies":[{"embeddable":true,"href":"https:\/\/nordicpadel.com\/sv\/wp-json\/wp\/v2\/comments?post=87613"}],"wp:featuredmedia":[{"embeddable":true,"href":"https:\/\/nordicpadel.com\/sv\/wp-json\/wp\/v2\/media\/87611"}],"wp:attachment":[{"href":"https:\/\/nordicpadel.com\/sv\/wp-json\/wp\/v2\/media?parent=87613"}],"wp:term":[{"taxonomy":"pwb-brand","embeddable":true,"href":"https:\/\/nordicpadel.com\/sv\/wp-json\/wp\/v2\/pwb-brand?post=87613"},{"taxonomy":"product_cat","embeddable":true,"href":"https:\/\/nordicpadel.com\/sv\/wp-json\/wp\/v2\/product_cat?post=87613"},{"taxonomy":"product_tag","embeddable":true,"href":"https:\/\/nordicpadel.com\/sv\/wp-json\/wp\/v2\/product_tag?post=87613"},{"taxonomy":"woo-feed-brand","embeddable":true,"href":"https:\/\/nordicpadel.com\/sv\/wp-json\/wp\/v2\/woo-feed-brand?post=87613"}],"curies":[{"name":"wp","href":"https:\/\/api.w.org\/{rel}","templated":true}]}}