{"id":87590,"date":"2025-11-26T17:16:58","date_gmt":"2025-11-26T16:16:58","guid":{"rendered":"https:\/\/nordicpadel.com\/sv\/product\/wilson-team-padel-bag-3\/"},"modified":"2025-11-27T16:53:34","modified_gmt":"2025-11-27T15:53:34","slug":"wilson-team-padel-bag-3","status":"publish","type":"product","link":"https:\/\/nordicpadel.com\/sv\/product\/wilson-team-padel-bag-3\/","title":{"rendered":"Wilson Team Padel Bag"},"content":{"rendered":"<p>K\u00f6p en svart <a href=\"https:\/\/nordicpadel.com\/sv\/product-category\/padelvaska\/\">padelv\u00e4ska<\/a> med l\u00e5g vikt och smart f\u00f6rvaring. V\u00e4skan \u00e4r b\u00e5de snygg att se p\u00e5 och praktisk att anv\u00e4nda till och fr\u00e5n din padeltr\u00e4ning\/padelmatch. Tv\u00e5 stora fack d\u00e4r du kan f\u00f6rvara paderacketar, padelskor och ombyte. Dessutom finns det ett mindre accessoarfack f\u00f6r dina v\u00e4rdesaker. Dubbla vadderade axelremmar g\u00f6r att du bekv\u00e4mt kan b\u00e4ra v\u00e4skan som en ryggs\u00e4ck om s\u00e5 \u00f6nskas. F\u00e4rg: Svart M\u00e5tt: 30 x 60 x 35 cm<\/p>\n","protected":false},"excerpt":{"rendered":"<p>K\u00f6p en svart padelv\u00e4ska med l\u00e5g vikt och smart f\u00f6rvaring. V\u00e4skan \u00e4r b\u00e5de snygg att se p\u00e5 och praktisk att anv\u00e4nda till och fr\u00e5n din padeltr\u00e4ning\/padelmatch. Tv\u00e5 stora fack d\u00e4r du kan f\u00f6rvara paderacketar, padelskor och ombyte. Dessutom finns det ett mindre accessoarfack f\u00f6r dina v\u00e4rdesaker. Dubbla vadderade axelremmar g\u00f6r att du bekv\u00e4mt kan b\u00e4ra [&hellip;]<\/p>\n","protected":false},"featured_media":87588,"comment_status":"open","ping_status":"closed","template":"","meta":[],"pwb-brand":[],"product_cat":[30],"product_tag":[],"woo-feed-brand":[],"class_list":{"0":"post-87590","1":"product","2":"type-product","3":"status-publish","4":"has-post-thumbnail","6":"product_cat-padelvaska","7":"pa_varumarke-wilson","9":"first","10":"outofstock","11":"sale","12":"taxable","13":"shipping-taxable","14":"purchasable","15":"product-type-simple"},"bundled_by":[],"bundle_stock_status":"outofstock","bundle_stock_quantity":0,"bundle_virtual":false,"bundle_layout":"","bundle_add_to_cart_form_location":"","bundle_editable_in_cart":false,"bundle_sold_individually_context":"","bundle_item_grouping":"","bundle_min_size":"","bundle_max_size":"","bundled_items":[],"bundle_sell_ids":[],"acf":[],"yoast_head":"<!-- This site is optimized with the Yoast SEO plugin v23.1 - https:\/\/yoast.com\/wordpress\/plugins\/seo\/ -->\n<title>Wilson Team Padel Bag - Nordic Padel<\/title>\n<meta name=\"robots\" content=\"index, follow, max-snippet:-1, max-image-preview:large, max-video-preview:-1\" \/>\n<link rel=\"canonical\" href=\"https:\/\/nordicpadel.com\/sv\/product\/wilson-team-padel-bag-3\/\" \/>\n<meta property=\"og:locale\" content=\"sv_SE\" \/>\n<meta property=\"og:type\" content=\"article\" \/>\n<meta property=\"og:title\" content=\"Wilson Team Padel Bag - Nordic Padel\" \/>\n<meta property=\"og:description\" content=\"K\u00f6p en svart padelv\u00e4ska med l\u00e5g vikt och smart f\u00f6rvaring. V\u00e4skan \u00e4r b\u00e5de snygg att se p\u00e5 och praktisk att anv\u00e4nda till och fr\u00e5n din padeltr\u00e4ning\/padelmatch. Tv\u00e5 stora fack d\u00e4r du kan f\u00f6rvara paderacketar, padelskor och ombyte. Dessutom finns det ett mindre accessoarfack f\u00f6r dina v\u00e4rdesaker. Dubbla vadderade axelremmar g\u00f6r att du bekv\u00e4mt kan b\u00e4ra [&hellip;]\" \/>\n<meta property=\"og:url\" content=\"https:\/\/nordicpadel.com\/sv\/product\/wilson-team-padel-bag-3\/\" \/>\n<meta property=\"og:site_name\" content=\"Nordic Padel\" \/>\n<meta property=\"article:modified_time\" content=\"2025-11-27T15:53:34+00:00\" \/>\n<meta property=\"og:image\" content=\"https:\/\/nordicpadel.com\/sv\/wp-content\/uploads\/sites\/10\/2025\/11\/8096232b93360d3178c945fb7ccd655b.png\" \/>\n\t<meta property=\"og:image:width\" content=\"800\" \/>\n\t<meta property=\"og:image:height\" content=\"800\" \/>\n\t<meta property=\"og:image:type\" content=\"image\/png\" \/>\n<meta name=\"twitter:card\" content=\"summary_large_image\" \/>\n<script type=\"application\/ld+json\" class=\"yoast-schema-graph\">{\"@context\":\"https:\/\/schema.org\",\"@graph\":[{\"@type\":\"WebPage\",\"@id\":\"https:\/\/nordicpadel.com\/sv\/product\/wilson-team-padel-bag-3\/\",\"url\":\"https:\/\/nordicpadel.com\/sv\/product\/wilson-team-padel-bag-3\/\",\"name\":\"Wilson Team Padel Bag - Nordic Padel\",\"isPartOf\":{\"@id\":\"https:\/\/nordicpadel.com\/sv\/#website\"},\"primaryImageOfPage\":{\"@id\":\"https:\/\/nordicpadel.com\/sv\/product\/wilson-team-padel-bag-3\/#primaryimage\"},\"image\":{\"@id\":\"https:\/\/nordicpadel.com\/sv\/product\/wilson-team-padel-bag-3\/#primaryimage\"},\"thumbnailUrl\":\"https:\/\/nordicpadel.com\/sv\/wp-content\/uploads\/sites\/10\/2025\/11\/8096232b93360d3178c945fb7ccd655b.png\",\"datePublished\":\"2025-11-26T16:16:58+00:00\",\"dateModified\":\"2025-11-27T15:53:34+00:00\",\"breadcrumb\":{\"@id\":\"https:\/\/nordicpadel.com\/sv\/product\/wilson-team-padel-bag-3\/#breadcrumb\"},\"inLanguage\":\"sv-SE\",\"potentialAction\":[{\"@type\":\"ReadAction\",\"target\":[\"https:\/\/nordicpadel.com\/sv\/product\/wilson-team-padel-bag-3\/\"]}]},{\"@type\":\"ImageObject\",\"inLanguage\":\"sv-SE\",\"@id\":\"https:\/\/nordicpadel.com\/sv\/product\/wilson-team-padel-bag-3\/#primaryimage\",\"url\":\"https:\/\/nordicpadel.com\/sv\/wp-content\/uploads\/sites\/10\/2025\/11\/8096232b93360d3178c945fb7ccd655b.png\",\"contentUrl\":\"https:\/\/nordicpadel.com\/sv\/wp-content\/uploads\/sites\/10\/2025\/11\/8096232b93360d3178c945fb7ccd655b.png\",\"width\":800,\"height\":800,\"caption\":\"Wilson Team Padel Bag\"},{\"@type\":\"BreadcrumbList\",\"@id\":\"https:\/\/nordicpadel.com\/sv\/product\/wilson-team-padel-bag-3\/#breadcrumb\",\"itemListElement\":[{\"@type\":\"ListItem\",\"position\":1,\"name\":\"Hem\",\"item\":\"https:\/\/nordicpadel.com\/sv\/\"},{\"@type\":\"ListItem\",\"position\":2,\"name\":\"Shop\",\"item\":\"https:\/\/nordicpadel.com\/sv\/shop\/\"},{\"@type\":\"ListItem\",\"position\":3,\"name\":\"Wilson Team Padel Bag\"}]},{\"@type\":\"WebSite\",\"@id\":\"https:\/\/nordicpadel.com\/sv\/#website\",\"url\":\"https:\/\/nordicpadel.com\/sv\/\",\"name\":\"Nordic Padel\",\"description\":\"\",\"publisher\":{\"@id\":\"https:\/\/nordicpadel.com\/sv\/#organization\"},\"potentialAction\":[{\"@type\":\"SearchAction\",\"target\":{\"@type\":\"EntryPoint\",\"urlTemplate\":\"https:\/\/nordicpadel.com\/sv\/?s={search_term_string}\"},\"query-input\":\"required name=search_term_string\"}],\"inLanguage\":\"sv-SE\"},{\"@type\":\"Organization\",\"@id\":\"https:\/\/nordicpadel.com\/sv\/#organization\",\"name\":\"Nordic Padel\",\"url\":\"https:\/\/nordicpadel.com\/sv\/\",\"logo\":{\"@type\":\"ImageObject\",\"inLanguage\":\"sv-SE\",\"@id\":\"https:\/\/nordicpadel.com\/sv\/#\/schema\/logo\/image\/\",\"url\":\"https:\/\/nordicpadel.com\/sv\/wp-content\/uploads\/sites\/10\/2022\/12\/Nordic-Padel-small_1-1.png\",\"contentUrl\":\"https:\/\/nordicpadel.com\/sv\/wp-content\/uploads\/sites\/10\/2022\/12\/Nordic-Padel-small_1-1.png\",\"width\":400,\"height\":119,\"caption\":\"Nordic Padel\"},\"image\":{\"@id\":\"https:\/\/nordicpadel.com\/sv\/#\/schema\/logo\/image\/\"}}]}<\/script>\n<!-- \/ Yoast SEO plugin. -->","yoast_head_json":{"title":"Wilson Team Padel Bag - Nordic Padel","robots":{"index":"index","follow":"follow","max-snippet":"max-snippet:-1","max-image-preview":"max-image-preview:large","max-video-preview":"max-video-preview:-1"},"canonical":"https:\/\/nordicpadel.com\/sv\/product\/wilson-team-padel-bag-3\/","og_locale":"sv_SE","og_type":"article","og_title":"Wilson Team Padel Bag - Nordic Padel","og_description":"K\u00f6p en svart padelv\u00e4ska med l\u00e5g vikt och smart f\u00f6rvaring. V\u00e4skan \u00e4r b\u00e5de snygg att se p\u00e5 och praktisk att anv\u00e4nda till och fr\u00e5n din padeltr\u00e4ning\/padelmatch. Tv\u00e5 stora fack d\u00e4r du kan f\u00f6rvara paderacketar, padelskor och ombyte. Dessutom finns det ett mindre accessoarfack f\u00f6r dina v\u00e4rdesaker. Dubbla vadderade axelremmar g\u00f6r att du bekv\u00e4mt kan b\u00e4ra [&hellip;]","og_url":"https:\/\/nordicpadel.com\/sv\/product\/wilson-team-padel-bag-3\/","og_site_name":"Nordic Padel","article_modified_time":"2025-11-27T15:53:34+00:00","og_image":[{"width":800,"height":800,"url":"https:\/\/nordicpadel.com\/sv\/wp-content\/uploads\/sites\/10\/2025\/11\/8096232b93360d3178c945fb7ccd655b.png","type":"image\/png"}],"twitter_card":"summary_large_image","schema":{"@context":"https:\/\/schema.org","@graph":[{"@type":"WebPage","@id":"https:\/\/nordicpadel.com\/sv\/product\/wilson-team-padel-bag-3\/","url":"https:\/\/nordicpadel.com\/sv\/product\/wilson-team-padel-bag-3\/","name":"Wilson Team Padel Bag - Nordic Padel","isPartOf":{"@id":"https:\/\/nordicpadel.com\/sv\/#website"},"primaryImageOfPage":{"@id":"https:\/\/nordicpadel.com\/sv\/product\/wilson-team-padel-bag-3\/#primaryimage"},"image":{"@id":"https:\/\/nordicpadel.com\/sv\/product\/wilson-team-padel-bag-3\/#primaryimage"},"thumbnailUrl":"https:\/\/nordicpadel.com\/sv\/wp-content\/uploads\/sites\/10\/2025\/11\/8096232b93360d3178c945fb7ccd655b.png","datePublished":"2025-11-26T16:16:58+00:00","dateModified":"2025-11-27T15:53:34+00:00","breadcrumb":{"@id":"https:\/\/nordicpadel.com\/sv\/product\/wilson-team-padel-bag-3\/#breadcrumb"},"inLanguage":"sv-SE","potentialAction":[{"@type":"ReadAction","target":["https:\/\/nordicpadel.com\/sv\/product\/wilson-team-padel-bag-3\/"]}]},{"@type":"ImageObject","inLanguage":"sv-SE","@id":"https:\/\/nordicpadel.com\/sv\/product\/wilson-team-padel-bag-3\/#primaryimage","url":"https:\/\/nordicpadel.com\/sv\/wp-content\/uploads\/sites\/10\/2025\/11\/8096232b93360d3178c945fb7ccd655b.png","contentUrl":"https:\/\/nordicpadel.com\/sv\/wp-content\/uploads\/sites\/10\/2025\/11\/8096232b93360d3178c945fb7ccd655b.png","width":800,"height":800,"caption":"Wilson Team Padel Bag"},{"@type":"BreadcrumbList","@id":"https:\/\/nordicpadel.com\/sv\/product\/wilson-team-padel-bag-3\/#breadcrumb","itemListElement":[{"@type":"ListItem","position":1,"name":"Hem","item":"https:\/\/nordicpadel.com\/sv\/"},{"@type":"ListItem","position":2,"name":"Shop","item":"https:\/\/nordicpadel.com\/sv\/shop\/"},{"@type":"ListItem","position":3,"name":"Wilson Team Padel Bag"}]},{"@type":"WebSite","@id":"https:\/\/nordicpadel.com\/sv\/#website","url":"https:\/\/nordicpadel.com\/sv\/","name":"Nordic Padel","description":"","publisher":{"@id":"https:\/\/nordicpadel.com\/sv\/#organization"},"potentialAction":[{"@type":"SearchAction","target":{"@type":"EntryPoint","urlTemplate":"https:\/\/nordicpadel.com\/sv\/?s={search_term_string}"},"query-input":"required name=search_term_string"}],"inLanguage":"sv-SE"},{"@type":"Organization","@id":"https:\/\/nordicpadel.com\/sv\/#organization","name":"Nordic Padel","url":"https:\/\/nordicpadel.com\/sv\/","logo":{"@type":"ImageObject","inLanguage":"sv-SE","@id":"https:\/\/nordicpadel.com\/sv\/#\/schema\/logo\/image\/","url":"https:\/\/nordicpadel.com\/sv\/wp-content\/uploads\/sites\/10\/2022\/12\/Nordic-Padel-small_1-1.png","contentUrl":"https:\/\/nordicpadel.com\/sv\/wp-content\/uploads\/sites\/10\/2022\/12\/Nordic-Padel-small_1-1.png","width":400,"height":119,"caption":"Nordic Padel"},"image":{"@id":"https:\/\/nordicpadel.com\/sv\/#\/schema\/logo\/image\/"}}]}},"brands":[],"_links":{"self":[{"href":"https:\/\/nordicpadel.com\/sv\/wp-json\/wp\/v2\/product\/87590","targetHints":{"allow":["GET"]}}],"collection":[{"href":"https:\/\/nordicpadel.com\/sv\/wp-json\/wp\/v2\/product"}],"about":[{"href":"https:\/\/nordicpadel.com\/sv\/wp-json\/wp\/v2\/types\/product"}],"replies":[{"embeddable":true,"href":"https:\/\/nordicpadel.com\/sv\/wp-json\/wp\/v2\/comments?post=87590"}],"wp:featuredmedia":[{"embeddable":true,"href":"https:\/\/nordicpadel.com\/sv\/wp-json\/wp\/v2\/media\/87588"}],"wp:attachment":[{"href":"https:\/\/nordicpadel.com\/sv\/wp-json\/wp\/v2\/media?parent=87590"}],"wp:term":[{"taxonomy":"pwb-brand","embeddable":true,"href":"https:\/\/nordicpadel.com\/sv\/wp-json\/wp\/v2\/pwb-brand?post=87590"},{"taxonomy":"product_cat","embeddable":true,"href":"https:\/\/nordicpadel.com\/sv\/wp-json\/wp\/v2\/product_cat?post=87590"},{"taxonomy":"product_tag","embeddable":true,"href":"https:\/\/nordicpadel.com\/sv\/wp-json\/wp\/v2\/product_tag?post=87590"},{"taxonomy":"woo-feed-brand","embeddable":true,"href":"https:\/\/nordicpadel.com\/sv\/wp-json\/wp\/v2\/woo-feed-brand?post=87590"}],"curies":[{"name":"wp","href":"https:\/\/api.w.org\/{rel}","templated":true}]}}