{"id":87586,"date":"2025-11-26T17:16:52","date_gmt":"2025-11-26T16:16:52","guid":{"rendered":"https:\/\/nordicpadel.com\/sv\/product\/babolat-contact\/"},"modified":"2025-11-27T14:47:40","modified_gmt":"2025-11-27T13:47:40","slug":"babolat-contact","status":"publish","type":"product","link":"https:\/\/nordicpadel.com\/sv\/product\/babolat-contact\/","title":{"rendered":"Babolat Contact"},"content":{"rendered":"<p>Prisv\u00e4rt och l\u00e4ttspelat <a href=\"https:\/\/nordicpadel.com\/sv\/product-category\/padelracket\/\">padelracket<\/a> med stor tr\u00e4ffyta och l\u00e5g vikt. Babolat Contact v\u00e4nder sig till dig som vill minimera antalet feltr\u00e4ffar, \u00f6nskar en mjuk k\u00e4rna som ger extra fart och minskar risken f\u00f6r skador. Glasfiberkonstruktionen ihop med den extra l\u00e5ga vikten hj\u00e4lper dig att f\u00e5 ett skonsam racket mot axlar och armb\u00e5gar.<\/p>\n","protected":false},"excerpt":{"rendered":"<p>Prisv\u00e4rt och l\u00e4ttspelat padelracket med stor tr\u00e4ffyta och l\u00e5g vikt. Babolat Contact v\u00e4nder sig till dig som vill minimera antalet feltr\u00e4ffar, \u00f6nskar en mjuk k\u00e4rna som ger extra fart och minskar risken f\u00f6r skador. Glasfiberkonstruktionen ihop med den extra l\u00e5ga vikten hj\u00e4lper dig att f\u00e5 ett skonsam racket mot axlar och armb\u00e5gar.<\/p>\n","protected":false},"featured_media":87585,"comment_status":"open","ping_status":"closed","template":"","meta":[],"pwb-brand":[],"product_cat":[16],"product_tag":[],"woo-feed-brand":[],"class_list":{"0":"post-87586","1":"product","2":"type-product","3":"status-publish","4":"has-post-thumbnail","6":"product_cat-padelracket","7":"pa_varumarke-babolat","9":"first","10":"outofstock","11":"sale","12":"taxable","13":"shipping-taxable","14":"purchasable","15":"product-type-simple"},"bundled_by":[],"bundle_stock_status":"outofstock","bundle_stock_quantity":0,"bundle_virtual":false,"bundle_layout":"","bundle_add_to_cart_form_location":"","bundle_editable_in_cart":false,"bundle_sold_individually_context":"","bundle_item_grouping":"","bundle_min_size":"","bundle_max_size":"","bundled_items":[],"bundle_sell_ids":[],"acf":[],"yoast_head":"<!-- This site is optimized with the Yoast SEO plugin v23.1 - https:\/\/yoast.com\/wordpress\/plugins\/seo\/ -->\n<title>Babolat Contact - Nordic Padel<\/title>\n<meta name=\"robots\" content=\"index, follow, max-snippet:-1, max-image-preview:large, max-video-preview:-1\" \/>\n<link rel=\"canonical\" href=\"https:\/\/nordicpadel.com\/sv\/product\/babolat-contact\/\" \/>\n<meta property=\"og:locale\" content=\"sv_SE\" \/>\n<meta property=\"og:type\" content=\"article\" \/>\n<meta property=\"og:title\" content=\"Babolat Contact - Nordic Padel\" \/>\n<meta property=\"og:description\" content=\"Prisv\u00e4rt och l\u00e4ttspelat padelracket med stor tr\u00e4ffyta och l\u00e5g vikt. Babolat Contact v\u00e4nder sig till dig som vill minimera antalet feltr\u00e4ffar, \u00f6nskar en mjuk k\u00e4rna som ger extra fart och minskar risken f\u00f6r skador. Glasfiberkonstruktionen ihop med den extra l\u00e5ga vikten hj\u00e4lper dig att f\u00e5 ett skonsam racket mot axlar och armb\u00e5gar.\" \/>\n<meta property=\"og:url\" content=\"https:\/\/nordicpadel.com\/sv\/product\/babolat-contact\/\" \/>\n<meta property=\"og:site_name\" content=\"Nordic Padel\" \/>\n<meta property=\"article:modified_time\" content=\"2025-11-27T13:47:40+00:00\" \/>\n<meta property=\"og:image\" content=\"https:\/\/nordicpadel.com\/sv\/wp-content\/uploads\/sites\/10\/2025\/11\/fd31a2226477207d14952c961f5f87ea.png\" \/>\n\t<meta property=\"og:image:width\" content=\"800\" \/>\n\t<meta property=\"og:image:height\" content=\"800\" \/>\n\t<meta property=\"og:image:type\" content=\"image\/png\" \/>\n<meta name=\"twitter:card\" content=\"summary_large_image\" \/>\n<script type=\"application\/ld+json\" class=\"yoast-schema-graph\">{\"@context\":\"https:\/\/schema.org\",\"@graph\":[{\"@type\":\"WebPage\",\"@id\":\"https:\/\/nordicpadel.com\/sv\/product\/babolat-contact\/\",\"url\":\"https:\/\/nordicpadel.com\/sv\/product\/babolat-contact\/\",\"name\":\"Babolat Contact - Nordic Padel\",\"isPartOf\":{\"@id\":\"https:\/\/nordicpadel.com\/sv\/#website\"},\"primaryImageOfPage\":{\"@id\":\"https:\/\/nordicpadel.com\/sv\/product\/babolat-contact\/#primaryimage\"},\"image\":{\"@id\":\"https:\/\/nordicpadel.com\/sv\/product\/babolat-contact\/#primaryimage\"},\"thumbnailUrl\":\"https:\/\/nordicpadel.com\/sv\/wp-content\/uploads\/sites\/10\/2025\/11\/fd31a2226477207d14952c961f5f87ea.png\",\"datePublished\":\"2025-11-26T16:16:52+00:00\",\"dateModified\":\"2025-11-27T13:47:40+00:00\",\"breadcrumb\":{\"@id\":\"https:\/\/nordicpadel.com\/sv\/product\/babolat-contact\/#breadcrumb\"},\"inLanguage\":\"sv-SE\",\"potentialAction\":[{\"@type\":\"ReadAction\",\"target\":[\"https:\/\/nordicpadel.com\/sv\/product\/babolat-contact\/\"]}]},{\"@type\":\"ImageObject\",\"inLanguage\":\"sv-SE\",\"@id\":\"https:\/\/nordicpadel.com\/sv\/product\/babolat-contact\/#primaryimage\",\"url\":\"https:\/\/nordicpadel.com\/sv\/wp-content\/uploads\/sites\/10\/2025\/11\/fd31a2226477207d14952c961f5f87ea.png\",\"contentUrl\":\"https:\/\/nordicpadel.com\/sv\/wp-content\/uploads\/sites\/10\/2025\/11\/fd31a2226477207d14952c961f5f87ea.png\",\"width\":800,\"height\":800,\"caption\":\"Babolat Contact\"},{\"@type\":\"BreadcrumbList\",\"@id\":\"https:\/\/nordicpadel.com\/sv\/product\/babolat-contact\/#breadcrumb\",\"itemListElement\":[{\"@type\":\"ListItem\",\"position\":1,\"name\":\"Hem\",\"item\":\"https:\/\/nordicpadel.com\/sv\/\"},{\"@type\":\"ListItem\",\"position\":2,\"name\":\"Shop\",\"item\":\"https:\/\/nordicpadel.com\/sv\/shop\/\"},{\"@type\":\"ListItem\",\"position\":3,\"name\":\"Babolat Contact\"}]},{\"@type\":\"WebSite\",\"@id\":\"https:\/\/nordicpadel.com\/sv\/#website\",\"url\":\"https:\/\/nordicpadel.com\/sv\/\",\"name\":\"Nordic Padel\",\"description\":\"\",\"publisher\":{\"@id\":\"https:\/\/nordicpadel.com\/sv\/#organization\"},\"potentialAction\":[{\"@type\":\"SearchAction\",\"target\":{\"@type\":\"EntryPoint\",\"urlTemplate\":\"https:\/\/nordicpadel.com\/sv\/?s={search_term_string}\"},\"query-input\":\"required name=search_term_string\"}],\"inLanguage\":\"sv-SE\"},{\"@type\":\"Organization\",\"@id\":\"https:\/\/nordicpadel.com\/sv\/#organization\",\"name\":\"Nordic Padel\",\"url\":\"https:\/\/nordicpadel.com\/sv\/\",\"logo\":{\"@type\":\"ImageObject\",\"inLanguage\":\"sv-SE\",\"@id\":\"https:\/\/nordicpadel.com\/sv\/#\/schema\/logo\/image\/\",\"url\":\"https:\/\/nordicpadel.com\/sv\/wp-content\/uploads\/sites\/10\/2022\/12\/Nordic-Padel-small_1-1.png\",\"contentUrl\":\"https:\/\/nordicpadel.com\/sv\/wp-content\/uploads\/sites\/10\/2022\/12\/Nordic-Padel-small_1-1.png\",\"width\":400,\"height\":119,\"caption\":\"Nordic Padel\"},\"image\":{\"@id\":\"https:\/\/nordicpadel.com\/sv\/#\/schema\/logo\/image\/\"}}]}<\/script>\n<!-- \/ Yoast SEO plugin. -->","yoast_head_json":{"title":"Babolat Contact - Nordic Padel","robots":{"index":"index","follow":"follow","max-snippet":"max-snippet:-1","max-image-preview":"max-image-preview:large","max-video-preview":"max-video-preview:-1"},"canonical":"https:\/\/nordicpadel.com\/sv\/product\/babolat-contact\/","og_locale":"sv_SE","og_type":"article","og_title":"Babolat Contact - Nordic Padel","og_description":"Prisv\u00e4rt och l\u00e4ttspelat padelracket med stor tr\u00e4ffyta och l\u00e5g vikt. Babolat Contact v\u00e4nder sig till dig som vill minimera antalet feltr\u00e4ffar, \u00f6nskar en mjuk k\u00e4rna som ger extra fart och minskar risken f\u00f6r skador. Glasfiberkonstruktionen ihop med den extra l\u00e5ga vikten hj\u00e4lper dig att f\u00e5 ett skonsam racket mot axlar och armb\u00e5gar.","og_url":"https:\/\/nordicpadel.com\/sv\/product\/babolat-contact\/","og_site_name":"Nordic Padel","article_modified_time":"2025-11-27T13:47:40+00:00","og_image":[{"width":800,"height":800,"url":"https:\/\/nordicpadel.com\/sv\/wp-content\/uploads\/sites\/10\/2025\/11\/fd31a2226477207d14952c961f5f87ea.png","type":"image\/png"}],"twitter_card":"summary_large_image","schema":{"@context":"https:\/\/schema.org","@graph":[{"@type":"WebPage","@id":"https:\/\/nordicpadel.com\/sv\/product\/babolat-contact\/","url":"https:\/\/nordicpadel.com\/sv\/product\/babolat-contact\/","name":"Babolat Contact - Nordic Padel","isPartOf":{"@id":"https:\/\/nordicpadel.com\/sv\/#website"},"primaryImageOfPage":{"@id":"https:\/\/nordicpadel.com\/sv\/product\/babolat-contact\/#primaryimage"},"image":{"@id":"https:\/\/nordicpadel.com\/sv\/product\/babolat-contact\/#primaryimage"},"thumbnailUrl":"https:\/\/nordicpadel.com\/sv\/wp-content\/uploads\/sites\/10\/2025\/11\/fd31a2226477207d14952c961f5f87ea.png","datePublished":"2025-11-26T16:16:52+00:00","dateModified":"2025-11-27T13:47:40+00:00","breadcrumb":{"@id":"https:\/\/nordicpadel.com\/sv\/product\/babolat-contact\/#breadcrumb"},"inLanguage":"sv-SE","potentialAction":[{"@type":"ReadAction","target":["https:\/\/nordicpadel.com\/sv\/product\/babolat-contact\/"]}]},{"@type":"ImageObject","inLanguage":"sv-SE","@id":"https:\/\/nordicpadel.com\/sv\/product\/babolat-contact\/#primaryimage","url":"https:\/\/nordicpadel.com\/sv\/wp-content\/uploads\/sites\/10\/2025\/11\/fd31a2226477207d14952c961f5f87ea.png","contentUrl":"https:\/\/nordicpadel.com\/sv\/wp-content\/uploads\/sites\/10\/2025\/11\/fd31a2226477207d14952c961f5f87ea.png","width":800,"height":800,"caption":"Babolat Contact"},{"@type":"BreadcrumbList","@id":"https:\/\/nordicpadel.com\/sv\/product\/babolat-contact\/#breadcrumb","itemListElement":[{"@type":"ListItem","position":1,"name":"Hem","item":"https:\/\/nordicpadel.com\/sv\/"},{"@type":"ListItem","position":2,"name":"Shop","item":"https:\/\/nordicpadel.com\/sv\/shop\/"},{"@type":"ListItem","position":3,"name":"Babolat Contact"}]},{"@type":"WebSite","@id":"https:\/\/nordicpadel.com\/sv\/#website","url":"https:\/\/nordicpadel.com\/sv\/","name":"Nordic Padel","description":"","publisher":{"@id":"https:\/\/nordicpadel.com\/sv\/#organization"},"potentialAction":[{"@type":"SearchAction","target":{"@type":"EntryPoint","urlTemplate":"https:\/\/nordicpadel.com\/sv\/?s={search_term_string}"},"query-input":"required name=search_term_string"}],"inLanguage":"sv-SE"},{"@type":"Organization","@id":"https:\/\/nordicpadel.com\/sv\/#organization","name":"Nordic Padel","url":"https:\/\/nordicpadel.com\/sv\/","logo":{"@type":"ImageObject","inLanguage":"sv-SE","@id":"https:\/\/nordicpadel.com\/sv\/#\/schema\/logo\/image\/","url":"https:\/\/nordicpadel.com\/sv\/wp-content\/uploads\/sites\/10\/2022\/12\/Nordic-Padel-small_1-1.png","contentUrl":"https:\/\/nordicpadel.com\/sv\/wp-content\/uploads\/sites\/10\/2022\/12\/Nordic-Padel-small_1-1.png","width":400,"height":119,"caption":"Nordic Padel"},"image":{"@id":"https:\/\/nordicpadel.com\/sv\/#\/schema\/logo\/image\/"}}]}},"brands":[],"_links":{"self":[{"href":"https:\/\/nordicpadel.com\/sv\/wp-json\/wp\/v2\/product\/87586","targetHints":{"allow":["GET"]}}],"collection":[{"href":"https:\/\/nordicpadel.com\/sv\/wp-json\/wp\/v2\/product"}],"about":[{"href":"https:\/\/nordicpadel.com\/sv\/wp-json\/wp\/v2\/types\/product"}],"replies":[{"embeddable":true,"href":"https:\/\/nordicpadel.com\/sv\/wp-json\/wp\/v2\/comments?post=87586"}],"wp:featuredmedia":[{"embeddable":true,"href":"https:\/\/nordicpadel.com\/sv\/wp-json\/wp\/v2\/media\/87585"}],"wp:attachment":[{"href":"https:\/\/nordicpadel.com\/sv\/wp-json\/wp\/v2\/media?parent=87586"}],"wp:term":[{"taxonomy":"pwb-brand","embeddable":true,"href":"https:\/\/nordicpadel.com\/sv\/wp-json\/wp\/v2\/pwb-brand?post=87586"},{"taxonomy":"product_cat","embeddable":true,"href":"https:\/\/nordicpadel.com\/sv\/wp-json\/wp\/v2\/product_cat?post=87586"},{"taxonomy":"product_tag","embeddable":true,"href":"https:\/\/nordicpadel.com\/sv\/wp-json\/wp\/v2\/product_tag?post=87586"},{"taxonomy":"woo-feed-brand","embeddable":true,"href":"https:\/\/nordicpadel.com\/sv\/wp-json\/wp\/v2\/woo-feed-brand?post=87586"}],"curies":[{"name":"wp","href":"https:\/\/api.w.org\/{rel}","templated":true}]}}