{"id":87561,"date":"2025-11-26T17:16:30","date_gmt":"2025-11-26T16:16:30","guid":{"rendered":"https:\/\/nordicpadel.com\/sv\/product\/asics-solution-speed-ff-2\/"},"modified":"2026-02-02T22:26:11","modified_gmt":"2026-02-02T21:26:11","slug":"asics-solution-speed-ff-2","status":"publish","type":"product","link":"https:\/\/nordicpadel.com\/sv\/product\/asics-solution-speed-ff-2\/","title":{"rendered":"Asics Solution Speed FF 2"},"content":{"rendered":"<p>ASICS SOLUTION SPEED\u2122 FF 2 \u00e4r den snabbaste modellen i ASICS tennis-serie. Men denna <a href=\"https:\/\/nordicpadel.com\/sv\/product-category\/padelskor\/herr\/\">padelsko<\/a> kan ge dig mycket mer \u00e4n bara hastighet! Den \u00e4r ocks\u00e5 utformad f\u00f6r att hj\u00e4lpa spelare att ut\u00f6ka sitt spelomr\u00e5de p\u00e5 banan.<\/p>\n<p>SOLUTION SPEED\u2122 FF 2 har en PU-applikation p\u00e5 ovandelen som ger b\u00e4ttre st\u00f6d, flexibilitet och passform. Detta inneb\u00e4r att du kan r\u00f6ra dig snabbt och smidigt p\u00e5 banan utan att beh\u00f6va oroa dig f\u00f6r att skon inte ger tillr\u00e4ckligt med st\u00f6d eller passar ordentligt.<\/p>\n<p>En annan f\u00f6rdel med denna <a href=\"https:\/\/nordicpadel.com\/sv\/product-category\/padelskor\/herr\/\">padelsko<\/a> \u00e4r DYNAWRAP-teknologin som anv\u00e4nds i \u00f6gondelen. Detta ger mer stabilitet i framfoten under sidledsr\u00f6relser, vilket \u00e4r viktigt f\u00f6r padelspelare som m\u00e5ste vara r\u00f6rliga p\u00e5 banan.<\/p>\n<p>Det responsiva d\u00e4mpningssystemet i mellansulan ger en snabb accelerationsperiod mellan stopp och fulla sprintar. Detta g\u00f6r ASICS SOLUTION SPEED\u2122 FF 2 till en utm\u00e4rkt val f\u00f6r spelare som vill ha snabbhet och tid att planera sin n\u00e4sta handling.<\/p>\n<p>Sulan har ocks\u00e5 en ny design som ger b\u00e4ttre grepp i h\u00e4len, framfoten och t\u00e5sektionen, vilket \u00e4r avg\u00f6rande f\u00f6r padelspelare som m\u00e5ste vara snabba och ha bra grepp p\u00e5 banan.<\/p>\n<p>Kort sagt, ASICS SOLUTION SPEED\u2122 FF 2 \u00e4r en utm\u00e4rkt <a href=\"https:\/\/nordicpadel.com\/sv\/product-category\/padelskor\/herr\/\">padelsko<\/a> som ger snabbhet, stabilitet, flexibilitet och st\u00f6d. Om du letar efter en <a href=\"https:\/\/nordicpadel.com\/sv\/product-category\/padelskor\/herr\/\">padelsko<\/a> som hj\u00e4lper dig att expandera ditt spelomr\u00e5de och \u00f6ka din prestation p\u00e5 banan, \u00e4r detta definitivt skon f\u00f6r dig!<br \/>L\u00e4s g\u00e4rna v\u00e5r <a href=\"https:\/\/nordicpadel.com\/sv\/guide-padelskor\/\">skoguide<\/a> som inneh\u00e5ller tips samt en storleksguide f\u00f6r att hj\u00e4lpa dig hitta r\u00e4tt skor.<\/p>\n","protected":false},"excerpt":{"rendered":"<p>ASICS SOLUTION SPEED\u2122 FF 2 \u00e4r den snabbaste modellen i ASICS tennis-serie. Men denna padelsko kan ge dig mycket mer \u00e4n bara hastighet! Den \u00e4r ocks\u00e5 utformad f\u00f6r att hj\u00e4lpa spelare att ut\u00f6ka sitt spelomr\u00e5de p\u00e5 banan. SOLUTION SPEED\u2122 FF 2 har en PU-applikation p\u00e5 ovandelen som ger b\u00e4ttre st\u00f6d, flexibilitet och passform. Detta inneb\u00e4r [&hellip;]<\/p>\n","protected":false},"featured_media":87558,"comment_status":"open","ping_status":"closed","template":"","meta":[],"pwb-brand":[],"product_cat":[38],"product_tag":[],"woo-feed-brand":[],"class_list":{"0":"post-87561","1":"product","2":"type-product","3":"status-publish","4":"has-post-thumbnail","6":"product_cat-herr","7":"pa_varumarke-asics","9":"first","10":"outofstock","11":"sale","12":"taxable","13":"shipping-taxable","14":"purchasable","15":"product-type-variable"},"bundled_by":[],"bundle_stock_status":"outofstock","bundle_stock_quantity":0,"bundle_virtual":false,"bundle_layout":"","bundle_add_to_cart_form_location":"","bundle_editable_in_cart":false,"bundle_sold_individually_context":"","bundle_item_grouping":"","bundle_min_size":"","bundle_max_size":"","bundled_items":[],"bundle_sell_ids":[],"acf":[],"yoast_head":"<!-- This site is optimized with the Yoast SEO plugin v23.1 - https:\/\/yoast.com\/wordpress\/plugins\/seo\/ -->\n<title>Asics Solution Speed FF 2 - Nordic Padel<\/title>\n<meta name=\"robots\" content=\"index, follow, max-snippet:-1, max-image-preview:large, max-video-preview:-1\" \/>\n<link rel=\"canonical\" href=\"https:\/\/nordicpadel.com\/sv\/product\/asics-solution-speed-ff-2\/\" \/>\n<meta property=\"og:locale\" content=\"sv_SE\" \/>\n<meta property=\"og:type\" content=\"article\" \/>\n<meta property=\"og:title\" content=\"Asics Solution Speed FF 2 - Nordic Padel\" \/>\n<meta property=\"og:description\" content=\"ASICS SOLUTION SPEED\u2122 FF 2 \u00e4r den snabbaste modellen i ASICS tennis-serie. Men denna padelsko kan ge dig mycket mer \u00e4n bara hastighet! Den \u00e4r ocks\u00e5 utformad f\u00f6r att hj\u00e4lpa spelare att ut\u00f6ka sitt spelomr\u00e5de p\u00e5 banan. SOLUTION SPEED\u2122 FF 2 har en PU-applikation p\u00e5 ovandelen som ger b\u00e4ttre st\u00f6d, flexibilitet och passform. Detta inneb\u00e4r [&hellip;]\" \/>\n<meta property=\"og:url\" content=\"https:\/\/nordicpadel.com\/sv\/product\/asics-solution-speed-ff-2\/\" \/>\n<meta property=\"og:site_name\" content=\"Nordic Padel\" \/>\n<meta property=\"article:modified_time\" content=\"2026-02-02T21:26:11+00:00\" \/>\n<meta property=\"og:image\" content=\"https:\/\/nordicpadel.com\/sv\/wp-content\/uploads\/sites\/10\/2025\/11\/42c0f889fde0797f9e4a16ff54c6ed86.png\" \/>\n\t<meta property=\"og:image:width\" content=\"800\" \/>\n\t<meta property=\"og:image:height\" content=\"800\" \/>\n\t<meta property=\"og:image:type\" content=\"image\/png\" \/>\n<meta name=\"twitter:card\" content=\"summary_large_image\" \/>\n<meta name=\"twitter:label1\" content=\"Ber\u00e4knad l\u00e4stid\" \/>\n\t<meta name=\"twitter:data1\" content=\"1 minut\" \/>\n<script type=\"application\/ld+json\" class=\"yoast-schema-graph\">{\"@context\":\"https:\/\/schema.org\",\"@graph\":[{\"@type\":\"WebPage\",\"@id\":\"https:\/\/nordicpadel.com\/sv\/product\/asics-solution-speed-ff-2\/\",\"url\":\"https:\/\/nordicpadel.com\/sv\/product\/asics-solution-speed-ff-2\/\",\"name\":\"Asics Solution Speed FF 2 - Nordic Padel\",\"isPartOf\":{\"@id\":\"https:\/\/nordicpadel.com\/sv\/#website\"},\"primaryImageOfPage\":{\"@id\":\"https:\/\/nordicpadel.com\/sv\/product\/asics-solution-speed-ff-2\/#primaryimage\"},\"image\":{\"@id\":\"https:\/\/nordicpadel.com\/sv\/product\/asics-solution-speed-ff-2\/#primaryimage\"},\"thumbnailUrl\":\"https:\/\/nordicpadel.com\/sv\/wp-content\/uploads\/sites\/10\/2025\/11\/42c0f889fde0797f9e4a16ff54c6ed86.png\",\"datePublished\":\"2025-11-26T16:16:30+00:00\",\"dateModified\":\"2026-02-02T21:26:11+00:00\",\"breadcrumb\":{\"@id\":\"https:\/\/nordicpadel.com\/sv\/product\/asics-solution-speed-ff-2\/#breadcrumb\"},\"inLanguage\":\"sv-SE\",\"potentialAction\":[{\"@type\":\"ReadAction\",\"target\":[\"https:\/\/nordicpadel.com\/sv\/product\/asics-solution-speed-ff-2\/\"]}]},{\"@type\":\"ImageObject\",\"inLanguage\":\"sv-SE\",\"@id\":\"https:\/\/nordicpadel.com\/sv\/product\/asics-solution-speed-ff-2\/#primaryimage\",\"url\":\"https:\/\/nordicpadel.com\/sv\/wp-content\/uploads\/sites\/10\/2025\/11\/42c0f889fde0797f9e4a16ff54c6ed86.png\",\"contentUrl\":\"https:\/\/nordicpadel.com\/sv\/wp-content\/uploads\/sites\/10\/2025\/11\/42c0f889fde0797f9e4a16ff54c6ed86.png\",\"width\":800,\"height\":800,\"caption\":\"Asics Solution Speed FF 2\"},{\"@type\":\"BreadcrumbList\",\"@id\":\"https:\/\/nordicpadel.com\/sv\/product\/asics-solution-speed-ff-2\/#breadcrumb\",\"itemListElement\":[{\"@type\":\"ListItem\",\"position\":1,\"name\":\"Hem\",\"item\":\"https:\/\/nordicpadel.com\/sv\/\"},{\"@type\":\"ListItem\",\"position\":2,\"name\":\"Shop\",\"item\":\"https:\/\/nordicpadel.com\/sv\/shop\/\"},{\"@type\":\"ListItem\",\"position\":3,\"name\":\"Asics Solution Speed FF 2\"}]},{\"@type\":\"WebSite\",\"@id\":\"https:\/\/nordicpadel.com\/sv\/#website\",\"url\":\"https:\/\/nordicpadel.com\/sv\/\",\"name\":\"Nordic Padel\",\"description\":\"\",\"publisher\":{\"@id\":\"https:\/\/nordicpadel.com\/sv\/#organization\"},\"potentialAction\":[{\"@type\":\"SearchAction\",\"target\":{\"@type\":\"EntryPoint\",\"urlTemplate\":\"https:\/\/nordicpadel.com\/sv\/?s={search_term_string}\"},\"query-input\":\"required name=search_term_string\"}],\"inLanguage\":\"sv-SE\"},{\"@type\":\"Organization\",\"@id\":\"https:\/\/nordicpadel.com\/sv\/#organization\",\"name\":\"Nordic Padel\",\"url\":\"https:\/\/nordicpadel.com\/sv\/\",\"logo\":{\"@type\":\"ImageObject\",\"inLanguage\":\"sv-SE\",\"@id\":\"https:\/\/nordicpadel.com\/sv\/#\/schema\/logo\/image\/\",\"url\":\"https:\/\/nordicpadel.com\/sv\/wp-content\/uploads\/sites\/10\/2022\/12\/Nordic-Padel-small_1-1.png\",\"contentUrl\":\"https:\/\/nordicpadel.com\/sv\/wp-content\/uploads\/sites\/10\/2022\/12\/Nordic-Padel-small_1-1.png\",\"width\":400,\"height\":119,\"caption\":\"Nordic Padel\"},\"image\":{\"@id\":\"https:\/\/nordicpadel.com\/sv\/#\/schema\/logo\/image\/\"}}]}<\/script>\n<!-- \/ Yoast SEO plugin. -->","yoast_head_json":{"title":"Asics Solution Speed FF 2 - Nordic Padel","robots":{"index":"index","follow":"follow","max-snippet":"max-snippet:-1","max-image-preview":"max-image-preview:large","max-video-preview":"max-video-preview:-1"},"canonical":"https:\/\/nordicpadel.com\/sv\/product\/asics-solution-speed-ff-2\/","og_locale":"sv_SE","og_type":"article","og_title":"Asics Solution Speed FF 2 - Nordic Padel","og_description":"ASICS SOLUTION SPEED\u2122 FF 2 \u00e4r den snabbaste modellen i ASICS tennis-serie. Men denna padelsko kan ge dig mycket mer \u00e4n bara hastighet! Den \u00e4r ocks\u00e5 utformad f\u00f6r att hj\u00e4lpa spelare att ut\u00f6ka sitt spelomr\u00e5de p\u00e5 banan. SOLUTION SPEED\u2122 FF 2 har en PU-applikation p\u00e5 ovandelen som ger b\u00e4ttre st\u00f6d, flexibilitet och passform. Detta inneb\u00e4r [&hellip;]","og_url":"https:\/\/nordicpadel.com\/sv\/product\/asics-solution-speed-ff-2\/","og_site_name":"Nordic Padel","article_modified_time":"2026-02-02T21:26:11+00:00","og_image":[{"width":800,"height":800,"url":"https:\/\/nordicpadel.com\/sv\/wp-content\/uploads\/sites\/10\/2025\/11\/42c0f889fde0797f9e4a16ff54c6ed86.png","type":"image\/png"}],"twitter_card":"summary_large_image","twitter_misc":{"Ber\u00e4knad l\u00e4stid":"1 minut"},"schema":{"@context":"https:\/\/schema.org","@graph":[{"@type":"WebPage","@id":"https:\/\/nordicpadel.com\/sv\/product\/asics-solution-speed-ff-2\/","url":"https:\/\/nordicpadel.com\/sv\/product\/asics-solution-speed-ff-2\/","name":"Asics Solution Speed FF 2 - Nordic Padel","isPartOf":{"@id":"https:\/\/nordicpadel.com\/sv\/#website"},"primaryImageOfPage":{"@id":"https:\/\/nordicpadel.com\/sv\/product\/asics-solution-speed-ff-2\/#primaryimage"},"image":{"@id":"https:\/\/nordicpadel.com\/sv\/product\/asics-solution-speed-ff-2\/#primaryimage"},"thumbnailUrl":"https:\/\/nordicpadel.com\/sv\/wp-content\/uploads\/sites\/10\/2025\/11\/42c0f889fde0797f9e4a16ff54c6ed86.png","datePublished":"2025-11-26T16:16:30+00:00","dateModified":"2026-02-02T21:26:11+00:00","breadcrumb":{"@id":"https:\/\/nordicpadel.com\/sv\/product\/asics-solution-speed-ff-2\/#breadcrumb"},"inLanguage":"sv-SE","potentialAction":[{"@type":"ReadAction","target":["https:\/\/nordicpadel.com\/sv\/product\/asics-solution-speed-ff-2\/"]}]},{"@type":"ImageObject","inLanguage":"sv-SE","@id":"https:\/\/nordicpadel.com\/sv\/product\/asics-solution-speed-ff-2\/#primaryimage","url":"https:\/\/nordicpadel.com\/sv\/wp-content\/uploads\/sites\/10\/2025\/11\/42c0f889fde0797f9e4a16ff54c6ed86.png","contentUrl":"https:\/\/nordicpadel.com\/sv\/wp-content\/uploads\/sites\/10\/2025\/11\/42c0f889fde0797f9e4a16ff54c6ed86.png","width":800,"height":800,"caption":"Asics Solution Speed FF 2"},{"@type":"BreadcrumbList","@id":"https:\/\/nordicpadel.com\/sv\/product\/asics-solution-speed-ff-2\/#breadcrumb","itemListElement":[{"@type":"ListItem","position":1,"name":"Hem","item":"https:\/\/nordicpadel.com\/sv\/"},{"@type":"ListItem","position":2,"name":"Shop","item":"https:\/\/nordicpadel.com\/sv\/shop\/"},{"@type":"ListItem","position":3,"name":"Asics Solution Speed FF 2"}]},{"@type":"WebSite","@id":"https:\/\/nordicpadel.com\/sv\/#website","url":"https:\/\/nordicpadel.com\/sv\/","name":"Nordic Padel","description":"","publisher":{"@id":"https:\/\/nordicpadel.com\/sv\/#organization"},"potentialAction":[{"@type":"SearchAction","target":{"@type":"EntryPoint","urlTemplate":"https:\/\/nordicpadel.com\/sv\/?s={search_term_string}"},"query-input":"required name=search_term_string"}],"inLanguage":"sv-SE"},{"@type":"Organization","@id":"https:\/\/nordicpadel.com\/sv\/#organization","name":"Nordic Padel","url":"https:\/\/nordicpadel.com\/sv\/","logo":{"@type":"ImageObject","inLanguage":"sv-SE","@id":"https:\/\/nordicpadel.com\/sv\/#\/schema\/logo\/image\/","url":"https:\/\/nordicpadel.com\/sv\/wp-content\/uploads\/sites\/10\/2022\/12\/Nordic-Padel-small_1-1.png","contentUrl":"https:\/\/nordicpadel.com\/sv\/wp-content\/uploads\/sites\/10\/2022\/12\/Nordic-Padel-small_1-1.png","width":400,"height":119,"caption":"Nordic Padel"},"image":{"@id":"https:\/\/nordicpadel.com\/sv\/#\/schema\/logo\/image\/"}}]}},"brands":[],"_links":{"self":[{"href":"https:\/\/nordicpadel.com\/sv\/wp-json\/wp\/v2\/product\/87561","targetHints":{"allow":["GET"]}}],"collection":[{"href":"https:\/\/nordicpadel.com\/sv\/wp-json\/wp\/v2\/product"}],"about":[{"href":"https:\/\/nordicpadel.com\/sv\/wp-json\/wp\/v2\/types\/product"}],"replies":[{"embeddable":true,"href":"https:\/\/nordicpadel.com\/sv\/wp-json\/wp\/v2\/comments?post=87561"}],"wp:featuredmedia":[{"embeddable":true,"href":"https:\/\/nordicpadel.com\/sv\/wp-json\/wp\/v2\/media\/87558"}],"wp:attachment":[{"href":"https:\/\/nordicpadel.com\/sv\/wp-json\/wp\/v2\/media?parent=87561"}],"wp:term":[{"taxonomy":"pwb-brand","embeddable":true,"href":"https:\/\/nordicpadel.com\/sv\/wp-json\/wp\/v2\/pwb-brand?post=87561"},{"taxonomy":"product_cat","embeddable":true,"href":"https:\/\/nordicpadel.com\/sv\/wp-json\/wp\/v2\/product_cat?post=87561"},{"taxonomy":"product_tag","embeddable":true,"href":"https:\/\/nordicpadel.com\/sv\/wp-json\/wp\/v2\/product_tag?post=87561"},{"taxonomy":"woo-feed-brand","embeddable":true,"href":"https:\/\/nordicpadel.com\/sv\/wp-json\/wp\/v2\/woo-feed-brand?post=87561"}],"curies":[{"name":"wp","href":"https:\/\/api.w.org\/{rel}","templated":true}]}}