{"id":87552,"date":"2025-11-26T17:16:24","date_gmt":"2025-11-26T16:16:24","guid":{"rendered":"https:\/\/nordicpadel.com\/sv\/product\/head-alpha-elite-graphene-360\/"},"modified":"2025-11-27T16:53:23","modified_gmt":"2025-11-27T15:53:23","slug":"head-alpha-elite-graphene-360","status":"publish","type":"product","link":"https:\/\/nordicpadel.com\/sv\/product\/head-alpha-elite-graphene-360\/","title":{"rendered":"HEAD Alpha Elite Graphene 360+"},"content":{"rendered":"<p>Head Graphene 360+ Alpha Elite \u00e4r droppformat <a href=\"https:\/\/nordicpadel.com\/sv\/product-category\/padelracket\/\">padelracket<\/a> med en n\u00e5got mjukare tr\u00e4ffytan i j\u00e4mf\u00f6relse med Heads toppmodell Alpha Pro och \u00e4r s\u00e5ldes ett lite mer l\u00e4ttspelat racket som passar utm\u00e4rkt f\u00f6r motion\u00e4ren.<br id=\"isPasted\"><br \/>Rackets droppform och teknologi ger spelaren en fantastisk mix fart och kontroll till f\u00f6ljd av dess mjuka k\u00e4rna som ger spelaren en grym k\u00e4nsla och kontroll i bolltr\u00e4ffen. En ny borrteknik i rackets h\u00e5l har dessutom resulterat i en \u00e4nnu st\u00f6rre sweet spot. 2021\u2019s upplaga av Alpha Elite har en uppdaterad klyka mellan tr\u00e4ffyta och handtag utvecklats f\u00f6r mer stabilitet.<\/p>\n<p>Den fr\u00e4msta skillnaden mot 2021 \u00e4r dock att Head applicerat det nya uppdaterade materialet Graphene 360+ som ger en fantastik energi\u00f6verf\u00f6ring i bolltr\u00e4ffen samtidigt som ett f\u00f6rb\u00e4ttrat flexsystem ger en st\u00f6rre sweet spot och en renare k\u00e4nsla i slagen.<\/p>\n","protected":false},"excerpt":{"rendered":"<p>Head Graphene 360+ Alpha Elite \u00e4r droppformat padelracket med en n\u00e5got mjukare tr\u00e4ffytan i j\u00e4mf\u00f6relse med Heads toppmodell Alpha Pro och \u00e4r s\u00e5ldes ett lite mer l\u00e4ttspelat racket som passar utm\u00e4rkt f\u00f6r motion\u00e4ren.Rackets droppform och teknologi ger spelaren en fantastisk mix fart och kontroll till f\u00f6ljd av dess mjuka k\u00e4rna som ger spelaren en grym [&hellip;]<\/p>\n","protected":false},"featured_media":87543,"comment_status":"open","ping_status":"closed","template":"","meta":[],"pwb-brand":[],"product_cat":[459],"product_tag":[],"woo-feed-brand":[],"class_list":{"0":"post-87552","1":"product","2":"type-product","3":"status-publish","4":"has-post-thumbnail","6":"product_cat-head","7":"pa_varumarke-head","9":"first","10":"outofstock","11":"sale","12":"taxable","13":"shipping-taxable","14":"purchasable","15":"product-type-simple"},"bundled_by":[],"bundle_stock_status":"outofstock","bundle_stock_quantity":0,"bundle_virtual":false,"bundle_layout":"","bundle_add_to_cart_form_location":"","bundle_editable_in_cart":false,"bundle_sold_individually_context":"","bundle_item_grouping":"","bundle_min_size":"","bundle_max_size":"","bundled_items":[],"bundle_sell_ids":[],"acf":[],"yoast_head":"<!-- This site is optimized with the Yoast SEO plugin v23.1 - https:\/\/yoast.com\/wordpress\/plugins\/seo\/ -->\n<title>HEAD Alpha Elite Graphene 360+ - Nordic Padel<\/title>\n<meta name=\"robots\" content=\"index, follow, max-snippet:-1, max-image-preview:large, max-video-preview:-1\" \/>\n<link rel=\"canonical\" href=\"https:\/\/nordicpadel.com\/sv\/product\/head-alpha-elite-graphene-360\/\" \/>\n<meta property=\"og:locale\" content=\"sv_SE\" \/>\n<meta property=\"og:type\" content=\"article\" \/>\n<meta property=\"og:title\" content=\"HEAD Alpha Elite Graphene 360+ - Nordic Padel\" \/>\n<meta property=\"og:description\" content=\"Head Graphene 360+ Alpha Elite \u00e4r droppformat padelracket med en n\u00e5got mjukare tr\u00e4ffytan i j\u00e4mf\u00f6relse med Heads toppmodell Alpha Pro och \u00e4r s\u00e5ldes ett lite mer l\u00e4ttspelat racket som passar utm\u00e4rkt f\u00f6r motion\u00e4ren.Rackets droppform och teknologi ger spelaren en fantastisk mix fart och kontroll till f\u00f6ljd av dess mjuka k\u00e4rna som ger spelaren en grym [&hellip;]\" \/>\n<meta property=\"og:url\" content=\"https:\/\/nordicpadel.com\/sv\/product\/head-alpha-elite-graphene-360\/\" \/>\n<meta property=\"og:site_name\" content=\"Nordic Padel\" \/>\n<meta property=\"article:modified_time\" content=\"2025-11-27T15:53:23+00:00\" \/>\n<meta property=\"og:image\" content=\"https:\/\/nordicpadel.com\/sv\/wp-content\/uploads\/sites\/10\/2025\/11\/2888ec8d88b9e27bf99188ce768ebb62.png\" \/>\n\t<meta property=\"og:image:width\" content=\"800\" \/>\n\t<meta property=\"og:image:height\" content=\"800\" \/>\n\t<meta property=\"og:image:type\" content=\"image\/png\" \/>\n<meta name=\"twitter:card\" content=\"summary_large_image\" \/>\n<meta name=\"twitter:label1\" content=\"Ber\u00e4knad l\u00e4stid\" \/>\n\t<meta name=\"twitter:data1\" content=\"1 minut\" \/>\n<script type=\"application\/ld+json\" class=\"yoast-schema-graph\">{\"@context\":\"https:\/\/schema.org\",\"@graph\":[{\"@type\":\"WebPage\",\"@id\":\"https:\/\/nordicpadel.com\/sv\/product\/head-alpha-elite-graphene-360\/\",\"url\":\"https:\/\/nordicpadel.com\/sv\/product\/head-alpha-elite-graphene-360\/\",\"name\":\"HEAD Alpha Elite Graphene 360+ - Nordic Padel\",\"isPartOf\":{\"@id\":\"https:\/\/nordicpadel.com\/sv\/#website\"},\"primaryImageOfPage\":{\"@id\":\"https:\/\/nordicpadel.com\/sv\/product\/head-alpha-elite-graphene-360\/#primaryimage\"},\"image\":{\"@id\":\"https:\/\/nordicpadel.com\/sv\/product\/head-alpha-elite-graphene-360\/#primaryimage\"},\"thumbnailUrl\":\"https:\/\/nordicpadel.com\/sv\/wp-content\/uploads\/sites\/10\/2025\/11\/2888ec8d88b9e27bf99188ce768ebb62.png\",\"datePublished\":\"2025-11-26T16:16:24+00:00\",\"dateModified\":\"2025-11-27T15:53:23+00:00\",\"breadcrumb\":{\"@id\":\"https:\/\/nordicpadel.com\/sv\/product\/head-alpha-elite-graphene-360\/#breadcrumb\"},\"inLanguage\":\"sv-SE\",\"potentialAction\":[{\"@type\":\"ReadAction\",\"target\":[\"https:\/\/nordicpadel.com\/sv\/product\/head-alpha-elite-graphene-360\/\"]}]},{\"@type\":\"ImageObject\",\"inLanguage\":\"sv-SE\",\"@id\":\"https:\/\/nordicpadel.com\/sv\/product\/head-alpha-elite-graphene-360\/#primaryimage\",\"url\":\"https:\/\/nordicpadel.com\/sv\/wp-content\/uploads\/sites\/10\/2025\/11\/2888ec8d88b9e27bf99188ce768ebb62.png\",\"contentUrl\":\"https:\/\/nordicpadel.com\/sv\/wp-content\/uploads\/sites\/10\/2025\/11\/2888ec8d88b9e27bf99188ce768ebb62.png\",\"width\":800,\"height\":800,\"caption\":\"HEAD Alpha Elite Graphene 360+\"},{\"@type\":\"BreadcrumbList\",\"@id\":\"https:\/\/nordicpadel.com\/sv\/product\/head-alpha-elite-graphene-360\/#breadcrumb\",\"itemListElement\":[{\"@type\":\"ListItem\",\"position\":1,\"name\":\"Hem\",\"item\":\"https:\/\/nordicpadel.com\/sv\/\"},{\"@type\":\"ListItem\",\"position\":2,\"name\":\"Shop\",\"item\":\"https:\/\/nordicpadel.com\/sv\/shop\/\"},{\"@type\":\"ListItem\",\"position\":3,\"name\":\"HEAD Alpha Elite Graphene 360+\"}]},{\"@type\":\"WebSite\",\"@id\":\"https:\/\/nordicpadel.com\/sv\/#website\",\"url\":\"https:\/\/nordicpadel.com\/sv\/\",\"name\":\"Nordic Padel\",\"description\":\"\",\"publisher\":{\"@id\":\"https:\/\/nordicpadel.com\/sv\/#organization\"},\"potentialAction\":[{\"@type\":\"SearchAction\",\"target\":{\"@type\":\"EntryPoint\",\"urlTemplate\":\"https:\/\/nordicpadel.com\/sv\/?s={search_term_string}\"},\"query-input\":\"required name=search_term_string\"}],\"inLanguage\":\"sv-SE\"},{\"@type\":\"Organization\",\"@id\":\"https:\/\/nordicpadel.com\/sv\/#organization\",\"name\":\"Nordic Padel\",\"url\":\"https:\/\/nordicpadel.com\/sv\/\",\"logo\":{\"@type\":\"ImageObject\",\"inLanguage\":\"sv-SE\",\"@id\":\"https:\/\/nordicpadel.com\/sv\/#\/schema\/logo\/image\/\",\"url\":\"https:\/\/nordicpadel.com\/sv\/wp-content\/uploads\/sites\/10\/2022\/12\/Nordic-Padel-small_1-1.png\",\"contentUrl\":\"https:\/\/nordicpadel.com\/sv\/wp-content\/uploads\/sites\/10\/2022\/12\/Nordic-Padel-small_1-1.png\",\"width\":400,\"height\":119,\"caption\":\"Nordic Padel\"},\"image\":{\"@id\":\"https:\/\/nordicpadel.com\/sv\/#\/schema\/logo\/image\/\"}}]}<\/script>\n<!-- \/ Yoast SEO plugin. -->","yoast_head_json":{"title":"HEAD Alpha Elite Graphene 360+ - Nordic Padel","robots":{"index":"index","follow":"follow","max-snippet":"max-snippet:-1","max-image-preview":"max-image-preview:large","max-video-preview":"max-video-preview:-1"},"canonical":"https:\/\/nordicpadel.com\/sv\/product\/head-alpha-elite-graphene-360\/","og_locale":"sv_SE","og_type":"article","og_title":"HEAD Alpha Elite Graphene 360+ - Nordic Padel","og_description":"Head Graphene 360+ Alpha Elite \u00e4r droppformat padelracket med en n\u00e5got mjukare tr\u00e4ffytan i j\u00e4mf\u00f6relse med Heads toppmodell Alpha Pro och \u00e4r s\u00e5ldes ett lite mer l\u00e4ttspelat racket som passar utm\u00e4rkt f\u00f6r motion\u00e4ren.Rackets droppform och teknologi ger spelaren en fantastisk mix fart och kontroll till f\u00f6ljd av dess mjuka k\u00e4rna som ger spelaren en grym [&hellip;]","og_url":"https:\/\/nordicpadel.com\/sv\/product\/head-alpha-elite-graphene-360\/","og_site_name":"Nordic Padel","article_modified_time":"2025-11-27T15:53:23+00:00","og_image":[{"width":800,"height":800,"url":"https:\/\/nordicpadel.com\/sv\/wp-content\/uploads\/sites\/10\/2025\/11\/2888ec8d88b9e27bf99188ce768ebb62.png","type":"image\/png"}],"twitter_card":"summary_large_image","twitter_misc":{"Ber\u00e4knad l\u00e4stid":"1 minut"},"schema":{"@context":"https:\/\/schema.org","@graph":[{"@type":"WebPage","@id":"https:\/\/nordicpadel.com\/sv\/product\/head-alpha-elite-graphene-360\/","url":"https:\/\/nordicpadel.com\/sv\/product\/head-alpha-elite-graphene-360\/","name":"HEAD Alpha Elite Graphene 360+ - Nordic Padel","isPartOf":{"@id":"https:\/\/nordicpadel.com\/sv\/#website"},"primaryImageOfPage":{"@id":"https:\/\/nordicpadel.com\/sv\/product\/head-alpha-elite-graphene-360\/#primaryimage"},"image":{"@id":"https:\/\/nordicpadel.com\/sv\/product\/head-alpha-elite-graphene-360\/#primaryimage"},"thumbnailUrl":"https:\/\/nordicpadel.com\/sv\/wp-content\/uploads\/sites\/10\/2025\/11\/2888ec8d88b9e27bf99188ce768ebb62.png","datePublished":"2025-11-26T16:16:24+00:00","dateModified":"2025-11-27T15:53:23+00:00","breadcrumb":{"@id":"https:\/\/nordicpadel.com\/sv\/product\/head-alpha-elite-graphene-360\/#breadcrumb"},"inLanguage":"sv-SE","potentialAction":[{"@type":"ReadAction","target":["https:\/\/nordicpadel.com\/sv\/product\/head-alpha-elite-graphene-360\/"]}]},{"@type":"ImageObject","inLanguage":"sv-SE","@id":"https:\/\/nordicpadel.com\/sv\/product\/head-alpha-elite-graphene-360\/#primaryimage","url":"https:\/\/nordicpadel.com\/sv\/wp-content\/uploads\/sites\/10\/2025\/11\/2888ec8d88b9e27bf99188ce768ebb62.png","contentUrl":"https:\/\/nordicpadel.com\/sv\/wp-content\/uploads\/sites\/10\/2025\/11\/2888ec8d88b9e27bf99188ce768ebb62.png","width":800,"height":800,"caption":"HEAD Alpha Elite Graphene 360+"},{"@type":"BreadcrumbList","@id":"https:\/\/nordicpadel.com\/sv\/product\/head-alpha-elite-graphene-360\/#breadcrumb","itemListElement":[{"@type":"ListItem","position":1,"name":"Hem","item":"https:\/\/nordicpadel.com\/sv\/"},{"@type":"ListItem","position":2,"name":"Shop","item":"https:\/\/nordicpadel.com\/sv\/shop\/"},{"@type":"ListItem","position":3,"name":"HEAD Alpha Elite Graphene 360+"}]},{"@type":"WebSite","@id":"https:\/\/nordicpadel.com\/sv\/#website","url":"https:\/\/nordicpadel.com\/sv\/","name":"Nordic Padel","description":"","publisher":{"@id":"https:\/\/nordicpadel.com\/sv\/#organization"},"potentialAction":[{"@type":"SearchAction","target":{"@type":"EntryPoint","urlTemplate":"https:\/\/nordicpadel.com\/sv\/?s={search_term_string}"},"query-input":"required name=search_term_string"}],"inLanguage":"sv-SE"},{"@type":"Organization","@id":"https:\/\/nordicpadel.com\/sv\/#organization","name":"Nordic Padel","url":"https:\/\/nordicpadel.com\/sv\/","logo":{"@type":"ImageObject","inLanguage":"sv-SE","@id":"https:\/\/nordicpadel.com\/sv\/#\/schema\/logo\/image\/","url":"https:\/\/nordicpadel.com\/sv\/wp-content\/uploads\/sites\/10\/2022\/12\/Nordic-Padel-small_1-1.png","contentUrl":"https:\/\/nordicpadel.com\/sv\/wp-content\/uploads\/sites\/10\/2022\/12\/Nordic-Padel-small_1-1.png","width":400,"height":119,"caption":"Nordic Padel"},"image":{"@id":"https:\/\/nordicpadel.com\/sv\/#\/schema\/logo\/image\/"}}]}},"brands":[],"_links":{"self":[{"href":"https:\/\/nordicpadel.com\/sv\/wp-json\/wp\/v2\/product\/87552","targetHints":{"allow":["GET"]}}],"collection":[{"href":"https:\/\/nordicpadel.com\/sv\/wp-json\/wp\/v2\/product"}],"about":[{"href":"https:\/\/nordicpadel.com\/sv\/wp-json\/wp\/v2\/types\/product"}],"replies":[{"embeddable":true,"href":"https:\/\/nordicpadel.com\/sv\/wp-json\/wp\/v2\/comments?post=87552"}],"wp:featuredmedia":[{"embeddable":true,"href":"https:\/\/nordicpadel.com\/sv\/wp-json\/wp\/v2\/media\/87543"}],"wp:attachment":[{"href":"https:\/\/nordicpadel.com\/sv\/wp-json\/wp\/v2\/media?parent=87552"}],"wp:term":[{"taxonomy":"pwb-brand","embeddable":true,"href":"https:\/\/nordicpadel.com\/sv\/wp-json\/wp\/v2\/pwb-brand?post=87552"},{"taxonomy":"product_cat","embeddable":true,"href":"https:\/\/nordicpadel.com\/sv\/wp-json\/wp\/v2\/product_cat?post=87552"},{"taxonomy":"product_tag","embeddable":true,"href":"https:\/\/nordicpadel.com\/sv\/wp-json\/wp\/v2\/product_tag?post=87552"},{"taxonomy":"woo-feed-brand","embeddable":true,"href":"https:\/\/nordicpadel.com\/sv\/wp-json\/wp\/v2\/woo-feed-brand?post=87552"}],"curies":[{"name":"wp","href":"https:\/\/api.w.org\/{rel}","templated":true}]}}