{"id":87422,"date":"2025-11-26T17:14:27","date_gmt":"2025-11-26T16:14:27","guid":{"rendered":"https:\/\/nordicpadel.com\/sv\/product\/fila-polo-stripes-polo-3\/"},"modified":"2026-03-09T01:37:53","modified_gmt":"2026-03-09T00:37:53","slug":"fila-polo-stripes-polo-3","status":"publish","type":"product","link":"https:\/\/nordicpadel.com\/sv\/product\/fila-polo-stripes-polo-3\/","title":{"rendered":"FILA Polo Stripes Polo"},"content":{"rendered":"<p>Detta \u00e4r ett klassiskt m\u00f6nster ifr\u00e5n FILA som har inspirerats ifr\u00e5n tiden d\u00e5 Bj\u00f6rn Borg spelade med FILAS kl\u00e4der. Plagget \u00e4r gjort med funktionsmaterial vilket absorberar fukt p\u00e5 ett effektivt s\u00e4tt samtidgt som materialet ger en fin klassisk passform med h\u00f6gsta r\u00f6relsefrihet. Kombinera g\u00e4rna denna pike ihop med ett par vita shorts eller bl\u00e5a shorts ifr\u00e5n FILA. F\u00e4rg: Bl\u00e5 Material: 100% Polyester Tv\u00e4ttr\u00e5d: 40 grader, syntet maskintv\u00e4tt<\/p>\n","protected":false},"excerpt":{"rendered":"<p>Detta \u00e4r ett klassiskt m\u00f6nster ifr\u00e5n FILA som har inspirerats ifr\u00e5n tiden d\u00e5 Bj\u00f6rn Borg spelade med FILAS kl\u00e4der. Plagget \u00e4r gjort med funktionsmaterial vilket absorberar fukt p\u00e5 ett effektivt s\u00e4tt samtidgt som materialet ger en fin klassisk passform med h\u00f6gsta r\u00f6relsefrihet. Kombinera g\u00e4rna denna pike ihop med ett par vita shorts eller bl\u00e5a shorts [&hellip;]<\/p>\n","protected":false},"featured_media":87421,"comment_status":"open","ping_status":"closed","template":"","meta":[],"pwb-brand":[],"product_cat":[473],"product_tag":[],"woo-feed-brand":[],"class_list":{"0":"post-87422","1":"product","2":"type-product","3":"status-publish","4":"has-post-thumbnail","6":"product_cat-fila","7":"pa_varumarke-fila","9":"first","10":"instock","11":"taxable","12":"shipping-taxable","13":"purchasable","14":"product-type-variable"},"bundled_by":[],"bundle_stock_status":"instock","bundle_stock_quantity":2,"bundle_virtual":false,"bundle_layout":"","bundle_add_to_cart_form_location":"","bundle_editable_in_cart":false,"bundle_sold_individually_context":"","bundle_item_grouping":"","bundle_min_size":"","bundle_max_size":"","bundled_items":[],"bundle_sell_ids":[],"acf":[],"yoast_head":"<!-- This site is optimized with the Yoast SEO plugin v23.1 - https:\/\/yoast.com\/wordpress\/plugins\/seo\/ -->\n<title>FILA Polo Stripes Polo - Nordic Padel<\/title>\n<meta name=\"robots\" content=\"index, follow, max-snippet:-1, max-image-preview:large, max-video-preview:-1\" \/>\n<link rel=\"canonical\" href=\"https:\/\/nordicpadel.com\/sv\/product\/fila-polo-stripes-polo-3\/\" \/>\n<meta property=\"og:locale\" content=\"sv_SE\" \/>\n<meta property=\"og:type\" content=\"article\" \/>\n<meta property=\"og:title\" content=\"FILA Polo Stripes Polo - Nordic Padel\" \/>\n<meta property=\"og:description\" content=\"Detta \u00e4r ett klassiskt m\u00f6nster ifr\u00e5n FILA som har inspirerats ifr\u00e5n tiden d\u00e5 Bj\u00f6rn Borg spelade med FILAS kl\u00e4der. Plagget \u00e4r gjort med funktionsmaterial vilket absorberar fukt p\u00e5 ett effektivt s\u00e4tt samtidgt som materialet ger en fin klassisk passform med h\u00f6gsta r\u00f6relsefrihet. Kombinera g\u00e4rna denna pike ihop med ett par vita shorts eller bl\u00e5a shorts [&hellip;]\" \/>\n<meta property=\"og:url\" content=\"https:\/\/nordicpadel.com\/sv\/product\/fila-polo-stripes-polo-3\/\" \/>\n<meta property=\"og:site_name\" content=\"Nordic Padel\" \/>\n<meta property=\"article:modified_time\" content=\"2026-03-09T00:37:53+00:00\" \/>\n<meta name=\"twitter:card\" content=\"summary_large_image\" \/>\n<script type=\"application\/ld+json\" class=\"yoast-schema-graph\">{\"@context\":\"https:\/\/schema.org\",\"@graph\":[{\"@type\":\"WebPage\",\"@id\":\"https:\/\/nordicpadel.com\/sv\/product\/fila-polo-stripes-polo-3\/\",\"url\":\"https:\/\/nordicpadel.com\/sv\/product\/fila-polo-stripes-polo-3\/\",\"name\":\"FILA Polo Stripes Polo - Nordic Padel\",\"isPartOf\":{\"@id\":\"https:\/\/nordicpadel.com\/sv\/#website\"},\"primaryImageOfPage\":{\"@id\":\"https:\/\/nordicpadel.com\/sv\/product\/fila-polo-stripes-polo-3\/#primaryimage\"},\"image\":{\"@id\":\"https:\/\/nordicpadel.com\/sv\/product\/fila-polo-stripes-polo-3\/#primaryimage\"},\"thumbnailUrl\":\"https:\/\/nordicpadel.com\/sv\/wp-content\/uploads\/sites\/10\/2025\/11\/ed065e59c8942da961c0aa3e43921d20.png\",\"datePublished\":\"2025-11-26T16:14:27+00:00\",\"dateModified\":\"2026-03-09T00:37:53+00:00\",\"breadcrumb\":{\"@id\":\"https:\/\/nordicpadel.com\/sv\/product\/fila-polo-stripes-polo-3\/#breadcrumb\"},\"inLanguage\":\"sv-SE\",\"potentialAction\":[{\"@type\":\"ReadAction\",\"target\":[\"https:\/\/nordicpadel.com\/sv\/product\/fila-polo-stripes-polo-3\/\"]}]},{\"@type\":\"ImageObject\",\"inLanguage\":\"sv-SE\",\"@id\":\"https:\/\/nordicpadel.com\/sv\/product\/fila-polo-stripes-polo-3\/#primaryimage\",\"url\":\"https:\/\/nordicpadel.com\/sv\/wp-content\/uploads\/sites\/10\/2025\/11\/ed065e59c8942da961c0aa3e43921d20.png\",\"contentUrl\":\"https:\/\/nordicpadel.com\/sv\/wp-content\/uploads\/sites\/10\/2025\/11\/ed065e59c8942da961c0aa3e43921d20.png\",\"width\":800,\"height\":800,\"caption\":\"FILA Polo Stripes Polo\"},{\"@type\":\"BreadcrumbList\",\"@id\":\"https:\/\/nordicpadel.com\/sv\/product\/fila-polo-stripes-polo-3\/#breadcrumb\",\"itemListElement\":[{\"@type\":\"ListItem\",\"position\":1,\"name\":\"Hem\",\"item\":\"https:\/\/nordicpadel.com\/sv\/\"},{\"@type\":\"ListItem\",\"position\":2,\"name\":\"Shop\",\"item\":\"https:\/\/nordicpadel.com\/sv\/shop\/\"},{\"@type\":\"ListItem\",\"position\":3,\"name\":\"FILA Polo Stripes Polo\"}]},{\"@type\":\"WebSite\",\"@id\":\"https:\/\/nordicpadel.com\/sv\/#website\",\"url\":\"https:\/\/nordicpadel.com\/sv\/\",\"name\":\"Nordic Padel\",\"description\":\"\",\"publisher\":{\"@id\":\"https:\/\/nordicpadel.com\/sv\/#organization\"},\"potentialAction\":[{\"@type\":\"SearchAction\",\"target\":{\"@type\":\"EntryPoint\",\"urlTemplate\":\"https:\/\/nordicpadel.com\/sv\/?s={search_term_string}\"},\"query-input\":\"required name=search_term_string\"}],\"inLanguage\":\"sv-SE\"},{\"@type\":\"Organization\",\"@id\":\"https:\/\/nordicpadel.com\/sv\/#organization\",\"name\":\"Nordic Padel\",\"url\":\"https:\/\/nordicpadel.com\/sv\/\",\"logo\":{\"@type\":\"ImageObject\",\"inLanguage\":\"sv-SE\",\"@id\":\"https:\/\/nordicpadel.com\/sv\/#\/schema\/logo\/image\/\",\"url\":\"https:\/\/nordicpadel.com\/sv\/wp-content\/uploads\/sites\/10\/2022\/12\/Nordic-Padel-small_1-1.png\",\"contentUrl\":\"https:\/\/nordicpadel.com\/sv\/wp-content\/uploads\/sites\/10\/2022\/12\/Nordic-Padel-small_1-1.png\",\"width\":400,\"height\":119,\"caption\":\"Nordic Padel\"},\"image\":{\"@id\":\"https:\/\/nordicpadel.com\/sv\/#\/schema\/logo\/image\/\"}}]}<\/script>\n<!-- \/ Yoast SEO plugin. -->","yoast_head_json":{"title":"FILA Polo Stripes Polo - Nordic Padel","robots":{"index":"index","follow":"follow","max-snippet":"max-snippet:-1","max-image-preview":"max-image-preview:large","max-video-preview":"max-video-preview:-1"},"canonical":"https:\/\/nordicpadel.com\/sv\/product\/fila-polo-stripes-polo-3\/","og_locale":"sv_SE","og_type":"article","og_title":"FILA Polo Stripes Polo - Nordic Padel","og_description":"Detta \u00e4r ett klassiskt m\u00f6nster ifr\u00e5n FILA som har inspirerats ifr\u00e5n tiden d\u00e5 Bj\u00f6rn Borg spelade med FILAS kl\u00e4der. Plagget \u00e4r gjort med funktionsmaterial vilket absorberar fukt p\u00e5 ett effektivt s\u00e4tt samtidgt som materialet ger en fin klassisk passform med h\u00f6gsta r\u00f6relsefrihet. Kombinera g\u00e4rna denna pike ihop med ett par vita shorts eller bl\u00e5a shorts [&hellip;]","og_url":"https:\/\/nordicpadel.com\/sv\/product\/fila-polo-stripes-polo-3\/","og_site_name":"Nordic Padel","article_modified_time":"2026-03-09T00:37:53+00:00","twitter_card":"summary_large_image","schema":{"@context":"https:\/\/schema.org","@graph":[{"@type":"WebPage","@id":"https:\/\/nordicpadel.com\/sv\/product\/fila-polo-stripes-polo-3\/","url":"https:\/\/nordicpadel.com\/sv\/product\/fila-polo-stripes-polo-3\/","name":"FILA Polo Stripes Polo - Nordic Padel","isPartOf":{"@id":"https:\/\/nordicpadel.com\/sv\/#website"},"primaryImageOfPage":{"@id":"https:\/\/nordicpadel.com\/sv\/product\/fila-polo-stripes-polo-3\/#primaryimage"},"image":{"@id":"https:\/\/nordicpadel.com\/sv\/product\/fila-polo-stripes-polo-3\/#primaryimage"},"thumbnailUrl":"https:\/\/nordicpadel.com\/sv\/wp-content\/uploads\/sites\/10\/2025\/11\/ed065e59c8942da961c0aa3e43921d20.png","datePublished":"2025-11-26T16:14:27+00:00","dateModified":"2026-03-09T00:37:53+00:00","breadcrumb":{"@id":"https:\/\/nordicpadel.com\/sv\/product\/fila-polo-stripes-polo-3\/#breadcrumb"},"inLanguage":"sv-SE","potentialAction":[{"@type":"ReadAction","target":["https:\/\/nordicpadel.com\/sv\/product\/fila-polo-stripes-polo-3\/"]}]},{"@type":"ImageObject","inLanguage":"sv-SE","@id":"https:\/\/nordicpadel.com\/sv\/product\/fila-polo-stripes-polo-3\/#primaryimage","url":"https:\/\/nordicpadel.com\/sv\/wp-content\/uploads\/sites\/10\/2025\/11\/ed065e59c8942da961c0aa3e43921d20.png","contentUrl":"https:\/\/nordicpadel.com\/sv\/wp-content\/uploads\/sites\/10\/2025\/11\/ed065e59c8942da961c0aa3e43921d20.png","width":800,"height":800,"caption":"FILA Polo Stripes Polo"},{"@type":"BreadcrumbList","@id":"https:\/\/nordicpadel.com\/sv\/product\/fila-polo-stripes-polo-3\/#breadcrumb","itemListElement":[{"@type":"ListItem","position":1,"name":"Hem","item":"https:\/\/nordicpadel.com\/sv\/"},{"@type":"ListItem","position":2,"name":"Shop","item":"https:\/\/nordicpadel.com\/sv\/shop\/"},{"@type":"ListItem","position":3,"name":"FILA Polo Stripes Polo"}]},{"@type":"WebSite","@id":"https:\/\/nordicpadel.com\/sv\/#website","url":"https:\/\/nordicpadel.com\/sv\/","name":"Nordic Padel","description":"","publisher":{"@id":"https:\/\/nordicpadel.com\/sv\/#organization"},"potentialAction":[{"@type":"SearchAction","target":{"@type":"EntryPoint","urlTemplate":"https:\/\/nordicpadel.com\/sv\/?s={search_term_string}"},"query-input":"required name=search_term_string"}],"inLanguage":"sv-SE"},{"@type":"Organization","@id":"https:\/\/nordicpadel.com\/sv\/#organization","name":"Nordic Padel","url":"https:\/\/nordicpadel.com\/sv\/","logo":{"@type":"ImageObject","inLanguage":"sv-SE","@id":"https:\/\/nordicpadel.com\/sv\/#\/schema\/logo\/image\/","url":"https:\/\/nordicpadel.com\/sv\/wp-content\/uploads\/sites\/10\/2022\/12\/Nordic-Padel-small_1-1.png","contentUrl":"https:\/\/nordicpadel.com\/sv\/wp-content\/uploads\/sites\/10\/2022\/12\/Nordic-Padel-small_1-1.png","width":400,"height":119,"caption":"Nordic Padel"},"image":{"@id":"https:\/\/nordicpadel.com\/sv\/#\/schema\/logo\/image\/"}}]}},"brands":[],"_links":{"self":[{"href":"https:\/\/nordicpadel.com\/sv\/wp-json\/wp\/v2\/product\/87422","targetHints":{"allow":["GET"]}}],"collection":[{"href":"https:\/\/nordicpadel.com\/sv\/wp-json\/wp\/v2\/product"}],"about":[{"href":"https:\/\/nordicpadel.com\/sv\/wp-json\/wp\/v2\/types\/product"}],"replies":[{"embeddable":true,"href":"https:\/\/nordicpadel.com\/sv\/wp-json\/wp\/v2\/comments?post=87422"}],"wp:featuredmedia":[{"embeddable":true,"href":"https:\/\/nordicpadel.com\/sv\/wp-json\/wp\/v2\/media\/87421"}],"wp:attachment":[{"href":"https:\/\/nordicpadel.com\/sv\/wp-json\/wp\/v2\/media?parent=87422"}],"wp:term":[{"taxonomy":"pwb-brand","embeddable":true,"href":"https:\/\/nordicpadel.com\/sv\/wp-json\/wp\/v2\/pwb-brand?post=87422"},{"taxonomy":"product_cat","embeddable":true,"href":"https:\/\/nordicpadel.com\/sv\/wp-json\/wp\/v2\/product_cat?post=87422"},{"taxonomy":"product_tag","embeddable":true,"href":"https:\/\/nordicpadel.com\/sv\/wp-json\/wp\/v2\/product_tag?post=87422"},{"taxonomy":"woo-feed-brand","embeddable":true,"href":"https:\/\/nordicpadel.com\/sv\/wp-json\/wp\/v2\/woo-feed-brand?post=87422"}],"curies":[{"name":"wp","href":"https:\/\/api.w.org\/{rel}","templated":true}]}}