{"id":87391,"date":"2025-11-26T17:13:33","date_gmt":"2025-11-26T16:13:33","guid":{"rendered":"https:\/\/nordicpadel.com\/sv\/product\/bow19-alicia-pike\/"},"modified":"2025-11-27T16:51:09","modified_gmt":"2025-11-27T15:51:09","slug":"bow19-alicia-pike","status":"publish","type":"product","link":"https:\/\/nordicpadel.com\/sv\/product\/bow19-alicia-pike\/","title":{"rendered":"BOW19 Alicia Pik\u00e9"},"content":{"rendered":"<p>K\u00f6p Bow19 nya polo i snygg design. The Best Pike &#8211; lite oversize och lite kortare f\u00f6r att g\u00f6ra den mer feminin till den stilrena kjolen med h\u00f6g midja. Passar perfekt till tennis eller padel. V-ringad och supermjuk F\u00e4rg: Cinder\/ Dark Taupe Funktioner: Supermjuk funktionell topp som passar perfekt till tennis och padel och f\u00f6r den delen \u00e4ven till jeans. Modellen b\u00e4r storlek S, hon \u00e4r 175 cm. Oversize passform.<\/p>\n","protected":false},"excerpt":{"rendered":"<p>K\u00f6p Bow19 nya polo i snygg design. The Best Pike &#8211; lite oversize och lite kortare f\u00f6r att g\u00f6ra den mer feminin till den stilrena kjolen med h\u00f6g midja. Passar perfekt till tennis eller padel. V-ringad och supermjuk F\u00e4rg: Cinder\/ Dark Taupe Funktioner: Supermjuk funktionell topp som passar perfekt till tennis och padel och f\u00f6r [&hellip;]<\/p>\n","protected":false},"featured_media":87390,"comment_status":"open","ping_status":"closed","template":"","meta":[],"pwb-brand":[],"product_cat":[469,39],"product_tag":[],"woo-feed-brand":[],"class_list":{"0":"post-87391","1":"product","2":"type-product","3":"status-publish","4":"has-post-thumbnail","6":"product_cat-bow19","7":"product_cat-padelklader-dam","8":"pa_varumarke-bow19","10":"first","11":"instock","12":"sale","13":"taxable","14":"shipping-taxable","15":"purchasable","16":"product-type-variable"},"bundled_by":[],"bundle_stock_status":"instock","bundle_stock_quantity":3,"bundle_virtual":false,"bundle_layout":"","bundle_add_to_cart_form_location":"","bundle_editable_in_cart":false,"bundle_sold_individually_context":"","bundle_item_grouping":"","bundle_min_size":"","bundle_max_size":"","bundled_items":[],"bundle_sell_ids":[],"acf":[],"yoast_head":"<!-- This site is optimized with the Yoast SEO plugin v23.1 - https:\/\/yoast.com\/wordpress\/plugins\/seo\/ -->\n<title>BOW19 Alicia Pik\u00e9 - Nordic Padel<\/title>\n<meta name=\"robots\" content=\"index, follow, max-snippet:-1, max-image-preview:large, max-video-preview:-1\" \/>\n<link rel=\"canonical\" href=\"https:\/\/nordicpadel.com\/sv\/product\/bow19-alicia-pike\/\" \/>\n<meta property=\"og:locale\" content=\"sv_SE\" \/>\n<meta property=\"og:type\" content=\"article\" \/>\n<meta property=\"og:title\" content=\"BOW19 Alicia Pik\u00e9 - Nordic Padel\" \/>\n<meta property=\"og:description\" content=\"K\u00f6p Bow19 nya polo i snygg design. The Best Pike &#8211; lite oversize och lite kortare f\u00f6r att g\u00f6ra den mer feminin till den stilrena kjolen med h\u00f6g midja. Passar perfekt till tennis eller padel. V-ringad och supermjuk F\u00e4rg: Cinder\/ Dark Taupe Funktioner: Supermjuk funktionell topp som passar perfekt till tennis och padel och f\u00f6r [&hellip;]\" \/>\n<meta property=\"og:url\" content=\"https:\/\/nordicpadel.com\/sv\/product\/bow19-alicia-pike\/\" \/>\n<meta property=\"og:site_name\" content=\"Nordic Padel\" \/>\n<meta property=\"article:modified_time\" content=\"2025-11-27T15:51:09+00:00\" \/>\n<meta name=\"twitter:card\" content=\"summary_large_image\" \/>\n<script type=\"application\/ld+json\" class=\"yoast-schema-graph\">{\"@context\":\"https:\/\/schema.org\",\"@graph\":[{\"@type\":\"WebPage\",\"@id\":\"https:\/\/nordicpadel.com\/sv\/product\/bow19-alicia-pike\/\",\"url\":\"https:\/\/nordicpadel.com\/sv\/product\/bow19-alicia-pike\/\",\"name\":\"BOW19 Alicia Pik\u00e9 - Nordic Padel\",\"isPartOf\":{\"@id\":\"https:\/\/nordicpadel.com\/sv\/#website\"},\"primaryImageOfPage\":{\"@id\":\"https:\/\/nordicpadel.com\/sv\/product\/bow19-alicia-pike\/#primaryimage\"},\"image\":{\"@id\":\"https:\/\/nordicpadel.com\/sv\/product\/bow19-alicia-pike\/#primaryimage\"},\"thumbnailUrl\":\"https:\/\/nordicpadel.com\/sv\/wp-content\/uploads\/sites\/10\/2025\/11\/6235cd6956fef6eb71a45266e2508357.jpg\",\"datePublished\":\"2025-11-26T16:13:33+00:00\",\"dateModified\":\"2025-11-27T15:51:09+00:00\",\"breadcrumb\":{\"@id\":\"https:\/\/nordicpadel.com\/sv\/product\/bow19-alicia-pike\/#breadcrumb\"},\"inLanguage\":\"sv-SE\",\"potentialAction\":[{\"@type\":\"ReadAction\",\"target\":[\"https:\/\/nordicpadel.com\/sv\/product\/bow19-alicia-pike\/\"]}]},{\"@type\":\"ImageObject\",\"inLanguage\":\"sv-SE\",\"@id\":\"https:\/\/nordicpadel.com\/sv\/product\/bow19-alicia-pike\/#primaryimage\",\"url\":\"https:\/\/nordicpadel.com\/sv\/wp-content\/uploads\/sites\/10\/2025\/11\/6235cd6956fef6eb71a45266e2508357.jpg\",\"contentUrl\":\"https:\/\/nordicpadel.com\/sv\/wp-content\/uploads\/sites\/10\/2025\/11\/6235cd6956fef6eb71a45266e2508357.jpg\",\"width\":600,\"height\":600,\"caption\":\"BOW19 Alicia Pik\u00e9\"},{\"@type\":\"BreadcrumbList\",\"@id\":\"https:\/\/nordicpadel.com\/sv\/product\/bow19-alicia-pike\/#breadcrumb\",\"itemListElement\":[{\"@type\":\"ListItem\",\"position\":1,\"name\":\"Hem\",\"item\":\"https:\/\/nordicpadel.com\/sv\/\"},{\"@type\":\"ListItem\",\"position\":2,\"name\":\"Shop\",\"item\":\"https:\/\/nordicpadel.com\/sv\/shop\/\"},{\"@type\":\"ListItem\",\"position\":3,\"name\":\"BOW19 Alicia Pik\u00e9\"}]},{\"@type\":\"WebSite\",\"@id\":\"https:\/\/nordicpadel.com\/sv\/#website\",\"url\":\"https:\/\/nordicpadel.com\/sv\/\",\"name\":\"Nordic Padel\",\"description\":\"\",\"publisher\":{\"@id\":\"https:\/\/nordicpadel.com\/sv\/#organization\"},\"potentialAction\":[{\"@type\":\"SearchAction\",\"target\":{\"@type\":\"EntryPoint\",\"urlTemplate\":\"https:\/\/nordicpadel.com\/sv\/?s={search_term_string}\"},\"query-input\":\"required name=search_term_string\"}],\"inLanguage\":\"sv-SE\"},{\"@type\":\"Organization\",\"@id\":\"https:\/\/nordicpadel.com\/sv\/#organization\",\"name\":\"Nordic Padel\",\"url\":\"https:\/\/nordicpadel.com\/sv\/\",\"logo\":{\"@type\":\"ImageObject\",\"inLanguage\":\"sv-SE\",\"@id\":\"https:\/\/nordicpadel.com\/sv\/#\/schema\/logo\/image\/\",\"url\":\"https:\/\/nordicpadel.com\/sv\/wp-content\/uploads\/sites\/10\/2022\/12\/Nordic-Padel-small_1-1.png\",\"contentUrl\":\"https:\/\/nordicpadel.com\/sv\/wp-content\/uploads\/sites\/10\/2022\/12\/Nordic-Padel-small_1-1.png\",\"width\":400,\"height\":119,\"caption\":\"Nordic Padel\"},\"image\":{\"@id\":\"https:\/\/nordicpadel.com\/sv\/#\/schema\/logo\/image\/\"}}]}<\/script>\n<!-- \/ Yoast SEO plugin. -->","yoast_head_json":{"title":"BOW19 Alicia Pik\u00e9 - Nordic Padel","robots":{"index":"index","follow":"follow","max-snippet":"max-snippet:-1","max-image-preview":"max-image-preview:large","max-video-preview":"max-video-preview:-1"},"canonical":"https:\/\/nordicpadel.com\/sv\/product\/bow19-alicia-pike\/","og_locale":"sv_SE","og_type":"article","og_title":"BOW19 Alicia Pik\u00e9 - Nordic Padel","og_description":"K\u00f6p Bow19 nya polo i snygg design. The Best Pike &#8211; lite oversize och lite kortare f\u00f6r att g\u00f6ra den mer feminin till den stilrena kjolen med h\u00f6g midja. Passar perfekt till tennis eller padel. V-ringad och supermjuk F\u00e4rg: Cinder\/ Dark Taupe Funktioner: Supermjuk funktionell topp som passar perfekt till tennis och padel och f\u00f6r [&hellip;]","og_url":"https:\/\/nordicpadel.com\/sv\/product\/bow19-alicia-pike\/","og_site_name":"Nordic Padel","article_modified_time":"2025-11-27T15:51:09+00:00","twitter_card":"summary_large_image","schema":{"@context":"https:\/\/schema.org","@graph":[{"@type":"WebPage","@id":"https:\/\/nordicpadel.com\/sv\/product\/bow19-alicia-pike\/","url":"https:\/\/nordicpadel.com\/sv\/product\/bow19-alicia-pike\/","name":"BOW19 Alicia Pik\u00e9 - Nordic Padel","isPartOf":{"@id":"https:\/\/nordicpadel.com\/sv\/#website"},"primaryImageOfPage":{"@id":"https:\/\/nordicpadel.com\/sv\/product\/bow19-alicia-pike\/#primaryimage"},"image":{"@id":"https:\/\/nordicpadel.com\/sv\/product\/bow19-alicia-pike\/#primaryimage"},"thumbnailUrl":"https:\/\/nordicpadel.com\/sv\/wp-content\/uploads\/sites\/10\/2025\/11\/6235cd6956fef6eb71a45266e2508357.jpg","datePublished":"2025-11-26T16:13:33+00:00","dateModified":"2025-11-27T15:51:09+00:00","breadcrumb":{"@id":"https:\/\/nordicpadel.com\/sv\/product\/bow19-alicia-pike\/#breadcrumb"},"inLanguage":"sv-SE","potentialAction":[{"@type":"ReadAction","target":["https:\/\/nordicpadel.com\/sv\/product\/bow19-alicia-pike\/"]}]},{"@type":"ImageObject","inLanguage":"sv-SE","@id":"https:\/\/nordicpadel.com\/sv\/product\/bow19-alicia-pike\/#primaryimage","url":"https:\/\/nordicpadel.com\/sv\/wp-content\/uploads\/sites\/10\/2025\/11\/6235cd6956fef6eb71a45266e2508357.jpg","contentUrl":"https:\/\/nordicpadel.com\/sv\/wp-content\/uploads\/sites\/10\/2025\/11\/6235cd6956fef6eb71a45266e2508357.jpg","width":600,"height":600,"caption":"BOW19 Alicia Pik\u00e9"},{"@type":"BreadcrumbList","@id":"https:\/\/nordicpadel.com\/sv\/product\/bow19-alicia-pike\/#breadcrumb","itemListElement":[{"@type":"ListItem","position":1,"name":"Hem","item":"https:\/\/nordicpadel.com\/sv\/"},{"@type":"ListItem","position":2,"name":"Shop","item":"https:\/\/nordicpadel.com\/sv\/shop\/"},{"@type":"ListItem","position":3,"name":"BOW19 Alicia Pik\u00e9"}]},{"@type":"WebSite","@id":"https:\/\/nordicpadel.com\/sv\/#website","url":"https:\/\/nordicpadel.com\/sv\/","name":"Nordic Padel","description":"","publisher":{"@id":"https:\/\/nordicpadel.com\/sv\/#organization"},"potentialAction":[{"@type":"SearchAction","target":{"@type":"EntryPoint","urlTemplate":"https:\/\/nordicpadel.com\/sv\/?s={search_term_string}"},"query-input":"required name=search_term_string"}],"inLanguage":"sv-SE"},{"@type":"Organization","@id":"https:\/\/nordicpadel.com\/sv\/#organization","name":"Nordic Padel","url":"https:\/\/nordicpadel.com\/sv\/","logo":{"@type":"ImageObject","inLanguage":"sv-SE","@id":"https:\/\/nordicpadel.com\/sv\/#\/schema\/logo\/image\/","url":"https:\/\/nordicpadel.com\/sv\/wp-content\/uploads\/sites\/10\/2022\/12\/Nordic-Padel-small_1-1.png","contentUrl":"https:\/\/nordicpadel.com\/sv\/wp-content\/uploads\/sites\/10\/2022\/12\/Nordic-Padel-small_1-1.png","width":400,"height":119,"caption":"Nordic Padel"},"image":{"@id":"https:\/\/nordicpadel.com\/sv\/#\/schema\/logo\/image\/"}}]}},"brands":[],"_links":{"self":[{"href":"https:\/\/nordicpadel.com\/sv\/wp-json\/wp\/v2\/product\/87391","targetHints":{"allow":["GET"]}}],"collection":[{"href":"https:\/\/nordicpadel.com\/sv\/wp-json\/wp\/v2\/product"}],"about":[{"href":"https:\/\/nordicpadel.com\/sv\/wp-json\/wp\/v2\/types\/product"}],"replies":[{"embeddable":true,"href":"https:\/\/nordicpadel.com\/sv\/wp-json\/wp\/v2\/comments?post=87391"}],"wp:featuredmedia":[{"embeddable":true,"href":"https:\/\/nordicpadel.com\/sv\/wp-json\/wp\/v2\/media\/87390"}],"wp:attachment":[{"href":"https:\/\/nordicpadel.com\/sv\/wp-json\/wp\/v2\/media?parent=87391"}],"wp:term":[{"taxonomy":"pwb-brand","embeddable":true,"href":"https:\/\/nordicpadel.com\/sv\/wp-json\/wp\/v2\/pwb-brand?post=87391"},{"taxonomy":"product_cat","embeddable":true,"href":"https:\/\/nordicpadel.com\/sv\/wp-json\/wp\/v2\/product_cat?post=87391"},{"taxonomy":"product_tag","embeddable":true,"href":"https:\/\/nordicpadel.com\/sv\/wp-json\/wp\/v2\/product_tag?post=87391"},{"taxonomy":"woo-feed-brand","embeddable":true,"href":"https:\/\/nordicpadel.com\/sv\/wp-json\/wp\/v2\/woo-feed-brand?post=87391"}],"curies":[{"name":"wp","href":"https:\/\/api.w.org\/{rel}","templated":true}]}}