{"id":87388,"date":"2025-11-26T17:13:30","date_gmt":"2025-11-26T16:13:30","guid":{"rendered":"https:\/\/nordicpadel.com\/sv\/product\/rs-cobra-ws-edition\/"},"modified":"2025-11-26T21:37:09","modified_gmt":"2025-11-26T20:37:09","slug":"rs-cobra-ws-edition","status":"publish","type":"product","link":"https:\/\/nordicpadel.com\/sv\/product\/rs-cobra-ws-edition\/","title":{"rendered":"RS Cobra W&#8217;s Edition"},"content":{"rendered":"<p>RS Cobra Women\u2019s Edition \u00e4r ett perfekt <a href=\"https:\/\/nordicpadel.com\/sv\/product-category\/padelracket\/\">padelracket<\/a> f\u00f6r dig som \u00e4r ny i sporten. Racket har en rund form och en l\u00e5g balans vilket g\u00f6r att det har en stor sweet spot placerad i mitten av racket, s\u00e5ledes blir det l\u00e4ttare att f\u00e5 en bra tr\u00e4ff p\u00e5 bollen. RS Cobra Women\u2019s Edition har dessutom en l\u00e4gre vikt en vanliga Cobra och v\u00e4ger 340 +\/- 15 gram.<br id=\"isPasted\"><br \/>Denna \u00e4r en nya variant i Cobra serien f\u00f6r 2022 och \u00e4r tillverkad i RS nya fabrik med h\u00f6gre kvalit\u00e9 och b\u00e4ttre finish \u00e4n tidigare varianter med en matt, l\u00e4tt strukturerad, yta. Vi upplever dessutom att racket k\u00e4nns otroligt gediget och solitt. Ett grymt bra racket f\u00f6r ett v\u00e4ldigt bra pris!<\/p>\n","protected":false},"excerpt":{"rendered":"<p>RS Cobra Women\u2019s Edition \u00e4r ett perfekt padelracket f\u00f6r dig som \u00e4r ny i sporten. Racket har en rund form och en l\u00e5g balans vilket g\u00f6r att det har en stor sweet spot placerad i mitten av racket, s\u00e5ledes blir det l\u00e4ttare att f\u00e5 en bra tr\u00e4ff p\u00e5 bollen. RS Cobra Women\u2019s Edition har dessutom [&hellip;]<\/p>\n","protected":false},"featured_media":87386,"comment_status":"open","ping_status":"closed","template":"","meta":[],"pwb-brand":[],"product_cat":[16],"product_tag":[],"woo-feed-brand":[],"class_list":{"0":"post-87388","1":"product","2":"type-product","3":"status-publish","4":"has-post-thumbnail","6":"product_cat-padelracket","7":"pa_varumarke-rs-robinsoderling-2","9":"first","10":"outofstock","11":"taxable","12":"shipping-taxable","13":"purchasable","14":"product-type-simple"},"bundled_by":[],"bundle_stock_status":"outofstock","bundle_stock_quantity":0,"bundle_virtual":false,"bundle_layout":"","bundle_add_to_cart_form_location":"","bundle_editable_in_cart":false,"bundle_sold_individually_context":"","bundle_item_grouping":"","bundle_min_size":"","bundle_max_size":"","bundled_items":[],"bundle_sell_ids":[],"acf":[],"yoast_head":"<!-- This site is optimized with the Yoast SEO plugin v23.1 - https:\/\/yoast.com\/wordpress\/plugins\/seo\/ -->\n<title>RS Cobra W&#039;s Edition - Nordic Padel<\/title>\n<meta name=\"robots\" content=\"index, follow, max-snippet:-1, max-image-preview:large, max-video-preview:-1\" \/>\n<link rel=\"canonical\" href=\"https:\/\/nordicpadel.com\/sv\/product\/rs-cobra-ws-edition\/\" \/>\n<meta property=\"og:locale\" content=\"sv_SE\" \/>\n<meta property=\"og:type\" content=\"article\" \/>\n<meta property=\"og:title\" content=\"RS Cobra W&#039;s Edition - Nordic Padel\" \/>\n<meta property=\"og:description\" content=\"RS Cobra Women\u2019s Edition \u00e4r ett perfekt padelracket f\u00f6r dig som \u00e4r ny i sporten. Racket har en rund form och en l\u00e5g balans vilket g\u00f6r att det har en stor sweet spot placerad i mitten av racket, s\u00e5ledes blir det l\u00e4ttare att f\u00e5 en bra tr\u00e4ff p\u00e5 bollen. RS Cobra Women\u2019s Edition har dessutom [&hellip;]\" \/>\n<meta property=\"og:url\" content=\"https:\/\/nordicpadel.com\/sv\/product\/rs-cobra-ws-edition\/\" \/>\n<meta property=\"og:site_name\" content=\"Nordic Padel\" \/>\n<meta property=\"article:modified_time\" content=\"2025-11-26T20:37:09+00:00\" \/>\n<meta property=\"og:image\" content=\"https:\/\/nordicpadel.com\/sv\/wp-content\/uploads\/sites\/10\/2025\/11\/b097518856dcd4a48b5f02c557210a8e.png\" \/>\n\t<meta property=\"og:image:width\" content=\"800\" \/>\n\t<meta property=\"og:image:height\" content=\"800\" \/>\n\t<meta property=\"og:image:type\" content=\"image\/png\" \/>\n<meta name=\"twitter:card\" content=\"summary_large_image\" \/>\n<meta name=\"twitter:label1\" content=\"Ber\u00e4knad l\u00e4stid\" \/>\n\t<meta name=\"twitter:data1\" content=\"1 minut\" \/>\n<script type=\"application\/ld+json\" class=\"yoast-schema-graph\">{\"@context\":\"https:\/\/schema.org\",\"@graph\":[{\"@type\":\"WebPage\",\"@id\":\"https:\/\/nordicpadel.com\/sv\/product\/rs-cobra-ws-edition\/\",\"url\":\"https:\/\/nordicpadel.com\/sv\/product\/rs-cobra-ws-edition\/\",\"name\":\"RS Cobra W's Edition - Nordic Padel\",\"isPartOf\":{\"@id\":\"https:\/\/nordicpadel.com\/sv\/#website\"},\"primaryImageOfPage\":{\"@id\":\"https:\/\/nordicpadel.com\/sv\/product\/rs-cobra-ws-edition\/#primaryimage\"},\"image\":{\"@id\":\"https:\/\/nordicpadel.com\/sv\/product\/rs-cobra-ws-edition\/#primaryimage\"},\"thumbnailUrl\":\"https:\/\/nordicpadel.com\/sv\/wp-content\/uploads\/sites\/10\/2025\/11\/b097518856dcd4a48b5f02c557210a8e.png\",\"datePublished\":\"2025-11-26T16:13:30+00:00\",\"dateModified\":\"2025-11-26T20:37:09+00:00\",\"breadcrumb\":{\"@id\":\"https:\/\/nordicpadel.com\/sv\/product\/rs-cobra-ws-edition\/#breadcrumb\"},\"inLanguage\":\"sv-SE\",\"potentialAction\":[{\"@type\":\"ReadAction\",\"target\":[\"https:\/\/nordicpadel.com\/sv\/product\/rs-cobra-ws-edition\/\"]}]},{\"@type\":\"ImageObject\",\"inLanguage\":\"sv-SE\",\"@id\":\"https:\/\/nordicpadel.com\/sv\/product\/rs-cobra-ws-edition\/#primaryimage\",\"url\":\"https:\/\/nordicpadel.com\/sv\/wp-content\/uploads\/sites\/10\/2025\/11\/b097518856dcd4a48b5f02c557210a8e.png\",\"contentUrl\":\"https:\/\/nordicpadel.com\/sv\/wp-content\/uploads\/sites\/10\/2025\/11\/b097518856dcd4a48b5f02c557210a8e.png\",\"width\":800,\"height\":800,\"caption\":\"RS Cobra W's Edition\"},{\"@type\":\"BreadcrumbList\",\"@id\":\"https:\/\/nordicpadel.com\/sv\/product\/rs-cobra-ws-edition\/#breadcrumb\",\"itemListElement\":[{\"@type\":\"ListItem\",\"position\":1,\"name\":\"Hem\",\"item\":\"https:\/\/nordicpadel.com\/sv\/\"},{\"@type\":\"ListItem\",\"position\":2,\"name\":\"Shop\",\"item\":\"https:\/\/nordicpadel.com\/sv\/shop\/\"},{\"@type\":\"ListItem\",\"position\":3,\"name\":\"RS Cobra W&#8217;s Edition\"}]},{\"@type\":\"WebSite\",\"@id\":\"https:\/\/nordicpadel.com\/sv\/#website\",\"url\":\"https:\/\/nordicpadel.com\/sv\/\",\"name\":\"Nordic Padel\",\"description\":\"\",\"publisher\":{\"@id\":\"https:\/\/nordicpadel.com\/sv\/#organization\"},\"potentialAction\":[{\"@type\":\"SearchAction\",\"target\":{\"@type\":\"EntryPoint\",\"urlTemplate\":\"https:\/\/nordicpadel.com\/sv\/?s={search_term_string}\"},\"query-input\":\"required name=search_term_string\"}],\"inLanguage\":\"sv-SE\"},{\"@type\":\"Organization\",\"@id\":\"https:\/\/nordicpadel.com\/sv\/#organization\",\"name\":\"Nordic Padel\",\"url\":\"https:\/\/nordicpadel.com\/sv\/\",\"logo\":{\"@type\":\"ImageObject\",\"inLanguage\":\"sv-SE\",\"@id\":\"https:\/\/nordicpadel.com\/sv\/#\/schema\/logo\/image\/\",\"url\":\"https:\/\/nordicpadel.com\/sv\/wp-content\/uploads\/sites\/10\/2022\/12\/Nordic-Padel-small_1-1.png\",\"contentUrl\":\"https:\/\/nordicpadel.com\/sv\/wp-content\/uploads\/sites\/10\/2022\/12\/Nordic-Padel-small_1-1.png\",\"width\":400,\"height\":119,\"caption\":\"Nordic Padel\"},\"image\":{\"@id\":\"https:\/\/nordicpadel.com\/sv\/#\/schema\/logo\/image\/\"}}]}<\/script>\n<!-- \/ Yoast SEO plugin. -->","yoast_head_json":{"title":"RS Cobra W's Edition - Nordic Padel","robots":{"index":"index","follow":"follow","max-snippet":"max-snippet:-1","max-image-preview":"max-image-preview:large","max-video-preview":"max-video-preview:-1"},"canonical":"https:\/\/nordicpadel.com\/sv\/product\/rs-cobra-ws-edition\/","og_locale":"sv_SE","og_type":"article","og_title":"RS Cobra W's Edition - Nordic Padel","og_description":"RS Cobra Women\u2019s Edition \u00e4r ett perfekt padelracket f\u00f6r dig som \u00e4r ny i sporten. Racket har en rund form och en l\u00e5g balans vilket g\u00f6r att det har en stor sweet spot placerad i mitten av racket, s\u00e5ledes blir det l\u00e4ttare att f\u00e5 en bra tr\u00e4ff p\u00e5 bollen. RS Cobra Women\u2019s Edition har dessutom [&hellip;]","og_url":"https:\/\/nordicpadel.com\/sv\/product\/rs-cobra-ws-edition\/","og_site_name":"Nordic Padel","article_modified_time":"2025-11-26T20:37:09+00:00","og_image":[{"width":800,"height":800,"url":"https:\/\/nordicpadel.com\/sv\/wp-content\/uploads\/sites\/10\/2025\/11\/b097518856dcd4a48b5f02c557210a8e.png","type":"image\/png"}],"twitter_card":"summary_large_image","twitter_misc":{"Ber\u00e4knad l\u00e4stid":"1 minut"},"schema":{"@context":"https:\/\/schema.org","@graph":[{"@type":"WebPage","@id":"https:\/\/nordicpadel.com\/sv\/product\/rs-cobra-ws-edition\/","url":"https:\/\/nordicpadel.com\/sv\/product\/rs-cobra-ws-edition\/","name":"RS Cobra W's Edition - Nordic Padel","isPartOf":{"@id":"https:\/\/nordicpadel.com\/sv\/#website"},"primaryImageOfPage":{"@id":"https:\/\/nordicpadel.com\/sv\/product\/rs-cobra-ws-edition\/#primaryimage"},"image":{"@id":"https:\/\/nordicpadel.com\/sv\/product\/rs-cobra-ws-edition\/#primaryimage"},"thumbnailUrl":"https:\/\/nordicpadel.com\/sv\/wp-content\/uploads\/sites\/10\/2025\/11\/b097518856dcd4a48b5f02c557210a8e.png","datePublished":"2025-11-26T16:13:30+00:00","dateModified":"2025-11-26T20:37:09+00:00","breadcrumb":{"@id":"https:\/\/nordicpadel.com\/sv\/product\/rs-cobra-ws-edition\/#breadcrumb"},"inLanguage":"sv-SE","potentialAction":[{"@type":"ReadAction","target":["https:\/\/nordicpadel.com\/sv\/product\/rs-cobra-ws-edition\/"]}]},{"@type":"ImageObject","inLanguage":"sv-SE","@id":"https:\/\/nordicpadel.com\/sv\/product\/rs-cobra-ws-edition\/#primaryimage","url":"https:\/\/nordicpadel.com\/sv\/wp-content\/uploads\/sites\/10\/2025\/11\/b097518856dcd4a48b5f02c557210a8e.png","contentUrl":"https:\/\/nordicpadel.com\/sv\/wp-content\/uploads\/sites\/10\/2025\/11\/b097518856dcd4a48b5f02c557210a8e.png","width":800,"height":800,"caption":"RS Cobra W's Edition"},{"@type":"BreadcrumbList","@id":"https:\/\/nordicpadel.com\/sv\/product\/rs-cobra-ws-edition\/#breadcrumb","itemListElement":[{"@type":"ListItem","position":1,"name":"Hem","item":"https:\/\/nordicpadel.com\/sv\/"},{"@type":"ListItem","position":2,"name":"Shop","item":"https:\/\/nordicpadel.com\/sv\/shop\/"},{"@type":"ListItem","position":3,"name":"RS Cobra W&#8217;s Edition"}]},{"@type":"WebSite","@id":"https:\/\/nordicpadel.com\/sv\/#website","url":"https:\/\/nordicpadel.com\/sv\/","name":"Nordic Padel","description":"","publisher":{"@id":"https:\/\/nordicpadel.com\/sv\/#organization"},"potentialAction":[{"@type":"SearchAction","target":{"@type":"EntryPoint","urlTemplate":"https:\/\/nordicpadel.com\/sv\/?s={search_term_string}"},"query-input":"required name=search_term_string"}],"inLanguage":"sv-SE"},{"@type":"Organization","@id":"https:\/\/nordicpadel.com\/sv\/#organization","name":"Nordic Padel","url":"https:\/\/nordicpadel.com\/sv\/","logo":{"@type":"ImageObject","inLanguage":"sv-SE","@id":"https:\/\/nordicpadel.com\/sv\/#\/schema\/logo\/image\/","url":"https:\/\/nordicpadel.com\/sv\/wp-content\/uploads\/sites\/10\/2022\/12\/Nordic-Padel-small_1-1.png","contentUrl":"https:\/\/nordicpadel.com\/sv\/wp-content\/uploads\/sites\/10\/2022\/12\/Nordic-Padel-small_1-1.png","width":400,"height":119,"caption":"Nordic Padel"},"image":{"@id":"https:\/\/nordicpadel.com\/sv\/#\/schema\/logo\/image\/"}}]}},"brands":[],"_links":{"self":[{"href":"https:\/\/nordicpadel.com\/sv\/wp-json\/wp\/v2\/product\/87388","targetHints":{"allow":["GET"]}}],"collection":[{"href":"https:\/\/nordicpadel.com\/sv\/wp-json\/wp\/v2\/product"}],"about":[{"href":"https:\/\/nordicpadel.com\/sv\/wp-json\/wp\/v2\/types\/product"}],"replies":[{"embeddable":true,"href":"https:\/\/nordicpadel.com\/sv\/wp-json\/wp\/v2\/comments?post=87388"}],"wp:featuredmedia":[{"embeddable":true,"href":"https:\/\/nordicpadel.com\/sv\/wp-json\/wp\/v2\/media\/87386"}],"wp:attachment":[{"href":"https:\/\/nordicpadel.com\/sv\/wp-json\/wp\/v2\/media?parent=87388"}],"wp:term":[{"taxonomy":"pwb-brand","embeddable":true,"href":"https:\/\/nordicpadel.com\/sv\/wp-json\/wp\/v2\/pwb-brand?post=87388"},{"taxonomy":"product_cat","embeddable":true,"href":"https:\/\/nordicpadel.com\/sv\/wp-json\/wp\/v2\/product_cat?post=87388"},{"taxonomy":"product_tag","embeddable":true,"href":"https:\/\/nordicpadel.com\/sv\/wp-json\/wp\/v2\/product_tag?post=87388"},{"taxonomy":"woo-feed-brand","embeddable":true,"href":"https:\/\/nordicpadel.com\/sv\/wp-json\/wp\/v2\/woo-feed-brand?post=87388"}],"curies":[{"name":"wp","href":"https:\/\/api.w.org\/{rel}","templated":true}]}}