{"id":87373,"date":"2025-11-26T17:13:14","date_gmt":"2025-11-26T16:13:14","guid":{"rendered":"https:\/\/nordicpadel.com\/sv\/product\/asics-solution-swift-ff-clay-2\/"},"modified":"2026-02-20T10:54:29","modified_gmt":"2026-02-20T09:54:29","slug":"asics-solution-swift-ff-clay-2","status":"publish","type":"product","link":"https:\/\/nordicpadel.com\/sv\/product\/asics-solution-swift-ff-clay-2\/","title":{"rendered":"ASICS Solution Swift FF Clay"},"content":{"rendered":"<p>K\u00f6p en riktigt prisv\u00e4rd tennissko som passar lika bra f\u00f6r hala padelbanor som f\u00f6r grusbanan f\u00f6r tennisspelare. Asics Solution Swifft FF \u00e4r en ny riktigt v\u00e4larbetad sko ifr\u00e5n Asics som bara forts\u00e4tter att leverera h\u00f6gkvalitativa tennisskor och &lt;a href=&quot;https:\/\/nordicpadel.com\/sv\/product-category\/<a href=\"https:\/\/nordicpadel.com\/sv\/product-category\/padelskor\/herr\/\">padelsko<\/a>r\/&#8221;&gt;<a href=\"https:\/\/nordicpadel.com\/sv\/product-category\/padelskor\/herr\/\">padelsko<\/a>r<\/a>. Skorna \u00e4r utrustade med bra d\u00e4mpning b\u00e5de fram till och baktill,dessutom anv\u00e4nder Asics Flytefoam som \u00e4r ett l\u00e5gviktsmaterial som st\u00e5r emot tuff p\u00e5frestning. Twistruss teknologin i mellandelen av skon ger dig den stabilitet som en bra tennissko och <a href=\"https:\/\/nordicpadel.com\/sv\/product-category\/padelskor\/herr\/\">padelsko<\/a> skall ha. <strong>Passar till grusbanor f\u00f6r tennis eller hala padelbanor-fiskbensm\u00f6nstrad undersula ger dig maximalt med grepp mot underlaget.<\/strong> Solution Swift FF \u00e4r verkligen en sko som kommit f\u00f6r att stanna. F\u00e4rg: Bl\u00e5<br \/>L\u00e4s g\u00e4rna v\u00e5r <a href=\"https:\/\/nordicpadel.com\/sv\/guide-padelskor\/\">skoguide<\/a> som inneh\u00e5ller tips samt en storleksguide f\u00f6r att hj\u00e4lpa dig hitta r\u00e4tt skor.<\/p>\n","protected":false},"excerpt":{"rendered":"<p>K\u00f6p en riktigt prisv\u00e4rd tennissko som passar lika bra f\u00f6r hala padelbanor som f\u00f6r grusbanan f\u00f6r tennisspelare. Asics Solution Swifft FF \u00e4r en ny riktigt v\u00e4larbetad sko ifr\u00e5n Asics som bara forts\u00e4tter att leverera h\u00f6gkvalitativa tennisskor och &lt;a href=&quot;https:\/\/nordicpadel.com\/sv\/product-category\/padelskor\/&#8221;&gt;padelskor. Skorna \u00e4r utrustade med bra d\u00e4mpning b\u00e5de fram till och baktill,dessutom anv\u00e4nder Asics Flytefoam som \u00e4r [&hellip;]<\/p>\n","protected":false},"featured_media":87372,"comment_status":"open","ping_status":"closed","template":"","meta":[],"pwb-brand":[],"product_cat":[38],"product_tag":[],"woo-feed-brand":[],"class_list":{"0":"post-87373","1":"product","2":"type-product","3":"status-publish","4":"has-post-thumbnail","6":"product_cat-herr","7":"pa_varumarke-asics","9":"first","10":"outofstock","11":"sale","12":"taxable","13":"shipping-taxable","14":"purchasable","15":"product-type-variable"},"bundled_by":[],"bundle_stock_status":"outofstock","bundle_stock_quantity":0,"bundle_virtual":false,"bundle_layout":"","bundle_add_to_cart_form_location":"","bundle_editable_in_cart":false,"bundle_sold_individually_context":"","bundle_item_grouping":"","bundle_min_size":"","bundle_max_size":"","bundled_items":[],"bundle_sell_ids":[],"acf":[],"yoast_head":"<!-- This site is optimized with the Yoast SEO plugin v23.1 - https:\/\/yoast.com\/wordpress\/plugins\/seo\/ -->\n<title>ASICS Solution Swift FF Clay - Nordic Padel<\/title>\n<meta name=\"robots\" content=\"index, follow, max-snippet:-1, max-image-preview:large, max-video-preview:-1\" \/>\n<link rel=\"canonical\" href=\"https:\/\/nordicpadel.com\/sv\/product\/asics-solution-swift-ff-clay-2\/\" \/>\n<meta property=\"og:locale\" content=\"sv_SE\" \/>\n<meta property=\"og:type\" content=\"article\" \/>\n<meta property=\"og:title\" content=\"ASICS Solution Swift FF Clay - Nordic Padel\" \/>\n<meta property=\"og:description\" content=\"K\u00f6p en riktigt prisv\u00e4rd tennissko som passar lika bra f\u00f6r hala padelbanor som f\u00f6r grusbanan f\u00f6r tennisspelare. Asics Solution Swifft FF \u00e4r en ny riktigt v\u00e4larbetad sko ifr\u00e5n Asics som bara forts\u00e4tter att leverera h\u00f6gkvalitativa tennisskor och &lt;a href=&quot;https:\/\/nordicpadel.com\/sv\/product-category\/padelskor\/&#8221;&gt;padelskor. Skorna \u00e4r utrustade med bra d\u00e4mpning b\u00e5de fram till och baktill,dessutom anv\u00e4nder Asics Flytefoam som \u00e4r [&hellip;]\" \/>\n<meta property=\"og:url\" content=\"https:\/\/nordicpadel.com\/sv\/product\/asics-solution-swift-ff-clay-2\/\" \/>\n<meta property=\"og:site_name\" content=\"Nordic Padel\" \/>\n<meta property=\"article:modified_time\" content=\"2026-02-20T09:54:29+00:00\" \/>\n<meta property=\"og:image\" content=\"https:\/\/nordicpadel.com\/sv\/wp-content\/uploads\/sites\/10\/2025\/11\/f414a71fdc3a8ce9368057d5698db356.png\" \/>\n\t<meta property=\"og:image:width\" content=\"800\" \/>\n\t<meta property=\"og:image:height\" content=\"800\" \/>\n\t<meta property=\"og:image:type\" content=\"image\/png\" \/>\n<meta name=\"twitter:card\" content=\"summary_large_image\" \/>\n<meta name=\"twitter:label1\" content=\"Ber\u00e4knad l\u00e4stid\" \/>\n\t<meta name=\"twitter:data1\" content=\"1 minut\" \/>\n<script type=\"application\/ld+json\" class=\"yoast-schema-graph\">{\"@context\":\"https:\/\/schema.org\",\"@graph\":[{\"@type\":\"WebPage\",\"@id\":\"https:\/\/nordicpadel.com\/sv\/product\/asics-solution-swift-ff-clay-2\/\",\"url\":\"https:\/\/nordicpadel.com\/sv\/product\/asics-solution-swift-ff-clay-2\/\",\"name\":\"ASICS Solution Swift FF Clay - Nordic Padel\",\"isPartOf\":{\"@id\":\"https:\/\/nordicpadel.com\/sv\/#website\"},\"primaryImageOfPage\":{\"@id\":\"https:\/\/nordicpadel.com\/sv\/product\/asics-solution-swift-ff-clay-2\/#primaryimage\"},\"image\":{\"@id\":\"https:\/\/nordicpadel.com\/sv\/product\/asics-solution-swift-ff-clay-2\/#primaryimage\"},\"thumbnailUrl\":\"https:\/\/nordicpadel.com\/sv\/wp-content\/uploads\/sites\/10\/2025\/11\/f414a71fdc3a8ce9368057d5698db356.png\",\"datePublished\":\"2025-11-26T16:13:14+00:00\",\"dateModified\":\"2026-02-20T09:54:29+00:00\",\"breadcrumb\":{\"@id\":\"https:\/\/nordicpadel.com\/sv\/product\/asics-solution-swift-ff-clay-2\/#breadcrumb\"},\"inLanguage\":\"sv-SE\",\"potentialAction\":[{\"@type\":\"ReadAction\",\"target\":[\"https:\/\/nordicpadel.com\/sv\/product\/asics-solution-swift-ff-clay-2\/\"]}]},{\"@type\":\"ImageObject\",\"inLanguage\":\"sv-SE\",\"@id\":\"https:\/\/nordicpadel.com\/sv\/product\/asics-solution-swift-ff-clay-2\/#primaryimage\",\"url\":\"https:\/\/nordicpadel.com\/sv\/wp-content\/uploads\/sites\/10\/2025\/11\/f414a71fdc3a8ce9368057d5698db356.png\",\"contentUrl\":\"https:\/\/nordicpadel.com\/sv\/wp-content\/uploads\/sites\/10\/2025\/11\/f414a71fdc3a8ce9368057d5698db356.png\",\"width\":800,\"height\":800,\"caption\":\"ASICS Solution Swift FF Clay\"},{\"@type\":\"BreadcrumbList\",\"@id\":\"https:\/\/nordicpadel.com\/sv\/product\/asics-solution-swift-ff-clay-2\/#breadcrumb\",\"itemListElement\":[{\"@type\":\"ListItem\",\"position\":1,\"name\":\"Hem\",\"item\":\"https:\/\/nordicpadel.com\/sv\/\"},{\"@type\":\"ListItem\",\"position\":2,\"name\":\"Shop\",\"item\":\"https:\/\/nordicpadel.com\/sv\/shop\/\"},{\"@type\":\"ListItem\",\"position\":3,\"name\":\"ASICS Solution Swift FF Clay\"}]},{\"@type\":\"WebSite\",\"@id\":\"https:\/\/nordicpadel.com\/sv\/#website\",\"url\":\"https:\/\/nordicpadel.com\/sv\/\",\"name\":\"Nordic Padel\",\"description\":\"\",\"publisher\":{\"@id\":\"https:\/\/nordicpadel.com\/sv\/#organization\"},\"potentialAction\":[{\"@type\":\"SearchAction\",\"target\":{\"@type\":\"EntryPoint\",\"urlTemplate\":\"https:\/\/nordicpadel.com\/sv\/?s={search_term_string}\"},\"query-input\":\"required name=search_term_string\"}],\"inLanguage\":\"sv-SE\"},{\"@type\":\"Organization\",\"@id\":\"https:\/\/nordicpadel.com\/sv\/#organization\",\"name\":\"Nordic Padel\",\"url\":\"https:\/\/nordicpadel.com\/sv\/\",\"logo\":{\"@type\":\"ImageObject\",\"inLanguage\":\"sv-SE\",\"@id\":\"https:\/\/nordicpadel.com\/sv\/#\/schema\/logo\/image\/\",\"url\":\"https:\/\/nordicpadel.com\/sv\/wp-content\/uploads\/sites\/10\/2022\/12\/Nordic-Padel-small_1-1.png\",\"contentUrl\":\"https:\/\/nordicpadel.com\/sv\/wp-content\/uploads\/sites\/10\/2022\/12\/Nordic-Padel-small_1-1.png\",\"width\":400,\"height\":119,\"caption\":\"Nordic Padel\"},\"image\":{\"@id\":\"https:\/\/nordicpadel.com\/sv\/#\/schema\/logo\/image\/\"}}]}<\/script>\n<!-- \/ Yoast SEO plugin. -->","yoast_head_json":{"title":"ASICS Solution Swift FF Clay - Nordic Padel","robots":{"index":"index","follow":"follow","max-snippet":"max-snippet:-1","max-image-preview":"max-image-preview:large","max-video-preview":"max-video-preview:-1"},"canonical":"https:\/\/nordicpadel.com\/sv\/product\/asics-solution-swift-ff-clay-2\/","og_locale":"sv_SE","og_type":"article","og_title":"ASICS Solution Swift FF Clay - Nordic Padel","og_description":"K\u00f6p en riktigt prisv\u00e4rd tennissko som passar lika bra f\u00f6r hala padelbanor som f\u00f6r grusbanan f\u00f6r tennisspelare. Asics Solution Swifft FF \u00e4r en ny riktigt v\u00e4larbetad sko ifr\u00e5n Asics som bara forts\u00e4tter att leverera h\u00f6gkvalitativa tennisskor och &lt;a href=&quot;https:\/\/nordicpadel.com\/sv\/product-category\/padelskor\/&#8221;&gt;padelskor. Skorna \u00e4r utrustade med bra d\u00e4mpning b\u00e5de fram till och baktill,dessutom anv\u00e4nder Asics Flytefoam som \u00e4r [&hellip;]","og_url":"https:\/\/nordicpadel.com\/sv\/product\/asics-solution-swift-ff-clay-2\/","og_site_name":"Nordic Padel","article_modified_time":"2026-02-20T09:54:29+00:00","og_image":[{"width":800,"height":800,"url":"https:\/\/nordicpadel.com\/sv\/wp-content\/uploads\/sites\/10\/2025\/11\/f414a71fdc3a8ce9368057d5698db356.png","type":"image\/png"}],"twitter_card":"summary_large_image","twitter_misc":{"Ber\u00e4knad l\u00e4stid":"1 minut"},"schema":{"@context":"https:\/\/schema.org","@graph":[{"@type":"WebPage","@id":"https:\/\/nordicpadel.com\/sv\/product\/asics-solution-swift-ff-clay-2\/","url":"https:\/\/nordicpadel.com\/sv\/product\/asics-solution-swift-ff-clay-2\/","name":"ASICS Solution Swift FF Clay - Nordic Padel","isPartOf":{"@id":"https:\/\/nordicpadel.com\/sv\/#website"},"primaryImageOfPage":{"@id":"https:\/\/nordicpadel.com\/sv\/product\/asics-solution-swift-ff-clay-2\/#primaryimage"},"image":{"@id":"https:\/\/nordicpadel.com\/sv\/product\/asics-solution-swift-ff-clay-2\/#primaryimage"},"thumbnailUrl":"https:\/\/nordicpadel.com\/sv\/wp-content\/uploads\/sites\/10\/2025\/11\/f414a71fdc3a8ce9368057d5698db356.png","datePublished":"2025-11-26T16:13:14+00:00","dateModified":"2026-02-20T09:54:29+00:00","breadcrumb":{"@id":"https:\/\/nordicpadel.com\/sv\/product\/asics-solution-swift-ff-clay-2\/#breadcrumb"},"inLanguage":"sv-SE","potentialAction":[{"@type":"ReadAction","target":["https:\/\/nordicpadel.com\/sv\/product\/asics-solution-swift-ff-clay-2\/"]}]},{"@type":"ImageObject","inLanguage":"sv-SE","@id":"https:\/\/nordicpadel.com\/sv\/product\/asics-solution-swift-ff-clay-2\/#primaryimage","url":"https:\/\/nordicpadel.com\/sv\/wp-content\/uploads\/sites\/10\/2025\/11\/f414a71fdc3a8ce9368057d5698db356.png","contentUrl":"https:\/\/nordicpadel.com\/sv\/wp-content\/uploads\/sites\/10\/2025\/11\/f414a71fdc3a8ce9368057d5698db356.png","width":800,"height":800,"caption":"ASICS Solution Swift FF Clay"},{"@type":"BreadcrumbList","@id":"https:\/\/nordicpadel.com\/sv\/product\/asics-solution-swift-ff-clay-2\/#breadcrumb","itemListElement":[{"@type":"ListItem","position":1,"name":"Hem","item":"https:\/\/nordicpadel.com\/sv\/"},{"@type":"ListItem","position":2,"name":"Shop","item":"https:\/\/nordicpadel.com\/sv\/shop\/"},{"@type":"ListItem","position":3,"name":"ASICS Solution Swift FF Clay"}]},{"@type":"WebSite","@id":"https:\/\/nordicpadel.com\/sv\/#website","url":"https:\/\/nordicpadel.com\/sv\/","name":"Nordic Padel","description":"","publisher":{"@id":"https:\/\/nordicpadel.com\/sv\/#organization"},"potentialAction":[{"@type":"SearchAction","target":{"@type":"EntryPoint","urlTemplate":"https:\/\/nordicpadel.com\/sv\/?s={search_term_string}"},"query-input":"required name=search_term_string"}],"inLanguage":"sv-SE"},{"@type":"Organization","@id":"https:\/\/nordicpadel.com\/sv\/#organization","name":"Nordic Padel","url":"https:\/\/nordicpadel.com\/sv\/","logo":{"@type":"ImageObject","inLanguage":"sv-SE","@id":"https:\/\/nordicpadel.com\/sv\/#\/schema\/logo\/image\/","url":"https:\/\/nordicpadel.com\/sv\/wp-content\/uploads\/sites\/10\/2022\/12\/Nordic-Padel-small_1-1.png","contentUrl":"https:\/\/nordicpadel.com\/sv\/wp-content\/uploads\/sites\/10\/2022\/12\/Nordic-Padel-small_1-1.png","width":400,"height":119,"caption":"Nordic Padel"},"image":{"@id":"https:\/\/nordicpadel.com\/sv\/#\/schema\/logo\/image\/"}}]}},"brands":[],"_links":{"self":[{"href":"https:\/\/nordicpadel.com\/sv\/wp-json\/wp\/v2\/product\/87373","targetHints":{"allow":["GET"]}}],"collection":[{"href":"https:\/\/nordicpadel.com\/sv\/wp-json\/wp\/v2\/product"}],"about":[{"href":"https:\/\/nordicpadel.com\/sv\/wp-json\/wp\/v2\/types\/product"}],"replies":[{"embeddable":true,"href":"https:\/\/nordicpadel.com\/sv\/wp-json\/wp\/v2\/comments?post=87373"}],"wp:featuredmedia":[{"embeddable":true,"href":"https:\/\/nordicpadel.com\/sv\/wp-json\/wp\/v2\/media\/87372"}],"wp:attachment":[{"href":"https:\/\/nordicpadel.com\/sv\/wp-json\/wp\/v2\/media?parent=87373"}],"wp:term":[{"taxonomy":"pwb-brand","embeddable":true,"href":"https:\/\/nordicpadel.com\/sv\/wp-json\/wp\/v2\/pwb-brand?post=87373"},{"taxonomy":"product_cat","embeddable":true,"href":"https:\/\/nordicpadel.com\/sv\/wp-json\/wp\/v2\/product_cat?post=87373"},{"taxonomy":"product_tag","embeddable":true,"href":"https:\/\/nordicpadel.com\/sv\/wp-json\/wp\/v2\/product_tag?post=87373"},{"taxonomy":"woo-feed-brand","embeddable":true,"href":"https:\/\/nordicpadel.com\/sv\/wp-json\/wp\/v2\/woo-feed-brand?post=87373"}],"curies":[{"name":"wp","href":"https:\/\/api.w.org\/{rel}","templated":true}]}}