{"id":87354,"date":"2025-11-26T17:12:52","date_gmt":"2025-11-26T16:12:52","guid":{"rendered":"https:\/\/nordicpadel.com\/sv\/product\/salming-padel-magician-s5\/"},"modified":"2025-11-27T16:37:48","modified_gmt":"2025-11-27T15:37:48","slug":"salming-padel-magician-s5","status":"publish","type":"product","link":"https:\/\/nordicpadel.com\/sv\/product\/salming-padel-magician-s5\/","title":{"rendered":"SALMING Padel Magician S5"},"content":{"rendered":"<p>Salming Hero S5 \u00e4r ett runt, l\u00e5gbalanserat racket med extra stor sweetspot. Med grymma spelegenskaper och k\u00e4nsla \u00e4r S5 ett perfekt val f\u00f6r den nya spelaren eller den mer avancerade som letar efter maximal kontroll i alla l\u00e4gen p\u00e5 banan. Racket \u00e4r utrustad med en mjuk EVA FEEL-k\u00e4rna och tr\u00e4ffyta i 3k kolfiber f\u00f6r en mjuk, sk\u00f6n k\u00e4nsla vid bolltr\u00e4ffen och maximal kontroll.<br id=\"isPasted\"><\/p>\n","protected":false},"excerpt":{"rendered":"<p>Salming Hero S5 \u00e4r ett runt, l\u00e5gbalanserat racket med extra stor sweetspot. Med grymma spelegenskaper och k\u00e4nsla \u00e4r S5 ett perfekt val f\u00f6r den nya spelaren eller den mer avancerade som letar efter maximal kontroll i alla l\u00e4gen p\u00e5 banan. Racket \u00e4r utrustad med en mjuk EVA FEEL-k\u00e4rna och tr\u00e4ffyta i 3k kolfiber f\u00f6r en [&hellip;]<\/p>\n","protected":false},"featured_media":87352,"comment_status":"open","ping_status":"closed","template":"","meta":[],"pwb-brand":[],"product_cat":[16],"product_tag":[],"woo-feed-brand":[],"class_list":{"0":"post-87354","1":"product","2":"type-product","3":"status-publish","4":"has-post-thumbnail","6":"product_cat-padelracket","7":"pa_varumarke-salming","9":"first","10":"instock","11":"sale","12":"taxable","13":"shipping-taxable","14":"purchasable","15":"product-type-simple"},"bundled_by":[],"bundle_stock_status":"instock","bundle_stock_quantity":1,"bundle_virtual":false,"bundle_layout":"","bundle_add_to_cart_form_location":"","bundle_editable_in_cart":false,"bundle_sold_individually_context":"","bundle_item_grouping":"","bundle_min_size":"","bundle_max_size":"","bundled_items":[],"bundle_sell_ids":[],"acf":[],"yoast_head":"<!-- This site is optimized with the Yoast SEO plugin v23.1 - https:\/\/yoast.com\/wordpress\/plugins\/seo\/ -->\n<title>SALMING Padel Magician S5 - Nordic Padel<\/title>\n<meta name=\"robots\" content=\"index, follow, max-snippet:-1, max-image-preview:large, max-video-preview:-1\" \/>\n<link rel=\"canonical\" href=\"https:\/\/nordicpadel.com\/sv\/product\/salming-padel-magician-s5\/\" \/>\n<meta property=\"og:locale\" content=\"sv_SE\" \/>\n<meta property=\"og:type\" content=\"article\" \/>\n<meta property=\"og:title\" content=\"SALMING Padel Magician S5 - Nordic Padel\" \/>\n<meta property=\"og:description\" content=\"Salming Hero S5 \u00e4r ett runt, l\u00e5gbalanserat racket med extra stor sweetspot. Med grymma spelegenskaper och k\u00e4nsla \u00e4r S5 ett perfekt val f\u00f6r den nya spelaren eller den mer avancerade som letar efter maximal kontroll i alla l\u00e4gen p\u00e5 banan. Racket \u00e4r utrustad med en mjuk EVA FEEL-k\u00e4rna och tr\u00e4ffyta i 3k kolfiber f\u00f6r en [&hellip;]\" \/>\n<meta property=\"og:url\" content=\"https:\/\/nordicpadel.com\/sv\/product\/salming-padel-magician-s5\/\" \/>\n<meta property=\"og:site_name\" content=\"Nordic Padel\" \/>\n<meta property=\"article:modified_time\" content=\"2025-11-27T15:37:48+00:00\" \/>\n<meta property=\"og:image\" content=\"https:\/\/nordicpadel.com\/sv\/wp-content\/uploads\/sites\/10\/2025\/11\/dfd62dc0970ac21484f65b0e69f06e0f.png\" \/>\n\t<meta property=\"og:image:width\" content=\"800\" \/>\n\t<meta property=\"og:image:height\" content=\"800\" \/>\n\t<meta property=\"og:image:type\" content=\"image\/png\" \/>\n<meta name=\"twitter:card\" content=\"summary_large_image\" \/>\n<script type=\"application\/ld+json\" class=\"yoast-schema-graph\">{\"@context\":\"https:\/\/schema.org\",\"@graph\":[{\"@type\":\"WebPage\",\"@id\":\"https:\/\/nordicpadel.com\/sv\/product\/salming-padel-magician-s5\/\",\"url\":\"https:\/\/nordicpadel.com\/sv\/product\/salming-padel-magician-s5\/\",\"name\":\"SALMING Padel Magician S5 - Nordic Padel\",\"isPartOf\":{\"@id\":\"https:\/\/nordicpadel.com\/sv\/#website\"},\"primaryImageOfPage\":{\"@id\":\"https:\/\/nordicpadel.com\/sv\/product\/salming-padel-magician-s5\/#primaryimage\"},\"image\":{\"@id\":\"https:\/\/nordicpadel.com\/sv\/product\/salming-padel-magician-s5\/#primaryimage\"},\"thumbnailUrl\":\"https:\/\/nordicpadel.com\/sv\/wp-content\/uploads\/sites\/10\/2025\/11\/dfd62dc0970ac21484f65b0e69f06e0f.png\",\"datePublished\":\"2025-11-26T16:12:52+00:00\",\"dateModified\":\"2025-11-27T15:37:48+00:00\",\"breadcrumb\":{\"@id\":\"https:\/\/nordicpadel.com\/sv\/product\/salming-padel-magician-s5\/#breadcrumb\"},\"inLanguage\":\"sv-SE\",\"potentialAction\":[{\"@type\":\"ReadAction\",\"target\":[\"https:\/\/nordicpadel.com\/sv\/product\/salming-padel-magician-s5\/\"]}]},{\"@type\":\"ImageObject\",\"inLanguage\":\"sv-SE\",\"@id\":\"https:\/\/nordicpadel.com\/sv\/product\/salming-padel-magician-s5\/#primaryimage\",\"url\":\"https:\/\/nordicpadel.com\/sv\/wp-content\/uploads\/sites\/10\/2025\/11\/dfd62dc0970ac21484f65b0e69f06e0f.png\",\"contentUrl\":\"https:\/\/nordicpadel.com\/sv\/wp-content\/uploads\/sites\/10\/2025\/11\/dfd62dc0970ac21484f65b0e69f06e0f.png\",\"width\":800,\"height\":800,\"caption\":\"SALMING Padel Magician S5\"},{\"@type\":\"BreadcrumbList\",\"@id\":\"https:\/\/nordicpadel.com\/sv\/product\/salming-padel-magician-s5\/#breadcrumb\",\"itemListElement\":[{\"@type\":\"ListItem\",\"position\":1,\"name\":\"Hem\",\"item\":\"https:\/\/nordicpadel.com\/sv\/\"},{\"@type\":\"ListItem\",\"position\":2,\"name\":\"Shop\",\"item\":\"https:\/\/nordicpadel.com\/sv\/shop\/\"},{\"@type\":\"ListItem\",\"position\":3,\"name\":\"SALMING Padel Magician S5\"}]},{\"@type\":\"WebSite\",\"@id\":\"https:\/\/nordicpadel.com\/sv\/#website\",\"url\":\"https:\/\/nordicpadel.com\/sv\/\",\"name\":\"Nordic Padel\",\"description\":\"\",\"publisher\":{\"@id\":\"https:\/\/nordicpadel.com\/sv\/#organization\"},\"potentialAction\":[{\"@type\":\"SearchAction\",\"target\":{\"@type\":\"EntryPoint\",\"urlTemplate\":\"https:\/\/nordicpadel.com\/sv\/?s={search_term_string}\"},\"query-input\":\"required name=search_term_string\"}],\"inLanguage\":\"sv-SE\"},{\"@type\":\"Organization\",\"@id\":\"https:\/\/nordicpadel.com\/sv\/#organization\",\"name\":\"Nordic Padel\",\"url\":\"https:\/\/nordicpadel.com\/sv\/\",\"logo\":{\"@type\":\"ImageObject\",\"inLanguage\":\"sv-SE\",\"@id\":\"https:\/\/nordicpadel.com\/sv\/#\/schema\/logo\/image\/\",\"url\":\"https:\/\/nordicpadel.com\/sv\/wp-content\/uploads\/sites\/10\/2022\/12\/Nordic-Padel-small_1-1.png\",\"contentUrl\":\"https:\/\/nordicpadel.com\/sv\/wp-content\/uploads\/sites\/10\/2022\/12\/Nordic-Padel-small_1-1.png\",\"width\":400,\"height\":119,\"caption\":\"Nordic Padel\"},\"image\":{\"@id\":\"https:\/\/nordicpadel.com\/sv\/#\/schema\/logo\/image\/\"}}]}<\/script>\n<!-- \/ Yoast SEO plugin. -->","yoast_head_json":{"title":"SALMING Padel Magician S5 - Nordic Padel","robots":{"index":"index","follow":"follow","max-snippet":"max-snippet:-1","max-image-preview":"max-image-preview:large","max-video-preview":"max-video-preview:-1"},"canonical":"https:\/\/nordicpadel.com\/sv\/product\/salming-padel-magician-s5\/","og_locale":"sv_SE","og_type":"article","og_title":"SALMING Padel Magician S5 - Nordic Padel","og_description":"Salming Hero S5 \u00e4r ett runt, l\u00e5gbalanserat racket med extra stor sweetspot. Med grymma spelegenskaper och k\u00e4nsla \u00e4r S5 ett perfekt val f\u00f6r den nya spelaren eller den mer avancerade som letar efter maximal kontroll i alla l\u00e4gen p\u00e5 banan. Racket \u00e4r utrustad med en mjuk EVA FEEL-k\u00e4rna och tr\u00e4ffyta i 3k kolfiber f\u00f6r en [&hellip;]","og_url":"https:\/\/nordicpadel.com\/sv\/product\/salming-padel-magician-s5\/","og_site_name":"Nordic Padel","article_modified_time":"2025-11-27T15:37:48+00:00","og_image":[{"width":800,"height":800,"url":"https:\/\/nordicpadel.com\/sv\/wp-content\/uploads\/sites\/10\/2025\/11\/dfd62dc0970ac21484f65b0e69f06e0f.png","type":"image\/png"}],"twitter_card":"summary_large_image","schema":{"@context":"https:\/\/schema.org","@graph":[{"@type":"WebPage","@id":"https:\/\/nordicpadel.com\/sv\/product\/salming-padel-magician-s5\/","url":"https:\/\/nordicpadel.com\/sv\/product\/salming-padel-magician-s5\/","name":"SALMING Padel Magician S5 - Nordic Padel","isPartOf":{"@id":"https:\/\/nordicpadel.com\/sv\/#website"},"primaryImageOfPage":{"@id":"https:\/\/nordicpadel.com\/sv\/product\/salming-padel-magician-s5\/#primaryimage"},"image":{"@id":"https:\/\/nordicpadel.com\/sv\/product\/salming-padel-magician-s5\/#primaryimage"},"thumbnailUrl":"https:\/\/nordicpadel.com\/sv\/wp-content\/uploads\/sites\/10\/2025\/11\/dfd62dc0970ac21484f65b0e69f06e0f.png","datePublished":"2025-11-26T16:12:52+00:00","dateModified":"2025-11-27T15:37:48+00:00","breadcrumb":{"@id":"https:\/\/nordicpadel.com\/sv\/product\/salming-padel-magician-s5\/#breadcrumb"},"inLanguage":"sv-SE","potentialAction":[{"@type":"ReadAction","target":["https:\/\/nordicpadel.com\/sv\/product\/salming-padel-magician-s5\/"]}]},{"@type":"ImageObject","inLanguage":"sv-SE","@id":"https:\/\/nordicpadel.com\/sv\/product\/salming-padel-magician-s5\/#primaryimage","url":"https:\/\/nordicpadel.com\/sv\/wp-content\/uploads\/sites\/10\/2025\/11\/dfd62dc0970ac21484f65b0e69f06e0f.png","contentUrl":"https:\/\/nordicpadel.com\/sv\/wp-content\/uploads\/sites\/10\/2025\/11\/dfd62dc0970ac21484f65b0e69f06e0f.png","width":800,"height":800,"caption":"SALMING Padel Magician S5"},{"@type":"BreadcrumbList","@id":"https:\/\/nordicpadel.com\/sv\/product\/salming-padel-magician-s5\/#breadcrumb","itemListElement":[{"@type":"ListItem","position":1,"name":"Hem","item":"https:\/\/nordicpadel.com\/sv\/"},{"@type":"ListItem","position":2,"name":"Shop","item":"https:\/\/nordicpadel.com\/sv\/shop\/"},{"@type":"ListItem","position":3,"name":"SALMING Padel Magician S5"}]},{"@type":"WebSite","@id":"https:\/\/nordicpadel.com\/sv\/#website","url":"https:\/\/nordicpadel.com\/sv\/","name":"Nordic Padel","description":"","publisher":{"@id":"https:\/\/nordicpadel.com\/sv\/#organization"},"potentialAction":[{"@type":"SearchAction","target":{"@type":"EntryPoint","urlTemplate":"https:\/\/nordicpadel.com\/sv\/?s={search_term_string}"},"query-input":"required name=search_term_string"}],"inLanguage":"sv-SE"},{"@type":"Organization","@id":"https:\/\/nordicpadel.com\/sv\/#organization","name":"Nordic Padel","url":"https:\/\/nordicpadel.com\/sv\/","logo":{"@type":"ImageObject","inLanguage":"sv-SE","@id":"https:\/\/nordicpadel.com\/sv\/#\/schema\/logo\/image\/","url":"https:\/\/nordicpadel.com\/sv\/wp-content\/uploads\/sites\/10\/2022\/12\/Nordic-Padel-small_1-1.png","contentUrl":"https:\/\/nordicpadel.com\/sv\/wp-content\/uploads\/sites\/10\/2022\/12\/Nordic-Padel-small_1-1.png","width":400,"height":119,"caption":"Nordic Padel"},"image":{"@id":"https:\/\/nordicpadel.com\/sv\/#\/schema\/logo\/image\/"}}]}},"brands":[],"_links":{"self":[{"href":"https:\/\/nordicpadel.com\/sv\/wp-json\/wp\/v2\/product\/87354","targetHints":{"allow":["GET"]}}],"collection":[{"href":"https:\/\/nordicpadel.com\/sv\/wp-json\/wp\/v2\/product"}],"about":[{"href":"https:\/\/nordicpadel.com\/sv\/wp-json\/wp\/v2\/types\/product"}],"replies":[{"embeddable":true,"href":"https:\/\/nordicpadel.com\/sv\/wp-json\/wp\/v2\/comments?post=87354"}],"wp:featuredmedia":[{"embeddable":true,"href":"https:\/\/nordicpadel.com\/sv\/wp-json\/wp\/v2\/media\/87352"}],"wp:attachment":[{"href":"https:\/\/nordicpadel.com\/sv\/wp-json\/wp\/v2\/media?parent=87354"}],"wp:term":[{"taxonomy":"pwb-brand","embeddable":true,"href":"https:\/\/nordicpadel.com\/sv\/wp-json\/wp\/v2\/pwb-brand?post=87354"},{"taxonomy":"product_cat","embeddable":true,"href":"https:\/\/nordicpadel.com\/sv\/wp-json\/wp\/v2\/product_cat?post=87354"},{"taxonomy":"product_tag","embeddable":true,"href":"https:\/\/nordicpadel.com\/sv\/wp-json\/wp\/v2\/product_tag?post=87354"},{"taxonomy":"woo-feed-brand","embeddable":true,"href":"https:\/\/nordicpadel.com\/sv\/wp-json\/wp\/v2\/woo-feed-brand?post=87354"}],"curies":[{"name":"wp","href":"https:\/\/api.w.org\/{rel}","templated":true}]}}