{"id":87351,"date":"2025-11-26T17:12:50","date_gmt":"2025-11-26T16:12:50","guid":{"rendered":"https:\/\/nordicpadel.com\/sv\/product\/salming-padel-magician-s17\/"},"modified":"2025-11-27T16:37:39","modified_gmt":"2025-11-27T15:37:39","slug":"salming-padel-magician-s17","status":"publish","type":"product","link":"https:\/\/nordicpadel.com\/sv\/product\/salming-padel-magician-s17\/","title":{"rendered":"SALMING Padel Magician S17"},"content":{"rendered":"<p>Salming Magician S17 \u00e4r ett hybridformat racket. Med en mix av runt och droppformat rack ger det dig den perfekta mixen av kraft och precision. Med balansen centrerad till mitten ger den full kontroll i b\u00e5de anfall och f\u00f6rsvar p\u00e5 banan. Utrustad med 12K yta f\u00f6r att sprida ut och reducera vibrationen i slagen. K\u00e4rnan best\u00e5r av EVA FEEL som ger dig en mjuk, sk\u00f6n k\u00e4nsla vid bolltr\u00e4ffen och maximal kontroll<\/p>\n","protected":false},"excerpt":{"rendered":"<p>Salming Magician S17 \u00e4r ett hybridformat racket. Med en mix av runt och droppformat rack ger det dig den perfekta mixen av kraft och precision. Med balansen centrerad till mitten ger den full kontroll i b\u00e5de anfall och f\u00f6rsvar p\u00e5 banan. Utrustad med 12K yta f\u00f6r att sprida ut och reducera vibrationen i slagen. K\u00e4rnan [&hellip;]<\/p>\n","protected":false},"featured_media":87349,"comment_status":"open","ping_status":"closed","template":"","meta":[],"pwb-brand":[],"product_cat":[16],"product_tag":[],"woo-feed-brand":[],"class_list":{"0":"post-87351","1":"product","2":"type-product","3":"status-publish","4":"has-post-thumbnail","6":"product_cat-padelracket","7":"pa_varumarke-salming","9":"first","10":"outofstock","11":"sale","12":"taxable","13":"shipping-taxable","14":"purchasable","15":"product-type-simple"},"bundled_by":[],"bundle_stock_status":"outofstock","bundle_stock_quantity":0,"bundle_virtual":false,"bundle_layout":"","bundle_add_to_cart_form_location":"","bundle_editable_in_cart":false,"bundle_sold_individually_context":"","bundle_item_grouping":"","bundle_min_size":"","bundle_max_size":"","bundled_items":[],"bundle_sell_ids":[],"acf":[],"yoast_head":"<!-- This site is optimized with the Yoast SEO plugin v23.1 - https:\/\/yoast.com\/wordpress\/plugins\/seo\/ -->\n<title>SALMING Padel Magician S17 - Nordic Padel<\/title>\n<meta name=\"robots\" content=\"index, follow, max-snippet:-1, max-image-preview:large, max-video-preview:-1\" \/>\n<link rel=\"canonical\" href=\"https:\/\/nordicpadel.com\/sv\/product\/salming-padel-magician-s17\/\" \/>\n<meta property=\"og:locale\" content=\"sv_SE\" \/>\n<meta property=\"og:type\" content=\"article\" \/>\n<meta property=\"og:title\" content=\"SALMING Padel Magician S17 - Nordic Padel\" \/>\n<meta property=\"og:description\" content=\"Salming Magician S17 \u00e4r ett hybridformat racket. Med en mix av runt och droppformat rack ger det dig den perfekta mixen av kraft och precision. Med balansen centrerad till mitten ger den full kontroll i b\u00e5de anfall och f\u00f6rsvar p\u00e5 banan. Utrustad med 12K yta f\u00f6r att sprida ut och reducera vibrationen i slagen. K\u00e4rnan [&hellip;]\" \/>\n<meta property=\"og:url\" content=\"https:\/\/nordicpadel.com\/sv\/product\/salming-padel-magician-s17\/\" \/>\n<meta property=\"og:site_name\" content=\"Nordic Padel\" \/>\n<meta property=\"article:modified_time\" content=\"2025-11-27T15:37:39+00:00\" \/>\n<meta name=\"twitter:card\" content=\"summary_large_image\" \/>\n<script type=\"application\/ld+json\" class=\"yoast-schema-graph\">{\"@context\":\"https:\/\/schema.org\",\"@graph\":[{\"@type\":\"WebPage\",\"@id\":\"https:\/\/nordicpadel.com\/sv\/product\/salming-padel-magician-s17\/\",\"url\":\"https:\/\/nordicpadel.com\/sv\/product\/salming-padel-magician-s17\/\",\"name\":\"SALMING Padel Magician S17 - Nordic Padel\",\"isPartOf\":{\"@id\":\"https:\/\/nordicpadel.com\/sv\/#website\"},\"primaryImageOfPage\":{\"@id\":\"https:\/\/nordicpadel.com\/sv\/product\/salming-padel-magician-s17\/#primaryimage\"},\"image\":{\"@id\":\"https:\/\/nordicpadel.com\/sv\/product\/salming-padel-magician-s17\/#primaryimage\"},\"thumbnailUrl\":\"https:\/\/nordicpadel.com\/sv\/wp-content\/uploads\/sites\/10\/2025\/11\/8c45f98671b0c0aae708c237542453d1.png\",\"datePublished\":\"2025-11-26T16:12:50+00:00\",\"dateModified\":\"2025-11-27T15:37:39+00:00\",\"breadcrumb\":{\"@id\":\"https:\/\/nordicpadel.com\/sv\/product\/salming-padel-magician-s17\/#breadcrumb\"},\"inLanguage\":\"sv-SE\",\"potentialAction\":[{\"@type\":\"ReadAction\",\"target\":[\"https:\/\/nordicpadel.com\/sv\/product\/salming-padel-magician-s17\/\"]}]},{\"@type\":\"ImageObject\",\"inLanguage\":\"sv-SE\",\"@id\":\"https:\/\/nordicpadel.com\/sv\/product\/salming-padel-magician-s17\/#primaryimage\",\"url\":\"https:\/\/nordicpadel.com\/sv\/wp-content\/uploads\/sites\/10\/2025\/11\/8c45f98671b0c0aae708c237542453d1.png\",\"contentUrl\":\"https:\/\/nordicpadel.com\/sv\/wp-content\/uploads\/sites\/10\/2025\/11\/8c45f98671b0c0aae708c237542453d1.png\",\"width\":800,\"height\":800,\"caption\":\"SALMING Padel Magician S17\"},{\"@type\":\"BreadcrumbList\",\"@id\":\"https:\/\/nordicpadel.com\/sv\/product\/salming-padel-magician-s17\/#breadcrumb\",\"itemListElement\":[{\"@type\":\"ListItem\",\"position\":1,\"name\":\"Hem\",\"item\":\"https:\/\/nordicpadel.com\/sv\/\"},{\"@type\":\"ListItem\",\"position\":2,\"name\":\"Shop\",\"item\":\"https:\/\/nordicpadel.com\/sv\/shop\/\"},{\"@type\":\"ListItem\",\"position\":3,\"name\":\"SALMING Padel Magician S17\"}]},{\"@type\":\"WebSite\",\"@id\":\"https:\/\/nordicpadel.com\/sv\/#website\",\"url\":\"https:\/\/nordicpadel.com\/sv\/\",\"name\":\"Nordic Padel\",\"description\":\"\",\"publisher\":{\"@id\":\"https:\/\/nordicpadel.com\/sv\/#organization\"},\"potentialAction\":[{\"@type\":\"SearchAction\",\"target\":{\"@type\":\"EntryPoint\",\"urlTemplate\":\"https:\/\/nordicpadel.com\/sv\/?s={search_term_string}\"},\"query-input\":\"required name=search_term_string\"}],\"inLanguage\":\"sv-SE\"},{\"@type\":\"Organization\",\"@id\":\"https:\/\/nordicpadel.com\/sv\/#organization\",\"name\":\"Nordic Padel\",\"url\":\"https:\/\/nordicpadel.com\/sv\/\",\"logo\":{\"@type\":\"ImageObject\",\"inLanguage\":\"sv-SE\",\"@id\":\"https:\/\/nordicpadel.com\/sv\/#\/schema\/logo\/image\/\",\"url\":\"https:\/\/nordicpadel.com\/sv\/wp-content\/uploads\/sites\/10\/2022\/12\/Nordic-Padel-small_1-1.png\",\"contentUrl\":\"https:\/\/nordicpadel.com\/sv\/wp-content\/uploads\/sites\/10\/2022\/12\/Nordic-Padel-small_1-1.png\",\"width\":400,\"height\":119,\"caption\":\"Nordic Padel\"},\"image\":{\"@id\":\"https:\/\/nordicpadel.com\/sv\/#\/schema\/logo\/image\/\"}}]}<\/script>\n<!-- \/ Yoast SEO plugin. -->","yoast_head_json":{"title":"SALMING Padel Magician S17 - Nordic Padel","robots":{"index":"index","follow":"follow","max-snippet":"max-snippet:-1","max-image-preview":"max-image-preview:large","max-video-preview":"max-video-preview:-1"},"canonical":"https:\/\/nordicpadel.com\/sv\/product\/salming-padel-magician-s17\/","og_locale":"sv_SE","og_type":"article","og_title":"SALMING Padel Magician S17 - Nordic Padel","og_description":"Salming Magician S17 \u00e4r ett hybridformat racket. Med en mix av runt och droppformat rack ger det dig den perfekta mixen av kraft och precision. Med balansen centrerad till mitten ger den full kontroll i b\u00e5de anfall och f\u00f6rsvar p\u00e5 banan. Utrustad med 12K yta f\u00f6r att sprida ut och reducera vibrationen i slagen. K\u00e4rnan [&hellip;]","og_url":"https:\/\/nordicpadel.com\/sv\/product\/salming-padel-magician-s17\/","og_site_name":"Nordic Padel","article_modified_time":"2025-11-27T15:37:39+00:00","twitter_card":"summary_large_image","schema":{"@context":"https:\/\/schema.org","@graph":[{"@type":"WebPage","@id":"https:\/\/nordicpadel.com\/sv\/product\/salming-padel-magician-s17\/","url":"https:\/\/nordicpadel.com\/sv\/product\/salming-padel-magician-s17\/","name":"SALMING Padel Magician S17 - Nordic Padel","isPartOf":{"@id":"https:\/\/nordicpadel.com\/sv\/#website"},"primaryImageOfPage":{"@id":"https:\/\/nordicpadel.com\/sv\/product\/salming-padel-magician-s17\/#primaryimage"},"image":{"@id":"https:\/\/nordicpadel.com\/sv\/product\/salming-padel-magician-s17\/#primaryimage"},"thumbnailUrl":"https:\/\/nordicpadel.com\/sv\/wp-content\/uploads\/sites\/10\/2025\/11\/8c45f98671b0c0aae708c237542453d1.png","datePublished":"2025-11-26T16:12:50+00:00","dateModified":"2025-11-27T15:37:39+00:00","breadcrumb":{"@id":"https:\/\/nordicpadel.com\/sv\/product\/salming-padel-magician-s17\/#breadcrumb"},"inLanguage":"sv-SE","potentialAction":[{"@type":"ReadAction","target":["https:\/\/nordicpadel.com\/sv\/product\/salming-padel-magician-s17\/"]}]},{"@type":"ImageObject","inLanguage":"sv-SE","@id":"https:\/\/nordicpadel.com\/sv\/product\/salming-padel-magician-s17\/#primaryimage","url":"https:\/\/nordicpadel.com\/sv\/wp-content\/uploads\/sites\/10\/2025\/11\/8c45f98671b0c0aae708c237542453d1.png","contentUrl":"https:\/\/nordicpadel.com\/sv\/wp-content\/uploads\/sites\/10\/2025\/11\/8c45f98671b0c0aae708c237542453d1.png","width":800,"height":800,"caption":"SALMING Padel Magician S17"},{"@type":"BreadcrumbList","@id":"https:\/\/nordicpadel.com\/sv\/product\/salming-padel-magician-s17\/#breadcrumb","itemListElement":[{"@type":"ListItem","position":1,"name":"Hem","item":"https:\/\/nordicpadel.com\/sv\/"},{"@type":"ListItem","position":2,"name":"Shop","item":"https:\/\/nordicpadel.com\/sv\/shop\/"},{"@type":"ListItem","position":3,"name":"SALMING Padel Magician S17"}]},{"@type":"WebSite","@id":"https:\/\/nordicpadel.com\/sv\/#website","url":"https:\/\/nordicpadel.com\/sv\/","name":"Nordic Padel","description":"","publisher":{"@id":"https:\/\/nordicpadel.com\/sv\/#organization"},"potentialAction":[{"@type":"SearchAction","target":{"@type":"EntryPoint","urlTemplate":"https:\/\/nordicpadel.com\/sv\/?s={search_term_string}"},"query-input":"required name=search_term_string"}],"inLanguage":"sv-SE"},{"@type":"Organization","@id":"https:\/\/nordicpadel.com\/sv\/#organization","name":"Nordic Padel","url":"https:\/\/nordicpadel.com\/sv\/","logo":{"@type":"ImageObject","inLanguage":"sv-SE","@id":"https:\/\/nordicpadel.com\/sv\/#\/schema\/logo\/image\/","url":"https:\/\/nordicpadel.com\/sv\/wp-content\/uploads\/sites\/10\/2022\/12\/Nordic-Padel-small_1-1.png","contentUrl":"https:\/\/nordicpadel.com\/sv\/wp-content\/uploads\/sites\/10\/2022\/12\/Nordic-Padel-small_1-1.png","width":400,"height":119,"caption":"Nordic Padel"},"image":{"@id":"https:\/\/nordicpadel.com\/sv\/#\/schema\/logo\/image\/"}}]}},"brands":[],"_links":{"self":[{"href":"https:\/\/nordicpadel.com\/sv\/wp-json\/wp\/v2\/product\/87351","targetHints":{"allow":["GET"]}}],"collection":[{"href":"https:\/\/nordicpadel.com\/sv\/wp-json\/wp\/v2\/product"}],"about":[{"href":"https:\/\/nordicpadel.com\/sv\/wp-json\/wp\/v2\/types\/product"}],"replies":[{"embeddable":true,"href":"https:\/\/nordicpadel.com\/sv\/wp-json\/wp\/v2\/comments?post=87351"}],"wp:featuredmedia":[{"embeddable":true,"href":"https:\/\/nordicpadel.com\/sv\/wp-json\/wp\/v2\/media\/87349"}],"wp:attachment":[{"href":"https:\/\/nordicpadel.com\/sv\/wp-json\/wp\/v2\/media?parent=87351"}],"wp:term":[{"taxonomy":"pwb-brand","embeddable":true,"href":"https:\/\/nordicpadel.com\/sv\/wp-json\/wp\/v2\/pwb-brand?post=87351"},{"taxonomy":"product_cat","embeddable":true,"href":"https:\/\/nordicpadel.com\/sv\/wp-json\/wp\/v2\/product_cat?post=87351"},{"taxonomy":"product_tag","embeddable":true,"href":"https:\/\/nordicpadel.com\/sv\/wp-json\/wp\/v2\/product_tag?post=87351"},{"taxonomy":"woo-feed-brand","embeddable":true,"href":"https:\/\/nordicpadel.com\/sv\/wp-json\/wp\/v2\/woo-feed-brand?post=87351"}],"curies":[{"name":"wp","href":"https:\/\/api.w.org\/{rel}","templated":true}]}}