{"id":87341,"date":"2025-11-26T17:12:43","date_gmt":"2025-11-26T16:12:43","guid":{"rendered":"https:\/\/nordicpadel.com\/sv\/product\/head-easy-court-tank-top-4\/"},"modified":"2025-11-27T07:53:38","modified_gmt":"2025-11-27T06:53:38","slug":"head-easy-court-tank-top-4","status":"publish","type":"product","link":"https:\/\/nordicpadel.com\/sv\/product\/head-easy-court-tank-top-4\/","title":{"rendered":"HEAD Easy Court Tank Top"},"content":{"rendered":"<p>K\u00f6p ett prisv\u00e4rt snyggt svart tr\u00e4ningslinne ifr\u00e5n Head f\u00f6r damer. Easy Court Tank Top med sin snabbtorkande materialblandning h\u00e5ller dig perfekt torr n\u00e4r du \u00e4r ute och g\u00e5r eller sl\u00e5r n\u00e5gra bollar p\u00e5 banan. Tack vare sitt snabbtorkande material \u00e4r Easy Court Tank Top perfekt f\u00f6r varma sommardagar eller under tuffa tr\u00e4ningar f\u00f6r tennisspelare och padelspelare. F\u00e4rg: Svart Material: 100% Polyester Tv\u00e4ttr\u00e5d: maskintv\u00e4tt, 40 grader syntet<\/p>\n","protected":false},"excerpt":{"rendered":"<p>K\u00f6p ett prisv\u00e4rt snyggt svart tr\u00e4ningslinne ifr\u00e5n Head f\u00f6r damer. Easy Court Tank Top med sin snabbtorkande materialblandning h\u00e5ller dig perfekt torr n\u00e4r du \u00e4r ute och g\u00e5r eller sl\u00e5r n\u00e5gra bollar p\u00e5 banan. Tack vare sitt snabbtorkande material \u00e4r Easy Court Tank Top perfekt f\u00f6r varma sommardagar eller under tuffa tr\u00e4ningar f\u00f6r tennisspelare och [&hellip;]<\/p>\n","protected":false},"featured_media":87337,"comment_status":"open","ping_status":"closed","template":"","meta":[],"pwb-brand":[],"product_cat":[459],"product_tag":[],"woo-feed-brand":[],"class_list":{"0":"post-87341","1":"product","2":"type-product","3":"status-publish","4":"has-post-thumbnail","6":"product_cat-head","7":"pa_varumarke-head","9":"first","10":"instock","11":"taxable","12":"shipping-taxable","13":"purchasable","14":"product-type-variable"},"bundled_by":[],"bundle_stock_status":"instock","bundle_stock_quantity":7,"bundle_virtual":false,"bundle_layout":"","bundle_add_to_cart_form_location":"","bundle_editable_in_cart":false,"bundle_sold_individually_context":"","bundle_item_grouping":"","bundle_min_size":"","bundle_max_size":"","bundled_items":[],"bundle_sell_ids":[],"acf":[],"yoast_head":"<!-- This site is optimized with the Yoast SEO plugin v23.1 - https:\/\/yoast.com\/wordpress\/plugins\/seo\/ -->\n<title>HEAD Easy Court Tank Top - Nordic Padel<\/title>\n<meta name=\"robots\" content=\"index, follow, max-snippet:-1, max-image-preview:large, max-video-preview:-1\" \/>\n<link rel=\"canonical\" href=\"https:\/\/nordicpadel.com\/sv\/product\/head-easy-court-tank-top-4\/\" \/>\n<meta property=\"og:locale\" content=\"sv_SE\" \/>\n<meta property=\"og:type\" content=\"article\" \/>\n<meta property=\"og:title\" content=\"HEAD Easy Court Tank Top - Nordic Padel\" \/>\n<meta property=\"og:description\" content=\"K\u00f6p ett prisv\u00e4rt snyggt svart tr\u00e4ningslinne ifr\u00e5n Head f\u00f6r damer. Easy Court Tank Top med sin snabbtorkande materialblandning h\u00e5ller dig perfekt torr n\u00e4r du \u00e4r ute och g\u00e5r eller sl\u00e5r n\u00e5gra bollar p\u00e5 banan. Tack vare sitt snabbtorkande material \u00e4r Easy Court Tank Top perfekt f\u00f6r varma sommardagar eller under tuffa tr\u00e4ningar f\u00f6r tennisspelare och [&hellip;]\" \/>\n<meta property=\"og:url\" content=\"https:\/\/nordicpadel.com\/sv\/product\/head-easy-court-tank-top-4\/\" \/>\n<meta property=\"og:site_name\" content=\"Nordic Padel\" \/>\n<meta property=\"article:modified_time\" content=\"2025-11-27T06:53:38+00:00\" \/>\n<meta name=\"twitter:card\" content=\"summary_large_image\" \/>\n<script type=\"application\/ld+json\" class=\"yoast-schema-graph\">{\"@context\":\"https:\/\/schema.org\",\"@graph\":[{\"@type\":\"WebPage\",\"@id\":\"https:\/\/nordicpadel.com\/sv\/product\/head-easy-court-tank-top-4\/\",\"url\":\"https:\/\/nordicpadel.com\/sv\/product\/head-easy-court-tank-top-4\/\",\"name\":\"HEAD Easy Court Tank Top - Nordic Padel\",\"isPartOf\":{\"@id\":\"https:\/\/nordicpadel.com\/sv\/#website\"},\"primaryImageOfPage\":{\"@id\":\"https:\/\/nordicpadel.com\/sv\/product\/head-easy-court-tank-top-4\/#primaryimage\"},\"image\":{\"@id\":\"https:\/\/nordicpadel.com\/sv\/product\/head-easy-court-tank-top-4\/#primaryimage\"},\"thumbnailUrl\":\"https:\/\/nordicpadel.com\/sv\/wp-content\/uploads\/sites\/10\/2025\/11\/b8a8a6242184c07db454baa72556ee0e.png\",\"datePublished\":\"2025-11-26T16:12:43+00:00\",\"dateModified\":\"2025-11-27T06:53:38+00:00\",\"breadcrumb\":{\"@id\":\"https:\/\/nordicpadel.com\/sv\/product\/head-easy-court-tank-top-4\/#breadcrumb\"},\"inLanguage\":\"sv-SE\",\"potentialAction\":[{\"@type\":\"ReadAction\",\"target\":[\"https:\/\/nordicpadel.com\/sv\/product\/head-easy-court-tank-top-4\/\"]}]},{\"@type\":\"ImageObject\",\"inLanguage\":\"sv-SE\",\"@id\":\"https:\/\/nordicpadel.com\/sv\/product\/head-easy-court-tank-top-4\/#primaryimage\",\"url\":\"https:\/\/nordicpadel.com\/sv\/wp-content\/uploads\/sites\/10\/2025\/11\/b8a8a6242184c07db454baa72556ee0e.png\",\"contentUrl\":\"https:\/\/nordicpadel.com\/sv\/wp-content\/uploads\/sites\/10\/2025\/11\/b8a8a6242184c07db454baa72556ee0e.png\",\"width\":800,\"height\":800,\"caption\":\"HEAD Easy Court Tank Top\"},{\"@type\":\"BreadcrumbList\",\"@id\":\"https:\/\/nordicpadel.com\/sv\/product\/head-easy-court-tank-top-4\/#breadcrumb\",\"itemListElement\":[{\"@type\":\"ListItem\",\"position\":1,\"name\":\"Hem\",\"item\":\"https:\/\/nordicpadel.com\/sv\/\"},{\"@type\":\"ListItem\",\"position\":2,\"name\":\"Shop\",\"item\":\"https:\/\/nordicpadel.com\/sv\/shop\/\"},{\"@type\":\"ListItem\",\"position\":3,\"name\":\"HEAD Easy Court Tank Top\"}]},{\"@type\":\"WebSite\",\"@id\":\"https:\/\/nordicpadel.com\/sv\/#website\",\"url\":\"https:\/\/nordicpadel.com\/sv\/\",\"name\":\"Nordic Padel\",\"description\":\"\",\"publisher\":{\"@id\":\"https:\/\/nordicpadel.com\/sv\/#organization\"},\"potentialAction\":[{\"@type\":\"SearchAction\",\"target\":{\"@type\":\"EntryPoint\",\"urlTemplate\":\"https:\/\/nordicpadel.com\/sv\/?s={search_term_string}\"},\"query-input\":\"required name=search_term_string\"}],\"inLanguage\":\"sv-SE\"},{\"@type\":\"Organization\",\"@id\":\"https:\/\/nordicpadel.com\/sv\/#organization\",\"name\":\"Nordic Padel\",\"url\":\"https:\/\/nordicpadel.com\/sv\/\",\"logo\":{\"@type\":\"ImageObject\",\"inLanguage\":\"sv-SE\",\"@id\":\"https:\/\/nordicpadel.com\/sv\/#\/schema\/logo\/image\/\",\"url\":\"https:\/\/nordicpadel.com\/sv\/wp-content\/uploads\/sites\/10\/2022\/12\/Nordic-Padel-small_1-1.png\",\"contentUrl\":\"https:\/\/nordicpadel.com\/sv\/wp-content\/uploads\/sites\/10\/2022\/12\/Nordic-Padel-small_1-1.png\",\"width\":400,\"height\":119,\"caption\":\"Nordic Padel\"},\"image\":{\"@id\":\"https:\/\/nordicpadel.com\/sv\/#\/schema\/logo\/image\/\"}}]}<\/script>\n<!-- \/ Yoast SEO plugin. -->","yoast_head_json":{"title":"HEAD Easy Court Tank Top - Nordic Padel","robots":{"index":"index","follow":"follow","max-snippet":"max-snippet:-1","max-image-preview":"max-image-preview:large","max-video-preview":"max-video-preview:-1"},"canonical":"https:\/\/nordicpadel.com\/sv\/product\/head-easy-court-tank-top-4\/","og_locale":"sv_SE","og_type":"article","og_title":"HEAD Easy Court Tank Top - Nordic Padel","og_description":"K\u00f6p ett prisv\u00e4rt snyggt svart tr\u00e4ningslinne ifr\u00e5n Head f\u00f6r damer. Easy Court Tank Top med sin snabbtorkande materialblandning h\u00e5ller dig perfekt torr n\u00e4r du \u00e4r ute och g\u00e5r eller sl\u00e5r n\u00e5gra bollar p\u00e5 banan. Tack vare sitt snabbtorkande material \u00e4r Easy Court Tank Top perfekt f\u00f6r varma sommardagar eller under tuffa tr\u00e4ningar f\u00f6r tennisspelare och [&hellip;]","og_url":"https:\/\/nordicpadel.com\/sv\/product\/head-easy-court-tank-top-4\/","og_site_name":"Nordic Padel","article_modified_time":"2025-11-27T06:53:38+00:00","twitter_card":"summary_large_image","schema":{"@context":"https:\/\/schema.org","@graph":[{"@type":"WebPage","@id":"https:\/\/nordicpadel.com\/sv\/product\/head-easy-court-tank-top-4\/","url":"https:\/\/nordicpadel.com\/sv\/product\/head-easy-court-tank-top-4\/","name":"HEAD Easy Court Tank Top - Nordic Padel","isPartOf":{"@id":"https:\/\/nordicpadel.com\/sv\/#website"},"primaryImageOfPage":{"@id":"https:\/\/nordicpadel.com\/sv\/product\/head-easy-court-tank-top-4\/#primaryimage"},"image":{"@id":"https:\/\/nordicpadel.com\/sv\/product\/head-easy-court-tank-top-4\/#primaryimage"},"thumbnailUrl":"https:\/\/nordicpadel.com\/sv\/wp-content\/uploads\/sites\/10\/2025\/11\/b8a8a6242184c07db454baa72556ee0e.png","datePublished":"2025-11-26T16:12:43+00:00","dateModified":"2025-11-27T06:53:38+00:00","breadcrumb":{"@id":"https:\/\/nordicpadel.com\/sv\/product\/head-easy-court-tank-top-4\/#breadcrumb"},"inLanguage":"sv-SE","potentialAction":[{"@type":"ReadAction","target":["https:\/\/nordicpadel.com\/sv\/product\/head-easy-court-tank-top-4\/"]}]},{"@type":"ImageObject","inLanguage":"sv-SE","@id":"https:\/\/nordicpadel.com\/sv\/product\/head-easy-court-tank-top-4\/#primaryimage","url":"https:\/\/nordicpadel.com\/sv\/wp-content\/uploads\/sites\/10\/2025\/11\/b8a8a6242184c07db454baa72556ee0e.png","contentUrl":"https:\/\/nordicpadel.com\/sv\/wp-content\/uploads\/sites\/10\/2025\/11\/b8a8a6242184c07db454baa72556ee0e.png","width":800,"height":800,"caption":"HEAD Easy Court Tank Top"},{"@type":"BreadcrumbList","@id":"https:\/\/nordicpadel.com\/sv\/product\/head-easy-court-tank-top-4\/#breadcrumb","itemListElement":[{"@type":"ListItem","position":1,"name":"Hem","item":"https:\/\/nordicpadel.com\/sv\/"},{"@type":"ListItem","position":2,"name":"Shop","item":"https:\/\/nordicpadel.com\/sv\/shop\/"},{"@type":"ListItem","position":3,"name":"HEAD Easy Court Tank Top"}]},{"@type":"WebSite","@id":"https:\/\/nordicpadel.com\/sv\/#website","url":"https:\/\/nordicpadel.com\/sv\/","name":"Nordic Padel","description":"","publisher":{"@id":"https:\/\/nordicpadel.com\/sv\/#organization"},"potentialAction":[{"@type":"SearchAction","target":{"@type":"EntryPoint","urlTemplate":"https:\/\/nordicpadel.com\/sv\/?s={search_term_string}"},"query-input":"required name=search_term_string"}],"inLanguage":"sv-SE"},{"@type":"Organization","@id":"https:\/\/nordicpadel.com\/sv\/#organization","name":"Nordic Padel","url":"https:\/\/nordicpadel.com\/sv\/","logo":{"@type":"ImageObject","inLanguage":"sv-SE","@id":"https:\/\/nordicpadel.com\/sv\/#\/schema\/logo\/image\/","url":"https:\/\/nordicpadel.com\/sv\/wp-content\/uploads\/sites\/10\/2022\/12\/Nordic-Padel-small_1-1.png","contentUrl":"https:\/\/nordicpadel.com\/sv\/wp-content\/uploads\/sites\/10\/2022\/12\/Nordic-Padel-small_1-1.png","width":400,"height":119,"caption":"Nordic Padel"},"image":{"@id":"https:\/\/nordicpadel.com\/sv\/#\/schema\/logo\/image\/"}}]}},"brands":[],"_links":{"self":[{"href":"https:\/\/nordicpadel.com\/sv\/wp-json\/wp\/v2\/product\/87341","targetHints":{"allow":["GET"]}}],"collection":[{"href":"https:\/\/nordicpadel.com\/sv\/wp-json\/wp\/v2\/product"}],"about":[{"href":"https:\/\/nordicpadel.com\/sv\/wp-json\/wp\/v2\/types\/product"}],"replies":[{"embeddable":true,"href":"https:\/\/nordicpadel.com\/sv\/wp-json\/wp\/v2\/comments?post=87341"}],"wp:featuredmedia":[{"embeddable":true,"href":"https:\/\/nordicpadel.com\/sv\/wp-json\/wp\/v2\/media\/87337"}],"wp:attachment":[{"href":"https:\/\/nordicpadel.com\/sv\/wp-json\/wp\/v2\/media?parent=87341"}],"wp:term":[{"taxonomy":"pwb-brand","embeddable":true,"href":"https:\/\/nordicpadel.com\/sv\/wp-json\/wp\/v2\/pwb-brand?post=87341"},{"taxonomy":"product_cat","embeddable":true,"href":"https:\/\/nordicpadel.com\/sv\/wp-json\/wp\/v2\/product_cat?post=87341"},{"taxonomy":"product_tag","embeddable":true,"href":"https:\/\/nordicpadel.com\/sv\/wp-json\/wp\/v2\/product_tag?post=87341"},{"taxonomy":"woo-feed-brand","embeddable":true,"href":"https:\/\/nordicpadel.com\/sv\/wp-json\/wp\/v2\/woo-feed-brand?post=87341"}],"curies":[{"name":"wp","href":"https:\/\/api.w.org\/{rel}","templated":true}]}}