{"id":87312,"date":"2025-11-26T17:11:47","date_gmt":"2025-11-26T16:11:47","guid":{"rendered":"https:\/\/nordicpadel.com\/sv\/product\/4on-totalspin\/"},"modified":"2025-11-27T16:47:49","modified_gmt":"2025-11-27T15:47:49","slug":"4on-totalspin","status":"publish","type":"product","link":"https:\/\/nordicpadel.com\/sv\/product\/4on-totalspin\/","title":{"rendered":"4on TotalSpin"},"content":{"rendered":"<p>Nu finns den h\u00e4r-sprayen som g\u00f6r att du f\u00e5r en sandpapperliknande yta med krispig k\u00e4nsla. M\u00e5nga \u00e4r vi som vill f\u00e5 b\u00e4ttre bett p\u00e5 bollen och d\u00e5 kan det h\u00e4r kanske vara l\u00f6sningen f\u00f6r att f\u00e5 den riktigt krispiga k\u00e4nslan som g\u00f6r att du kan gr\u00e4va ned bollen l\u00e5gt och djupt ned i h\u00f6rnan. Totalspin \u00e4r utvecklat i Sverige ihop med Patric Person som \u00e4r en padelprofil som syns titt som t\u00e4tt runt om i Sverige och v\u00e4rlden. TotalSpin \u00e4r ett paket f\u00f6r dig som \u00f6nskar applicera en egen sandpapper-yta p\u00e5 ditt racket och som vill att den k\u00e4nslan h\u00e5ller sig eftersom man alltid f\u00e5r r\u00e4kna att sandpapperytan slits bort efter ett tag oavsett om du har spray eller en racket som redan har en krispig yta. Paketet best\u00e5r utav *Lack 100ml *Kolfibersand 30g *Tygduk Ett paket best\u00e5r utav cirka 18 applikationer En applicerad yta har en h\u00e5llbarhet mellan 90-270 minuters spel beroende p\u00e5 racketens original yta och m\u00e4ngd lack applicerad. \u00d6nskar man l\u00e4ngre h\u00e5llbarhet rekommenderar vi att \u00f6ka m\u00e4ngden lack alternativt applicera ett lager till Produkten appliceras p\u00e5 eget bev\u00e5g, tillverkare eller \u00e5terf\u00f6rs\u00e4ljare l\u00e4mnar ingen garanti p\u00e5 ordinarie rackets kvalit\u00e9 och egenskaper.<\/p>\n","protected":false},"excerpt":{"rendered":"<p>Nu finns den h\u00e4r-sprayen som g\u00f6r att du f\u00e5r en sandpapperliknande yta med krispig k\u00e4nsla. M\u00e5nga \u00e4r vi som vill f\u00e5 b\u00e4ttre bett p\u00e5 bollen och d\u00e5 kan det h\u00e4r kanske vara l\u00f6sningen f\u00f6r att f\u00e5 den riktigt krispiga k\u00e4nslan som g\u00f6r att du kan gr\u00e4va ned bollen l\u00e5gt och djupt ned i h\u00f6rnan. Totalspin [&hellip;]<\/p>\n","protected":false},"featured_media":87311,"comment_status":"open","ping_status":"closed","template":"","meta":[],"pwb-brand":[],"product_cat":[466],"product_tag":[],"woo-feed-brand":[],"class_list":{"0":"post-87312","1":"product","2":"type-product","3":"status-publish","4":"has-post-thumbnail","6":"product_cat-4on","7":"pa_varumarke-4on","9":"first","10":"outofstock","11":"sale","12":"taxable","13":"shipping-taxable","14":"purchasable","15":"product-type-simple"},"bundled_by":[],"bundle_stock_status":"outofstock","bundle_stock_quantity":0,"bundle_virtual":false,"bundle_layout":"","bundle_add_to_cart_form_location":"","bundle_editable_in_cart":false,"bundle_sold_individually_context":"","bundle_item_grouping":"","bundle_min_size":"","bundle_max_size":"","bundled_items":[],"bundle_sell_ids":[],"acf":[],"yoast_head":"<!-- This site is optimized with the Yoast SEO plugin v23.1 - https:\/\/yoast.com\/wordpress\/plugins\/seo\/ -->\n<title>4on TotalSpin - Nordic Padel<\/title>\n<meta name=\"robots\" content=\"index, follow, max-snippet:-1, max-image-preview:large, max-video-preview:-1\" \/>\n<link rel=\"canonical\" href=\"https:\/\/nordicpadel.com\/sv\/product\/4on-totalspin\/\" \/>\n<meta property=\"og:locale\" content=\"sv_SE\" \/>\n<meta property=\"og:type\" content=\"article\" \/>\n<meta property=\"og:title\" content=\"4on TotalSpin - Nordic Padel\" \/>\n<meta property=\"og:description\" content=\"Nu finns den h\u00e4r-sprayen som g\u00f6r att du f\u00e5r en sandpapperliknande yta med krispig k\u00e4nsla. M\u00e5nga \u00e4r vi som vill f\u00e5 b\u00e4ttre bett p\u00e5 bollen och d\u00e5 kan det h\u00e4r kanske vara l\u00f6sningen f\u00f6r att f\u00e5 den riktigt krispiga k\u00e4nslan som g\u00f6r att du kan gr\u00e4va ned bollen l\u00e5gt och djupt ned i h\u00f6rnan. Totalspin [&hellip;]\" \/>\n<meta property=\"og:url\" content=\"https:\/\/nordicpadel.com\/sv\/product\/4on-totalspin\/\" \/>\n<meta property=\"og:site_name\" content=\"Nordic Padel\" \/>\n<meta property=\"article:modified_time\" content=\"2025-11-27T15:47:49+00:00\" \/>\n<meta name=\"twitter:card\" content=\"summary_large_image\" \/>\n<meta name=\"twitter:label1\" content=\"Ber\u00e4knad l\u00e4stid\" \/>\n\t<meta name=\"twitter:data1\" content=\"1 minut\" \/>\n<script type=\"application\/ld+json\" class=\"yoast-schema-graph\">{\"@context\":\"https:\/\/schema.org\",\"@graph\":[{\"@type\":\"WebPage\",\"@id\":\"https:\/\/nordicpadel.com\/sv\/product\/4on-totalspin\/\",\"url\":\"https:\/\/nordicpadel.com\/sv\/product\/4on-totalspin\/\",\"name\":\"4on TotalSpin - Nordic Padel\",\"isPartOf\":{\"@id\":\"https:\/\/nordicpadel.com\/sv\/#website\"},\"primaryImageOfPage\":{\"@id\":\"https:\/\/nordicpadel.com\/sv\/product\/4on-totalspin\/#primaryimage\"},\"image\":{\"@id\":\"https:\/\/nordicpadel.com\/sv\/product\/4on-totalspin\/#primaryimage\"},\"thumbnailUrl\":\"https:\/\/nordicpadel.com\/sv\/wp-content\/uploads\/sites\/10\/2025\/11\/fe83e264c6abd8a2aa8468cafd9f2917.png\",\"datePublished\":\"2025-11-26T16:11:47+00:00\",\"dateModified\":\"2025-11-27T15:47:49+00:00\",\"breadcrumb\":{\"@id\":\"https:\/\/nordicpadel.com\/sv\/product\/4on-totalspin\/#breadcrumb\"},\"inLanguage\":\"sv-SE\",\"potentialAction\":[{\"@type\":\"ReadAction\",\"target\":[\"https:\/\/nordicpadel.com\/sv\/product\/4on-totalspin\/\"]}]},{\"@type\":\"ImageObject\",\"inLanguage\":\"sv-SE\",\"@id\":\"https:\/\/nordicpadel.com\/sv\/product\/4on-totalspin\/#primaryimage\",\"url\":\"https:\/\/nordicpadel.com\/sv\/wp-content\/uploads\/sites\/10\/2025\/11\/fe83e264c6abd8a2aa8468cafd9f2917.png\",\"contentUrl\":\"https:\/\/nordicpadel.com\/sv\/wp-content\/uploads\/sites\/10\/2025\/11\/fe83e264c6abd8a2aa8468cafd9f2917.png\",\"width\":800,\"height\":800,\"caption\":\"4on TotalSpin\"},{\"@type\":\"BreadcrumbList\",\"@id\":\"https:\/\/nordicpadel.com\/sv\/product\/4on-totalspin\/#breadcrumb\",\"itemListElement\":[{\"@type\":\"ListItem\",\"position\":1,\"name\":\"Hem\",\"item\":\"https:\/\/nordicpadel.com\/sv\/\"},{\"@type\":\"ListItem\",\"position\":2,\"name\":\"Shop\",\"item\":\"https:\/\/nordicpadel.com\/sv\/shop\/\"},{\"@type\":\"ListItem\",\"position\":3,\"name\":\"4on TotalSpin\"}]},{\"@type\":\"WebSite\",\"@id\":\"https:\/\/nordicpadel.com\/sv\/#website\",\"url\":\"https:\/\/nordicpadel.com\/sv\/\",\"name\":\"Nordic Padel\",\"description\":\"\",\"publisher\":{\"@id\":\"https:\/\/nordicpadel.com\/sv\/#organization\"},\"potentialAction\":[{\"@type\":\"SearchAction\",\"target\":{\"@type\":\"EntryPoint\",\"urlTemplate\":\"https:\/\/nordicpadel.com\/sv\/?s={search_term_string}\"},\"query-input\":\"required name=search_term_string\"}],\"inLanguage\":\"sv-SE\"},{\"@type\":\"Organization\",\"@id\":\"https:\/\/nordicpadel.com\/sv\/#organization\",\"name\":\"Nordic Padel\",\"url\":\"https:\/\/nordicpadel.com\/sv\/\",\"logo\":{\"@type\":\"ImageObject\",\"inLanguage\":\"sv-SE\",\"@id\":\"https:\/\/nordicpadel.com\/sv\/#\/schema\/logo\/image\/\",\"url\":\"https:\/\/nordicpadel.com\/sv\/wp-content\/uploads\/sites\/10\/2022\/12\/Nordic-Padel-small_1-1.png\",\"contentUrl\":\"https:\/\/nordicpadel.com\/sv\/wp-content\/uploads\/sites\/10\/2022\/12\/Nordic-Padel-small_1-1.png\",\"width\":400,\"height\":119,\"caption\":\"Nordic Padel\"},\"image\":{\"@id\":\"https:\/\/nordicpadel.com\/sv\/#\/schema\/logo\/image\/\"}}]}<\/script>\n<!-- \/ Yoast SEO plugin. -->","yoast_head_json":{"title":"4on TotalSpin - Nordic Padel","robots":{"index":"index","follow":"follow","max-snippet":"max-snippet:-1","max-image-preview":"max-image-preview:large","max-video-preview":"max-video-preview:-1"},"canonical":"https:\/\/nordicpadel.com\/sv\/product\/4on-totalspin\/","og_locale":"sv_SE","og_type":"article","og_title":"4on TotalSpin - Nordic Padel","og_description":"Nu finns den h\u00e4r-sprayen som g\u00f6r att du f\u00e5r en sandpapperliknande yta med krispig k\u00e4nsla. M\u00e5nga \u00e4r vi som vill f\u00e5 b\u00e4ttre bett p\u00e5 bollen och d\u00e5 kan det h\u00e4r kanske vara l\u00f6sningen f\u00f6r att f\u00e5 den riktigt krispiga k\u00e4nslan som g\u00f6r att du kan gr\u00e4va ned bollen l\u00e5gt och djupt ned i h\u00f6rnan. Totalspin [&hellip;]","og_url":"https:\/\/nordicpadel.com\/sv\/product\/4on-totalspin\/","og_site_name":"Nordic Padel","article_modified_time":"2025-11-27T15:47:49+00:00","twitter_card":"summary_large_image","twitter_misc":{"Ber\u00e4knad l\u00e4stid":"1 minut"},"schema":{"@context":"https:\/\/schema.org","@graph":[{"@type":"WebPage","@id":"https:\/\/nordicpadel.com\/sv\/product\/4on-totalspin\/","url":"https:\/\/nordicpadel.com\/sv\/product\/4on-totalspin\/","name":"4on TotalSpin - Nordic Padel","isPartOf":{"@id":"https:\/\/nordicpadel.com\/sv\/#website"},"primaryImageOfPage":{"@id":"https:\/\/nordicpadel.com\/sv\/product\/4on-totalspin\/#primaryimage"},"image":{"@id":"https:\/\/nordicpadel.com\/sv\/product\/4on-totalspin\/#primaryimage"},"thumbnailUrl":"https:\/\/nordicpadel.com\/sv\/wp-content\/uploads\/sites\/10\/2025\/11\/fe83e264c6abd8a2aa8468cafd9f2917.png","datePublished":"2025-11-26T16:11:47+00:00","dateModified":"2025-11-27T15:47:49+00:00","breadcrumb":{"@id":"https:\/\/nordicpadel.com\/sv\/product\/4on-totalspin\/#breadcrumb"},"inLanguage":"sv-SE","potentialAction":[{"@type":"ReadAction","target":["https:\/\/nordicpadel.com\/sv\/product\/4on-totalspin\/"]}]},{"@type":"ImageObject","inLanguage":"sv-SE","@id":"https:\/\/nordicpadel.com\/sv\/product\/4on-totalspin\/#primaryimage","url":"https:\/\/nordicpadel.com\/sv\/wp-content\/uploads\/sites\/10\/2025\/11\/fe83e264c6abd8a2aa8468cafd9f2917.png","contentUrl":"https:\/\/nordicpadel.com\/sv\/wp-content\/uploads\/sites\/10\/2025\/11\/fe83e264c6abd8a2aa8468cafd9f2917.png","width":800,"height":800,"caption":"4on TotalSpin"},{"@type":"BreadcrumbList","@id":"https:\/\/nordicpadel.com\/sv\/product\/4on-totalspin\/#breadcrumb","itemListElement":[{"@type":"ListItem","position":1,"name":"Hem","item":"https:\/\/nordicpadel.com\/sv\/"},{"@type":"ListItem","position":2,"name":"Shop","item":"https:\/\/nordicpadel.com\/sv\/shop\/"},{"@type":"ListItem","position":3,"name":"4on TotalSpin"}]},{"@type":"WebSite","@id":"https:\/\/nordicpadel.com\/sv\/#website","url":"https:\/\/nordicpadel.com\/sv\/","name":"Nordic Padel","description":"","publisher":{"@id":"https:\/\/nordicpadel.com\/sv\/#organization"},"potentialAction":[{"@type":"SearchAction","target":{"@type":"EntryPoint","urlTemplate":"https:\/\/nordicpadel.com\/sv\/?s={search_term_string}"},"query-input":"required name=search_term_string"}],"inLanguage":"sv-SE"},{"@type":"Organization","@id":"https:\/\/nordicpadel.com\/sv\/#organization","name":"Nordic Padel","url":"https:\/\/nordicpadel.com\/sv\/","logo":{"@type":"ImageObject","inLanguage":"sv-SE","@id":"https:\/\/nordicpadel.com\/sv\/#\/schema\/logo\/image\/","url":"https:\/\/nordicpadel.com\/sv\/wp-content\/uploads\/sites\/10\/2022\/12\/Nordic-Padel-small_1-1.png","contentUrl":"https:\/\/nordicpadel.com\/sv\/wp-content\/uploads\/sites\/10\/2022\/12\/Nordic-Padel-small_1-1.png","width":400,"height":119,"caption":"Nordic Padel"},"image":{"@id":"https:\/\/nordicpadel.com\/sv\/#\/schema\/logo\/image\/"}}]}},"brands":[],"_links":{"self":[{"href":"https:\/\/nordicpadel.com\/sv\/wp-json\/wp\/v2\/product\/87312","targetHints":{"allow":["GET"]}}],"collection":[{"href":"https:\/\/nordicpadel.com\/sv\/wp-json\/wp\/v2\/product"}],"about":[{"href":"https:\/\/nordicpadel.com\/sv\/wp-json\/wp\/v2\/types\/product"}],"replies":[{"embeddable":true,"href":"https:\/\/nordicpadel.com\/sv\/wp-json\/wp\/v2\/comments?post=87312"}],"wp:featuredmedia":[{"embeddable":true,"href":"https:\/\/nordicpadel.com\/sv\/wp-json\/wp\/v2\/media\/87311"}],"wp:attachment":[{"href":"https:\/\/nordicpadel.com\/sv\/wp-json\/wp\/v2\/media?parent=87312"}],"wp:term":[{"taxonomy":"pwb-brand","embeddable":true,"href":"https:\/\/nordicpadel.com\/sv\/wp-json\/wp\/v2\/pwb-brand?post=87312"},{"taxonomy":"product_cat","embeddable":true,"href":"https:\/\/nordicpadel.com\/sv\/wp-json\/wp\/v2\/product_cat?post=87312"},{"taxonomy":"product_tag","embeddable":true,"href":"https:\/\/nordicpadel.com\/sv\/wp-json\/wp\/v2\/product_tag?post=87312"},{"taxonomy":"woo-feed-brand","embeddable":true,"href":"https:\/\/nordicpadel.com\/sv\/wp-json\/wp\/v2\/woo-feed-brand?post=87312"}],"curies":[{"name":"wp","href":"https:\/\/api.w.org\/{rel}","templated":true}]}}