{"id":87118,"date":"2025-11-26T17:06:52","date_gmt":"2025-11-26T16:06:52","guid":{"rendered":"https:\/\/nordicpadel.com\/sv\/product\/nike-swoosh-headband-2\/"},"modified":"2026-02-28T23:20:50","modified_gmt":"2026-02-28T22:20:50","slug":"nike-swoosh-headband-2","status":"publish","type":"product","link":"https:\/\/nordicpadel.com\/sv\/product\/nike-swoosh-headband-2\/","title":{"rendered":"Nike Swoosh Headband"},"content":{"rendered":"<p>Nikes gr\u00e5 pannband &#8211; Ger dig den stilen du f\u00f6rtj\u00e4nar p\u00e5 tennisbanan. Spela som en tennisspelare och se ut som en tennisspelare. Pannbandet passar givetvis minst lika bra oavsett idrott du ut\u00f6var. Pannbandet f\u00f6rhindrar att svett trillar ned i \u00f6gonen. F\u00e4rg: Gr\u00e5 Material: 95% Bomull, 5% nylon<\/p>\n","protected":false},"excerpt":{"rendered":"<p>Nikes gr\u00e5 pannband &#8211; Ger dig den stilen du f\u00f6rtj\u00e4nar p\u00e5 tennisbanan. Spela som en tennisspelare och se ut som en tennisspelare. Pannbandet passar givetvis minst lika bra oavsett idrott du ut\u00f6var. Pannbandet f\u00f6rhindrar att svett trillar ned i \u00f6gonen. F\u00e4rg: Gr\u00e5 Material: 95% Bomull, 5% nylon<\/p>\n","protected":false},"featured_media":87115,"comment_status":"open","ping_status":"closed","template":"","meta":[],"pwb-brand":[],"product_cat":[44],"product_tag":[],"woo-feed-brand":[],"class_list":{"0":"post-87118","1":"product","2":"type-product","3":"status-publish","4":"has-post-thumbnail","6":"product_cat-svettband","7":"pa_varumarke-nike","9":"first","10":"instock","11":"taxable","12":"shipping-taxable","13":"purchasable","14":"product-type-simple"},"bundled_by":[],"bundle_stock_status":"instock","bundle_stock_quantity":7,"bundle_virtual":false,"bundle_layout":"","bundle_add_to_cart_form_location":"","bundle_editable_in_cart":false,"bundle_sold_individually_context":"","bundle_item_grouping":"","bundle_min_size":"","bundle_max_size":"","bundled_items":[],"bundle_sell_ids":[],"acf":[],"yoast_head":"<!-- This site is optimized with the Yoast SEO plugin v23.1 - https:\/\/yoast.com\/wordpress\/plugins\/seo\/ -->\n<title>Nike Swoosh Headband - Nordic Padel<\/title>\n<meta name=\"robots\" content=\"index, follow, max-snippet:-1, max-image-preview:large, max-video-preview:-1\" \/>\n<link rel=\"canonical\" href=\"https:\/\/nordicpadel.com\/sv\/product\/nike-swoosh-headband-2\/\" \/>\n<meta property=\"og:locale\" content=\"sv_SE\" \/>\n<meta property=\"og:type\" content=\"article\" \/>\n<meta property=\"og:title\" content=\"Nike Swoosh Headband - Nordic Padel\" \/>\n<meta property=\"og:description\" content=\"Nikes gr\u00e5 pannband &#8211; Ger dig den stilen du f\u00f6rtj\u00e4nar p\u00e5 tennisbanan. Spela som en tennisspelare och se ut som en tennisspelare. Pannbandet passar givetvis minst lika bra oavsett idrott du ut\u00f6var. Pannbandet f\u00f6rhindrar att svett trillar ned i \u00f6gonen. F\u00e4rg: Gr\u00e5 Material: 95% Bomull, 5% nylon\" \/>\n<meta property=\"og:url\" content=\"https:\/\/nordicpadel.com\/sv\/product\/nike-swoosh-headband-2\/\" \/>\n<meta property=\"og:site_name\" content=\"Nordic Padel\" \/>\n<meta property=\"article:modified_time\" content=\"2026-02-28T22:20:50+00:00\" \/>\n<meta name=\"twitter:card\" content=\"summary_large_image\" \/>\n<script type=\"application\/ld+json\" class=\"yoast-schema-graph\">{\"@context\":\"https:\/\/schema.org\",\"@graph\":[{\"@type\":\"WebPage\",\"@id\":\"https:\/\/nordicpadel.com\/sv\/product\/nike-swoosh-headband-2\/\",\"url\":\"https:\/\/nordicpadel.com\/sv\/product\/nike-swoosh-headband-2\/\",\"name\":\"Nike Swoosh Headband - Nordic Padel\",\"isPartOf\":{\"@id\":\"https:\/\/nordicpadel.com\/sv\/#website\"},\"primaryImageOfPage\":{\"@id\":\"https:\/\/nordicpadel.com\/sv\/product\/nike-swoosh-headband-2\/#primaryimage\"},\"image\":{\"@id\":\"https:\/\/nordicpadel.com\/sv\/product\/nike-swoosh-headband-2\/#primaryimage\"},\"thumbnailUrl\":\"https:\/\/nordicpadel.com\/sv\/wp-content\/uploads\/sites\/10\/2025\/11\/4f24651810d6b7976ad1dfb3b16f2ccc.png\",\"datePublished\":\"2025-11-26T16:06:52+00:00\",\"dateModified\":\"2026-02-28T22:20:50+00:00\",\"breadcrumb\":{\"@id\":\"https:\/\/nordicpadel.com\/sv\/product\/nike-swoosh-headband-2\/#breadcrumb\"},\"inLanguage\":\"sv-SE\",\"potentialAction\":[{\"@type\":\"ReadAction\",\"target\":[\"https:\/\/nordicpadel.com\/sv\/product\/nike-swoosh-headband-2\/\"]}]},{\"@type\":\"ImageObject\",\"inLanguage\":\"sv-SE\",\"@id\":\"https:\/\/nordicpadel.com\/sv\/product\/nike-swoosh-headband-2\/#primaryimage\",\"url\":\"https:\/\/nordicpadel.com\/sv\/wp-content\/uploads\/sites\/10\/2025\/11\/4f24651810d6b7976ad1dfb3b16f2ccc.png\",\"contentUrl\":\"https:\/\/nordicpadel.com\/sv\/wp-content\/uploads\/sites\/10\/2025\/11\/4f24651810d6b7976ad1dfb3b16f2ccc.png\",\"width\":800,\"height\":800,\"caption\":\"Nike Swoosh Headband\"},{\"@type\":\"BreadcrumbList\",\"@id\":\"https:\/\/nordicpadel.com\/sv\/product\/nike-swoosh-headband-2\/#breadcrumb\",\"itemListElement\":[{\"@type\":\"ListItem\",\"position\":1,\"name\":\"Hem\",\"item\":\"https:\/\/nordicpadel.com\/sv\/\"},{\"@type\":\"ListItem\",\"position\":2,\"name\":\"Shop\",\"item\":\"https:\/\/nordicpadel.com\/sv\/shop\/\"},{\"@type\":\"ListItem\",\"position\":3,\"name\":\"Nike Swoosh Headband\"}]},{\"@type\":\"WebSite\",\"@id\":\"https:\/\/nordicpadel.com\/sv\/#website\",\"url\":\"https:\/\/nordicpadel.com\/sv\/\",\"name\":\"Nordic Padel\",\"description\":\"\",\"publisher\":{\"@id\":\"https:\/\/nordicpadel.com\/sv\/#organization\"},\"potentialAction\":[{\"@type\":\"SearchAction\",\"target\":{\"@type\":\"EntryPoint\",\"urlTemplate\":\"https:\/\/nordicpadel.com\/sv\/?s={search_term_string}\"},\"query-input\":\"required name=search_term_string\"}],\"inLanguage\":\"sv-SE\"},{\"@type\":\"Organization\",\"@id\":\"https:\/\/nordicpadel.com\/sv\/#organization\",\"name\":\"Nordic Padel\",\"url\":\"https:\/\/nordicpadel.com\/sv\/\",\"logo\":{\"@type\":\"ImageObject\",\"inLanguage\":\"sv-SE\",\"@id\":\"https:\/\/nordicpadel.com\/sv\/#\/schema\/logo\/image\/\",\"url\":\"https:\/\/nordicpadel.com\/sv\/wp-content\/uploads\/sites\/10\/2022\/12\/Nordic-Padel-small_1-1.png\",\"contentUrl\":\"https:\/\/nordicpadel.com\/sv\/wp-content\/uploads\/sites\/10\/2022\/12\/Nordic-Padel-small_1-1.png\",\"width\":400,\"height\":119,\"caption\":\"Nordic Padel\"},\"image\":{\"@id\":\"https:\/\/nordicpadel.com\/sv\/#\/schema\/logo\/image\/\"}}]}<\/script>\n<!-- \/ Yoast SEO plugin. -->","yoast_head_json":{"title":"Nike Swoosh Headband - Nordic Padel","robots":{"index":"index","follow":"follow","max-snippet":"max-snippet:-1","max-image-preview":"max-image-preview:large","max-video-preview":"max-video-preview:-1"},"canonical":"https:\/\/nordicpadel.com\/sv\/product\/nike-swoosh-headband-2\/","og_locale":"sv_SE","og_type":"article","og_title":"Nike Swoosh Headband - Nordic Padel","og_description":"Nikes gr\u00e5 pannband &#8211; Ger dig den stilen du f\u00f6rtj\u00e4nar p\u00e5 tennisbanan. Spela som en tennisspelare och se ut som en tennisspelare. Pannbandet passar givetvis minst lika bra oavsett idrott du ut\u00f6var. Pannbandet f\u00f6rhindrar att svett trillar ned i \u00f6gonen. F\u00e4rg: Gr\u00e5 Material: 95% Bomull, 5% nylon","og_url":"https:\/\/nordicpadel.com\/sv\/product\/nike-swoosh-headband-2\/","og_site_name":"Nordic Padel","article_modified_time":"2026-02-28T22:20:50+00:00","twitter_card":"summary_large_image","schema":{"@context":"https:\/\/schema.org","@graph":[{"@type":"WebPage","@id":"https:\/\/nordicpadel.com\/sv\/product\/nike-swoosh-headband-2\/","url":"https:\/\/nordicpadel.com\/sv\/product\/nike-swoosh-headband-2\/","name":"Nike Swoosh Headband - Nordic Padel","isPartOf":{"@id":"https:\/\/nordicpadel.com\/sv\/#website"},"primaryImageOfPage":{"@id":"https:\/\/nordicpadel.com\/sv\/product\/nike-swoosh-headband-2\/#primaryimage"},"image":{"@id":"https:\/\/nordicpadel.com\/sv\/product\/nike-swoosh-headband-2\/#primaryimage"},"thumbnailUrl":"https:\/\/nordicpadel.com\/sv\/wp-content\/uploads\/sites\/10\/2025\/11\/4f24651810d6b7976ad1dfb3b16f2ccc.png","datePublished":"2025-11-26T16:06:52+00:00","dateModified":"2026-02-28T22:20:50+00:00","breadcrumb":{"@id":"https:\/\/nordicpadel.com\/sv\/product\/nike-swoosh-headband-2\/#breadcrumb"},"inLanguage":"sv-SE","potentialAction":[{"@type":"ReadAction","target":["https:\/\/nordicpadel.com\/sv\/product\/nike-swoosh-headband-2\/"]}]},{"@type":"ImageObject","inLanguage":"sv-SE","@id":"https:\/\/nordicpadel.com\/sv\/product\/nike-swoosh-headband-2\/#primaryimage","url":"https:\/\/nordicpadel.com\/sv\/wp-content\/uploads\/sites\/10\/2025\/11\/4f24651810d6b7976ad1dfb3b16f2ccc.png","contentUrl":"https:\/\/nordicpadel.com\/sv\/wp-content\/uploads\/sites\/10\/2025\/11\/4f24651810d6b7976ad1dfb3b16f2ccc.png","width":800,"height":800,"caption":"Nike Swoosh Headband"},{"@type":"BreadcrumbList","@id":"https:\/\/nordicpadel.com\/sv\/product\/nike-swoosh-headband-2\/#breadcrumb","itemListElement":[{"@type":"ListItem","position":1,"name":"Hem","item":"https:\/\/nordicpadel.com\/sv\/"},{"@type":"ListItem","position":2,"name":"Shop","item":"https:\/\/nordicpadel.com\/sv\/shop\/"},{"@type":"ListItem","position":3,"name":"Nike Swoosh Headband"}]},{"@type":"WebSite","@id":"https:\/\/nordicpadel.com\/sv\/#website","url":"https:\/\/nordicpadel.com\/sv\/","name":"Nordic Padel","description":"","publisher":{"@id":"https:\/\/nordicpadel.com\/sv\/#organization"},"potentialAction":[{"@type":"SearchAction","target":{"@type":"EntryPoint","urlTemplate":"https:\/\/nordicpadel.com\/sv\/?s={search_term_string}"},"query-input":"required name=search_term_string"}],"inLanguage":"sv-SE"},{"@type":"Organization","@id":"https:\/\/nordicpadel.com\/sv\/#organization","name":"Nordic Padel","url":"https:\/\/nordicpadel.com\/sv\/","logo":{"@type":"ImageObject","inLanguage":"sv-SE","@id":"https:\/\/nordicpadel.com\/sv\/#\/schema\/logo\/image\/","url":"https:\/\/nordicpadel.com\/sv\/wp-content\/uploads\/sites\/10\/2022\/12\/Nordic-Padel-small_1-1.png","contentUrl":"https:\/\/nordicpadel.com\/sv\/wp-content\/uploads\/sites\/10\/2022\/12\/Nordic-Padel-small_1-1.png","width":400,"height":119,"caption":"Nordic Padel"},"image":{"@id":"https:\/\/nordicpadel.com\/sv\/#\/schema\/logo\/image\/"}}]}},"brands":[],"_links":{"self":[{"href":"https:\/\/nordicpadel.com\/sv\/wp-json\/wp\/v2\/product\/87118","targetHints":{"allow":["GET"]}}],"collection":[{"href":"https:\/\/nordicpadel.com\/sv\/wp-json\/wp\/v2\/product"}],"about":[{"href":"https:\/\/nordicpadel.com\/sv\/wp-json\/wp\/v2\/types\/product"}],"replies":[{"embeddable":true,"href":"https:\/\/nordicpadel.com\/sv\/wp-json\/wp\/v2\/comments?post=87118"}],"wp:featuredmedia":[{"embeddable":true,"href":"https:\/\/nordicpadel.com\/sv\/wp-json\/wp\/v2\/media\/87115"}],"wp:attachment":[{"href":"https:\/\/nordicpadel.com\/sv\/wp-json\/wp\/v2\/media?parent=87118"}],"wp:term":[{"taxonomy":"pwb-brand","embeddable":true,"href":"https:\/\/nordicpadel.com\/sv\/wp-json\/wp\/v2\/pwb-brand?post=87118"},{"taxonomy":"product_cat","embeddable":true,"href":"https:\/\/nordicpadel.com\/sv\/wp-json\/wp\/v2\/product_cat?post=87118"},{"taxonomy":"product_tag","embeddable":true,"href":"https:\/\/nordicpadel.com\/sv\/wp-json\/wp\/v2\/product_tag?post=87118"},{"taxonomy":"woo-feed-brand","embeddable":true,"href":"https:\/\/nordicpadel.com\/sv\/wp-json\/wp\/v2\/woo-feed-brand?post=87118"}],"curies":[{"name":"wp","href":"https:\/\/api.w.org\/{rel}","templated":true}]}}