{"id":87085,"date":"2025-11-26T17:06:33","date_gmt":"2025-11-26T16:06:33","guid":{"rendered":"https:\/\/nordicpadel.com\/sv\/product\/bow19-angie-long-tights\/"},"modified":"2025-11-27T16:58:41","modified_gmt":"2025-11-27T15:58:41","slug":"bow19-angie-long-tights","status":"publish","type":"product","link":"https:\/\/nordicpadel.com\/sv\/product\/bow19-angie-long-tights\/","title":{"rendered":"BOW19 Angie Long Tights"},"content":{"rendered":"<p>Bow19 Angie Long tights black med bollfickor p\u00e5 b\u00e4gge sidor. K\u00f6p ett par l\u00e5nga tights med h\u00f6g midja och bred linning f\u00f6r b\u00e4sta passform och komfort. Bow19 Angie tights har en lyster i materialet som inte g\u00e5r att j\u00e4mf\u00f6ra med andra tights, en lyxig k\u00e4nsla till ett bra pris. Tr\u00e4ningstights kan ju givetvis anv\u00e4ndas till b\u00e5de fritid och oavsett idrott. Funtkionsmaterialet har bra stretch och absorberar bort fukt snabbt. F\u00e4rg: Svart <\/p>\n<ul>\n<li>Passform: high waisted. Gener\u00f6s storlek, g\u00e5 ner en storlek om ni vill ha en tightare fit.<\/li>\n<li>Innerbensl\u00e4ngd storlek S: 66cm<\/li>\n<li>Material: 86% polyester, 14% elastan glansig panel, 80% polyamid, 20% elastan<\/li>\n<\/ul>\n","protected":false},"excerpt":{"rendered":"<p>Bow19 Angie Long tights black med bollfickor p\u00e5 b\u00e4gge sidor. K\u00f6p ett par l\u00e5nga tights med h\u00f6g midja och bred linning f\u00f6r b\u00e4sta passform och komfort. Bow19 Angie tights har en lyster i materialet som inte g\u00e5r att j\u00e4mf\u00f6ra med andra tights, en lyxig k\u00e4nsla till ett bra pris. Tr\u00e4ningstights kan ju givetvis anv\u00e4ndas till [&hellip;]<\/p>\n","protected":false},"featured_media":87083,"comment_status":"open","ping_status":"closed","template":"","meta":[],"pwb-brand":[],"product_cat":[469],"product_tag":[],"woo-feed-brand":[],"class_list":{"0":"post-87085","1":"product","2":"type-product","3":"status-publish","4":"has-post-thumbnail","6":"product_cat-bow19","7":"pa_varumarke-bow19","9":"first","10":"outofstock","11":"sale","12":"taxable","13":"shipping-taxable","14":"product-type-variable"},"bundled_by":[],"bundle_stock_status":"outofstock","bundle_stock_quantity":0,"bundle_virtual":false,"bundle_layout":"","bundle_add_to_cart_form_location":"","bundle_editable_in_cart":false,"bundle_sold_individually_context":"","bundle_item_grouping":"","bundle_min_size":"","bundle_max_size":"","bundled_items":[],"bundle_sell_ids":[],"acf":[],"yoast_head":"<!-- This site is optimized with the Yoast SEO plugin v23.1 - https:\/\/yoast.com\/wordpress\/plugins\/seo\/ -->\n<title>BOW19 Angie Long Tights - Nordic Padel<\/title>\n<meta name=\"robots\" content=\"index, follow, max-snippet:-1, max-image-preview:large, max-video-preview:-1\" \/>\n<link rel=\"canonical\" href=\"https:\/\/nordicpadel.com\/sv\/product\/bow19-angie-long-tights\/\" \/>\n<meta property=\"og:locale\" content=\"sv_SE\" \/>\n<meta property=\"og:type\" content=\"article\" \/>\n<meta property=\"og:title\" content=\"BOW19 Angie Long Tights - Nordic Padel\" \/>\n<meta property=\"og:description\" content=\"Bow19 Angie Long tights black med bollfickor p\u00e5 b\u00e4gge sidor. K\u00f6p ett par l\u00e5nga tights med h\u00f6g midja och bred linning f\u00f6r b\u00e4sta passform och komfort. Bow19 Angie tights har en lyster i materialet som inte g\u00e5r att j\u00e4mf\u00f6ra med andra tights, en lyxig k\u00e4nsla till ett bra pris. Tr\u00e4ningstights kan ju givetvis anv\u00e4ndas till [&hellip;]\" \/>\n<meta property=\"og:url\" content=\"https:\/\/nordicpadel.com\/sv\/product\/bow19-angie-long-tights\/\" \/>\n<meta property=\"og:site_name\" content=\"Nordic Padel\" \/>\n<meta property=\"article:modified_time\" content=\"2025-11-27T15:58:41+00:00\" \/>\n<meta name=\"twitter:card\" content=\"summary_large_image\" \/>\n<meta name=\"twitter:label1\" content=\"Ber\u00e4knad l\u00e4stid\" \/>\n\t<meta name=\"twitter:data1\" content=\"1 minut\" \/>\n<script type=\"application\/ld+json\" class=\"yoast-schema-graph\">{\"@context\":\"https:\/\/schema.org\",\"@graph\":[{\"@type\":\"WebPage\",\"@id\":\"https:\/\/nordicpadel.com\/sv\/product\/bow19-angie-long-tights\/\",\"url\":\"https:\/\/nordicpadel.com\/sv\/product\/bow19-angie-long-tights\/\",\"name\":\"BOW19 Angie Long Tights - Nordic Padel\",\"isPartOf\":{\"@id\":\"https:\/\/nordicpadel.com\/sv\/#website\"},\"primaryImageOfPage\":{\"@id\":\"https:\/\/nordicpadel.com\/sv\/product\/bow19-angie-long-tights\/#primaryimage\"},\"image\":{\"@id\":\"https:\/\/nordicpadel.com\/sv\/product\/bow19-angie-long-tights\/#primaryimage\"},\"thumbnailUrl\":\"https:\/\/nordicpadel.com\/sv\/wp-content\/uploads\/sites\/10\/2025\/11\/e5517284cd5b09f87f418b9f98685daa.png\",\"datePublished\":\"2025-11-26T16:06:33+00:00\",\"dateModified\":\"2025-11-27T15:58:41+00:00\",\"breadcrumb\":{\"@id\":\"https:\/\/nordicpadel.com\/sv\/product\/bow19-angie-long-tights\/#breadcrumb\"},\"inLanguage\":\"sv-SE\",\"potentialAction\":[{\"@type\":\"ReadAction\",\"target\":[\"https:\/\/nordicpadel.com\/sv\/product\/bow19-angie-long-tights\/\"]}]},{\"@type\":\"ImageObject\",\"inLanguage\":\"sv-SE\",\"@id\":\"https:\/\/nordicpadel.com\/sv\/product\/bow19-angie-long-tights\/#primaryimage\",\"url\":\"https:\/\/nordicpadel.com\/sv\/wp-content\/uploads\/sites\/10\/2025\/11\/e5517284cd5b09f87f418b9f98685daa.png\",\"contentUrl\":\"https:\/\/nordicpadel.com\/sv\/wp-content\/uploads\/sites\/10\/2025\/11\/e5517284cd5b09f87f418b9f98685daa.png\",\"width\":800,\"height\":800,\"caption\":\"BOW19 Angie Long Tights\"},{\"@type\":\"BreadcrumbList\",\"@id\":\"https:\/\/nordicpadel.com\/sv\/product\/bow19-angie-long-tights\/#breadcrumb\",\"itemListElement\":[{\"@type\":\"ListItem\",\"position\":1,\"name\":\"Hem\",\"item\":\"https:\/\/nordicpadel.com\/sv\/\"},{\"@type\":\"ListItem\",\"position\":2,\"name\":\"Shop\",\"item\":\"https:\/\/nordicpadel.com\/sv\/shop\/\"},{\"@type\":\"ListItem\",\"position\":3,\"name\":\"BOW19 Angie Long Tights\"}]},{\"@type\":\"WebSite\",\"@id\":\"https:\/\/nordicpadel.com\/sv\/#website\",\"url\":\"https:\/\/nordicpadel.com\/sv\/\",\"name\":\"Nordic Padel\",\"description\":\"\",\"publisher\":{\"@id\":\"https:\/\/nordicpadel.com\/sv\/#organization\"},\"potentialAction\":[{\"@type\":\"SearchAction\",\"target\":{\"@type\":\"EntryPoint\",\"urlTemplate\":\"https:\/\/nordicpadel.com\/sv\/?s={search_term_string}\"},\"query-input\":\"required name=search_term_string\"}],\"inLanguage\":\"sv-SE\"},{\"@type\":\"Organization\",\"@id\":\"https:\/\/nordicpadel.com\/sv\/#organization\",\"name\":\"Nordic Padel\",\"url\":\"https:\/\/nordicpadel.com\/sv\/\",\"logo\":{\"@type\":\"ImageObject\",\"inLanguage\":\"sv-SE\",\"@id\":\"https:\/\/nordicpadel.com\/sv\/#\/schema\/logo\/image\/\",\"url\":\"https:\/\/nordicpadel.com\/sv\/wp-content\/uploads\/sites\/10\/2022\/12\/Nordic-Padel-small_1-1.png\",\"contentUrl\":\"https:\/\/nordicpadel.com\/sv\/wp-content\/uploads\/sites\/10\/2022\/12\/Nordic-Padel-small_1-1.png\",\"width\":400,\"height\":119,\"caption\":\"Nordic Padel\"},\"image\":{\"@id\":\"https:\/\/nordicpadel.com\/sv\/#\/schema\/logo\/image\/\"}}]}<\/script>\n<!-- \/ Yoast SEO plugin. -->","yoast_head_json":{"title":"BOW19 Angie Long Tights - Nordic Padel","robots":{"index":"index","follow":"follow","max-snippet":"max-snippet:-1","max-image-preview":"max-image-preview:large","max-video-preview":"max-video-preview:-1"},"canonical":"https:\/\/nordicpadel.com\/sv\/product\/bow19-angie-long-tights\/","og_locale":"sv_SE","og_type":"article","og_title":"BOW19 Angie Long Tights - Nordic Padel","og_description":"Bow19 Angie Long tights black med bollfickor p\u00e5 b\u00e4gge sidor. K\u00f6p ett par l\u00e5nga tights med h\u00f6g midja och bred linning f\u00f6r b\u00e4sta passform och komfort. Bow19 Angie tights har en lyster i materialet som inte g\u00e5r att j\u00e4mf\u00f6ra med andra tights, en lyxig k\u00e4nsla till ett bra pris. Tr\u00e4ningstights kan ju givetvis anv\u00e4ndas till [&hellip;]","og_url":"https:\/\/nordicpadel.com\/sv\/product\/bow19-angie-long-tights\/","og_site_name":"Nordic Padel","article_modified_time":"2025-11-27T15:58:41+00:00","twitter_card":"summary_large_image","twitter_misc":{"Ber\u00e4knad l\u00e4stid":"1 minut"},"schema":{"@context":"https:\/\/schema.org","@graph":[{"@type":"WebPage","@id":"https:\/\/nordicpadel.com\/sv\/product\/bow19-angie-long-tights\/","url":"https:\/\/nordicpadel.com\/sv\/product\/bow19-angie-long-tights\/","name":"BOW19 Angie Long Tights - Nordic Padel","isPartOf":{"@id":"https:\/\/nordicpadel.com\/sv\/#website"},"primaryImageOfPage":{"@id":"https:\/\/nordicpadel.com\/sv\/product\/bow19-angie-long-tights\/#primaryimage"},"image":{"@id":"https:\/\/nordicpadel.com\/sv\/product\/bow19-angie-long-tights\/#primaryimage"},"thumbnailUrl":"https:\/\/nordicpadel.com\/sv\/wp-content\/uploads\/sites\/10\/2025\/11\/e5517284cd5b09f87f418b9f98685daa.png","datePublished":"2025-11-26T16:06:33+00:00","dateModified":"2025-11-27T15:58:41+00:00","breadcrumb":{"@id":"https:\/\/nordicpadel.com\/sv\/product\/bow19-angie-long-tights\/#breadcrumb"},"inLanguage":"sv-SE","potentialAction":[{"@type":"ReadAction","target":["https:\/\/nordicpadel.com\/sv\/product\/bow19-angie-long-tights\/"]}]},{"@type":"ImageObject","inLanguage":"sv-SE","@id":"https:\/\/nordicpadel.com\/sv\/product\/bow19-angie-long-tights\/#primaryimage","url":"https:\/\/nordicpadel.com\/sv\/wp-content\/uploads\/sites\/10\/2025\/11\/e5517284cd5b09f87f418b9f98685daa.png","contentUrl":"https:\/\/nordicpadel.com\/sv\/wp-content\/uploads\/sites\/10\/2025\/11\/e5517284cd5b09f87f418b9f98685daa.png","width":800,"height":800,"caption":"BOW19 Angie Long Tights"},{"@type":"BreadcrumbList","@id":"https:\/\/nordicpadel.com\/sv\/product\/bow19-angie-long-tights\/#breadcrumb","itemListElement":[{"@type":"ListItem","position":1,"name":"Hem","item":"https:\/\/nordicpadel.com\/sv\/"},{"@type":"ListItem","position":2,"name":"Shop","item":"https:\/\/nordicpadel.com\/sv\/shop\/"},{"@type":"ListItem","position":3,"name":"BOW19 Angie Long Tights"}]},{"@type":"WebSite","@id":"https:\/\/nordicpadel.com\/sv\/#website","url":"https:\/\/nordicpadel.com\/sv\/","name":"Nordic Padel","description":"","publisher":{"@id":"https:\/\/nordicpadel.com\/sv\/#organization"},"potentialAction":[{"@type":"SearchAction","target":{"@type":"EntryPoint","urlTemplate":"https:\/\/nordicpadel.com\/sv\/?s={search_term_string}"},"query-input":"required name=search_term_string"}],"inLanguage":"sv-SE"},{"@type":"Organization","@id":"https:\/\/nordicpadel.com\/sv\/#organization","name":"Nordic Padel","url":"https:\/\/nordicpadel.com\/sv\/","logo":{"@type":"ImageObject","inLanguage":"sv-SE","@id":"https:\/\/nordicpadel.com\/sv\/#\/schema\/logo\/image\/","url":"https:\/\/nordicpadel.com\/sv\/wp-content\/uploads\/sites\/10\/2022\/12\/Nordic-Padel-small_1-1.png","contentUrl":"https:\/\/nordicpadel.com\/sv\/wp-content\/uploads\/sites\/10\/2022\/12\/Nordic-Padel-small_1-1.png","width":400,"height":119,"caption":"Nordic Padel"},"image":{"@id":"https:\/\/nordicpadel.com\/sv\/#\/schema\/logo\/image\/"}}]}},"brands":[],"_links":{"self":[{"href":"https:\/\/nordicpadel.com\/sv\/wp-json\/wp\/v2\/product\/87085","targetHints":{"allow":["GET"]}}],"collection":[{"href":"https:\/\/nordicpadel.com\/sv\/wp-json\/wp\/v2\/product"}],"about":[{"href":"https:\/\/nordicpadel.com\/sv\/wp-json\/wp\/v2\/types\/product"}],"replies":[{"embeddable":true,"href":"https:\/\/nordicpadel.com\/sv\/wp-json\/wp\/v2\/comments?post=87085"}],"wp:featuredmedia":[{"embeddable":true,"href":"https:\/\/nordicpadel.com\/sv\/wp-json\/wp\/v2\/media\/87083"}],"wp:attachment":[{"href":"https:\/\/nordicpadel.com\/sv\/wp-json\/wp\/v2\/media?parent=87085"}],"wp:term":[{"taxonomy":"pwb-brand","embeddable":true,"href":"https:\/\/nordicpadel.com\/sv\/wp-json\/wp\/v2\/pwb-brand?post=87085"},{"taxonomy":"product_cat","embeddable":true,"href":"https:\/\/nordicpadel.com\/sv\/wp-json\/wp\/v2\/product_cat?post=87085"},{"taxonomy":"product_tag","embeddable":true,"href":"https:\/\/nordicpadel.com\/sv\/wp-json\/wp\/v2\/product_tag?post=87085"},{"taxonomy":"woo-feed-brand","embeddable":true,"href":"https:\/\/nordicpadel.com\/sv\/wp-json\/wp\/v2\/woo-feed-brand?post=87085"}],"curies":[{"name":"wp","href":"https:\/\/api.w.org\/{rel}","templated":true}]}}