{"id":87081,"date":"2025-11-26T17:06:28","date_gmt":"2025-11-26T16:06:28","guid":{"rendered":"https:\/\/nordicpadel.com\/sv\/product\/wilson-rush-pro-ace-clay\/"},"modified":"2026-02-20T10:54:20","modified_gmt":"2026-02-20T09:54:20","slug":"wilson-rush-pro-ace-clay","status":"publish","type":"product","link":"https:\/\/nordicpadel.com\/sv\/product\/wilson-rush-pro-ace-clay\/","title":{"rendered":"Wilson Rush Pro Ace Clay"},"content":{"rendered":"<p>Wilson tillverkar sk\u00f6na skor och den h\u00e4r modellen \u00e4r relativt bred, vilket uppskattas av m\u00e5nga eftersom det ger en sk\u00f6nare k\u00e4nsla f\u00f6r foten. Den fiskbensm\u00f6nstrade undersulan ger dig maximalt med grepp p\u00e5 banor med mer sandat underlag.<\/p>\n<p> \u2022 4D Support Chassis begr\u00e4nsar supination och vridning &#8211; vilket ger dig en riktigt stabil sko.<br \/> \u2022 Sensifeel 2.0 \u00f6verdel &#8211; Ger dig b\u00e4sta andningsf\u00f6rm\u00e5ga, k\u00e4nsla och komfort.<br \/>\u2022 Endofit ger f\u00f6rb\u00e4ttrad komfort, stabilitet och en intuitiv passning genom en fullst\u00e4ndig inre strumpkonstruktion<br \/> \u2022 DF2 ger perfekt st\u00f6td\u00e4mpning<br \/> \u2022 Duralast \u00e4r en slitstarkgummiblandning<br \/> \u2022 R-DST + erbjuder den b\u00e4sta kombinationen av d\u00e4mpning och fr\u00e5nskjut<br \/> \u2022 Designad f\u00f6r b\u00e4sta prestanda p\u00e5 alla underlag men specifikt p\u00e5 underlag med grus eller sand<br \/>L\u00e4s g\u00e4rna v\u00e5r <a href=\"https:\/\/nordicpadel.com\/sv\/guide-padelskor\/\">skoguide<\/a> som inneh\u00e5ller tips samt en storleksguide f\u00f6r att hj\u00e4lpa dig hitta r\u00e4tt skor.<\/p>\n","protected":false},"excerpt":{"rendered":"<p>Wilson tillverkar sk\u00f6na skor och den h\u00e4r modellen \u00e4r relativt bred, vilket uppskattas av m\u00e5nga eftersom det ger en sk\u00f6nare k\u00e4nsla f\u00f6r foten. Den fiskbensm\u00f6nstrade undersulan ger dig maximalt med grepp p\u00e5 banor med mer sandat underlag. \u2022 4D Support Chassis begr\u00e4nsar supination och vridning &#8211; vilket ger dig en riktigt stabil sko. \u2022 Sensifeel [&hellip;]<\/p>\n","protected":false},"featured_media":87079,"comment_status":"open","ping_status":"closed","template":"","meta":[],"pwb-brand":[],"product_cat":[38],"product_tag":[],"woo-feed-brand":[],"class_list":{"0":"post-87081","1":"product","2":"type-product","3":"status-publish","4":"has-post-thumbnail","6":"product_cat-herr","7":"pa_varumarke-wilson","9":"first","10":"outofstock","11":"sale","12":"taxable","13":"shipping-taxable","14":"purchasable","15":"product-type-variable"},"bundled_by":[],"bundle_stock_status":"outofstock","bundle_stock_quantity":0,"bundle_virtual":false,"bundle_layout":"","bundle_add_to_cart_form_location":"","bundle_editable_in_cart":false,"bundle_sold_individually_context":"","bundle_item_grouping":"","bundle_min_size":"","bundle_max_size":"","bundled_items":[],"bundle_sell_ids":[],"acf":[],"yoast_head":"<!-- This site is optimized with the Yoast SEO plugin v23.1 - https:\/\/yoast.com\/wordpress\/plugins\/seo\/ -->\n<title>Wilson Rush Pro Ace Clay - Nordic Padel<\/title>\n<meta name=\"robots\" content=\"index, follow, max-snippet:-1, max-image-preview:large, max-video-preview:-1\" \/>\n<link rel=\"canonical\" href=\"https:\/\/nordicpadel.com\/sv\/product\/wilson-rush-pro-ace-clay\/\" \/>\n<meta property=\"og:locale\" content=\"sv_SE\" \/>\n<meta property=\"og:type\" content=\"article\" \/>\n<meta property=\"og:title\" content=\"Wilson Rush Pro Ace Clay - Nordic Padel\" \/>\n<meta property=\"og:description\" content=\"Wilson tillverkar sk\u00f6na skor och den h\u00e4r modellen \u00e4r relativt bred, vilket uppskattas av m\u00e5nga eftersom det ger en sk\u00f6nare k\u00e4nsla f\u00f6r foten. Den fiskbensm\u00f6nstrade undersulan ger dig maximalt med grepp p\u00e5 banor med mer sandat underlag. \u2022 4D Support Chassis begr\u00e4nsar supination och vridning &#8211; vilket ger dig en riktigt stabil sko. \u2022 Sensifeel [&hellip;]\" \/>\n<meta property=\"og:url\" content=\"https:\/\/nordicpadel.com\/sv\/product\/wilson-rush-pro-ace-clay\/\" \/>\n<meta property=\"og:site_name\" content=\"Nordic Padel\" \/>\n<meta property=\"article:modified_time\" content=\"2026-02-20T09:54:20+00:00\" \/>\n<meta property=\"og:image\" content=\"https:\/\/nordicpadel.com\/sv\/wp-content\/uploads\/sites\/10\/2025\/11\/4ab12fc8942ca6c1ba3b76bf2da2087d.png\" \/>\n\t<meta property=\"og:image:width\" content=\"800\" \/>\n\t<meta property=\"og:image:height\" content=\"800\" \/>\n\t<meta property=\"og:image:type\" content=\"image\/png\" \/>\n<meta name=\"twitter:card\" content=\"summary_large_image\" \/>\n<meta name=\"twitter:label1\" content=\"Ber\u00e4knad l\u00e4stid\" \/>\n\t<meta name=\"twitter:data1\" content=\"1 minut\" \/>\n<script type=\"application\/ld+json\" class=\"yoast-schema-graph\">{\"@context\":\"https:\/\/schema.org\",\"@graph\":[{\"@type\":\"WebPage\",\"@id\":\"https:\/\/nordicpadel.com\/sv\/product\/wilson-rush-pro-ace-clay\/\",\"url\":\"https:\/\/nordicpadel.com\/sv\/product\/wilson-rush-pro-ace-clay\/\",\"name\":\"Wilson Rush Pro Ace Clay - Nordic Padel\",\"isPartOf\":{\"@id\":\"https:\/\/nordicpadel.com\/sv\/#website\"},\"primaryImageOfPage\":{\"@id\":\"https:\/\/nordicpadel.com\/sv\/product\/wilson-rush-pro-ace-clay\/#primaryimage\"},\"image\":{\"@id\":\"https:\/\/nordicpadel.com\/sv\/product\/wilson-rush-pro-ace-clay\/#primaryimage\"},\"thumbnailUrl\":\"https:\/\/nordicpadel.com\/sv\/wp-content\/uploads\/sites\/10\/2025\/11\/4ab12fc8942ca6c1ba3b76bf2da2087d.png\",\"datePublished\":\"2025-11-26T16:06:28+00:00\",\"dateModified\":\"2026-02-20T09:54:20+00:00\",\"breadcrumb\":{\"@id\":\"https:\/\/nordicpadel.com\/sv\/product\/wilson-rush-pro-ace-clay\/#breadcrumb\"},\"inLanguage\":\"sv-SE\",\"potentialAction\":[{\"@type\":\"ReadAction\",\"target\":[\"https:\/\/nordicpadel.com\/sv\/product\/wilson-rush-pro-ace-clay\/\"]}]},{\"@type\":\"ImageObject\",\"inLanguage\":\"sv-SE\",\"@id\":\"https:\/\/nordicpadel.com\/sv\/product\/wilson-rush-pro-ace-clay\/#primaryimage\",\"url\":\"https:\/\/nordicpadel.com\/sv\/wp-content\/uploads\/sites\/10\/2025\/11\/4ab12fc8942ca6c1ba3b76bf2da2087d.png\",\"contentUrl\":\"https:\/\/nordicpadel.com\/sv\/wp-content\/uploads\/sites\/10\/2025\/11\/4ab12fc8942ca6c1ba3b76bf2da2087d.png\",\"width\":800,\"height\":800,\"caption\":\"Wilson Rush Pro Ace Clay\"},{\"@type\":\"BreadcrumbList\",\"@id\":\"https:\/\/nordicpadel.com\/sv\/product\/wilson-rush-pro-ace-clay\/#breadcrumb\",\"itemListElement\":[{\"@type\":\"ListItem\",\"position\":1,\"name\":\"Hem\",\"item\":\"https:\/\/nordicpadel.com\/sv\/\"},{\"@type\":\"ListItem\",\"position\":2,\"name\":\"Shop\",\"item\":\"https:\/\/nordicpadel.com\/sv\/shop\/\"},{\"@type\":\"ListItem\",\"position\":3,\"name\":\"Wilson Rush Pro Ace Clay\"}]},{\"@type\":\"WebSite\",\"@id\":\"https:\/\/nordicpadel.com\/sv\/#website\",\"url\":\"https:\/\/nordicpadel.com\/sv\/\",\"name\":\"Nordic Padel\",\"description\":\"\",\"publisher\":{\"@id\":\"https:\/\/nordicpadel.com\/sv\/#organization\"},\"potentialAction\":[{\"@type\":\"SearchAction\",\"target\":{\"@type\":\"EntryPoint\",\"urlTemplate\":\"https:\/\/nordicpadel.com\/sv\/?s={search_term_string}\"},\"query-input\":\"required name=search_term_string\"}],\"inLanguage\":\"sv-SE\"},{\"@type\":\"Organization\",\"@id\":\"https:\/\/nordicpadel.com\/sv\/#organization\",\"name\":\"Nordic Padel\",\"url\":\"https:\/\/nordicpadel.com\/sv\/\",\"logo\":{\"@type\":\"ImageObject\",\"inLanguage\":\"sv-SE\",\"@id\":\"https:\/\/nordicpadel.com\/sv\/#\/schema\/logo\/image\/\",\"url\":\"https:\/\/nordicpadel.com\/sv\/wp-content\/uploads\/sites\/10\/2022\/12\/Nordic-Padel-small_1-1.png\",\"contentUrl\":\"https:\/\/nordicpadel.com\/sv\/wp-content\/uploads\/sites\/10\/2022\/12\/Nordic-Padel-small_1-1.png\",\"width\":400,\"height\":119,\"caption\":\"Nordic Padel\"},\"image\":{\"@id\":\"https:\/\/nordicpadel.com\/sv\/#\/schema\/logo\/image\/\"}}]}<\/script>\n<!-- \/ Yoast SEO plugin. -->","yoast_head_json":{"title":"Wilson Rush Pro Ace Clay - Nordic Padel","robots":{"index":"index","follow":"follow","max-snippet":"max-snippet:-1","max-image-preview":"max-image-preview:large","max-video-preview":"max-video-preview:-1"},"canonical":"https:\/\/nordicpadel.com\/sv\/product\/wilson-rush-pro-ace-clay\/","og_locale":"sv_SE","og_type":"article","og_title":"Wilson Rush Pro Ace Clay - Nordic Padel","og_description":"Wilson tillverkar sk\u00f6na skor och den h\u00e4r modellen \u00e4r relativt bred, vilket uppskattas av m\u00e5nga eftersom det ger en sk\u00f6nare k\u00e4nsla f\u00f6r foten. Den fiskbensm\u00f6nstrade undersulan ger dig maximalt med grepp p\u00e5 banor med mer sandat underlag. \u2022 4D Support Chassis begr\u00e4nsar supination och vridning &#8211; vilket ger dig en riktigt stabil sko. \u2022 Sensifeel [&hellip;]","og_url":"https:\/\/nordicpadel.com\/sv\/product\/wilson-rush-pro-ace-clay\/","og_site_name":"Nordic Padel","article_modified_time":"2026-02-20T09:54:20+00:00","og_image":[{"width":800,"height":800,"url":"https:\/\/nordicpadel.com\/sv\/wp-content\/uploads\/sites\/10\/2025\/11\/4ab12fc8942ca6c1ba3b76bf2da2087d.png","type":"image\/png"}],"twitter_card":"summary_large_image","twitter_misc":{"Ber\u00e4knad l\u00e4stid":"1 minut"},"schema":{"@context":"https:\/\/schema.org","@graph":[{"@type":"WebPage","@id":"https:\/\/nordicpadel.com\/sv\/product\/wilson-rush-pro-ace-clay\/","url":"https:\/\/nordicpadel.com\/sv\/product\/wilson-rush-pro-ace-clay\/","name":"Wilson Rush Pro Ace Clay - Nordic Padel","isPartOf":{"@id":"https:\/\/nordicpadel.com\/sv\/#website"},"primaryImageOfPage":{"@id":"https:\/\/nordicpadel.com\/sv\/product\/wilson-rush-pro-ace-clay\/#primaryimage"},"image":{"@id":"https:\/\/nordicpadel.com\/sv\/product\/wilson-rush-pro-ace-clay\/#primaryimage"},"thumbnailUrl":"https:\/\/nordicpadel.com\/sv\/wp-content\/uploads\/sites\/10\/2025\/11\/4ab12fc8942ca6c1ba3b76bf2da2087d.png","datePublished":"2025-11-26T16:06:28+00:00","dateModified":"2026-02-20T09:54:20+00:00","breadcrumb":{"@id":"https:\/\/nordicpadel.com\/sv\/product\/wilson-rush-pro-ace-clay\/#breadcrumb"},"inLanguage":"sv-SE","potentialAction":[{"@type":"ReadAction","target":["https:\/\/nordicpadel.com\/sv\/product\/wilson-rush-pro-ace-clay\/"]}]},{"@type":"ImageObject","inLanguage":"sv-SE","@id":"https:\/\/nordicpadel.com\/sv\/product\/wilson-rush-pro-ace-clay\/#primaryimage","url":"https:\/\/nordicpadel.com\/sv\/wp-content\/uploads\/sites\/10\/2025\/11\/4ab12fc8942ca6c1ba3b76bf2da2087d.png","contentUrl":"https:\/\/nordicpadel.com\/sv\/wp-content\/uploads\/sites\/10\/2025\/11\/4ab12fc8942ca6c1ba3b76bf2da2087d.png","width":800,"height":800,"caption":"Wilson Rush Pro Ace Clay"},{"@type":"BreadcrumbList","@id":"https:\/\/nordicpadel.com\/sv\/product\/wilson-rush-pro-ace-clay\/#breadcrumb","itemListElement":[{"@type":"ListItem","position":1,"name":"Hem","item":"https:\/\/nordicpadel.com\/sv\/"},{"@type":"ListItem","position":2,"name":"Shop","item":"https:\/\/nordicpadel.com\/sv\/shop\/"},{"@type":"ListItem","position":3,"name":"Wilson Rush Pro Ace Clay"}]},{"@type":"WebSite","@id":"https:\/\/nordicpadel.com\/sv\/#website","url":"https:\/\/nordicpadel.com\/sv\/","name":"Nordic Padel","description":"","publisher":{"@id":"https:\/\/nordicpadel.com\/sv\/#organization"},"potentialAction":[{"@type":"SearchAction","target":{"@type":"EntryPoint","urlTemplate":"https:\/\/nordicpadel.com\/sv\/?s={search_term_string}"},"query-input":"required name=search_term_string"}],"inLanguage":"sv-SE"},{"@type":"Organization","@id":"https:\/\/nordicpadel.com\/sv\/#organization","name":"Nordic Padel","url":"https:\/\/nordicpadel.com\/sv\/","logo":{"@type":"ImageObject","inLanguage":"sv-SE","@id":"https:\/\/nordicpadel.com\/sv\/#\/schema\/logo\/image\/","url":"https:\/\/nordicpadel.com\/sv\/wp-content\/uploads\/sites\/10\/2022\/12\/Nordic-Padel-small_1-1.png","contentUrl":"https:\/\/nordicpadel.com\/sv\/wp-content\/uploads\/sites\/10\/2022\/12\/Nordic-Padel-small_1-1.png","width":400,"height":119,"caption":"Nordic Padel"},"image":{"@id":"https:\/\/nordicpadel.com\/sv\/#\/schema\/logo\/image\/"}}]}},"brands":[],"_links":{"self":[{"href":"https:\/\/nordicpadel.com\/sv\/wp-json\/wp\/v2\/product\/87081","targetHints":{"allow":["GET"]}}],"collection":[{"href":"https:\/\/nordicpadel.com\/sv\/wp-json\/wp\/v2\/product"}],"about":[{"href":"https:\/\/nordicpadel.com\/sv\/wp-json\/wp\/v2\/types\/product"}],"replies":[{"embeddable":true,"href":"https:\/\/nordicpadel.com\/sv\/wp-json\/wp\/v2\/comments?post=87081"}],"wp:featuredmedia":[{"embeddable":true,"href":"https:\/\/nordicpadel.com\/sv\/wp-json\/wp\/v2\/media\/87079"}],"wp:attachment":[{"href":"https:\/\/nordicpadel.com\/sv\/wp-json\/wp\/v2\/media?parent=87081"}],"wp:term":[{"taxonomy":"pwb-brand","embeddable":true,"href":"https:\/\/nordicpadel.com\/sv\/wp-json\/wp\/v2\/pwb-brand?post=87081"},{"taxonomy":"product_cat","embeddable":true,"href":"https:\/\/nordicpadel.com\/sv\/wp-json\/wp\/v2\/product_cat?post=87081"},{"taxonomy":"product_tag","embeddable":true,"href":"https:\/\/nordicpadel.com\/sv\/wp-json\/wp\/v2\/product_tag?post=87081"},{"taxonomy":"woo-feed-brand","embeddable":true,"href":"https:\/\/nordicpadel.com\/sv\/wp-json\/wp\/v2\/woo-feed-brand?post=87081"}],"curies":[{"name":"wp","href":"https:\/\/api.w.org\/{rel}","templated":true}]}}