{"id":87030,"date":"2025-11-26T17:05:47","date_gmt":"2025-11-26T16:05:47","guid":{"rendered":"https:\/\/nordicpadel.com\/sv\/product\/adidas-metalbone-ctrl-3-1\/"},"modified":"2025-11-27T16:45:48","modified_gmt":"2025-11-27T15:45:48","slug":"adidas-metalbone-ctrl-3-1","status":"publish","type":"product","link":"https:\/\/nordicpadel.com\/sv\/product\/adidas-metalbone-ctrl-3-1\/","title":{"rendered":"Adidas Metalbone CTRL 3.1"},"content":{"rendered":"<p>Nu \u00e4r nya Adidas Metalbone Ctrl 3.1 \u00e4ntligen h\u00e4r! Ett toppracket fr\u00e5n Adidas med den senaste teknologin f\u00f6r att ge spelaren maximal kontroll. Padelacket har en rund form, vilket ger det en stor sweetspot d\u00e4r spelaren f\u00e5r en bra k\u00e4nsla och kontroll \u00e4ven om bolltr\u00e4ffen sker l\u00e4ngre ut mot ramen. Vidare har racket en medelbalans som g\u00f6r att det svarar b\u00e4ttre i det offensiva spelet j\u00e4mf\u00f6rt med m\u00e5nga andra runda racketar p\u00e5 marknaden, d\u00e5 dessa allt som oftast har en l\u00e5g balans.&nbsp;<br id=\"isPasted\"><br \/>Adidas har valt att jobba med en h\u00e5rd och solid kolfiberyta i kombination med den mjukaste Adidask\u00e4rnan, Eva Soft Performance. Detta ger racket en v\u00e4ldigt speciell och unik k\u00e4nsla d\u00e4r racket svarar med bra respons vid h\u00e5rda smashar tack vare det h\u00e5rda ytskiktet men utan att k\u00e4nnas allt f\u00f6r styv mot armen. Kombination \u00e4r sv\u00e5r att hitta p\u00e5 andra racketmodeller.<\/p>\n<p>Vidare s\u00e5 levereras racket med vikter applicerade i rackethalsen, vilket ocks\u00e5 \u00e4r helt nytt f\u00f6r Metalbone. Dessa vikter v\u00e4ger 2.5 gram var och det sitter 3 vikter p\u00e5 vardera sida. Dessa vikter kan enkelt plockas bort och vikten p\u00e5 racket blir d\u00e5 relativt l\u00e5g (345-360) gram. Med detta sagt kan du som spelare laborera och hitta en vikt som passar just din spelstil b\u00e4st.<\/p>\n","protected":false},"excerpt":{"rendered":"<p>Nu \u00e4r nya Adidas Metalbone Ctrl 3.1 \u00e4ntligen h\u00e4r! Ett toppracket fr\u00e5n Adidas med den senaste teknologin f\u00f6r att ge spelaren maximal kontroll. Padelacket har en rund form, vilket ger det en stor sweetspot d\u00e4r spelaren f\u00e5r en bra k\u00e4nsla och kontroll \u00e4ven om bolltr\u00e4ffen sker l\u00e4ngre ut mot ramen. Vidare har racket en medelbalans [&hellip;]<\/p>\n","protected":false},"featured_media":87019,"comment_status":"open","ping_status":"closed","template":"","meta":[],"pwb-brand":[],"product_cat":[16],"product_tag":[],"woo-feed-brand":[],"class_list":{"0":"post-87030","1":"product","2":"type-product","3":"status-publish","4":"has-post-thumbnail","6":"product_cat-padelracket","7":"pa_varumarke-adidas","9":"first","10":"outofstock","11":"sale","12":"taxable","13":"shipping-taxable","14":"purchasable","15":"product-type-simple"},"bundled_by":[],"bundle_stock_status":"outofstock","bundle_stock_quantity":0,"bundle_virtual":false,"bundle_layout":"","bundle_add_to_cart_form_location":"","bundle_editable_in_cart":false,"bundle_sold_individually_context":"","bundle_item_grouping":"","bundle_min_size":"","bundle_max_size":"","bundled_items":[],"bundle_sell_ids":[],"acf":[],"yoast_head":"<!-- This site is optimized with the Yoast SEO plugin v23.1 - https:\/\/yoast.com\/wordpress\/plugins\/seo\/ -->\n<title>Adidas Metalbone CTRL 3.1 - Nordic Padel<\/title>\n<meta name=\"robots\" content=\"index, follow, max-snippet:-1, max-image-preview:large, max-video-preview:-1\" \/>\n<link rel=\"canonical\" href=\"https:\/\/nordicpadel.com\/sv\/product\/adidas-metalbone-ctrl-3-1\/\" \/>\n<meta property=\"og:locale\" content=\"sv_SE\" \/>\n<meta property=\"og:type\" content=\"article\" \/>\n<meta property=\"og:title\" content=\"Adidas Metalbone CTRL 3.1 - Nordic Padel\" \/>\n<meta property=\"og:description\" content=\"Nu \u00e4r nya Adidas Metalbone Ctrl 3.1 \u00e4ntligen h\u00e4r! Ett toppracket fr\u00e5n Adidas med den senaste teknologin f\u00f6r att ge spelaren maximal kontroll. Padelacket har en rund form, vilket ger det en stor sweetspot d\u00e4r spelaren f\u00e5r en bra k\u00e4nsla och kontroll \u00e4ven om bolltr\u00e4ffen sker l\u00e4ngre ut mot ramen. Vidare har racket en medelbalans [&hellip;]\" \/>\n<meta property=\"og:url\" content=\"https:\/\/nordicpadel.com\/sv\/product\/adidas-metalbone-ctrl-3-1\/\" \/>\n<meta property=\"og:site_name\" content=\"Nordic Padel\" \/>\n<meta property=\"article:modified_time\" content=\"2025-11-27T15:45:48+00:00\" \/>\n<meta property=\"og:image\" content=\"https:\/\/nordicpadel.com\/sv\/wp-content\/uploads\/sites\/10\/2025\/11\/804f262448b55bbf3fceedb2a8129235.png\" \/>\n\t<meta property=\"og:image:width\" content=\"800\" \/>\n\t<meta property=\"og:image:height\" content=\"800\" \/>\n\t<meta property=\"og:image:type\" content=\"image\/png\" \/>\n<meta name=\"twitter:card\" content=\"summary_large_image\" \/>\n<meta name=\"twitter:label1\" content=\"Ber\u00e4knad l\u00e4stid\" \/>\n\t<meta name=\"twitter:data1\" content=\"1 minut\" \/>\n<script type=\"application\/ld+json\" class=\"yoast-schema-graph\">{\"@context\":\"https:\/\/schema.org\",\"@graph\":[{\"@type\":\"WebPage\",\"@id\":\"https:\/\/nordicpadel.com\/sv\/product\/adidas-metalbone-ctrl-3-1\/\",\"url\":\"https:\/\/nordicpadel.com\/sv\/product\/adidas-metalbone-ctrl-3-1\/\",\"name\":\"Adidas Metalbone CTRL 3.1 - Nordic Padel\",\"isPartOf\":{\"@id\":\"https:\/\/nordicpadel.com\/sv\/#website\"},\"primaryImageOfPage\":{\"@id\":\"https:\/\/nordicpadel.com\/sv\/product\/adidas-metalbone-ctrl-3-1\/#primaryimage\"},\"image\":{\"@id\":\"https:\/\/nordicpadel.com\/sv\/product\/adidas-metalbone-ctrl-3-1\/#primaryimage\"},\"thumbnailUrl\":\"https:\/\/nordicpadel.com\/sv\/wp-content\/uploads\/sites\/10\/2025\/11\/804f262448b55bbf3fceedb2a8129235.png\",\"datePublished\":\"2025-11-26T16:05:47+00:00\",\"dateModified\":\"2025-11-27T15:45:48+00:00\",\"breadcrumb\":{\"@id\":\"https:\/\/nordicpadel.com\/sv\/product\/adidas-metalbone-ctrl-3-1\/#breadcrumb\"},\"inLanguage\":\"sv-SE\",\"potentialAction\":[{\"@type\":\"ReadAction\",\"target\":[\"https:\/\/nordicpadel.com\/sv\/product\/adidas-metalbone-ctrl-3-1\/\"]}]},{\"@type\":\"ImageObject\",\"inLanguage\":\"sv-SE\",\"@id\":\"https:\/\/nordicpadel.com\/sv\/product\/adidas-metalbone-ctrl-3-1\/#primaryimage\",\"url\":\"https:\/\/nordicpadel.com\/sv\/wp-content\/uploads\/sites\/10\/2025\/11\/804f262448b55bbf3fceedb2a8129235.png\",\"contentUrl\":\"https:\/\/nordicpadel.com\/sv\/wp-content\/uploads\/sites\/10\/2025\/11\/804f262448b55bbf3fceedb2a8129235.png\",\"width\":800,\"height\":800,\"caption\":\"Adidas Metalbone CTRL 3.1\"},{\"@type\":\"BreadcrumbList\",\"@id\":\"https:\/\/nordicpadel.com\/sv\/product\/adidas-metalbone-ctrl-3-1\/#breadcrumb\",\"itemListElement\":[{\"@type\":\"ListItem\",\"position\":1,\"name\":\"Hem\",\"item\":\"https:\/\/nordicpadel.com\/sv\/\"},{\"@type\":\"ListItem\",\"position\":2,\"name\":\"Shop\",\"item\":\"https:\/\/nordicpadel.com\/sv\/shop\/\"},{\"@type\":\"ListItem\",\"position\":3,\"name\":\"Adidas Metalbone CTRL 3.1\"}]},{\"@type\":\"WebSite\",\"@id\":\"https:\/\/nordicpadel.com\/sv\/#website\",\"url\":\"https:\/\/nordicpadel.com\/sv\/\",\"name\":\"Nordic Padel\",\"description\":\"\",\"publisher\":{\"@id\":\"https:\/\/nordicpadel.com\/sv\/#organization\"},\"potentialAction\":[{\"@type\":\"SearchAction\",\"target\":{\"@type\":\"EntryPoint\",\"urlTemplate\":\"https:\/\/nordicpadel.com\/sv\/?s={search_term_string}\"},\"query-input\":\"required name=search_term_string\"}],\"inLanguage\":\"sv-SE\"},{\"@type\":\"Organization\",\"@id\":\"https:\/\/nordicpadel.com\/sv\/#organization\",\"name\":\"Nordic Padel\",\"url\":\"https:\/\/nordicpadel.com\/sv\/\",\"logo\":{\"@type\":\"ImageObject\",\"inLanguage\":\"sv-SE\",\"@id\":\"https:\/\/nordicpadel.com\/sv\/#\/schema\/logo\/image\/\",\"url\":\"https:\/\/nordicpadel.com\/sv\/wp-content\/uploads\/sites\/10\/2022\/12\/Nordic-Padel-small_1-1.png\",\"contentUrl\":\"https:\/\/nordicpadel.com\/sv\/wp-content\/uploads\/sites\/10\/2022\/12\/Nordic-Padel-small_1-1.png\",\"width\":400,\"height\":119,\"caption\":\"Nordic Padel\"},\"image\":{\"@id\":\"https:\/\/nordicpadel.com\/sv\/#\/schema\/logo\/image\/\"}}]}<\/script>\n<!-- \/ Yoast SEO plugin. -->","yoast_head_json":{"title":"Adidas Metalbone CTRL 3.1 - Nordic Padel","robots":{"index":"index","follow":"follow","max-snippet":"max-snippet:-1","max-image-preview":"max-image-preview:large","max-video-preview":"max-video-preview:-1"},"canonical":"https:\/\/nordicpadel.com\/sv\/product\/adidas-metalbone-ctrl-3-1\/","og_locale":"sv_SE","og_type":"article","og_title":"Adidas Metalbone CTRL 3.1 - Nordic Padel","og_description":"Nu \u00e4r nya Adidas Metalbone Ctrl 3.1 \u00e4ntligen h\u00e4r! Ett toppracket fr\u00e5n Adidas med den senaste teknologin f\u00f6r att ge spelaren maximal kontroll. Padelacket har en rund form, vilket ger det en stor sweetspot d\u00e4r spelaren f\u00e5r en bra k\u00e4nsla och kontroll \u00e4ven om bolltr\u00e4ffen sker l\u00e4ngre ut mot ramen. Vidare har racket en medelbalans [&hellip;]","og_url":"https:\/\/nordicpadel.com\/sv\/product\/adidas-metalbone-ctrl-3-1\/","og_site_name":"Nordic Padel","article_modified_time":"2025-11-27T15:45:48+00:00","og_image":[{"width":800,"height":800,"url":"https:\/\/nordicpadel.com\/sv\/wp-content\/uploads\/sites\/10\/2025\/11\/804f262448b55bbf3fceedb2a8129235.png","type":"image\/png"}],"twitter_card":"summary_large_image","twitter_misc":{"Ber\u00e4knad l\u00e4stid":"1 minut"},"schema":{"@context":"https:\/\/schema.org","@graph":[{"@type":"WebPage","@id":"https:\/\/nordicpadel.com\/sv\/product\/adidas-metalbone-ctrl-3-1\/","url":"https:\/\/nordicpadel.com\/sv\/product\/adidas-metalbone-ctrl-3-1\/","name":"Adidas Metalbone CTRL 3.1 - Nordic Padel","isPartOf":{"@id":"https:\/\/nordicpadel.com\/sv\/#website"},"primaryImageOfPage":{"@id":"https:\/\/nordicpadel.com\/sv\/product\/adidas-metalbone-ctrl-3-1\/#primaryimage"},"image":{"@id":"https:\/\/nordicpadel.com\/sv\/product\/adidas-metalbone-ctrl-3-1\/#primaryimage"},"thumbnailUrl":"https:\/\/nordicpadel.com\/sv\/wp-content\/uploads\/sites\/10\/2025\/11\/804f262448b55bbf3fceedb2a8129235.png","datePublished":"2025-11-26T16:05:47+00:00","dateModified":"2025-11-27T15:45:48+00:00","breadcrumb":{"@id":"https:\/\/nordicpadel.com\/sv\/product\/adidas-metalbone-ctrl-3-1\/#breadcrumb"},"inLanguage":"sv-SE","potentialAction":[{"@type":"ReadAction","target":["https:\/\/nordicpadel.com\/sv\/product\/adidas-metalbone-ctrl-3-1\/"]}]},{"@type":"ImageObject","inLanguage":"sv-SE","@id":"https:\/\/nordicpadel.com\/sv\/product\/adidas-metalbone-ctrl-3-1\/#primaryimage","url":"https:\/\/nordicpadel.com\/sv\/wp-content\/uploads\/sites\/10\/2025\/11\/804f262448b55bbf3fceedb2a8129235.png","contentUrl":"https:\/\/nordicpadel.com\/sv\/wp-content\/uploads\/sites\/10\/2025\/11\/804f262448b55bbf3fceedb2a8129235.png","width":800,"height":800,"caption":"Adidas Metalbone CTRL 3.1"},{"@type":"BreadcrumbList","@id":"https:\/\/nordicpadel.com\/sv\/product\/adidas-metalbone-ctrl-3-1\/#breadcrumb","itemListElement":[{"@type":"ListItem","position":1,"name":"Hem","item":"https:\/\/nordicpadel.com\/sv\/"},{"@type":"ListItem","position":2,"name":"Shop","item":"https:\/\/nordicpadel.com\/sv\/shop\/"},{"@type":"ListItem","position":3,"name":"Adidas Metalbone CTRL 3.1"}]},{"@type":"WebSite","@id":"https:\/\/nordicpadel.com\/sv\/#website","url":"https:\/\/nordicpadel.com\/sv\/","name":"Nordic Padel","description":"","publisher":{"@id":"https:\/\/nordicpadel.com\/sv\/#organization"},"potentialAction":[{"@type":"SearchAction","target":{"@type":"EntryPoint","urlTemplate":"https:\/\/nordicpadel.com\/sv\/?s={search_term_string}"},"query-input":"required name=search_term_string"}],"inLanguage":"sv-SE"},{"@type":"Organization","@id":"https:\/\/nordicpadel.com\/sv\/#organization","name":"Nordic Padel","url":"https:\/\/nordicpadel.com\/sv\/","logo":{"@type":"ImageObject","inLanguage":"sv-SE","@id":"https:\/\/nordicpadel.com\/sv\/#\/schema\/logo\/image\/","url":"https:\/\/nordicpadel.com\/sv\/wp-content\/uploads\/sites\/10\/2022\/12\/Nordic-Padel-small_1-1.png","contentUrl":"https:\/\/nordicpadel.com\/sv\/wp-content\/uploads\/sites\/10\/2022\/12\/Nordic-Padel-small_1-1.png","width":400,"height":119,"caption":"Nordic Padel"},"image":{"@id":"https:\/\/nordicpadel.com\/sv\/#\/schema\/logo\/image\/"}}]}},"brands":[],"_links":{"self":[{"href":"https:\/\/nordicpadel.com\/sv\/wp-json\/wp\/v2\/product\/87030","targetHints":{"allow":["GET"]}}],"collection":[{"href":"https:\/\/nordicpadel.com\/sv\/wp-json\/wp\/v2\/product"}],"about":[{"href":"https:\/\/nordicpadel.com\/sv\/wp-json\/wp\/v2\/types\/product"}],"replies":[{"embeddable":true,"href":"https:\/\/nordicpadel.com\/sv\/wp-json\/wp\/v2\/comments?post=87030"}],"wp:featuredmedia":[{"embeddable":true,"href":"https:\/\/nordicpadel.com\/sv\/wp-json\/wp\/v2\/media\/87019"}],"wp:attachment":[{"href":"https:\/\/nordicpadel.com\/sv\/wp-json\/wp\/v2\/media?parent=87030"}],"wp:term":[{"taxonomy":"pwb-brand","embeddable":true,"href":"https:\/\/nordicpadel.com\/sv\/wp-json\/wp\/v2\/pwb-brand?post=87030"},{"taxonomy":"product_cat","embeddable":true,"href":"https:\/\/nordicpadel.com\/sv\/wp-json\/wp\/v2\/product_cat?post=87030"},{"taxonomy":"product_tag","embeddable":true,"href":"https:\/\/nordicpadel.com\/sv\/wp-json\/wp\/v2\/product_tag?post=87030"},{"taxonomy":"woo-feed-brand","embeddable":true,"href":"https:\/\/nordicpadel.com\/sv\/wp-json\/wp\/v2\/woo-feed-brand?post=87030"}],"curies":[{"name":"wp","href":"https:\/\/api.w.org\/{rel}","templated":true}]}}