{"id":86934,"date":"2025-11-26T17:05:02","date_gmt":"2025-11-26T16:05:02","guid":{"rendered":"https:\/\/nordicpadel.com\/sv\/product\/adidas-adipower-w-lite-3-1\/"},"modified":"2025-11-27T16:45:40","modified_gmt":"2025-11-27T15:45:40","slug":"adidas-adipower-w-lite-3-1","status":"publish","type":"product","link":"https:\/\/nordicpadel.com\/sv\/product\/adidas-adipower-w-lite-3-1\/","title":{"rendered":"Adidas adipower W Lite 3.1"},"content":{"rendered":"<p>K\u00f6p <a href=\"https:\/\/nordicpadel.com\/sv\/product-category\/padelracket\/\">padelracket<\/a> Adidas Adipower Woman Lite 3.1 &#8211; 2022. Framg\u00e5ngarna fr\u00e5n tidigare \u00e5r, Essnova Woman och Adidas Adipower Woman Lite, f\u00f6rnyas i nya Adipower Woman Lite 2022. J\u00e4mf\u00f6rt med Adipower CTRL \u00e4r den nya modellen helt fokuserad p\u00e5 kontroll, s\u00e4rskilt tack vare den l\u00e4ttare, l\u00e4ttstyrda Lite 3.1. Med sin runda, mjuka k\u00e4rna och ram och tr\u00e4ffyta av glasfiber \u00e4r racketen f\u00f6rl\u00e5tande, p\u00e5litlig och l\u00e4tt att accelerera om det beh\u00f6vs n\u00e4r du lyckas motverka din motst\u00e5ndare. Den sandpappersliknande ytan ger dig ocks\u00e5 extra grepp och vridmoment vid varje slag. \u00c4ven om den h\u00e4r modellen kan kallas &#8220;Kvinnor&#8221;, \u00e4r detta ett unisex-racket f\u00f6r alla som letar efter ett l\u00e4ttare racket. Perfekt f\u00f6r unga spelare som ska ta sina f\u00f6rsta steg mot en avancerad racket, eller perfekt f\u00f6r den spelaren med armb\u00e5gsproblem. <\/p>\n<ul>\n<li>Form: Rund<\/li>\n<li>K\u00e4rna: Soft<\/li>\n<li>Balans: Medel<\/li>\n<li>Tr\u00e4ffyta: Glasfiber<\/li>\n<li>Ytprofil: Str\u00e4v<\/li>\n<li>Ramprofil: 38 mm<\/li>\n<\/ul>\n<p> Vikt: 345-360 g<\/p>\n","protected":false},"excerpt":{"rendered":"<p>K\u00f6p padelracket Adidas Adipower Woman Lite 3.1 &#8211; 2022. Framg\u00e5ngarna fr\u00e5n tidigare \u00e5r, Essnova Woman och Adidas Adipower Woman Lite, f\u00f6rnyas i nya Adipower Woman Lite 2022. J\u00e4mf\u00f6rt med Adipower CTRL \u00e4r den nya modellen helt fokuserad p\u00e5 kontroll, s\u00e4rskilt tack vare den l\u00e4ttare, l\u00e4ttstyrda Lite 3.1. Med sin runda, mjuka k\u00e4rna och ram och [&hellip;]<\/p>\n","protected":false},"featured_media":86930,"comment_status":"open","ping_status":"closed","template":"","meta":[],"pwb-brand":[],"product_cat":[16],"product_tag":[],"woo-feed-brand":[],"class_list":{"0":"post-86934","1":"product","2":"type-product","3":"status-publish","4":"has-post-thumbnail","6":"product_cat-padelracket","7":"pa_varumarke-adidas","9":"first","10":"outofstock","11":"sale","12":"taxable","13":"shipping-taxable","14":"purchasable","15":"product-type-simple"},"bundled_by":[],"bundle_stock_status":"outofstock","bundle_stock_quantity":0,"bundle_virtual":false,"bundle_layout":"","bundle_add_to_cart_form_location":"","bundle_editable_in_cart":false,"bundle_sold_individually_context":"","bundle_item_grouping":"","bundle_min_size":"","bundle_max_size":"","bundled_items":[],"bundle_sell_ids":[],"acf":[],"yoast_head":"<!-- This site is optimized with the Yoast SEO plugin v23.1 - https:\/\/yoast.com\/wordpress\/plugins\/seo\/ -->\n<title>Adidas adipower W Lite 3.1 - Nordic Padel<\/title>\n<meta name=\"robots\" content=\"index, follow, max-snippet:-1, max-image-preview:large, max-video-preview:-1\" \/>\n<link rel=\"canonical\" href=\"https:\/\/nordicpadel.com\/sv\/product\/adidas-adipower-w-lite-3-1\/\" \/>\n<meta property=\"og:locale\" content=\"sv_SE\" \/>\n<meta property=\"og:type\" content=\"article\" \/>\n<meta property=\"og:title\" content=\"Adidas adipower W Lite 3.1 - Nordic Padel\" \/>\n<meta property=\"og:description\" content=\"K\u00f6p padelracket Adidas Adipower Woman Lite 3.1 &#8211; 2022. Framg\u00e5ngarna fr\u00e5n tidigare \u00e5r, Essnova Woman och Adidas Adipower Woman Lite, f\u00f6rnyas i nya Adipower Woman Lite 2022. J\u00e4mf\u00f6rt med Adipower CTRL \u00e4r den nya modellen helt fokuserad p\u00e5 kontroll, s\u00e4rskilt tack vare den l\u00e4ttare, l\u00e4ttstyrda Lite 3.1. Med sin runda, mjuka k\u00e4rna och ram och [&hellip;]\" \/>\n<meta property=\"og:url\" content=\"https:\/\/nordicpadel.com\/sv\/product\/adidas-adipower-w-lite-3-1\/\" \/>\n<meta property=\"og:site_name\" content=\"Nordic Padel\" \/>\n<meta property=\"article:modified_time\" content=\"2025-11-27T15:45:40+00:00\" \/>\n<meta property=\"og:image\" content=\"https:\/\/nordicpadel.com\/sv\/wp-content\/uploads\/sites\/10\/2025\/11\/3fc59acc6e357cd9d44d5f3217589e0e.png\" \/>\n\t<meta property=\"og:image:width\" content=\"800\" \/>\n\t<meta property=\"og:image:height\" content=\"800\" \/>\n\t<meta property=\"og:image:type\" content=\"image\/png\" \/>\n<meta name=\"twitter:card\" content=\"summary_large_image\" \/>\n<meta name=\"twitter:label1\" content=\"Ber\u00e4knad l\u00e4stid\" \/>\n\t<meta name=\"twitter:data1\" content=\"1 minut\" \/>\n<script type=\"application\/ld+json\" class=\"yoast-schema-graph\">{\"@context\":\"https:\/\/schema.org\",\"@graph\":[{\"@type\":\"WebPage\",\"@id\":\"https:\/\/nordicpadel.com\/sv\/product\/adidas-adipower-w-lite-3-1\/\",\"url\":\"https:\/\/nordicpadel.com\/sv\/product\/adidas-adipower-w-lite-3-1\/\",\"name\":\"Adidas adipower W Lite 3.1 - Nordic Padel\",\"isPartOf\":{\"@id\":\"https:\/\/nordicpadel.com\/sv\/#website\"},\"primaryImageOfPage\":{\"@id\":\"https:\/\/nordicpadel.com\/sv\/product\/adidas-adipower-w-lite-3-1\/#primaryimage\"},\"image\":{\"@id\":\"https:\/\/nordicpadel.com\/sv\/product\/adidas-adipower-w-lite-3-1\/#primaryimage\"},\"thumbnailUrl\":\"https:\/\/nordicpadel.com\/sv\/wp-content\/uploads\/sites\/10\/2025\/11\/3fc59acc6e357cd9d44d5f3217589e0e.png\",\"datePublished\":\"2025-11-26T16:05:02+00:00\",\"dateModified\":\"2025-11-27T15:45:40+00:00\",\"breadcrumb\":{\"@id\":\"https:\/\/nordicpadel.com\/sv\/product\/adidas-adipower-w-lite-3-1\/#breadcrumb\"},\"inLanguage\":\"sv-SE\",\"potentialAction\":[{\"@type\":\"ReadAction\",\"target\":[\"https:\/\/nordicpadel.com\/sv\/product\/adidas-adipower-w-lite-3-1\/\"]}]},{\"@type\":\"ImageObject\",\"inLanguage\":\"sv-SE\",\"@id\":\"https:\/\/nordicpadel.com\/sv\/product\/adidas-adipower-w-lite-3-1\/#primaryimage\",\"url\":\"https:\/\/nordicpadel.com\/sv\/wp-content\/uploads\/sites\/10\/2025\/11\/3fc59acc6e357cd9d44d5f3217589e0e.png\",\"contentUrl\":\"https:\/\/nordicpadel.com\/sv\/wp-content\/uploads\/sites\/10\/2025\/11\/3fc59acc6e357cd9d44d5f3217589e0e.png\",\"width\":800,\"height\":800,\"caption\":\"Adidas adipower W Lite 3.1\"},{\"@type\":\"BreadcrumbList\",\"@id\":\"https:\/\/nordicpadel.com\/sv\/product\/adidas-adipower-w-lite-3-1\/#breadcrumb\",\"itemListElement\":[{\"@type\":\"ListItem\",\"position\":1,\"name\":\"Hem\",\"item\":\"https:\/\/nordicpadel.com\/sv\/\"},{\"@type\":\"ListItem\",\"position\":2,\"name\":\"Shop\",\"item\":\"https:\/\/nordicpadel.com\/sv\/shop\/\"},{\"@type\":\"ListItem\",\"position\":3,\"name\":\"Adidas adipower W Lite 3.1\"}]},{\"@type\":\"WebSite\",\"@id\":\"https:\/\/nordicpadel.com\/sv\/#website\",\"url\":\"https:\/\/nordicpadel.com\/sv\/\",\"name\":\"Nordic Padel\",\"description\":\"\",\"publisher\":{\"@id\":\"https:\/\/nordicpadel.com\/sv\/#organization\"},\"potentialAction\":[{\"@type\":\"SearchAction\",\"target\":{\"@type\":\"EntryPoint\",\"urlTemplate\":\"https:\/\/nordicpadel.com\/sv\/?s={search_term_string}\"},\"query-input\":\"required name=search_term_string\"}],\"inLanguage\":\"sv-SE\"},{\"@type\":\"Organization\",\"@id\":\"https:\/\/nordicpadel.com\/sv\/#organization\",\"name\":\"Nordic Padel\",\"url\":\"https:\/\/nordicpadel.com\/sv\/\",\"logo\":{\"@type\":\"ImageObject\",\"inLanguage\":\"sv-SE\",\"@id\":\"https:\/\/nordicpadel.com\/sv\/#\/schema\/logo\/image\/\",\"url\":\"https:\/\/nordicpadel.com\/sv\/wp-content\/uploads\/sites\/10\/2022\/12\/Nordic-Padel-small_1-1.png\",\"contentUrl\":\"https:\/\/nordicpadel.com\/sv\/wp-content\/uploads\/sites\/10\/2022\/12\/Nordic-Padel-small_1-1.png\",\"width\":400,\"height\":119,\"caption\":\"Nordic Padel\"},\"image\":{\"@id\":\"https:\/\/nordicpadel.com\/sv\/#\/schema\/logo\/image\/\"}}]}<\/script>\n<!-- \/ Yoast SEO plugin. -->","yoast_head_json":{"title":"Adidas adipower W Lite 3.1 - Nordic Padel","robots":{"index":"index","follow":"follow","max-snippet":"max-snippet:-1","max-image-preview":"max-image-preview:large","max-video-preview":"max-video-preview:-1"},"canonical":"https:\/\/nordicpadel.com\/sv\/product\/adidas-adipower-w-lite-3-1\/","og_locale":"sv_SE","og_type":"article","og_title":"Adidas adipower W Lite 3.1 - Nordic Padel","og_description":"K\u00f6p padelracket Adidas Adipower Woman Lite 3.1 &#8211; 2022. Framg\u00e5ngarna fr\u00e5n tidigare \u00e5r, Essnova Woman och Adidas Adipower Woman Lite, f\u00f6rnyas i nya Adipower Woman Lite 2022. J\u00e4mf\u00f6rt med Adipower CTRL \u00e4r den nya modellen helt fokuserad p\u00e5 kontroll, s\u00e4rskilt tack vare den l\u00e4ttare, l\u00e4ttstyrda Lite 3.1. Med sin runda, mjuka k\u00e4rna och ram och [&hellip;]","og_url":"https:\/\/nordicpadel.com\/sv\/product\/adidas-adipower-w-lite-3-1\/","og_site_name":"Nordic Padel","article_modified_time":"2025-11-27T15:45:40+00:00","og_image":[{"width":800,"height":800,"url":"https:\/\/nordicpadel.com\/sv\/wp-content\/uploads\/sites\/10\/2025\/11\/3fc59acc6e357cd9d44d5f3217589e0e.png","type":"image\/png"}],"twitter_card":"summary_large_image","twitter_misc":{"Ber\u00e4knad l\u00e4stid":"1 minut"},"schema":{"@context":"https:\/\/schema.org","@graph":[{"@type":"WebPage","@id":"https:\/\/nordicpadel.com\/sv\/product\/adidas-adipower-w-lite-3-1\/","url":"https:\/\/nordicpadel.com\/sv\/product\/adidas-adipower-w-lite-3-1\/","name":"Adidas adipower W Lite 3.1 - Nordic Padel","isPartOf":{"@id":"https:\/\/nordicpadel.com\/sv\/#website"},"primaryImageOfPage":{"@id":"https:\/\/nordicpadel.com\/sv\/product\/adidas-adipower-w-lite-3-1\/#primaryimage"},"image":{"@id":"https:\/\/nordicpadel.com\/sv\/product\/adidas-adipower-w-lite-3-1\/#primaryimage"},"thumbnailUrl":"https:\/\/nordicpadel.com\/sv\/wp-content\/uploads\/sites\/10\/2025\/11\/3fc59acc6e357cd9d44d5f3217589e0e.png","datePublished":"2025-11-26T16:05:02+00:00","dateModified":"2025-11-27T15:45:40+00:00","breadcrumb":{"@id":"https:\/\/nordicpadel.com\/sv\/product\/adidas-adipower-w-lite-3-1\/#breadcrumb"},"inLanguage":"sv-SE","potentialAction":[{"@type":"ReadAction","target":["https:\/\/nordicpadel.com\/sv\/product\/adidas-adipower-w-lite-3-1\/"]}]},{"@type":"ImageObject","inLanguage":"sv-SE","@id":"https:\/\/nordicpadel.com\/sv\/product\/adidas-adipower-w-lite-3-1\/#primaryimage","url":"https:\/\/nordicpadel.com\/sv\/wp-content\/uploads\/sites\/10\/2025\/11\/3fc59acc6e357cd9d44d5f3217589e0e.png","contentUrl":"https:\/\/nordicpadel.com\/sv\/wp-content\/uploads\/sites\/10\/2025\/11\/3fc59acc6e357cd9d44d5f3217589e0e.png","width":800,"height":800,"caption":"Adidas adipower W Lite 3.1"},{"@type":"BreadcrumbList","@id":"https:\/\/nordicpadel.com\/sv\/product\/adidas-adipower-w-lite-3-1\/#breadcrumb","itemListElement":[{"@type":"ListItem","position":1,"name":"Hem","item":"https:\/\/nordicpadel.com\/sv\/"},{"@type":"ListItem","position":2,"name":"Shop","item":"https:\/\/nordicpadel.com\/sv\/shop\/"},{"@type":"ListItem","position":3,"name":"Adidas adipower W Lite 3.1"}]},{"@type":"WebSite","@id":"https:\/\/nordicpadel.com\/sv\/#website","url":"https:\/\/nordicpadel.com\/sv\/","name":"Nordic Padel","description":"","publisher":{"@id":"https:\/\/nordicpadel.com\/sv\/#organization"},"potentialAction":[{"@type":"SearchAction","target":{"@type":"EntryPoint","urlTemplate":"https:\/\/nordicpadel.com\/sv\/?s={search_term_string}"},"query-input":"required name=search_term_string"}],"inLanguage":"sv-SE"},{"@type":"Organization","@id":"https:\/\/nordicpadel.com\/sv\/#organization","name":"Nordic Padel","url":"https:\/\/nordicpadel.com\/sv\/","logo":{"@type":"ImageObject","inLanguage":"sv-SE","@id":"https:\/\/nordicpadel.com\/sv\/#\/schema\/logo\/image\/","url":"https:\/\/nordicpadel.com\/sv\/wp-content\/uploads\/sites\/10\/2022\/12\/Nordic-Padel-small_1-1.png","contentUrl":"https:\/\/nordicpadel.com\/sv\/wp-content\/uploads\/sites\/10\/2022\/12\/Nordic-Padel-small_1-1.png","width":400,"height":119,"caption":"Nordic Padel"},"image":{"@id":"https:\/\/nordicpadel.com\/sv\/#\/schema\/logo\/image\/"}}]}},"brands":[],"_links":{"self":[{"href":"https:\/\/nordicpadel.com\/sv\/wp-json\/wp\/v2\/product\/86934","targetHints":{"allow":["GET"]}}],"collection":[{"href":"https:\/\/nordicpadel.com\/sv\/wp-json\/wp\/v2\/product"}],"about":[{"href":"https:\/\/nordicpadel.com\/sv\/wp-json\/wp\/v2\/types\/product"}],"replies":[{"embeddable":true,"href":"https:\/\/nordicpadel.com\/sv\/wp-json\/wp\/v2\/comments?post=86934"}],"wp:featuredmedia":[{"embeddable":true,"href":"https:\/\/nordicpadel.com\/sv\/wp-json\/wp\/v2\/media\/86930"}],"wp:attachment":[{"href":"https:\/\/nordicpadel.com\/sv\/wp-json\/wp\/v2\/media?parent=86934"}],"wp:term":[{"taxonomy":"pwb-brand","embeddable":true,"href":"https:\/\/nordicpadel.com\/sv\/wp-json\/wp\/v2\/pwb-brand?post=86934"},{"taxonomy":"product_cat","embeddable":true,"href":"https:\/\/nordicpadel.com\/sv\/wp-json\/wp\/v2\/product_cat?post=86934"},{"taxonomy":"product_tag","embeddable":true,"href":"https:\/\/nordicpadel.com\/sv\/wp-json\/wp\/v2\/product_tag?post=86934"},{"taxonomy":"woo-feed-brand","embeddable":true,"href":"https:\/\/nordicpadel.com\/sv\/wp-json\/wp\/v2\/woo-feed-brand?post=86934"}],"curies":[{"name":"wp","href":"https:\/\/api.w.org\/{rel}","templated":true}]}}