{"id":86915,"date":"2025-11-26T17:04:51","date_gmt":"2025-11-26T16:04:51","guid":{"rendered":"https:\/\/nordicpadel.com\/sv\/product\/head-zephyr-ul\/"},"modified":"2025-11-28T17:53:32","modified_gmt":"2025-11-28T16:53:32","slug":"head-zephyr-ul","status":"publish","type":"product","link":"https:\/\/nordicpadel.com\/sv\/product\/head-zephyr-ul\/","title":{"rendered":"HEAD Zephyr UL"},"content":{"rendered":"<p>Head Graphene 360 Zephyr Ultra Light \u00e4r racket f\u00f6r dig som letar efter en l\u00e4ttare modell med h\u00f6g komfort och en stor sweet spot. Med en vikt p\u00e5 runt 340 gram f\u00e5r du ett otroligt l\u00e4tthanterligt och skonsam racket med sk\u00f6n k\u00e4nsla, tack vare mjuk Comfort Foam som absorberar vibrationer och ger mer kraft i slaget. Komfortk\u00e4rnan och den runda formen ger \u00e4ven en st\u00f6rre sweet spot, vilket g\u00f6r att du f\u00e5r bra tr\u00e4ff \u00e4ven p\u00e5 bollar som tr\u00e4ffar l\u00e4ngre ut mot kanterna. Graphene 360 konstruktionen ger en maximerad kraft\u00f6verf\u00f6ring fr\u00e5n racket till boll.<\/p>\n","protected":false},"excerpt":{"rendered":"<p>Head Graphene 360 Zephyr Ultra Light \u00e4r racket f\u00f6r dig som letar efter en l\u00e4ttare modell med h\u00f6g komfort och en stor sweet spot. Med en vikt p\u00e5 runt 340 gram f\u00e5r du ett otroligt l\u00e4tthanterligt och skonsam racket med sk\u00f6n k\u00e4nsla, tack vare mjuk Comfort Foam som absorberar vibrationer och ger mer kraft i [&hellip;]<\/p>\n","protected":false},"featured_media":86911,"comment_status":"open","ping_status":"closed","template":"","meta":[],"pwb-brand":[],"product_cat":[459],"product_tag":[],"woo-feed-brand":[],"class_list":{"0":"post-86915","1":"product","2":"type-product","3":"status-publish","4":"has-post-thumbnail","6":"product_cat-head","7":"pa_varumarke-head","9":"first","10":"outofstock","11":"sale","12":"taxable","13":"shipping-taxable","14":"purchasable","15":"product-type-simple"},"bundled_by":[],"bundle_stock_status":"outofstock","bundle_stock_quantity":0,"bundle_virtual":false,"bundle_layout":"","bundle_add_to_cart_form_location":"","bundle_editable_in_cart":false,"bundle_sold_individually_context":"","bundle_item_grouping":"","bundle_min_size":"","bundle_max_size":"","bundled_items":[],"bundle_sell_ids":[],"acf":[],"yoast_head":"<!-- This site is optimized with the Yoast SEO plugin v23.1 - https:\/\/yoast.com\/wordpress\/plugins\/seo\/ -->\n<title>HEAD Zephyr UL - Nordic Padel<\/title>\n<meta name=\"robots\" content=\"index, follow, max-snippet:-1, max-image-preview:large, max-video-preview:-1\" \/>\n<link rel=\"canonical\" href=\"https:\/\/nordicpadel.com\/sv\/product\/head-zephyr-ul\/\" \/>\n<meta property=\"og:locale\" content=\"sv_SE\" \/>\n<meta property=\"og:type\" content=\"article\" \/>\n<meta property=\"og:title\" content=\"HEAD Zephyr UL - Nordic Padel\" \/>\n<meta property=\"og:description\" content=\"Head Graphene 360 Zephyr Ultra Light \u00e4r racket f\u00f6r dig som letar efter en l\u00e4ttare modell med h\u00f6g komfort och en stor sweet spot. Med en vikt p\u00e5 runt 340 gram f\u00e5r du ett otroligt l\u00e4tthanterligt och skonsam racket med sk\u00f6n k\u00e4nsla, tack vare mjuk Comfort Foam som absorberar vibrationer och ger mer kraft i [&hellip;]\" \/>\n<meta property=\"og:url\" content=\"https:\/\/nordicpadel.com\/sv\/product\/head-zephyr-ul\/\" \/>\n<meta property=\"og:site_name\" content=\"Nordic Padel\" \/>\n<meta property=\"article:modified_time\" content=\"2025-11-28T16:53:32+00:00\" \/>\n<meta name=\"twitter:card\" content=\"summary_large_image\" \/>\n<meta name=\"twitter:label1\" content=\"Ber\u00e4knad l\u00e4stid\" \/>\n\t<meta name=\"twitter:data1\" content=\"1 minut\" \/>\n<script type=\"application\/ld+json\" class=\"yoast-schema-graph\">{\"@context\":\"https:\/\/schema.org\",\"@graph\":[{\"@type\":\"WebPage\",\"@id\":\"https:\/\/nordicpadel.com\/sv\/product\/head-zephyr-ul\/\",\"url\":\"https:\/\/nordicpadel.com\/sv\/product\/head-zephyr-ul\/\",\"name\":\"HEAD Zephyr UL - Nordic Padel\",\"isPartOf\":{\"@id\":\"https:\/\/nordicpadel.com\/sv\/#website\"},\"primaryImageOfPage\":{\"@id\":\"https:\/\/nordicpadel.com\/sv\/product\/head-zephyr-ul\/#primaryimage\"},\"image\":{\"@id\":\"https:\/\/nordicpadel.com\/sv\/product\/head-zephyr-ul\/#primaryimage\"},\"thumbnailUrl\":\"https:\/\/nordicpadel.com\/sv\/wp-content\/uploads\/sites\/10\/2025\/11\/299c93d7a06a85af70d756b5c6db5e96.png\",\"datePublished\":\"2025-11-26T16:04:51+00:00\",\"dateModified\":\"2025-11-28T16:53:32+00:00\",\"breadcrumb\":{\"@id\":\"https:\/\/nordicpadel.com\/sv\/product\/head-zephyr-ul\/#breadcrumb\"},\"inLanguage\":\"sv-SE\",\"potentialAction\":[{\"@type\":\"ReadAction\",\"target\":[\"https:\/\/nordicpadel.com\/sv\/product\/head-zephyr-ul\/\"]}]},{\"@type\":\"ImageObject\",\"inLanguage\":\"sv-SE\",\"@id\":\"https:\/\/nordicpadel.com\/sv\/product\/head-zephyr-ul\/#primaryimage\",\"url\":\"https:\/\/nordicpadel.com\/sv\/wp-content\/uploads\/sites\/10\/2025\/11\/299c93d7a06a85af70d756b5c6db5e96.png\",\"contentUrl\":\"https:\/\/nordicpadel.com\/sv\/wp-content\/uploads\/sites\/10\/2025\/11\/299c93d7a06a85af70d756b5c6db5e96.png\",\"width\":800,\"height\":800,\"caption\":\"HEAD Zephyr UL\"},{\"@type\":\"BreadcrumbList\",\"@id\":\"https:\/\/nordicpadel.com\/sv\/product\/head-zephyr-ul\/#breadcrumb\",\"itemListElement\":[{\"@type\":\"ListItem\",\"position\":1,\"name\":\"Hem\",\"item\":\"https:\/\/nordicpadel.com\/sv\/\"},{\"@type\":\"ListItem\",\"position\":2,\"name\":\"Shop\",\"item\":\"https:\/\/nordicpadel.com\/sv\/shop\/\"},{\"@type\":\"ListItem\",\"position\":3,\"name\":\"HEAD Zephyr UL\"}]},{\"@type\":\"WebSite\",\"@id\":\"https:\/\/nordicpadel.com\/sv\/#website\",\"url\":\"https:\/\/nordicpadel.com\/sv\/\",\"name\":\"Nordic Padel\",\"description\":\"\",\"publisher\":{\"@id\":\"https:\/\/nordicpadel.com\/sv\/#organization\"},\"potentialAction\":[{\"@type\":\"SearchAction\",\"target\":{\"@type\":\"EntryPoint\",\"urlTemplate\":\"https:\/\/nordicpadel.com\/sv\/?s={search_term_string}\"},\"query-input\":\"required name=search_term_string\"}],\"inLanguage\":\"sv-SE\"},{\"@type\":\"Organization\",\"@id\":\"https:\/\/nordicpadel.com\/sv\/#organization\",\"name\":\"Nordic Padel\",\"url\":\"https:\/\/nordicpadel.com\/sv\/\",\"logo\":{\"@type\":\"ImageObject\",\"inLanguage\":\"sv-SE\",\"@id\":\"https:\/\/nordicpadel.com\/sv\/#\/schema\/logo\/image\/\",\"url\":\"https:\/\/nordicpadel.com\/sv\/wp-content\/uploads\/sites\/10\/2022\/12\/Nordic-Padel-small_1-1.png\",\"contentUrl\":\"https:\/\/nordicpadel.com\/sv\/wp-content\/uploads\/sites\/10\/2022\/12\/Nordic-Padel-small_1-1.png\",\"width\":400,\"height\":119,\"caption\":\"Nordic Padel\"},\"image\":{\"@id\":\"https:\/\/nordicpadel.com\/sv\/#\/schema\/logo\/image\/\"}}]}<\/script>\n<!-- \/ Yoast SEO plugin. -->","yoast_head_json":{"title":"HEAD Zephyr UL - Nordic Padel","robots":{"index":"index","follow":"follow","max-snippet":"max-snippet:-1","max-image-preview":"max-image-preview:large","max-video-preview":"max-video-preview:-1"},"canonical":"https:\/\/nordicpadel.com\/sv\/product\/head-zephyr-ul\/","og_locale":"sv_SE","og_type":"article","og_title":"HEAD Zephyr UL - Nordic Padel","og_description":"Head Graphene 360 Zephyr Ultra Light \u00e4r racket f\u00f6r dig som letar efter en l\u00e4ttare modell med h\u00f6g komfort och en stor sweet spot. Med en vikt p\u00e5 runt 340 gram f\u00e5r du ett otroligt l\u00e4tthanterligt och skonsam racket med sk\u00f6n k\u00e4nsla, tack vare mjuk Comfort Foam som absorberar vibrationer och ger mer kraft i [&hellip;]","og_url":"https:\/\/nordicpadel.com\/sv\/product\/head-zephyr-ul\/","og_site_name":"Nordic Padel","article_modified_time":"2025-11-28T16:53:32+00:00","twitter_card":"summary_large_image","twitter_misc":{"Ber\u00e4knad l\u00e4stid":"1 minut"},"schema":{"@context":"https:\/\/schema.org","@graph":[{"@type":"WebPage","@id":"https:\/\/nordicpadel.com\/sv\/product\/head-zephyr-ul\/","url":"https:\/\/nordicpadel.com\/sv\/product\/head-zephyr-ul\/","name":"HEAD Zephyr UL - Nordic Padel","isPartOf":{"@id":"https:\/\/nordicpadel.com\/sv\/#website"},"primaryImageOfPage":{"@id":"https:\/\/nordicpadel.com\/sv\/product\/head-zephyr-ul\/#primaryimage"},"image":{"@id":"https:\/\/nordicpadel.com\/sv\/product\/head-zephyr-ul\/#primaryimage"},"thumbnailUrl":"https:\/\/nordicpadel.com\/sv\/wp-content\/uploads\/sites\/10\/2025\/11\/299c93d7a06a85af70d756b5c6db5e96.png","datePublished":"2025-11-26T16:04:51+00:00","dateModified":"2025-11-28T16:53:32+00:00","breadcrumb":{"@id":"https:\/\/nordicpadel.com\/sv\/product\/head-zephyr-ul\/#breadcrumb"},"inLanguage":"sv-SE","potentialAction":[{"@type":"ReadAction","target":["https:\/\/nordicpadel.com\/sv\/product\/head-zephyr-ul\/"]}]},{"@type":"ImageObject","inLanguage":"sv-SE","@id":"https:\/\/nordicpadel.com\/sv\/product\/head-zephyr-ul\/#primaryimage","url":"https:\/\/nordicpadel.com\/sv\/wp-content\/uploads\/sites\/10\/2025\/11\/299c93d7a06a85af70d756b5c6db5e96.png","contentUrl":"https:\/\/nordicpadel.com\/sv\/wp-content\/uploads\/sites\/10\/2025\/11\/299c93d7a06a85af70d756b5c6db5e96.png","width":800,"height":800,"caption":"HEAD Zephyr UL"},{"@type":"BreadcrumbList","@id":"https:\/\/nordicpadel.com\/sv\/product\/head-zephyr-ul\/#breadcrumb","itemListElement":[{"@type":"ListItem","position":1,"name":"Hem","item":"https:\/\/nordicpadel.com\/sv\/"},{"@type":"ListItem","position":2,"name":"Shop","item":"https:\/\/nordicpadel.com\/sv\/shop\/"},{"@type":"ListItem","position":3,"name":"HEAD Zephyr UL"}]},{"@type":"WebSite","@id":"https:\/\/nordicpadel.com\/sv\/#website","url":"https:\/\/nordicpadel.com\/sv\/","name":"Nordic Padel","description":"","publisher":{"@id":"https:\/\/nordicpadel.com\/sv\/#organization"},"potentialAction":[{"@type":"SearchAction","target":{"@type":"EntryPoint","urlTemplate":"https:\/\/nordicpadel.com\/sv\/?s={search_term_string}"},"query-input":"required name=search_term_string"}],"inLanguage":"sv-SE"},{"@type":"Organization","@id":"https:\/\/nordicpadel.com\/sv\/#organization","name":"Nordic Padel","url":"https:\/\/nordicpadel.com\/sv\/","logo":{"@type":"ImageObject","inLanguage":"sv-SE","@id":"https:\/\/nordicpadel.com\/sv\/#\/schema\/logo\/image\/","url":"https:\/\/nordicpadel.com\/sv\/wp-content\/uploads\/sites\/10\/2022\/12\/Nordic-Padel-small_1-1.png","contentUrl":"https:\/\/nordicpadel.com\/sv\/wp-content\/uploads\/sites\/10\/2022\/12\/Nordic-Padel-small_1-1.png","width":400,"height":119,"caption":"Nordic Padel"},"image":{"@id":"https:\/\/nordicpadel.com\/sv\/#\/schema\/logo\/image\/"}}]}},"brands":[],"_links":{"self":[{"href":"https:\/\/nordicpadel.com\/sv\/wp-json\/wp\/v2\/product\/86915","targetHints":{"allow":["GET"]}}],"collection":[{"href":"https:\/\/nordicpadel.com\/sv\/wp-json\/wp\/v2\/product"}],"about":[{"href":"https:\/\/nordicpadel.com\/sv\/wp-json\/wp\/v2\/types\/product"}],"replies":[{"embeddable":true,"href":"https:\/\/nordicpadel.com\/sv\/wp-json\/wp\/v2\/comments?post=86915"}],"wp:featuredmedia":[{"embeddable":true,"href":"https:\/\/nordicpadel.com\/sv\/wp-json\/wp\/v2\/media\/86911"}],"wp:attachment":[{"href":"https:\/\/nordicpadel.com\/sv\/wp-json\/wp\/v2\/media?parent=86915"}],"wp:term":[{"taxonomy":"pwb-brand","embeddable":true,"href":"https:\/\/nordicpadel.com\/sv\/wp-json\/wp\/v2\/pwb-brand?post=86915"},{"taxonomy":"product_cat","embeddable":true,"href":"https:\/\/nordicpadel.com\/sv\/wp-json\/wp\/v2\/product_cat?post=86915"},{"taxonomy":"product_tag","embeddable":true,"href":"https:\/\/nordicpadel.com\/sv\/wp-json\/wp\/v2\/product_tag?post=86915"},{"taxonomy":"woo-feed-brand","embeddable":true,"href":"https:\/\/nordicpadel.com\/sv\/wp-json\/wp\/v2\/woo-feed-brand?post=86915"}],"curies":[{"name":"wp","href":"https:\/\/api.w.org\/{rel}","templated":true}]}}