{"id":86843,"date":"2025-11-26T17:03:58","date_gmt":"2025-11-26T16:03:58","guid":{"rendered":"https:\/\/nordicpadel.com\/sv\/product\/bounce-tube\/"},"modified":"2025-11-26T17:03:58","modified_gmt":"2025-11-26T16:03:58","slug":"bounce-tube","status":"publish","type":"product","link":"https:\/\/nordicpadel.com\/sv\/product\/bounce-tube\/","title":{"rendered":"Bounce Tube"},"content":{"rendered":"<p>F\u00e5 nytt liv i dina padelbollar och tennisbollar. BOUNCE TUBE \u00e4r den l\u00e4tthanterliga tuben som f\u00f6rl\u00e4nger livet p\u00e5 dina tennis- och padelbollar genom att skapa en trycksatt milj\u00f6 runt bollarna under tiden de ligger i din v\u00e4ska. N\u00e4r du har spelat f\u00e4rdigt din tennis- eller padelmatch s\u00e5 l\u00e4gger du helt enkelt ner dina bollar i BOUNCE TUBE, skruvar p\u00e5 det hermetiskt tillslutande locket och pumpar p\u00e5 n\u00e5gra sekunder upp trycket i tuben med hj\u00e4lp av den integrerade pumpen. Nu \u00e4r dina bollar helt skyddade mot det stora hotet g\u00e4llande bollarnas studs och sp\u00e4nst &#8211; n\u00e4mligen tiden i v\u00e4skan mellan matcherna. Med BOUNCE TUBE f\u00f6rl\u00e4nger du livet p\u00e5 bollarna runt 3 g\u00e5nger vilket g\u00f6r att det blir en rej\u00e4l vinst f\u00f6r milj\u00f6n och \u00e4ven f\u00f6r din pl\u00e5nbok med tanke p\u00e5 vad bollar kostar. Den integrerade pumpen och det genialt enkla s\u00e4ttet att \u00f6ppna och st\u00e4nga locket g\u00f6r att den l\u00e4tt att hantera f\u00f6r samtliga spelar oavsett \u00e5lder. Den rymmer <b>4 bollar<\/b> och funkar s\u00e5ledes utm\u00e4rkt f\u00f6r <b>b\u00e5de tennisbollar och padelbollar.<\/b><\/p>\n","protected":false},"excerpt":{"rendered":"<p>F\u00e5 nytt liv i dina padelbollar och tennisbollar. BOUNCE TUBE \u00e4r den l\u00e4tthanterliga tuben som f\u00f6rl\u00e4nger livet p\u00e5 dina tennis- och padelbollar genom att skapa en trycksatt milj\u00f6 runt bollarna under tiden de ligger i din v\u00e4ska. N\u00e4r du har spelat f\u00e4rdigt din tennis- eller padelmatch s\u00e5 l\u00e4gger du helt enkelt ner dina bollar i [&hellip;]<\/p>\n","protected":false},"featured_media":86841,"comment_status":"open","ping_status":"closed","template":"","meta":[],"pwb-brand":[],"product_cat":[46],"product_tag":[],"woo-feed-brand":[],"class_list":{"0":"post-86843","1":"product","2":"type-product","3":"status-publish","4":"has-post-thumbnail","6":"product_cat-ovrigt","7":"pa_varumarke-bounce-tube","9":"first","10":"outofstock","11":"taxable","12":"shipping-taxable","13":"purchasable","14":"product-type-simple"},"bundled_by":[],"bundle_stock_status":"outofstock","bundle_stock_quantity":0,"bundle_virtual":false,"bundle_layout":"","bundle_add_to_cart_form_location":"","bundle_editable_in_cart":false,"bundle_sold_individually_context":"","bundle_item_grouping":"","bundle_min_size":"","bundle_max_size":"","bundled_items":[],"bundle_sell_ids":[],"acf":[],"yoast_head":"<!-- This site is optimized with the Yoast SEO plugin v23.1 - https:\/\/yoast.com\/wordpress\/plugins\/seo\/ -->\n<title>Bounce Tube - Nordic Padel<\/title>\n<meta name=\"robots\" content=\"index, follow, max-snippet:-1, max-image-preview:large, max-video-preview:-1\" \/>\n<link rel=\"canonical\" href=\"https:\/\/nordicpadel.com\/sv\/product\/bounce-tube\/\" \/>\n<meta property=\"og:locale\" content=\"sv_SE\" \/>\n<meta property=\"og:type\" content=\"article\" \/>\n<meta property=\"og:title\" content=\"Bounce Tube - Nordic Padel\" \/>\n<meta property=\"og:description\" content=\"F\u00e5 nytt liv i dina padelbollar och tennisbollar. BOUNCE TUBE \u00e4r den l\u00e4tthanterliga tuben som f\u00f6rl\u00e4nger livet p\u00e5 dina tennis- och padelbollar genom att skapa en trycksatt milj\u00f6 runt bollarna under tiden de ligger i din v\u00e4ska. N\u00e4r du har spelat f\u00e4rdigt din tennis- eller padelmatch s\u00e5 l\u00e4gger du helt enkelt ner dina bollar i [&hellip;]\" \/>\n<meta property=\"og:url\" content=\"https:\/\/nordicpadel.com\/sv\/product\/bounce-tube\/\" \/>\n<meta property=\"og:site_name\" content=\"Nordic Padel\" \/>\n<meta name=\"twitter:card\" content=\"summary_large_image\" \/>\n<meta name=\"twitter:label1\" content=\"Ber\u00e4knad l\u00e4stid\" \/>\n\t<meta name=\"twitter:data1\" content=\"1 minut\" \/>\n<script type=\"application\/ld+json\" class=\"yoast-schema-graph\">{\"@context\":\"https:\/\/schema.org\",\"@graph\":[{\"@type\":\"WebPage\",\"@id\":\"https:\/\/nordicpadel.com\/sv\/product\/bounce-tube\/\",\"url\":\"https:\/\/nordicpadel.com\/sv\/product\/bounce-tube\/\",\"name\":\"Bounce Tube - Nordic Padel\",\"isPartOf\":{\"@id\":\"https:\/\/nordicpadel.com\/sv\/#website\"},\"primaryImageOfPage\":{\"@id\":\"https:\/\/nordicpadel.com\/sv\/product\/bounce-tube\/#primaryimage\"},\"image\":{\"@id\":\"https:\/\/nordicpadel.com\/sv\/product\/bounce-tube\/#primaryimage\"},\"thumbnailUrl\":\"https:\/\/nordicpadel.com\/sv\/wp-content\/uploads\/sites\/10\/2025\/11\/da1b716b91a4319e680d398cdbd2bd5e.png\",\"datePublished\":\"2025-11-26T16:03:58+00:00\",\"dateModified\":\"2025-11-26T16:03:58+00:00\",\"breadcrumb\":{\"@id\":\"https:\/\/nordicpadel.com\/sv\/product\/bounce-tube\/#breadcrumb\"},\"inLanguage\":\"sv-SE\",\"potentialAction\":[{\"@type\":\"ReadAction\",\"target\":[\"https:\/\/nordicpadel.com\/sv\/product\/bounce-tube\/\"]}]},{\"@type\":\"ImageObject\",\"inLanguage\":\"sv-SE\",\"@id\":\"https:\/\/nordicpadel.com\/sv\/product\/bounce-tube\/#primaryimage\",\"url\":\"https:\/\/nordicpadel.com\/sv\/wp-content\/uploads\/sites\/10\/2025\/11\/da1b716b91a4319e680d398cdbd2bd5e.png\",\"contentUrl\":\"https:\/\/nordicpadel.com\/sv\/wp-content\/uploads\/sites\/10\/2025\/11\/da1b716b91a4319e680d398cdbd2bd5e.png\",\"width\":800,\"height\":800,\"caption\":\"Bounce Tube\"},{\"@type\":\"BreadcrumbList\",\"@id\":\"https:\/\/nordicpadel.com\/sv\/product\/bounce-tube\/#breadcrumb\",\"itemListElement\":[{\"@type\":\"ListItem\",\"position\":1,\"name\":\"Hem\",\"item\":\"https:\/\/nordicpadel.com\/sv\/\"},{\"@type\":\"ListItem\",\"position\":2,\"name\":\"Shop\",\"item\":\"https:\/\/nordicpadel.com\/sv\/shop\/\"},{\"@type\":\"ListItem\",\"position\":3,\"name\":\"Bounce Tube\"}]},{\"@type\":\"WebSite\",\"@id\":\"https:\/\/nordicpadel.com\/sv\/#website\",\"url\":\"https:\/\/nordicpadel.com\/sv\/\",\"name\":\"Nordic Padel\",\"description\":\"\",\"publisher\":{\"@id\":\"https:\/\/nordicpadel.com\/sv\/#organization\"},\"potentialAction\":[{\"@type\":\"SearchAction\",\"target\":{\"@type\":\"EntryPoint\",\"urlTemplate\":\"https:\/\/nordicpadel.com\/sv\/?s={search_term_string}\"},\"query-input\":\"required name=search_term_string\"}],\"inLanguage\":\"sv-SE\"},{\"@type\":\"Organization\",\"@id\":\"https:\/\/nordicpadel.com\/sv\/#organization\",\"name\":\"Nordic Padel\",\"url\":\"https:\/\/nordicpadel.com\/sv\/\",\"logo\":{\"@type\":\"ImageObject\",\"inLanguage\":\"sv-SE\",\"@id\":\"https:\/\/nordicpadel.com\/sv\/#\/schema\/logo\/image\/\",\"url\":\"https:\/\/nordicpadel.com\/sv\/wp-content\/uploads\/sites\/10\/2022\/12\/Nordic-Padel-small_1-1.png\",\"contentUrl\":\"https:\/\/nordicpadel.com\/sv\/wp-content\/uploads\/sites\/10\/2022\/12\/Nordic-Padel-small_1-1.png\",\"width\":400,\"height\":119,\"caption\":\"Nordic Padel\"},\"image\":{\"@id\":\"https:\/\/nordicpadel.com\/sv\/#\/schema\/logo\/image\/\"}}]}<\/script>\n<!-- \/ Yoast SEO plugin. -->","yoast_head_json":{"title":"Bounce Tube - Nordic Padel","robots":{"index":"index","follow":"follow","max-snippet":"max-snippet:-1","max-image-preview":"max-image-preview:large","max-video-preview":"max-video-preview:-1"},"canonical":"https:\/\/nordicpadel.com\/sv\/product\/bounce-tube\/","og_locale":"sv_SE","og_type":"article","og_title":"Bounce Tube - Nordic Padel","og_description":"F\u00e5 nytt liv i dina padelbollar och tennisbollar. BOUNCE TUBE \u00e4r den l\u00e4tthanterliga tuben som f\u00f6rl\u00e4nger livet p\u00e5 dina tennis- och padelbollar genom att skapa en trycksatt milj\u00f6 runt bollarna under tiden de ligger i din v\u00e4ska. N\u00e4r du har spelat f\u00e4rdigt din tennis- eller padelmatch s\u00e5 l\u00e4gger du helt enkelt ner dina bollar i [&hellip;]","og_url":"https:\/\/nordicpadel.com\/sv\/product\/bounce-tube\/","og_site_name":"Nordic Padel","twitter_card":"summary_large_image","twitter_misc":{"Ber\u00e4knad l\u00e4stid":"1 minut"},"schema":{"@context":"https:\/\/schema.org","@graph":[{"@type":"WebPage","@id":"https:\/\/nordicpadel.com\/sv\/product\/bounce-tube\/","url":"https:\/\/nordicpadel.com\/sv\/product\/bounce-tube\/","name":"Bounce Tube - Nordic Padel","isPartOf":{"@id":"https:\/\/nordicpadel.com\/sv\/#website"},"primaryImageOfPage":{"@id":"https:\/\/nordicpadel.com\/sv\/product\/bounce-tube\/#primaryimage"},"image":{"@id":"https:\/\/nordicpadel.com\/sv\/product\/bounce-tube\/#primaryimage"},"thumbnailUrl":"https:\/\/nordicpadel.com\/sv\/wp-content\/uploads\/sites\/10\/2025\/11\/da1b716b91a4319e680d398cdbd2bd5e.png","datePublished":"2025-11-26T16:03:58+00:00","dateModified":"2025-11-26T16:03:58+00:00","breadcrumb":{"@id":"https:\/\/nordicpadel.com\/sv\/product\/bounce-tube\/#breadcrumb"},"inLanguage":"sv-SE","potentialAction":[{"@type":"ReadAction","target":["https:\/\/nordicpadel.com\/sv\/product\/bounce-tube\/"]}]},{"@type":"ImageObject","inLanguage":"sv-SE","@id":"https:\/\/nordicpadel.com\/sv\/product\/bounce-tube\/#primaryimage","url":"https:\/\/nordicpadel.com\/sv\/wp-content\/uploads\/sites\/10\/2025\/11\/da1b716b91a4319e680d398cdbd2bd5e.png","contentUrl":"https:\/\/nordicpadel.com\/sv\/wp-content\/uploads\/sites\/10\/2025\/11\/da1b716b91a4319e680d398cdbd2bd5e.png","width":800,"height":800,"caption":"Bounce Tube"},{"@type":"BreadcrumbList","@id":"https:\/\/nordicpadel.com\/sv\/product\/bounce-tube\/#breadcrumb","itemListElement":[{"@type":"ListItem","position":1,"name":"Hem","item":"https:\/\/nordicpadel.com\/sv\/"},{"@type":"ListItem","position":2,"name":"Shop","item":"https:\/\/nordicpadel.com\/sv\/shop\/"},{"@type":"ListItem","position":3,"name":"Bounce Tube"}]},{"@type":"WebSite","@id":"https:\/\/nordicpadel.com\/sv\/#website","url":"https:\/\/nordicpadel.com\/sv\/","name":"Nordic Padel","description":"","publisher":{"@id":"https:\/\/nordicpadel.com\/sv\/#organization"},"potentialAction":[{"@type":"SearchAction","target":{"@type":"EntryPoint","urlTemplate":"https:\/\/nordicpadel.com\/sv\/?s={search_term_string}"},"query-input":"required name=search_term_string"}],"inLanguage":"sv-SE"},{"@type":"Organization","@id":"https:\/\/nordicpadel.com\/sv\/#organization","name":"Nordic Padel","url":"https:\/\/nordicpadel.com\/sv\/","logo":{"@type":"ImageObject","inLanguage":"sv-SE","@id":"https:\/\/nordicpadel.com\/sv\/#\/schema\/logo\/image\/","url":"https:\/\/nordicpadel.com\/sv\/wp-content\/uploads\/sites\/10\/2022\/12\/Nordic-Padel-small_1-1.png","contentUrl":"https:\/\/nordicpadel.com\/sv\/wp-content\/uploads\/sites\/10\/2022\/12\/Nordic-Padel-small_1-1.png","width":400,"height":119,"caption":"Nordic Padel"},"image":{"@id":"https:\/\/nordicpadel.com\/sv\/#\/schema\/logo\/image\/"}}]}},"brands":[],"_links":{"self":[{"href":"https:\/\/nordicpadel.com\/sv\/wp-json\/wp\/v2\/product\/86843","targetHints":{"allow":["GET"]}}],"collection":[{"href":"https:\/\/nordicpadel.com\/sv\/wp-json\/wp\/v2\/product"}],"about":[{"href":"https:\/\/nordicpadel.com\/sv\/wp-json\/wp\/v2\/types\/product"}],"replies":[{"embeddable":true,"href":"https:\/\/nordicpadel.com\/sv\/wp-json\/wp\/v2\/comments?post=86843"}],"wp:featuredmedia":[{"embeddable":true,"href":"https:\/\/nordicpadel.com\/sv\/wp-json\/wp\/v2\/media\/86841"}],"wp:attachment":[{"href":"https:\/\/nordicpadel.com\/sv\/wp-json\/wp\/v2\/media?parent=86843"}],"wp:term":[{"taxonomy":"pwb-brand","embeddable":true,"href":"https:\/\/nordicpadel.com\/sv\/wp-json\/wp\/v2\/pwb-brand?post=86843"},{"taxonomy":"product_cat","embeddable":true,"href":"https:\/\/nordicpadel.com\/sv\/wp-json\/wp\/v2\/product_cat?post=86843"},{"taxonomy":"product_tag","embeddable":true,"href":"https:\/\/nordicpadel.com\/sv\/wp-json\/wp\/v2\/product_tag?post=86843"},{"taxonomy":"woo-feed-brand","embeddable":true,"href":"https:\/\/nordicpadel.com\/sv\/wp-json\/wp\/v2\/woo-feed-brand?post=86843"}],"curies":[{"name":"wp","href":"https:\/\/api.w.org\/{rel}","templated":true}]}}