{"id":86825,"date":"2025-11-26T17:03:44","date_gmt":"2025-11-26T16:03:44","guid":{"rendered":"https:\/\/nordicpadel.com\/sv\/product\/stiga-ultra-overgrip\/"},"modified":"2025-11-27T08:59:34","modified_gmt":"2025-11-27T07:59:34","slug":"stiga-ultra-overgrip","status":"publish","type":"product","link":"https:\/\/nordicpadel.com\/sv\/product\/stiga-ultra-overgrip\/","title":{"rendered":"STIGA Ultra Overgrip"},"content":{"rendered":"<p>K\u00f6p Stigas vita padelgrepp i 3-pack. Tunnt overgrip f\u00f6r ditt padelracket. T\u00e4nk p\u00e5 att byta greppet relativt ofta, det \u00e4r en billig investering f\u00f6r din padelutveckling som kan ge dig en b\u00e4ttre kontroll p\u00e5 dina slag. T\u00e4nk \u00e4ven p\u00e5 att va avslappnad i handen n\u00e4r du h\u00e5ller om ditt padelracket. Det ger dig b\u00e5de b\u00e4ttre kontroll och fart p\u00e5 bollen. <\/p>\n<ul>\n<li>Vit<\/li>\n<li>Levereras i 3-pack<\/li>\n<li>0.5mm tjicklek<\/li>\n<li>klibbig k\u00e4nsla f\u00f6r b\u00e4sta grepp<\/li>\n<\/ul>\n","protected":false},"excerpt":{"rendered":"<p>K\u00f6p Stigas vita padelgrepp i 3-pack. Tunnt overgrip f\u00f6r ditt padelracket. T\u00e4nk p\u00e5 att byta greppet relativt ofta, det \u00e4r en billig investering f\u00f6r din padelutveckling som kan ge dig en b\u00e4ttre kontroll p\u00e5 dina slag. T\u00e4nk \u00e4ven p\u00e5 att va avslappnad i handen n\u00e4r du h\u00e5ller om ditt padelracket. Det ger dig b\u00e5de b\u00e4ttre [&hellip;]<\/p>\n","protected":false},"featured_media":86819,"comment_status":"open","ping_status":"closed","template":"","meta":[],"pwb-brand":[],"product_cat":[43],"product_tag":[],"woo-feed-brand":[],"class_list":{"0":"post-86825","1":"product","2":"type-product","3":"status-publish","4":"has-post-thumbnail","6":"product_cat-grepplindor","7":"pa_varumarke-stiga-padel","9":"first","10":"outofstock","11":"taxable","12":"shipping-taxable","13":"purchasable","14":"product-type-simple"},"bundled_by":[],"bundle_stock_status":"outofstock","bundle_stock_quantity":0,"bundle_virtual":false,"bundle_layout":"","bundle_add_to_cart_form_location":"","bundle_editable_in_cart":false,"bundle_sold_individually_context":"","bundle_item_grouping":"","bundle_min_size":"","bundle_max_size":"","bundled_items":[],"bundle_sell_ids":[],"acf":[],"yoast_head":"<!-- This site is optimized with the Yoast SEO plugin v23.1 - https:\/\/yoast.com\/wordpress\/plugins\/seo\/ -->\n<title>STIGA Ultra Overgrip - Nordic Padel<\/title>\n<meta name=\"robots\" content=\"index, follow, max-snippet:-1, max-image-preview:large, max-video-preview:-1\" \/>\n<link rel=\"canonical\" href=\"https:\/\/nordicpadel.com\/sv\/product\/stiga-ultra-overgrip\/\" \/>\n<meta property=\"og:locale\" content=\"sv_SE\" \/>\n<meta property=\"og:type\" content=\"article\" \/>\n<meta property=\"og:title\" content=\"STIGA Ultra Overgrip - Nordic Padel\" \/>\n<meta property=\"og:description\" content=\"K\u00f6p Stigas vita padelgrepp i 3-pack. Tunnt overgrip f\u00f6r ditt padelracket. T\u00e4nk p\u00e5 att byta greppet relativt ofta, det \u00e4r en billig investering f\u00f6r din padelutveckling som kan ge dig en b\u00e4ttre kontroll p\u00e5 dina slag. T\u00e4nk \u00e4ven p\u00e5 att va avslappnad i handen n\u00e4r du h\u00e5ller om ditt padelracket. Det ger dig b\u00e5de b\u00e4ttre [&hellip;]\" \/>\n<meta property=\"og:url\" content=\"https:\/\/nordicpadel.com\/sv\/product\/stiga-ultra-overgrip\/\" \/>\n<meta property=\"og:site_name\" content=\"Nordic Padel\" \/>\n<meta property=\"article:modified_time\" content=\"2025-11-27T07:59:34+00:00\" \/>\n<meta name=\"twitter:card\" content=\"summary_large_image\" \/>\n<script type=\"application\/ld+json\" class=\"yoast-schema-graph\">{\"@context\":\"https:\/\/schema.org\",\"@graph\":[{\"@type\":\"WebPage\",\"@id\":\"https:\/\/nordicpadel.com\/sv\/product\/stiga-ultra-overgrip\/\",\"url\":\"https:\/\/nordicpadel.com\/sv\/product\/stiga-ultra-overgrip\/\",\"name\":\"STIGA Ultra Overgrip - Nordic Padel\",\"isPartOf\":{\"@id\":\"https:\/\/nordicpadel.com\/sv\/#website\"},\"primaryImageOfPage\":{\"@id\":\"https:\/\/nordicpadel.com\/sv\/product\/stiga-ultra-overgrip\/#primaryimage\"},\"image\":{\"@id\":\"https:\/\/nordicpadel.com\/sv\/product\/stiga-ultra-overgrip\/#primaryimage\"},\"thumbnailUrl\":\"https:\/\/nordicpadel.com\/sv\/wp-content\/uploads\/sites\/10\/2025\/11\/439d17db880eb64f6c8fbf74d2e3f3f6.png\",\"datePublished\":\"2025-11-26T16:03:44+00:00\",\"dateModified\":\"2025-11-27T07:59:34+00:00\",\"breadcrumb\":{\"@id\":\"https:\/\/nordicpadel.com\/sv\/product\/stiga-ultra-overgrip\/#breadcrumb\"},\"inLanguage\":\"sv-SE\",\"potentialAction\":[{\"@type\":\"ReadAction\",\"target\":[\"https:\/\/nordicpadel.com\/sv\/product\/stiga-ultra-overgrip\/\"]}]},{\"@type\":\"ImageObject\",\"inLanguage\":\"sv-SE\",\"@id\":\"https:\/\/nordicpadel.com\/sv\/product\/stiga-ultra-overgrip\/#primaryimage\",\"url\":\"https:\/\/nordicpadel.com\/sv\/wp-content\/uploads\/sites\/10\/2025\/11\/439d17db880eb64f6c8fbf74d2e3f3f6.png\",\"contentUrl\":\"https:\/\/nordicpadel.com\/sv\/wp-content\/uploads\/sites\/10\/2025\/11\/439d17db880eb64f6c8fbf74d2e3f3f6.png\",\"width\":800,\"height\":800,\"caption\":\"STIGA Ultra Overgrip\"},{\"@type\":\"BreadcrumbList\",\"@id\":\"https:\/\/nordicpadel.com\/sv\/product\/stiga-ultra-overgrip\/#breadcrumb\",\"itemListElement\":[{\"@type\":\"ListItem\",\"position\":1,\"name\":\"Hem\",\"item\":\"https:\/\/nordicpadel.com\/sv\/\"},{\"@type\":\"ListItem\",\"position\":2,\"name\":\"Shop\",\"item\":\"https:\/\/nordicpadel.com\/sv\/shop\/\"},{\"@type\":\"ListItem\",\"position\":3,\"name\":\"STIGA Ultra Overgrip\"}]},{\"@type\":\"WebSite\",\"@id\":\"https:\/\/nordicpadel.com\/sv\/#website\",\"url\":\"https:\/\/nordicpadel.com\/sv\/\",\"name\":\"Nordic Padel\",\"description\":\"\",\"publisher\":{\"@id\":\"https:\/\/nordicpadel.com\/sv\/#organization\"},\"potentialAction\":[{\"@type\":\"SearchAction\",\"target\":{\"@type\":\"EntryPoint\",\"urlTemplate\":\"https:\/\/nordicpadel.com\/sv\/?s={search_term_string}\"},\"query-input\":\"required name=search_term_string\"}],\"inLanguage\":\"sv-SE\"},{\"@type\":\"Organization\",\"@id\":\"https:\/\/nordicpadel.com\/sv\/#organization\",\"name\":\"Nordic Padel\",\"url\":\"https:\/\/nordicpadel.com\/sv\/\",\"logo\":{\"@type\":\"ImageObject\",\"inLanguage\":\"sv-SE\",\"@id\":\"https:\/\/nordicpadel.com\/sv\/#\/schema\/logo\/image\/\",\"url\":\"https:\/\/nordicpadel.com\/sv\/wp-content\/uploads\/sites\/10\/2022\/12\/Nordic-Padel-small_1-1.png\",\"contentUrl\":\"https:\/\/nordicpadel.com\/sv\/wp-content\/uploads\/sites\/10\/2022\/12\/Nordic-Padel-small_1-1.png\",\"width\":400,\"height\":119,\"caption\":\"Nordic Padel\"},\"image\":{\"@id\":\"https:\/\/nordicpadel.com\/sv\/#\/schema\/logo\/image\/\"}}]}<\/script>\n<!-- \/ Yoast SEO plugin. -->","yoast_head_json":{"title":"STIGA Ultra Overgrip - Nordic Padel","robots":{"index":"index","follow":"follow","max-snippet":"max-snippet:-1","max-image-preview":"max-image-preview:large","max-video-preview":"max-video-preview:-1"},"canonical":"https:\/\/nordicpadel.com\/sv\/product\/stiga-ultra-overgrip\/","og_locale":"sv_SE","og_type":"article","og_title":"STIGA Ultra Overgrip - Nordic Padel","og_description":"K\u00f6p Stigas vita padelgrepp i 3-pack. Tunnt overgrip f\u00f6r ditt padelracket. T\u00e4nk p\u00e5 att byta greppet relativt ofta, det \u00e4r en billig investering f\u00f6r din padelutveckling som kan ge dig en b\u00e4ttre kontroll p\u00e5 dina slag. T\u00e4nk \u00e4ven p\u00e5 att va avslappnad i handen n\u00e4r du h\u00e5ller om ditt padelracket. Det ger dig b\u00e5de b\u00e4ttre [&hellip;]","og_url":"https:\/\/nordicpadel.com\/sv\/product\/stiga-ultra-overgrip\/","og_site_name":"Nordic Padel","article_modified_time":"2025-11-27T07:59:34+00:00","twitter_card":"summary_large_image","schema":{"@context":"https:\/\/schema.org","@graph":[{"@type":"WebPage","@id":"https:\/\/nordicpadel.com\/sv\/product\/stiga-ultra-overgrip\/","url":"https:\/\/nordicpadel.com\/sv\/product\/stiga-ultra-overgrip\/","name":"STIGA Ultra Overgrip - Nordic Padel","isPartOf":{"@id":"https:\/\/nordicpadel.com\/sv\/#website"},"primaryImageOfPage":{"@id":"https:\/\/nordicpadel.com\/sv\/product\/stiga-ultra-overgrip\/#primaryimage"},"image":{"@id":"https:\/\/nordicpadel.com\/sv\/product\/stiga-ultra-overgrip\/#primaryimage"},"thumbnailUrl":"https:\/\/nordicpadel.com\/sv\/wp-content\/uploads\/sites\/10\/2025\/11\/439d17db880eb64f6c8fbf74d2e3f3f6.png","datePublished":"2025-11-26T16:03:44+00:00","dateModified":"2025-11-27T07:59:34+00:00","breadcrumb":{"@id":"https:\/\/nordicpadel.com\/sv\/product\/stiga-ultra-overgrip\/#breadcrumb"},"inLanguage":"sv-SE","potentialAction":[{"@type":"ReadAction","target":["https:\/\/nordicpadel.com\/sv\/product\/stiga-ultra-overgrip\/"]}]},{"@type":"ImageObject","inLanguage":"sv-SE","@id":"https:\/\/nordicpadel.com\/sv\/product\/stiga-ultra-overgrip\/#primaryimage","url":"https:\/\/nordicpadel.com\/sv\/wp-content\/uploads\/sites\/10\/2025\/11\/439d17db880eb64f6c8fbf74d2e3f3f6.png","contentUrl":"https:\/\/nordicpadel.com\/sv\/wp-content\/uploads\/sites\/10\/2025\/11\/439d17db880eb64f6c8fbf74d2e3f3f6.png","width":800,"height":800,"caption":"STIGA Ultra Overgrip"},{"@type":"BreadcrumbList","@id":"https:\/\/nordicpadel.com\/sv\/product\/stiga-ultra-overgrip\/#breadcrumb","itemListElement":[{"@type":"ListItem","position":1,"name":"Hem","item":"https:\/\/nordicpadel.com\/sv\/"},{"@type":"ListItem","position":2,"name":"Shop","item":"https:\/\/nordicpadel.com\/sv\/shop\/"},{"@type":"ListItem","position":3,"name":"STIGA Ultra Overgrip"}]},{"@type":"WebSite","@id":"https:\/\/nordicpadel.com\/sv\/#website","url":"https:\/\/nordicpadel.com\/sv\/","name":"Nordic Padel","description":"","publisher":{"@id":"https:\/\/nordicpadel.com\/sv\/#organization"},"potentialAction":[{"@type":"SearchAction","target":{"@type":"EntryPoint","urlTemplate":"https:\/\/nordicpadel.com\/sv\/?s={search_term_string}"},"query-input":"required name=search_term_string"}],"inLanguage":"sv-SE"},{"@type":"Organization","@id":"https:\/\/nordicpadel.com\/sv\/#organization","name":"Nordic Padel","url":"https:\/\/nordicpadel.com\/sv\/","logo":{"@type":"ImageObject","inLanguage":"sv-SE","@id":"https:\/\/nordicpadel.com\/sv\/#\/schema\/logo\/image\/","url":"https:\/\/nordicpadel.com\/sv\/wp-content\/uploads\/sites\/10\/2022\/12\/Nordic-Padel-small_1-1.png","contentUrl":"https:\/\/nordicpadel.com\/sv\/wp-content\/uploads\/sites\/10\/2022\/12\/Nordic-Padel-small_1-1.png","width":400,"height":119,"caption":"Nordic Padel"},"image":{"@id":"https:\/\/nordicpadel.com\/sv\/#\/schema\/logo\/image\/"}}]}},"brands":[],"_links":{"self":[{"href":"https:\/\/nordicpadel.com\/sv\/wp-json\/wp\/v2\/product\/86825","targetHints":{"allow":["GET"]}}],"collection":[{"href":"https:\/\/nordicpadel.com\/sv\/wp-json\/wp\/v2\/product"}],"about":[{"href":"https:\/\/nordicpadel.com\/sv\/wp-json\/wp\/v2\/types\/product"}],"replies":[{"embeddable":true,"href":"https:\/\/nordicpadel.com\/sv\/wp-json\/wp\/v2\/comments?post=86825"}],"wp:featuredmedia":[{"embeddable":true,"href":"https:\/\/nordicpadel.com\/sv\/wp-json\/wp\/v2\/media\/86819"}],"wp:attachment":[{"href":"https:\/\/nordicpadel.com\/sv\/wp-json\/wp\/v2\/media?parent=86825"}],"wp:term":[{"taxonomy":"pwb-brand","embeddable":true,"href":"https:\/\/nordicpadel.com\/sv\/wp-json\/wp\/v2\/pwb-brand?post=86825"},{"taxonomy":"product_cat","embeddable":true,"href":"https:\/\/nordicpadel.com\/sv\/wp-json\/wp\/v2\/product_cat?post=86825"},{"taxonomy":"product_tag","embeddable":true,"href":"https:\/\/nordicpadel.com\/sv\/wp-json\/wp\/v2\/product_tag?post=86825"},{"taxonomy":"woo-feed-brand","embeddable":true,"href":"https:\/\/nordicpadel.com\/sv\/wp-json\/wp\/v2\/woo-feed-brand?post=86825"}],"curies":[{"name":"wp","href":"https:\/\/api.w.org\/{rel}","templated":true}]}}