{"id":86806,"date":"2025-11-26T17:03:34","date_gmt":"2025-11-26T16:03:34","guid":{"rendered":"https:\/\/nordicpadel.com\/sv\/product\/wilson-bela-team\/"},"modified":"2025-11-27T16:45:36","modified_gmt":"2025-11-27T15:45:36","slug":"wilson-bela-team","status":"publish","type":"product","link":"https:\/\/nordicpadel.com\/sv\/product\/wilson-bela-team\/","title":{"rendered":"Wilson Bela Team"},"content":{"rendered":"<p>Wilson Bela Team \u00e4r det sn\u00e4llaste racket i Wilsons Bela-serie. Till skillnad fr\u00e5n Pro och Elite har Team en tr\u00e4ffyta i glasfiber ist\u00e4llet f\u00f6r kolfiber. Detta g\u00f6r Bela Team till det mest f\u00f6rl\u00e5tande <a href=\"https:\/\/nordicpadel.com\/sv\/product-category\/padelracket\/\">padelracket<\/a> i Bela-serien och passar nyb\u00f6rjare samt motion\u00e4rer som vill ha ett diamantformat <a href=\"https:\/\/nordicpadel.com\/sv\/product-category\/padelracket\/\">padelracket<\/a> med en h\u00f6g komfort i tr\u00e4ffen. Glasfiberytan hj\u00e4lper ocks\u00e5 spelare som har problem att sj\u00e4lva s\u00e4tta fart p\u00e5 bollen. Likt sina syskon i Bela-serien har Bela Team den strukturerade Arrow Head-ytan som ger mer spinn i slagen. Dessutom har racket en mjuk k\u00e4rna, vilket ger en sk\u00f6n k\u00e4nsla i bolltr\u00e4ffen samtidigt som det g\u00f6r racket mer skonsamt mot armb\u00e5gen.<br id=\"isPasted\"><br \/>Racket \u00e4r som sagt diamantformat, vilket st\u00e4ller n\u00e5got h\u00f6gre kvar p\u00e5 spelaren. Formen medf\u00f6r en mindre sweet spot men erbjuder ist\u00e4llet ordentligt med fart i slaget d\u00e5 spelaren kommer r\u00e4tt i tr\u00e4ffen. Med det sagt ger Bela Team erbjuder en f\u00f6rv\u00e5nansv\u00e4rt bra kontroll och precision i det defensiva spelet om man j\u00e4mf\u00f6r med m\u00e5nga andra diamantformade racketar p\u00e5 marknaden.<\/p>\n","protected":false},"excerpt":{"rendered":"<p>Wilson Bela Team \u00e4r det sn\u00e4llaste racket i Wilsons Bela-serie. Till skillnad fr\u00e5n Pro och Elite har Team en tr\u00e4ffyta i glasfiber ist\u00e4llet f\u00f6r kolfiber. Detta g\u00f6r Bela Team till det mest f\u00f6rl\u00e5tande padelracket i Bela-serien och passar nyb\u00f6rjare samt motion\u00e4rer som vill ha ett diamantformat padelracket med en h\u00f6g komfort i tr\u00e4ffen. Glasfiberytan hj\u00e4lper [&hellip;]<\/p>\n","protected":false},"featured_media":86802,"comment_status":"open","ping_status":"closed","template":"","meta":[],"pwb-brand":[],"product_cat":[16],"product_tag":[],"woo-feed-brand":[],"class_list":{"0":"post-86806","1":"product","2":"type-product","3":"status-publish","4":"has-post-thumbnail","6":"product_cat-padelracket","7":"pa_varumarke-wilson","9":"first","10":"outofstock","11":"sale","12":"taxable","13":"shipping-taxable","14":"purchasable","15":"product-type-simple"},"bundled_by":[],"bundle_stock_status":"outofstock","bundle_stock_quantity":0,"bundle_virtual":false,"bundle_layout":"","bundle_add_to_cart_form_location":"","bundle_editable_in_cart":false,"bundle_sold_individually_context":"","bundle_item_grouping":"","bundle_min_size":"","bundle_max_size":"","bundled_items":[],"bundle_sell_ids":[],"acf":[],"yoast_head":"<!-- This site is optimized with the Yoast SEO plugin v23.1 - https:\/\/yoast.com\/wordpress\/plugins\/seo\/ -->\n<title>Wilson Bela Team - Nordic Padel<\/title>\n<meta name=\"robots\" content=\"index, follow, max-snippet:-1, max-image-preview:large, max-video-preview:-1\" \/>\n<link rel=\"canonical\" href=\"https:\/\/nordicpadel.com\/sv\/product\/wilson-bela-team\/\" \/>\n<meta property=\"og:locale\" content=\"sv_SE\" \/>\n<meta property=\"og:type\" content=\"article\" \/>\n<meta property=\"og:title\" content=\"Wilson Bela Team - Nordic Padel\" \/>\n<meta property=\"og:description\" content=\"Wilson Bela Team \u00e4r det sn\u00e4llaste racket i Wilsons Bela-serie. Till skillnad fr\u00e5n Pro och Elite har Team en tr\u00e4ffyta i glasfiber ist\u00e4llet f\u00f6r kolfiber. Detta g\u00f6r Bela Team till det mest f\u00f6rl\u00e5tande padelracket i Bela-serien och passar nyb\u00f6rjare samt motion\u00e4rer som vill ha ett diamantformat padelracket med en h\u00f6g komfort i tr\u00e4ffen. Glasfiberytan hj\u00e4lper [&hellip;]\" \/>\n<meta property=\"og:url\" content=\"https:\/\/nordicpadel.com\/sv\/product\/wilson-bela-team\/\" \/>\n<meta property=\"og:site_name\" content=\"Nordic Padel\" \/>\n<meta property=\"article:modified_time\" content=\"2025-11-27T15:45:36+00:00\" \/>\n<meta property=\"og:image\" content=\"https:\/\/nordicpadel.com\/sv\/wp-content\/uploads\/sites\/10\/2025\/11\/dc9d08c32d73d3edf282f20a327e7000.png\" \/>\n\t<meta property=\"og:image:width\" content=\"800\" \/>\n\t<meta property=\"og:image:height\" content=\"800\" \/>\n\t<meta property=\"og:image:type\" content=\"image\/png\" \/>\n<meta name=\"twitter:card\" content=\"summary_large_image\" \/>\n<meta name=\"twitter:label1\" content=\"Ber\u00e4knad l\u00e4stid\" \/>\n\t<meta name=\"twitter:data1\" content=\"1 minut\" \/>\n<script type=\"application\/ld+json\" class=\"yoast-schema-graph\">{\"@context\":\"https:\/\/schema.org\",\"@graph\":[{\"@type\":\"WebPage\",\"@id\":\"https:\/\/nordicpadel.com\/sv\/product\/wilson-bela-team\/\",\"url\":\"https:\/\/nordicpadel.com\/sv\/product\/wilson-bela-team\/\",\"name\":\"Wilson Bela Team - Nordic Padel\",\"isPartOf\":{\"@id\":\"https:\/\/nordicpadel.com\/sv\/#website\"},\"primaryImageOfPage\":{\"@id\":\"https:\/\/nordicpadel.com\/sv\/product\/wilson-bela-team\/#primaryimage\"},\"image\":{\"@id\":\"https:\/\/nordicpadel.com\/sv\/product\/wilson-bela-team\/#primaryimage\"},\"thumbnailUrl\":\"https:\/\/nordicpadel.com\/sv\/wp-content\/uploads\/sites\/10\/2025\/11\/dc9d08c32d73d3edf282f20a327e7000.png\",\"datePublished\":\"2025-11-26T16:03:34+00:00\",\"dateModified\":\"2025-11-27T15:45:36+00:00\",\"breadcrumb\":{\"@id\":\"https:\/\/nordicpadel.com\/sv\/product\/wilson-bela-team\/#breadcrumb\"},\"inLanguage\":\"sv-SE\",\"potentialAction\":[{\"@type\":\"ReadAction\",\"target\":[\"https:\/\/nordicpadel.com\/sv\/product\/wilson-bela-team\/\"]}]},{\"@type\":\"ImageObject\",\"inLanguage\":\"sv-SE\",\"@id\":\"https:\/\/nordicpadel.com\/sv\/product\/wilson-bela-team\/#primaryimage\",\"url\":\"https:\/\/nordicpadel.com\/sv\/wp-content\/uploads\/sites\/10\/2025\/11\/dc9d08c32d73d3edf282f20a327e7000.png\",\"contentUrl\":\"https:\/\/nordicpadel.com\/sv\/wp-content\/uploads\/sites\/10\/2025\/11\/dc9d08c32d73d3edf282f20a327e7000.png\",\"width\":800,\"height\":800,\"caption\":\"Wilson Bela Team\"},{\"@type\":\"BreadcrumbList\",\"@id\":\"https:\/\/nordicpadel.com\/sv\/product\/wilson-bela-team\/#breadcrumb\",\"itemListElement\":[{\"@type\":\"ListItem\",\"position\":1,\"name\":\"Hem\",\"item\":\"https:\/\/nordicpadel.com\/sv\/\"},{\"@type\":\"ListItem\",\"position\":2,\"name\":\"Shop\",\"item\":\"https:\/\/nordicpadel.com\/sv\/shop\/\"},{\"@type\":\"ListItem\",\"position\":3,\"name\":\"Wilson Bela Team\"}]},{\"@type\":\"WebSite\",\"@id\":\"https:\/\/nordicpadel.com\/sv\/#website\",\"url\":\"https:\/\/nordicpadel.com\/sv\/\",\"name\":\"Nordic Padel\",\"description\":\"\",\"publisher\":{\"@id\":\"https:\/\/nordicpadel.com\/sv\/#organization\"},\"potentialAction\":[{\"@type\":\"SearchAction\",\"target\":{\"@type\":\"EntryPoint\",\"urlTemplate\":\"https:\/\/nordicpadel.com\/sv\/?s={search_term_string}\"},\"query-input\":\"required name=search_term_string\"}],\"inLanguage\":\"sv-SE\"},{\"@type\":\"Organization\",\"@id\":\"https:\/\/nordicpadel.com\/sv\/#organization\",\"name\":\"Nordic Padel\",\"url\":\"https:\/\/nordicpadel.com\/sv\/\",\"logo\":{\"@type\":\"ImageObject\",\"inLanguage\":\"sv-SE\",\"@id\":\"https:\/\/nordicpadel.com\/sv\/#\/schema\/logo\/image\/\",\"url\":\"https:\/\/nordicpadel.com\/sv\/wp-content\/uploads\/sites\/10\/2022\/12\/Nordic-Padel-small_1-1.png\",\"contentUrl\":\"https:\/\/nordicpadel.com\/sv\/wp-content\/uploads\/sites\/10\/2022\/12\/Nordic-Padel-small_1-1.png\",\"width\":400,\"height\":119,\"caption\":\"Nordic Padel\"},\"image\":{\"@id\":\"https:\/\/nordicpadel.com\/sv\/#\/schema\/logo\/image\/\"}}]}<\/script>\n<!-- \/ Yoast SEO plugin. -->","yoast_head_json":{"title":"Wilson Bela Team - Nordic Padel","robots":{"index":"index","follow":"follow","max-snippet":"max-snippet:-1","max-image-preview":"max-image-preview:large","max-video-preview":"max-video-preview:-1"},"canonical":"https:\/\/nordicpadel.com\/sv\/product\/wilson-bela-team\/","og_locale":"sv_SE","og_type":"article","og_title":"Wilson Bela Team - Nordic Padel","og_description":"Wilson Bela Team \u00e4r det sn\u00e4llaste racket i Wilsons Bela-serie. Till skillnad fr\u00e5n Pro och Elite har Team en tr\u00e4ffyta i glasfiber ist\u00e4llet f\u00f6r kolfiber. Detta g\u00f6r Bela Team till det mest f\u00f6rl\u00e5tande padelracket i Bela-serien och passar nyb\u00f6rjare samt motion\u00e4rer som vill ha ett diamantformat padelracket med en h\u00f6g komfort i tr\u00e4ffen. Glasfiberytan hj\u00e4lper [&hellip;]","og_url":"https:\/\/nordicpadel.com\/sv\/product\/wilson-bela-team\/","og_site_name":"Nordic Padel","article_modified_time":"2025-11-27T15:45:36+00:00","og_image":[{"width":800,"height":800,"url":"https:\/\/nordicpadel.com\/sv\/wp-content\/uploads\/sites\/10\/2025\/11\/dc9d08c32d73d3edf282f20a327e7000.png","type":"image\/png"}],"twitter_card":"summary_large_image","twitter_misc":{"Ber\u00e4knad l\u00e4stid":"1 minut"},"schema":{"@context":"https:\/\/schema.org","@graph":[{"@type":"WebPage","@id":"https:\/\/nordicpadel.com\/sv\/product\/wilson-bela-team\/","url":"https:\/\/nordicpadel.com\/sv\/product\/wilson-bela-team\/","name":"Wilson Bela Team - Nordic Padel","isPartOf":{"@id":"https:\/\/nordicpadel.com\/sv\/#website"},"primaryImageOfPage":{"@id":"https:\/\/nordicpadel.com\/sv\/product\/wilson-bela-team\/#primaryimage"},"image":{"@id":"https:\/\/nordicpadel.com\/sv\/product\/wilson-bela-team\/#primaryimage"},"thumbnailUrl":"https:\/\/nordicpadel.com\/sv\/wp-content\/uploads\/sites\/10\/2025\/11\/dc9d08c32d73d3edf282f20a327e7000.png","datePublished":"2025-11-26T16:03:34+00:00","dateModified":"2025-11-27T15:45:36+00:00","breadcrumb":{"@id":"https:\/\/nordicpadel.com\/sv\/product\/wilson-bela-team\/#breadcrumb"},"inLanguage":"sv-SE","potentialAction":[{"@type":"ReadAction","target":["https:\/\/nordicpadel.com\/sv\/product\/wilson-bela-team\/"]}]},{"@type":"ImageObject","inLanguage":"sv-SE","@id":"https:\/\/nordicpadel.com\/sv\/product\/wilson-bela-team\/#primaryimage","url":"https:\/\/nordicpadel.com\/sv\/wp-content\/uploads\/sites\/10\/2025\/11\/dc9d08c32d73d3edf282f20a327e7000.png","contentUrl":"https:\/\/nordicpadel.com\/sv\/wp-content\/uploads\/sites\/10\/2025\/11\/dc9d08c32d73d3edf282f20a327e7000.png","width":800,"height":800,"caption":"Wilson Bela Team"},{"@type":"BreadcrumbList","@id":"https:\/\/nordicpadel.com\/sv\/product\/wilson-bela-team\/#breadcrumb","itemListElement":[{"@type":"ListItem","position":1,"name":"Hem","item":"https:\/\/nordicpadel.com\/sv\/"},{"@type":"ListItem","position":2,"name":"Shop","item":"https:\/\/nordicpadel.com\/sv\/shop\/"},{"@type":"ListItem","position":3,"name":"Wilson Bela Team"}]},{"@type":"WebSite","@id":"https:\/\/nordicpadel.com\/sv\/#website","url":"https:\/\/nordicpadel.com\/sv\/","name":"Nordic Padel","description":"","publisher":{"@id":"https:\/\/nordicpadel.com\/sv\/#organization"},"potentialAction":[{"@type":"SearchAction","target":{"@type":"EntryPoint","urlTemplate":"https:\/\/nordicpadel.com\/sv\/?s={search_term_string}"},"query-input":"required name=search_term_string"}],"inLanguage":"sv-SE"},{"@type":"Organization","@id":"https:\/\/nordicpadel.com\/sv\/#organization","name":"Nordic Padel","url":"https:\/\/nordicpadel.com\/sv\/","logo":{"@type":"ImageObject","inLanguage":"sv-SE","@id":"https:\/\/nordicpadel.com\/sv\/#\/schema\/logo\/image\/","url":"https:\/\/nordicpadel.com\/sv\/wp-content\/uploads\/sites\/10\/2022\/12\/Nordic-Padel-small_1-1.png","contentUrl":"https:\/\/nordicpadel.com\/sv\/wp-content\/uploads\/sites\/10\/2022\/12\/Nordic-Padel-small_1-1.png","width":400,"height":119,"caption":"Nordic Padel"},"image":{"@id":"https:\/\/nordicpadel.com\/sv\/#\/schema\/logo\/image\/"}}]}},"brands":[],"_links":{"self":[{"href":"https:\/\/nordicpadel.com\/sv\/wp-json\/wp\/v2\/product\/86806","targetHints":{"allow":["GET"]}}],"collection":[{"href":"https:\/\/nordicpadel.com\/sv\/wp-json\/wp\/v2\/product"}],"about":[{"href":"https:\/\/nordicpadel.com\/sv\/wp-json\/wp\/v2\/types\/product"}],"replies":[{"embeddable":true,"href":"https:\/\/nordicpadel.com\/sv\/wp-json\/wp\/v2\/comments?post=86806"}],"wp:featuredmedia":[{"embeddable":true,"href":"https:\/\/nordicpadel.com\/sv\/wp-json\/wp\/v2\/media\/86802"}],"wp:attachment":[{"href":"https:\/\/nordicpadel.com\/sv\/wp-json\/wp\/v2\/media?parent=86806"}],"wp:term":[{"taxonomy":"pwb-brand","embeddable":true,"href":"https:\/\/nordicpadel.com\/sv\/wp-json\/wp\/v2\/pwb-brand?post=86806"},{"taxonomy":"product_cat","embeddable":true,"href":"https:\/\/nordicpadel.com\/sv\/wp-json\/wp\/v2\/product_cat?post=86806"},{"taxonomy":"product_tag","embeddable":true,"href":"https:\/\/nordicpadel.com\/sv\/wp-json\/wp\/v2\/product_tag?post=86806"},{"taxonomy":"woo-feed-brand","embeddable":true,"href":"https:\/\/nordicpadel.com\/sv\/wp-json\/wp\/v2\/woo-feed-brand?post=86806"}],"curies":[{"name":"wp","href":"https:\/\/api.w.org\/{rel}","templated":true}]}}