{"id":86797,"date":"2025-11-26T17:03:24","date_gmt":"2025-11-26T16:03:24","guid":{"rendered":"https:\/\/nordicpadel.com\/sv\/product\/gorilla-grip-gold-towel\/"},"modified":"2026-03-29T22:33:36","modified_gmt":"2026-03-29T21:33:36","slug":"gorilla-grip-gold-towel","status":"publish","type":"product","link":"https:\/\/nordicpadel.com\/sv\/product\/gorilla-grip-gold-towel\/","title":{"rendered":"Gorilla Grip Gold Towel"},"content":{"rendered":"<p>Revolutionerande handduk f\u00f6r b\u00e4sta padelgrepp. K\u00f6p en handduk som motverkar svett i handflatan n\u00e4r du spelar padel. Den patenterade handuken ger dig optimalt grepp p\u00e5 din padelracket eller tennisracket. Se till att torka h\u00e4nderna med denna handduk med j\u00e4mna mellanrum f\u00f6r att f\u00e5 b\u00e4sta m\u00f6jliga grepp.<\/p>\n","protected":false},"excerpt":{"rendered":"<p>Revolutionerande handduk f\u00f6r b\u00e4sta padelgrepp. K\u00f6p en handduk som motverkar svett i handflatan n\u00e4r du spelar padel. Den patenterade handuken ger dig optimalt grepp p\u00e5 din padelracket eller tennisracket. Se till att torka h\u00e4nderna med denna handduk med j\u00e4mna mellanrum f\u00f6r att f\u00e5 b\u00e4sta m\u00f6jliga grepp.<\/p>\n","protected":false},"featured_media":86796,"comment_status":"open","ping_status":"closed","template":"","meta":[],"pwb-brand":[],"product_cat":[43],"product_tag":[],"woo-feed-brand":[],"class_list":{"0":"post-86797","1":"product","2":"type-product","3":"status-publish","4":"has-post-thumbnail","6":"product_cat-grepplindor","7":"pa_varumarke-youpadel","9":"first","10":"instock","11":"taxable","12":"shipping-taxable","13":"purchasable","14":"product-type-simple"},"bundled_by":[],"bundle_stock_status":"instock","bundle_stock_quantity":13,"bundle_virtual":false,"bundle_layout":"","bundle_add_to_cart_form_location":"","bundle_editable_in_cart":false,"bundle_sold_individually_context":"","bundle_item_grouping":"","bundle_min_size":"","bundle_max_size":"","bundled_items":[],"bundle_sell_ids":[],"acf":[],"yoast_head":"<!-- This site is optimized with the Yoast SEO plugin v23.1 - https:\/\/yoast.com\/wordpress\/plugins\/seo\/ -->\n<title>Gorilla Grip Gold Towel - Nordic Padel<\/title>\n<meta name=\"robots\" content=\"index, follow, max-snippet:-1, max-image-preview:large, max-video-preview:-1\" \/>\n<link rel=\"canonical\" href=\"https:\/\/nordicpadel.com\/sv\/product\/gorilla-grip-gold-towel\/\" \/>\n<meta property=\"og:locale\" content=\"sv_SE\" \/>\n<meta property=\"og:type\" content=\"article\" \/>\n<meta property=\"og:title\" content=\"Gorilla Grip Gold Towel - Nordic Padel\" \/>\n<meta property=\"og:description\" content=\"Revolutionerande handduk f\u00f6r b\u00e4sta padelgrepp. K\u00f6p en handduk som motverkar svett i handflatan n\u00e4r du spelar padel. Den patenterade handuken ger dig optimalt grepp p\u00e5 din padelracket eller tennisracket. Se till att torka h\u00e4nderna med denna handduk med j\u00e4mna mellanrum f\u00f6r att f\u00e5 b\u00e4sta m\u00f6jliga grepp.\" \/>\n<meta property=\"og:url\" content=\"https:\/\/nordicpadel.com\/sv\/product\/gorilla-grip-gold-towel\/\" \/>\n<meta property=\"og:site_name\" content=\"Nordic Padel\" \/>\n<meta property=\"article:modified_time\" content=\"2026-03-29T21:33:36+00:00\" \/>\n<meta name=\"twitter:card\" content=\"summary_large_image\" \/>\n<script type=\"application\/ld+json\" class=\"yoast-schema-graph\">{\"@context\":\"https:\/\/schema.org\",\"@graph\":[{\"@type\":\"WebPage\",\"@id\":\"https:\/\/nordicpadel.com\/sv\/product\/gorilla-grip-gold-towel\/\",\"url\":\"https:\/\/nordicpadel.com\/sv\/product\/gorilla-grip-gold-towel\/\",\"name\":\"Gorilla Grip Gold Towel - Nordic Padel\",\"isPartOf\":{\"@id\":\"https:\/\/nordicpadel.com\/sv\/#website\"},\"primaryImageOfPage\":{\"@id\":\"https:\/\/nordicpadel.com\/sv\/product\/gorilla-grip-gold-towel\/#primaryimage\"},\"image\":{\"@id\":\"https:\/\/nordicpadel.com\/sv\/product\/gorilla-grip-gold-towel\/#primaryimage\"},\"thumbnailUrl\":\"https:\/\/nordicpadel.com\/sv\/wp-content\/uploads\/sites\/10\/2025\/11\/a45099b8c2621ab3b60977fd45c3b456.png\",\"datePublished\":\"2025-11-26T16:03:24+00:00\",\"dateModified\":\"2026-03-29T21:33:36+00:00\",\"breadcrumb\":{\"@id\":\"https:\/\/nordicpadel.com\/sv\/product\/gorilla-grip-gold-towel\/#breadcrumb\"},\"inLanguage\":\"sv-SE\",\"potentialAction\":[{\"@type\":\"ReadAction\",\"target\":[\"https:\/\/nordicpadel.com\/sv\/product\/gorilla-grip-gold-towel\/\"]}]},{\"@type\":\"ImageObject\",\"inLanguage\":\"sv-SE\",\"@id\":\"https:\/\/nordicpadel.com\/sv\/product\/gorilla-grip-gold-towel\/#primaryimage\",\"url\":\"https:\/\/nordicpadel.com\/sv\/wp-content\/uploads\/sites\/10\/2025\/11\/a45099b8c2621ab3b60977fd45c3b456.png\",\"contentUrl\":\"https:\/\/nordicpadel.com\/sv\/wp-content\/uploads\/sites\/10\/2025\/11\/a45099b8c2621ab3b60977fd45c3b456.png\",\"width\":800,\"height\":800,\"caption\":\"Gorilla Grip Gold Towel\"},{\"@type\":\"BreadcrumbList\",\"@id\":\"https:\/\/nordicpadel.com\/sv\/product\/gorilla-grip-gold-towel\/#breadcrumb\",\"itemListElement\":[{\"@type\":\"ListItem\",\"position\":1,\"name\":\"Hem\",\"item\":\"https:\/\/nordicpadel.com\/sv\/\"},{\"@type\":\"ListItem\",\"position\":2,\"name\":\"Shop\",\"item\":\"https:\/\/nordicpadel.com\/sv\/shop\/\"},{\"@type\":\"ListItem\",\"position\":3,\"name\":\"Gorilla Grip Gold Towel\"}]},{\"@type\":\"WebSite\",\"@id\":\"https:\/\/nordicpadel.com\/sv\/#website\",\"url\":\"https:\/\/nordicpadel.com\/sv\/\",\"name\":\"Nordic Padel\",\"description\":\"\",\"publisher\":{\"@id\":\"https:\/\/nordicpadel.com\/sv\/#organization\"},\"potentialAction\":[{\"@type\":\"SearchAction\",\"target\":{\"@type\":\"EntryPoint\",\"urlTemplate\":\"https:\/\/nordicpadel.com\/sv\/?s={search_term_string}\"},\"query-input\":\"required name=search_term_string\"}],\"inLanguage\":\"sv-SE\"},{\"@type\":\"Organization\",\"@id\":\"https:\/\/nordicpadel.com\/sv\/#organization\",\"name\":\"Nordic Padel\",\"url\":\"https:\/\/nordicpadel.com\/sv\/\",\"logo\":{\"@type\":\"ImageObject\",\"inLanguage\":\"sv-SE\",\"@id\":\"https:\/\/nordicpadel.com\/sv\/#\/schema\/logo\/image\/\",\"url\":\"https:\/\/nordicpadel.com\/sv\/wp-content\/uploads\/sites\/10\/2022\/12\/Nordic-Padel-small_1-1.png\",\"contentUrl\":\"https:\/\/nordicpadel.com\/sv\/wp-content\/uploads\/sites\/10\/2022\/12\/Nordic-Padel-small_1-1.png\",\"width\":400,\"height\":119,\"caption\":\"Nordic Padel\"},\"image\":{\"@id\":\"https:\/\/nordicpadel.com\/sv\/#\/schema\/logo\/image\/\"}}]}<\/script>\n<!-- \/ Yoast SEO plugin. -->","yoast_head_json":{"title":"Gorilla Grip Gold Towel - Nordic Padel","robots":{"index":"index","follow":"follow","max-snippet":"max-snippet:-1","max-image-preview":"max-image-preview:large","max-video-preview":"max-video-preview:-1"},"canonical":"https:\/\/nordicpadel.com\/sv\/product\/gorilla-grip-gold-towel\/","og_locale":"sv_SE","og_type":"article","og_title":"Gorilla Grip Gold Towel - Nordic Padel","og_description":"Revolutionerande handduk f\u00f6r b\u00e4sta padelgrepp. K\u00f6p en handduk som motverkar svett i handflatan n\u00e4r du spelar padel. Den patenterade handuken ger dig optimalt grepp p\u00e5 din padelracket eller tennisracket. Se till att torka h\u00e4nderna med denna handduk med j\u00e4mna mellanrum f\u00f6r att f\u00e5 b\u00e4sta m\u00f6jliga grepp.","og_url":"https:\/\/nordicpadel.com\/sv\/product\/gorilla-grip-gold-towel\/","og_site_name":"Nordic Padel","article_modified_time":"2026-03-29T21:33:36+00:00","twitter_card":"summary_large_image","schema":{"@context":"https:\/\/schema.org","@graph":[{"@type":"WebPage","@id":"https:\/\/nordicpadel.com\/sv\/product\/gorilla-grip-gold-towel\/","url":"https:\/\/nordicpadel.com\/sv\/product\/gorilla-grip-gold-towel\/","name":"Gorilla Grip Gold Towel - Nordic Padel","isPartOf":{"@id":"https:\/\/nordicpadel.com\/sv\/#website"},"primaryImageOfPage":{"@id":"https:\/\/nordicpadel.com\/sv\/product\/gorilla-grip-gold-towel\/#primaryimage"},"image":{"@id":"https:\/\/nordicpadel.com\/sv\/product\/gorilla-grip-gold-towel\/#primaryimage"},"thumbnailUrl":"https:\/\/nordicpadel.com\/sv\/wp-content\/uploads\/sites\/10\/2025\/11\/a45099b8c2621ab3b60977fd45c3b456.png","datePublished":"2025-11-26T16:03:24+00:00","dateModified":"2026-03-29T21:33:36+00:00","breadcrumb":{"@id":"https:\/\/nordicpadel.com\/sv\/product\/gorilla-grip-gold-towel\/#breadcrumb"},"inLanguage":"sv-SE","potentialAction":[{"@type":"ReadAction","target":["https:\/\/nordicpadel.com\/sv\/product\/gorilla-grip-gold-towel\/"]}]},{"@type":"ImageObject","inLanguage":"sv-SE","@id":"https:\/\/nordicpadel.com\/sv\/product\/gorilla-grip-gold-towel\/#primaryimage","url":"https:\/\/nordicpadel.com\/sv\/wp-content\/uploads\/sites\/10\/2025\/11\/a45099b8c2621ab3b60977fd45c3b456.png","contentUrl":"https:\/\/nordicpadel.com\/sv\/wp-content\/uploads\/sites\/10\/2025\/11\/a45099b8c2621ab3b60977fd45c3b456.png","width":800,"height":800,"caption":"Gorilla Grip Gold Towel"},{"@type":"BreadcrumbList","@id":"https:\/\/nordicpadel.com\/sv\/product\/gorilla-grip-gold-towel\/#breadcrumb","itemListElement":[{"@type":"ListItem","position":1,"name":"Hem","item":"https:\/\/nordicpadel.com\/sv\/"},{"@type":"ListItem","position":2,"name":"Shop","item":"https:\/\/nordicpadel.com\/sv\/shop\/"},{"@type":"ListItem","position":3,"name":"Gorilla Grip Gold Towel"}]},{"@type":"WebSite","@id":"https:\/\/nordicpadel.com\/sv\/#website","url":"https:\/\/nordicpadel.com\/sv\/","name":"Nordic Padel","description":"","publisher":{"@id":"https:\/\/nordicpadel.com\/sv\/#organization"},"potentialAction":[{"@type":"SearchAction","target":{"@type":"EntryPoint","urlTemplate":"https:\/\/nordicpadel.com\/sv\/?s={search_term_string}"},"query-input":"required name=search_term_string"}],"inLanguage":"sv-SE"},{"@type":"Organization","@id":"https:\/\/nordicpadel.com\/sv\/#organization","name":"Nordic Padel","url":"https:\/\/nordicpadel.com\/sv\/","logo":{"@type":"ImageObject","inLanguage":"sv-SE","@id":"https:\/\/nordicpadel.com\/sv\/#\/schema\/logo\/image\/","url":"https:\/\/nordicpadel.com\/sv\/wp-content\/uploads\/sites\/10\/2022\/12\/Nordic-Padel-small_1-1.png","contentUrl":"https:\/\/nordicpadel.com\/sv\/wp-content\/uploads\/sites\/10\/2022\/12\/Nordic-Padel-small_1-1.png","width":400,"height":119,"caption":"Nordic Padel"},"image":{"@id":"https:\/\/nordicpadel.com\/sv\/#\/schema\/logo\/image\/"}}]}},"brands":[],"_links":{"self":[{"href":"https:\/\/nordicpadel.com\/sv\/wp-json\/wp\/v2\/product\/86797","targetHints":{"allow":["GET"]}}],"collection":[{"href":"https:\/\/nordicpadel.com\/sv\/wp-json\/wp\/v2\/product"}],"about":[{"href":"https:\/\/nordicpadel.com\/sv\/wp-json\/wp\/v2\/types\/product"}],"replies":[{"embeddable":true,"href":"https:\/\/nordicpadel.com\/sv\/wp-json\/wp\/v2\/comments?post=86797"}],"wp:featuredmedia":[{"embeddable":true,"href":"https:\/\/nordicpadel.com\/sv\/wp-json\/wp\/v2\/media\/86796"}],"wp:attachment":[{"href":"https:\/\/nordicpadel.com\/sv\/wp-json\/wp\/v2\/media?parent=86797"}],"wp:term":[{"taxonomy":"pwb-brand","embeddable":true,"href":"https:\/\/nordicpadel.com\/sv\/wp-json\/wp\/v2\/pwb-brand?post=86797"},{"taxonomy":"product_cat","embeddable":true,"href":"https:\/\/nordicpadel.com\/sv\/wp-json\/wp\/v2\/product_cat?post=86797"},{"taxonomy":"product_tag","embeddable":true,"href":"https:\/\/nordicpadel.com\/sv\/wp-json\/wp\/v2\/product_tag?post=86797"},{"taxonomy":"woo-feed-brand","embeddable":true,"href":"https:\/\/nordicpadel.com\/sv\/wp-json\/wp\/v2\/woo-feed-brand?post=86797"}],"curies":[{"name":"wp","href":"https:\/\/api.w.org\/{rel}","templated":true}]}}