{"id":86781,"date":"2025-11-26T17:03:09","date_gmt":"2025-11-26T16:03:09","guid":{"rendered":"https:\/\/nordicpadel.com\/sv\/product\/nike-court-drifit-victory-t-shirt\/"},"modified":"2025-11-27T16:48:36","modified_gmt":"2025-11-27T15:48:36","slug":"nike-court-drifit-victory-t-shirt","status":"publish","type":"product","link":"https:\/\/nordicpadel.com\/sv\/product\/nike-court-drifit-victory-t-shirt\/","title":{"rendered":"Nike Court DriFit Victory T-shirt"},"content":{"rendered":"<p>Riktigt snygg marinbl\u00e5 tennistr\u00f6ja med kort \u00e4rm f\u00f6r m\u00e4n. Den randiga designen g\u00f6r verkligen ett tufft intryck med pricks\u00e4ker design och komfort kommer Nike ta dig till nya h\u00f6jder p\u00e5 tennisbanan eller padelbanan. V-ringad hals och lagom strecth i det 100% \u00e5tervunna funktionsmaterialet. Tips: Matcha ihop med ett par vita eller bl\u00e5 shorts. F\u00e4rg: Marinbl\u00e5 Material: 100% \u00c5tervunnen Polyester Tv\u00e4ttr\u00e5d: Maskintv\u00e4tt, 40 grader syntet<\/p>\n","protected":false},"excerpt":{"rendered":"<p>Riktigt snygg marinbl\u00e5 tennistr\u00f6ja med kort \u00e4rm f\u00f6r m\u00e4n. Den randiga designen g\u00f6r verkligen ett tufft intryck med pricks\u00e4ker design och komfort kommer Nike ta dig till nya h\u00f6jder p\u00e5 tennisbanan eller padelbanan. V-ringad hals och lagom strecth i det 100% \u00e5tervunna funktionsmaterialet. Tips: Matcha ihop med ett par vita eller bl\u00e5 shorts. F\u00e4rg: Marinbl\u00e5 [&hellip;]<\/p>\n","protected":false},"featured_media":86778,"comment_status":"open","ping_status":"closed","template":"","meta":[],"pwb-brand":[],"product_cat":[40,471],"product_tag":[],"woo-feed-brand":[],"class_list":{"0":"post-86781","1":"product","2":"type-product","3":"status-publish","4":"has-post-thumbnail","6":"product_cat-padelklader-herr","7":"product_cat-nike","8":"pa_varumarke-nike","10":"first","11":"outofstock","12":"taxable","13":"shipping-taxable","14":"product-type-variable"},"bundled_by":[],"bundle_stock_status":"outofstock","bundle_stock_quantity":0,"bundle_virtual":false,"bundle_layout":"","bundle_add_to_cart_form_location":"","bundle_editable_in_cart":false,"bundle_sold_individually_context":"","bundle_item_grouping":"","bundle_min_size":"","bundle_max_size":"","bundled_items":[],"bundle_sell_ids":[],"acf":[],"yoast_head":"<!-- This site is optimized with the Yoast SEO plugin v23.1 - https:\/\/yoast.com\/wordpress\/plugins\/seo\/ -->\n<title>Nike Court DriFit Victory T-shirt - Nordic Padel<\/title>\n<meta name=\"robots\" content=\"index, follow, max-snippet:-1, max-image-preview:large, max-video-preview:-1\" \/>\n<link rel=\"canonical\" href=\"https:\/\/nordicpadel.com\/sv\/product\/nike-court-drifit-victory-t-shirt\/\" \/>\n<meta property=\"og:locale\" content=\"sv_SE\" \/>\n<meta property=\"og:type\" content=\"article\" \/>\n<meta property=\"og:title\" content=\"Nike Court DriFit Victory T-shirt - Nordic Padel\" \/>\n<meta property=\"og:description\" content=\"Riktigt snygg marinbl\u00e5 tennistr\u00f6ja med kort \u00e4rm f\u00f6r m\u00e4n. Den randiga designen g\u00f6r verkligen ett tufft intryck med pricks\u00e4ker design och komfort kommer Nike ta dig till nya h\u00f6jder p\u00e5 tennisbanan eller padelbanan. V-ringad hals och lagom strecth i det 100% \u00e5tervunna funktionsmaterialet. Tips: Matcha ihop med ett par vita eller bl\u00e5 shorts. F\u00e4rg: Marinbl\u00e5 [&hellip;]\" \/>\n<meta property=\"og:url\" content=\"https:\/\/nordicpadel.com\/sv\/product\/nike-court-drifit-victory-t-shirt\/\" \/>\n<meta property=\"og:site_name\" content=\"Nordic Padel\" \/>\n<meta property=\"article:modified_time\" content=\"2025-11-27T15:48:36+00:00\" \/>\n<meta name=\"twitter:card\" content=\"summary_large_image\" \/>\n<script type=\"application\/ld+json\" class=\"yoast-schema-graph\">{\"@context\":\"https:\/\/schema.org\",\"@graph\":[{\"@type\":\"WebPage\",\"@id\":\"https:\/\/nordicpadel.com\/sv\/product\/nike-court-drifit-victory-t-shirt\/\",\"url\":\"https:\/\/nordicpadel.com\/sv\/product\/nike-court-drifit-victory-t-shirt\/\",\"name\":\"Nike Court DriFit Victory T-shirt - Nordic Padel\",\"isPartOf\":{\"@id\":\"https:\/\/nordicpadel.com\/sv\/#website\"},\"primaryImageOfPage\":{\"@id\":\"https:\/\/nordicpadel.com\/sv\/product\/nike-court-drifit-victory-t-shirt\/#primaryimage\"},\"image\":{\"@id\":\"https:\/\/nordicpadel.com\/sv\/product\/nike-court-drifit-victory-t-shirt\/#primaryimage\"},\"thumbnailUrl\":\"https:\/\/nordicpadel.com\/sv\/wp-content\/uploads\/sites\/10\/2025\/11\/1772be022c0fa5d44e2caf9b075ff18e.png\",\"datePublished\":\"2025-11-26T16:03:09+00:00\",\"dateModified\":\"2025-11-27T15:48:36+00:00\",\"breadcrumb\":{\"@id\":\"https:\/\/nordicpadel.com\/sv\/product\/nike-court-drifit-victory-t-shirt\/#breadcrumb\"},\"inLanguage\":\"sv-SE\",\"potentialAction\":[{\"@type\":\"ReadAction\",\"target\":[\"https:\/\/nordicpadel.com\/sv\/product\/nike-court-drifit-victory-t-shirt\/\"]}]},{\"@type\":\"ImageObject\",\"inLanguage\":\"sv-SE\",\"@id\":\"https:\/\/nordicpadel.com\/sv\/product\/nike-court-drifit-victory-t-shirt\/#primaryimage\",\"url\":\"https:\/\/nordicpadel.com\/sv\/wp-content\/uploads\/sites\/10\/2025\/11\/1772be022c0fa5d44e2caf9b075ff18e.png\",\"contentUrl\":\"https:\/\/nordicpadel.com\/sv\/wp-content\/uploads\/sites\/10\/2025\/11\/1772be022c0fa5d44e2caf9b075ff18e.png\",\"width\":800,\"height\":800,\"caption\":\"Nike Court DriFit Victory T-shirt\"},{\"@type\":\"BreadcrumbList\",\"@id\":\"https:\/\/nordicpadel.com\/sv\/product\/nike-court-drifit-victory-t-shirt\/#breadcrumb\",\"itemListElement\":[{\"@type\":\"ListItem\",\"position\":1,\"name\":\"Hem\",\"item\":\"https:\/\/nordicpadel.com\/sv\/\"},{\"@type\":\"ListItem\",\"position\":2,\"name\":\"Shop\",\"item\":\"https:\/\/nordicpadel.com\/sv\/shop\/\"},{\"@type\":\"ListItem\",\"position\":3,\"name\":\"Nike Court DriFit Victory T-shirt\"}]},{\"@type\":\"WebSite\",\"@id\":\"https:\/\/nordicpadel.com\/sv\/#website\",\"url\":\"https:\/\/nordicpadel.com\/sv\/\",\"name\":\"Nordic Padel\",\"description\":\"\",\"publisher\":{\"@id\":\"https:\/\/nordicpadel.com\/sv\/#organization\"},\"potentialAction\":[{\"@type\":\"SearchAction\",\"target\":{\"@type\":\"EntryPoint\",\"urlTemplate\":\"https:\/\/nordicpadel.com\/sv\/?s={search_term_string}\"},\"query-input\":\"required name=search_term_string\"}],\"inLanguage\":\"sv-SE\"},{\"@type\":\"Organization\",\"@id\":\"https:\/\/nordicpadel.com\/sv\/#organization\",\"name\":\"Nordic Padel\",\"url\":\"https:\/\/nordicpadel.com\/sv\/\",\"logo\":{\"@type\":\"ImageObject\",\"inLanguage\":\"sv-SE\",\"@id\":\"https:\/\/nordicpadel.com\/sv\/#\/schema\/logo\/image\/\",\"url\":\"https:\/\/nordicpadel.com\/sv\/wp-content\/uploads\/sites\/10\/2022\/12\/Nordic-Padel-small_1-1.png\",\"contentUrl\":\"https:\/\/nordicpadel.com\/sv\/wp-content\/uploads\/sites\/10\/2022\/12\/Nordic-Padel-small_1-1.png\",\"width\":400,\"height\":119,\"caption\":\"Nordic Padel\"},\"image\":{\"@id\":\"https:\/\/nordicpadel.com\/sv\/#\/schema\/logo\/image\/\"}}]}<\/script>\n<!-- \/ Yoast SEO plugin. -->","yoast_head_json":{"title":"Nike Court DriFit Victory T-shirt - Nordic Padel","robots":{"index":"index","follow":"follow","max-snippet":"max-snippet:-1","max-image-preview":"max-image-preview:large","max-video-preview":"max-video-preview:-1"},"canonical":"https:\/\/nordicpadel.com\/sv\/product\/nike-court-drifit-victory-t-shirt\/","og_locale":"sv_SE","og_type":"article","og_title":"Nike Court DriFit Victory T-shirt - Nordic Padel","og_description":"Riktigt snygg marinbl\u00e5 tennistr\u00f6ja med kort \u00e4rm f\u00f6r m\u00e4n. Den randiga designen g\u00f6r verkligen ett tufft intryck med pricks\u00e4ker design och komfort kommer Nike ta dig till nya h\u00f6jder p\u00e5 tennisbanan eller padelbanan. V-ringad hals och lagom strecth i det 100% \u00e5tervunna funktionsmaterialet. Tips: Matcha ihop med ett par vita eller bl\u00e5 shorts. F\u00e4rg: Marinbl\u00e5 [&hellip;]","og_url":"https:\/\/nordicpadel.com\/sv\/product\/nike-court-drifit-victory-t-shirt\/","og_site_name":"Nordic Padel","article_modified_time":"2025-11-27T15:48:36+00:00","twitter_card":"summary_large_image","schema":{"@context":"https:\/\/schema.org","@graph":[{"@type":"WebPage","@id":"https:\/\/nordicpadel.com\/sv\/product\/nike-court-drifit-victory-t-shirt\/","url":"https:\/\/nordicpadel.com\/sv\/product\/nike-court-drifit-victory-t-shirt\/","name":"Nike Court DriFit Victory T-shirt - Nordic Padel","isPartOf":{"@id":"https:\/\/nordicpadel.com\/sv\/#website"},"primaryImageOfPage":{"@id":"https:\/\/nordicpadel.com\/sv\/product\/nike-court-drifit-victory-t-shirt\/#primaryimage"},"image":{"@id":"https:\/\/nordicpadel.com\/sv\/product\/nike-court-drifit-victory-t-shirt\/#primaryimage"},"thumbnailUrl":"https:\/\/nordicpadel.com\/sv\/wp-content\/uploads\/sites\/10\/2025\/11\/1772be022c0fa5d44e2caf9b075ff18e.png","datePublished":"2025-11-26T16:03:09+00:00","dateModified":"2025-11-27T15:48:36+00:00","breadcrumb":{"@id":"https:\/\/nordicpadel.com\/sv\/product\/nike-court-drifit-victory-t-shirt\/#breadcrumb"},"inLanguage":"sv-SE","potentialAction":[{"@type":"ReadAction","target":["https:\/\/nordicpadel.com\/sv\/product\/nike-court-drifit-victory-t-shirt\/"]}]},{"@type":"ImageObject","inLanguage":"sv-SE","@id":"https:\/\/nordicpadel.com\/sv\/product\/nike-court-drifit-victory-t-shirt\/#primaryimage","url":"https:\/\/nordicpadel.com\/sv\/wp-content\/uploads\/sites\/10\/2025\/11\/1772be022c0fa5d44e2caf9b075ff18e.png","contentUrl":"https:\/\/nordicpadel.com\/sv\/wp-content\/uploads\/sites\/10\/2025\/11\/1772be022c0fa5d44e2caf9b075ff18e.png","width":800,"height":800,"caption":"Nike Court DriFit Victory T-shirt"},{"@type":"BreadcrumbList","@id":"https:\/\/nordicpadel.com\/sv\/product\/nike-court-drifit-victory-t-shirt\/#breadcrumb","itemListElement":[{"@type":"ListItem","position":1,"name":"Hem","item":"https:\/\/nordicpadel.com\/sv\/"},{"@type":"ListItem","position":2,"name":"Shop","item":"https:\/\/nordicpadel.com\/sv\/shop\/"},{"@type":"ListItem","position":3,"name":"Nike Court DriFit Victory T-shirt"}]},{"@type":"WebSite","@id":"https:\/\/nordicpadel.com\/sv\/#website","url":"https:\/\/nordicpadel.com\/sv\/","name":"Nordic Padel","description":"","publisher":{"@id":"https:\/\/nordicpadel.com\/sv\/#organization"},"potentialAction":[{"@type":"SearchAction","target":{"@type":"EntryPoint","urlTemplate":"https:\/\/nordicpadel.com\/sv\/?s={search_term_string}"},"query-input":"required name=search_term_string"}],"inLanguage":"sv-SE"},{"@type":"Organization","@id":"https:\/\/nordicpadel.com\/sv\/#organization","name":"Nordic Padel","url":"https:\/\/nordicpadel.com\/sv\/","logo":{"@type":"ImageObject","inLanguage":"sv-SE","@id":"https:\/\/nordicpadel.com\/sv\/#\/schema\/logo\/image\/","url":"https:\/\/nordicpadel.com\/sv\/wp-content\/uploads\/sites\/10\/2022\/12\/Nordic-Padel-small_1-1.png","contentUrl":"https:\/\/nordicpadel.com\/sv\/wp-content\/uploads\/sites\/10\/2022\/12\/Nordic-Padel-small_1-1.png","width":400,"height":119,"caption":"Nordic Padel"},"image":{"@id":"https:\/\/nordicpadel.com\/sv\/#\/schema\/logo\/image\/"}}]}},"brands":[],"_links":{"self":[{"href":"https:\/\/nordicpadel.com\/sv\/wp-json\/wp\/v2\/product\/86781","targetHints":{"allow":["GET"]}}],"collection":[{"href":"https:\/\/nordicpadel.com\/sv\/wp-json\/wp\/v2\/product"}],"about":[{"href":"https:\/\/nordicpadel.com\/sv\/wp-json\/wp\/v2\/types\/product"}],"replies":[{"embeddable":true,"href":"https:\/\/nordicpadel.com\/sv\/wp-json\/wp\/v2\/comments?post=86781"}],"wp:featuredmedia":[{"embeddable":true,"href":"https:\/\/nordicpadel.com\/sv\/wp-json\/wp\/v2\/media\/86778"}],"wp:attachment":[{"href":"https:\/\/nordicpadel.com\/sv\/wp-json\/wp\/v2\/media?parent=86781"}],"wp:term":[{"taxonomy":"pwb-brand","embeddable":true,"href":"https:\/\/nordicpadel.com\/sv\/wp-json\/wp\/v2\/pwb-brand?post=86781"},{"taxonomy":"product_cat","embeddable":true,"href":"https:\/\/nordicpadel.com\/sv\/wp-json\/wp\/v2\/product_cat?post=86781"},{"taxonomy":"product_tag","embeddable":true,"href":"https:\/\/nordicpadel.com\/sv\/wp-json\/wp\/v2\/product_tag?post=86781"},{"taxonomy":"woo-feed-brand","embeddable":true,"href":"https:\/\/nordicpadel.com\/sv\/wp-json\/wp\/v2\/woo-feed-brand?post=86781"}],"curies":[{"name":"wp","href":"https:\/\/api.w.org\/{rel}","templated":true}]}}