{"id":86758,"date":"2025-11-26T17:02:47","date_gmt":"2025-11-26T16:02:47","guid":{"rendered":"https:\/\/nordicpadel.com\/sv\/product\/dopadel-aquarius\/"},"modified":"2025-11-26T21:37:13","modified_gmt":"2025-11-26T20:37:13","slug":"dopadel-aquarius","status":"publish","type":"product","link":"https:\/\/nordicpadel.com\/sv\/product\/dopadel-aquarius\/","title":{"rendered":"DOPADEL Aquarius"},"content":{"rendered":"<p>Det G\u00f6teborgsbaserade varum\u00e4rket DoPadel levererar h\u00f6gkvalitativa, handgjorda, <a href=\"https:\/\/nordicpadel.com\/sv\/product-category\/padelracket\/\">padelracket<\/a>ar som \u00e4r tillverkade i en av Spaniens mest ansedda fabriker \u2013 i en skandinavisk och stilren design. Racketarna \u00e4r dessutom utrustade med en patenterad gummiyta som reducerar vibrationer och bidrar till \u00f6kad spin i slagen.<br id=\"isPasted\"><br \/>DoPadel Aquarius 2022 \u00e4r en ny toppmodell fr\u00e5n DoPadel d\u00e4r de har skapat <a href=\"https:\/\/nordicpadel.com\/sv\/product-category\/padelracket\/\">padelracket<\/a> med en fin kontrollk\u00e4nsla och som ger spelaren f\u00f6rdelar b\u00e5de offensivt och defensivt. Slagytan i racket \u00e4r utveklat i tv\u00e5 lager, ett i 12k kolfiber och ett i 3k kolfiber, detta g\u00f6r att racket ger en sk\u00f6n k\u00e4nsla i det mjukare spelet samtidigt som det svarar upp fint n\u00e4r du v\u00e4ljer att trycka p\u00e5. Vidare har racket en h\u00e5rdare k\u00e4rna, ben\u00e4mnd Eva Foam Hard. Detta bidrar till en \u00f6kad precision och \u00e4ven fart, men det st\u00e4ller ocks\u00e5 h\u00f6gre krav p\u00e5 att du sj\u00e4lv kan s\u00e4tta fart i bollen.<\/p>\n<p>Tillsammans med en droppform och medel balans \u00e4r detta racket ett grymt val f\u00f6r den lite mer avancerade spelaren pelaren som s\u00f6ker ett racket med fin kontroll i det defensiva spelet men som ocks\u00e5 vill ha ett racket som svarar upp i offensiven.<\/p>\n","protected":false},"excerpt":{"rendered":"<p>Det G\u00f6teborgsbaserade varum\u00e4rket DoPadel levererar h\u00f6gkvalitativa, handgjorda, padelracketar som \u00e4r tillverkade i en av Spaniens mest ansedda fabriker \u2013 i en skandinavisk och stilren design. Racketarna \u00e4r dessutom utrustade med en patenterad gummiyta som reducerar vibrationer och bidrar till \u00f6kad spin i slagen.DoPadel Aquarius 2022 \u00e4r en ny toppmodell fr\u00e5n DoPadel d\u00e4r de har skapat [&hellip;]<\/p>\n","protected":false},"featured_media":86756,"comment_status":"open","ping_status":"closed","template":"","meta":[],"pwb-brand":[],"product_cat":[16],"product_tag":[],"woo-feed-brand":[],"class_list":{"0":"post-86758","1":"product","2":"type-product","3":"status-publish","4":"has-post-thumbnail","6":"product_cat-padelracket","7":"pa_varumarke-dopadel","9":"first","10":"outofstock","11":"taxable","12":"shipping-taxable","13":"purchasable","14":"product-type-simple"},"bundled_by":[],"bundle_stock_status":"outofstock","bundle_stock_quantity":0,"bundle_virtual":false,"bundle_layout":"","bundle_add_to_cart_form_location":"","bundle_editable_in_cart":false,"bundle_sold_individually_context":"","bundle_item_grouping":"","bundle_min_size":"","bundle_max_size":"","bundled_items":[],"bundle_sell_ids":[],"acf":[],"yoast_head":"<!-- This site is optimized with the Yoast SEO plugin v23.1 - https:\/\/yoast.com\/wordpress\/plugins\/seo\/ -->\n<title>DOPADEL Aquarius - Nordic Padel<\/title>\n<meta name=\"robots\" content=\"index, follow, max-snippet:-1, max-image-preview:large, max-video-preview:-1\" \/>\n<link rel=\"canonical\" href=\"https:\/\/nordicpadel.com\/sv\/product\/dopadel-aquarius\/\" \/>\n<meta property=\"og:locale\" content=\"sv_SE\" \/>\n<meta property=\"og:type\" content=\"article\" \/>\n<meta property=\"og:title\" content=\"DOPADEL Aquarius - Nordic Padel\" \/>\n<meta property=\"og:description\" content=\"Det G\u00f6teborgsbaserade varum\u00e4rket DoPadel levererar h\u00f6gkvalitativa, handgjorda, padelracketar som \u00e4r tillverkade i en av Spaniens mest ansedda fabriker \u2013 i en skandinavisk och stilren design. Racketarna \u00e4r dessutom utrustade med en patenterad gummiyta som reducerar vibrationer och bidrar till \u00f6kad spin i slagen.DoPadel Aquarius 2022 \u00e4r en ny toppmodell fr\u00e5n DoPadel d\u00e4r de har skapat [&hellip;]\" \/>\n<meta property=\"og:url\" content=\"https:\/\/nordicpadel.com\/sv\/product\/dopadel-aquarius\/\" \/>\n<meta property=\"og:site_name\" content=\"Nordic Padel\" \/>\n<meta property=\"article:modified_time\" content=\"2025-11-26T20:37:13+00:00\" \/>\n<meta property=\"og:image\" content=\"https:\/\/nordicpadel.com\/sv\/wp-content\/uploads\/sites\/10\/2025\/11\/77e310afd31993940cdf8c7c041e1473.png\" \/>\n\t<meta property=\"og:image:width\" content=\"800\" \/>\n\t<meta property=\"og:image:height\" content=\"800\" \/>\n\t<meta property=\"og:image:type\" content=\"image\/png\" \/>\n<meta name=\"twitter:card\" content=\"summary_large_image\" \/>\n<meta name=\"twitter:label1\" content=\"Ber\u00e4knad l\u00e4stid\" \/>\n\t<meta name=\"twitter:data1\" content=\"1 minut\" \/>\n<script type=\"application\/ld+json\" class=\"yoast-schema-graph\">{\"@context\":\"https:\/\/schema.org\",\"@graph\":[{\"@type\":\"WebPage\",\"@id\":\"https:\/\/nordicpadel.com\/sv\/product\/dopadel-aquarius\/\",\"url\":\"https:\/\/nordicpadel.com\/sv\/product\/dopadel-aquarius\/\",\"name\":\"DOPADEL Aquarius - Nordic Padel\",\"isPartOf\":{\"@id\":\"https:\/\/nordicpadel.com\/sv\/#website\"},\"primaryImageOfPage\":{\"@id\":\"https:\/\/nordicpadel.com\/sv\/product\/dopadel-aquarius\/#primaryimage\"},\"image\":{\"@id\":\"https:\/\/nordicpadel.com\/sv\/product\/dopadel-aquarius\/#primaryimage\"},\"thumbnailUrl\":\"https:\/\/nordicpadel.com\/sv\/wp-content\/uploads\/sites\/10\/2025\/11\/77e310afd31993940cdf8c7c041e1473.png\",\"datePublished\":\"2025-11-26T16:02:47+00:00\",\"dateModified\":\"2025-11-26T20:37:13+00:00\",\"breadcrumb\":{\"@id\":\"https:\/\/nordicpadel.com\/sv\/product\/dopadel-aquarius\/#breadcrumb\"},\"inLanguage\":\"sv-SE\",\"potentialAction\":[{\"@type\":\"ReadAction\",\"target\":[\"https:\/\/nordicpadel.com\/sv\/product\/dopadel-aquarius\/\"]}]},{\"@type\":\"ImageObject\",\"inLanguage\":\"sv-SE\",\"@id\":\"https:\/\/nordicpadel.com\/sv\/product\/dopadel-aquarius\/#primaryimage\",\"url\":\"https:\/\/nordicpadel.com\/sv\/wp-content\/uploads\/sites\/10\/2025\/11\/77e310afd31993940cdf8c7c041e1473.png\",\"contentUrl\":\"https:\/\/nordicpadel.com\/sv\/wp-content\/uploads\/sites\/10\/2025\/11\/77e310afd31993940cdf8c7c041e1473.png\",\"width\":800,\"height\":800,\"caption\":\"DOPADEL Aquarius\"},{\"@type\":\"BreadcrumbList\",\"@id\":\"https:\/\/nordicpadel.com\/sv\/product\/dopadel-aquarius\/#breadcrumb\",\"itemListElement\":[{\"@type\":\"ListItem\",\"position\":1,\"name\":\"Hem\",\"item\":\"https:\/\/nordicpadel.com\/sv\/\"},{\"@type\":\"ListItem\",\"position\":2,\"name\":\"Shop\",\"item\":\"https:\/\/nordicpadel.com\/sv\/shop\/\"},{\"@type\":\"ListItem\",\"position\":3,\"name\":\"DOPADEL Aquarius\"}]},{\"@type\":\"WebSite\",\"@id\":\"https:\/\/nordicpadel.com\/sv\/#website\",\"url\":\"https:\/\/nordicpadel.com\/sv\/\",\"name\":\"Nordic Padel\",\"description\":\"\",\"publisher\":{\"@id\":\"https:\/\/nordicpadel.com\/sv\/#organization\"},\"potentialAction\":[{\"@type\":\"SearchAction\",\"target\":{\"@type\":\"EntryPoint\",\"urlTemplate\":\"https:\/\/nordicpadel.com\/sv\/?s={search_term_string}\"},\"query-input\":\"required name=search_term_string\"}],\"inLanguage\":\"sv-SE\"},{\"@type\":\"Organization\",\"@id\":\"https:\/\/nordicpadel.com\/sv\/#organization\",\"name\":\"Nordic Padel\",\"url\":\"https:\/\/nordicpadel.com\/sv\/\",\"logo\":{\"@type\":\"ImageObject\",\"inLanguage\":\"sv-SE\",\"@id\":\"https:\/\/nordicpadel.com\/sv\/#\/schema\/logo\/image\/\",\"url\":\"https:\/\/nordicpadel.com\/sv\/wp-content\/uploads\/sites\/10\/2022\/12\/Nordic-Padel-small_1-1.png\",\"contentUrl\":\"https:\/\/nordicpadel.com\/sv\/wp-content\/uploads\/sites\/10\/2022\/12\/Nordic-Padel-small_1-1.png\",\"width\":400,\"height\":119,\"caption\":\"Nordic Padel\"},\"image\":{\"@id\":\"https:\/\/nordicpadel.com\/sv\/#\/schema\/logo\/image\/\"}}]}<\/script>\n<!-- \/ Yoast SEO plugin. -->","yoast_head_json":{"title":"DOPADEL Aquarius - Nordic Padel","robots":{"index":"index","follow":"follow","max-snippet":"max-snippet:-1","max-image-preview":"max-image-preview:large","max-video-preview":"max-video-preview:-1"},"canonical":"https:\/\/nordicpadel.com\/sv\/product\/dopadel-aquarius\/","og_locale":"sv_SE","og_type":"article","og_title":"DOPADEL Aquarius - Nordic Padel","og_description":"Det G\u00f6teborgsbaserade varum\u00e4rket DoPadel levererar h\u00f6gkvalitativa, handgjorda, padelracketar som \u00e4r tillverkade i en av Spaniens mest ansedda fabriker \u2013 i en skandinavisk och stilren design. Racketarna \u00e4r dessutom utrustade med en patenterad gummiyta som reducerar vibrationer och bidrar till \u00f6kad spin i slagen.DoPadel Aquarius 2022 \u00e4r en ny toppmodell fr\u00e5n DoPadel d\u00e4r de har skapat [&hellip;]","og_url":"https:\/\/nordicpadel.com\/sv\/product\/dopadel-aquarius\/","og_site_name":"Nordic Padel","article_modified_time":"2025-11-26T20:37:13+00:00","og_image":[{"width":800,"height":800,"url":"https:\/\/nordicpadel.com\/sv\/wp-content\/uploads\/sites\/10\/2025\/11\/77e310afd31993940cdf8c7c041e1473.png","type":"image\/png"}],"twitter_card":"summary_large_image","twitter_misc":{"Ber\u00e4knad l\u00e4stid":"1 minut"},"schema":{"@context":"https:\/\/schema.org","@graph":[{"@type":"WebPage","@id":"https:\/\/nordicpadel.com\/sv\/product\/dopadel-aquarius\/","url":"https:\/\/nordicpadel.com\/sv\/product\/dopadel-aquarius\/","name":"DOPADEL Aquarius - Nordic Padel","isPartOf":{"@id":"https:\/\/nordicpadel.com\/sv\/#website"},"primaryImageOfPage":{"@id":"https:\/\/nordicpadel.com\/sv\/product\/dopadel-aquarius\/#primaryimage"},"image":{"@id":"https:\/\/nordicpadel.com\/sv\/product\/dopadel-aquarius\/#primaryimage"},"thumbnailUrl":"https:\/\/nordicpadel.com\/sv\/wp-content\/uploads\/sites\/10\/2025\/11\/77e310afd31993940cdf8c7c041e1473.png","datePublished":"2025-11-26T16:02:47+00:00","dateModified":"2025-11-26T20:37:13+00:00","breadcrumb":{"@id":"https:\/\/nordicpadel.com\/sv\/product\/dopadel-aquarius\/#breadcrumb"},"inLanguage":"sv-SE","potentialAction":[{"@type":"ReadAction","target":["https:\/\/nordicpadel.com\/sv\/product\/dopadel-aquarius\/"]}]},{"@type":"ImageObject","inLanguage":"sv-SE","@id":"https:\/\/nordicpadel.com\/sv\/product\/dopadel-aquarius\/#primaryimage","url":"https:\/\/nordicpadel.com\/sv\/wp-content\/uploads\/sites\/10\/2025\/11\/77e310afd31993940cdf8c7c041e1473.png","contentUrl":"https:\/\/nordicpadel.com\/sv\/wp-content\/uploads\/sites\/10\/2025\/11\/77e310afd31993940cdf8c7c041e1473.png","width":800,"height":800,"caption":"DOPADEL Aquarius"},{"@type":"BreadcrumbList","@id":"https:\/\/nordicpadel.com\/sv\/product\/dopadel-aquarius\/#breadcrumb","itemListElement":[{"@type":"ListItem","position":1,"name":"Hem","item":"https:\/\/nordicpadel.com\/sv\/"},{"@type":"ListItem","position":2,"name":"Shop","item":"https:\/\/nordicpadel.com\/sv\/shop\/"},{"@type":"ListItem","position":3,"name":"DOPADEL Aquarius"}]},{"@type":"WebSite","@id":"https:\/\/nordicpadel.com\/sv\/#website","url":"https:\/\/nordicpadel.com\/sv\/","name":"Nordic Padel","description":"","publisher":{"@id":"https:\/\/nordicpadel.com\/sv\/#organization"},"potentialAction":[{"@type":"SearchAction","target":{"@type":"EntryPoint","urlTemplate":"https:\/\/nordicpadel.com\/sv\/?s={search_term_string}"},"query-input":"required name=search_term_string"}],"inLanguage":"sv-SE"},{"@type":"Organization","@id":"https:\/\/nordicpadel.com\/sv\/#organization","name":"Nordic Padel","url":"https:\/\/nordicpadel.com\/sv\/","logo":{"@type":"ImageObject","inLanguage":"sv-SE","@id":"https:\/\/nordicpadel.com\/sv\/#\/schema\/logo\/image\/","url":"https:\/\/nordicpadel.com\/sv\/wp-content\/uploads\/sites\/10\/2022\/12\/Nordic-Padel-small_1-1.png","contentUrl":"https:\/\/nordicpadel.com\/sv\/wp-content\/uploads\/sites\/10\/2022\/12\/Nordic-Padel-small_1-1.png","width":400,"height":119,"caption":"Nordic Padel"},"image":{"@id":"https:\/\/nordicpadel.com\/sv\/#\/schema\/logo\/image\/"}}]}},"brands":[],"_links":{"self":[{"href":"https:\/\/nordicpadel.com\/sv\/wp-json\/wp\/v2\/product\/86758","targetHints":{"allow":["GET"]}}],"collection":[{"href":"https:\/\/nordicpadel.com\/sv\/wp-json\/wp\/v2\/product"}],"about":[{"href":"https:\/\/nordicpadel.com\/sv\/wp-json\/wp\/v2\/types\/product"}],"replies":[{"embeddable":true,"href":"https:\/\/nordicpadel.com\/sv\/wp-json\/wp\/v2\/comments?post=86758"}],"wp:featuredmedia":[{"embeddable":true,"href":"https:\/\/nordicpadel.com\/sv\/wp-json\/wp\/v2\/media\/86756"}],"wp:attachment":[{"href":"https:\/\/nordicpadel.com\/sv\/wp-json\/wp\/v2\/media?parent=86758"}],"wp:term":[{"taxonomy":"pwb-brand","embeddable":true,"href":"https:\/\/nordicpadel.com\/sv\/wp-json\/wp\/v2\/pwb-brand?post=86758"},{"taxonomy":"product_cat","embeddable":true,"href":"https:\/\/nordicpadel.com\/sv\/wp-json\/wp\/v2\/product_cat?post=86758"},{"taxonomy":"product_tag","embeddable":true,"href":"https:\/\/nordicpadel.com\/sv\/wp-json\/wp\/v2\/product_tag?post=86758"},{"taxonomy":"woo-feed-brand","embeddable":true,"href":"https:\/\/nordicpadel.com\/sv\/wp-json\/wp\/v2\/woo-feed-brand?post=86758"}],"curies":[{"name":"wp","href":"https:\/\/api.w.org\/{rel}","templated":true}]}}