{"id":86753,"date":"2025-11-26T17:02:43","date_gmt":"2025-11-26T16:02:43","guid":{"rendered":"https:\/\/nordicpadel.com\/sv\/product\/dopadel-scorpio\/"},"modified":"2025-11-27T16:43:36","modified_gmt":"2025-11-27T15:43:36","slug":"dopadel-scorpio","status":"publish","type":"product","link":"https:\/\/nordicpadel.com\/sv\/product\/dopadel-scorpio\/","title":{"rendered":"DOPADEL Scorpio"},"content":{"rendered":"<p>DoPadel \u00e4r ett svensk padelm\u00e4rke fr\u00e5n G\u00f6teborg som tagit fram en serie h\u00f6gkvalitativa <a href=\"https:\/\/nordicpadel.com\/sv\/product-category\/padelracket\/\">padelracket<\/a>ar, handtillverkade i en av Spaniens mest ansedda fabriker.<br id=\"isPasted\"><br \/>DoPadel Scorpio \u00e4r ett v\u00e4ldesignad <a href=\"https:\/\/nordicpadel.com\/sv\/product-category\/padelracket\/\">padelracket<\/a> med antracitgr\u00e5 gummiyta som ger en skandinavisk k\u00e4nsla. Racket har en droppform med medelbalans och har en stor sweet spot tack vare borrh\u00e5lens placering. Vidare har DoPadel Scorpio en tr\u00e4ffyta tillverkad av en 3K kolfiber. Den medelh\u00e5rda Eva-k\u00e4rnan ger en minskad trampolineffekt och ett n\u00e5got styvare racket med h\u00e4rlig kontroll.<\/p>\n<p>Sammanfattningsvis \u00e4r detta ett v\u00e4ldigt balanserat racket f\u00f6r spelaren som kommit en bit i sin padelutveckling.<\/p>\n","protected":false},"excerpt":{"rendered":"<p>DoPadel \u00e4r ett svensk padelm\u00e4rke fr\u00e5n G\u00f6teborg som tagit fram en serie h\u00f6gkvalitativa padelracketar, handtillverkade i en av Spaniens mest ansedda fabriker.DoPadel Scorpio \u00e4r ett v\u00e4ldesignad padelracket med antracitgr\u00e5 gummiyta som ger en skandinavisk k\u00e4nsla. Racket har en droppform med medelbalans och har en stor sweet spot tack vare borrh\u00e5lens placering. Vidare har DoPadel Scorpio [&hellip;]<\/p>\n","protected":false},"featured_media":86751,"comment_status":"open","ping_status":"closed","template":"","meta":[],"pwb-brand":[],"product_cat":[16],"product_tag":[],"woo-feed-brand":[],"class_list":{"0":"post-86753","1":"product","2":"type-product","3":"status-publish","4":"has-post-thumbnail","6":"product_cat-padelracket","7":"pa_varumarke-dopadel","9":"first","10":"outofstock","11":"sale","12":"taxable","13":"shipping-taxable","14":"purchasable","15":"product-type-simple"},"bundled_by":[],"bundle_stock_status":"outofstock","bundle_stock_quantity":0,"bundle_virtual":false,"bundle_layout":"","bundle_add_to_cart_form_location":"","bundle_editable_in_cart":false,"bundle_sold_individually_context":"","bundle_item_grouping":"","bundle_min_size":"","bundle_max_size":"","bundled_items":[],"bundle_sell_ids":[],"acf":[],"yoast_head":"<!-- This site is optimized with the Yoast SEO plugin v23.1 - https:\/\/yoast.com\/wordpress\/plugins\/seo\/ -->\n<title>DOPADEL Scorpio - Nordic Padel<\/title>\n<meta name=\"robots\" content=\"index, follow, max-snippet:-1, max-image-preview:large, max-video-preview:-1\" \/>\n<link rel=\"canonical\" href=\"https:\/\/nordicpadel.com\/sv\/product\/dopadel-scorpio\/\" \/>\n<meta property=\"og:locale\" content=\"sv_SE\" \/>\n<meta property=\"og:type\" content=\"article\" \/>\n<meta property=\"og:title\" content=\"DOPADEL Scorpio - Nordic Padel\" \/>\n<meta property=\"og:description\" content=\"DoPadel \u00e4r ett svensk padelm\u00e4rke fr\u00e5n G\u00f6teborg som tagit fram en serie h\u00f6gkvalitativa padelracketar, handtillverkade i en av Spaniens mest ansedda fabriker.DoPadel Scorpio \u00e4r ett v\u00e4ldesignad padelracket med antracitgr\u00e5 gummiyta som ger en skandinavisk k\u00e4nsla. Racket har en droppform med medelbalans och har en stor sweet spot tack vare borrh\u00e5lens placering. Vidare har DoPadel Scorpio [&hellip;]\" \/>\n<meta property=\"og:url\" content=\"https:\/\/nordicpadel.com\/sv\/product\/dopadel-scorpio\/\" \/>\n<meta property=\"og:site_name\" content=\"Nordic Padel\" \/>\n<meta property=\"article:modified_time\" content=\"2025-11-27T15:43:36+00:00\" \/>\n<meta property=\"og:image\" content=\"https:\/\/nordicpadel.com\/sv\/wp-content\/uploads\/sites\/10\/2025\/11\/776ee56b1c9dab5f19653f104dc0f330.png\" \/>\n\t<meta property=\"og:image:width\" content=\"800\" \/>\n\t<meta property=\"og:image:height\" content=\"800\" \/>\n\t<meta property=\"og:image:type\" content=\"image\/png\" \/>\n<meta name=\"twitter:card\" content=\"summary_large_image\" \/>\n<meta name=\"twitter:label1\" content=\"Ber\u00e4knad l\u00e4stid\" \/>\n\t<meta name=\"twitter:data1\" content=\"1 minut\" \/>\n<script type=\"application\/ld+json\" class=\"yoast-schema-graph\">{\"@context\":\"https:\/\/schema.org\",\"@graph\":[{\"@type\":\"WebPage\",\"@id\":\"https:\/\/nordicpadel.com\/sv\/product\/dopadel-scorpio\/\",\"url\":\"https:\/\/nordicpadel.com\/sv\/product\/dopadel-scorpio\/\",\"name\":\"DOPADEL Scorpio - Nordic Padel\",\"isPartOf\":{\"@id\":\"https:\/\/nordicpadel.com\/sv\/#website\"},\"primaryImageOfPage\":{\"@id\":\"https:\/\/nordicpadel.com\/sv\/product\/dopadel-scorpio\/#primaryimage\"},\"image\":{\"@id\":\"https:\/\/nordicpadel.com\/sv\/product\/dopadel-scorpio\/#primaryimage\"},\"thumbnailUrl\":\"https:\/\/nordicpadel.com\/sv\/wp-content\/uploads\/sites\/10\/2025\/11\/776ee56b1c9dab5f19653f104dc0f330.png\",\"datePublished\":\"2025-11-26T16:02:43+00:00\",\"dateModified\":\"2025-11-27T15:43:36+00:00\",\"breadcrumb\":{\"@id\":\"https:\/\/nordicpadel.com\/sv\/product\/dopadel-scorpio\/#breadcrumb\"},\"inLanguage\":\"sv-SE\",\"potentialAction\":[{\"@type\":\"ReadAction\",\"target\":[\"https:\/\/nordicpadel.com\/sv\/product\/dopadel-scorpio\/\"]}]},{\"@type\":\"ImageObject\",\"inLanguage\":\"sv-SE\",\"@id\":\"https:\/\/nordicpadel.com\/sv\/product\/dopadel-scorpio\/#primaryimage\",\"url\":\"https:\/\/nordicpadel.com\/sv\/wp-content\/uploads\/sites\/10\/2025\/11\/776ee56b1c9dab5f19653f104dc0f330.png\",\"contentUrl\":\"https:\/\/nordicpadel.com\/sv\/wp-content\/uploads\/sites\/10\/2025\/11\/776ee56b1c9dab5f19653f104dc0f330.png\",\"width\":800,\"height\":800,\"caption\":\"DOPADEL Scorpio\"},{\"@type\":\"BreadcrumbList\",\"@id\":\"https:\/\/nordicpadel.com\/sv\/product\/dopadel-scorpio\/#breadcrumb\",\"itemListElement\":[{\"@type\":\"ListItem\",\"position\":1,\"name\":\"Hem\",\"item\":\"https:\/\/nordicpadel.com\/sv\/\"},{\"@type\":\"ListItem\",\"position\":2,\"name\":\"Shop\",\"item\":\"https:\/\/nordicpadel.com\/sv\/shop\/\"},{\"@type\":\"ListItem\",\"position\":3,\"name\":\"DOPADEL Scorpio\"}]},{\"@type\":\"WebSite\",\"@id\":\"https:\/\/nordicpadel.com\/sv\/#website\",\"url\":\"https:\/\/nordicpadel.com\/sv\/\",\"name\":\"Nordic Padel\",\"description\":\"\",\"publisher\":{\"@id\":\"https:\/\/nordicpadel.com\/sv\/#organization\"},\"potentialAction\":[{\"@type\":\"SearchAction\",\"target\":{\"@type\":\"EntryPoint\",\"urlTemplate\":\"https:\/\/nordicpadel.com\/sv\/?s={search_term_string}\"},\"query-input\":\"required name=search_term_string\"}],\"inLanguage\":\"sv-SE\"},{\"@type\":\"Organization\",\"@id\":\"https:\/\/nordicpadel.com\/sv\/#organization\",\"name\":\"Nordic Padel\",\"url\":\"https:\/\/nordicpadel.com\/sv\/\",\"logo\":{\"@type\":\"ImageObject\",\"inLanguage\":\"sv-SE\",\"@id\":\"https:\/\/nordicpadel.com\/sv\/#\/schema\/logo\/image\/\",\"url\":\"https:\/\/nordicpadel.com\/sv\/wp-content\/uploads\/sites\/10\/2022\/12\/Nordic-Padel-small_1-1.png\",\"contentUrl\":\"https:\/\/nordicpadel.com\/sv\/wp-content\/uploads\/sites\/10\/2022\/12\/Nordic-Padel-small_1-1.png\",\"width\":400,\"height\":119,\"caption\":\"Nordic Padel\"},\"image\":{\"@id\":\"https:\/\/nordicpadel.com\/sv\/#\/schema\/logo\/image\/\"}}]}<\/script>\n<!-- \/ Yoast SEO plugin. -->","yoast_head_json":{"title":"DOPADEL Scorpio - Nordic Padel","robots":{"index":"index","follow":"follow","max-snippet":"max-snippet:-1","max-image-preview":"max-image-preview:large","max-video-preview":"max-video-preview:-1"},"canonical":"https:\/\/nordicpadel.com\/sv\/product\/dopadel-scorpio\/","og_locale":"sv_SE","og_type":"article","og_title":"DOPADEL Scorpio - Nordic Padel","og_description":"DoPadel \u00e4r ett svensk padelm\u00e4rke fr\u00e5n G\u00f6teborg som tagit fram en serie h\u00f6gkvalitativa padelracketar, handtillverkade i en av Spaniens mest ansedda fabriker.DoPadel Scorpio \u00e4r ett v\u00e4ldesignad padelracket med antracitgr\u00e5 gummiyta som ger en skandinavisk k\u00e4nsla. Racket har en droppform med medelbalans och har en stor sweet spot tack vare borrh\u00e5lens placering. Vidare har DoPadel Scorpio [&hellip;]","og_url":"https:\/\/nordicpadel.com\/sv\/product\/dopadel-scorpio\/","og_site_name":"Nordic Padel","article_modified_time":"2025-11-27T15:43:36+00:00","og_image":[{"width":800,"height":800,"url":"https:\/\/nordicpadel.com\/sv\/wp-content\/uploads\/sites\/10\/2025\/11\/776ee56b1c9dab5f19653f104dc0f330.png","type":"image\/png"}],"twitter_card":"summary_large_image","twitter_misc":{"Ber\u00e4knad l\u00e4stid":"1 minut"},"schema":{"@context":"https:\/\/schema.org","@graph":[{"@type":"WebPage","@id":"https:\/\/nordicpadel.com\/sv\/product\/dopadel-scorpio\/","url":"https:\/\/nordicpadel.com\/sv\/product\/dopadel-scorpio\/","name":"DOPADEL Scorpio - Nordic Padel","isPartOf":{"@id":"https:\/\/nordicpadel.com\/sv\/#website"},"primaryImageOfPage":{"@id":"https:\/\/nordicpadel.com\/sv\/product\/dopadel-scorpio\/#primaryimage"},"image":{"@id":"https:\/\/nordicpadel.com\/sv\/product\/dopadel-scorpio\/#primaryimage"},"thumbnailUrl":"https:\/\/nordicpadel.com\/sv\/wp-content\/uploads\/sites\/10\/2025\/11\/776ee56b1c9dab5f19653f104dc0f330.png","datePublished":"2025-11-26T16:02:43+00:00","dateModified":"2025-11-27T15:43:36+00:00","breadcrumb":{"@id":"https:\/\/nordicpadel.com\/sv\/product\/dopadel-scorpio\/#breadcrumb"},"inLanguage":"sv-SE","potentialAction":[{"@type":"ReadAction","target":["https:\/\/nordicpadel.com\/sv\/product\/dopadel-scorpio\/"]}]},{"@type":"ImageObject","inLanguage":"sv-SE","@id":"https:\/\/nordicpadel.com\/sv\/product\/dopadel-scorpio\/#primaryimage","url":"https:\/\/nordicpadel.com\/sv\/wp-content\/uploads\/sites\/10\/2025\/11\/776ee56b1c9dab5f19653f104dc0f330.png","contentUrl":"https:\/\/nordicpadel.com\/sv\/wp-content\/uploads\/sites\/10\/2025\/11\/776ee56b1c9dab5f19653f104dc0f330.png","width":800,"height":800,"caption":"DOPADEL Scorpio"},{"@type":"BreadcrumbList","@id":"https:\/\/nordicpadel.com\/sv\/product\/dopadel-scorpio\/#breadcrumb","itemListElement":[{"@type":"ListItem","position":1,"name":"Hem","item":"https:\/\/nordicpadel.com\/sv\/"},{"@type":"ListItem","position":2,"name":"Shop","item":"https:\/\/nordicpadel.com\/sv\/shop\/"},{"@type":"ListItem","position":3,"name":"DOPADEL Scorpio"}]},{"@type":"WebSite","@id":"https:\/\/nordicpadel.com\/sv\/#website","url":"https:\/\/nordicpadel.com\/sv\/","name":"Nordic Padel","description":"","publisher":{"@id":"https:\/\/nordicpadel.com\/sv\/#organization"},"potentialAction":[{"@type":"SearchAction","target":{"@type":"EntryPoint","urlTemplate":"https:\/\/nordicpadel.com\/sv\/?s={search_term_string}"},"query-input":"required name=search_term_string"}],"inLanguage":"sv-SE"},{"@type":"Organization","@id":"https:\/\/nordicpadel.com\/sv\/#organization","name":"Nordic Padel","url":"https:\/\/nordicpadel.com\/sv\/","logo":{"@type":"ImageObject","inLanguage":"sv-SE","@id":"https:\/\/nordicpadel.com\/sv\/#\/schema\/logo\/image\/","url":"https:\/\/nordicpadel.com\/sv\/wp-content\/uploads\/sites\/10\/2022\/12\/Nordic-Padel-small_1-1.png","contentUrl":"https:\/\/nordicpadel.com\/sv\/wp-content\/uploads\/sites\/10\/2022\/12\/Nordic-Padel-small_1-1.png","width":400,"height":119,"caption":"Nordic Padel"},"image":{"@id":"https:\/\/nordicpadel.com\/sv\/#\/schema\/logo\/image\/"}}]}},"brands":[],"_links":{"self":[{"href":"https:\/\/nordicpadel.com\/sv\/wp-json\/wp\/v2\/product\/86753","targetHints":{"allow":["GET"]}}],"collection":[{"href":"https:\/\/nordicpadel.com\/sv\/wp-json\/wp\/v2\/product"}],"about":[{"href":"https:\/\/nordicpadel.com\/sv\/wp-json\/wp\/v2\/types\/product"}],"replies":[{"embeddable":true,"href":"https:\/\/nordicpadel.com\/sv\/wp-json\/wp\/v2\/comments?post=86753"}],"wp:featuredmedia":[{"embeddable":true,"href":"https:\/\/nordicpadel.com\/sv\/wp-json\/wp\/v2\/media\/86751"}],"wp:attachment":[{"href":"https:\/\/nordicpadel.com\/sv\/wp-json\/wp\/v2\/media?parent=86753"}],"wp:term":[{"taxonomy":"pwb-brand","embeddable":true,"href":"https:\/\/nordicpadel.com\/sv\/wp-json\/wp\/v2\/pwb-brand?post=86753"},{"taxonomy":"product_cat","embeddable":true,"href":"https:\/\/nordicpadel.com\/sv\/wp-json\/wp\/v2\/product_cat?post=86753"},{"taxonomy":"product_tag","embeddable":true,"href":"https:\/\/nordicpadel.com\/sv\/wp-json\/wp\/v2\/product_tag?post=86753"},{"taxonomy":"woo-feed-brand","embeddable":true,"href":"https:\/\/nordicpadel.com\/sv\/wp-json\/wp\/v2\/woo-feed-brand?post=86753"}],"curies":[{"name":"wp","href":"https:\/\/api.w.org\/{rel}","templated":true}]}}